{"id":16015,"date":"2025-04-15T06:44:36","date_gmt":"2025-04-15T06:44:36","guid":{"rendered":"https:\/\/glareone.eu\/?post_type=product&#038;p=16015"},"modified":"2025-04-15T06:47:01","modified_gmt":"2025-04-15T06:47:01","slug":"glareone-boom-arm-120-240cm-ramie-boomu","status":"publish","type":"product","link":"https:\/\/glareone.eu\/pl\/produkt\/glareone-boom-arm-120-240cm-ramie-boomu\/","title":{"rendered":"GlareOne Boom Arm 120-240cm &#8211; rami\u0119 boomu"},"content":{"rendered":"<p><span style=\"font-weight: 400;\">Uniwersalne rami\u0119 Boom montowane na trzpie\u0144 statywu studyjnego 5\/8\u201c, regulowane w zakresie 120-240 cm z workiem obci\u0105\u017ceniowym w zestawie.<\/span><\/p>\n<p><span style=\"font-weight: 400;\">Rami\u0119 Boom to akcesorium, kt\u00f3re powinno go\u015bci\u0107 w ka\u017cdym studiu fotograficznym i filmowym, je\u017celi kto\u015b nie posiada typowego statywu Boom. Pozwala ono na bezpieczne umiejscowienie lampy nad planem zdj\u0119ciowym w celu uzyskania o\u015bwietlenia z g\u00f3ry. \u017buraw przyda si\u0119 r\u00f3wnie\u017c, gdy lamp\u0119 trzeba powiesi\u0107 powy\u017cej aparatu lub kamery, co przy u\u017cyciu zwyk\u0142ego statywu bez ramienia mo\u017ce by\u0107 k\u0142opotliwe lub nawet niemo\u017cliwe.<\/span><\/p>\n<h3><b>Cechy GlareOne Boom Arm 120-240cm:<\/b><\/h3>\n<ul>\n<li style=\"font-weight: 400;\" aria-level=\"1\"><span style=\"font-weight: 400;\">regulowana d\u0142ugo\u015b\u0107 ramienia od 120 do 240 cm,<\/span><\/li>\n<li style=\"font-weight: 400;\" aria-level=\"1\"><span style=\"font-weight: 400;\">monta\u017c na trzpie\u0144 statywu studyjnego 5\/8\u201c,<\/span><\/li>\n<li style=\"font-weight: 400;\" aria-level=\"1\"><span style=\"font-weight: 400;\">wykonany z metalu,<\/span><\/li>\n<li style=\"font-weight: 400;\" aria-level=\"1\"><span style=\"font-weight: 400;\">ud\u017awig do 8 kg,<\/span><\/li>\n<li style=\"font-weight: 400;\" aria-level=\"1\"><span style=\"font-weight: 400;\">worek obci\u0105\u017ceniowy w zestawie.<\/span><\/li>\n<\/ul>\n<p><b>Uwaga:<\/b><span style=\"font-weight: 400;\"> Statyw nie wchodzi w sk\u0142ad zestawu.<\/span><\/p>\n","protected":false},"excerpt":{"rendered":"<p>Uniwersalne rami\u0119 Boom montowane na trzpie\u0144 statywu studyjnego 5\/8\u201c, regulowane w zakresie 120-240 cm z workiem obci\u0105\u017ceniowym w zestawie. Rami\u0119 Boom to akcesorium, kt\u00f3re powinno go\u015bci\u0107 w ka\u017cdym studiu fotograficznym i filmowym, je\u017celi kto\u015b nie posiada typowego statywu Boom. Pozwala ono na bezpieczne umiejscowienie lampy nad planem zdj\u0119ciowym w celu uzyskania o\u015bwietlenia z g\u00f3ry. \u017buraw [&hellip;]<\/p>\n","protected":false},"featured_media":16016,"template":"","meta":[],"product_brand":[],"product_cat":[479],"product_tag":[],"class_list":{"0":"post-16015","1":"product","2":"type-product","3":"status-publish","4":"has-post-thumbnail","6":"product_cat-inne","8":"first","9":"instock","10":"shipping-taxable","11":"product-type-simple"},"yoast_head":"<!-- This site is optimized with the Yoast SEO plugin v27.2 - https:\/\/yoast.com\/product\/yoast-seo-wordpress\/ -->\n<title>GlareOne Boom Arm 120-240cm - rami\u0119 boomu - GlareOne<\/title>\n<meta name=\"robots\" content=\"index, follow, max-snippet:-1, max-image-preview:large, max-video-preview:-1\" \/>\n<link rel=\"canonical\" href=\"https:\/\/glareone.eu\/pl\/produkt\/glareone-boom-arm-120-240cm-ramie-boomu\/\" \/>\n<meta property=\"og:locale\" content=\"pl_PL\" \/>\n<meta property=\"og:type\" content=\"article\" \/>\n<meta property=\"og:title\" content=\"GlareOne Boom Arm 120-240cm - rami\u0119 boomu - GlareOne\" \/>\n<meta property=\"og:description\" content=\"Uniwersalne rami\u0119 Boom montowane na trzpie\u0144 statywu studyjnego 5\/8\u201c, regulowane w zakresie 120-240 cm z workiem obci\u0105\u017ceniowym w zestawie. Rami\u0119 Boom to akcesorium, kt\u00f3re powinno go\u015bci\u0107 w ka\u017cdym studiu fotograficznym i filmowym, je\u017celi kto\u015b nie posiada typowego statywu Boom. Pozwala ono na bezpieczne umiejscowienie lampy nad planem zdj\u0119ciowym w celu uzyskania o\u015bwietlenia z g\u00f3ry. \u017buraw [&hellip;]\" \/>\n<meta property=\"og:url\" content=\"https:\/\/glareone.eu\/pl\/produkt\/glareone-boom-arm-120-240cm-ramie-boomu\/\" \/>\n<meta property=\"og:site_name\" content=\"GlareOne\" \/>\n<meta property=\"article:publisher\" content=\"https:\/\/www.facebook.com\/GlareOneLighting\" \/>\n<meta property=\"article:modified_time\" content=\"2025-04-15T06:47:01+00:00\" \/>\n<meta property=\"og:image\" content=\"https:\/\/glareone.eu\/wp-content\/uploads\/2025\/04\/SLSBA240_01.jpg\" \/>\n\t<meta property=\"og:image:width\" content=\"1199\" \/>\n\t<meta property=\"og:image:height\" content=\"1200\" \/>\n\t<meta property=\"og:image:type\" content=\"image\/jpeg\" \/>\n<meta name=\"twitter:card\" content=\"summary_large_image\" \/>\n<meta name=\"twitter:label1\" content=\"Szacowany czas czytania\" \/>\n\t<meta name=\"twitter:data1\" content=\"1 minuta\" \/>\n<script type=\"application\/ld+json\" class=\"yoast-schema-graph\">{\"@context\":\"https:\/\/schema.org\",\"@graph\":[{\"@type\":\"WebPage\",\"@id\":\"https:\/\/glareone.eu\/pl\/produkt\/glareone-boom-arm-120-240cm-ramie-boomu\/\",\"url\":\"https:\/\/glareone.eu\/pl\/produkt\/glareone-boom-arm-120-240cm-ramie-boomu\/\",\"name\":\"GlareOne Boom Arm 120-240cm - rami\u0119 boomu - GlareOne\",\"isPartOf\":{\"@id\":\"https:\/\/glareone.eu\/pl\/en\/#website\"},\"primaryImageOfPage\":{\"@id\":\"https:\/\/glareone.eu\/pl\/produkt\/glareone-boom-arm-120-240cm-ramie-boomu\/#primaryimage\"},\"image\":{\"@id\":\"https:\/\/glareone.eu\/pl\/produkt\/glareone-boom-arm-120-240cm-ramie-boomu\/#primaryimage\"},\"thumbnailUrl\":\"https:\/\/glareone.eu\/wp-content\/uploads\/2025\/04\/SLSBA240_01.jpg\",\"datePublished\":\"2025-04-15T06:44:36+00:00\",\"dateModified\":\"2025-04-15T06:47:01+00:00\",\"breadcrumb\":{\"@id\":\"https:\/\/glareone.eu\/pl\/produkt\/glareone-boom-arm-120-240cm-ramie-boomu\/#breadcrumb\"},\"inLanguage\":\"pl-PL\",\"potentialAction\":[{\"@type\":\"ReadAction\",\"target\":[\"https:\/\/glareone.eu\/pl\/produkt\/glareone-boom-arm-120-240cm-ramie-boomu\/\"]}]},{\"@type\":\"ImageObject\",\"inLanguage\":\"pl-PL\",\"@id\":\"https:\/\/glareone.eu\/pl\/produkt\/glareone-boom-arm-120-240cm-ramie-boomu\/#primaryimage\",\"url\":\"https:\/\/glareone.eu\/wp-content\/uploads\/2025\/04\/SLSBA240_01.jpg\",\"contentUrl\":\"https:\/\/glareone.eu\/wp-content\/uploads\/2025\/04\/SLSBA240_01.jpg\",\"width\":1199,\"height\":1200},{\"@type\":\"BreadcrumbList\",\"@id\":\"https:\/\/glareone.eu\/pl\/produkt\/glareone-boom-arm-120-240cm-ramie-boomu\/#breadcrumb\",\"itemListElement\":[{\"@type\":\"ListItem\",\"position\":1,\"name\":\"Strona g\u0142\u00f3wna\",\"item\":\"https:\/\/glareone.eu\/pl\/\"},{\"@type\":\"ListItem\",\"position\":2,\"name\":\"Wszystkie produkty\",\"item\":\"https:\/\/glareone.eu\/pl\/produkty\/wszystkie-produkty\/\"},{\"@type\":\"ListItem\",\"position\":3,\"name\":\"GlareOne Boom Arm 120-240cm &#8211; rami\u0119 boomu\"}]},{\"@type\":\"WebSite\",\"@id\":\"https:\/\/glareone.eu\/pl\/en\/#website\",\"url\":\"https:\/\/glareone.eu\/pl\/en\/\",\"name\":\"GlareOne\",\"description\":\"Wyposa\u017cenie Studia\",\"publisher\":{\"@id\":\"https:\/\/glareone.eu\/pl\/en\/#organization\"},\"potentialAction\":[{\"@type\":\"SearchAction\",\"target\":{\"@type\":\"EntryPoint\",\"urlTemplate\":\"https:\/\/glareone.eu\/pl\/en\/?s={search_term_string}\"},\"query-input\":{\"@type\":\"PropertyValueSpecification\",\"valueRequired\":true,\"valueName\":\"search_term_string\"}}],\"inLanguage\":\"pl-PL\"},{\"@type\":\"Organization\",\"@id\":\"https:\/\/glareone.eu\/pl\/en\/#organization\",\"name\":\"GlareOne\",\"url\":\"https:\/\/glareone.eu\/pl\/en\/\",\"logo\":{\"@type\":\"ImageObject\",\"inLanguage\":\"pl-PL\",\"@id\":\"https:\/\/glareone.eu\/pl\/en\/#\/schema\/logo\/image\/\",\"url\":\"http:\/\/glareone.eu\/wp-content\/uploads\/2024\/05\/glareone_logo2020_RGB-01-e1715773127189.png\",\"contentUrl\":\"http:\/\/glareone.eu\/wp-content\/uploads\/2024\/05\/glareone_logo2020_RGB-01-e1715773127189.png\",\"width\":1270,\"height\":321,\"caption\":\"GlareOne\"},\"image\":{\"@id\":\"https:\/\/glareone.eu\/pl\/en\/#\/schema\/logo\/image\/\"},\"sameAs\":[\"https:\/\/www.facebook.com\/GlareOneLighting\",\"https:\/\/www.instagram.com\/glareonelighting\/\",\"https:\/\/www.youtube.com\/@GlareOneTV\"]}]}<\/script>\n<!-- \/ Yoast SEO plugin. -->","yoast_head_json":{"title":"GlareOne Boom Arm 120-240cm - rami\u0119 boomu - GlareOne","robots":{"index":"index","follow":"follow","max-snippet":"max-snippet:-1","max-image-preview":"max-image-preview:large","max-video-preview":"max-video-preview:-1"},"canonical":"https:\/\/glareone.eu\/pl\/produkt\/glareone-boom-arm-120-240cm-ramie-boomu\/","og_locale":"pl_PL","og_type":"article","og_title":"GlareOne Boom Arm 120-240cm - rami\u0119 boomu - GlareOne","og_description":"Uniwersalne rami\u0119 Boom montowane na trzpie\u0144 statywu studyjnego 5\/8\u201c, regulowane w zakresie 120-240 cm z workiem obci\u0105\u017ceniowym w zestawie. Rami\u0119 Boom to akcesorium, kt\u00f3re powinno go\u015bci\u0107 w ka\u017cdym studiu fotograficznym i filmowym, je\u017celi kto\u015b nie posiada typowego statywu Boom. Pozwala ono na bezpieczne umiejscowienie lampy nad planem zdj\u0119ciowym w celu uzyskania o\u015bwietlenia z g\u00f3ry. \u017buraw [&hellip;]","og_url":"https:\/\/glareone.eu\/pl\/produkt\/glareone-boom-arm-120-240cm-ramie-boomu\/","og_site_name":"GlareOne","article_publisher":"https:\/\/www.facebook.com\/GlareOneLighting","article_modified_time":"2025-04-15T06:47:01+00:00","og_image":[{"width":1199,"height":1200,"url":"https:\/\/glareone.eu\/wp-content\/uploads\/2025\/04\/SLSBA240_01.jpg","type":"image\/jpeg"}],"twitter_card":"summary_large_image","twitter_misc":{"Szacowany czas czytania":"1 minuta"},"schema":{"@context":"https:\/\/schema.org","@graph":[{"@type":"WebPage","@id":"https:\/\/glareone.eu\/pl\/produkt\/glareone-boom-arm-120-240cm-ramie-boomu\/","url":"https:\/\/glareone.eu\/pl\/produkt\/glareone-boom-arm-120-240cm-ramie-boomu\/","name":"GlareOne Boom Arm 120-240cm - rami\u0119 boomu - GlareOne","isPartOf":{"@id":"https:\/\/glareone.eu\/pl\/en\/#website"},"primaryImageOfPage":{"@id":"https:\/\/glareone.eu\/pl\/produkt\/glareone-boom-arm-120-240cm-ramie-boomu\/#primaryimage"},"image":{"@id":"https:\/\/glareone.eu\/pl\/produkt\/glareone-boom-arm-120-240cm-ramie-boomu\/#primaryimage"},"thumbnailUrl":"https:\/\/glareone.eu\/wp-content\/uploads\/2025\/04\/SLSBA240_01.jpg","datePublished":"2025-04-15T06:44:36+00:00","dateModified":"2025-04-15T06:47:01+00:00","breadcrumb":{"@id":"https:\/\/glareone.eu\/pl\/produkt\/glareone-boom-arm-120-240cm-ramie-boomu\/#breadcrumb"},"inLanguage":"pl-PL","potentialAction":[{"@type":"ReadAction","target":["https:\/\/glareone.eu\/pl\/produkt\/glareone-boom-arm-120-240cm-ramie-boomu\/"]}]},{"@type":"ImageObject","inLanguage":"pl-PL","@id":"https:\/\/glareone.eu\/pl\/produkt\/glareone-boom-arm-120-240cm-ramie-boomu\/#primaryimage","url":"https:\/\/glareone.eu\/wp-content\/uploads\/2025\/04\/SLSBA240_01.jpg","contentUrl":"https:\/\/glareone.eu\/wp-content\/uploads\/2025\/04\/SLSBA240_01.jpg","width":1199,"height":1200},{"@type":"BreadcrumbList","@id":"https:\/\/glareone.eu\/pl\/produkt\/glareone-boom-arm-120-240cm-ramie-boomu\/#breadcrumb","itemListElement":[{"@type":"ListItem","position":1,"name":"Strona g\u0142\u00f3wna","item":"https:\/\/glareone.eu\/pl\/"},{"@type":"ListItem","position":2,"name":"Wszystkie produkty","item":"https:\/\/glareone.eu\/pl\/produkty\/wszystkie-produkty\/"},{"@type":"ListItem","position":3,"name":"GlareOne Boom Arm 120-240cm &#8211; rami\u0119 boomu"}]},{"@type":"WebSite","@id":"https:\/\/glareone.eu\/pl\/en\/#website","url":"https:\/\/glareone.eu\/pl\/en\/","name":"GlareOne","description":"Wyposa\u017cenie Studia","publisher":{"@id":"https:\/\/glareone.eu\/pl\/en\/#organization"},"potentialAction":[{"@type":"SearchAction","target":{"@type":"EntryPoint","urlTemplate":"https:\/\/glareone.eu\/pl\/en\/?s={search_term_string}"},"query-input":{"@type":"PropertyValueSpecification","valueRequired":true,"valueName":"search_term_string"}}],"inLanguage":"pl-PL"},{"@type":"Organization","@id":"https:\/\/glareone.eu\/pl\/en\/#organization","name":"GlareOne","url":"https:\/\/glareone.eu\/pl\/en\/","logo":{"@type":"ImageObject","inLanguage":"pl-PL","@id":"https:\/\/glareone.eu\/pl\/en\/#\/schema\/logo\/image\/","url":"http:\/\/glareone.eu\/wp-content\/uploads\/2024\/05\/glareone_logo2020_RGB-01-e1715773127189.png","contentUrl":"http:\/\/glareone.eu\/wp-content\/uploads\/2024\/05\/glareone_logo2020_RGB-01-e1715773127189.png","width":1270,"height":321,"caption":"GlareOne"},"image":{"@id":"https:\/\/glareone.eu\/pl\/en\/#\/schema\/logo\/image\/"},"sameAs":["https:\/\/www.facebook.com\/GlareOneLighting","https:\/\/www.instagram.com\/glareonelighting\/","https:\/\/www.youtube.com\/@GlareOneTV"]}]}},"_links":{"self":[{"href":"https:\/\/glareone.eu\/pl\/wp-json\/wp\/v2\/product\/16015","targetHints":{"allow":["GET"]}}],"collection":[{"href":"https:\/\/glareone.eu\/pl\/wp-json\/wp\/v2\/product"}],"about":[{"href":"https:\/\/glareone.eu\/pl\/wp-json\/wp\/v2\/types\/product"}],"wp:featuredmedia":[{"embeddable":true,"href":"https:\/\/glareone.eu\/pl\/wp-json\/wp\/v2\/media\/16016"}],"wp:attachment":[{"href":"https:\/\/glareone.eu\/pl\/wp-json\/wp\/v2\/media?parent=16015"}],"wp:term":[{"taxonomy":"product_brand","embeddable":true,"href":"https:\/\/glareone.eu\/pl\/wp-json\/wp\/v2\/product_brand?post=16015"},{"taxonomy":"product_cat","embeddable":true,"href":"https:\/\/glareone.eu\/pl\/wp-json\/wp\/v2\/product_cat?post=16015"},{"taxonomy":"product_tag","embeddable":true,"href":"https:\/\/glareone.eu\/pl\/wp-json\/wp\/v2\/product_tag?post=16015"}],"curies":[{"name":"wp","href":"https:\/\/api.w.org\/{rel}","templated":true}]}}