{"id":15974,"date":"2025-04-14T13:45:38","date_gmt":"2025-04-14T13:45:38","guid":{"rendered":"https:\/\/glareone.eu\/?post_type=product&#038;p=15974"},"modified":"2025-04-14T13:45:39","modified_gmt":"2025-04-14T13:45:39","slug":"glareone-hak-do-wieszania-rolek-na-tlo-kartonowe-podwojny","status":"publish","type":"product","link":"https:\/\/glareone.eu\/pl\/produkt\/glareone-hak-do-wieszania-rolek-na-tlo-kartonowe-podwojny\/","title":{"rendered":"GlareOne Hak do wieszania rolek  na t\u0142o kartonowe &#8211; podw\u00f3jny"},"content":{"rendered":"<p><span style=\"font-weight: 400;\">Uchwyty do dw\u00f3ch te\u0142 fotograficznych montowane na trzpie\u0144 statywu studyjnego 5\/8\u201c.<\/span><span style=\"font-weight: 400;\"><br \/>\n<\/span><span style=\"font-weight: 400;\">Stworzone do wsp\u00f3\u0142pracy z t\u0142ami nawini\u0119tymi na tuleje kartonowe lub aluminiowe o \u015brednicy od 4,5 cm do 6,5 cm.<\/span><\/p>\n<h3><b>Cechy:<\/b><\/h3>\n<ul>\n<li style=\"font-weight: 400;\" aria-level=\"1\"><span style=\"font-weight: 400;\">dowolna szeroko\u015b\u0107 t\u0142a &#8211; umieszczenie na statywach nie ogranicza szeroko\u015bci t\u0142a,<\/span><\/li>\n<li style=\"font-weight: 400;\" aria-level=\"1\"><span style=\"font-weight: 400;\">mo\u017cliwo\u015b\u0107 monta\u017cu dw\u00f3ch te\u0142,<\/span><\/li>\n<li style=\"font-weight: 400;\" aria-level=\"1\"><span style=\"font-weight: 400;\">monta\u017c na trzpie\u0144 5\/8\u201c.<\/span><\/li>\n<\/ul>\n<p><b>Uwaga:<\/b><span style=\"font-weight: 400;\"> Zestaw zawiera wy\u0142\u0105cznie haki. Aby zamontowa\u0107 t\u0142o na dane haki, nale\u017cy zakupi\u0107 \u0142a\u0144cuszkowy system zawieszania t\u0142a &#8211; GlareOne Background Support System.<\/span><\/p>\n","protected":false},"excerpt":{"rendered":"<p>Uchwyty do dw\u00f3ch te\u0142 fotograficznych montowane na trzpie\u0144 statywu studyjnego 5\/8\u201c. Stworzone do wsp\u00f3\u0142pracy z t\u0142ami nawini\u0119tymi na tuleje kartonowe lub aluminiowe o \u015brednicy od 4,5 cm do 6,5 cm. Cechy: dowolna szeroko\u015b\u0107 t\u0142a &#8211; umieszczenie na statywach nie ogranicza szeroko\u015bci t\u0142a, mo\u017cliwo\u015b\u0107 monta\u017cu dw\u00f3ch te\u0142, monta\u017c na trzpie\u0144 5\/8\u201c. Uwaga: Zestaw zawiera wy\u0142\u0105cznie haki. [&hellip;]<\/p>\n","protected":false},"featured_media":15975,"template":"","meta":[],"product_brand":[],"product_cat":[442],"product_tag":[],"class_list":{"0":"post-15974","1":"product","2":"type-product","3":"status-publish","4":"has-post-thumbnail","6":"product_cat-inne-akcesoria","8":"first","9":"instock","10":"shipping-taxable","11":"product-type-simple"},"yoast_head":"<!-- This site is optimized with the Yoast SEO plugin v27.4 - https:\/\/yoast.com\/product\/yoast-seo-wordpress\/ -->\n<title>GlareOne Hak do wieszania rolek na t\u0142o kartonowe - podw\u00f3jny - GlareOne<\/title>\n<meta name=\"robots\" content=\"index, follow, max-snippet:-1, max-image-preview:large, max-video-preview:-1\" \/>\n<link rel=\"canonical\" href=\"https:\/\/glareone.eu\/pl\/produkt\/glareone-hak-do-wieszania-rolek-na-tlo-kartonowe-podwojny\/\" \/>\n<meta property=\"og:locale\" content=\"pl_PL\" \/>\n<meta property=\"og:type\" content=\"article\" \/>\n<meta property=\"og:title\" content=\"GlareOne Hak do wieszania rolek na t\u0142o kartonowe - podw\u00f3jny - GlareOne\" \/>\n<meta property=\"og:description\" content=\"Uchwyty do dw\u00f3ch te\u0142 fotograficznych montowane na trzpie\u0144 statywu studyjnego 5\/8\u201c. Stworzone do wsp\u00f3\u0142pracy z t\u0142ami nawini\u0119tymi na tuleje kartonowe lub aluminiowe o \u015brednicy od 4,5 cm do 6,5 cm. Cechy: dowolna szeroko\u015b\u0107 t\u0142a &#8211; umieszczenie na statywach nie ogranicza szeroko\u015bci t\u0142a, mo\u017cliwo\u015b\u0107 monta\u017cu dw\u00f3ch te\u0142, monta\u017c na trzpie\u0144 5\/8\u201c. Uwaga: Zestaw zawiera wy\u0142\u0105cznie haki. [&hellip;]\" \/>\n<meta property=\"og:url\" content=\"https:\/\/glareone.eu\/pl\/produkt\/glareone-hak-do-wieszania-rolek-na-tlo-kartonowe-podwojny\/\" \/>\n<meta property=\"og:site_name\" content=\"GlareOne\" \/>\n<meta property=\"article:publisher\" content=\"https:\/\/www.facebook.com\/GlareOneLighting\" \/>\n<meta property=\"article:modified_time\" content=\"2025-04-14T13:45:39+00:00\" \/>\n<meta property=\"og:image\" content=\"https:\/\/glareone.eu\/wp-content\/uploads\/2025\/04\/SDHBRBP_01.jpg\" \/>\n\t<meta property=\"og:image:width\" content=\"1200\" \/>\n\t<meta property=\"og:image:height\" content=\"1200\" \/>\n\t<meta property=\"og:image:type\" content=\"image\/jpeg\" \/>\n<meta name=\"twitter:card\" content=\"summary_large_image\" \/>\n<meta name=\"twitter:label1\" content=\"Szacowany czas czytania\" \/>\n\t<meta name=\"twitter:data1\" content=\"1 minuta\" \/>\n<script type=\"application\/ld+json\" class=\"yoast-schema-graph\">{\"@context\":\"https:\\\/\\\/schema.org\",\"@graph\":[{\"@type\":\"WebPage\",\"@id\":\"https:\\\/\\\/glareone.eu\\\/pl\\\/produkt\\\/glareone-hak-do-wieszania-rolek-na-tlo-kartonowe-podwojny\\\/\",\"url\":\"https:\\\/\\\/glareone.eu\\\/pl\\\/produkt\\\/glareone-hak-do-wieszania-rolek-na-tlo-kartonowe-podwojny\\\/\",\"name\":\"GlareOne Hak do wieszania rolek na t\u0142o kartonowe - podw\u00f3jny - GlareOne\",\"isPartOf\":{\"@id\":\"https:\\\/\\\/glareone.eu\\\/pl\\\/en\\\/#website\"},\"primaryImageOfPage\":{\"@id\":\"https:\\\/\\\/glareone.eu\\\/pl\\\/produkt\\\/glareone-hak-do-wieszania-rolek-na-tlo-kartonowe-podwojny\\\/#primaryimage\"},\"image\":{\"@id\":\"https:\\\/\\\/glareone.eu\\\/pl\\\/produkt\\\/glareone-hak-do-wieszania-rolek-na-tlo-kartonowe-podwojny\\\/#primaryimage\"},\"thumbnailUrl\":\"https:\\\/\\\/glareone.eu\\\/wp-content\\\/uploads\\\/2025\\\/04\\\/SDHBRBP_01.jpg\",\"datePublished\":\"2025-04-14T13:45:38+00:00\",\"dateModified\":\"2025-04-14T13:45:39+00:00\",\"breadcrumb\":{\"@id\":\"https:\\\/\\\/glareone.eu\\\/pl\\\/produkt\\\/glareone-hak-do-wieszania-rolek-na-tlo-kartonowe-podwojny\\\/#breadcrumb\"},\"inLanguage\":\"pl-PL\",\"potentialAction\":[{\"@type\":\"ReadAction\",\"target\":[\"https:\\\/\\\/glareone.eu\\\/pl\\\/produkt\\\/glareone-hak-do-wieszania-rolek-na-tlo-kartonowe-podwojny\\\/\"]}]},{\"@type\":\"ImageObject\",\"inLanguage\":\"pl-PL\",\"@id\":\"https:\\\/\\\/glareone.eu\\\/pl\\\/produkt\\\/glareone-hak-do-wieszania-rolek-na-tlo-kartonowe-podwojny\\\/#primaryimage\",\"url\":\"https:\\\/\\\/glareone.eu\\\/wp-content\\\/uploads\\\/2025\\\/04\\\/SDHBRBP_01.jpg\",\"contentUrl\":\"https:\\\/\\\/glareone.eu\\\/wp-content\\\/uploads\\\/2025\\\/04\\\/SDHBRBP_01.jpg\",\"width\":1200,\"height\":1200},{\"@type\":\"BreadcrumbList\",\"@id\":\"https:\\\/\\\/glareone.eu\\\/pl\\\/produkt\\\/glareone-hak-do-wieszania-rolek-na-tlo-kartonowe-podwojny\\\/#breadcrumb\",\"itemListElement\":[{\"@type\":\"ListItem\",\"position\":1,\"name\":\"Strona g\u0142\u00f3wna\",\"item\":\"https:\\\/\\\/glareone.eu\\\/pl\\\/\"},{\"@type\":\"ListItem\",\"position\":2,\"name\":\"Wszystkie produkty\",\"item\":\"https:\\\/\\\/glareone.eu\\\/pl\\\/produkty\\\/wszystkie-produkty\\\/\"},{\"@type\":\"ListItem\",\"position\":3,\"name\":\"GlareOne Hak do wieszania rolek na t\u0142o kartonowe &#8211; podw\u00f3jny\"}]},{\"@type\":\"WebSite\",\"@id\":\"https:\\\/\\\/glareone.eu\\\/pl\\\/en\\\/#website\",\"url\":\"https:\\\/\\\/glareone.eu\\\/pl\\\/en\\\/\",\"name\":\"GlareOne\",\"description\":\"Wyposa\u017cenie Studia\",\"publisher\":{\"@id\":\"https:\\\/\\\/glareone.eu\\\/pl\\\/en\\\/#organization\"},\"potentialAction\":[{\"@type\":\"SearchAction\",\"target\":{\"@type\":\"EntryPoint\",\"urlTemplate\":\"https:\\\/\\\/glareone.eu\\\/pl\\\/en\\\/?s={search_term_string}\"},\"query-input\":{\"@type\":\"PropertyValueSpecification\",\"valueRequired\":true,\"valueName\":\"search_term_string\"}}],\"inLanguage\":\"pl-PL\"},{\"@type\":\"Organization\",\"@id\":\"https:\\\/\\\/glareone.eu\\\/pl\\\/en\\\/#organization\",\"name\":\"GlareOne\",\"url\":\"https:\\\/\\\/glareone.eu\\\/pl\\\/en\\\/\",\"logo\":{\"@type\":\"ImageObject\",\"inLanguage\":\"pl-PL\",\"@id\":\"https:\\\/\\\/glareone.eu\\\/pl\\\/en\\\/#\\\/schema\\\/logo\\\/image\\\/\",\"url\":\"http:\\\/\\\/glareone.eu\\\/wp-content\\\/uploads\\\/2024\\\/05\\\/glareone_logo2020_RGB-01-e1715773127189.png\",\"contentUrl\":\"http:\\\/\\\/glareone.eu\\\/wp-content\\\/uploads\\\/2024\\\/05\\\/glareone_logo2020_RGB-01-e1715773127189.png\",\"width\":1270,\"height\":321,\"caption\":\"GlareOne\"},\"image\":{\"@id\":\"https:\\\/\\\/glareone.eu\\\/pl\\\/en\\\/#\\\/schema\\\/logo\\\/image\\\/\"},\"sameAs\":[\"https:\\\/\\\/www.facebook.com\\\/GlareOneLighting\",\"https:\\\/\\\/www.instagram.com\\\/glareonelighting\\\/\",\"https:\\\/\\\/www.youtube.com\\\/@GlareOneTV\"]}]}<\/script>\n<!-- \/ Yoast SEO plugin. -->","yoast_head_json":{"title":"GlareOne Hak do wieszania rolek na t\u0142o kartonowe - podw\u00f3jny - GlareOne","robots":{"index":"index","follow":"follow","max-snippet":"max-snippet:-1","max-image-preview":"max-image-preview:large","max-video-preview":"max-video-preview:-1"},"canonical":"https:\/\/glareone.eu\/pl\/produkt\/glareone-hak-do-wieszania-rolek-na-tlo-kartonowe-podwojny\/","og_locale":"pl_PL","og_type":"article","og_title":"GlareOne Hak do wieszania rolek na t\u0142o kartonowe - podw\u00f3jny - GlareOne","og_description":"Uchwyty do dw\u00f3ch te\u0142 fotograficznych montowane na trzpie\u0144 statywu studyjnego 5\/8\u201c. Stworzone do wsp\u00f3\u0142pracy z t\u0142ami nawini\u0119tymi na tuleje kartonowe lub aluminiowe o \u015brednicy od 4,5 cm do 6,5 cm. Cechy: dowolna szeroko\u015b\u0107 t\u0142a &#8211; umieszczenie na statywach nie ogranicza szeroko\u015bci t\u0142a, mo\u017cliwo\u015b\u0107 monta\u017cu dw\u00f3ch te\u0142, monta\u017c na trzpie\u0144 5\/8\u201c. Uwaga: Zestaw zawiera wy\u0142\u0105cznie haki. [&hellip;]","og_url":"https:\/\/glareone.eu\/pl\/produkt\/glareone-hak-do-wieszania-rolek-na-tlo-kartonowe-podwojny\/","og_site_name":"GlareOne","article_publisher":"https:\/\/www.facebook.com\/GlareOneLighting","article_modified_time":"2025-04-14T13:45:39+00:00","og_image":[{"width":1200,"height":1200,"url":"https:\/\/glareone.eu\/wp-content\/uploads\/2025\/04\/SDHBRBP_01.jpg","type":"image\/jpeg"}],"twitter_card":"summary_large_image","twitter_misc":{"Szacowany czas czytania":"1 minuta"},"schema":{"@context":"https:\/\/schema.org","@graph":[{"@type":"WebPage","@id":"https:\/\/glareone.eu\/pl\/produkt\/glareone-hak-do-wieszania-rolek-na-tlo-kartonowe-podwojny\/","url":"https:\/\/glareone.eu\/pl\/produkt\/glareone-hak-do-wieszania-rolek-na-tlo-kartonowe-podwojny\/","name":"GlareOne Hak do wieszania rolek na t\u0142o kartonowe - podw\u00f3jny - GlareOne","isPartOf":{"@id":"https:\/\/glareone.eu\/pl\/en\/#website"},"primaryImageOfPage":{"@id":"https:\/\/glareone.eu\/pl\/produkt\/glareone-hak-do-wieszania-rolek-na-tlo-kartonowe-podwojny\/#primaryimage"},"image":{"@id":"https:\/\/glareone.eu\/pl\/produkt\/glareone-hak-do-wieszania-rolek-na-tlo-kartonowe-podwojny\/#primaryimage"},"thumbnailUrl":"https:\/\/glareone.eu\/wp-content\/uploads\/2025\/04\/SDHBRBP_01.jpg","datePublished":"2025-04-14T13:45:38+00:00","dateModified":"2025-04-14T13:45:39+00:00","breadcrumb":{"@id":"https:\/\/glareone.eu\/pl\/produkt\/glareone-hak-do-wieszania-rolek-na-tlo-kartonowe-podwojny\/#breadcrumb"},"inLanguage":"pl-PL","potentialAction":[{"@type":"ReadAction","target":["https:\/\/glareone.eu\/pl\/produkt\/glareone-hak-do-wieszania-rolek-na-tlo-kartonowe-podwojny\/"]}]},{"@type":"ImageObject","inLanguage":"pl-PL","@id":"https:\/\/glareone.eu\/pl\/produkt\/glareone-hak-do-wieszania-rolek-na-tlo-kartonowe-podwojny\/#primaryimage","url":"https:\/\/glareone.eu\/wp-content\/uploads\/2025\/04\/SDHBRBP_01.jpg","contentUrl":"https:\/\/glareone.eu\/wp-content\/uploads\/2025\/04\/SDHBRBP_01.jpg","width":1200,"height":1200},{"@type":"BreadcrumbList","@id":"https:\/\/glareone.eu\/pl\/produkt\/glareone-hak-do-wieszania-rolek-na-tlo-kartonowe-podwojny\/#breadcrumb","itemListElement":[{"@type":"ListItem","position":1,"name":"Strona g\u0142\u00f3wna","item":"https:\/\/glareone.eu\/pl\/"},{"@type":"ListItem","position":2,"name":"Wszystkie produkty","item":"https:\/\/glareone.eu\/pl\/produkty\/wszystkie-produkty\/"},{"@type":"ListItem","position":3,"name":"GlareOne Hak do wieszania rolek na t\u0142o kartonowe &#8211; podw\u00f3jny"}]},{"@type":"WebSite","@id":"https:\/\/glareone.eu\/pl\/en\/#website","url":"https:\/\/glareone.eu\/pl\/en\/","name":"GlareOne","description":"Wyposa\u017cenie Studia","publisher":{"@id":"https:\/\/glareone.eu\/pl\/en\/#organization"},"potentialAction":[{"@type":"SearchAction","target":{"@type":"EntryPoint","urlTemplate":"https:\/\/glareone.eu\/pl\/en\/?s={search_term_string}"},"query-input":{"@type":"PropertyValueSpecification","valueRequired":true,"valueName":"search_term_string"}}],"inLanguage":"pl-PL"},{"@type":"Organization","@id":"https:\/\/glareone.eu\/pl\/en\/#organization","name":"GlareOne","url":"https:\/\/glareone.eu\/pl\/en\/","logo":{"@type":"ImageObject","inLanguage":"pl-PL","@id":"https:\/\/glareone.eu\/pl\/en\/#\/schema\/logo\/image\/","url":"http:\/\/glareone.eu\/wp-content\/uploads\/2024\/05\/glareone_logo2020_RGB-01-e1715773127189.png","contentUrl":"http:\/\/glareone.eu\/wp-content\/uploads\/2024\/05\/glareone_logo2020_RGB-01-e1715773127189.png","width":1270,"height":321,"caption":"GlareOne"},"image":{"@id":"https:\/\/glareone.eu\/pl\/en\/#\/schema\/logo\/image\/"},"sameAs":["https:\/\/www.facebook.com\/GlareOneLighting","https:\/\/www.instagram.com\/glareonelighting\/","https:\/\/www.youtube.com\/@GlareOneTV"]}]}},"_links":{"self":[{"href":"https:\/\/glareone.eu\/pl\/wp-json\/wp\/v2\/product\/15974","targetHints":{"allow":["GET"]}}],"collection":[{"href":"https:\/\/glareone.eu\/pl\/wp-json\/wp\/v2\/product"}],"about":[{"href":"https:\/\/glareone.eu\/pl\/wp-json\/wp\/v2\/types\/product"}],"wp:featuredmedia":[{"embeddable":true,"href":"https:\/\/glareone.eu\/pl\/wp-json\/wp\/v2\/media\/15975"}],"wp:attachment":[{"href":"https:\/\/glareone.eu\/pl\/wp-json\/wp\/v2\/media?parent=15974"}],"wp:term":[{"taxonomy":"product_brand","embeddable":true,"href":"https:\/\/glareone.eu\/pl\/wp-json\/wp\/v2\/product_brand?post=15974"},{"taxonomy":"product_cat","embeddable":true,"href":"https:\/\/glareone.eu\/pl\/wp-json\/wp\/v2\/product_cat?post=15974"},{"taxonomy":"product_tag","embeddable":true,"href":"https:\/\/glareone.eu\/pl\/wp-json\/wp\/v2\/product_tag?post=15974"}],"curies":[{"name":"wp","href":"https:\/\/api.w.org\/{rel}","templated":true}]}}