{"id":15841,"date":"2025-04-14T12:43:46","date_gmt":"2025-04-14T12:43:46","guid":{"rendered":"https:\/\/glareone.eu\/?post_type=product&#038;p=15841"},"modified":"2025-04-14T12:43:46","modified_gmt":"2025-04-14T12:43:46","slug":"glareone-bagnet-profoto-do-softboxow-pro-129-mm","status":"publish","type":"product","link":"https:\/\/glareone.eu\/pl\/produkt\/glareone-bagnet-profoto-do-softboxow-pro-129-mm\/","title":{"rendered":"GlareOne bagnet Profoto do softbox\u00f3w PRO 129 mm"},"content":{"rendered":"<p><span style=\"font-weight: 400;\">Bagnet mocuj\u0105cy o \u015brednicy 129 mm, kt\u00f3ry pozwala na zastosowanie softbox\u00f3w GlareOne PRO z lampami marki Profoto.<\/span><\/p>\n<p><span style=\"font-weight: 400;\">Bagnet mo\u017ce by\u0107 wykorzystywany z innymi modyfikatorami \u015bwiat\u0142a, o ile \u015brednica gniazda bagnetu mocuj\u0105cego wynosi 129 mm.\u00a0<\/span><\/p>\n<h3><b>Cechy produktu:<\/b><\/h3>\n<ul>\n<li style=\"font-weight: 400;\" aria-level=\"1\"><span style=\"font-weight: 400;\">pozwala u\u017cywa\u0107 softbox\u00f3w GlareOne PRO z lampami Profoto,<\/span><\/li>\n<li style=\"font-weight: 400;\" aria-level=\"1\"><span style=\"font-weight: 400;\">\u015brednica mocowania wynosi 129 mm,<\/span><\/li>\n<li style=\"font-weight: 400;\" aria-level=\"1\"><span style=\"font-weight: 400;\">jest wykonany z aluminium.<\/span><\/li>\n<\/ul>\n","protected":false},"excerpt":{"rendered":"<p>Bagnet mocuj\u0105cy o \u015brednicy 129 mm, kt\u00f3ry pozwala na zastosowanie softbox\u00f3w GlareOne PRO z lampami marki Profoto. Bagnet mo\u017ce by\u0107 wykorzystywany z innymi modyfikatorami \u015bwiat\u0142a, o ile \u015brednica gniazda bagnetu mocuj\u0105cego wynosi 129 mm.\u00a0 Cechy produktu: pozwala u\u017cywa\u0107 softbox\u00f3w GlareOne PRO z lampami Profoto, \u015brednica mocowania wynosi 129 mm, jest wykonany z aluminium.<\/p>\n","protected":false},"featured_media":15842,"template":"","meta":[],"product_brand":[],"product_cat":[442],"product_tag":[],"class_list":{"0":"post-15841","1":"product","2":"type-product","3":"status-publish","4":"has-post-thumbnail","6":"product_cat-inne-akcesoria","8":"first","9":"instock","10":"shipping-taxable","11":"product-type-simple"},"yoast_head":"<!-- This site is optimized with the Yoast SEO plugin v27.2 - https:\/\/yoast.com\/product\/yoast-seo-wordpress\/ -->\n<title>GlareOne bagnet Profoto do softbox\u00f3w PRO 129 mm - GlareOne<\/title>\n<meta name=\"robots\" content=\"index, follow, max-snippet:-1, max-image-preview:large, max-video-preview:-1\" \/>\n<link rel=\"canonical\" href=\"https:\/\/glareone.eu\/pl\/produkt\/glareone-bagnet-profoto-do-softboxow-pro-129-mm\/\" \/>\n<meta property=\"og:locale\" content=\"pl_PL\" \/>\n<meta property=\"og:type\" content=\"article\" \/>\n<meta property=\"og:title\" content=\"GlareOne bagnet Profoto do softbox\u00f3w PRO 129 mm - GlareOne\" \/>\n<meta property=\"og:description\" content=\"Bagnet mocuj\u0105cy o \u015brednicy 129 mm, kt\u00f3ry pozwala na zastosowanie softbox\u00f3w GlareOne PRO z lampami marki Profoto. Bagnet mo\u017ce by\u0107 wykorzystywany z innymi modyfikatorami \u015bwiat\u0142a, o ile \u015brednica gniazda bagnetu mocuj\u0105cego wynosi 129 mm.\u00a0 Cechy produktu: pozwala u\u017cywa\u0107 softbox\u00f3w GlareOne PRO z lampami Profoto, \u015brednica mocowania wynosi 129 mm, jest wykonany z aluminium.\" \/>\n<meta property=\"og:url\" content=\"https:\/\/glareone.eu\/pl\/produkt\/glareone-bagnet-profoto-do-softboxow-pro-129-mm\/\" \/>\n<meta property=\"og:site_name\" content=\"GlareOne\" \/>\n<meta property=\"article:publisher\" content=\"https:\/\/www.facebook.com\/GlareOneLighting\" \/>\n<meta property=\"og:image\" content=\"https:\/\/glareone.eu\/wp-content\/uploads\/2025\/04\/SHGPROPR_01.jpg\" \/>\n\t<meta property=\"og:image:width\" content=\"1200\" \/>\n\t<meta property=\"og:image:height\" content=\"1200\" \/>\n\t<meta property=\"og:image:type\" content=\"image\/jpeg\" \/>\n<meta name=\"twitter:card\" content=\"summary_large_image\" \/>\n<meta name=\"twitter:label1\" content=\"Szacowany czas czytania\" \/>\n\t<meta name=\"twitter:data1\" content=\"1 minuta\" \/>\n<script type=\"application\/ld+json\" class=\"yoast-schema-graph\">{\"@context\":\"https:\/\/schema.org\",\"@graph\":[{\"@type\":\"WebPage\",\"@id\":\"https:\/\/glareone.eu\/pl\/produkt\/glareone-bagnet-profoto-do-softboxow-pro-129-mm\/\",\"url\":\"https:\/\/glareone.eu\/pl\/produkt\/glareone-bagnet-profoto-do-softboxow-pro-129-mm\/\",\"name\":\"GlareOne bagnet Profoto do softbox\u00f3w PRO 129 mm - GlareOne\",\"isPartOf\":{\"@id\":\"https:\/\/glareone.eu\/pl\/en\/#website\"},\"primaryImageOfPage\":{\"@id\":\"https:\/\/glareone.eu\/pl\/produkt\/glareone-bagnet-profoto-do-softboxow-pro-129-mm\/#primaryimage\"},\"image\":{\"@id\":\"https:\/\/glareone.eu\/pl\/produkt\/glareone-bagnet-profoto-do-softboxow-pro-129-mm\/#primaryimage\"},\"thumbnailUrl\":\"https:\/\/glareone.eu\/wp-content\/uploads\/2025\/04\/SHGPROPR_01.jpg\",\"datePublished\":\"2025-04-14T12:43:46+00:00\",\"breadcrumb\":{\"@id\":\"https:\/\/glareone.eu\/pl\/produkt\/glareone-bagnet-profoto-do-softboxow-pro-129-mm\/#breadcrumb\"},\"inLanguage\":\"pl-PL\",\"potentialAction\":[{\"@type\":\"ReadAction\",\"target\":[\"https:\/\/glareone.eu\/pl\/produkt\/glareone-bagnet-profoto-do-softboxow-pro-129-mm\/\"]}]},{\"@type\":\"ImageObject\",\"inLanguage\":\"pl-PL\",\"@id\":\"https:\/\/glareone.eu\/pl\/produkt\/glareone-bagnet-profoto-do-softboxow-pro-129-mm\/#primaryimage\",\"url\":\"https:\/\/glareone.eu\/wp-content\/uploads\/2025\/04\/SHGPROPR_01.jpg\",\"contentUrl\":\"https:\/\/glareone.eu\/wp-content\/uploads\/2025\/04\/SHGPROPR_01.jpg\",\"width\":1200,\"height\":1200},{\"@type\":\"BreadcrumbList\",\"@id\":\"https:\/\/glareone.eu\/pl\/produkt\/glareone-bagnet-profoto-do-softboxow-pro-129-mm\/#breadcrumb\",\"itemListElement\":[{\"@type\":\"ListItem\",\"position\":1,\"name\":\"Strona g\u0142\u00f3wna\",\"item\":\"https:\/\/glareone.eu\/pl\/\"},{\"@type\":\"ListItem\",\"position\":2,\"name\":\"Wszystkie produkty\",\"item\":\"https:\/\/glareone.eu\/pl\/produkty\/wszystkie-produkty\/\"},{\"@type\":\"ListItem\",\"position\":3,\"name\":\"GlareOne bagnet Profoto do softbox\u00f3w PRO 129 mm\"}]},{\"@type\":\"WebSite\",\"@id\":\"https:\/\/glareone.eu\/pl\/en\/#website\",\"url\":\"https:\/\/glareone.eu\/pl\/en\/\",\"name\":\"GlareOne\",\"description\":\"Wyposa\u017cenie Studia\",\"publisher\":{\"@id\":\"https:\/\/glareone.eu\/pl\/en\/#organization\"},\"potentialAction\":[{\"@type\":\"SearchAction\",\"target\":{\"@type\":\"EntryPoint\",\"urlTemplate\":\"https:\/\/glareone.eu\/pl\/en\/?s={search_term_string}\"},\"query-input\":{\"@type\":\"PropertyValueSpecification\",\"valueRequired\":true,\"valueName\":\"search_term_string\"}}],\"inLanguage\":\"pl-PL\"},{\"@type\":\"Organization\",\"@id\":\"https:\/\/glareone.eu\/pl\/en\/#organization\",\"name\":\"GlareOne\",\"url\":\"https:\/\/glareone.eu\/pl\/en\/\",\"logo\":{\"@type\":\"ImageObject\",\"inLanguage\":\"pl-PL\",\"@id\":\"https:\/\/glareone.eu\/pl\/en\/#\/schema\/logo\/image\/\",\"url\":\"http:\/\/glareone.eu\/wp-content\/uploads\/2024\/05\/glareone_logo2020_RGB-01-e1715773127189.png\",\"contentUrl\":\"http:\/\/glareone.eu\/wp-content\/uploads\/2024\/05\/glareone_logo2020_RGB-01-e1715773127189.png\",\"width\":1270,\"height\":321,\"caption\":\"GlareOne\"},\"image\":{\"@id\":\"https:\/\/glareone.eu\/pl\/en\/#\/schema\/logo\/image\/\"},\"sameAs\":[\"https:\/\/www.facebook.com\/GlareOneLighting\",\"https:\/\/www.instagram.com\/glareonelighting\/\",\"https:\/\/www.youtube.com\/@GlareOneTV\"]}]}<\/script>\n<!-- \/ Yoast SEO plugin. -->","yoast_head_json":{"title":"GlareOne bagnet Profoto do softbox\u00f3w PRO 129 mm - GlareOne","robots":{"index":"index","follow":"follow","max-snippet":"max-snippet:-1","max-image-preview":"max-image-preview:large","max-video-preview":"max-video-preview:-1"},"canonical":"https:\/\/glareone.eu\/pl\/produkt\/glareone-bagnet-profoto-do-softboxow-pro-129-mm\/","og_locale":"pl_PL","og_type":"article","og_title":"GlareOne bagnet Profoto do softbox\u00f3w PRO 129 mm - GlareOne","og_description":"Bagnet mocuj\u0105cy o \u015brednicy 129 mm, kt\u00f3ry pozwala na zastosowanie softbox\u00f3w GlareOne PRO z lampami marki Profoto. Bagnet mo\u017ce by\u0107 wykorzystywany z innymi modyfikatorami \u015bwiat\u0142a, o ile \u015brednica gniazda bagnetu mocuj\u0105cego wynosi 129 mm.\u00a0 Cechy produktu: pozwala u\u017cywa\u0107 softbox\u00f3w GlareOne PRO z lampami Profoto, \u015brednica mocowania wynosi 129 mm, jest wykonany z aluminium.","og_url":"https:\/\/glareone.eu\/pl\/produkt\/glareone-bagnet-profoto-do-softboxow-pro-129-mm\/","og_site_name":"GlareOne","article_publisher":"https:\/\/www.facebook.com\/GlareOneLighting","og_image":[{"width":1200,"height":1200,"url":"https:\/\/glareone.eu\/wp-content\/uploads\/2025\/04\/SHGPROPR_01.jpg","type":"image\/jpeg"}],"twitter_card":"summary_large_image","twitter_misc":{"Szacowany czas czytania":"1 minuta"},"schema":{"@context":"https:\/\/schema.org","@graph":[{"@type":"WebPage","@id":"https:\/\/glareone.eu\/pl\/produkt\/glareone-bagnet-profoto-do-softboxow-pro-129-mm\/","url":"https:\/\/glareone.eu\/pl\/produkt\/glareone-bagnet-profoto-do-softboxow-pro-129-mm\/","name":"GlareOne bagnet Profoto do softbox\u00f3w PRO 129 mm - GlareOne","isPartOf":{"@id":"https:\/\/glareone.eu\/pl\/en\/#website"},"primaryImageOfPage":{"@id":"https:\/\/glareone.eu\/pl\/produkt\/glareone-bagnet-profoto-do-softboxow-pro-129-mm\/#primaryimage"},"image":{"@id":"https:\/\/glareone.eu\/pl\/produkt\/glareone-bagnet-profoto-do-softboxow-pro-129-mm\/#primaryimage"},"thumbnailUrl":"https:\/\/glareone.eu\/wp-content\/uploads\/2025\/04\/SHGPROPR_01.jpg","datePublished":"2025-04-14T12:43:46+00:00","breadcrumb":{"@id":"https:\/\/glareone.eu\/pl\/produkt\/glareone-bagnet-profoto-do-softboxow-pro-129-mm\/#breadcrumb"},"inLanguage":"pl-PL","potentialAction":[{"@type":"ReadAction","target":["https:\/\/glareone.eu\/pl\/produkt\/glareone-bagnet-profoto-do-softboxow-pro-129-mm\/"]}]},{"@type":"ImageObject","inLanguage":"pl-PL","@id":"https:\/\/glareone.eu\/pl\/produkt\/glareone-bagnet-profoto-do-softboxow-pro-129-mm\/#primaryimage","url":"https:\/\/glareone.eu\/wp-content\/uploads\/2025\/04\/SHGPROPR_01.jpg","contentUrl":"https:\/\/glareone.eu\/wp-content\/uploads\/2025\/04\/SHGPROPR_01.jpg","width":1200,"height":1200},{"@type":"BreadcrumbList","@id":"https:\/\/glareone.eu\/pl\/produkt\/glareone-bagnet-profoto-do-softboxow-pro-129-mm\/#breadcrumb","itemListElement":[{"@type":"ListItem","position":1,"name":"Strona g\u0142\u00f3wna","item":"https:\/\/glareone.eu\/pl\/"},{"@type":"ListItem","position":2,"name":"Wszystkie produkty","item":"https:\/\/glareone.eu\/pl\/produkty\/wszystkie-produkty\/"},{"@type":"ListItem","position":3,"name":"GlareOne bagnet Profoto do softbox\u00f3w PRO 129 mm"}]},{"@type":"WebSite","@id":"https:\/\/glareone.eu\/pl\/en\/#website","url":"https:\/\/glareone.eu\/pl\/en\/","name":"GlareOne","description":"Wyposa\u017cenie Studia","publisher":{"@id":"https:\/\/glareone.eu\/pl\/en\/#organization"},"potentialAction":[{"@type":"SearchAction","target":{"@type":"EntryPoint","urlTemplate":"https:\/\/glareone.eu\/pl\/en\/?s={search_term_string}"},"query-input":{"@type":"PropertyValueSpecification","valueRequired":true,"valueName":"search_term_string"}}],"inLanguage":"pl-PL"},{"@type":"Organization","@id":"https:\/\/glareone.eu\/pl\/en\/#organization","name":"GlareOne","url":"https:\/\/glareone.eu\/pl\/en\/","logo":{"@type":"ImageObject","inLanguage":"pl-PL","@id":"https:\/\/glareone.eu\/pl\/en\/#\/schema\/logo\/image\/","url":"http:\/\/glareone.eu\/wp-content\/uploads\/2024\/05\/glareone_logo2020_RGB-01-e1715773127189.png","contentUrl":"http:\/\/glareone.eu\/wp-content\/uploads\/2024\/05\/glareone_logo2020_RGB-01-e1715773127189.png","width":1270,"height":321,"caption":"GlareOne"},"image":{"@id":"https:\/\/glareone.eu\/pl\/en\/#\/schema\/logo\/image\/"},"sameAs":["https:\/\/www.facebook.com\/GlareOneLighting","https:\/\/www.instagram.com\/glareonelighting\/","https:\/\/www.youtube.com\/@GlareOneTV"]}]}},"_links":{"self":[{"href":"https:\/\/glareone.eu\/pl\/wp-json\/wp\/v2\/product\/15841","targetHints":{"allow":["GET"]}}],"collection":[{"href":"https:\/\/glareone.eu\/pl\/wp-json\/wp\/v2\/product"}],"about":[{"href":"https:\/\/glareone.eu\/pl\/wp-json\/wp\/v2\/types\/product"}],"wp:featuredmedia":[{"embeddable":true,"href":"https:\/\/glareone.eu\/pl\/wp-json\/wp\/v2\/media\/15842"}],"wp:attachment":[{"href":"https:\/\/glareone.eu\/pl\/wp-json\/wp\/v2\/media?parent=15841"}],"wp:term":[{"taxonomy":"product_brand","embeddable":true,"href":"https:\/\/glareone.eu\/pl\/wp-json\/wp\/v2\/product_brand?post=15841"},{"taxonomy":"product_cat","embeddable":true,"href":"https:\/\/glareone.eu\/pl\/wp-json\/wp\/v2\/product_cat?post=15841"},{"taxonomy":"product_tag","embeddable":true,"href":"https:\/\/glareone.eu\/pl\/wp-json\/wp\/v2\/product_tag?post=15841"}],"curies":[{"name":"wp","href":"https:\/\/api.w.org\/{rel}","templated":true}]}}