{"id":15756,"date":"2025-04-14T12:12:22","date_gmt":"2025-04-14T12:12:22","guid":{"rendered":"https:\/\/glareone.eu\/?post_type=product&#038;p=15756"},"modified":"2025-04-14T12:16:34","modified_gmt":"2025-04-14T12:16:34","slug":"glareone-led-booster-vario-30-60-reflector","status":"publish","type":"product","link":"https:\/\/glareone.eu\/pl\/produkt\/glareone-led-booster-vario-30-60-reflector\/","title":{"rendered":"GlareOne LED Booster Vario &#8211; czasza 30\/60\u00b0 do lamp LED"},"content":{"rendered":"<p><span style=\"font-weight: 400;\">Czasza o zmiennym k\u0105cie \u015bwiecenia 30\u00b0\/60\u00b0, stworzona z my\u015bl\u0105 o lampach LED.<\/span><\/p>\n<p><span style=\"font-weight: 400;\">Czasza jest podstawowym modyfikatorem \u015bwiat\u0142a, kt\u00f3ry warto posiada\u0107. Za jej pomoc\u0105 mo\u017cna skierowa\u0107 \u015bwiat\u0142o z lampy w konkretnym kierunku, aby bezpo\u015brednio o\u015bwietli\u0107 plan zdj\u0119ciowy, odbi\u0107 je od blendy czy przepu\u015bci\u0107 przez dyfuzor.\u00a0<\/span><\/p>\n<p><span style=\"font-weight: 400;\">Czasza LED Booster Vario 30\/60\u00b0 umo\u017cliwia zmian\u0119 k\u0105ta padaj\u0105cego \u015bwiat\u0142a. Mo\u017cemy uzyska\u0107 k\u0105t \u015bwiat\u0142a 60\u00b0 (taki sam jak czasza LED Booster) lub zaw\u0119zi\u0107 k\u0105t \u015bwiat\u0142a do 30\u00b0.<\/span><\/p>\n<p><span style=\"font-weight: 400;\">Ma \u015brednic\u0119 18 cm i g\u0142\u0119boko\u015b\u0107 15 cm w ustawieniu 60\u00b0 oraz \u015brednic\u0119 24 cm i g\u0142\u0119boko\u015b\u0107 30 cm w ustawieniu 30\u00b0.\u00a0<\/span><\/p>\n<p><span style=\"font-weight: 400;\">Czasza ta pozwala uzyska\u0107 bardzo mocne ukierunkowanie \u015bwiat\u0142o, skupiaj\u0105c centralnie padaj\u0105ce \u017ar\u00f3d\u0142o \u015bwiat\u0142a. K\u0105t wi\u0105zki \u015bwiat\u0142a oko\u0142o 60\u00b0 sprawdzi si\u0119 idealne na \u015brednich i ma\u0142ych odleg\u0142o\u015bciach, a 30\u00b0 pomo\u017ce w jeszcze dok\u0142adniejszym o\u015bwietlenie sceny.<\/span><\/p>\n<h3><b>Cechy produktu:<\/b><\/h3>\n<ul>\n<li style=\"font-weight: 400;\" aria-level=\"1\"><span style=\"font-weight: 400;\">stworzona z my\u015bl\u0105 o lampach LED, ale mo\u017cna jej u\u017cywa\u0107 r\u00f3wnie\u017c z lampami b\u0142yskowymi,<\/span><\/li>\n<li style=\"font-weight: 400;\" aria-level=\"1\"><span style=\"font-weight: 400;\">daje ostre i kontrastowe \u015bwiat\u0142o,<\/span><\/li>\n<li style=\"font-weight: 400;\" aria-level=\"1\"><span style=\"font-weight: 400;\">zmienny k\u0105t \u015bwiecenia 30\u00b0 lub 60\u00b0,<\/span><\/li>\n<li style=\"font-weight: 400;\" aria-level=\"1\"><span style=\"font-weight: 400;\">pozwala bardzo precyzyjnie skierowa\u0107 \u015bwiat\u0142o z lampy na wybrany obiekt,<\/span><\/li>\n<li style=\"font-weight: 400;\" aria-level=\"1\"><span style=\"font-weight: 400;\">w ustawieniu 30\u00b0 mo\u017ce by\u0107 wyposa\u017cona w dodatkowy plaster miodu (GlareOne PRO Reflector Grid Kit),<\/span><\/li>\n<li style=\"font-weight: 400;\" aria-level=\"1\"><span style=\"font-weight: 400;\">w ustawieniu 30\u00b0 mo\u017ce by\u0107 \u0142\u0105czona z wrotami GlareOne PRO Barndoor Kit,<\/span><\/li>\n<li style=\"font-weight: 400;\" aria-level=\"1\"><span style=\"font-weight: 400;\">jest w ca\u0142o\u015bci aluminiowa,<\/span><\/li>\n<li style=\"font-weight: 400;\" aria-level=\"1\"><span style=\"font-weight: 400;\">ma mocowanie typu Bowens.<\/span><\/li>\n<\/ul>\n","protected":false},"excerpt":{"rendered":"<p>Czasza o zmiennym k\u0105cie \u015bwiecenia 30\u00b0\/60\u00b0, stworzona z my\u015bl\u0105 o lampach LED. Czasza jest podstawowym modyfikatorem \u015bwiat\u0142a, kt\u00f3ry warto posiada\u0107. Za jej pomoc\u0105 mo\u017cna skierowa\u0107 \u015bwiat\u0142o z lampy w konkretnym kierunku, aby bezpo\u015brednio o\u015bwietli\u0107 plan zdj\u0119ciowy, odbi\u0107 je od blendy czy przepu\u015bci\u0107 przez dyfuzor.\u00a0 Czasza LED Booster Vario 30\/60\u00b0 umo\u017cliwia zmian\u0119 k\u0105ta padaj\u0105cego \u015bwiat\u0142a. Mo\u017cemy [&hellip;]<\/p>\n","protected":false},"featured_media":15760,"template":"","meta":[],"product_brand":[],"product_cat":[486],"product_tag":[],"class_list":{"0":"post-15756","1":"product","2":"type-product","3":"status-publish","4":"has-post-thumbnail","6":"product_cat-czasze","8":"first","9":"instock","10":"product-type-simple"},"yoast_head":"<!-- This site is optimized with the Yoast SEO plugin v27.2 - https:\/\/yoast.com\/product\/yoast-seo-wordpress\/ -->\n<title>GlareOne LED Booster Vario 30\/60\u00b0 Reflector<\/title>\n<meta name=\"robots\" content=\"index, follow, max-snippet:-1, max-image-preview:large, max-video-preview:-1\" \/>\n<link rel=\"canonical\" href=\"https:\/\/glareone.eu\/pl\/produkt\/glareone-led-booster-vario-30-60-reflector\/\" \/>\n<meta property=\"og:locale\" content=\"pl_PL\" \/>\n<meta property=\"og:type\" content=\"article\" \/>\n<meta property=\"og:title\" content=\"GlareOne PRO Reflector\" \/>\n<meta property=\"og:description\" content=\"Czasza o zmiennym k\u0105cie \u015bwiecenia 30\u00b0\/60\u00b0, stworzona z my\u015bl\u0105 o lampach LED. Czasza jest podstawowym modyfikatorem \u015bwiat\u0142a, kt\u00f3ry warto posiada\u0107. Za jej pomoc\u0105 mo\u017cna skierowa\u0107 \u015bwiat\u0142o z lampy w konkretnym kierunku, aby bezpo\u015brednio o\u015bwietli\u0107 plan zdj\u0119ciowy, odbi\u0107 je od blendy czy przepu\u015bci\u0107 przez dyfuzor.\u00a0 Czasza LED Booster Vario 30\/60\u00b0 umo\u017cliwia zmian\u0119 k\u0105ta padaj\u0105cego \u015bwiat\u0142a. Mo\u017cemy [&hellip;]\" \/>\n<meta property=\"og:url\" content=\"https:\/\/glareone.eu\/pl\/produkt\/glareone-led-booster-vario-30-60-reflector\/\" \/>\n<meta property=\"og:site_name\" content=\"GlareOne\" \/>\n<meta property=\"article:publisher\" content=\"https:\/\/www.facebook.com\/GlareOneLighting\" \/>\n<meta property=\"article:modified_time\" content=\"2025-04-14T12:16:34+00:00\" \/>\n<meta property=\"og:image\" content=\"https:\/\/glareone.eu\/wp-content\/uploads\/2025\/04\/SREFLEDBV_01.jpg\" \/>\n\t<meta property=\"og:image:width\" content=\"1200\" \/>\n\t<meta property=\"og:image:height\" content=\"1200\" \/>\n\t<meta property=\"og:image:type\" content=\"image\/jpeg\" \/>\n<meta name=\"twitter:card\" content=\"summary_large_image\" \/>\n<meta name=\"twitter:title\" content=\"GlareOne PRO Reflector\" \/>\n<meta name=\"twitter:label1\" content=\"Szacowany czas czytania\" \/>\n\t<meta name=\"twitter:data1\" content=\"1 minuta\" \/>\n<script type=\"application\/ld+json\" class=\"yoast-schema-graph\">{\"@context\":\"https:\/\/schema.org\",\"@graph\":[{\"@type\":\"WebPage\",\"@id\":\"https:\/\/glareone.eu\/pl\/produkt\/glareone-led-booster-vario-30-60-reflector\/\",\"url\":\"https:\/\/glareone.eu\/pl\/produkt\/glareone-led-booster-vario-30-60-reflector\/\",\"name\":\"GlareOne LED Booster Vario 30\/60\u00b0 Reflector\",\"isPartOf\":{\"@id\":\"https:\/\/glareone.eu\/pl\/en\/#website\"},\"primaryImageOfPage\":{\"@id\":\"https:\/\/glareone.eu\/pl\/produkt\/glareone-led-booster-vario-30-60-reflector\/#primaryimage\"},\"image\":{\"@id\":\"https:\/\/glareone.eu\/pl\/produkt\/glareone-led-booster-vario-30-60-reflector\/#primaryimage\"},\"thumbnailUrl\":\"https:\/\/glareone.eu\/wp-content\/uploads\/2025\/04\/SREFLEDBV_01.jpg\",\"datePublished\":\"2025-04-14T12:12:22+00:00\",\"dateModified\":\"2025-04-14T12:16:34+00:00\",\"breadcrumb\":{\"@id\":\"https:\/\/glareone.eu\/pl\/produkt\/glareone-led-booster-vario-30-60-reflector\/#breadcrumb\"},\"inLanguage\":\"pl-PL\",\"potentialAction\":[{\"@type\":\"ReadAction\",\"target\":[\"https:\/\/glareone.eu\/pl\/produkt\/glareone-led-booster-vario-30-60-reflector\/\"]}]},{\"@type\":\"ImageObject\",\"inLanguage\":\"pl-PL\",\"@id\":\"https:\/\/glareone.eu\/pl\/produkt\/glareone-led-booster-vario-30-60-reflector\/#primaryimage\",\"url\":\"https:\/\/glareone.eu\/wp-content\/uploads\/2025\/04\/SREFLEDBV_01.jpg\",\"contentUrl\":\"https:\/\/glareone.eu\/wp-content\/uploads\/2025\/04\/SREFLEDBV_01.jpg\",\"width\":1200,\"height\":1200},{\"@type\":\"BreadcrumbList\",\"@id\":\"https:\/\/glareone.eu\/pl\/produkt\/glareone-led-booster-vario-30-60-reflector\/#breadcrumb\",\"itemListElement\":[{\"@type\":\"ListItem\",\"position\":1,\"name\":\"Strona g\u0142\u00f3wna\",\"item\":\"https:\/\/glareone.eu\/pl\/\"},{\"@type\":\"ListItem\",\"position\":2,\"name\":\"Wszystkie produkty\",\"item\":\"https:\/\/glareone.eu\/pl\/produkty\/wszystkie-produkty\/\"},{\"@type\":\"ListItem\",\"position\":3,\"name\":\"GlareOne LED Booster Vario &#8211; czasza 30\/60\u00b0 do lamp LED\"}]},{\"@type\":\"WebSite\",\"@id\":\"https:\/\/glareone.eu\/pl\/en\/#website\",\"url\":\"https:\/\/glareone.eu\/pl\/en\/\",\"name\":\"GlareOne\",\"description\":\"Wyposa\u017cenie Studia\",\"publisher\":{\"@id\":\"https:\/\/glareone.eu\/pl\/en\/#organization\"},\"potentialAction\":[{\"@type\":\"SearchAction\",\"target\":{\"@type\":\"EntryPoint\",\"urlTemplate\":\"https:\/\/glareone.eu\/pl\/en\/?s={search_term_string}\"},\"query-input\":{\"@type\":\"PropertyValueSpecification\",\"valueRequired\":true,\"valueName\":\"search_term_string\"}}],\"inLanguage\":\"pl-PL\"},{\"@type\":\"Organization\",\"@id\":\"https:\/\/glareone.eu\/pl\/en\/#organization\",\"name\":\"GlareOne\",\"url\":\"https:\/\/glareone.eu\/pl\/en\/\",\"logo\":{\"@type\":\"ImageObject\",\"inLanguage\":\"pl-PL\",\"@id\":\"https:\/\/glareone.eu\/pl\/en\/#\/schema\/logo\/image\/\",\"url\":\"http:\/\/glareone.eu\/wp-content\/uploads\/2024\/05\/glareone_logo2020_RGB-01-e1715773127189.png\",\"contentUrl\":\"http:\/\/glareone.eu\/wp-content\/uploads\/2024\/05\/glareone_logo2020_RGB-01-e1715773127189.png\",\"width\":1270,\"height\":321,\"caption\":\"GlareOne\"},\"image\":{\"@id\":\"https:\/\/glareone.eu\/pl\/en\/#\/schema\/logo\/image\/\"},\"sameAs\":[\"https:\/\/www.facebook.com\/GlareOneLighting\",\"https:\/\/www.instagram.com\/glareonelighting\/\",\"https:\/\/www.youtube.com\/@GlareOneTV\"]}]}<\/script>\n<!-- \/ Yoast SEO plugin. -->","yoast_head_json":{"title":"GlareOne LED Booster Vario 30\/60\u00b0 Reflector","robots":{"index":"index","follow":"follow","max-snippet":"max-snippet:-1","max-image-preview":"max-image-preview:large","max-video-preview":"max-video-preview:-1"},"canonical":"https:\/\/glareone.eu\/pl\/produkt\/glareone-led-booster-vario-30-60-reflector\/","og_locale":"pl_PL","og_type":"article","og_title":"GlareOne PRO Reflector","og_description":"Czasza o zmiennym k\u0105cie \u015bwiecenia 30\u00b0\/60\u00b0, stworzona z my\u015bl\u0105 o lampach LED. Czasza jest podstawowym modyfikatorem \u015bwiat\u0142a, kt\u00f3ry warto posiada\u0107. Za jej pomoc\u0105 mo\u017cna skierowa\u0107 \u015bwiat\u0142o z lampy w konkretnym kierunku, aby bezpo\u015brednio o\u015bwietli\u0107 plan zdj\u0119ciowy, odbi\u0107 je od blendy czy przepu\u015bci\u0107 przez dyfuzor.\u00a0 Czasza LED Booster Vario 30\/60\u00b0 umo\u017cliwia zmian\u0119 k\u0105ta padaj\u0105cego \u015bwiat\u0142a. Mo\u017cemy [&hellip;]","og_url":"https:\/\/glareone.eu\/pl\/produkt\/glareone-led-booster-vario-30-60-reflector\/","og_site_name":"GlareOne","article_publisher":"https:\/\/www.facebook.com\/GlareOneLighting","article_modified_time":"2025-04-14T12:16:34+00:00","og_image":[{"width":1200,"height":1200,"url":"https:\/\/glareone.eu\/wp-content\/uploads\/2025\/04\/SREFLEDBV_01.jpg","type":"image\/jpeg"}],"twitter_card":"summary_large_image","twitter_title":"GlareOne PRO Reflector","twitter_misc":{"Szacowany czas czytania":"1 minuta"},"schema":{"@context":"https:\/\/schema.org","@graph":[{"@type":"WebPage","@id":"https:\/\/glareone.eu\/pl\/produkt\/glareone-led-booster-vario-30-60-reflector\/","url":"https:\/\/glareone.eu\/pl\/produkt\/glareone-led-booster-vario-30-60-reflector\/","name":"GlareOne LED Booster Vario 30\/60\u00b0 Reflector","isPartOf":{"@id":"https:\/\/glareone.eu\/pl\/en\/#website"},"primaryImageOfPage":{"@id":"https:\/\/glareone.eu\/pl\/produkt\/glareone-led-booster-vario-30-60-reflector\/#primaryimage"},"image":{"@id":"https:\/\/glareone.eu\/pl\/produkt\/glareone-led-booster-vario-30-60-reflector\/#primaryimage"},"thumbnailUrl":"https:\/\/glareone.eu\/wp-content\/uploads\/2025\/04\/SREFLEDBV_01.jpg","datePublished":"2025-04-14T12:12:22+00:00","dateModified":"2025-04-14T12:16:34+00:00","breadcrumb":{"@id":"https:\/\/glareone.eu\/pl\/produkt\/glareone-led-booster-vario-30-60-reflector\/#breadcrumb"},"inLanguage":"pl-PL","potentialAction":[{"@type":"ReadAction","target":["https:\/\/glareone.eu\/pl\/produkt\/glareone-led-booster-vario-30-60-reflector\/"]}]},{"@type":"ImageObject","inLanguage":"pl-PL","@id":"https:\/\/glareone.eu\/pl\/produkt\/glareone-led-booster-vario-30-60-reflector\/#primaryimage","url":"https:\/\/glareone.eu\/wp-content\/uploads\/2025\/04\/SREFLEDBV_01.jpg","contentUrl":"https:\/\/glareone.eu\/wp-content\/uploads\/2025\/04\/SREFLEDBV_01.jpg","width":1200,"height":1200},{"@type":"BreadcrumbList","@id":"https:\/\/glareone.eu\/pl\/produkt\/glareone-led-booster-vario-30-60-reflector\/#breadcrumb","itemListElement":[{"@type":"ListItem","position":1,"name":"Strona g\u0142\u00f3wna","item":"https:\/\/glareone.eu\/pl\/"},{"@type":"ListItem","position":2,"name":"Wszystkie produkty","item":"https:\/\/glareone.eu\/pl\/produkty\/wszystkie-produkty\/"},{"@type":"ListItem","position":3,"name":"GlareOne LED Booster Vario &#8211; czasza 30\/60\u00b0 do lamp LED"}]},{"@type":"WebSite","@id":"https:\/\/glareone.eu\/pl\/en\/#website","url":"https:\/\/glareone.eu\/pl\/en\/","name":"GlareOne","description":"Wyposa\u017cenie Studia","publisher":{"@id":"https:\/\/glareone.eu\/pl\/en\/#organization"},"potentialAction":[{"@type":"SearchAction","target":{"@type":"EntryPoint","urlTemplate":"https:\/\/glareone.eu\/pl\/en\/?s={search_term_string}"},"query-input":{"@type":"PropertyValueSpecification","valueRequired":true,"valueName":"search_term_string"}}],"inLanguage":"pl-PL"},{"@type":"Organization","@id":"https:\/\/glareone.eu\/pl\/en\/#organization","name":"GlareOne","url":"https:\/\/glareone.eu\/pl\/en\/","logo":{"@type":"ImageObject","inLanguage":"pl-PL","@id":"https:\/\/glareone.eu\/pl\/en\/#\/schema\/logo\/image\/","url":"http:\/\/glareone.eu\/wp-content\/uploads\/2024\/05\/glareone_logo2020_RGB-01-e1715773127189.png","contentUrl":"http:\/\/glareone.eu\/wp-content\/uploads\/2024\/05\/glareone_logo2020_RGB-01-e1715773127189.png","width":1270,"height":321,"caption":"GlareOne"},"image":{"@id":"https:\/\/glareone.eu\/pl\/en\/#\/schema\/logo\/image\/"},"sameAs":["https:\/\/www.facebook.com\/GlareOneLighting","https:\/\/www.instagram.com\/glareonelighting\/","https:\/\/www.youtube.com\/@GlareOneTV"]}]}},"_links":{"self":[{"href":"https:\/\/glareone.eu\/pl\/wp-json\/wp\/v2\/product\/15756","targetHints":{"allow":["GET"]}}],"collection":[{"href":"https:\/\/glareone.eu\/pl\/wp-json\/wp\/v2\/product"}],"about":[{"href":"https:\/\/glareone.eu\/pl\/wp-json\/wp\/v2\/types\/product"}],"wp:featuredmedia":[{"embeddable":true,"href":"https:\/\/glareone.eu\/pl\/wp-json\/wp\/v2\/media\/15760"}],"wp:attachment":[{"href":"https:\/\/glareone.eu\/pl\/wp-json\/wp\/v2\/media?parent=15756"}],"wp:term":[{"taxonomy":"product_brand","embeddable":true,"href":"https:\/\/glareone.eu\/pl\/wp-json\/wp\/v2\/product_brand?post=15756"},{"taxonomy":"product_cat","embeddable":true,"href":"https:\/\/glareone.eu\/pl\/wp-json\/wp\/v2\/product_cat?post=15756"},{"taxonomy":"product_tag","embeddable":true,"href":"https:\/\/glareone.eu\/pl\/wp-json\/wp\/v2\/product_tag?post=15756"}],"curies":[{"name":"wp","href":"https:\/\/api.w.org\/{rel}","templated":true}]}}