{"id":1136,"date":"2024-04-18T19:26:42","date_gmt":"2024-04-18T19:26:42","guid":{"rendered":"http:\/\/glareone.eu\/produkt\/glareone-apus-48\/"},"modified":"2026-01-21T11:34:12","modified_gmt":"2026-01-21T11:34:12","slug":"glareone-apus-48","status":"publish","type":"product","link":"https:\/\/glareone.eu\/pl\/produkt\/glareone-apus-48\/","title":{"rendered":"GlareOne Apus 48"},"content":{"rendered":"<p><span style=\"font-weight: 400;\">GlareOne Apus 48 to kompaktowa lampa reporterska, kt\u00f3ra oferuje du\u017c\u0105 moc, tryby HSS i TTL, d\u0142ugotrwa\u0142\u0105 prac\u0119 na jednym \u0142adowaniu akumulatora oraz intuicyjn\u0105 obs\u0142ug\u0119, dzi\u0119ki ekranowi dotykowemu. Jest kompatybilna z wieloma aparatami oraz funkcj\u0105 zdalnego sterowania, dlatego stanowi doskona\u0142y wyb\u00f3r dla fotograf\u00f3w, kt\u00f3rzy potrzebuj\u0105 niezawodnego i elastycznego \u017ar\u00f3d\u0142a \u015bwiat\u0142a, fotografuj\u0105c w r\u00f3\u017cnych warunkach.<\/span><\/p>\n<p style=\"margin: 1cm 4cm;\">\n<div class='avia-iframe-wrap'><iframe loading=\"lazy\" title=\"GlareOne Apus 48 i 48 S - prezentacja lampy speedlite\" width=\"1500\" height=\"844\" src=\"https:\/\/www.youtube.com\/embed\/ZIvy2nycO3Y?feature=oembed\" frameborder=\"0\" allow=\"accelerometer; autoplay; clipboard-write; encrypted-media; gyroscope; picture-in-picture; web-share\" referrerpolicy=\"strict-origin-when-cross-origin\" allowfullscreen><\/iframe><\/div>\n<\/p>\n<h3>Kompatybilno\u015b\u0107 i wszechstronno\u015b\u0107<\/h3>\n<p><span style=\"font-weight: 400;\">Lampa b\u0142yskowa GlareOne Apus 48 jest kompatybilna z szerok\u0105 gam\u0105 aparat\u00f3w fotograficznych, takich jak Canon, Nikon, Fujifilm, Lumix oraz OM SYSTEM. Dzi\u0119ki temu jest idealnym wyborem dla fotograf\u00f3w u\u017cywaj\u0105cych r\u00f3\u017cnych system\u00f3w &#8211; stanowi uniwersalne narz\u0119dzie, kt\u00f3re z \u0142atwo\u015bci\u0105 dostosuje si\u0119 do sprz\u0119tu u\u017cytkownika.<\/span><\/p>\n<h3>Ekran dotykowy<\/h3>\n<p>Lampa jest wyposa\u017cona w ekran dotykowy, co zapewnia \u0142atw\u0105 i intuicyjn\u0105 obs\u0142ug\u0119. Dzi\u0119ki prostemu interfejsowi u\u017cytkownik mo\u017ce szybko dostosowa\u0107 wszystkie ustawienia, co znacz\u0105co usprawnia prac\u0119 w dynamicznych warunkach.<\/p>\n<h3>Tryby pracy i zdalne sterowanie<\/h3>\n<p>Lampa GlareOne Apus 48 oferuje prac\u0119 w trybie MASTER oraz SLAVE. W trybie MASTER lampa mo\u017ce dzia\u0142a\u0107 jako zdalny sterownik dla innych lamp b\u0142yskowych, umo\u017cliwiaj\u0105c stworzenie zaawansowanego systemu o\u015bwietlenia. Z kolei w trybie SLAVE lampa mo\u017ce by\u0107 wyzwalana zdalnie przez inne urz\u0105dzenia, co daje pe\u0142n\u0105 elastyczno\u015b\u0107 w tworzeniu o\u015bwietlenia na planie zdj\u0119ciowym.<\/p>\n<h3>Wsp\u00f3\u0142praca z wyzwalaczami<\/h3>\n<p>Lampa b\u0142yskowa GlareOne Apus 48 wsp\u00f3\u0142pracuje ze wszystkimi wyzwalaczami GlareOne, co pozwala na jej \u0142atwe wykorzystanie wraz z innymi lampami b\u0142yskowymi GlareOne, zapewniaj\u0105c wygod\u0119 i elastyczno\u015b\u0107 w pracy.<\/p>\n<h3>Zaawansowane ustawienia kana\u0142\u00f3w i grup<\/h3>\n<p>GlareOne Apus 48 umo\u017cliwia prac\u0119 w 16 grupach oraz na 32 kana\u0142ach, co daje szeroki zakres mo\u017cliwo\u015bci konfiguracji i kontroli nad wieloma lampami w r\u00f3\u017cnych warunkach. Dzi\u0119ki temu mo\u017cna precyzyjnie ustawi\u0107 parametry o\u015bwietlenia.<\/p>\n<h3>Synchronizacja HSS i TTL<\/h3>\n<p>Lampa oferuje synchronizacj\u0119 z bardzo kr\u00f3tkimi czasami otwarcia migawki HSS, co jest istotne przy pracy w plenerze i fotografii portretowej z p\u0142ytk\u0105 g\u0142\u0119bi\u0105 ostro\u015bci. Automatyczny pomiar \u015bwiat\u0142a TTL umo\u017cliwia uzyskanie optymalnego o\u015bwietlenia bez konieczno\u015bci r\u0119cznego ustawiania parametr\u00f3w, co jest nie tylko wygodne, ale pozwala zaoszcz\u0119dzi\u0107 czas.<\/p>\n<h3>D\u0142uga wytrzyma\u0142o\u015b\u0107 akumulatora<\/h3>\n<p>Dzi\u0119ki zastosowaniu litowo-jonowego akumulatora, lampa GlareOne Apus 48 jest w stanie wykona\u0107 do 550 b\u0142ysk\u00f3w na jednym \u0142adowaniu, co zapewnia d\u0142ugotrwa\u0142\u0105 i niezawodn\u0105 prac\u0119, nawet podczas intensywnych sesji fotograficznych.<br \/>\nRegulacja mocy b\u0142ysku<br \/>\nLampa oferuje mo\u017cliwo\u015b\u0107 regulacji mocy b\u0142ysku w zakresie 9 stopni przys\u0142ony, co pozwala na precyzyjne dopasowanie mocy b\u0142ysku.<\/p>\n<h3>Szybki czas \u0142adowania<\/h3>\n<p>Czas \u0142adowania lampy GlareOne Apus 48 waha si\u0119 od 0,05 do 1,7 sekundy, umo\u017cliwiaj\u0105c szybkie i efektywne przygotowanie do kolejnych uj\u0119\u0107, bez d\u0142ugich przestoj\u00f3w w pracy.<\/p>\n<h3>Cechy lampy GlareOne Apus 48:<\/h3>\n<ul>\n<li>kompatybilna z Sony,<\/li>\n<li>posiada ekran dotykowy,<\/li>\n<li>do 550 b\u0142ysk\u00f3w na jednym \u0142adowaniu akumulatora,<\/li>\n<li>synchronizacja z kr\u00f3tkimi czasami otwarcia migawki HSS,<\/li>\n<li>automatyczny pomiar \u015bwiat\u0142a TTL,<\/li>\n<li>mo\u017ce pracowa\u0107 jako zdalny sterownik dla innych lamp b\u0142yskowych (tryb MASTER),<\/li>\n<li>daje si\u0119 zdalnie sterowa\u0107 i wyzwala\u0107 (tryb SLAVE),<\/li>\n<li>wsp\u00f3\u0142pracuje z wszystkimi wyzwalaczami GlareOne,<\/li>\n<li>16 grup\/32 kana\u0142y,<\/li>\n<li><span style=\"font-weight: 400;\">wsp\u00f3\u0142pracuje z lampami Vega, Antares, Apus, Botis,<\/span><\/li>\n<li>regulacja mocy b\u0142ysku w zakresie 9 stopni przys\u0142ony,<\/li>\n<li>maksymalna moc 48 Ws,<\/li>\n<li>czas \u0142adowania 0.05 ~ 1.7 s.<\/li>\n<\/ul>\n<h3>Zawarto\u015b\u0107 pude\u0142ka:<\/h3>\n<p>1x GlareOne Apus 48<br \/>\n1x dyfuzor<br \/>\n1x akumulator A48BP<br \/>\n1x adapter \u0142aduj\u0105cy A48CH<br \/>\n1x przew\u00f3d \u0142adowania USB-C<br \/>\n1x etui<br \/>\n1x instrukcja obs\u0142ugi<br \/>\n1x stopka statywowa<\/p>\n","protected":false},"excerpt":{"rendered":"<p>GlareOne Apus 48 to kompaktowa lampa reporterska, kt\u00f3ra oferuje du\u017c\u0105 moc, tryby HSS i TTL, d\u0142ugotrwa\u0142\u0105 prac\u0119 na jednym \u0142adowaniu akumulatora oraz intuicyjn\u0105 obs\u0142ug\u0119, dzi\u0119ki ekranowi dotykowemu. Jest kompatybilna z wieloma aparatami oraz funkcj\u0105 zdalnego sterowania, dlatego stanowi doskona\u0142y wyb\u00f3r dla fotograf\u00f3w, kt\u00f3rzy potrzebuj\u0105 niezawodnego i elastycznego \u017ar\u00f3d\u0142a \u015bwiat\u0142a, fotografuj\u0105c w r\u00f3\u017cnych warunkach. Kompatybilno\u015b\u0107 i [&hellip;]<\/p>\n","protected":false},"featured_media":14745,"template":"","meta":[],"product_brand":[],"product_cat":[522],"product_tag":[],"class_list":{"0":"post-1136","1":"product","2":"type-product","3":"status-publish","4":"has-post-thumbnail","6":"product_cat-lampy-blyskowe-akumulatorowe","8":"first","9":"instock","10":"product-type-simple"},"yoast_head":"<!-- This site is optimized with the Yoast SEO plugin v27.2 - https:\/\/yoast.com\/product\/yoast-seo-wordpress\/ -->\n<title>GlareOne Apus 48<\/title>\n<meta name=\"description\" content=\"GlareOne Apus 48\" \/>\n<meta name=\"robots\" content=\"index, follow, max-snippet:-1, max-image-preview:large, max-video-preview:-1\" \/>\n<link rel=\"canonical\" href=\"https:\/\/glareone.eu\/pl\/produkt\/glareone-apus-48\/\" \/>\n<meta property=\"og:locale\" content=\"pl_PL\" \/>\n<meta property=\"og:type\" content=\"article\" \/>\n<meta property=\"og:title\" content=\"GlareOne Apus 48\" \/>\n<meta property=\"og:description\" content=\"GlareOne Apus 48\" \/>\n<meta property=\"og:url\" content=\"https:\/\/glareone.eu\/pl\/produkt\/glareone-apus-48\/\" \/>\n<meta property=\"og:site_name\" content=\"GlareOne\" \/>\n<meta property=\"article:publisher\" content=\"https:\/\/www.facebook.com\/GlareOneLighting\" \/>\n<meta property=\"article:modified_time\" content=\"2026-01-21T11:34:12+00:00\" \/>\n<meta property=\"og:image\" content=\"https:\/\/glareone.eu\/wp-content\/uploads\/2024\/04\/SAPUS48_12-2.jpg\" \/>\n\t<meta property=\"og:image:width\" content=\"1200\" \/>\n\t<meta property=\"og:image:height\" content=\"1200\" \/>\n\t<meta property=\"og:image:type\" content=\"image\/jpeg\" \/>\n<meta name=\"twitter:card\" content=\"summary_large_image\" \/>\n<meta name=\"twitter:title\" content=\"GlareOne Apus 48\" \/>\n<meta name=\"twitter:label1\" content=\"Szacowany czas czytania\" \/>\n\t<meta name=\"twitter:data1\" content=\"3 minuty\" \/>\n<script type=\"application\/ld+json\" class=\"yoast-schema-graph\">{\"@context\":\"https:\/\/schema.org\",\"@graph\":[{\"@type\":\"WebPage\",\"@id\":\"https:\/\/glareone.eu\/pl\/produkt\/glareone-apus-48\/\",\"url\":\"https:\/\/glareone.eu\/pl\/produkt\/glareone-apus-48\/\",\"name\":\"GlareOne Apus 48\",\"isPartOf\":{\"@id\":\"https:\/\/glareone.eu\/pl\/en\/#website\"},\"primaryImageOfPage\":{\"@id\":\"https:\/\/glareone.eu\/pl\/produkt\/glareone-apus-48\/#primaryimage\"},\"image\":{\"@id\":\"https:\/\/glareone.eu\/pl\/produkt\/glareone-apus-48\/#primaryimage\"},\"thumbnailUrl\":\"https:\/\/glareone.eu\/wp-content\/uploads\/2024\/04\/SAPUS48_12-2.jpg\",\"datePublished\":\"2024-04-18T19:26:42+00:00\",\"dateModified\":\"2026-01-21T11:34:12+00:00\",\"description\":\"GlareOne Apus 48\",\"breadcrumb\":{\"@id\":\"https:\/\/glareone.eu\/pl\/produkt\/glareone-apus-48\/#breadcrumb\"},\"inLanguage\":\"pl-PL\",\"potentialAction\":[{\"@type\":\"ReadAction\",\"target\":[\"https:\/\/glareone.eu\/pl\/produkt\/glareone-apus-48\/\"]}]},{\"@type\":\"ImageObject\",\"inLanguage\":\"pl-PL\",\"@id\":\"https:\/\/glareone.eu\/pl\/produkt\/glareone-apus-48\/#primaryimage\",\"url\":\"https:\/\/glareone.eu\/wp-content\/uploads\/2024\/04\/SAPUS48_12-2.jpg\",\"contentUrl\":\"https:\/\/glareone.eu\/wp-content\/uploads\/2024\/04\/SAPUS48_12-2.jpg\",\"width\":1200,\"height\":1200},{\"@type\":\"BreadcrumbList\",\"@id\":\"https:\/\/glareone.eu\/pl\/produkt\/glareone-apus-48\/#breadcrumb\",\"itemListElement\":[{\"@type\":\"ListItem\",\"position\":1,\"name\":\"Strona g\u0142\u00f3wna\",\"item\":\"https:\/\/glareone.eu\/pl\/\"},{\"@type\":\"ListItem\",\"position\":2,\"name\":\"Wszystkie produkty\",\"item\":\"https:\/\/glareone.eu\/pl\/produkty\/wszystkie-produkty\/\"},{\"@type\":\"ListItem\",\"position\":3,\"name\":\"GlareOne Apus 48\"}]},{\"@type\":\"WebSite\",\"@id\":\"https:\/\/glareone.eu\/pl\/en\/#website\",\"url\":\"https:\/\/glareone.eu\/pl\/en\/\",\"name\":\"GlareOne\",\"description\":\"Wyposa\u017cenie Studia\",\"publisher\":{\"@id\":\"https:\/\/glareone.eu\/pl\/en\/#organization\"},\"potentialAction\":[{\"@type\":\"SearchAction\",\"target\":{\"@type\":\"EntryPoint\",\"urlTemplate\":\"https:\/\/glareone.eu\/pl\/en\/?s={search_term_string}\"},\"query-input\":{\"@type\":\"PropertyValueSpecification\",\"valueRequired\":true,\"valueName\":\"search_term_string\"}}],\"inLanguage\":\"pl-PL\"},{\"@type\":\"Organization\",\"@id\":\"https:\/\/glareone.eu\/pl\/en\/#organization\",\"name\":\"GlareOne\",\"url\":\"https:\/\/glareone.eu\/pl\/en\/\",\"logo\":{\"@type\":\"ImageObject\",\"inLanguage\":\"pl-PL\",\"@id\":\"https:\/\/glareone.eu\/pl\/en\/#\/schema\/logo\/image\/\",\"url\":\"http:\/\/glareone.eu\/wp-content\/uploads\/2024\/05\/glareone_logo2020_RGB-01-e1715773127189.png\",\"contentUrl\":\"http:\/\/glareone.eu\/wp-content\/uploads\/2024\/05\/glareone_logo2020_RGB-01-e1715773127189.png\",\"width\":1270,\"height\":321,\"caption\":\"GlareOne\"},\"image\":{\"@id\":\"https:\/\/glareone.eu\/pl\/en\/#\/schema\/logo\/image\/\"},\"sameAs\":[\"https:\/\/www.facebook.com\/GlareOneLighting\",\"https:\/\/www.instagram.com\/glareonelighting\/\",\"https:\/\/www.youtube.com\/@GlareOneTV\"]}]}<\/script>\n<!-- \/ Yoast SEO plugin. -->","yoast_head_json":{"title":"GlareOne Apus 48","description":"GlareOne Apus 48","robots":{"index":"index","follow":"follow","max-snippet":"max-snippet:-1","max-image-preview":"max-image-preview:large","max-video-preview":"max-video-preview:-1"},"canonical":"https:\/\/glareone.eu\/pl\/produkt\/glareone-apus-48\/","og_locale":"pl_PL","og_type":"article","og_title":"GlareOne Apus 48","og_description":"GlareOne Apus 48","og_url":"https:\/\/glareone.eu\/pl\/produkt\/glareone-apus-48\/","og_site_name":"GlareOne","article_publisher":"https:\/\/www.facebook.com\/GlareOneLighting","article_modified_time":"2026-01-21T11:34:12+00:00","og_image":[{"width":1200,"height":1200,"url":"https:\/\/glareone.eu\/wp-content\/uploads\/2024\/04\/SAPUS48_12-2.jpg","type":"image\/jpeg"}],"twitter_card":"summary_large_image","twitter_title":"GlareOne Apus 48","twitter_misc":{"Szacowany czas czytania":"3 minuty"},"schema":{"@context":"https:\/\/schema.org","@graph":[{"@type":"WebPage","@id":"https:\/\/glareone.eu\/pl\/produkt\/glareone-apus-48\/","url":"https:\/\/glareone.eu\/pl\/produkt\/glareone-apus-48\/","name":"GlareOne Apus 48","isPartOf":{"@id":"https:\/\/glareone.eu\/pl\/en\/#website"},"primaryImageOfPage":{"@id":"https:\/\/glareone.eu\/pl\/produkt\/glareone-apus-48\/#primaryimage"},"image":{"@id":"https:\/\/glareone.eu\/pl\/produkt\/glareone-apus-48\/#primaryimage"},"thumbnailUrl":"https:\/\/glareone.eu\/wp-content\/uploads\/2024\/04\/SAPUS48_12-2.jpg","datePublished":"2024-04-18T19:26:42+00:00","dateModified":"2026-01-21T11:34:12+00:00","description":"GlareOne Apus 48","breadcrumb":{"@id":"https:\/\/glareone.eu\/pl\/produkt\/glareone-apus-48\/#breadcrumb"},"inLanguage":"pl-PL","potentialAction":[{"@type":"ReadAction","target":["https:\/\/glareone.eu\/pl\/produkt\/glareone-apus-48\/"]}]},{"@type":"ImageObject","inLanguage":"pl-PL","@id":"https:\/\/glareone.eu\/pl\/produkt\/glareone-apus-48\/#primaryimage","url":"https:\/\/glareone.eu\/wp-content\/uploads\/2024\/04\/SAPUS48_12-2.jpg","contentUrl":"https:\/\/glareone.eu\/wp-content\/uploads\/2024\/04\/SAPUS48_12-2.jpg","width":1200,"height":1200},{"@type":"BreadcrumbList","@id":"https:\/\/glareone.eu\/pl\/produkt\/glareone-apus-48\/#breadcrumb","itemListElement":[{"@type":"ListItem","position":1,"name":"Strona g\u0142\u00f3wna","item":"https:\/\/glareone.eu\/pl\/"},{"@type":"ListItem","position":2,"name":"Wszystkie produkty","item":"https:\/\/glareone.eu\/pl\/produkty\/wszystkie-produkty\/"},{"@type":"ListItem","position":3,"name":"GlareOne Apus 48"}]},{"@type":"WebSite","@id":"https:\/\/glareone.eu\/pl\/en\/#website","url":"https:\/\/glareone.eu\/pl\/en\/","name":"GlareOne","description":"Wyposa\u017cenie Studia","publisher":{"@id":"https:\/\/glareone.eu\/pl\/en\/#organization"},"potentialAction":[{"@type":"SearchAction","target":{"@type":"EntryPoint","urlTemplate":"https:\/\/glareone.eu\/pl\/en\/?s={search_term_string}"},"query-input":{"@type":"PropertyValueSpecification","valueRequired":true,"valueName":"search_term_string"}}],"inLanguage":"pl-PL"},{"@type":"Organization","@id":"https:\/\/glareone.eu\/pl\/en\/#organization","name":"GlareOne","url":"https:\/\/glareone.eu\/pl\/en\/","logo":{"@type":"ImageObject","inLanguage":"pl-PL","@id":"https:\/\/glareone.eu\/pl\/en\/#\/schema\/logo\/image\/","url":"http:\/\/glareone.eu\/wp-content\/uploads\/2024\/05\/glareone_logo2020_RGB-01-e1715773127189.png","contentUrl":"http:\/\/glareone.eu\/wp-content\/uploads\/2024\/05\/glareone_logo2020_RGB-01-e1715773127189.png","width":1270,"height":321,"caption":"GlareOne"},"image":{"@id":"https:\/\/glareone.eu\/pl\/en\/#\/schema\/logo\/image\/"},"sameAs":["https:\/\/www.facebook.com\/GlareOneLighting","https:\/\/www.instagram.com\/glareonelighting\/","https:\/\/www.youtube.com\/@GlareOneTV"]}]}},"_links":{"self":[{"href":"https:\/\/glareone.eu\/pl\/wp-json\/wp\/v2\/product\/1136","targetHints":{"allow":["GET"]}}],"collection":[{"href":"https:\/\/glareone.eu\/pl\/wp-json\/wp\/v2\/product"}],"about":[{"href":"https:\/\/glareone.eu\/pl\/wp-json\/wp\/v2\/types\/product"}],"wp:featuredmedia":[{"embeddable":true,"href":"https:\/\/glareone.eu\/pl\/wp-json\/wp\/v2\/media\/14745"}],"wp:attachment":[{"href":"https:\/\/glareone.eu\/pl\/wp-json\/wp\/v2\/media?parent=1136"}],"wp:term":[{"taxonomy":"product_brand","embeddable":true,"href":"https:\/\/glareone.eu\/pl\/wp-json\/wp\/v2\/product_brand?post=1136"},{"taxonomy":"product_cat","embeddable":true,"href":"https:\/\/glareone.eu\/pl\/wp-json\/wp\/v2\/product_cat?post=1136"},{"taxonomy":"product_tag","embeddable":true,"href":"https:\/\/glareone.eu\/pl\/wp-json\/wp\/v2\/product_tag?post=1136"}],"curies":[{"name":"wp","href":"https:\/\/api.w.org\/{rel}","templated":true}]}}