{"id":1133,"date":"2024-04-18T19:26:42","date_gmt":"2024-04-18T19:26:42","guid":{"rendered":"http:\/\/glareone.eu\/produkt\/glareone-botis-200\/"},"modified":"2025-02-04T08:01:49","modified_gmt":"2025-02-04T08:01:49","slug":"glareone-botis-200","status":"publish","type":"product","link":"https:\/\/glareone.eu\/pl\/produkt\/glareone-botis-200\/","title":{"rendered":"GlareOne Botis 200"},"content":{"rendered":"<p>GlareOne Botis 200 to lampa o mocy 200 Ws, zapewniaj\u0105ca mocne \u015bwiat\u0142o dla wymagaj\u0105cych u\u017cytkownik\u00f3w. Jej pojemny akumulator Li-Ion pozwala wykona\u0107 do 450 b\u0142ysk\u00f3w pe\u0142nej mocy na jednym \u0142adowaniu. Wbudowane funkcje TTL i HSS zapewniaj\u0105 optymalne na\u015bwietlenie w ka\u017cdych warunkach.<\/p>\n<p style=\"margin: 1cm 4cm;\">\n<div class='avia-iframe-wrap'><iframe loading=\"lazy\" title=\"GlareOne Botis 200 - prezentacja lampy\" width=\"1500\" height=\"844\" src=\"https:\/\/www.youtube.com\/embed\/YJDTJqvGB4w?feature=oembed\" frameborder=\"0\" allow=\"accelerometer; autoplay; clipboard-write; encrypted-media; gyroscope; picture-in-picture; web-share\" referrerpolicy=\"strict-origin-when-cross-origin\" allowfullscreen><\/iframe><\/div>\n<\/p>\n<h3>Moc i wydajno\u015b\u0107<\/h3>\n<p>GlareOne Botis 200 to lampa o maksymalnej energii b\u0142ysku 200 Ws, dzi\u0119ki czemu jest oko\u0142o czterokrotnie mocniejsza ni\u017c standardowe lampy reporterskie. Tak mocne \u017ar\u00f3d\u0142o \u015bwiat\u0142a jest niezwykle przydatne podczas wymagaj\u0105cych sesji nie tylko w studio, ale i w plenerze. Lampa posiada wydajny system ch\u0142odzenia, kt\u00f3ry pozwala intensywnie u\u017cytkowa\u0107 j\u0105 w trakcie dynamicznych sesji. Czas \u0142adowania przy maksymalnej mocy to jedynie 1,3 sekundy, dzi\u0119ki czemu mo\u017cna utrzymywa\u0107 du\u017ce tempo pracy i chwyta\u0107 kolejne uj\u0119cia, bez przestoj\u00f3w w pracy.<\/p>\n<h3>Jako\u015b\u0107 \u015bwiat\u0142a<\/h3>\n<p>Lampa posiada palnik studyjny, dzi\u0119ki czemu \u015bwiat\u0142o, kt\u00f3re z niej pada, rozk\u0142ada si\u0119 r\u00f3wnomiernie. To sprawia, \u017ce Botis 200 idealnie nadaje si\u0119 do pracy z wszelakimi modyfikatorami \u015bwiat\u0142a, takimi jak softboxy, parasole, czasze, strumienice czy beauty-dishe. Temperatura barwowa \u015bwiat\u0142a odpowiada \u015bwiat\u0142u dziennemu (oko\u0142o 5500 K), zapewniaj\u0105c najlepsze mo\u017cliwe odwzorowanie kolor\u00f3w i detali na zdj\u0119ciach.<\/p>\n<h3>Kr\u00f3tki czas trwania b\u0142ysku<\/h3>\n<p>Botis 200 posiada funkcj\u0119 Freeze, dzi\u0119ki temu czas trwania b\u0142ysku wynosi od 1\/1130 do 1\/44400 (t0.5). Zdj\u0119cia wykonane z u\u017cyciem pe\u0142nej mocy b\u0119d\u0105 ostre, a z\u0142apany na nich ruch zostanie zamro\u017cony.<\/p>\n<h3>Adapter Bowens i akcesoria<\/h3>\n<p>Botis 200 posiada w zestawie bogaty zestaw akcesori\u00f3w. Czasza z gridem i kolorowymi filtrami pozwala dok\u0142adniej ukierunkowa\u0107 \u015bwiat\u0142o lub je zabarwia\u0107. Adapter Bowens daje mo\u017cliwo\u015b\u0107 u\u017cycia modyfikator\u00f3w studyjnych, a sam monta\u017c adaptera jest bardzo prosty i szybki. W zestawie znajduje si\u0119 r\u00f3wnie\u017c por\u0119czna walizka, w kt\u00f3rej bezpiecznie przetransportujemy lamp\u0119.<\/p>\n<h3>Zdalne sterowanie<\/h3>\n<p>GlareOne Botis 200 jest wyposa\u017cona w tryb SLAVE, w kt\u00f3rym mo\u017ce by\u0107 wyzwalana zdalnie przez inne urz\u0105dzenia systemu b\u0142ysku GlareOne. Daje to pe\u0142n\u0105 elastyczno\u015b\u0107 w tworzeniu o\u015bwietlenia na planie zdj\u0119ciowym. Dodatkowo, dzi\u0119ki kompatybilno\u015bci z systemem Canon RT, lampa oferuje mo\u017cliwo\u015bci bezpo\u015bredniej wsp\u00f3\u0142pracy z lampami i wyzwalaczami marki Canon.<\/p>\n<h3>Wsp\u00f3\u0142praca z wyzwalaczami<\/h3>\n<p>Lampa b\u0142yskowa GlareOne Botis 200 wsp\u00f3\u0142pracuje ze wszystkimi wyzwalaczami GlareOne, co pozwala na jej \u0142atwe wykorzystanie wraz z innymi lampami b\u0142yskowymi marki, zapewniaj\u0105c wygod\u0119 i elastyczno\u015b\u0107 w pracy.<\/p>\n<h3>Zaawansowane ustawienia kana\u0142\u00f3w i grup<\/h3>\n<p>GlareOne Botis 200 umo\u017cliwia prac\u0119 w 16 grupach oraz na 32 kana\u0142ach, co daje szeroki zakres mo\u017cliwo\u015bci konfiguracji i kontroli nad wieloma lampami w r\u00f3\u017cnych warunkach. Dzi\u0119ki temu mo\u017cna precyzyjnie ustawi\u0107 parametry o\u015bwietlenia.<\/p>\n<h3>Automatyka HSS i TTL<\/h3>\n<p>Lampa oferuje synchronizacj\u0119 z bardzo kr\u00f3tkimi czasami otwarcia migawki HSS, co jest istotne przy pracy w plenerze i fotografii portretowej z p\u0142ytk\u0105 g\u0142\u0119bi\u0105 ostro\u015bci. Automatyczny pomiar \u015bwiat\u0142a TTL umo\u017cliwia uzyskanie optymalnego o\u015bwietlenia bez konieczno\u015bci r\u0119cznego ustawiania parametr\u00f3w, co jest wygodne i oszcz\u0119dza czas.<\/p>\n<h3>Akumulator<\/h3>\n<p>Dzi\u0119ki zastosowaniu litowo-jonowego akumulatora, lampa GlareOne Botis 200 jest w stanie wykona\u0107 do 450 b\u0142ysk\u00f3w na jednym \u0142adowaniu, co zapewnia d\u0142ugotrwa\u0142\u0105 i niezawodn\u0105 prac\u0119 nawet podczas intensywnych sesji fotograficznych.<\/p>\n<h3>Regulacja mocy b\u0142ysku<\/h3>\n<p>Lampa oferuje mo\u017cliwo\u015b\u0107 regulacji mocy b\u0142ysku w zakresie 9 stopni przys\u0142ony, co pozwala na precyzyjne dopasowanie mocy b\u0142ysku.<\/p>\n<h3>Cechy lampy GlareOne Botis 200:<\/h3>\n<ul>\n<li>palnik studyjny o mocy 200 Ws,<\/li>\n<li>synchronizacja z kr\u00f3tkimi czasami otwarcia migawki,<\/li>\n<li>automatyczny pomiar \u015bwiat\u0142a TTL,<\/li>\n<li>do 450 b\u0142ysk\u00f3w na jednym \u0142adowaniu akumulatora,<\/li>\n<li>regulacja mocy b\u0142ysku w zakresie 9 stopni przys\u0142ony,<\/li>\n<li>czas \u0142adowania 0.05 ~ 1.3 s,<\/li>\n<li>daje si\u0119 zdalnie sterowa\u0107 i wyzwala\u0107 (tryb SLAVE),<\/li>\n<li>posiada fotocel\u0119,<\/li>\n<li>wsp\u00f3\u0142pracuje ze wszystkimi wyzwalaczami GlareOne,<\/li>\n<li>wsp\u00f3\u0142pracuje z systemem Canon RT,<\/li>\n<li>16 grup \/ 32 kana\u0142y,<\/li>\n<li>\u015bwiat\u0142o pilotuj\u0105ce LED 5W.<\/li>\n<\/ul>\n<h3>W pude\u0142ku znajduje si\u0119:<\/h3>\n<p>1x GlareOne Botis 200<br \/>\n1x akumulator B200BP<br \/>\n1x \u0142adowarka B200CH + kabel EU + kabel UK<br \/>\n1x czasza<br \/>\n1x grid<br \/>\n1x instrukcja obs\u0142ugi<br \/>\n1x uchwyt statywowy<br \/>\n1x uchwyt na akcesoria<br \/>\n1x zestaw kolorowych filtr\u00f3w<br \/>\n1x walizka<br \/>\n1x adapter Bowens<\/p>\n","protected":false},"excerpt":{"rendered":"<p>GlareOne Botis 200 to lampa o mocy 200 Ws, zapewniaj\u0105ca mocne \u015bwiat\u0142o dla wymagaj\u0105cych u\u017cytkownik\u00f3w. Jej pojemny akumulator Li-Ion pozwala wykona\u0107 do 450 b\u0142ysk\u00f3w pe\u0142nej mocy na jednym \u0142adowaniu. Wbudowane funkcje TTL i HSS zapewniaj\u0105 optymalne na\u015bwietlenie w ka\u017cdych warunkach. Moc i wydajno\u015b\u0107 GlareOne Botis 200 to lampa o maksymalnej energii b\u0142ysku 200 Ws, dzi\u0119ki [&hellip;]<\/p>\n","protected":false},"featured_media":14028,"template":"","meta":[],"product_brand":[],"product_cat":[522],"product_tag":[],"class_list":{"0":"post-1133","1":"product","2":"type-product","3":"status-publish","4":"has-post-thumbnail","6":"product_cat-lampy-blyskowe-akumulatorowe","8":"first","9":"instock","10":"product-type-simple"},"yoast_head":"<!-- This site is optimized with the Yoast SEO plugin v27.2 - https:\/\/yoast.com\/product\/yoast-seo-wordpress\/ -->\n<title>GlareOne Botis 200<\/title>\n<meta name=\"description\" content=\"GlareOne Botis 200\" \/>\n<meta name=\"robots\" content=\"index, follow, max-snippet:-1, max-image-preview:large, max-video-preview:-1\" \/>\n<link rel=\"canonical\" href=\"https:\/\/glareone.eu\/pl\/produkt\/glareone-botis-200\/\" \/>\n<meta property=\"og:locale\" content=\"pl_PL\" \/>\n<meta property=\"og:type\" content=\"article\" \/>\n<meta property=\"og:title\" content=\"GlareOne Botis 200\" \/>\n<meta property=\"og:description\" content=\"GlareOne Botis 200\" \/>\n<meta property=\"og:url\" content=\"https:\/\/glareone.eu\/pl\/produkt\/glareone-botis-200\/\" \/>\n<meta property=\"og:site_name\" content=\"GlareOne\" \/>\n<meta property=\"article:publisher\" content=\"https:\/\/www.facebook.com\/GlareOneLighting\" \/>\n<meta property=\"article:modified_time\" content=\"2025-02-04T08:01:49+00:00\" \/>\n<meta property=\"og:image\" content=\"https:\/\/glareone.eu\/wp-content\/uploads\/2024\/04\/SBOTIS200_01.jpg\" \/>\n\t<meta property=\"og:image:width\" content=\"1200\" \/>\n\t<meta property=\"og:image:height\" content=\"1200\" \/>\n\t<meta property=\"og:image:type\" content=\"image\/jpeg\" \/>\n<meta name=\"twitter:card\" content=\"summary_large_image\" \/>\n<meta name=\"twitter:title\" content=\"GlareOne Botis 200\" \/>\n<meta name=\"twitter:label1\" content=\"Szacowany czas czytania\" \/>\n\t<meta name=\"twitter:data1\" content=\"3 minuty\" \/>\n<script type=\"application\/ld+json\" class=\"yoast-schema-graph\">{\"@context\":\"https:\/\/schema.org\",\"@graph\":[{\"@type\":\"WebPage\",\"@id\":\"https:\/\/glareone.eu\/pl\/produkt\/glareone-botis-200\/\",\"url\":\"https:\/\/glareone.eu\/pl\/produkt\/glareone-botis-200\/\",\"name\":\"GlareOne Botis 200\",\"isPartOf\":{\"@id\":\"https:\/\/glareone.eu\/pl\/en\/#website\"},\"primaryImageOfPage\":{\"@id\":\"https:\/\/glareone.eu\/pl\/produkt\/glareone-botis-200\/#primaryimage\"},\"image\":{\"@id\":\"https:\/\/glareone.eu\/pl\/produkt\/glareone-botis-200\/#primaryimage\"},\"thumbnailUrl\":\"https:\/\/glareone.eu\/wp-content\/uploads\/2024\/04\/SBOTIS200_01.jpg\",\"datePublished\":\"2024-04-18T19:26:42+00:00\",\"dateModified\":\"2025-02-04T08:01:49+00:00\",\"description\":\"GlareOne Botis 200\",\"breadcrumb\":{\"@id\":\"https:\/\/glareone.eu\/pl\/produkt\/glareone-botis-200\/#breadcrumb\"},\"inLanguage\":\"pl-PL\",\"potentialAction\":[{\"@type\":\"ReadAction\",\"target\":[\"https:\/\/glareone.eu\/pl\/produkt\/glareone-botis-200\/\"]}]},{\"@type\":\"ImageObject\",\"inLanguage\":\"pl-PL\",\"@id\":\"https:\/\/glareone.eu\/pl\/produkt\/glareone-botis-200\/#primaryimage\",\"url\":\"https:\/\/glareone.eu\/wp-content\/uploads\/2024\/04\/SBOTIS200_01.jpg\",\"contentUrl\":\"https:\/\/glareone.eu\/wp-content\/uploads\/2024\/04\/SBOTIS200_01.jpg\",\"width\":1200,\"height\":1200},{\"@type\":\"BreadcrumbList\",\"@id\":\"https:\/\/glareone.eu\/pl\/produkt\/glareone-botis-200\/#breadcrumb\",\"itemListElement\":[{\"@type\":\"ListItem\",\"position\":1,\"name\":\"Strona g\u0142\u00f3wna\",\"item\":\"https:\/\/glareone.eu\/pl\/\"},{\"@type\":\"ListItem\",\"position\":2,\"name\":\"Wszystkie produkty\",\"item\":\"https:\/\/glareone.eu\/pl\/produkty\/wszystkie-produkty\/\"},{\"@type\":\"ListItem\",\"position\":3,\"name\":\"GlareOne Botis 200\"}]},{\"@type\":\"WebSite\",\"@id\":\"https:\/\/glareone.eu\/pl\/en\/#website\",\"url\":\"https:\/\/glareone.eu\/pl\/en\/\",\"name\":\"GlareOne\",\"description\":\"Wyposa\u017cenie Studia\",\"publisher\":{\"@id\":\"https:\/\/glareone.eu\/pl\/en\/#organization\"},\"potentialAction\":[{\"@type\":\"SearchAction\",\"target\":{\"@type\":\"EntryPoint\",\"urlTemplate\":\"https:\/\/glareone.eu\/pl\/en\/?s={search_term_string}\"},\"query-input\":{\"@type\":\"PropertyValueSpecification\",\"valueRequired\":true,\"valueName\":\"search_term_string\"}}],\"inLanguage\":\"pl-PL\"},{\"@type\":\"Organization\",\"@id\":\"https:\/\/glareone.eu\/pl\/en\/#organization\",\"name\":\"GlareOne\",\"url\":\"https:\/\/glareone.eu\/pl\/en\/\",\"logo\":{\"@type\":\"ImageObject\",\"inLanguage\":\"pl-PL\",\"@id\":\"https:\/\/glareone.eu\/pl\/en\/#\/schema\/logo\/image\/\",\"url\":\"http:\/\/glareone.eu\/wp-content\/uploads\/2024\/05\/glareone_logo2020_RGB-01-e1715773127189.png\",\"contentUrl\":\"http:\/\/glareone.eu\/wp-content\/uploads\/2024\/05\/glareone_logo2020_RGB-01-e1715773127189.png\",\"width\":1270,\"height\":321,\"caption\":\"GlareOne\"},\"image\":{\"@id\":\"https:\/\/glareone.eu\/pl\/en\/#\/schema\/logo\/image\/\"},\"sameAs\":[\"https:\/\/www.facebook.com\/GlareOneLighting\",\"https:\/\/www.instagram.com\/glareonelighting\/\",\"https:\/\/www.youtube.com\/@GlareOneTV\"]}]}<\/script>\n<!-- \/ Yoast SEO plugin. -->","yoast_head_json":{"title":"GlareOne Botis 200","description":"GlareOne Botis 200","robots":{"index":"index","follow":"follow","max-snippet":"max-snippet:-1","max-image-preview":"max-image-preview:large","max-video-preview":"max-video-preview:-1"},"canonical":"https:\/\/glareone.eu\/pl\/produkt\/glareone-botis-200\/","og_locale":"pl_PL","og_type":"article","og_title":"GlareOne Botis 200","og_description":"GlareOne Botis 200","og_url":"https:\/\/glareone.eu\/pl\/produkt\/glareone-botis-200\/","og_site_name":"GlareOne","article_publisher":"https:\/\/www.facebook.com\/GlareOneLighting","article_modified_time":"2025-02-04T08:01:49+00:00","og_image":[{"width":1200,"height":1200,"url":"https:\/\/glareone.eu\/wp-content\/uploads\/2024\/04\/SBOTIS200_01.jpg","type":"image\/jpeg"}],"twitter_card":"summary_large_image","twitter_title":"GlareOne Botis 200","twitter_misc":{"Szacowany czas czytania":"3 minuty"},"schema":{"@context":"https:\/\/schema.org","@graph":[{"@type":"WebPage","@id":"https:\/\/glareone.eu\/pl\/produkt\/glareone-botis-200\/","url":"https:\/\/glareone.eu\/pl\/produkt\/glareone-botis-200\/","name":"GlareOne Botis 200","isPartOf":{"@id":"https:\/\/glareone.eu\/pl\/en\/#website"},"primaryImageOfPage":{"@id":"https:\/\/glareone.eu\/pl\/produkt\/glareone-botis-200\/#primaryimage"},"image":{"@id":"https:\/\/glareone.eu\/pl\/produkt\/glareone-botis-200\/#primaryimage"},"thumbnailUrl":"https:\/\/glareone.eu\/wp-content\/uploads\/2024\/04\/SBOTIS200_01.jpg","datePublished":"2024-04-18T19:26:42+00:00","dateModified":"2025-02-04T08:01:49+00:00","description":"GlareOne Botis 200","breadcrumb":{"@id":"https:\/\/glareone.eu\/pl\/produkt\/glareone-botis-200\/#breadcrumb"},"inLanguage":"pl-PL","potentialAction":[{"@type":"ReadAction","target":["https:\/\/glareone.eu\/pl\/produkt\/glareone-botis-200\/"]}]},{"@type":"ImageObject","inLanguage":"pl-PL","@id":"https:\/\/glareone.eu\/pl\/produkt\/glareone-botis-200\/#primaryimage","url":"https:\/\/glareone.eu\/wp-content\/uploads\/2024\/04\/SBOTIS200_01.jpg","contentUrl":"https:\/\/glareone.eu\/wp-content\/uploads\/2024\/04\/SBOTIS200_01.jpg","width":1200,"height":1200},{"@type":"BreadcrumbList","@id":"https:\/\/glareone.eu\/pl\/produkt\/glareone-botis-200\/#breadcrumb","itemListElement":[{"@type":"ListItem","position":1,"name":"Strona g\u0142\u00f3wna","item":"https:\/\/glareone.eu\/pl\/"},{"@type":"ListItem","position":2,"name":"Wszystkie produkty","item":"https:\/\/glareone.eu\/pl\/produkty\/wszystkie-produkty\/"},{"@type":"ListItem","position":3,"name":"GlareOne Botis 200"}]},{"@type":"WebSite","@id":"https:\/\/glareone.eu\/pl\/en\/#website","url":"https:\/\/glareone.eu\/pl\/en\/","name":"GlareOne","description":"Wyposa\u017cenie Studia","publisher":{"@id":"https:\/\/glareone.eu\/pl\/en\/#organization"},"potentialAction":[{"@type":"SearchAction","target":{"@type":"EntryPoint","urlTemplate":"https:\/\/glareone.eu\/pl\/en\/?s={search_term_string}"},"query-input":{"@type":"PropertyValueSpecification","valueRequired":true,"valueName":"search_term_string"}}],"inLanguage":"pl-PL"},{"@type":"Organization","@id":"https:\/\/glareone.eu\/pl\/en\/#organization","name":"GlareOne","url":"https:\/\/glareone.eu\/pl\/en\/","logo":{"@type":"ImageObject","inLanguage":"pl-PL","@id":"https:\/\/glareone.eu\/pl\/en\/#\/schema\/logo\/image\/","url":"http:\/\/glareone.eu\/wp-content\/uploads\/2024\/05\/glareone_logo2020_RGB-01-e1715773127189.png","contentUrl":"http:\/\/glareone.eu\/wp-content\/uploads\/2024\/05\/glareone_logo2020_RGB-01-e1715773127189.png","width":1270,"height":321,"caption":"GlareOne"},"image":{"@id":"https:\/\/glareone.eu\/pl\/en\/#\/schema\/logo\/image\/"},"sameAs":["https:\/\/www.facebook.com\/GlareOneLighting","https:\/\/www.instagram.com\/glareonelighting\/","https:\/\/www.youtube.com\/@GlareOneTV"]}]}},"_links":{"self":[{"href":"https:\/\/glareone.eu\/pl\/wp-json\/wp\/v2\/product\/1133","targetHints":{"allow":["GET"]}}],"collection":[{"href":"https:\/\/glareone.eu\/pl\/wp-json\/wp\/v2\/product"}],"about":[{"href":"https:\/\/glareone.eu\/pl\/wp-json\/wp\/v2\/types\/product"}],"wp:featuredmedia":[{"embeddable":true,"href":"https:\/\/glareone.eu\/pl\/wp-json\/wp\/v2\/media\/14028"}],"wp:attachment":[{"href":"https:\/\/glareone.eu\/pl\/wp-json\/wp\/v2\/media?parent=1133"}],"wp:term":[{"taxonomy":"product_brand","embeddable":true,"href":"https:\/\/glareone.eu\/pl\/wp-json\/wp\/v2\/product_brand?post=1133"},{"taxonomy":"product_cat","embeddable":true,"href":"https:\/\/glareone.eu\/pl\/wp-json\/wp\/v2\/product_cat?post=1133"},{"taxonomy":"product_tag","embeddable":true,"href":"https:\/\/glareone.eu\/pl\/wp-json\/wp\/v2\/product_tag?post=1133"}],"curies":[{"name":"wp","href":"https:\/\/api.w.org\/{rel}","templated":true}]}}