{"id":1132,"date":"2024-04-18T19:26:42","date_gmt":"2024-04-18T19:26:42","guid":{"rendered":"http:\/\/glareone.eu\/produkt\/glareone-botis-80-s\/"},"modified":"2026-01-21T11:34:39","modified_gmt":"2026-01-21T11:34:39","slug":"glareone-botis-80-s","status":"publish","type":"product","link":"https:\/\/glareone.eu\/pl\/produkt\/glareone-botis-80-s\/","title":{"rendered":"GlareOne Botis 80 S"},"content":{"rendered":"<p>Botis 80 S to profesjonalna lampa b\u0142yskowa o mocy 80 Ws. Okr\u0105g\u0142a g\u0142owica i du\u017cy palnik zapewnia intensywne i r\u00f3wnomierne o\u015bwietlenie, idealne zar\u00f3wno do fotografii studyjnej, jak i plenerowej.<\/p>\n<p style=\"margin: 1cm 4cm;\">\n<div class='avia-iframe-wrap'><iframe loading=\"lazy\" title=\"GlareOne Botis 80 i 80 S - prezentacja lampy speedlite\" width=\"1500\" height=\"844\" src=\"https:\/\/www.youtube.com\/embed\/iieyT4UKfCU?feature=oembed\" frameborder=\"0\" allow=\"accelerometer; autoplay; clipboard-write; encrypted-media; gyroscope; picture-in-picture; web-share\" referrerpolicy=\"strict-origin-when-cross-origin\" allowfullscreen><\/iframe><\/div>\n<\/p>\n<h3>Moc i wydajno\u015b\u0107<\/h3>\n<p>Maksymalna moc b\u0142ysku lampy Botis 80 wynosi a\u017c 80 Ws, co gwarantuje mocne i efektywne \u017ar\u00f3d\u0142o \u015bwiat\u0142a, kt\u00f3re sprawdzi si\u0119 do wielu zastosowa\u0144 fotograficznych. Dzi\u0119ki wysokiej wydajno\u015bci, lampa sprawdzi si\u0119 nawet podczas bardzo wymagaj\u0105cych sesji, jak reporta\u017c \u015blubny czy fotografia sport\u00f3w ekstremalnych. Czas \u0142adowania przy maksymalnej mocy to jedynie 1.3 s, co umo\u017cliwia szybkie i efektywne przygotowanie do kolejnych uj\u0119\u0107, bez d\u0142ugich przestoj\u00f3w podczas pracy.<\/p>\n<h3>Jako\u015b\u0107 \u015bwiat\u0142a<\/h3>\n<p>Dzi\u0119ki temu, \u017ce lampa posiada palnik o takiej konstrukcji, jak w du\u017cych lampach studyjnych, \u015bwiat\u0142o kt\u00f3re z niej pada, rozk\u0142ada si\u0119 r\u00f3wnomiernie i idealnie wsp\u00f3\u0142gra z akcesoriami, takimi jak softboxy czy parasolki. Botis 80 S b\u0142yska \u015bwiat\u0142em o temperaturze \u015bwiat\u0142a dziennego i zapewnia pe\u0142ne i wiernie odwzorowane kolory.<\/p>\n<h3>Czas b\u0142ysku<\/h3>\n<p>Botis 80 S posiada funkcj\u0119 Freeze, dzi\u0119ki czemu czas trwania b\u0142ysku wynosi od 1\/2430 do 1\/70000 s (t0.5). Zdj\u0119cia wykonane z u\u017cyciem pe\u0142nej mocy b\u0119d\u0105 ostre, a z\u0142apany na nich ruch zostanie zamro\u017cony.<\/p>\n<h3>Kompatybilno\u015b\u0107<\/h3>\n<p>GlareOne Botis 80 S jest kompatybilny wy\u0142\u0105cznie z Sony poprzez stopk\u0119 Sony Multi Interface.<\/p>\n<h3>Tryby pracy i zdalne sterowanie<\/h3>\n<p>Lampa GlareOne Botis 80 S oferuje prac\u0119 w trybie MASTER oraz SLAVE. W trybie MASTER lampa mo\u017ce dzia\u0142a\u0107 jako zdalny sterownik dla innych lamp b\u0142yskowych, umo\u017cliwiaj\u0105c stworzenie zaawansowanego systemu o\u015bwietlenia. Z kolei w trybie SLAVE lampa mo\u017ce by\u0107 wyzwalana zdalnie przez inne urz\u0105dzenia, co daje pe\u0142n\u0105 elastyczno\u015b\u0107 w tworzeniu o\u015bwietlenia na planie zdj\u0119ciowym. Dodatkowo dzi\u0119ki kompatybilno\u015bci z systemem Canon RT, lampa oferuje dodatkowe mo\u017cliwo\u015bci synchronizacji i kontroli lamp Canon.<\/p>\n<h3>Wsp\u00f3\u0142praca z wyzwalaczami<\/h3>\n<p>Lampa b\u0142yskowa GlareOne Botis 80 S wsp\u00f3\u0142pracuje ze wszystkimi wyzwalaczami GlareOne, co pozwala na jej \u0142atwe wykorzystanie wraz z innymi lampami b\u0142yskowymi GlareOne, zapewniaj\u0105c wygod\u0119 i elastyczno\u015b\u0107 w pracy.<\/p>\n<h3>Zaawansowane ustawienia kana\u0142\u00f3w i grup<\/h3>\n<p>GlareOne Botis 80 S umo\u017cliwia prac\u0119 w 16 grupach oraz na 32 kana\u0142ach, co daje szeroki zakres mo\u017cliwo\u015bci konfiguracji i kontroli nad wieloma lampami w r\u00f3\u017cnych warunkach. Dzi\u0119ki temu mo\u017cna precyzyjnie ustawi\u0107 parametry o\u015bwietlenia.<\/p>\n<h3>Synchronizacja HSS i TTL<\/h3>\n<p>Lampa oferuje synchronizacj\u0119 z bardzo kr\u00f3tkimi czasami otwarcia migawki HSS, co jest istotne przy pracy w plenerze i fotografii portretowej z p\u0142ytk\u0105 g\u0142\u0119bi\u0105 ostro\u015bci . Automatyczny pomiar \u015bwiat\u0142a TTL umo\u017cliwia uzyskanie optymalnego o\u015bwietlenia bez konieczno\u015bci r\u0119cznego ustawiania parametr\u00f3w, co jest nie tylko wygodne, ale pozwala zaoszcz\u0119dzi\u0107 czas.<\/p>\n<h3>D\u0142uga wytrzyma\u0142o\u015b\u0107 akumulatora<\/h3>\n<p>Dzi\u0119ki zastosowaniu litowo-jonowego akumulatora, lampa GlareOne Botis 80 S jest w stanie wykona\u0107 do 500 b\u0142ysk\u00f3w na jednym \u0142adowaniu, co zapewnia d\u0142ugotrwa\u0142\u0105 i niezawodn\u0105 prac\u0119, nawet podczas intensywnych sesji fotograficznych.<\/p>\n<h3>Regulacja mocy b\u0142ysku<\/h3>\n<p>Lampa oferuje mo\u017cliwo\u015b\u0107 regulacji mocy b\u0142ysku w zakresie 9 stopni przys\u0142ony, co pozwala na precyzyjne dopasowanie mocy b\u0142ysku.<\/p>\n<h3>Cechy lampy GlareOne Botis 80 S:<\/h3>\n<ul>\n<li>palnik studyjny o mocy 80 Ws,<\/li>\n<li>synchronizacja z kr\u00f3tkimi czasami otwarcia migawki HSS,<\/li>\n<li>automatyczny pomiar \u015bwiat\u0142a TTL,<\/li>\n<li>do 500 b\u0142ysk\u00f3w na jednym \u0142adowaniu akumulatora,<\/li>\n<li>regulacja mocy b\u0142ysku w zakresie 9 stopni przys\u0142ony,<\/li>\n<li>czas \u0142adowania 0.05 ~ 1.3 s,<\/li>\n<li>kompatybilna z Sony,<\/li>\n<li>mo\u017ce pracowa\u0107 jako zdalny sterownik dla innych lamp b\u0142yskowych (tryb MASTER),<\/li>\n<li>daje si\u0119 zdalnie sterowa\u0107 i wyzwala\u0107 (tryb SLAVE),<\/li>\n<li>wsp\u00f3\u0142pracuje ze wszystkimi wyzwalaczami GlareOne,<\/li>\n<li>wsp\u00f3\u0142pracuje z systemem Canon RT,<\/li>\n<li>16 grup \/ 32 kana\u0142y,<\/li>\n<li><span style=\"font-weight: 400;\">wsp\u00f3\u0142pracuje z lampami Vega, Antares, Apus, Botis,<\/span><\/li>\n<li>\u015bwiat\u0142o pilotuj\u0105ce LED o mocy 3W.<\/li>\n<\/ul>\n<h3>Zawarto\u015b\u0107 pude\u0142ka<\/h3>\n<p>1x GlareOne Botis 80 S<br \/>\n1x akumulator B80BP<br \/>\n1x adapter \u0142aduj\u0105cy B80CH<br \/>\n1x przew\u00f3d \u0142adowania USB-C<br \/>\n1x etui<br \/>\n1x instrukcja obs\u0142ugi<br \/>\n1x stopka statywowa<br \/>\n1x odb\u0142y\u015bnik<\/p>\n","protected":false},"excerpt":{"rendered":"<p>Botis 80 S to profesjonalna lampa b\u0142yskowa o mocy 80 Ws. Okr\u0105g\u0142a g\u0142owica i du\u017cy palnik zapewnia intensywne i r\u00f3wnomierne o\u015bwietlenie, idealne zar\u00f3wno do fotografii studyjnej, jak i plenerowej. Moc i wydajno\u015b\u0107 Maksymalna moc b\u0142ysku lampy Botis 80 wynosi a\u017c 80 Ws, co gwarantuje mocne i efektywne \u017ar\u00f3d\u0142o \u015bwiat\u0142a, kt\u00f3re sprawdzi si\u0119 do wielu zastosowa\u0144 [&hellip;]<\/p>\n","protected":false},"featured_media":15025,"template":"","meta":[],"product_brand":[],"product_cat":[522],"product_tag":[],"class_list":{"0":"post-1132","1":"product","2":"type-product","3":"status-publish","4":"has-post-thumbnail","6":"product_cat-lampy-blyskowe-akumulatorowe","8":"first","9":"instock","10":"product-type-simple"},"yoast_head":"<!-- This site is optimized with the Yoast SEO plugin v27.2 - https:\/\/yoast.com\/product\/yoast-seo-wordpress\/ -->\n<title>GlareOne Botis 80 S<\/title>\n<meta name=\"description\" content=\"GlareOne Botis 80 S\" \/>\n<meta name=\"robots\" content=\"index, follow, max-snippet:-1, max-image-preview:large, max-video-preview:-1\" \/>\n<link rel=\"canonical\" href=\"https:\/\/glareone.eu\/pl\/produkt\/glareone-botis-80-s\/\" \/>\n<meta property=\"og:locale\" content=\"pl_PL\" \/>\n<meta property=\"og:type\" content=\"article\" \/>\n<meta property=\"og:title\" content=\"GlareOne Botis 80 S\" \/>\n<meta property=\"og:description\" content=\"GlareOne Botis 80 S\" \/>\n<meta property=\"og:url\" content=\"https:\/\/glareone.eu\/pl\/produkt\/glareone-botis-80-s\/\" \/>\n<meta property=\"og:site_name\" content=\"GlareOne\" \/>\n<meta property=\"article:publisher\" content=\"https:\/\/www.facebook.com\/GlareOneLighting\" \/>\n<meta property=\"article:modified_time\" content=\"2026-01-21T11:34:39+00:00\" \/>\n<meta property=\"og:image\" content=\"https:\/\/glareone.eu\/wp-content\/uploads\/2024\/04\/SBOTIS80S_10.jpg\" \/>\n\t<meta property=\"og:image:width\" content=\"1200\" \/>\n\t<meta property=\"og:image:height\" content=\"1200\" \/>\n\t<meta property=\"og:image:type\" content=\"image\/jpeg\" \/>\n<meta name=\"twitter:card\" content=\"summary_large_image\" \/>\n<meta name=\"twitter:title\" content=\"GlareOne Botis 80 S\" \/>\n<meta name=\"twitter:label1\" content=\"Szacowany czas czytania\" \/>\n\t<meta name=\"twitter:data1\" content=\"3 minuty\" \/>\n<script type=\"application\/ld+json\" class=\"yoast-schema-graph\">{\"@context\":\"https:\/\/schema.org\",\"@graph\":[{\"@type\":\"WebPage\",\"@id\":\"https:\/\/glareone.eu\/pl\/produkt\/glareone-botis-80-s\/\",\"url\":\"https:\/\/glareone.eu\/pl\/produkt\/glareone-botis-80-s\/\",\"name\":\"GlareOne Botis 80 S\",\"isPartOf\":{\"@id\":\"https:\/\/glareone.eu\/pl\/en\/#website\"},\"primaryImageOfPage\":{\"@id\":\"https:\/\/glareone.eu\/pl\/produkt\/glareone-botis-80-s\/#primaryimage\"},\"image\":{\"@id\":\"https:\/\/glareone.eu\/pl\/produkt\/glareone-botis-80-s\/#primaryimage\"},\"thumbnailUrl\":\"https:\/\/glareone.eu\/wp-content\/uploads\/2024\/04\/SBOTIS80S_10.jpg\",\"datePublished\":\"2024-04-18T19:26:42+00:00\",\"dateModified\":\"2026-01-21T11:34:39+00:00\",\"description\":\"GlareOne Botis 80 S\",\"breadcrumb\":{\"@id\":\"https:\/\/glareone.eu\/pl\/produkt\/glareone-botis-80-s\/#breadcrumb\"},\"inLanguage\":\"pl-PL\",\"potentialAction\":[{\"@type\":\"ReadAction\",\"target\":[\"https:\/\/glareone.eu\/pl\/produkt\/glareone-botis-80-s\/\"]}]},{\"@type\":\"ImageObject\",\"inLanguage\":\"pl-PL\",\"@id\":\"https:\/\/glareone.eu\/pl\/produkt\/glareone-botis-80-s\/#primaryimage\",\"url\":\"https:\/\/glareone.eu\/wp-content\/uploads\/2024\/04\/SBOTIS80S_10.jpg\",\"contentUrl\":\"https:\/\/glareone.eu\/wp-content\/uploads\/2024\/04\/SBOTIS80S_10.jpg\",\"width\":1200,\"height\":1200},{\"@type\":\"BreadcrumbList\",\"@id\":\"https:\/\/glareone.eu\/pl\/produkt\/glareone-botis-80-s\/#breadcrumb\",\"itemListElement\":[{\"@type\":\"ListItem\",\"position\":1,\"name\":\"Strona g\u0142\u00f3wna\",\"item\":\"https:\/\/glareone.eu\/pl\/\"},{\"@type\":\"ListItem\",\"position\":2,\"name\":\"Wszystkie produkty\",\"item\":\"https:\/\/glareone.eu\/pl\/produkty\/wszystkie-produkty\/\"},{\"@type\":\"ListItem\",\"position\":3,\"name\":\"GlareOne Botis 80 S\"}]},{\"@type\":\"WebSite\",\"@id\":\"https:\/\/glareone.eu\/pl\/en\/#website\",\"url\":\"https:\/\/glareone.eu\/pl\/en\/\",\"name\":\"GlareOne\",\"description\":\"Wyposa\u017cenie Studia\",\"publisher\":{\"@id\":\"https:\/\/glareone.eu\/pl\/en\/#organization\"},\"potentialAction\":[{\"@type\":\"SearchAction\",\"target\":{\"@type\":\"EntryPoint\",\"urlTemplate\":\"https:\/\/glareone.eu\/pl\/en\/?s={search_term_string}\"},\"query-input\":{\"@type\":\"PropertyValueSpecification\",\"valueRequired\":true,\"valueName\":\"search_term_string\"}}],\"inLanguage\":\"pl-PL\"},{\"@type\":\"Organization\",\"@id\":\"https:\/\/glareone.eu\/pl\/en\/#organization\",\"name\":\"GlareOne\",\"url\":\"https:\/\/glareone.eu\/pl\/en\/\",\"logo\":{\"@type\":\"ImageObject\",\"inLanguage\":\"pl-PL\",\"@id\":\"https:\/\/glareone.eu\/pl\/en\/#\/schema\/logo\/image\/\",\"url\":\"http:\/\/glareone.eu\/wp-content\/uploads\/2024\/05\/glareone_logo2020_RGB-01-e1715773127189.png\",\"contentUrl\":\"http:\/\/glareone.eu\/wp-content\/uploads\/2024\/05\/glareone_logo2020_RGB-01-e1715773127189.png\",\"width\":1270,\"height\":321,\"caption\":\"GlareOne\"},\"image\":{\"@id\":\"https:\/\/glareone.eu\/pl\/en\/#\/schema\/logo\/image\/\"},\"sameAs\":[\"https:\/\/www.facebook.com\/GlareOneLighting\",\"https:\/\/www.instagram.com\/glareonelighting\/\",\"https:\/\/www.youtube.com\/@GlareOneTV\"]}]}<\/script>\n<!-- \/ Yoast SEO plugin. -->","yoast_head_json":{"title":"GlareOne Botis 80 S","description":"GlareOne Botis 80 S","robots":{"index":"index","follow":"follow","max-snippet":"max-snippet:-1","max-image-preview":"max-image-preview:large","max-video-preview":"max-video-preview:-1"},"canonical":"https:\/\/glareone.eu\/pl\/produkt\/glareone-botis-80-s\/","og_locale":"pl_PL","og_type":"article","og_title":"GlareOne Botis 80 S","og_description":"GlareOne Botis 80 S","og_url":"https:\/\/glareone.eu\/pl\/produkt\/glareone-botis-80-s\/","og_site_name":"GlareOne","article_publisher":"https:\/\/www.facebook.com\/GlareOneLighting","article_modified_time":"2026-01-21T11:34:39+00:00","og_image":[{"width":1200,"height":1200,"url":"https:\/\/glareone.eu\/wp-content\/uploads\/2024\/04\/SBOTIS80S_10.jpg","type":"image\/jpeg"}],"twitter_card":"summary_large_image","twitter_title":"GlareOne Botis 80 S","twitter_misc":{"Szacowany czas czytania":"3 minuty"},"schema":{"@context":"https:\/\/schema.org","@graph":[{"@type":"WebPage","@id":"https:\/\/glareone.eu\/pl\/produkt\/glareone-botis-80-s\/","url":"https:\/\/glareone.eu\/pl\/produkt\/glareone-botis-80-s\/","name":"GlareOne Botis 80 S","isPartOf":{"@id":"https:\/\/glareone.eu\/pl\/en\/#website"},"primaryImageOfPage":{"@id":"https:\/\/glareone.eu\/pl\/produkt\/glareone-botis-80-s\/#primaryimage"},"image":{"@id":"https:\/\/glareone.eu\/pl\/produkt\/glareone-botis-80-s\/#primaryimage"},"thumbnailUrl":"https:\/\/glareone.eu\/wp-content\/uploads\/2024\/04\/SBOTIS80S_10.jpg","datePublished":"2024-04-18T19:26:42+00:00","dateModified":"2026-01-21T11:34:39+00:00","description":"GlareOne Botis 80 S","breadcrumb":{"@id":"https:\/\/glareone.eu\/pl\/produkt\/glareone-botis-80-s\/#breadcrumb"},"inLanguage":"pl-PL","potentialAction":[{"@type":"ReadAction","target":["https:\/\/glareone.eu\/pl\/produkt\/glareone-botis-80-s\/"]}]},{"@type":"ImageObject","inLanguage":"pl-PL","@id":"https:\/\/glareone.eu\/pl\/produkt\/glareone-botis-80-s\/#primaryimage","url":"https:\/\/glareone.eu\/wp-content\/uploads\/2024\/04\/SBOTIS80S_10.jpg","contentUrl":"https:\/\/glareone.eu\/wp-content\/uploads\/2024\/04\/SBOTIS80S_10.jpg","width":1200,"height":1200},{"@type":"BreadcrumbList","@id":"https:\/\/glareone.eu\/pl\/produkt\/glareone-botis-80-s\/#breadcrumb","itemListElement":[{"@type":"ListItem","position":1,"name":"Strona g\u0142\u00f3wna","item":"https:\/\/glareone.eu\/pl\/"},{"@type":"ListItem","position":2,"name":"Wszystkie produkty","item":"https:\/\/glareone.eu\/pl\/produkty\/wszystkie-produkty\/"},{"@type":"ListItem","position":3,"name":"GlareOne Botis 80 S"}]},{"@type":"WebSite","@id":"https:\/\/glareone.eu\/pl\/en\/#website","url":"https:\/\/glareone.eu\/pl\/en\/","name":"GlareOne","description":"Wyposa\u017cenie Studia","publisher":{"@id":"https:\/\/glareone.eu\/pl\/en\/#organization"},"potentialAction":[{"@type":"SearchAction","target":{"@type":"EntryPoint","urlTemplate":"https:\/\/glareone.eu\/pl\/en\/?s={search_term_string}"},"query-input":{"@type":"PropertyValueSpecification","valueRequired":true,"valueName":"search_term_string"}}],"inLanguage":"pl-PL"},{"@type":"Organization","@id":"https:\/\/glareone.eu\/pl\/en\/#organization","name":"GlareOne","url":"https:\/\/glareone.eu\/pl\/en\/","logo":{"@type":"ImageObject","inLanguage":"pl-PL","@id":"https:\/\/glareone.eu\/pl\/en\/#\/schema\/logo\/image\/","url":"http:\/\/glareone.eu\/wp-content\/uploads\/2024\/05\/glareone_logo2020_RGB-01-e1715773127189.png","contentUrl":"http:\/\/glareone.eu\/wp-content\/uploads\/2024\/05\/glareone_logo2020_RGB-01-e1715773127189.png","width":1270,"height":321,"caption":"GlareOne"},"image":{"@id":"https:\/\/glareone.eu\/pl\/en\/#\/schema\/logo\/image\/"},"sameAs":["https:\/\/www.facebook.com\/GlareOneLighting","https:\/\/www.instagram.com\/glareonelighting\/","https:\/\/www.youtube.com\/@GlareOneTV"]}]}},"_links":{"self":[{"href":"https:\/\/glareone.eu\/pl\/wp-json\/wp\/v2\/product\/1132","targetHints":{"allow":["GET"]}}],"collection":[{"href":"https:\/\/glareone.eu\/pl\/wp-json\/wp\/v2\/product"}],"about":[{"href":"https:\/\/glareone.eu\/pl\/wp-json\/wp\/v2\/types\/product"}],"wp:featuredmedia":[{"embeddable":true,"href":"https:\/\/glareone.eu\/pl\/wp-json\/wp\/v2\/media\/15025"}],"wp:attachment":[{"href":"https:\/\/glareone.eu\/pl\/wp-json\/wp\/v2\/media?parent=1132"}],"wp:term":[{"taxonomy":"product_brand","embeddable":true,"href":"https:\/\/glareone.eu\/pl\/wp-json\/wp\/v2\/product_brand?post=1132"},{"taxonomy":"product_cat","embeddable":true,"href":"https:\/\/glareone.eu\/pl\/wp-json\/wp\/v2\/product_cat?post=1132"},{"taxonomy":"product_tag","embeddable":true,"href":"https:\/\/glareone.eu\/pl\/wp-json\/wp\/v2\/product_tag?post=1132"}],"curies":[{"name":"wp","href":"https:\/\/api.w.org\/{rel}","templated":true}]}}