{"id":1126,"date":"2024-04-18T19:26:40","date_gmt":"2024-04-18T19:26:40","guid":{"rendered":"http:\/\/glareone.eu\/produkt\/glareone-polaris-wyzwalacz-radiowy\/"},"modified":"2026-01-21T11:33:18","modified_gmt":"2026-01-21T11:33:18","slug":"glareone-polaris","status":"publish","type":"product","link":"https:\/\/glareone.eu\/pl\/produkt\/glareone-polaris\/","title":{"rendered":"GlareOne Polaris"},"content":{"rendered":"<p>GlareOne Polaris to nadajnik wyposa\u017cony w du\u017cy kolorowy wy\u015bwietlacz oraz dedykowane przyciski fizyczne do kontroli poszczeg\u00f3lnych grup lamp, co zapewnia wygodne i szybkie zarz\u0105dzanie o\u015bwietleniem. Wspiera High-Speed Sync (HSS) do 1\/8000 sekundy oraz obs\u0142ug\u0119 TTL.<\/p>\n<p style=\"margin: 1cm 4cm;\">\n<div class='avia-iframe-wrap'><iframe loading=\"lazy\" title=\"GlareOne Polaris i Polaris S - prezentacja nadajnika\" width=\"1500\" height=\"844\" src=\"https:\/\/www.youtube.com\/embed\/CpHgo3qFi68?feature=oembed\" frameborder=\"0\" allow=\"accelerometer; autoplay; clipboard-write; encrypted-media; gyroscope; picture-in-picture; web-share\" referrerpolicy=\"strict-origin-when-cross-origin\" allowfullscreen><\/iframe><\/div>\n<\/p>\n<h3>Zasi\u0119g i komunikacja<\/h3>\n<p>Nadajnik oferuje zasi\u0119g do 100 metr\u00f3w i dzia\u0142a na cz\u0119stotliwo\u015bci 2.4 GHz, umo\u017cliwiaj\u0105c stabiln\u0105 komunikacj\u0119 z lampami w promieniu do 100 metr\u00f3w. Obs\u0142uguje 6 grup i 32 kana\u0142y komunikacji, co pozwala na precyzyjne i niezawodne sterowanie wieloma \u017ar\u00f3d\u0142ami \u015bwiat\u0142a.<\/p>\n<h3>Kompatybilno\u015b\u0107 i zasilanie<\/h3>\n<p>GlareOne Polaris jest kompatybilny z aparatami Canon, Nikon, Fujifilm, Lumix oraz OM SYSTEM, co czyni go wszechstronnym narz\u0119dziem dla fotograf\u00f3w korzystaj\u0105cych z r\u00f3\u017cnych system\u00f3w. Urz\u0105dzenie jest zasilane akumulatorem i \u0142adowane poprzez kabel USB-C, co zapewnia d\u0142ug\u0105 prac\u0119 i mo\u017cliwo\u015b\u0107 szybkiego do\u0142adowania akumulatora.<\/p>\n<h3>HSS i TTL<\/h3>\n<p>Nadajnik GlareOne Polaris wspiera zaawansowane funkcje fotograficzne, takie jak High-Speed Sync (HSS) do 1\/8000 sekundy oraz obs\u0142ug\u0119 TTL, co umo\u017cliwia dok\u0142adne i automatyczne dostosowanie mocy b\u0142ysku do warunk\u00f3w o\u015bwietleniowych.<\/p>\n<h3>\u0141\u0105czno\u015b\u0107 Bluetooth i Aplikacja GlareOne<\/h3>\n<p>Dzi\u0119ki wbudowanej \u0142\u0105czno\u015bci Bluetooth, GlareOne Polaris mo\u017cna zdalnie sterowa\u0107 za pomoc\u0105 aplikacji GlareOne, co zwi\u0119ksza wygod\u0119 i elastyczno\u015b\u0107 pracy. Aplikacja umo\u017cliwia \u0142atwe dostosowanie ustawie\u0144 oraz kontrol\u0119 nad systemem o\u015bwietlenia bez konieczno\u015bci bezpo\u015bredniego dost\u0119pu do nadajnika lub odbiornika.<\/p>\n<h3>Cechy nadajnika GlareOne Polaris:<\/h3>\n<ul>\n<li>funkcja nadajnika,<\/li>\n<li>du\u017cy kolorowy wy\u015bwietlacz,<\/li>\n<li>dedykowane przyciski fizyczne do konkretnej grupy lamp,<\/li>\n<li>zasi\u0119g do 100 m,<\/li>\n<li>cz\u0119stotliwo\u015b\u0107 2.4 Ghz,<\/li>\n<li>6 grup \/ 32 kana\u0142y komunikacji,<\/li>\n<li><span style=\"font-weight: 400;\">wsp\u00f3\u0142pracuje z lampami Vega, Antares, Apus, Botis,<\/span><\/li>\n<li>zasilanie dedykowanym akumulatorem,<\/li>\n<li>\u0142adowanie przez port USB-C,<\/li>\n<li>kompatybilny z Sony lub Canon \/ Nikon \/ Fujifilm \/ Lumix \/ OM SYSTEM,<\/li>\n<li>HSS 1\/8000 s,<\/li>\n<li>obs\u0142uga TTL,<\/li>\n<li>Bluetooth,<\/li>\n<li>mo\u017cliwo\u015b\u0107 sterowania za pomoc\u0105 aplikacji GlareOne.<\/li>\n<\/ul>\n<h3>W pude\u0142ku znajduje si\u0119:<\/h3>\n<p>1x nadajnik<br \/>\n1x instrukcja obs\u0142ugi<\/p>\n","protected":false},"excerpt":{"rendered":"<p>GlareOne Polaris to nadajnik wyposa\u017cony w du\u017cy kolorowy wy\u015bwietlacz oraz dedykowane przyciski fizyczne do kontroli poszczeg\u00f3lnych grup lamp, co zapewnia wygodne i szybkie zarz\u0105dzanie o\u015bwietleniem. Wspiera High-Speed Sync (HSS) do 1\/8000 sekundy oraz obs\u0142ug\u0119 TTL. Zasi\u0119g i komunikacja Nadajnik oferuje zasi\u0119g do 100 metr\u00f3w i dzia\u0142a na cz\u0119stotliwo\u015bci 2.4 GHz, umo\u017cliwiaj\u0105c stabiln\u0105 komunikacj\u0119 z lampami [&hellip;]<\/p>\n","protected":false},"featured_media":14190,"template":"","meta":[],"product_brand":[],"product_cat":[522],"product_tag":[],"class_list":{"0":"post-1126","1":"product","2":"type-product","3":"status-publish","4":"has-post-thumbnail","6":"product_cat-lampy-blyskowe-akumulatorowe","8":"first","9":"instock","10":"product-type-simple"},"yoast_head":"<!-- This site is optimized with the Yoast SEO plugin v27.2 - https:\/\/yoast.com\/product\/yoast-seo-wordpress\/ -->\n<title>GlareOne Polaris<\/title>\n<meta name=\"description\" content=\"GlareOne Polaris\" \/>\n<meta name=\"robots\" content=\"index, follow, max-snippet:-1, max-image-preview:large, max-video-preview:-1\" \/>\n<link rel=\"canonical\" href=\"https:\/\/glareone.eu\/pl\/produkt\/glareone-polaris\/\" \/>\n<meta property=\"og:locale\" content=\"pl_PL\" \/>\n<meta property=\"og:type\" content=\"article\" \/>\n<meta property=\"og:title\" content=\"GlareOne Polaris \u2013 wyzwalacz radiowy\" \/>\n<meta property=\"og:description\" content=\"GlareOne Polaris\" \/>\n<meta property=\"og:url\" content=\"https:\/\/glareone.eu\/pl\/produkt\/glareone-polaris\/\" \/>\n<meta property=\"og:site_name\" content=\"GlareOne\" \/>\n<meta property=\"article:publisher\" content=\"https:\/\/www.facebook.com\/GlareOneLighting\" \/>\n<meta property=\"article:modified_time\" content=\"2026-01-21T11:33:18+00:00\" \/>\n<meta property=\"og:image\" content=\"https:\/\/glareone.eu\/wp-content\/uploads\/2024\/04\/SOPOLARIS_01.jpg\" \/>\n\t<meta property=\"og:image:width\" content=\"1200\" \/>\n\t<meta property=\"og:image:height\" content=\"1200\" \/>\n\t<meta property=\"og:image:type\" content=\"image\/jpeg\" \/>\n<meta name=\"twitter:card\" content=\"summary_large_image\" \/>\n<meta name=\"twitter:title\" content=\"GlareOne Polaris \u2013 wyzwalacz radiowy\" \/>\n<script type=\"application\/ld+json\" class=\"yoast-schema-graph\">{\"@context\":\"https:\/\/schema.org\",\"@graph\":[{\"@type\":\"WebPage\",\"@id\":\"https:\/\/glareone.eu\/pl\/produkt\/glareone-polaris\/\",\"url\":\"https:\/\/glareone.eu\/pl\/produkt\/glareone-polaris\/\",\"name\":\"GlareOne Polaris\",\"isPartOf\":{\"@id\":\"https:\/\/glareone.eu\/pl\/en\/#website\"},\"primaryImageOfPage\":{\"@id\":\"https:\/\/glareone.eu\/pl\/produkt\/glareone-polaris\/#primaryimage\"},\"image\":{\"@id\":\"https:\/\/glareone.eu\/pl\/produkt\/glareone-polaris\/#primaryimage\"},\"thumbnailUrl\":\"https:\/\/glareone.eu\/wp-content\/uploads\/2024\/04\/SOPOLARIS_01.jpg\",\"datePublished\":\"2024-04-18T19:26:40+00:00\",\"dateModified\":\"2026-01-21T11:33:18+00:00\",\"description\":\"GlareOne Polaris\",\"breadcrumb\":{\"@id\":\"https:\/\/glareone.eu\/pl\/produkt\/glareone-polaris\/#breadcrumb\"},\"inLanguage\":\"pl-PL\",\"potentialAction\":[{\"@type\":\"ReadAction\",\"target\":[\"https:\/\/glareone.eu\/pl\/produkt\/glareone-polaris\/\"]}]},{\"@type\":\"ImageObject\",\"inLanguage\":\"pl-PL\",\"@id\":\"https:\/\/glareone.eu\/pl\/produkt\/glareone-polaris\/#primaryimage\",\"url\":\"https:\/\/glareone.eu\/wp-content\/uploads\/2024\/04\/SOPOLARIS_01.jpg\",\"contentUrl\":\"https:\/\/glareone.eu\/wp-content\/uploads\/2024\/04\/SOPOLARIS_01.jpg\",\"width\":1200,\"height\":1200},{\"@type\":\"BreadcrumbList\",\"@id\":\"https:\/\/glareone.eu\/pl\/produkt\/glareone-polaris\/#breadcrumb\",\"itemListElement\":[{\"@type\":\"ListItem\",\"position\":1,\"name\":\"Strona g\u0142\u00f3wna\",\"item\":\"https:\/\/glareone.eu\/pl\/\"},{\"@type\":\"ListItem\",\"position\":2,\"name\":\"Wszystkie produkty\",\"item\":\"https:\/\/glareone.eu\/pl\/produkty\/wszystkie-produkty\/\"},{\"@type\":\"ListItem\",\"position\":3,\"name\":\"GlareOne Polaris\"}]},{\"@type\":\"WebSite\",\"@id\":\"https:\/\/glareone.eu\/pl\/en\/#website\",\"url\":\"https:\/\/glareone.eu\/pl\/en\/\",\"name\":\"GlareOne\",\"description\":\"Wyposa\u017cenie Studia\",\"publisher\":{\"@id\":\"https:\/\/glareone.eu\/pl\/en\/#organization\"},\"potentialAction\":[{\"@type\":\"SearchAction\",\"target\":{\"@type\":\"EntryPoint\",\"urlTemplate\":\"https:\/\/glareone.eu\/pl\/en\/?s={search_term_string}\"},\"query-input\":{\"@type\":\"PropertyValueSpecification\",\"valueRequired\":true,\"valueName\":\"search_term_string\"}}],\"inLanguage\":\"pl-PL\"},{\"@type\":\"Organization\",\"@id\":\"https:\/\/glareone.eu\/pl\/en\/#organization\",\"name\":\"GlareOne\",\"url\":\"https:\/\/glareone.eu\/pl\/en\/\",\"logo\":{\"@type\":\"ImageObject\",\"inLanguage\":\"pl-PL\",\"@id\":\"https:\/\/glareone.eu\/pl\/en\/#\/schema\/logo\/image\/\",\"url\":\"http:\/\/glareone.eu\/wp-content\/uploads\/2024\/05\/glareone_logo2020_RGB-01-e1715773127189.png\",\"contentUrl\":\"http:\/\/glareone.eu\/wp-content\/uploads\/2024\/05\/glareone_logo2020_RGB-01-e1715773127189.png\",\"width\":1270,\"height\":321,\"caption\":\"GlareOne\"},\"image\":{\"@id\":\"https:\/\/glareone.eu\/pl\/en\/#\/schema\/logo\/image\/\"},\"sameAs\":[\"https:\/\/www.facebook.com\/GlareOneLighting\",\"https:\/\/www.instagram.com\/glareonelighting\/\",\"https:\/\/www.youtube.com\/@GlareOneTV\"]}]}<\/script>\n<!-- \/ Yoast SEO plugin. -->","yoast_head_json":{"title":"GlareOne Polaris","description":"GlareOne Polaris","robots":{"index":"index","follow":"follow","max-snippet":"max-snippet:-1","max-image-preview":"max-image-preview:large","max-video-preview":"max-video-preview:-1"},"canonical":"https:\/\/glareone.eu\/pl\/produkt\/glareone-polaris\/","og_locale":"pl_PL","og_type":"article","og_title":"GlareOne Polaris \u2013 wyzwalacz radiowy","og_description":"GlareOne Polaris","og_url":"https:\/\/glareone.eu\/pl\/produkt\/glareone-polaris\/","og_site_name":"GlareOne","article_publisher":"https:\/\/www.facebook.com\/GlareOneLighting","article_modified_time":"2026-01-21T11:33:18+00:00","og_image":[{"width":1200,"height":1200,"url":"https:\/\/glareone.eu\/wp-content\/uploads\/2024\/04\/SOPOLARIS_01.jpg","type":"image\/jpeg"}],"twitter_card":"summary_large_image","twitter_title":"GlareOne Polaris \u2013 wyzwalacz radiowy","schema":{"@context":"https:\/\/schema.org","@graph":[{"@type":"WebPage","@id":"https:\/\/glareone.eu\/pl\/produkt\/glareone-polaris\/","url":"https:\/\/glareone.eu\/pl\/produkt\/glareone-polaris\/","name":"GlareOne Polaris","isPartOf":{"@id":"https:\/\/glareone.eu\/pl\/en\/#website"},"primaryImageOfPage":{"@id":"https:\/\/glareone.eu\/pl\/produkt\/glareone-polaris\/#primaryimage"},"image":{"@id":"https:\/\/glareone.eu\/pl\/produkt\/glareone-polaris\/#primaryimage"},"thumbnailUrl":"https:\/\/glareone.eu\/wp-content\/uploads\/2024\/04\/SOPOLARIS_01.jpg","datePublished":"2024-04-18T19:26:40+00:00","dateModified":"2026-01-21T11:33:18+00:00","description":"GlareOne Polaris","breadcrumb":{"@id":"https:\/\/glareone.eu\/pl\/produkt\/glareone-polaris\/#breadcrumb"},"inLanguage":"pl-PL","potentialAction":[{"@type":"ReadAction","target":["https:\/\/glareone.eu\/pl\/produkt\/glareone-polaris\/"]}]},{"@type":"ImageObject","inLanguage":"pl-PL","@id":"https:\/\/glareone.eu\/pl\/produkt\/glareone-polaris\/#primaryimage","url":"https:\/\/glareone.eu\/wp-content\/uploads\/2024\/04\/SOPOLARIS_01.jpg","contentUrl":"https:\/\/glareone.eu\/wp-content\/uploads\/2024\/04\/SOPOLARIS_01.jpg","width":1200,"height":1200},{"@type":"BreadcrumbList","@id":"https:\/\/glareone.eu\/pl\/produkt\/glareone-polaris\/#breadcrumb","itemListElement":[{"@type":"ListItem","position":1,"name":"Strona g\u0142\u00f3wna","item":"https:\/\/glareone.eu\/pl\/"},{"@type":"ListItem","position":2,"name":"Wszystkie produkty","item":"https:\/\/glareone.eu\/pl\/produkty\/wszystkie-produkty\/"},{"@type":"ListItem","position":3,"name":"GlareOne Polaris"}]},{"@type":"WebSite","@id":"https:\/\/glareone.eu\/pl\/en\/#website","url":"https:\/\/glareone.eu\/pl\/en\/","name":"GlareOne","description":"Wyposa\u017cenie Studia","publisher":{"@id":"https:\/\/glareone.eu\/pl\/en\/#organization"},"potentialAction":[{"@type":"SearchAction","target":{"@type":"EntryPoint","urlTemplate":"https:\/\/glareone.eu\/pl\/en\/?s={search_term_string}"},"query-input":{"@type":"PropertyValueSpecification","valueRequired":true,"valueName":"search_term_string"}}],"inLanguage":"pl-PL"},{"@type":"Organization","@id":"https:\/\/glareone.eu\/pl\/en\/#organization","name":"GlareOne","url":"https:\/\/glareone.eu\/pl\/en\/","logo":{"@type":"ImageObject","inLanguage":"pl-PL","@id":"https:\/\/glareone.eu\/pl\/en\/#\/schema\/logo\/image\/","url":"http:\/\/glareone.eu\/wp-content\/uploads\/2024\/05\/glareone_logo2020_RGB-01-e1715773127189.png","contentUrl":"http:\/\/glareone.eu\/wp-content\/uploads\/2024\/05\/glareone_logo2020_RGB-01-e1715773127189.png","width":1270,"height":321,"caption":"GlareOne"},"image":{"@id":"https:\/\/glareone.eu\/pl\/en\/#\/schema\/logo\/image\/"},"sameAs":["https:\/\/www.facebook.com\/GlareOneLighting","https:\/\/www.instagram.com\/glareonelighting\/","https:\/\/www.youtube.com\/@GlareOneTV"]}]}},"_links":{"self":[{"href":"https:\/\/glareone.eu\/pl\/wp-json\/wp\/v2\/product\/1126","targetHints":{"allow":["GET"]}}],"collection":[{"href":"https:\/\/glareone.eu\/pl\/wp-json\/wp\/v2\/product"}],"about":[{"href":"https:\/\/glareone.eu\/pl\/wp-json\/wp\/v2\/types\/product"}],"wp:featuredmedia":[{"embeddable":true,"href":"https:\/\/glareone.eu\/pl\/wp-json\/wp\/v2\/media\/14190"}],"wp:attachment":[{"href":"https:\/\/glareone.eu\/pl\/wp-json\/wp\/v2\/media?parent=1126"}],"wp:term":[{"taxonomy":"product_brand","embeddable":true,"href":"https:\/\/glareone.eu\/pl\/wp-json\/wp\/v2\/product_brand?post=1126"},{"taxonomy":"product_cat","embeddable":true,"href":"https:\/\/glareone.eu\/pl\/wp-json\/wp\/v2\/product_cat?post=1126"},{"taxonomy":"product_tag","embeddable":true,"href":"https:\/\/glareone.eu\/pl\/wp-json\/wp\/v2\/product_tag?post=1126"}],"curies":[{"name":"wp","href":"https:\/\/api.w.org\/{rel}","templated":true}]}}