{"id":1116,"date":"2024-04-18T19:26:40","date_gmt":"2024-04-18T19:26:40","guid":{"rendered":"http:\/\/glareone.eu\/produkt\/glareone-b80ch-ladowarka-akumulatora-lampy-botis-80\/"},"modified":"2025-04-15T09:58:19","modified_gmt":"2025-04-15T09:58:19","slug":"glareone-b80ch-ladowarka-akumulatora-botis-80","status":"publish","type":"product","link":"https:\/\/glareone.eu\/pl\/produkt\/glareone-b80ch-ladowarka-akumulatora-botis-80\/","title":{"rendered":"GlareOne B80CH \u2013 \u0142adowarka akumulatora Botis 80"},"content":{"rendered":"<p><span style=\"font-weight: 400;\">GlareOne B80CH to adapter \u0142aduj\u0105cy dla akumulatora B80BP (do lampy GlareOne Botis 80).<\/span><\/p>\n<p><span style=\"font-weight: 400;\">Adapter \u0142aduj\u0105cy B80CH jest przeznaczony do \u0142adowania akumulator\u00f3w GlareOne B80BP,\u200b przeznaczonych do lamp GlareOne Botis 80. \u0141adowark\u0119 pod\u0142\u0105cza si\u0119 do portu USB za pomoc\u0105 kabla, kt\u00f3ry znajduje si\u0119 w podstawowym zestawie z lamp\u0105. Oryginalne akcesoria i cz\u0119\u015bci zamienne GlareOne gwarantuj\u0105 pe\u0142n\u0105 kompatybilno\u015b\u0107 oraz wysok\u0105 wydajno\u015b\u0107. Dzi\u0119ki zastosowaniu materia\u0142\u00f3w najwy\u017cszej jako\u015bci, \u0142adowanie przebiega bezpiecznie zar\u00f3wno dla samej \u0142adowarki, jak i akumulatora. Stabilna konstrukcja zapewnia pewne u\u0142o\u017cenie urz\u0105dzenia podczas pracy, co zwi\u0119ksza komfort u\u017cytkowania.<\/span><\/p>\n<h3><b>Cechy B80CH:<\/b><\/h3>\n<ul>\n<li style=\"font-weight: 400;\" aria-level=\"1\"><span style=\"font-weight: 400;\">kompatybilna z akumulatorem B80BP do lampy GlareOne Botis 80,<\/span><\/li>\n<li style=\"font-weight: 400;\" aria-level=\"1\"><span style=\"font-weight: 400;\">gniazdo USB-C,<\/span><\/li>\n<li style=\"font-weight: 400;\" aria-level=\"1\"><span style=\"font-weight: 400;\">ergonomiczna konstrukcja.<\/span><\/li>\n<\/ul>\n","protected":false},"excerpt":{"rendered":"<p>GlareOne B80CH to adapter \u0142aduj\u0105cy dla akumulatora B80BP (do lampy GlareOne Botis 80). Adapter \u0142aduj\u0105cy B80CH jest przeznaczony do \u0142adowania akumulator\u00f3w GlareOne B80BP,\u200b przeznaczonych do lamp GlareOne Botis 80. \u0141adowark\u0119 pod\u0142\u0105cza si\u0119 do portu USB za pomoc\u0105 kabla, kt\u00f3ry znajduje si\u0119 w podstawowym zestawie z lamp\u0105. Oryginalne akcesoria i cz\u0119\u015bci zamienne GlareOne gwarantuj\u0105 pe\u0142n\u0105 kompatybilno\u015b\u0107 [&hellip;]<\/p>\n","protected":false},"featured_media":16469,"template":"","meta":[],"product_brand":[],"product_cat":[522],"product_tag":[],"class_list":{"0":"post-1116","1":"product","2":"type-product","3":"status-publish","4":"has-post-thumbnail","6":"product_cat-lampy-blyskowe-akumulatorowe","8":"first","9":"instock","10":"product-type-simple"},"yoast_head":"<!-- This site is optimized with the Yoast SEO plugin v27.2 - https:\/\/yoast.com\/product\/yoast-seo-wordpress\/ -->\n<title>GlareOne B80CH \u2013 \u0142adowarka akumulatora lampy Botis 80<\/title>\n<meta name=\"description\" content=\"GlareOne B80CH \u2013 \u0142adowarka akumulatora lampy Botis 80\" \/>\n<meta name=\"robots\" content=\"index, follow, max-snippet:-1, max-image-preview:large, max-video-preview:-1\" \/>\n<link rel=\"canonical\" href=\"https:\/\/glareone.eu\/pl\/produkt\/glareone-b80ch-ladowarka-akumulatora-botis-80\/\" \/>\n<meta property=\"og:locale\" content=\"pl_PL\" \/>\n<meta property=\"og:type\" content=\"article\" \/>\n<meta property=\"og:title\" content=\"GlareOne B80CH \u2013 \u0142adowarka akumulatora lampy Botis 80\" \/>\n<meta property=\"og:description\" content=\"GlareOne B80CH \u2013 \u0142adowarka akumulatora lampy Botis 80\" \/>\n<meta property=\"og:url\" content=\"https:\/\/glareone.eu\/pl\/produkt\/glareone-b80ch-ladowarka-akumulatora-botis-80\/\" \/>\n<meta property=\"og:site_name\" content=\"GlareOne\" \/>\n<meta property=\"article:publisher\" content=\"https:\/\/www.facebook.com\/GlareOneLighting\" \/>\n<meta property=\"article:modified_time\" content=\"2025-04-15T09:58:19+00:00\" \/>\n<meta property=\"og:image\" content=\"https:\/\/glareone.eu\/wp-content\/uploads\/2024\/04\/SB80CH_01.jpg\" \/>\n\t<meta property=\"og:image:width\" content=\"1200\" \/>\n\t<meta property=\"og:image:height\" content=\"1200\" \/>\n\t<meta property=\"og:image:type\" content=\"image\/jpeg\" \/>\n<meta name=\"twitter:card\" content=\"summary_large_image\" \/>\n<meta name=\"twitter:title\" content=\"GlareOne B80CH \u2013 \u0142adowarka akumulatora lampy Botis 80\" \/>\n<meta name=\"twitter:label1\" content=\"Szacowany czas czytania\" \/>\n\t<meta name=\"twitter:data1\" content=\"1 minuta\" \/>\n<script type=\"application\/ld+json\" class=\"yoast-schema-graph\">{\"@context\":\"https:\/\/schema.org\",\"@graph\":[{\"@type\":\"WebPage\",\"@id\":\"https:\/\/glareone.eu\/pl\/produkt\/glareone-b80ch-ladowarka-akumulatora-botis-80\/\",\"url\":\"https:\/\/glareone.eu\/pl\/produkt\/glareone-b80ch-ladowarka-akumulatora-botis-80\/\",\"name\":\"GlareOne B80CH \u2013 \u0142adowarka akumulatora lampy Botis 80\",\"isPartOf\":{\"@id\":\"https:\/\/glareone.eu\/pl\/en\/#website\"},\"primaryImageOfPage\":{\"@id\":\"https:\/\/glareone.eu\/pl\/produkt\/glareone-b80ch-ladowarka-akumulatora-botis-80\/#primaryimage\"},\"image\":{\"@id\":\"https:\/\/glareone.eu\/pl\/produkt\/glareone-b80ch-ladowarka-akumulatora-botis-80\/#primaryimage\"},\"thumbnailUrl\":\"https:\/\/glareone.eu\/wp-content\/uploads\/2024\/04\/SB80CH_01.jpg\",\"datePublished\":\"2024-04-18T19:26:40+00:00\",\"dateModified\":\"2025-04-15T09:58:19+00:00\",\"description\":\"GlareOne B80CH \u2013 \u0142adowarka akumulatora lampy Botis 80\",\"breadcrumb\":{\"@id\":\"https:\/\/glareone.eu\/pl\/produkt\/glareone-b80ch-ladowarka-akumulatora-botis-80\/#breadcrumb\"},\"inLanguage\":\"pl-PL\",\"potentialAction\":[{\"@type\":\"ReadAction\",\"target\":[\"https:\/\/glareone.eu\/pl\/produkt\/glareone-b80ch-ladowarka-akumulatora-botis-80\/\"]}]},{\"@type\":\"ImageObject\",\"inLanguage\":\"pl-PL\",\"@id\":\"https:\/\/glareone.eu\/pl\/produkt\/glareone-b80ch-ladowarka-akumulatora-botis-80\/#primaryimage\",\"url\":\"https:\/\/glareone.eu\/wp-content\/uploads\/2024\/04\/SB80CH_01.jpg\",\"contentUrl\":\"https:\/\/glareone.eu\/wp-content\/uploads\/2024\/04\/SB80CH_01.jpg\",\"width\":1200,\"height\":1200},{\"@type\":\"BreadcrumbList\",\"@id\":\"https:\/\/glareone.eu\/pl\/produkt\/glareone-b80ch-ladowarka-akumulatora-botis-80\/#breadcrumb\",\"itemListElement\":[{\"@type\":\"ListItem\",\"position\":1,\"name\":\"Strona g\u0142\u00f3wna\",\"item\":\"https:\/\/glareone.eu\/pl\/\"},{\"@type\":\"ListItem\",\"position\":2,\"name\":\"Wszystkie produkty\",\"item\":\"https:\/\/glareone.eu\/pl\/produkty\/wszystkie-produkty\/\"},{\"@type\":\"ListItem\",\"position\":3,\"name\":\"GlareOne B80CH \u2013 \u0142adowarka akumulatora Botis 80\"}]},{\"@type\":\"WebSite\",\"@id\":\"https:\/\/glareone.eu\/pl\/en\/#website\",\"url\":\"https:\/\/glareone.eu\/pl\/en\/\",\"name\":\"GlareOne\",\"description\":\"Wyposa\u017cenie Studia\",\"publisher\":{\"@id\":\"https:\/\/glareone.eu\/pl\/en\/#organization\"},\"potentialAction\":[{\"@type\":\"SearchAction\",\"target\":{\"@type\":\"EntryPoint\",\"urlTemplate\":\"https:\/\/glareone.eu\/pl\/en\/?s={search_term_string}\"},\"query-input\":{\"@type\":\"PropertyValueSpecification\",\"valueRequired\":true,\"valueName\":\"search_term_string\"}}],\"inLanguage\":\"pl-PL\"},{\"@type\":\"Organization\",\"@id\":\"https:\/\/glareone.eu\/pl\/en\/#organization\",\"name\":\"GlareOne\",\"url\":\"https:\/\/glareone.eu\/pl\/en\/\",\"logo\":{\"@type\":\"ImageObject\",\"inLanguage\":\"pl-PL\",\"@id\":\"https:\/\/glareone.eu\/pl\/en\/#\/schema\/logo\/image\/\",\"url\":\"http:\/\/glareone.eu\/wp-content\/uploads\/2024\/05\/glareone_logo2020_RGB-01-e1715773127189.png\",\"contentUrl\":\"http:\/\/glareone.eu\/wp-content\/uploads\/2024\/05\/glareone_logo2020_RGB-01-e1715773127189.png\",\"width\":1270,\"height\":321,\"caption\":\"GlareOne\"},\"image\":{\"@id\":\"https:\/\/glareone.eu\/pl\/en\/#\/schema\/logo\/image\/\"},\"sameAs\":[\"https:\/\/www.facebook.com\/GlareOneLighting\",\"https:\/\/www.instagram.com\/glareonelighting\/\",\"https:\/\/www.youtube.com\/@GlareOneTV\"]}]}<\/script>\n<!-- \/ Yoast SEO plugin. -->","yoast_head_json":{"title":"GlareOne B80CH \u2013 \u0142adowarka akumulatora lampy Botis 80","description":"GlareOne B80CH \u2013 \u0142adowarka akumulatora lampy Botis 80","robots":{"index":"index","follow":"follow","max-snippet":"max-snippet:-1","max-image-preview":"max-image-preview:large","max-video-preview":"max-video-preview:-1"},"canonical":"https:\/\/glareone.eu\/pl\/produkt\/glareone-b80ch-ladowarka-akumulatora-botis-80\/","og_locale":"pl_PL","og_type":"article","og_title":"GlareOne B80CH \u2013 \u0142adowarka akumulatora lampy Botis 80","og_description":"GlareOne B80CH \u2013 \u0142adowarka akumulatora lampy Botis 80","og_url":"https:\/\/glareone.eu\/pl\/produkt\/glareone-b80ch-ladowarka-akumulatora-botis-80\/","og_site_name":"GlareOne","article_publisher":"https:\/\/www.facebook.com\/GlareOneLighting","article_modified_time":"2025-04-15T09:58:19+00:00","og_image":[{"width":1200,"height":1200,"url":"https:\/\/glareone.eu\/wp-content\/uploads\/2024\/04\/SB80CH_01.jpg","type":"image\/jpeg"}],"twitter_card":"summary_large_image","twitter_title":"GlareOne B80CH \u2013 \u0142adowarka akumulatora lampy Botis 80","twitter_misc":{"Szacowany czas czytania":"1 minuta"},"schema":{"@context":"https:\/\/schema.org","@graph":[{"@type":"WebPage","@id":"https:\/\/glareone.eu\/pl\/produkt\/glareone-b80ch-ladowarka-akumulatora-botis-80\/","url":"https:\/\/glareone.eu\/pl\/produkt\/glareone-b80ch-ladowarka-akumulatora-botis-80\/","name":"GlareOne B80CH \u2013 \u0142adowarka akumulatora lampy Botis 80","isPartOf":{"@id":"https:\/\/glareone.eu\/pl\/en\/#website"},"primaryImageOfPage":{"@id":"https:\/\/glareone.eu\/pl\/produkt\/glareone-b80ch-ladowarka-akumulatora-botis-80\/#primaryimage"},"image":{"@id":"https:\/\/glareone.eu\/pl\/produkt\/glareone-b80ch-ladowarka-akumulatora-botis-80\/#primaryimage"},"thumbnailUrl":"https:\/\/glareone.eu\/wp-content\/uploads\/2024\/04\/SB80CH_01.jpg","datePublished":"2024-04-18T19:26:40+00:00","dateModified":"2025-04-15T09:58:19+00:00","description":"GlareOne B80CH \u2013 \u0142adowarka akumulatora lampy Botis 80","breadcrumb":{"@id":"https:\/\/glareone.eu\/pl\/produkt\/glareone-b80ch-ladowarka-akumulatora-botis-80\/#breadcrumb"},"inLanguage":"pl-PL","potentialAction":[{"@type":"ReadAction","target":["https:\/\/glareone.eu\/pl\/produkt\/glareone-b80ch-ladowarka-akumulatora-botis-80\/"]}]},{"@type":"ImageObject","inLanguage":"pl-PL","@id":"https:\/\/glareone.eu\/pl\/produkt\/glareone-b80ch-ladowarka-akumulatora-botis-80\/#primaryimage","url":"https:\/\/glareone.eu\/wp-content\/uploads\/2024\/04\/SB80CH_01.jpg","contentUrl":"https:\/\/glareone.eu\/wp-content\/uploads\/2024\/04\/SB80CH_01.jpg","width":1200,"height":1200},{"@type":"BreadcrumbList","@id":"https:\/\/glareone.eu\/pl\/produkt\/glareone-b80ch-ladowarka-akumulatora-botis-80\/#breadcrumb","itemListElement":[{"@type":"ListItem","position":1,"name":"Strona g\u0142\u00f3wna","item":"https:\/\/glareone.eu\/pl\/"},{"@type":"ListItem","position":2,"name":"Wszystkie produkty","item":"https:\/\/glareone.eu\/pl\/produkty\/wszystkie-produkty\/"},{"@type":"ListItem","position":3,"name":"GlareOne B80CH \u2013 \u0142adowarka akumulatora Botis 80"}]},{"@type":"WebSite","@id":"https:\/\/glareone.eu\/pl\/en\/#website","url":"https:\/\/glareone.eu\/pl\/en\/","name":"GlareOne","description":"Wyposa\u017cenie Studia","publisher":{"@id":"https:\/\/glareone.eu\/pl\/en\/#organization"},"potentialAction":[{"@type":"SearchAction","target":{"@type":"EntryPoint","urlTemplate":"https:\/\/glareone.eu\/pl\/en\/?s={search_term_string}"},"query-input":{"@type":"PropertyValueSpecification","valueRequired":true,"valueName":"search_term_string"}}],"inLanguage":"pl-PL"},{"@type":"Organization","@id":"https:\/\/glareone.eu\/pl\/en\/#organization","name":"GlareOne","url":"https:\/\/glareone.eu\/pl\/en\/","logo":{"@type":"ImageObject","inLanguage":"pl-PL","@id":"https:\/\/glareone.eu\/pl\/en\/#\/schema\/logo\/image\/","url":"http:\/\/glareone.eu\/wp-content\/uploads\/2024\/05\/glareone_logo2020_RGB-01-e1715773127189.png","contentUrl":"http:\/\/glareone.eu\/wp-content\/uploads\/2024\/05\/glareone_logo2020_RGB-01-e1715773127189.png","width":1270,"height":321,"caption":"GlareOne"},"image":{"@id":"https:\/\/glareone.eu\/pl\/en\/#\/schema\/logo\/image\/"},"sameAs":["https:\/\/www.facebook.com\/GlareOneLighting","https:\/\/www.instagram.com\/glareonelighting\/","https:\/\/www.youtube.com\/@GlareOneTV"]}]}},"_links":{"self":[{"href":"https:\/\/glareone.eu\/pl\/wp-json\/wp\/v2\/product\/1116","targetHints":{"allow":["GET"]}}],"collection":[{"href":"https:\/\/glareone.eu\/pl\/wp-json\/wp\/v2\/product"}],"about":[{"href":"https:\/\/glareone.eu\/pl\/wp-json\/wp\/v2\/types\/product"}],"wp:featuredmedia":[{"embeddable":true,"href":"https:\/\/glareone.eu\/pl\/wp-json\/wp\/v2\/media\/16469"}],"wp:attachment":[{"href":"https:\/\/glareone.eu\/pl\/wp-json\/wp\/v2\/media?parent=1116"}],"wp:term":[{"taxonomy":"product_brand","embeddable":true,"href":"https:\/\/glareone.eu\/pl\/wp-json\/wp\/v2\/product_brand?post=1116"},{"taxonomy":"product_cat","embeddable":true,"href":"https:\/\/glareone.eu\/pl\/wp-json\/wp\/v2\/product_cat?post=1116"},{"taxonomy":"product_tag","embeddable":true,"href":"https:\/\/glareone.eu\/pl\/wp-json\/wp\/v2\/product_tag?post=1116"}],"curies":[{"name":"wp","href":"https:\/\/api.w.org\/{rel}","templated":true}]}}