{"id":1113,"date":"2024-04-18T19:26:40","date_gmt":"2024-04-18T19:26:40","guid":{"rendered":"http:\/\/glareone.eu\/produkt\/glareone-air-glide-275-statyw-z-kolkami-i-amortyzacja-powietrzna\/"},"modified":"2024-09-18T07:29:44","modified_gmt":"2024-09-18T07:29:44","slug":"glareone-air-glide-275","status":"publish","type":"product","link":"https:\/\/glareone.eu\/pl\/produkt\/glareone-air-glide-275\/","title":{"rendered":"GlareOne Air Glide 275 &#8211; statyw z amortyzacj\u0105 powietrzn\u0105"},"content":{"rendered":"<p>Trzysekcyjny statyw z amortyzacj\u0105 powietrzn\u0105, osadzony na p\u0142askiej podstawie, wyposa\u017cony w k\u00f3\u0142ka.<\/p>\n<h3>Wygoda u\u017cytkowania<\/h3>\n<p>Najwi\u0119ksz\u0105 zalet\u0105 statywu GlareOne Air Glide 275 jest wygoda u\u017cytkowania. Zastosowanie p\u0142askiej podstawy umo\u017cliwia wyposa\u017cenie statywu w k\u00f3\u0142ka znajduj\u0105ce si\u0119 w zestawie, dzi\u0119ki czemu praca z nim jest lekka, wygodna i bezpieczna. Niska wysoko\u015b\u0107 podstawy sprawia, \u017ce statywem Air Glide z \u0142atwo\u015bci\u0105 wjedziemy pomi\u0119dzy inne statywy lub elementy scenografii. Air Glide \u015bwietnie sprawdzi si\u0119 w takich miejscach, jak studia fotograficzne i filmowe, salony beauty czy studia tatua\u017cu.<\/p>\n<h3>Kolumna statywowa<\/h3>\n<p>Statyw GlareOne Air Glide 275 jest wyposa\u017cony w kolumn\u0119 statywow\u0105, kt\u00f3ra pochodzi z lekkich statyw\u00f3w z linii Air. Kolumna zapewnia amortyzacj\u0119 powietrzn\u0105 ka\u017cdej sekcji statywu. Wersja Air Glide 275 wysuwa si\u0119 na maksymalnie 275 cm (dost\u0119pna jest r\u00f3wnie\u017c wersja statywu Air Glide 150, wysuwaj\u0105ca si\u0119 na 150 cm). G\u0142owica wie\u0144cz\u0105ca kolumn\u0119 ma odpinany trzpie\u0144 monta\u017cowy, kt\u00f3ry mo\u017ce by\u0107 osadzony w pionie lub poziomie, co zwi\u0119ksza wszechstronno\u015b\u0107 zastosowania statywu.<\/p>\n<h3>Stabilno\u015b\u0107<\/h3>\n<p>Kolumna jest osadzona na p\u0142askim tr\u00f3jnogu z trzema ko\u0142ami, co obni\u017ca \u015brodek ci\u0119\u017cko\u015bci. Ko\u0142a s\u0105 rozmieszczone 62 cm od osi kolumny, zapewniaj\u0105c stabilno\u015b\u0107 i bezpiecze\u0144stwo u\u017cytkowania. Ko\u0142a o \u015brednicy 75 mm pozwalaj\u0105 na \u0142atwe przemieszczanie statywu, nawet po nier\u00f3wnej powierzchni.<\/p>\n<h3>Cechy produktu:<\/h3>\n<ul>\n<li>regulowana wysoko\u015b\u0107 w zakresie 105 &#8211; 275 cm,<\/li>\n<li>posiada amortyzacj\u0119 powietrzn\u0105,<\/li>\n<li>wyposa\u017cony w trzpie\u0144 3\/8\u201d (16 mm) oraz gwint 1\/4\u201d,<\/li>\n<li>wyposa\u017cony w k\u00f3\u0142ka o du\u017cej \u015brednicy 75 mm,<\/li>\n<li>mo\u017cliwo\u015b\u0107 blokady k\u00f3\u0142,<\/li>\n<li>ud\u017awig do 10 kg.<\/li>\n<\/ul>\n<h3>Co mo\u017cna bezpiecznie zamontowa\u0107 na statywie Air Glide:<\/h3>\n<table>\n<tbody>\n<tr>\n<td><\/td>\n<td><span style=\"font-weight: 400;\">Air Glide 150<\/span><\/td>\n<td><b>Air Glide 275<\/b><\/td>\n<\/tr>\n<tr>\n<td><span style=\"font-weight: 400;\">Lampy Speedlite<\/span><\/td>\n<td><span style=\"font-weight: 400;\">X<\/span><\/td>\n<td><b>X<\/b><\/td>\n<\/tr>\n<tr>\n<td><span style=\"font-weight: 400;\">Lampy LED Ring<\/span><\/td>\n<td><span style=\"font-weight: 400;\">X<\/span><\/td>\n<td><b>X<\/b><\/td>\n<\/tr>\n<tr>\n<td><span style=\"font-weight: 400;\">Vega 200\/400 + parasol Orb 100<\/span><\/td>\n<td><span style=\"font-weight: 400;\">X<\/span><\/td>\n<td><b>X<\/b><\/td>\n<\/tr>\n<tr>\n<td><span style=\"font-weight: 400;\">Vega 200\/400 + parasol Orb 150<\/span><\/td>\n<td><span style=\"font-weight: 400;\">X<\/span><\/td>\n<td><b>X<\/b><\/td>\n<\/tr>\n<tr>\n<td><span style=\"font-weight: 400;\">Vega 200\/400 + Octa 100 Pro<\/span><\/td>\n<td><span style=\"font-weight: 400;\">X<\/span><\/td>\n<td><b>X<\/b><\/td>\n<\/tr>\n<tr>\n<td><span style=\"font-weight: 400;\">Vega 200\/400 + Octa 120 Pro<\/span><\/td>\n<td><\/td>\n<td><b>X<\/b><\/td>\n<\/tr>\n<tr>\n<td><span style=\"font-weight: 400;\">LED 80\/120 + Octa 100 Pro\u00a0<\/span><\/td>\n<td><span style=\"font-weight: 400;\">X<\/span><\/td>\n<td><b>X<\/b><\/td>\n<\/tr>\n<tr>\n<td><span style=\"font-weight: 400;\">LED 80\/120 + Octa 120 Pro\u00a0<\/span><\/td>\n<td><\/td>\n<td><b>X<\/b><\/td>\n<\/tr>\n<tr>\n<td><span style=\"font-weight: 400;\">Antares 600 + Octa 150 Pro<\/span><\/td>\n<td><\/td>\n<td><b>X<\/b><\/td>\n<\/tr>\n<tr>\n<td><span style=\"font-weight: 400;\">Antares 600 + Hexa 120 Pro<\/span><\/td>\n<td><\/td>\n<td><b>X<\/b><\/td>\n<\/tr>\n<tr>\n<td><span style=\"font-weight: 400;\">LED 160 + Octa 120 Pro<\/span><\/td>\n<td><span style=\"font-weight: 400;\">X<\/span><\/td>\n<td><b>X<\/b><\/td>\n<\/tr>\n<tr>\n<td><span style=\"font-weight: 400;\">LED 300 + Octa 150 Pro<\/span><\/td>\n<td><\/td>\n<td><b>X<\/b><\/td>\n<\/tr>\n<tr>\n<td><span style=\"font-weight: 400;\">LED 300 + Hexa 120 Pro<\/span><\/td>\n<td><\/td>\n<td><b>X<\/b><\/td>\n<\/tr>\n<\/tbody>\n<\/table>\n","protected":false},"excerpt":{"rendered":"<p>Trzysekcyjny statyw z amortyzacj\u0105 powietrzn\u0105, osadzony na p\u0142askiej podstawie, wyposa\u017cony w k\u00f3\u0142ka. Wygoda u\u017cytkowania Najwi\u0119ksz\u0105 zalet\u0105 statywu GlareOne Air Glide 275 jest wygoda u\u017cytkowania. Zastosowanie p\u0142askiej podstawy umo\u017cliwia wyposa\u017cenie statywu w k\u00f3\u0142ka znajduj\u0105ce si\u0119 w zestawie, dzi\u0119ki czemu praca z nim jest lekka, wygodna i bezpieczna. Niska wysoko\u015b\u0107 podstawy sprawia, \u017ce statywem Air Glide z [&hellip;]<\/p>\n","protected":false},"featured_media":13164,"template":"","meta":[],"product_brand":[],"product_cat":[471],"product_tag":[],"class_list":{"0":"post-1113","1":"product","2":"type-product","3":"status-publish","4":"has-post-thumbnail","6":"product_cat-klasyczne","8":"first","9":"instock","10":"product-type-simple"},"yoast_head":"<!-- This site is optimized with the Yoast SEO plugin v27.2 - https:\/\/yoast.com\/product\/yoast-seo-wordpress\/ -->\n<title>GlareOne Air Glide 275<\/title>\n<meta name=\"description\" content=\"GlareOne Air Glide 275 - Trzysekcyjny statyw z amortyzacj\u0105 powietrzn\u0105, osadzony na p\u0142askiej podstawie, wyposa\u017cony w k\u00f3\u0142ka.\" \/>\n<meta name=\"robots\" content=\"index, follow, max-snippet:-1, max-image-preview:large, max-video-preview:-1\" \/>\n<link rel=\"canonical\" href=\"https:\/\/glareone.eu\/pl\/produkt\/glareone-air-glide-275\/\" \/>\n<meta property=\"og:locale\" content=\"pl_PL\" \/>\n<meta property=\"og:type\" content=\"article\" \/>\n<meta property=\"og:title\" content=\"GlareOne Air Glide 275 - statyw z k\u00f3\u0142kami i amortyzacj\u0105 powietrzn\u0105\" \/>\n<meta property=\"og:description\" content=\"GlareOne Air Glide 275 - Trzysekcyjny statyw z amortyzacj\u0105 powietrzn\u0105, osadzony na p\u0142askiej podstawie, wyposa\u017cony w k\u00f3\u0142ka.\" \/>\n<meta property=\"og:url\" content=\"https:\/\/glareone.eu\/pl\/produkt\/glareone-air-glide-275\/\" \/>\n<meta property=\"og:site_name\" content=\"GlareOne\" \/>\n<meta property=\"article:publisher\" content=\"https:\/\/www.facebook.com\/GlareOneLighting\" \/>\n<meta property=\"article:modified_time\" content=\"2024-09-18T07:29:44+00:00\" \/>\n<meta property=\"og:image\" content=\"https:\/\/glareone.eu\/wp-content\/uploads\/2024\/04\/SLSA275G_01-min.jpg\" \/>\n\t<meta property=\"og:image:width\" content=\"1200\" \/>\n\t<meta property=\"og:image:height\" content=\"1200\" \/>\n\t<meta property=\"og:image:type\" content=\"image\/jpeg\" \/>\n<meta name=\"twitter:card\" content=\"summary_large_image\" \/>\n<meta name=\"twitter:title\" content=\"GlareOne Air Glide 275 - statyw z k\u00f3\u0142kami i amortyzacj\u0105 powietrzn\u0105\" \/>\n<meta name=\"twitter:label1\" content=\"Szacowany czas czytania\" \/>\n\t<meta name=\"twitter:data1\" content=\"2 minuty\" \/>\n<script type=\"application\/ld+json\" class=\"yoast-schema-graph\">{\"@context\":\"https:\/\/schema.org\",\"@graph\":[{\"@type\":\"WebPage\",\"@id\":\"https:\/\/glareone.eu\/pl\/produkt\/glareone-air-glide-275\/\",\"url\":\"https:\/\/glareone.eu\/pl\/produkt\/glareone-air-glide-275\/\",\"name\":\"GlareOne Air Glide 275\",\"isPartOf\":{\"@id\":\"https:\/\/glareone.eu\/pl\/en\/#website\"},\"primaryImageOfPage\":{\"@id\":\"https:\/\/glareone.eu\/pl\/produkt\/glareone-air-glide-275\/#primaryimage\"},\"image\":{\"@id\":\"https:\/\/glareone.eu\/pl\/produkt\/glareone-air-glide-275\/#primaryimage\"},\"thumbnailUrl\":\"https:\/\/glareone.eu\/wp-content\/uploads\/2024\/04\/SLSA275G_01-min.jpg\",\"datePublished\":\"2024-04-18T19:26:40+00:00\",\"dateModified\":\"2024-09-18T07:29:44+00:00\",\"description\":\"GlareOne Air Glide 275 - Trzysekcyjny statyw z amortyzacj\u0105 powietrzn\u0105, osadzony na p\u0142askiej podstawie, wyposa\u017cony w k\u00f3\u0142ka.\",\"breadcrumb\":{\"@id\":\"https:\/\/glareone.eu\/pl\/produkt\/glareone-air-glide-275\/#breadcrumb\"},\"inLanguage\":\"pl-PL\",\"potentialAction\":[{\"@type\":\"ReadAction\",\"target\":[\"https:\/\/glareone.eu\/pl\/produkt\/glareone-air-glide-275\/\"]}]},{\"@type\":\"ImageObject\",\"inLanguage\":\"pl-PL\",\"@id\":\"https:\/\/glareone.eu\/pl\/produkt\/glareone-air-glide-275\/#primaryimage\",\"url\":\"https:\/\/glareone.eu\/wp-content\/uploads\/2024\/04\/SLSA275G_01-min.jpg\",\"contentUrl\":\"https:\/\/glareone.eu\/wp-content\/uploads\/2024\/04\/SLSA275G_01-min.jpg\",\"width\":1200,\"height\":1200},{\"@type\":\"BreadcrumbList\",\"@id\":\"https:\/\/glareone.eu\/pl\/produkt\/glareone-air-glide-275\/#breadcrumb\",\"itemListElement\":[{\"@type\":\"ListItem\",\"position\":1,\"name\":\"Strona g\u0142\u00f3wna\",\"item\":\"https:\/\/glareone.eu\/pl\/\"},{\"@type\":\"ListItem\",\"position\":2,\"name\":\"Wszystkie produkty\",\"item\":\"https:\/\/glareone.eu\/pl\/produkty\/wszystkie-produkty\/\"},{\"@type\":\"ListItem\",\"position\":3,\"name\":\"GlareOne Air Glide 275 &#8211; statyw z amortyzacj\u0105 powietrzn\u0105\"}]},{\"@type\":\"WebSite\",\"@id\":\"https:\/\/glareone.eu\/pl\/en\/#website\",\"url\":\"https:\/\/glareone.eu\/pl\/en\/\",\"name\":\"GlareOne\",\"description\":\"Wyposa\u017cenie Studia\",\"publisher\":{\"@id\":\"https:\/\/glareone.eu\/pl\/en\/#organization\"},\"potentialAction\":[{\"@type\":\"SearchAction\",\"target\":{\"@type\":\"EntryPoint\",\"urlTemplate\":\"https:\/\/glareone.eu\/pl\/en\/?s={search_term_string}\"},\"query-input\":{\"@type\":\"PropertyValueSpecification\",\"valueRequired\":true,\"valueName\":\"search_term_string\"}}],\"inLanguage\":\"pl-PL\"},{\"@type\":\"Organization\",\"@id\":\"https:\/\/glareone.eu\/pl\/en\/#organization\",\"name\":\"GlareOne\",\"url\":\"https:\/\/glareone.eu\/pl\/en\/\",\"logo\":{\"@type\":\"ImageObject\",\"inLanguage\":\"pl-PL\",\"@id\":\"https:\/\/glareone.eu\/pl\/en\/#\/schema\/logo\/image\/\",\"url\":\"http:\/\/glareone.eu\/wp-content\/uploads\/2024\/05\/glareone_logo2020_RGB-01-e1715773127189.png\",\"contentUrl\":\"http:\/\/glareone.eu\/wp-content\/uploads\/2024\/05\/glareone_logo2020_RGB-01-e1715773127189.png\",\"width\":1270,\"height\":321,\"caption\":\"GlareOne\"},\"image\":{\"@id\":\"https:\/\/glareone.eu\/pl\/en\/#\/schema\/logo\/image\/\"},\"sameAs\":[\"https:\/\/www.facebook.com\/GlareOneLighting\",\"https:\/\/www.instagram.com\/glareonelighting\/\",\"https:\/\/www.youtube.com\/@GlareOneTV\"]}]}<\/script>\n<!-- \/ Yoast SEO plugin. -->","yoast_head_json":{"title":"GlareOne Air Glide 275","description":"GlareOne Air Glide 275 - Trzysekcyjny statyw z amortyzacj\u0105 powietrzn\u0105, osadzony na p\u0142askiej podstawie, wyposa\u017cony w k\u00f3\u0142ka.","robots":{"index":"index","follow":"follow","max-snippet":"max-snippet:-1","max-image-preview":"max-image-preview:large","max-video-preview":"max-video-preview:-1"},"canonical":"https:\/\/glareone.eu\/pl\/produkt\/glareone-air-glide-275\/","og_locale":"pl_PL","og_type":"article","og_title":"GlareOne Air Glide 275 - statyw z k\u00f3\u0142kami i amortyzacj\u0105 powietrzn\u0105","og_description":"GlareOne Air Glide 275 - Trzysekcyjny statyw z amortyzacj\u0105 powietrzn\u0105, osadzony na p\u0142askiej podstawie, wyposa\u017cony w k\u00f3\u0142ka.","og_url":"https:\/\/glareone.eu\/pl\/produkt\/glareone-air-glide-275\/","og_site_name":"GlareOne","article_publisher":"https:\/\/www.facebook.com\/GlareOneLighting","article_modified_time":"2024-09-18T07:29:44+00:00","og_image":[{"width":1200,"height":1200,"url":"https:\/\/glareone.eu\/wp-content\/uploads\/2024\/04\/SLSA275G_01-min.jpg","type":"image\/jpeg"}],"twitter_card":"summary_large_image","twitter_title":"GlareOne Air Glide 275 - statyw z k\u00f3\u0142kami i amortyzacj\u0105 powietrzn\u0105","twitter_misc":{"Szacowany czas czytania":"2 minuty"},"schema":{"@context":"https:\/\/schema.org","@graph":[{"@type":"WebPage","@id":"https:\/\/glareone.eu\/pl\/produkt\/glareone-air-glide-275\/","url":"https:\/\/glareone.eu\/pl\/produkt\/glareone-air-glide-275\/","name":"GlareOne Air Glide 275","isPartOf":{"@id":"https:\/\/glareone.eu\/pl\/en\/#website"},"primaryImageOfPage":{"@id":"https:\/\/glareone.eu\/pl\/produkt\/glareone-air-glide-275\/#primaryimage"},"image":{"@id":"https:\/\/glareone.eu\/pl\/produkt\/glareone-air-glide-275\/#primaryimage"},"thumbnailUrl":"https:\/\/glareone.eu\/wp-content\/uploads\/2024\/04\/SLSA275G_01-min.jpg","datePublished":"2024-04-18T19:26:40+00:00","dateModified":"2024-09-18T07:29:44+00:00","description":"GlareOne Air Glide 275 - Trzysekcyjny statyw z amortyzacj\u0105 powietrzn\u0105, osadzony na p\u0142askiej podstawie, wyposa\u017cony w k\u00f3\u0142ka.","breadcrumb":{"@id":"https:\/\/glareone.eu\/pl\/produkt\/glareone-air-glide-275\/#breadcrumb"},"inLanguage":"pl-PL","potentialAction":[{"@type":"ReadAction","target":["https:\/\/glareone.eu\/pl\/produkt\/glareone-air-glide-275\/"]}]},{"@type":"ImageObject","inLanguage":"pl-PL","@id":"https:\/\/glareone.eu\/pl\/produkt\/glareone-air-glide-275\/#primaryimage","url":"https:\/\/glareone.eu\/wp-content\/uploads\/2024\/04\/SLSA275G_01-min.jpg","contentUrl":"https:\/\/glareone.eu\/wp-content\/uploads\/2024\/04\/SLSA275G_01-min.jpg","width":1200,"height":1200},{"@type":"BreadcrumbList","@id":"https:\/\/glareone.eu\/pl\/produkt\/glareone-air-glide-275\/#breadcrumb","itemListElement":[{"@type":"ListItem","position":1,"name":"Strona g\u0142\u00f3wna","item":"https:\/\/glareone.eu\/pl\/"},{"@type":"ListItem","position":2,"name":"Wszystkie produkty","item":"https:\/\/glareone.eu\/pl\/produkty\/wszystkie-produkty\/"},{"@type":"ListItem","position":3,"name":"GlareOne Air Glide 275 &#8211; statyw z amortyzacj\u0105 powietrzn\u0105"}]},{"@type":"WebSite","@id":"https:\/\/glareone.eu\/pl\/en\/#website","url":"https:\/\/glareone.eu\/pl\/en\/","name":"GlareOne","description":"Wyposa\u017cenie Studia","publisher":{"@id":"https:\/\/glareone.eu\/pl\/en\/#organization"},"potentialAction":[{"@type":"SearchAction","target":{"@type":"EntryPoint","urlTemplate":"https:\/\/glareone.eu\/pl\/en\/?s={search_term_string}"},"query-input":{"@type":"PropertyValueSpecification","valueRequired":true,"valueName":"search_term_string"}}],"inLanguage":"pl-PL"},{"@type":"Organization","@id":"https:\/\/glareone.eu\/pl\/en\/#organization","name":"GlareOne","url":"https:\/\/glareone.eu\/pl\/en\/","logo":{"@type":"ImageObject","inLanguage":"pl-PL","@id":"https:\/\/glareone.eu\/pl\/en\/#\/schema\/logo\/image\/","url":"http:\/\/glareone.eu\/wp-content\/uploads\/2024\/05\/glareone_logo2020_RGB-01-e1715773127189.png","contentUrl":"http:\/\/glareone.eu\/wp-content\/uploads\/2024\/05\/glareone_logo2020_RGB-01-e1715773127189.png","width":1270,"height":321,"caption":"GlareOne"},"image":{"@id":"https:\/\/glareone.eu\/pl\/en\/#\/schema\/logo\/image\/"},"sameAs":["https:\/\/www.facebook.com\/GlareOneLighting","https:\/\/www.instagram.com\/glareonelighting\/","https:\/\/www.youtube.com\/@GlareOneTV"]}]}},"_links":{"self":[{"href":"https:\/\/glareone.eu\/pl\/wp-json\/wp\/v2\/product\/1113","targetHints":{"allow":["GET"]}}],"collection":[{"href":"https:\/\/glareone.eu\/pl\/wp-json\/wp\/v2\/product"}],"about":[{"href":"https:\/\/glareone.eu\/pl\/wp-json\/wp\/v2\/types\/product"}],"wp:featuredmedia":[{"embeddable":true,"href":"https:\/\/glareone.eu\/pl\/wp-json\/wp\/v2\/media\/13164"}],"wp:attachment":[{"href":"https:\/\/glareone.eu\/pl\/wp-json\/wp\/v2\/media?parent=1113"}],"wp:term":[{"taxonomy":"product_brand","embeddable":true,"href":"https:\/\/glareone.eu\/pl\/wp-json\/wp\/v2\/product_brand?post=1113"},{"taxonomy":"product_cat","embeddable":true,"href":"https:\/\/glareone.eu\/pl\/wp-json\/wp\/v2\/product_cat?post=1113"},{"taxonomy":"product_tag","embeddable":true,"href":"https:\/\/glareone.eu\/pl\/wp-json\/wp\/v2\/product_tag?post=1113"}],"curies":[{"name":"wp","href":"https:\/\/api.w.org\/{rel}","templated":true}]}}