{"id":1108,"date":"2024-04-18T19:26:38","date_gmt":"2024-04-18T19:26:38","guid":{"rendered":"http:\/\/glareone.eu\/produkt\/glareone-led-panel-80-rgb-d\/"},"modified":"2024-11-12T13:52:52","modified_gmt":"2024-11-12T13:52:52","slug":"glareone-led-panel-80-rgb-d","status":"publish","type":"product","link":"https:\/\/glareone.eu\/pl\/produkt\/glareone-led-panel-80-rgb-d\/","title":{"rendered":"GlareOne LED Panel 80 RGB D"},"content":{"rendered":"<p>GlareOne LED Panel 80 RGB to 80-watowy panel LED z regulacj\u0105 koloru \u015bwiat\u0142a w pe\u0142nym spektrum RGB i temperatury barwowej. Dostarczany w zestawie z softboxem oraz wrotami i pokrowcem, a dzi\u0119ki wysokiej mocy i wysokiej jako\u015bci wykonania znajdzie zastosowanie zar\u00f3wno w studio fotograficznym, jak i filmowym.<\/p>\n<h3>Pe\u0142na paleta barw RGB<\/h3>\n<p>Dzi\u0119ki diodom RGB panel oferuje 360 odcieni \u015bwiat\u0142a w trybie HSI, umo\u017cliwiaj\u0105c precyzyjn\u0105 regulacj\u0119 koloru, nasycenia i jasno\u015bci. Mo\u017cliwo\u015b\u0107 korekcji tinty zapewnia jeszcze wi\u0119ksz\u0105 kontrol\u0119 nad barw\u0105 \u015bwiat\u0142a, a co za tym idzie jego skorygowanie lub dopasowanie do warunk\u00f3w na planie zdj\u0119ciowym.<\/p>\n<h3>Regulowana temperatura barwowa<\/h3>\n<p>Panel pozwala na p\u0142ynn\u0105 regulacj\u0119 temperatury \u015bwiat\u0142a od 2700 K do 7500 K, co umo\u017cliwia uzyskanie r\u00f3\u017cnorodnych efekt\u00f3w: od ciep\u0142ego \u015bwiat\u0142a \u015bwiecy po naturalne \u015bwiat\u0142o dzienne.<\/p>\n<h3>Bogaty zestaw akcesori\u00f3w<\/h3>\n<p>W zestawie z panelem dostarczane s\u0105:<\/p>\n<ul>\n<li><strong>Wrota<\/strong> &#8211; pe\u0142ni\u0105 funkcj\u0119 zastawek, kt\u00f3re zatrzymuj\u0105 \u015bwiat\u0142o, uniemo\u017cliwiaj\u0105c jego dotarcie do wybranych cz\u0119\u015bci sceny. Wrota s\u0105 zdejmowalne.<\/li>\n<li><strong>Softbox z dyfuzorem<\/strong> &#8211; umo\u017cliwia r\u00f3wnomierne o\u015bwietlenie planu i jednocze\u015bnie u\u0142atwia prac\u0119 nawet w niewielkiej przestrzeni. Dzi\u0119ki temu, \u017ce jest p\u0142ytki, mo\u017cna go \u0142atwo zawiesi\u0107 na statywie typu boom czy u\u017cy\u0107 w ciasnych pomieszczeniach. Dostarczany w zestawie pokrowiec u\u0142atwia transport i przechowywanie softboxa.<\/li>\n<li><strong>Grid do softboxa<\/strong> &#8211; plaster miodu podpi\u0119ty do softboxa pozwala lepiej kontrolowa\u0107 rozk\u0142ad \u015bwiat\u0142a na o\u015bwietlonym obiekcie i ca\u0142ym planie zdj\u0119ciowym. Grid ogranicza rozchodzenie si\u0119 \u015bwiat\u0142a na boki, dzi\u0119ki czemu \u0142atwiej je ukierunkowa\u0107.<\/li>\n<li><strong>Torba transportowa<\/strong> &#8211; pozwala na wygodny transport i zabezpieczenie urz\u0105dzenia.<\/li>\n<\/ul>\n<h3>Wielozadaniowo\u015b\u0107<\/h3>\n<p>Lampa GlareOne LED Panel 80 RGB D sprawdza si\u0119 w r\u00f3\u017cnorodnych sytuacjach &#8211; od portret\u00f3w po fotografi\u0119 produktow\u0105 czy makrofotografi\u0119. Jego elastyczno\u015b\u0107 pozwala na szybkie dostosowanie ustawie\u0144 do r\u00f3\u017cnych rodzaj\u00f3w zdj\u0119\u0107.<\/p>\n<h3>Prosta obs\u0142uga<\/h3>\n<p>Panel LED GlareOne oferuje ci\u0105g\u0142e \u015bwiat\u0142o, co eliminuje potrzeb\u0119 u\u017cywania kosztownych \u015bwiat\u0142omierzy. Aparat samodzielnie mierzy \u015bwiat\u0142o i automatycznie dostosowuje ekspozycj\u0119, co u\u0142atwia tworzenie idealnych uj\u0119\u0107. Posiada uniwersalne mocowanie statywowe 5\/8\u201c, co umo\u017cliwia \u0142atwy monta\u017c na kamerze, aparacie lub statywie.<\/p>\n<h3>Doskona\u0142e odwzorowanie kolor\u00f3w<\/h3>\n<p>Lampa zapewnia precyzyjne odwzorowanie kolor\u00f3w, niezale\u017cnie od ustawionej temperatury barwowej, dzi\u0119ki wska\u017anikom TLCI &gt; 98, CRI &gt; 96 oraz TM-30 &gt; 96. Jest to kluczowe w filmowaniu i fotografii, szczeg\u00f3lnie podczas pracy z modelem lub modelk\u0105.<\/p>\n<h3>Zasilanie<\/h3>\n<p>Panel mo\u017cna zasila\u0107 zar\u00f3wno z sieci elektrycznej, jak i z baterii NP-F, co zwi\u0119ksza mobilno\u015b\u0107 i elastyczno\u015b\u0107 podczas pracy. Maksymalny czas \u015bwiecenia na pe\u0142nej mocy wynosi oko\u0142o 60 minut (przy zastosowaniu akumulator\u00f3w NP-F 970).<\/p>\n<h3>Efekty o\u015bwietleniowe<\/h3>\n<p>Lampa zosta\u0142a wyposa\u017cona w 20 predefiniowanych efekt\u00f3w o\u015bwietleniowych i w 6 indywidualnych, kt\u00f3re pozwalaj\u0105 na odtwarzanie r\u00f3\u017cnych \u017ar\u00f3de\u0142 \u015bwiat\u0142a, takich jak zepsuta \u015bwietl\u00f3wka, sztuczne ognie, b\u0142yskawice (w trzech r\u00f3\u017cnych stylach), b\u0142yski fleszy (r\u00f3wnie\u017c w trzech r\u00f3\u017cnych stylach) oraz efekt telewizora.<\/p>\n<h3>Zdalne sterowanie<\/h3>\n<p>Wbudowany odbiornik radiowy umo\u017cliwia zdalne sterowanie lamp\u0105 za pomoc\u0105 pilota GlareOne LED RC lub poprzez aplikacj\u0119 GlareOne Studio, co zapewnia wygod\u0119 i pe\u0142n\u0105 kontrol\u0119 nad o\u015bwietleniem z dowolnego miejsca na planie.<\/p>\n<h3>Cechy GlareOne LED Panel 80 RGB D<\/h3>\n<ul>\n<li>\u0142atwa w u\u017cyciu i wszechstronna lampa do fotografii i filmowania,<\/li>\n<li>360 kolor\u00f3w \u015bwiat\u0142a z zakresu RGB (HSI),<\/li>\n<li>mo\u017cliwo\u015b\u0107 regulacji nasycenia kolor\u00f3w,<\/li>\n<li>zmienna temperatura barwowa w zakresie 2700~7500 K,<\/li>\n<li>pozwala na korekt\u0119 zabarwienia \u015bwiat\u0142a (tinty),<\/li>\n<li>maksymalna moc wynosi 80 W,<\/li>\n<li>wysokie parametry odwzorowania barw (CRI &gt; 96, TLCI &gt; 98, TM-30 &gt; 96),<\/li>\n<li>mo\u017cliwo\u015b\u0107 zasilania z sieci elektrycznej lub z akumulator\u00f3w NP-F,<\/li>\n<li>p\u0142ynna, bezstopniowa regulacja jasno\u015bci,<\/li>\n<li>cichy i wydajny system aktywnego ch\u0142odzenia (&lt;30 dB) z mo\u017cliwo\u015bci\u0105 wy\u0142\u0105czenia wentylatora,<\/li>\n<li>wyposa\u017cona w mocowanie statywowe 5\/8\u201c,<\/li>\n<li>w zestawie metalowe zdejmowalne wrota oraz softbox z gridem,<\/li>\n<li>posiada zdejmowany dyfuzor,<\/li>\n<li>wyposa\u017cona w 20 predefiniowanych efekt\u00f3w o\u015bwietleniowych i 6 indywidualnych,<\/li>\n<li>mo\u017cliwo\u015b\u0107 sterowania poprzez pilot LED RC lub LED RC II,<\/li>\n<li>wsp\u00f3\u0142praca z aplikacj\u0105 GlareOne Studio, kt\u00f3ra umo\u017cliwia sterowanie z poziomu telefonu lub tabletu.<\/li>\n<\/ul>\n<h3>Zawarto\u015b\u0107 pude\u0142ka<\/h3>\n<ul>\n<li>1x lampa,<\/li>\n<li>1x wrota,<\/li>\n<li>1x zasilacz,<\/li>\n<li>1x kabel EU,<\/li>\n<li>1x kabel UK,<\/li>\n<li>1x torba transportowa,<\/li>\n<li>1x softbox,<\/li>\n<li>1x grid,<\/li>\n<li>1x instrukcja obs\u0142ugi.<\/li>\n<\/ul>\n","protected":false},"excerpt":{"rendered":"<p>GlareOne LED Panel 80 RGB to 80-watowy panel LED z regulacj\u0105 koloru \u015bwiat\u0142a w pe\u0142nym spektrum RGB i temperatury barwowej. Dostarczany w zestawie z softboxem oraz wrotami i pokrowcem, a dzi\u0119ki wysokiej mocy i wysokiej jako\u015bci wykonania znajdzie zastosowanie zar\u00f3wno w studio fotograficznym, jak i filmowym. Pe\u0142na paleta barw RGB Dzi\u0119ki diodom RGB panel oferuje [&hellip;]<\/p>\n","protected":false},"featured_media":13382,"template":"","meta":[],"product_brand":[],"product_cat":[330],"product_tag":[],"class_list":{"0":"post-1108","1":"product","2":"type-product","3":"status-publish","4":"has-post-thumbnail","6":"product_cat-led-tube-panel","8":"first","9":"instock","10":"product-type-simple"},"yoast_head":"<!-- This site is optimized with the Yoast SEO plugin v27.2 - https:\/\/yoast.com\/product\/yoast-seo-wordpress\/ -->\n<title>GlareOne LED Panel 80 RGB D<\/title>\n<meta name=\"description\" content=\"GlareOne LED Panel 80 RGB D\" \/>\n<meta name=\"robots\" content=\"index, follow, max-snippet:-1, max-image-preview:large, max-video-preview:-1\" \/>\n<link rel=\"canonical\" href=\"https:\/\/glareone.eu\/pl\/produkt\/glareone-led-panel-80-rgb-d\/\" \/>\n<meta property=\"og:locale\" content=\"pl_PL\" \/>\n<meta property=\"og:type\" content=\"article\" \/>\n<meta property=\"og:title\" content=\"GlareOne LED Panel 80 RGB D\" \/>\n<meta property=\"og:description\" content=\"GlareOne LED Panel 80 RGB D\" \/>\n<meta property=\"og:url\" content=\"https:\/\/glareone.eu\/pl\/produkt\/glareone-led-panel-80-rgb-d\/\" \/>\n<meta property=\"og:site_name\" content=\"GlareOne\" \/>\n<meta property=\"article:publisher\" content=\"https:\/\/www.facebook.com\/GlareOneLighting\" \/>\n<meta property=\"article:modified_time\" content=\"2024-11-12T13:52:52+00:00\" \/>\n<meta property=\"og:image\" content=\"https:\/\/glareone.eu\/wp-content\/uploads\/2024\/04\/SLEDP80RGBD_01-min.jpg\" \/>\n\t<meta property=\"og:image:width\" content=\"1200\" \/>\n\t<meta property=\"og:image:height\" content=\"1200\" \/>\n\t<meta property=\"og:image:type\" content=\"image\/jpeg\" \/>\n<meta name=\"twitter:card\" content=\"summary_large_image\" \/>\n<meta name=\"twitter:title\" content=\"GlareOne LED Panel 80 RGB D\" \/>\n<meta name=\"twitter:label1\" content=\"Szacowany czas czytania\" \/>\n\t<meta name=\"twitter:data1\" content=\"3 minuty\" \/>\n<script type=\"application\/ld+json\" class=\"yoast-schema-graph\">{\"@context\":\"https:\/\/schema.org\",\"@graph\":[{\"@type\":\"WebPage\",\"@id\":\"https:\/\/glareone.eu\/pl\/produkt\/glareone-led-panel-80-rgb-d\/\",\"url\":\"https:\/\/glareone.eu\/pl\/produkt\/glareone-led-panel-80-rgb-d\/\",\"name\":\"GlareOne LED Panel 80 RGB D\",\"isPartOf\":{\"@id\":\"https:\/\/glareone.eu\/pl\/en\/#website\"},\"primaryImageOfPage\":{\"@id\":\"https:\/\/glareone.eu\/pl\/produkt\/glareone-led-panel-80-rgb-d\/#primaryimage\"},\"image\":{\"@id\":\"https:\/\/glareone.eu\/pl\/produkt\/glareone-led-panel-80-rgb-d\/#primaryimage\"},\"thumbnailUrl\":\"https:\/\/glareone.eu\/wp-content\/uploads\/2024\/04\/SLEDP80RGBD_01-min.jpg\",\"datePublished\":\"2024-04-18T19:26:38+00:00\",\"dateModified\":\"2024-11-12T13:52:52+00:00\",\"description\":\"GlareOne LED Panel 80 RGB D\",\"breadcrumb\":{\"@id\":\"https:\/\/glareone.eu\/pl\/produkt\/glareone-led-panel-80-rgb-d\/#breadcrumb\"},\"inLanguage\":\"pl-PL\",\"potentialAction\":[{\"@type\":\"ReadAction\",\"target\":[\"https:\/\/glareone.eu\/pl\/produkt\/glareone-led-panel-80-rgb-d\/\"]}]},{\"@type\":\"ImageObject\",\"inLanguage\":\"pl-PL\",\"@id\":\"https:\/\/glareone.eu\/pl\/produkt\/glareone-led-panel-80-rgb-d\/#primaryimage\",\"url\":\"https:\/\/glareone.eu\/wp-content\/uploads\/2024\/04\/SLEDP80RGBD_01-min.jpg\",\"contentUrl\":\"https:\/\/glareone.eu\/wp-content\/uploads\/2024\/04\/SLEDP80RGBD_01-min.jpg\",\"width\":1200,\"height\":1200},{\"@type\":\"BreadcrumbList\",\"@id\":\"https:\/\/glareone.eu\/pl\/produkt\/glareone-led-panel-80-rgb-d\/#breadcrumb\",\"itemListElement\":[{\"@type\":\"ListItem\",\"position\":1,\"name\":\"Strona g\u0142\u00f3wna\",\"item\":\"https:\/\/glareone.eu\/pl\/\"},{\"@type\":\"ListItem\",\"position\":2,\"name\":\"Wszystkie produkty\",\"item\":\"https:\/\/glareone.eu\/pl\/produkty\/wszystkie-produkty\/\"},{\"@type\":\"ListItem\",\"position\":3,\"name\":\"GlareOne LED Panel 80 RGB D\"}]},{\"@type\":\"WebSite\",\"@id\":\"https:\/\/glareone.eu\/pl\/en\/#website\",\"url\":\"https:\/\/glareone.eu\/pl\/en\/\",\"name\":\"GlareOne\",\"description\":\"Wyposa\u017cenie Studia\",\"publisher\":{\"@id\":\"https:\/\/glareone.eu\/pl\/en\/#organization\"},\"potentialAction\":[{\"@type\":\"SearchAction\",\"target\":{\"@type\":\"EntryPoint\",\"urlTemplate\":\"https:\/\/glareone.eu\/pl\/en\/?s={search_term_string}\"},\"query-input\":{\"@type\":\"PropertyValueSpecification\",\"valueRequired\":true,\"valueName\":\"search_term_string\"}}],\"inLanguage\":\"pl-PL\"},{\"@type\":\"Organization\",\"@id\":\"https:\/\/glareone.eu\/pl\/en\/#organization\",\"name\":\"GlareOne\",\"url\":\"https:\/\/glareone.eu\/pl\/en\/\",\"logo\":{\"@type\":\"ImageObject\",\"inLanguage\":\"pl-PL\",\"@id\":\"https:\/\/glareone.eu\/pl\/en\/#\/schema\/logo\/image\/\",\"url\":\"http:\/\/glareone.eu\/wp-content\/uploads\/2024\/05\/glareone_logo2020_RGB-01-e1715773127189.png\",\"contentUrl\":\"http:\/\/glareone.eu\/wp-content\/uploads\/2024\/05\/glareone_logo2020_RGB-01-e1715773127189.png\",\"width\":1270,\"height\":321,\"caption\":\"GlareOne\"},\"image\":{\"@id\":\"https:\/\/glareone.eu\/pl\/en\/#\/schema\/logo\/image\/\"},\"sameAs\":[\"https:\/\/www.facebook.com\/GlareOneLighting\",\"https:\/\/www.instagram.com\/glareonelighting\/\",\"https:\/\/www.youtube.com\/@GlareOneTV\"]}]}<\/script>\n<!-- \/ Yoast SEO plugin. -->","yoast_head_json":{"title":"GlareOne LED Panel 80 RGB D","description":"GlareOne LED Panel 80 RGB D","robots":{"index":"index","follow":"follow","max-snippet":"max-snippet:-1","max-image-preview":"max-image-preview:large","max-video-preview":"max-video-preview:-1"},"canonical":"https:\/\/glareone.eu\/pl\/produkt\/glareone-led-panel-80-rgb-d\/","og_locale":"pl_PL","og_type":"article","og_title":"GlareOne LED Panel 80 RGB D","og_description":"GlareOne LED Panel 80 RGB D","og_url":"https:\/\/glareone.eu\/pl\/produkt\/glareone-led-panel-80-rgb-d\/","og_site_name":"GlareOne","article_publisher":"https:\/\/www.facebook.com\/GlareOneLighting","article_modified_time":"2024-11-12T13:52:52+00:00","og_image":[{"width":1200,"height":1200,"url":"https:\/\/glareone.eu\/wp-content\/uploads\/2024\/04\/SLEDP80RGBD_01-min.jpg","type":"image\/jpeg"}],"twitter_card":"summary_large_image","twitter_title":"GlareOne LED Panel 80 RGB D","twitter_misc":{"Szacowany czas czytania":"3 minuty"},"schema":{"@context":"https:\/\/schema.org","@graph":[{"@type":"WebPage","@id":"https:\/\/glareone.eu\/pl\/produkt\/glareone-led-panel-80-rgb-d\/","url":"https:\/\/glareone.eu\/pl\/produkt\/glareone-led-panel-80-rgb-d\/","name":"GlareOne LED Panel 80 RGB D","isPartOf":{"@id":"https:\/\/glareone.eu\/pl\/en\/#website"},"primaryImageOfPage":{"@id":"https:\/\/glareone.eu\/pl\/produkt\/glareone-led-panel-80-rgb-d\/#primaryimage"},"image":{"@id":"https:\/\/glareone.eu\/pl\/produkt\/glareone-led-panel-80-rgb-d\/#primaryimage"},"thumbnailUrl":"https:\/\/glareone.eu\/wp-content\/uploads\/2024\/04\/SLEDP80RGBD_01-min.jpg","datePublished":"2024-04-18T19:26:38+00:00","dateModified":"2024-11-12T13:52:52+00:00","description":"GlareOne LED Panel 80 RGB D","breadcrumb":{"@id":"https:\/\/glareone.eu\/pl\/produkt\/glareone-led-panel-80-rgb-d\/#breadcrumb"},"inLanguage":"pl-PL","potentialAction":[{"@type":"ReadAction","target":["https:\/\/glareone.eu\/pl\/produkt\/glareone-led-panel-80-rgb-d\/"]}]},{"@type":"ImageObject","inLanguage":"pl-PL","@id":"https:\/\/glareone.eu\/pl\/produkt\/glareone-led-panel-80-rgb-d\/#primaryimage","url":"https:\/\/glareone.eu\/wp-content\/uploads\/2024\/04\/SLEDP80RGBD_01-min.jpg","contentUrl":"https:\/\/glareone.eu\/wp-content\/uploads\/2024\/04\/SLEDP80RGBD_01-min.jpg","width":1200,"height":1200},{"@type":"BreadcrumbList","@id":"https:\/\/glareone.eu\/pl\/produkt\/glareone-led-panel-80-rgb-d\/#breadcrumb","itemListElement":[{"@type":"ListItem","position":1,"name":"Strona g\u0142\u00f3wna","item":"https:\/\/glareone.eu\/pl\/"},{"@type":"ListItem","position":2,"name":"Wszystkie produkty","item":"https:\/\/glareone.eu\/pl\/produkty\/wszystkie-produkty\/"},{"@type":"ListItem","position":3,"name":"GlareOne LED Panel 80 RGB D"}]},{"@type":"WebSite","@id":"https:\/\/glareone.eu\/pl\/en\/#website","url":"https:\/\/glareone.eu\/pl\/en\/","name":"GlareOne","description":"Wyposa\u017cenie Studia","publisher":{"@id":"https:\/\/glareone.eu\/pl\/en\/#organization"},"potentialAction":[{"@type":"SearchAction","target":{"@type":"EntryPoint","urlTemplate":"https:\/\/glareone.eu\/pl\/en\/?s={search_term_string}"},"query-input":{"@type":"PropertyValueSpecification","valueRequired":true,"valueName":"search_term_string"}}],"inLanguage":"pl-PL"},{"@type":"Organization","@id":"https:\/\/glareone.eu\/pl\/en\/#organization","name":"GlareOne","url":"https:\/\/glareone.eu\/pl\/en\/","logo":{"@type":"ImageObject","inLanguage":"pl-PL","@id":"https:\/\/glareone.eu\/pl\/en\/#\/schema\/logo\/image\/","url":"http:\/\/glareone.eu\/wp-content\/uploads\/2024\/05\/glareone_logo2020_RGB-01-e1715773127189.png","contentUrl":"http:\/\/glareone.eu\/wp-content\/uploads\/2024\/05\/glareone_logo2020_RGB-01-e1715773127189.png","width":1270,"height":321,"caption":"GlareOne"},"image":{"@id":"https:\/\/glareone.eu\/pl\/en\/#\/schema\/logo\/image\/"},"sameAs":["https:\/\/www.facebook.com\/GlareOneLighting","https:\/\/www.instagram.com\/glareonelighting\/","https:\/\/www.youtube.com\/@GlareOneTV"]}]}},"_links":{"self":[{"href":"https:\/\/glareone.eu\/pl\/wp-json\/wp\/v2\/product\/1108","targetHints":{"allow":["GET"]}}],"collection":[{"href":"https:\/\/glareone.eu\/pl\/wp-json\/wp\/v2\/product"}],"about":[{"href":"https:\/\/glareone.eu\/pl\/wp-json\/wp\/v2\/types\/product"}],"wp:featuredmedia":[{"embeddable":true,"href":"https:\/\/glareone.eu\/pl\/wp-json\/wp\/v2\/media\/13382"}],"wp:attachment":[{"href":"https:\/\/glareone.eu\/pl\/wp-json\/wp\/v2\/media?parent=1108"}],"wp:term":[{"taxonomy":"product_brand","embeddable":true,"href":"https:\/\/glareone.eu\/pl\/wp-json\/wp\/v2\/product_brand?post=1108"},{"taxonomy":"product_cat","embeddable":true,"href":"https:\/\/glareone.eu\/pl\/wp-json\/wp\/v2\/product_cat?post=1108"},{"taxonomy":"product_tag","embeddable":true,"href":"https:\/\/glareone.eu\/pl\/wp-json\/wp\/v2\/product_tag?post=1108"}],"curies":[{"name":"wp","href":"https:\/\/api.w.org\/{rel}","templated":true}]}}