{"id":1107,"date":"2024-04-18T19:26:38","date_gmt":"2024-04-18T19:26:38","guid":{"rendered":"http:\/\/glareone.eu\/produkt\/glareone-led-220-bicolor-d\/"},"modified":"2024-11-12T13:32:06","modified_gmt":"2024-11-12T13:32:06","slug":"glareone-led-220-bicolor-d","status":"publish","type":"product","link":"https:\/\/glareone.eu\/pl\/produkt\/glareone-led-220-bicolor-d\/","title":{"rendered":"GlareOne LED 220 BiColor D"},"content":{"rendered":"<p>Studyjna lampa LED o mocy 220 W z regulowan\u0105 temperatur\u0105, zasilaniem z sieci lub akumulator\u00f3w V-mount (z adapterem LEDAV). Oferuje \u015bwietne odwzorowanie barw, wysok\u0105 wydajno\u015b\u0107 i mocowanie Bowens do modyfikator\u00f3w \u015bwiat\u0142a.<\/p>\n<h3>Doskona\u0142e odwzorowanie kolor\u00f3w<\/h3>\n<p>Lampa oferuje precyzyjne odzworowanie kolor\u00f3w, niezale\u017cnie od ustawionej temperatury barwowej, dzi\u0119ki wska\u017anikom TLCI (Television Lighting Consistency Index) &gt; 98, CRI &gt; 97, a TM-30 &gt; 97. Doskonale sprawdzi si\u0119 zar\u00f3wno do filmowania, jak i fotografii, zapewniaj\u0105c wierne odwzorowanie kolorystyki sceny.<\/p>\n<h3>Elastyczno\u015b\u0107<\/h3>\n<p>Dzi\u0119ki uk\u0142adowi COB LED, lampa GlareOne 220 BiColor D pozwala na p\u0142ynn\u0105 regulacj\u0119 temperatury \u015bwiat\u0142a od ciep\u0142ych 2700 K do ch\u0142odnych 6500 K. Umo\u017cliwia to \u0142atwe dopasowanie do r\u00f3\u017cnorodnych warunk\u00f3w o\u015bwietleniowych: zar\u00f3wno naturalnych, jak i sztucznych.<\/p>\n<h3>Stabilno\u015b\u0107 bez migotania<\/h3>\n<p>Lampa doskonale nadaje si\u0119 do pracy w wysokim klatka\u017cu film\u00f3w, zapewniaj\u0105c stabilne o\u015bwietlenie nawet przy nagrywaniu do 400 klatek na sekund\u0119, eliminuj\u0105c problem migotania.<\/p>\n<h3>Moc<\/h3>\n<p>LED 220 BiColor D generuje mocne \u015bwiat\u0142o o intensywno\u015bci przekraczaj\u0105cej 88000 lux (8000 kandeli), co umo\u017cliwia skuteczne o\u015bwietlanie sceny i \u0142atw\u0105 manipulacj\u0119 \u015bwiat\u0142em przy u\u017cyciu modyfikator\u00f3w.<\/p>\n<h3>Cicha praca<\/h3>\n<p>Lampa wyposa\u017cona jest w zaawansowany system ch\u0142odzenia z radiatorem i wentylatorem, kt\u00f3ry dzia\u0142a niezwykle cicho (poni\u017cej 30 dB). Dodatkowo, gdy wymagane jest absolutne wyciszenie, wentylator mo\u017cna wy\u0142\u0105czy\u0107, prze\u0142\u0105czaj\u0105c lamp\u0119 na tryb pasywnego ch\u0142odzenia (przy obni\u017conej mocy o 30%).<\/p>\n<h3>Kreatywne efekty \u015bwietlne<\/h3>\n<p>Model oferuje 9 wbudowanych efekt\u00f3w o\u015bwietleniowych, takich jak imitacja zepsutej \u015bwietl\u00f3wki, fajerwerk\u00f3w, b\u0142yskawic, fleszy i telewizora, daj\u0105c mo\u017cliwo\u015b\u0107 tworzenia ciekawej atmosfery.<\/p>\n<h3>Zdalne sterowanie<\/h3>\n<p>Wbudowany odbiornik radiowy umo\u017cliwia zdalne sterowanie lamp\u0105 za pomoc\u0105 pilota GlareOne LED RC lub poprzez aplikacj\u0119 GlareOne Studio, co zapewnia wygod\u0119 i pe\u0142n\u0105 kontrol\u0119 nad o\u015bwietleniem z dowolnego miejsca na planie.<\/p>\n<h3>R\u00f3\u017cnorodne \u017ar\u00f3d\u0142a zasilania<\/h3>\n<p>Lampa mo\u017ce by\u0107 zasilana bezpo\u015brednio z sieci elektrycznej lub za pomoc\u0105 akumulator\u00f3w V-mount (z opcjonalnym adapterem LEDAV). Dwa akumulatory o pojemno\u015bci 200 Wh pozwalaj\u0105 na dzia\u0142anie lampy nawet do 100 minut na pe\u0142nej mocy, co daje du\u017c\u0105 swobod\u0119 podczas pracy w plenerze lub w miejscach bez dost\u0119pu do pr\u0105du.<\/p>\n<h3>Uniwersalno\u015b\u0107 dzi\u0119ki mocowaniu Bowens<\/h3>\n<p>Dzi\u0119ki mocowaniu Bowens, LED 220 BiColor D wsp\u00f3\u0142pracuje z szerok\u0105 gam\u0105 modyfikator\u00f3w \u015bwiat\u0142a, takich jak softboxy, strumienice, wrota, czasze czy soczewki Fresnela, co czyni j\u0105 wszechstronn\u0105 w r\u00f3\u017cnych warunkach o\u015bwietleniowych.<\/p>\n<h3>Wytrzyma\u0142o\u015b\u0107 i ergonomia<\/h3>\n<p>Solidna konstrukcja lampy, wykonana z aluminium i stali, zapewnia jej trwa\u0142o\u015b\u0107 i d\u0142ug\u0105 \u017cywotno\u015b\u0107. Dodatkowe elementy, jak uchwyt i pokr\u0119t\u0142a, zosta\u0142y wykonane z wysokiej jako\u015bci plastiku, co gwarantuje wygod\u0119 obs\u0142ugi i ergonomiczn\u0105 prac\u0119.<\/p>\n<h3>All-in-one<\/h3>\n<p>Lampa LED 220 BiColor D wyr\u00f3\u017cnia si\u0119 zwart\u0105, jednocz\u0119\u015bciow\u0105 budow\u0105, co u\u0142atwia zar\u00f3wno jej transport, jak i przechowywanie. Dzi\u0119ki temu idealnie nadaje si\u0119 do pracy w studiu i w plenerze.<\/p>\n<h3>Cechy GlareOne LED 220 BiColor D:<\/h3>\n<ul>\n<li>kompaktowa i solidna obudowa,<\/li>\n<li>zmienna temperatura barwowa w zakresie 2700~6500 K,<\/li>\n<li>okr\u0105g\u0142a dioda typu COB o mocy 220 W,<\/li>\n<li>wysoka wydajno\u015b\u0107 i jasno\u015b\u0107 (&gt;90000 lux\/7500 fc),<\/li>\n<li>bardzo dobre odwzorowanie barw (CRI &gt; 97, TLCI &gt; 98, TM-30 &gt; 97),<\/li>\n<li>mo\u017cliwo\u015b\u0107 zasilania z akumulator\u00f3w typu V-mount przy pomocy adaptera GlareOne LEDAV (dost\u0119pnego oddzielnie),<\/li>\n<li>regulacja jasno\u015bci od 0 do 100% mocy,<\/li>\n<li>brak migotania nawet do poziomu 400 kl\/s,<\/li>\n<li>mocowanie modyfikator\u00f3w \u015bwiat\u0142a typu Bowens,<\/li>\n<li>zdalne sterowanie za pomoc\u0105 pilota GlareOne LED RC (dost\u0119pnego oddzielnie),<\/li>\n<li>wsp\u00f3\u0142praca z aplikacj\u0105 GlareOne Studio, kt\u00f3ra umo\u017cliwia sterowanie z poziomu telefonu lub tabletu,<\/li>\n<li>9 tryb\u00f3w o\u015bwietlania symuluj\u0105cych mi\u0119dzy innymi b\u0142yskawice, ekran TV czy zepsut\u0105 \u015bwietl\u00f3wk\u0119,<\/li>\n<li>cichy i wydajny system aktywnego ch\u0142odzenia (&lt;30 dB) z mo\u017cliwo\u015bci\u0105 ca\u0142kowitego wy\u0142\u0105czenia wentylatora,<\/li>\n<li>zintegrowany uchwyt do parasolek,<\/li>\n<li>ergonomicznie zaprojektowany uchwyt u\u0142atwiaj\u0105cy regulacj\u0119 k\u0105ta nachylenia,<\/li>\n<li>dostarczana w zestawie z przewodem zasilaj\u0105cym, czasz\u0105 i pokryw\u0105 ochronn\u0105.<\/li>\n<\/ul>\n","protected":false},"excerpt":{"rendered":"<p>Studyjna lampa LED o mocy 220 W z regulowan\u0105 temperatur\u0105, zasilaniem z sieci lub akumulator\u00f3w V-mount (z adapterem LEDAV). Oferuje \u015bwietne odwzorowanie barw, wysok\u0105 wydajno\u015b\u0107 i mocowanie Bowens do modyfikator\u00f3w \u015bwiat\u0142a. Doskona\u0142e odwzorowanie kolor\u00f3w Lampa oferuje precyzyjne odzworowanie kolor\u00f3w, niezale\u017cnie od ustawionej temperatury barwowej, dzi\u0119ki wska\u017anikom TLCI (Television Lighting Consistency Index) &gt; 98, CRI &gt; [&hellip;]<\/p>\n","protected":false},"featured_media":13342,"template":"","meta":[],"product_brand":[],"product_cat":[329],"product_tag":[],"class_list":{"0":"post-1107","1":"product","2":"type-product","3":"status-publish","4":"has-post-thumbnail","6":"product_cat-lampy-led-z-mocowaniem-bowens","8":"first","9":"instock","10":"product-type-simple"},"yoast_head":"<!-- This site is optimized with the Yoast SEO plugin v27.2 - https:\/\/yoast.com\/product\/yoast-seo-wordpress\/ -->\n<title>GlareOne LED 220 BiColor D<\/title>\n<meta name=\"description\" content=\"GlareOne LED 220 BiColor D\" \/>\n<meta name=\"robots\" content=\"index, follow, max-snippet:-1, max-image-preview:large, max-video-preview:-1\" \/>\n<link rel=\"canonical\" href=\"https:\/\/glareone.eu\/pl\/produkt\/glareone-led-220-bicolor-d\/\" \/>\n<meta property=\"og:locale\" content=\"pl_PL\" \/>\n<meta property=\"og:type\" content=\"article\" \/>\n<meta property=\"og:title\" content=\"GlareOne LED 220 BiColor D\" \/>\n<meta property=\"og:description\" content=\"GlareOne LED 220 BiColor D\" \/>\n<meta property=\"og:url\" content=\"https:\/\/glareone.eu\/pl\/produkt\/glareone-led-220-bicolor-d\/\" \/>\n<meta property=\"og:site_name\" content=\"GlareOne\" \/>\n<meta property=\"article:publisher\" content=\"https:\/\/www.facebook.com\/GlareOneLighting\" \/>\n<meta property=\"article:modified_time\" content=\"2024-11-12T13:32:06+00:00\" \/>\n<meta property=\"og:image\" content=\"https:\/\/glareone.eu\/wp-content\/uploads\/2024\/04\/SLED220BCD_01.jpg\" \/>\n\t<meta property=\"og:image:width\" content=\"1200\" \/>\n\t<meta property=\"og:image:height\" content=\"1200\" \/>\n\t<meta property=\"og:image:type\" content=\"image\/jpeg\" \/>\n<meta name=\"twitter:card\" content=\"summary_large_image\" \/>\n<meta name=\"twitter:title\" content=\"GlareOne LED 220 BiColor D\" \/>\n<meta name=\"twitter:label1\" content=\"Szacowany czas czytania\" \/>\n\t<meta name=\"twitter:data1\" content=\"3 minuty\" \/>\n<script type=\"application\/ld+json\" class=\"yoast-schema-graph\">{\"@context\":\"https:\/\/schema.org\",\"@graph\":[{\"@type\":\"WebPage\",\"@id\":\"https:\/\/glareone.eu\/pl\/produkt\/glareone-led-220-bicolor-d\/\",\"url\":\"https:\/\/glareone.eu\/pl\/produkt\/glareone-led-220-bicolor-d\/\",\"name\":\"GlareOne LED 220 BiColor D\",\"isPartOf\":{\"@id\":\"https:\/\/glareone.eu\/pl\/en\/#website\"},\"primaryImageOfPage\":{\"@id\":\"https:\/\/glareone.eu\/pl\/produkt\/glareone-led-220-bicolor-d\/#primaryimage\"},\"image\":{\"@id\":\"https:\/\/glareone.eu\/pl\/produkt\/glareone-led-220-bicolor-d\/#primaryimage\"},\"thumbnailUrl\":\"https:\/\/glareone.eu\/wp-content\/uploads\/2024\/04\/SLED220BCD_01.jpg\",\"datePublished\":\"2024-04-18T19:26:38+00:00\",\"dateModified\":\"2024-11-12T13:32:06+00:00\",\"description\":\"GlareOne LED 220 BiColor D\",\"breadcrumb\":{\"@id\":\"https:\/\/glareone.eu\/pl\/produkt\/glareone-led-220-bicolor-d\/#breadcrumb\"},\"inLanguage\":\"pl-PL\",\"potentialAction\":[{\"@type\":\"ReadAction\",\"target\":[\"https:\/\/glareone.eu\/pl\/produkt\/glareone-led-220-bicolor-d\/\"]}]},{\"@type\":\"ImageObject\",\"inLanguage\":\"pl-PL\",\"@id\":\"https:\/\/glareone.eu\/pl\/produkt\/glareone-led-220-bicolor-d\/#primaryimage\",\"url\":\"https:\/\/glareone.eu\/wp-content\/uploads\/2024\/04\/SLED220BCD_01.jpg\",\"contentUrl\":\"https:\/\/glareone.eu\/wp-content\/uploads\/2024\/04\/SLED220BCD_01.jpg\",\"width\":1200,\"height\":1200},{\"@type\":\"BreadcrumbList\",\"@id\":\"https:\/\/glareone.eu\/pl\/produkt\/glareone-led-220-bicolor-d\/#breadcrumb\",\"itemListElement\":[{\"@type\":\"ListItem\",\"position\":1,\"name\":\"Strona g\u0142\u00f3wna\",\"item\":\"https:\/\/glareone.eu\/pl\/\"},{\"@type\":\"ListItem\",\"position\":2,\"name\":\"Wszystkie produkty\",\"item\":\"https:\/\/glareone.eu\/pl\/produkty\/wszystkie-produkty\/\"},{\"@type\":\"ListItem\",\"position\":3,\"name\":\"GlareOne LED 220 BiColor D\"}]},{\"@type\":\"WebSite\",\"@id\":\"https:\/\/glareone.eu\/pl\/en\/#website\",\"url\":\"https:\/\/glareone.eu\/pl\/en\/\",\"name\":\"GlareOne\",\"description\":\"Wyposa\u017cenie Studia\",\"publisher\":{\"@id\":\"https:\/\/glareone.eu\/pl\/en\/#organization\"},\"potentialAction\":[{\"@type\":\"SearchAction\",\"target\":{\"@type\":\"EntryPoint\",\"urlTemplate\":\"https:\/\/glareone.eu\/pl\/en\/?s={search_term_string}\"},\"query-input\":{\"@type\":\"PropertyValueSpecification\",\"valueRequired\":true,\"valueName\":\"search_term_string\"}}],\"inLanguage\":\"pl-PL\"},{\"@type\":\"Organization\",\"@id\":\"https:\/\/glareone.eu\/pl\/en\/#organization\",\"name\":\"GlareOne\",\"url\":\"https:\/\/glareone.eu\/pl\/en\/\",\"logo\":{\"@type\":\"ImageObject\",\"inLanguage\":\"pl-PL\",\"@id\":\"https:\/\/glareone.eu\/pl\/en\/#\/schema\/logo\/image\/\",\"url\":\"http:\/\/glareone.eu\/wp-content\/uploads\/2024\/05\/glareone_logo2020_RGB-01-e1715773127189.png\",\"contentUrl\":\"http:\/\/glareone.eu\/wp-content\/uploads\/2024\/05\/glareone_logo2020_RGB-01-e1715773127189.png\",\"width\":1270,\"height\":321,\"caption\":\"GlareOne\"},\"image\":{\"@id\":\"https:\/\/glareone.eu\/pl\/en\/#\/schema\/logo\/image\/\"},\"sameAs\":[\"https:\/\/www.facebook.com\/GlareOneLighting\",\"https:\/\/www.instagram.com\/glareonelighting\/\",\"https:\/\/www.youtube.com\/@GlareOneTV\"]}]}<\/script>\n<!-- \/ Yoast SEO plugin. -->","yoast_head_json":{"title":"GlareOne LED 220 BiColor D","description":"GlareOne LED 220 BiColor D","robots":{"index":"index","follow":"follow","max-snippet":"max-snippet:-1","max-image-preview":"max-image-preview:large","max-video-preview":"max-video-preview:-1"},"canonical":"https:\/\/glareone.eu\/pl\/produkt\/glareone-led-220-bicolor-d\/","og_locale":"pl_PL","og_type":"article","og_title":"GlareOne LED 220 BiColor D","og_description":"GlareOne LED 220 BiColor D","og_url":"https:\/\/glareone.eu\/pl\/produkt\/glareone-led-220-bicolor-d\/","og_site_name":"GlareOne","article_publisher":"https:\/\/www.facebook.com\/GlareOneLighting","article_modified_time":"2024-11-12T13:32:06+00:00","og_image":[{"width":1200,"height":1200,"url":"https:\/\/glareone.eu\/wp-content\/uploads\/2024\/04\/SLED220BCD_01.jpg","type":"image\/jpeg"}],"twitter_card":"summary_large_image","twitter_title":"GlareOne LED 220 BiColor D","twitter_misc":{"Szacowany czas czytania":"3 minuty"},"schema":{"@context":"https:\/\/schema.org","@graph":[{"@type":"WebPage","@id":"https:\/\/glareone.eu\/pl\/produkt\/glareone-led-220-bicolor-d\/","url":"https:\/\/glareone.eu\/pl\/produkt\/glareone-led-220-bicolor-d\/","name":"GlareOne LED 220 BiColor D","isPartOf":{"@id":"https:\/\/glareone.eu\/pl\/en\/#website"},"primaryImageOfPage":{"@id":"https:\/\/glareone.eu\/pl\/produkt\/glareone-led-220-bicolor-d\/#primaryimage"},"image":{"@id":"https:\/\/glareone.eu\/pl\/produkt\/glareone-led-220-bicolor-d\/#primaryimage"},"thumbnailUrl":"https:\/\/glareone.eu\/wp-content\/uploads\/2024\/04\/SLED220BCD_01.jpg","datePublished":"2024-04-18T19:26:38+00:00","dateModified":"2024-11-12T13:32:06+00:00","description":"GlareOne LED 220 BiColor D","breadcrumb":{"@id":"https:\/\/glareone.eu\/pl\/produkt\/glareone-led-220-bicolor-d\/#breadcrumb"},"inLanguage":"pl-PL","potentialAction":[{"@type":"ReadAction","target":["https:\/\/glareone.eu\/pl\/produkt\/glareone-led-220-bicolor-d\/"]}]},{"@type":"ImageObject","inLanguage":"pl-PL","@id":"https:\/\/glareone.eu\/pl\/produkt\/glareone-led-220-bicolor-d\/#primaryimage","url":"https:\/\/glareone.eu\/wp-content\/uploads\/2024\/04\/SLED220BCD_01.jpg","contentUrl":"https:\/\/glareone.eu\/wp-content\/uploads\/2024\/04\/SLED220BCD_01.jpg","width":1200,"height":1200},{"@type":"BreadcrumbList","@id":"https:\/\/glareone.eu\/pl\/produkt\/glareone-led-220-bicolor-d\/#breadcrumb","itemListElement":[{"@type":"ListItem","position":1,"name":"Strona g\u0142\u00f3wna","item":"https:\/\/glareone.eu\/pl\/"},{"@type":"ListItem","position":2,"name":"Wszystkie produkty","item":"https:\/\/glareone.eu\/pl\/produkty\/wszystkie-produkty\/"},{"@type":"ListItem","position":3,"name":"GlareOne LED 220 BiColor D"}]},{"@type":"WebSite","@id":"https:\/\/glareone.eu\/pl\/en\/#website","url":"https:\/\/glareone.eu\/pl\/en\/","name":"GlareOne","description":"Wyposa\u017cenie Studia","publisher":{"@id":"https:\/\/glareone.eu\/pl\/en\/#organization"},"potentialAction":[{"@type":"SearchAction","target":{"@type":"EntryPoint","urlTemplate":"https:\/\/glareone.eu\/pl\/en\/?s={search_term_string}"},"query-input":{"@type":"PropertyValueSpecification","valueRequired":true,"valueName":"search_term_string"}}],"inLanguage":"pl-PL"},{"@type":"Organization","@id":"https:\/\/glareone.eu\/pl\/en\/#organization","name":"GlareOne","url":"https:\/\/glareone.eu\/pl\/en\/","logo":{"@type":"ImageObject","inLanguage":"pl-PL","@id":"https:\/\/glareone.eu\/pl\/en\/#\/schema\/logo\/image\/","url":"http:\/\/glareone.eu\/wp-content\/uploads\/2024\/05\/glareone_logo2020_RGB-01-e1715773127189.png","contentUrl":"http:\/\/glareone.eu\/wp-content\/uploads\/2024\/05\/glareone_logo2020_RGB-01-e1715773127189.png","width":1270,"height":321,"caption":"GlareOne"},"image":{"@id":"https:\/\/glareone.eu\/pl\/en\/#\/schema\/logo\/image\/"},"sameAs":["https:\/\/www.facebook.com\/GlareOneLighting","https:\/\/www.instagram.com\/glareonelighting\/","https:\/\/www.youtube.com\/@GlareOneTV"]}]}},"_links":{"self":[{"href":"https:\/\/glareone.eu\/pl\/wp-json\/wp\/v2\/product\/1107","targetHints":{"allow":["GET"]}}],"collection":[{"href":"https:\/\/glareone.eu\/pl\/wp-json\/wp\/v2\/product"}],"about":[{"href":"https:\/\/glareone.eu\/pl\/wp-json\/wp\/v2\/types\/product"}],"wp:featuredmedia":[{"embeddable":true,"href":"https:\/\/glareone.eu\/pl\/wp-json\/wp\/v2\/media\/13342"}],"wp:attachment":[{"href":"https:\/\/glareone.eu\/pl\/wp-json\/wp\/v2\/media?parent=1107"}],"wp:term":[{"taxonomy":"product_brand","embeddable":true,"href":"https:\/\/glareone.eu\/pl\/wp-json\/wp\/v2\/product_brand?post=1107"},{"taxonomy":"product_cat","embeddable":true,"href":"https:\/\/glareone.eu\/pl\/wp-json\/wp\/v2\/product_cat?post=1107"},{"taxonomy":"product_tag","embeddable":true,"href":"https:\/\/glareone.eu\/pl\/wp-json\/wp\/v2\/product_tag?post=1107"}],"curies":[{"name":"wp","href":"https:\/\/api.w.org\/{rel}","templated":true}]}}