{"id":1097,"date":"2024-04-18T19:26:38","date_gmt":"2024-04-18T19:26:38","guid":{"rendered":"http:\/\/glareone.eu\/produkt\/glareone-longbow-reflector-grid-kit\/"},"modified":"2024-07-25T07:57:46","modified_gmt":"2024-07-25T07:57:46","slug":"glareone-longbow-reflector-grid-kit","status":"publish","type":"product","link":"https:\/\/glareone.eu\/pl\/produkt\/glareone-longbow-reflector-grid-kit\/","title":{"rendered":"GlareOne Longbow Reflector Grid Kit"},"content":{"rendered":"<p><span style=\"font-weight: 400;\">Zestaw grid\u00f3w 15\u00b0 i 30\u00b0 do czaszy GlareOne Longbow Reflector o \u015brednicy 28 cm.<\/span><\/p>\n<p><span style=\"font-weight: 400;\">Zestaw Longbow Grid Kit zawiera dwa plastry (gridy), kt\u00f3re daj\u0105 mo\u017cliwo\u015b\u0107 zaw\u0119\u017cenia strumienia \u015bwiat\u0142a ze standardowych 45\u00b0, jakie zapewnia czasza Longbow, do poziomu 30\u00b0 lub 15\u00b0.<\/span><\/p>\n<p><span style=\"font-weight: 400;\">Plastry b\u0119d\u0105 przydatne w ka\u017cdej sytuacji, kiedy kontrola nad \u015bwiat\u0142em na planie zdj\u0119ciowym jest kluczowa. Czasza Longbow w po\u0142\u0105czeniu z gridami pozwala na selektywne o\u015bwietlenie sylwetki modela lub scenografii nawet z du\u017cej odleg\u0142o\u015bci.\u00a0<\/span><\/p>\n<p><span style=\"font-weight: 400;\">Plastry s\u0105 wykonane w ca\u0142o\u015bci z aluminium, dzi\u0119ki czemu s\u0105 lekkie i \u0142atwo nimi operowa\u0107. Monta\u017c jest niezwykle prosty &#8211; wystarczy osadzi\u0107 plaster w kloszu czaszy.<\/span><\/p>\n<h3><b>Cechy produktu:<\/b><\/h3>\n<ul>\n<li style=\"font-weight: 400;\" aria-level=\"1\"><span style=\"font-weight: 400;\">kompatybilne z czasz\u0105 GlareOne Longbow Reflector,<\/span><\/li>\n<li style=\"font-weight: 400;\" aria-level=\"1\"><span style=\"font-weight: 400;\">pozwalaj\u0105 zaw\u0119zi\u0107 strumie\u0144 \u015bwiat\u0142a p\u0142yn\u0105cy z czaszy,<\/span><\/li>\n<li style=\"font-weight: 400;\" aria-level=\"1\"><span style=\"font-weight: 400;\">daj\u0105 lepsz\u0105 kontrol\u0119 nad \u015bwiat\u0142em na planie zdj\u0119ciowym,<\/span><\/li>\n<li style=\"font-weight: 400;\" aria-level=\"1\"><span style=\"font-weight: 400;\">s\u0105 \u0142atwe i szybkie w monta\u017cu,<\/span><\/li>\n<li style=\"font-weight: 400;\" aria-level=\"1\"><span style=\"font-weight: 400;\">wykonane z aluminium.<\/span><\/li>\n<\/ul>\n","protected":false},"excerpt":{"rendered":"<p>Zestaw grid\u00f3w 15\u00b0 i 30\u00b0 do czaszy GlareOne Longbow Reflector o \u015brednicy 28 cm. Zestaw Longbow Grid Kit zawiera dwa plastry (gridy), kt\u00f3re daj\u0105 mo\u017cliwo\u015b\u0107 zaw\u0119\u017cenia strumienia \u015bwiat\u0142a ze standardowych 45\u00b0, jakie zapewnia czasza Longbow, do poziomu 30\u00b0 lub 15\u00b0. Plastry b\u0119d\u0105 przydatne w ka\u017cdej sytuacji, kiedy kontrola nad \u015bwiat\u0142em na planie zdj\u0119ciowym jest kluczowa. [&hellip;]<\/p>\n","protected":false},"featured_media":12371,"template":"","meta":[],"product_brand":[],"product_cat":[486],"product_tag":[],"class_list":{"0":"post-1097","1":"product","2":"type-product","3":"status-publish","4":"has-post-thumbnail","6":"product_cat-czasze","8":"first","9":"instock","10":"product-type-simple"},"yoast_head":"<!-- This site is optimized with the Yoast SEO plugin v27.2 - https:\/\/yoast.com\/product\/yoast-seo-wordpress\/ -->\n<title>GlareOne Longbow Reflector Grid Kit<\/title>\n<meta name=\"description\" content=\"GlareOne Longbow Reflector Grid Kit to zestaw 15\u00b0 i 30\u00b0 do czaszy GlareOne Longbow Reflector o \u015brednicy 28 cm. Zapewniaj\u0105 kontrol\u0119 nad \u015bwiat\u0142em.\" \/>\n<meta name=\"robots\" content=\"index, follow, max-snippet:-1, max-image-preview:large, max-video-preview:-1\" \/>\n<link rel=\"canonical\" href=\"https:\/\/glareone.eu\/pl\/produkt\/glareone-longbow-reflector-grid-kit\/\" \/>\n<meta property=\"og:locale\" content=\"pl_PL\" \/>\n<meta property=\"og:type\" content=\"article\" \/>\n<meta property=\"og:title\" content=\"GlareOne Longbow Reflector Grid Kit\" \/>\n<meta property=\"og:description\" content=\"GlareOne Longbow Reflector Grid Kit to zestaw 15\u00b0 i 30\u00b0 do czaszy GlareOne Longbow Reflector o \u015brednicy 28 cm. Zapewniaj\u0105 kontrol\u0119 nad \u015bwiat\u0142em.\" \/>\n<meta property=\"og:url\" content=\"https:\/\/glareone.eu\/pl\/produkt\/glareone-longbow-reflector-grid-kit\/\" \/>\n<meta property=\"og:site_name\" content=\"GlareOne\" \/>\n<meta property=\"article:publisher\" content=\"https:\/\/www.facebook.com\/GlareOneLighting\" \/>\n<meta property=\"article:modified_time\" content=\"2024-07-25T07:57:46+00:00\" \/>\n<meta property=\"og:image\" content=\"https:\/\/glareone.eu\/wp-content\/uploads\/2024\/04\/SREFLBOWK_01-min.jpg\" \/>\n\t<meta property=\"og:image:width\" content=\"1200\" \/>\n\t<meta property=\"og:image:height\" content=\"1200\" \/>\n\t<meta property=\"og:image:type\" content=\"image\/jpeg\" \/>\n<meta name=\"twitter:card\" content=\"summary_large_image\" \/>\n<meta name=\"twitter:title\" content=\"GlareOne Longbow Reflector Grid Kit\" \/>\n<meta name=\"twitter:label1\" content=\"Szacowany czas czytania\" \/>\n\t<meta name=\"twitter:data1\" content=\"1 minuta\" \/>\n<script type=\"application\/ld+json\" class=\"yoast-schema-graph\">{\"@context\":\"https:\/\/schema.org\",\"@graph\":[{\"@type\":\"WebPage\",\"@id\":\"https:\/\/glareone.eu\/pl\/produkt\/glareone-longbow-reflector-grid-kit\/\",\"url\":\"https:\/\/glareone.eu\/pl\/produkt\/glareone-longbow-reflector-grid-kit\/\",\"name\":\"GlareOne Longbow Reflector Grid Kit\",\"isPartOf\":{\"@id\":\"https:\/\/glareone.eu\/pl\/en\/#website\"},\"primaryImageOfPage\":{\"@id\":\"https:\/\/glareone.eu\/pl\/produkt\/glareone-longbow-reflector-grid-kit\/#primaryimage\"},\"image\":{\"@id\":\"https:\/\/glareone.eu\/pl\/produkt\/glareone-longbow-reflector-grid-kit\/#primaryimage\"},\"thumbnailUrl\":\"https:\/\/glareone.eu\/wp-content\/uploads\/2024\/04\/SREFLBOWK_01-min.jpg\",\"datePublished\":\"2024-04-18T19:26:38+00:00\",\"dateModified\":\"2024-07-25T07:57:46+00:00\",\"description\":\"GlareOne Longbow Reflector Grid Kit to zestaw 15\u00b0 i 30\u00b0 do czaszy GlareOne Longbow Reflector o \u015brednicy 28 cm. Zapewniaj\u0105 kontrol\u0119 nad \u015bwiat\u0142em.\",\"breadcrumb\":{\"@id\":\"https:\/\/glareone.eu\/pl\/produkt\/glareone-longbow-reflector-grid-kit\/#breadcrumb\"},\"inLanguage\":\"pl-PL\",\"potentialAction\":[{\"@type\":\"ReadAction\",\"target\":[\"https:\/\/glareone.eu\/pl\/produkt\/glareone-longbow-reflector-grid-kit\/\"]}]},{\"@type\":\"ImageObject\",\"inLanguage\":\"pl-PL\",\"@id\":\"https:\/\/glareone.eu\/pl\/produkt\/glareone-longbow-reflector-grid-kit\/#primaryimage\",\"url\":\"https:\/\/glareone.eu\/wp-content\/uploads\/2024\/04\/SREFLBOWK_01-min.jpg\",\"contentUrl\":\"https:\/\/glareone.eu\/wp-content\/uploads\/2024\/04\/SREFLBOWK_01-min.jpg\",\"width\":1200,\"height\":1200},{\"@type\":\"BreadcrumbList\",\"@id\":\"https:\/\/glareone.eu\/pl\/produkt\/glareone-longbow-reflector-grid-kit\/#breadcrumb\",\"itemListElement\":[{\"@type\":\"ListItem\",\"position\":1,\"name\":\"Strona g\u0142\u00f3wna\",\"item\":\"https:\/\/glareone.eu\/pl\/\"},{\"@type\":\"ListItem\",\"position\":2,\"name\":\"Wszystkie produkty\",\"item\":\"https:\/\/glareone.eu\/pl\/produkty\/wszystkie-produkty\/\"},{\"@type\":\"ListItem\",\"position\":3,\"name\":\"GlareOne Longbow Reflector Grid Kit\"}]},{\"@type\":\"WebSite\",\"@id\":\"https:\/\/glareone.eu\/pl\/en\/#website\",\"url\":\"https:\/\/glareone.eu\/pl\/en\/\",\"name\":\"GlareOne\",\"description\":\"Wyposa\u017cenie Studia\",\"publisher\":{\"@id\":\"https:\/\/glareone.eu\/pl\/en\/#organization\"},\"potentialAction\":[{\"@type\":\"SearchAction\",\"target\":{\"@type\":\"EntryPoint\",\"urlTemplate\":\"https:\/\/glareone.eu\/pl\/en\/?s={search_term_string}\"},\"query-input\":{\"@type\":\"PropertyValueSpecification\",\"valueRequired\":true,\"valueName\":\"search_term_string\"}}],\"inLanguage\":\"pl-PL\"},{\"@type\":\"Organization\",\"@id\":\"https:\/\/glareone.eu\/pl\/en\/#organization\",\"name\":\"GlareOne\",\"url\":\"https:\/\/glareone.eu\/pl\/en\/\",\"logo\":{\"@type\":\"ImageObject\",\"inLanguage\":\"pl-PL\",\"@id\":\"https:\/\/glareone.eu\/pl\/en\/#\/schema\/logo\/image\/\",\"url\":\"http:\/\/glareone.eu\/wp-content\/uploads\/2024\/05\/glareone_logo2020_RGB-01-e1715773127189.png\",\"contentUrl\":\"http:\/\/glareone.eu\/wp-content\/uploads\/2024\/05\/glareone_logo2020_RGB-01-e1715773127189.png\",\"width\":1270,\"height\":321,\"caption\":\"GlareOne\"},\"image\":{\"@id\":\"https:\/\/glareone.eu\/pl\/en\/#\/schema\/logo\/image\/\"},\"sameAs\":[\"https:\/\/www.facebook.com\/GlareOneLighting\",\"https:\/\/www.instagram.com\/glareonelighting\/\",\"https:\/\/www.youtube.com\/@GlareOneTV\"]}]}<\/script>\n<!-- \/ Yoast SEO plugin. -->","yoast_head_json":{"title":"GlareOne Longbow Reflector Grid Kit","description":"GlareOne Longbow Reflector Grid Kit to zestaw 15\u00b0 i 30\u00b0 do czaszy GlareOne Longbow Reflector o \u015brednicy 28 cm. Zapewniaj\u0105 kontrol\u0119 nad \u015bwiat\u0142em.","robots":{"index":"index","follow":"follow","max-snippet":"max-snippet:-1","max-image-preview":"max-image-preview:large","max-video-preview":"max-video-preview:-1"},"canonical":"https:\/\/glareone.eu\/pl\/produkt\/glareone-longbow-reflector-grid-kit\/","og_locale":"pl_PL","og_type":"article","og_title":"GlareOne Longbow Reflector Grid Kit","og_description":"GlareOne Longbow Reflector Grid Kit to zestaw 15\u00b0 i 30\u00b0 do czaszy GlareOne Longbow Reflector o \u015brednicy 28 cm. Zapewniaj\u0105 kontrol\u0119 nad \u015bwiat\u0142em.","og_url":"https:\/\/glareone.eu\/pl\/produkt\/glareone-longbow-reflector-grid-kit\/","og_site_name":"GlareOne","article_publisher":"https:\/\/www.facebook.com\/GlareOneLighting","article_modified_time":"2024-07-25T07:57:46+00:00","og_image":[{"width":1200,"height":1200,"url":"https:\/\/glareone.eu\/wp-content\/uploads\/2024\/04\/SREFLBOWK_01-min.jpg","type":"image\/jpeg"}],"twitter_card":"summary_large_image","twitter_title":"GlareOne Longbow Reflector Grid Kit","twitter_misc":{"Szacowany czas czytania":"1 minuta"},"schema":{"@context":"https:\/\/schema.org","@graph":[{"@type":"WebPage","@id":"https:\/\/glareone.eu\/pl\/produkt\/glareone-longbow-reflector-grid-kit\/","url":"https:\/\/glareone.eu\/pl\/produkt\/glareone-longbow-reflector-grid-kit\/","name":"GlareOne Longbow Reflector Grid Kit","isPartOf":{"@id":"https:\/\/glareone.eu\/pl\/en\/#website"},"primaryImageOfPage":{"@id":"https:\/\/glareone.eu\/pl\/produkt\/glareone-longbow-reflector-grid-kit\/#primaryimage"},"image":{"@id":"https:\/\/glareone.eu\/pl\/produkt\/glareone-longbow-reflector-grid-kit\/#primaryimage"},"thumbnailUrl":"https:\/\/glareone.eu\/wp-content\/uploads\/2024\/04\/SREFLBOWK_01-min.jpg","datePublished":"2024-04-18T19:26:38+00:00","dateModified":"2024-07-25T07:57:46+00:00","description":"GlareOne Longbow Reflector Grid Kit to zestaw 15\u00b0 i 30\u00b0 do czaszy GlareOne Longbow Reflector o \u015brednicy 28 cm. Zapewniaj\u0105 kontrol\u0119 nad \u015bwiat\u0142em.","breadcrumb":{"@id":"https:\/\/glareone.eu\/pl\/produkt\/glareone-longbow-reflector-grid-kit\/#breadcrumb"},"inLanguage":"pl-PL","potentialAction":[{"@type":"ReadAction","target":["https:\/\/glareone.eu\/pl\/produkt\/glareone-longbow-reflector-grid-kit\/"]}]},{"@type":"ImageObject","inLanguage":"pl-PL","@id":"https:\/\/glareone.eu\/pl\/produkt\/glareone-longbow-reflector-grid-kit\/#primaryimage","url":"https:\/\/glareone.eu\/wp-content\/uploads\/2024\/04\/SREFLBOWK_01-min.jpg","contentUrl":"https:\/\/glareone.eu\/wp-content\/uploads\/2024\/04\/SREFLBOWK_01-min.jpg","width":1200,"height":1200},{"@type":"BreadcrumbList","@id":"https:\/\/glareone.eu\/pl\/produkt\/glareone-longbow-reflector-grid-kit\/#breadcrumb","itemListElement":[{"@type":"ListItem","position":1,"name":"Strona g\u0142\u00f3wna","item":"https:\/\/glareone.eu\/pl\/"},{"@type":"ListItem","position":2,"name":"Wszystkie produkty","item":"https:\/\/glareone.eu\/pl\/produkty\/wszystkie-produkty\/"},{"@type":"ListItem","position":3,"name":"GlareOne Longbow Reflector Grid Kit"}]},{"@type":"WebSite","@id":"https:\/\/glareone.eu\/pl\/en\/#website","url":"https:\/\/glareone.eu\/pl\/en\/","name":"GlareOne","description":"Wyposa\u017cenie Studia","publisher":{"@id":"https:\/\/glareone.eu\/pl\/en\/#organization"},"potentialAction":[{"@type":"SearchAction","target":{"@type":"EntryPoint","urlTemplate":"https:\/\/glareone.eu\/pl\/en\/?s={search_term_string}"},"query-input":{"@type":"PropertyValueSpecification","valueRequired":true,"valueName":"search_term_string"}}],"inLanguage":"pl-PL"},{"@type":"Organization","@id":"https:\/\/glareone.eu\/pl\/en\/#organization","name":"GlareOne","url":"https:\/\/glareone.eu\/pl\/en\/","logo":{"@type":"ImageObject","inLanguage":"pl-PL","@id":"https:\/\/glareone.eu\/pl\/en\/#\/schema\/logo\/image\/","url":"http:\/\/glareone.eu\/wp-content\/uploads\/2024\/05\/glareone_logo2020_RGB-01-e1715773127189.png","contentUrl":"http:\/\/glareone.eu\/wp-content\/uploads\/2024\/05\/glareone_logo2020_RGB-01-e1715773127189.png","width":1270,"height":321,"caption":"GlareOne"},"image":{"@id":"https:\/\/glareone.eu\/pl\/en\/#\/schema\/logo\/image\/"},"sameAs":["https:\/\/www.facebook.com\/GlareOneLighting","https:\/\/www.instagram.com\/glareonelighting\/","https:\/\/www.youtube.com\/@GlareOneTV"]}]}},"_links":{"self":[{"href":"https:\/\/glareone.eu\/pl\/wp-json\/wp\/v2\/product\/1097","targetHints":{"allow":["GET"]}}],"collection":[{"href":"https:\/\/glareone.eu\/pl\/wp-json\/wp\/v2\/product"}],"about":[{"href":"https:\/\/glareone.eu\/pl\/wp-json\/wp\/v2\/types\/product"}],"wp:featuredmedia":[{"embeddable":true,"href":"https:\/\/glareone.eu\/pl\/wp-json\/wp\/v2\/media\/12371"}],"wp:attachment":[{"href":"https:\/\/glareone.eu\/pl\/wp-json\/wp\/v2\/media?parent=1097"}],"wp:term":[{"taxonomy":"product_brand","embeddable":true,"href":"https:\/\/glareone.eu\/pl\/wp-json\/wp\/v2\/product_brand?post=1097"},{"taxonomy":"product_cat","embeddable":true,"href":"https:\/\/glareone.eu\/pl\/wp-json\/wp\/v2\/product_cat?post=1097"},{"taxonomy":"product_tag","embeddable":true,"href":"https:\/\/glareone.eu\/pl\/wp-json\/wp\/v2\/product_tag?post=1097"}],"curies":[{"name":"wp","href":"https:\/\/api.w.org\/{rel}","templated":true}]}}