{"id":1096,"date":"2024-04-18T19:26:38","date_gmt":"2024-04-18T19:26:38","guid":{"rendered":"http:\/\/glareone.eu\/produkt\/glareone-black-280\/"},"modified":"2024-07-25T07:24:33","modified_gmt":"2024-07-25T07:24:33","slug":"glareone-black-280","status":"publish","type":"product","link":"https:\/\/glareone.eu\/pl\/produkt\/glareone-black-280\/","title":{"rendered":"GlareOne Black 280 &#8211; statyw studyjny"},"content":{"rendered":"<p>GlareOne Black 280 to solidny, amortyzowany i wszechstronny statyw studyjny z no\u015bno\u015bci\u0105 6 kg<\/p>\n<h3><strong>Cechy produktu:<\/strong><\/h3>\n<ul>\n<li>Du\u017cy ud\u017awig statywu pozwala bez problemu zamontowa\u0107 lamp\u0119 Antares 600 z du\u017cym modyfikatorem, takim jak Hexa 150 Pro.<\/li>\n<li>Kolumna centralna z trzema sekcjami, kt\u00f3ra zwi\u0119ksza stabilno\u015b\u0107 statywu \u2013 im mniej sekcji, tym wi\u0119ksza stabilno\u015b\u0107. Tr\u00f3jsekcyjna kolumna centralna oraz zaawansowany system blokowania sekcji pozwoli\u0142 na zastosowanie mniejszych \u015brednic poszczeg\u00f3lnych segment\u00f3w. To zredukowa\u0142o mas\u0119 statywu bez wp\u0142ywu na jego stabilno\u015b\u0107 i ud\u017awig.<\/li>\n<li>Rozstaw n\u00f3g statywu GlareOne Black 280 to a\u017c 120 cm, co zapewnia \u015bwietn\u0105 stabilno\u015b\u0107 nawet przy du\u017cych i ci\u0119\u017ckich zestawach lamp z modyfikatorami.<\/li>\n<li>Elementy statywu wykonane ze stali i plastiku ABS.<\/li>\n<li>Ulepszony system blokowania sekcji statywu i kolumny centralnej z p\u0142ytk\u0105 dociskow\u0105 zapobiega odkszta\u0142ceniu si\u0119 element\u00f3w przy nadmiernym dokr\u0119ceniu. W przeciwie\u0144stwie do innych statyw\u00f3w z blokadami klamrowymi, ten system nie ma problemu z luzowaniem si\u0119 blokady kolumny.<\/li>\n<li>\u015arednice poszczeg\u00f3lnych sekcji wynosz\u0105 25, 30, 35 mm, a \u015brednica n\u00f3g wynosi 22 mm.<\/li>\n<li>Hamulec spr\u0119\u017cynowy zabezpieczaj\u0105cy sprz\u0119t studyjny przed uszkodzeniami mechanicznymi, np. podczas zmiany wysoko\u015bci pracy.<\/li>\n<li>Niezb\u0119dny w pracy studyjnej oraz sesji w plenerze.<\/li>\n<li>P\u0142ynna regulacja wysoko\u015bci pozwala dopasowa\u0107 wysoko\u015b\u0107 statywu do indywidualnych potrzeb fotografa.<\/li>\n<li>Wyposa\u017cony w zamontowany na sta\u0142e trzpie\u0144 z ko\u0144c\u00f3wk\u0105 1\/4\u201c.<\/li>\n<\/ul>\n<h3><strong>Dost\u0119pne wersje statywu GlareOne Black:<\/strong><\/h3>\n<ul>\n<li>statyw o\u015bwietleniowy <strong>Black 190<\/strong> &#8211; 190 cm<\/li>\n<li>statyw o\u015bwietleniowy <strong>Black 220 <\/strong>&#8211; 220 cm<\/li>\n<\/ul>\n<h3><strong>Co mo\u017cesz bezpiecznie zamontowa\u0107 na statyw GlareOne Black:<\/strong><\/h3>\n<table>\n<tbody>\n<tr>\n<td><\/td>\n<td><span style=\"font-weight: 400;\">Black 190<\/span><\/td>\n<td><span style=\"font-weight: 400;\">Black 220<\/span><\/td>\n<td><b>Black 280<\/b><\/td>\n<\/tr>\n<tr>\n<td><span style=\"font-weight: 400;\">Lampy Speedlite<\/span><\/td>\n<td>\n<p style=\"text-align: center;\"><span style=\"font-weight: 400;\">X<\/span><\/p>\n<\/td>\n<td style=\"text-align: center;\"><span style=\"font-weight: 400;\">X<\/span><\/td>\n<td>\n<p style=\"text-align: center;\"><b>X<\/b><\/p>\n<\/td>\n<\/tr>\n<tr>\n<td><span style=\"font-weight: 400;\">Vega 200\/400 + parasol Orb 100<\/span><\/td>\n<td>\n<p style=\"text-align: center;\"><span style=\"font-weight: 400;\">X<\/span><\/p>\n<\/td>\n<td style=\"text-align: center;\"><span style=\"font-weight: 400;\">X<\/span><\/td>\n<td>\n<p style=\"text-align: center;\"><b>X<\/b><\/p>\n<\/td>\n<\/tr>\n<tr>\n<td><span style=\"font-weight: 400;\">Vega 200\/400 + parasol Orb 150<\/span><\/td>\n<td><\/td>\n<td><\/td>\n<td>\n<p style=\"text-align: center;\"><b>X<\/b><\/p>\n<\/td>\n<\/tr>\n<tr>\n<td><span style=\"font-weight: 400;\">Vega 200\/400 + Octa 100 Pro<\/span><\/td>\n<td>\n<p style=\"text-align: center;\"><span style=\"font-weight: 400;\">X<\/span><\/p>\n<\/td>\n<td style=\"text-align: center;\"><span style=\"font-weight: 400;\">X<\/span><\/td>\n<td>\n<p style=\"text-align: center;\"><b>X<\/b><\/p>\n<\/td>\n<\/tr>\n<tr>\n<td><span style=\"font-weight: 400;\">Vega 200\/400 + Octa 120 Pro<\/span><\/td>\n<td><\/td>\n<td>\n<p style=\"text-align: center;\"><span style=\"font-weight: 400;\">X<\/span><\/p>\n<\/td>\n<td>\n<p style=\"text-align: center;\"><b>X<\/b><\/p>\n<\/td>\n<\/tr>\n<tr>\n<td><span style=\"font-weight: 400;\">LED 80\/120 + Octa 100 Pro\u00a0<\/span><\/td>\n<td>\n<p style=\"text-align: center;\"><span style=\"font-weight: 400;\">X<\/span><\/p>\n<\/td>\n<td style=\"text-align: center;\"><span style=\"font-weight: 400;\">X<\/span><\/td>\n<td>\n<p style=\"text-align: center;\"><b>X<\/b><\/p>\n<\/td>\n<\/tr>\n<tr>\n<td><span style=\"font-weight: 400;\">LED 80\/120 + Octa 120 Pro\u00a0<\/span><\/td>\n<td><\/td>\n<td>\n<p style=\"text-align: center;\"><span style=\"font-weight: 400;\">X<\/span><\/p>\n<\/td>\n<td>\n<p style=\"text-align: center;\"><b>X<\/b><\/p>\n<\/td>\n<\/tr>\n<tr>\n<td><span style=\"font-weight: 400;\">Antares 600 + Octa 150 Pro<\/span><\/td>\n<td><\/td>\n<td><\/td>\n<td>\n<p style=\"text-align: center;\"><b>X<\/b><\/p>\n<\/td>\n<\/tr>\n<tr>\n<td><span style=\"font-weight: 400;\">Antares 600 + Hexa 120 Pro<\/span><\/td>\n<td><\/td>\n<td><\/td>\n<td>\n<p style=\"text-align: center;\"><b>X<\/b><\/p>\n<\/td>\n<\/tr>\n<tr>\n<td><span style=\"font-weight: 400;\">LED 160 + Octa 120 Pro<\/span><\/td>\n<td style=\"text-align: center;\"><\/td>\n<td style=\"text-align: center;\"><span style=\"font-weight: 400;\">X<\/span><\/td>\n<td>\n<p style=\"text-align: center;\"><b>X<\/b><\/p>\n<\/td>\n<\/tr>\n<tr>\n<td><span style=\"font-weight: 400;\">LED 300 + Octa 150 Pro<\/span><\/td>\n<td><\/td>\n<td><\/td>\n<td>\n<p style=\"text-align: center;\"><b>X<\/b><\/p>\n<\/td>\n<\/tr>\n<tr>\n<td><span style=\"font-weight: 400;\">LED 300 + Hexa 120 Pro<\/span><\/td>\n<td><\/td>\n<td><\/td>\n<td>\n<p style=\"text-align: center;\"><b>X<\/b><\/p>\n<\/td>\n<\/tr>\n<\/tbody>\n<\/table>\n","protected":false},"excerpt":{"rendered":"<p>GlareOne Black 280 to solidny, amortyzowany i wszechstronny statyw studyjny z no\u015bno\u015bci\u0105 6 kg Cechy produktu: Du\u017cy ud\u017awig statywu pozwala bez problemu zamontowa\u0107 lamp\u0119 Antares 600 z du\u017cym modyfikatorem, takim jak Hexa 150 Pro. Kolumna centralna z trzema sekcjami, kt\u00f3ra zwi\u0119ksza stabilno\u015b\u0107 statywu \u2013 im mniej sekcji, tym wi\u0119ksza stabilno\u015b\u0107. Tr\u00f3jsekcyjna kolumna centralna oraz zaawansowany [&hellip;]<\/p>\n","protected":false},"featured_media":12340,"template":"","meta":[],"product_brand":[],"product_cat":[471],"product_tag":[],"class_list":{"0":"post-1096","1":"product","2":"type-product","3":"status-publish","4":"has-post-thumbnail","6":"product_cat-klasyczne","8":"first","9":"instock","10":"product-type-simple"},"yoast_head":"<!-- This site is optimized with the Yoast SEO plugin v27.2 - https:\/\/yoast.com\/product\/yoast-seo-wordpress\/ -->\n<title>GlareOne Black 280 - statyw studyjny<\/title>\n<meta name=\"description\" content=\"GlareOne Black 280 to solidny, amortyzowany i wszechstronny statyw studyjny z no\u015bno\u015bci\u0105 6 kg. Niezb\u0119dny w pracy studyjnej oraz sesji w plenerze.\" \/>\n<meta name=\"robots\" content=\"index, follow, max-snippet:-1, max-image-preview:large, max-video-preview:-1\" \/>\n<link rel=\"canonical\" href=\"https:\/\/glareone.eu\/pl\/produkt\/glareone-black-280\/\" \/>\n<meta property=\"og:locale\" content=\"pl_PL\" \/>\n<meta property=\"og:type\" content=\"article\" \/>\n<meta property=\"og:title\" content=\"GlareOne Black 280\" \/>\n<meta property=\"og:description\" content=\"GlareOne Black 280 to solidny, amortyzowany i wszechstronny statyw studyjny z no\u015bno\u015bci\u0105 6 kg. Niezb\u0119dny w pracy studyjnej oraz sesji w plenerze.\" \/>\n<meta property=\"og:url\" content=\"https:\/\/glareone.eu\/pl\/produkt\/glareone-black-280\/\" \/>\n<meta property=\"og:site_name\" content=\"GlareOne\" \/>\n<meta property=\"article:publisher\" content=\"https:\/\/www.facebook.com\/GlareOneLighting\" \/>\n<meta property=\"article:modified_time\" content=\"2024-07-25T07:24:33+00:00\" \/>\n<meta property=\"og:image\" content=\"https:\/\/glareone.eu\/wp-content\/uploads\/2024\/04\/SLS280FE_01-min.jpg\" \/>\n\t<meta property=\"og:image:width\" content=\"1200\" \/>\n\t<meta property=\"og:image:height\" content=\"1200\" \/>\n\t<meta property=\"og:image:type\" content=\"image\/jpeg\" \/>\n<meta name=\"twitter:card\" content=\"summary_large_image\" \/>\n<meta name=\"twitter:title\" content=\"GlareOne Black 280\" \/>\n<meta name=\"twitter:label1\" content=\"Szacowany czas czytania\" \/>\n\t<meta name=\"twitter:data1\" content=\"2 minuty\" \/>\n<script type=\"application\/ld+json\" class=\"yoast-schema-graph\">{\"@context\":\"https:\/\/schema.org\",\"@graph\":[{\"@type\":\"WebPage\",\"@id\":\"https:\/\/glareone.eu\/pl\/produkt\/glareone-black-280\/\",\"url\":\"https:\/\/glareone.eu\/pl\/produkt\/glareone-black-280\/\",\"name\":\"GlareOne Black 280 - statyw studyjny\",\"isPartOf\":{\"@id\":\"https:\/\/glareone.eu\/pl\/en\/#website\"},\"primaryImageOfPage\":{\"@id\":\"https:\/\/glareone.eu\/pl\/produkt\/glareone-black-280\/#primaryimage\"},\"image\":{\"@id\":\"https:\/\/glareone.eu\/pl\/produkt\/glareone-black-280\/#primaryimage\"},\"thumbnailUrl\":\"https:\/\/glareone.eu\/wp-content\/uploads\/2024\/04\/SLS280FE_01-min.jpg\",\"datePublished\":\"2024-04-18T19:26:38+00:00\",\"dateModified\":\"2024-07-25T07:24:33+00:00\",\"description\":\"GlareOne Black 280 to solidny, amortyzowany i wszechstronny statyw studyjny z no\u015bno\u015bci\u0105 6 kg. Niezb\u0119dny w pracy studyjnej oraz sesji w plenerze.\",\"breadcrumb\":{\"@id\":\"https:\/\/glareone.eu\/pl\/produkt\/glareone-black-280\/#breadcrumb\"},\"inLanguage\":\"pl-PL\",\"potentialAction\":[{\"@type\":\"ReadAction\",\"target\":[\"https:\/\/glareone.eu\/pl\/produkt\/glareone-black-280\/\"]}]},{\"@type\":\"ImageObject\",\"inLanguage\":\"pl-PL\",\"@id\":\"https:\/\/glareone.eu\/pl\/produkt\/glareone-black-280\/#primaryimage\",\"url\":\"https:\/\/glareone.eu\/wp-content\/uploads\/2024\/04\/SLS280FE_01-min.jpg\",\"contentUrl\":\"https:\/\/glareone.eu\/wp-content\/uploads\/2024\/04\/SLS280FE_01-min.jpg\",\"width\":1200,\"height\":1200},{\"@type\":\"BreadcrumbList\",\"@id\":\"https:\/\/glareone.eu\/pl\/produkt\/glareone-black-280\/#breadcrumb\",\"itemListElement\":[{\"@type\":\"ListItem\",\"position\":1,\"name\":\"Strona g\u0142\u00f3wna\",\"item\":\"https:\/\/glareone.eu\/pl\/\"},{\"@type\":\"ListItem\",\"position\":2,\"name\":\"Wszystkie produkty\",\"item\":\"https:\/\/glareone.eu\/pl\/produkty\/wszystkie-produkty\/\"},{\"@type\":\"ListItem\",\"position\":3,\"name\":\"GlareOne Black 280 &#8211; statyw studyjny\"}]},{\"@type\":\"WebSite\",\"@id\":\"https:\/\/glareone.eu\/pl\/en\/#website\",\"url\":\"https:\/\/glareone.eu\/pl\/en\/\",\"name\":\"GlareOne\",\"description\":\"Wyposa\u017cenie Studia\",\"publisher\":{\"@id\":\"https:\/\/glareone.eu\/pl\/en\/#organization\"},\"potentialAction\":[{\"@type\":\"SearchAction\",\"target\":{\"@type\":\"EntryPoint\",\"urlTemplate\":\"https:\/\/glareone.eu\/pl\/en\/?s={search_term_string}\"},\"query-input\":{\"@type\":\"PropertyValueSpecification\",\"valueRequired\":true,\"valueName\":\"search_term_string\"}}],\"inLanguage\":\"pl-PL\"},{\"@type\":\"Organization\",\"@id\":\"https:\/\/glareone.eu\/pl\/en\/#organization\",\"name\":\"GlareOne\",\"url\":\"https:\/\/glareone.eu\/pl\/en\/\",\"logo\":{\"@type\":\"ImageObject\",\"inLanguage\":\"pl-PL\",\"@id\":\"https:\/\/glareone.eu\/pl\/en\/#\/schema\/logo\/image\/\",\"url\":\"http:\/\/glareone.eu\/wp-content\/uploads\/2024\/05\/glareone_logo2020_RGB-01-e1715773127189.png\",\"contentUrl\":\"http:\/\/glareone.eu\/wp-content\/uploads\/2024\/05\/glareone_logo2020_RGB-01-e1715773127189.png\",\"width\":1270,\"height\":321,\"caption\":\"GlareOne\"},\"image\":{\"@id\":\"https:\/\/glareone.eu\/pl\/en\/#\/schema\/logo\/image\/\"},\"sameAs\":[\"https:\/\/www.facebook.com\/GlareOneLighting\",\"https:\/\/www.instagram.com\/glareonelighting\/\",\"https:\/\/www.youtube.com\/@GlareOneTV\"]}]}<\/script>\n<!-- \/ Yoast SEO plugin. -->","yoast_head_json":{"title":"GlareOne Black 280 - statyw studyjny","description":"GlareOne Black 280 to solidny, amortyzowany i wszechstronny statyw studyjny z no\u015bno\u015bci\u0105 6 kg. Niezb\u0119dny w pracy studyjnej oraz sesji w plenerze.","robots":{"index":"index","follow":"follow","max-snippet":"max-snippet:-1","max-image-preview":"max-image-preview:large","max-video-preview":"max-video-preview:-1"},"canonical":"https:\/\/glareone.eu\/pl\/produkt\/glareone-black-280\/","og_locale":"pl_PL","og_type":"article","og_title":"GlareOne Black 280","og_description":"GlareOne Black 280 to solidny, amortyzowany i wszechstronny statyw studyjny z no\u015bno\u015bci\u0105 6 kg. Niezb\u0119dny w pracy studyjnej oraz sesji w plenerze.","og_url":"https:\/\/glareone.eu\/pl\/produkt\/glareone-black-280\/","og_site_name":"GlareOne","article_publisher":"https:\/\/www.facebook.com\/GlareOneLighting","article_modified_time":"2024-07-25T07:24:33+00:00","og_image":[{"width":1200,"height":1200,"url":"https:\/\/glareone.eu\/wp-content\/uploads\/2024\/04\/SLS280FE_01-min.jpg","type":"image\/jpeg"}],"twitter_card":"summary_large_image","twitter_title":"GlareOne Black 280","twitter_misc":{"Szacowany czas czytania":"2 minuty"},"schema":{"@context":"https:\/\/schema.org","@graph":[{"@type":"WebPage","@id":"https:\/\/glareone.eu\/pl\/produkt\/glareone-black-280\/","url":"https:\/\/glareone.eu\/pl\/produkt\/glareone-black-280\/","name":"GlareOne Black 280 - statyw studyjny","isPartOf":{"@id":"https:\/\/glareone.eu\/pl\/en\/#website"},"primaryImageOfPage":{"@id":"https:\/\/glareone.eu\/pl\/produkt\/glareone-black-280\/#primaryimage"},"image":{"@id":"https:\/\/glareone.eu\/pl\/produkt\/glareone-black-280\/#primaryimage"},"thumbnailUrl":"https:\/\/glareone.eu\/wp-content\/uploads\/2024\/04\/SLS280FE_01-min.jpg","datePublished":"2024-04-18T19:26:38+00:00","dateModified":"2024-07-25T07:24:33+00:00","description":"GlareOne Black 280 to solidny, amortyzowany i wszechstronny statyw studyjny z no\u015bno\u015bci\u0105 6 kg. Niezb\u0119dny w pracy studyjnej oraz sesji w plenerze.","breadcrumb":{"@id":"https:\/\/glareone.eu\/pl\/produkt\/glareone-black-280\/#breadcrumb"},"inLanguage":"pl-PL","potentialAction":[{"@type":"ReadAction","target":["https:\/\/glareone.eu\/pl\/produkt\/glareone-black-280\/"]}]},{"@type":"ImageObject","inLanguage":"pl-PL","@id":"https:\/\/glareone.eu\/pl\/produkt\/glareone-black-280\/#primaryimage","url":"https:\/\/glareone.eu\/wp-content\/uploads\/2024\/04\/SLS280FE_01-min.jpg","contentUrl":"https:\/\/glareone.eu\/wp-content\/uploads\/2024\/04\/SLS280FE_01-min.jpg","width":1200,"height":1200},{"@type":"BreadcrumbList","@id":"https:\/\/glareone.eu\/pl\/produkt\/glareone-black-280\/#breadcrumb","itemListElement":[{"@type":"ListItem","position":1,"name":"Strona g\u0142\u00f3wna","item":"https:\/\/glareone.eu\/pl\/"},{"@type":"ListItem","position":2,"name":"Wszystkie produkty","item":"https:\/\/glareone.eu\/pl\/produkty\/wszystkie-produkty\/"},{"@type":"ListItem","position":3,"name":"GlareOne Black 280 &#8211; statyw studyjny"}]},{"@type":"WebSite","@id":"https:\/\/glareone.eu\/pl\/en\/#website","url":"https:\/\/glareone.eu\/pl\/en\/","name":"GlareOne","description":"Wyposa\u017cenie Studia","publisher":{"@id":"https:\/\/glareone.eu\/pl\/en\/#organization"},"potentialAction":[{"@type":"SearchAction","target":{"@type":"EntryPoint","urlTemplate":"https:\/\/glareone.eu\/pl\/en\/?s={search_term_string}"},"query-input":{"@type":"PropertyValueSpecification","valueRequired":true,"valueName":"search_term_string"}}],"inLanguage":"pl-PL"},{"@type":"Organization","@id":"https:\/\/glareone.eu\/pl\/en\/#organization","name":"GlareOne","url":"https:\/\/glareone.eu\/pl\/en\/","logo":{"@type":"ImageObject","inLanguage":"pl-PL","@id":"https:\/\/glareone.eu\/pl\/en\/#\/schema\/logo\/image\/","url":"http:\/\/glareone.eu\/wp-content\/uploads\/2024\/05\/glareone_logo2020_RGB-01-e1715773127189.png","contentUrl":"http:\/\/glareone.eu\/wp-content\/uploads\/2024\/05\/glareone_logo2020_RGB-01-e1715773127189.png","width":1270,"height":321,"caption":"GlareOne"},"image":{"@id":"https:\/\/glareone.eu\/pl\/en\/#\/schema\/logo\/image\/"},"sameAs":["https:\/\/www.facebook.com\/GlareOneLighting","https:\/\/www.instagram.com\/glareonelighting\/","https:\/\/www.youtube.com\/@GlareOneTV"]}]}},"_links":{"self":[{"href":"https:\/\/glareone.eu\/pl\/wp-json\/wp\/v2\/product\/1096","targetHints":{"allow":["GET"]}}],"collection":[{"href":"https:\/\/glareone.eu\/pl\/wp-json\/wp\/v2\/product"}],"about":[{"href":"https:\/\/glareone.eu\/pl\/wp-json\/wp\/v2\/types\/product"}],"wp:featuredmedia":[{"embeddable":true,"href":"https:\/\/glareone.eu\/pl\/wp-json\/wp\/v2\/media\/12340"}],"wp:attachment":[{"href":"https:\/\/glareone.eu\/pl\/wp-json\/wp\/v2\/media?parent=1096"}],"wp:term":[{"taxonomy":"product_brand","embeddable":true,"href":"https:\/\/glareone.eu\/pl\/wp-json\/wp\/v2\/product_brand?post=1096"},{"taxonomy":"product_cat","embeddable":true,"href":"https:\/\/glareone.eu\/pl\/wp-json\/wp\/v2\/product_cat?post=1096"},{"taxonomy":"product_tag","embeddable":true,"href":"https:\/\/glareone.eu\/pl\/wp-json\/wp\/v2\/product_tag?post=1096"}],"curies":[{"name":"wp","href":"https:\/\/api.w.org\/{rel}","templated":true}]}}