{"id":1094,"date":"2024-04-18T19:26:38","date_gmt":"2024-04-18T19:26:38","guid":{"rendered":"http:\/\/glareone.eu\/produkt\/glareone-black-190\/"},"modified":"2024-08-05T08:23:13","modified_gmt":"2024-08-05T08:23:13","slug":"glareone-black-190","status":"publish","type":"product","link":"https:\/\/glareone.eu\/pl\/produkt\/glareone-black-190\/","title":{"rendered":"GlareOne Black 190 &#8211; lekki statyw studyjny"},"content":{"rendered":"<p><span style=\"font-weight: 400;\">GlareOne Black 190 to lekki statyw studyjny, kt\u00f3ry idealnie sprawdzi si\u0119 do lekkich lamp b\u0142yskowych, lamp Speedlite oraz lamp \u015bwiat\u0142a ci\u0105g\u0142ego do 2 kg.<\/span><\/p>\n<h3><b>Cechy produktu:<\/b><\/h3>\n<ul>\n<li style=\"font-weight: 400;\" aria-level=\"1\"><span style=\"font-weight: 400;\">Zalecany do lekkich lamp typu Speedlite lub lekkich lamp studyjnych, np. lamp Vega 400 z parasolem.<\/span><\/li>\n<li style=\"font-weight: 400;\" aria-level=\"1\"><span style=\"font-weight: 400;\">Kolumna centralna z trzema sekcjami.<\/span><\/li>\n<li style=\"font-weight: 400;\" aria-level=\"1\"><span style=\"font-weight: 400;\">System blokowania sekcji statywu i kolumny centralnej<\/span> <span style=\"font-weight: 400;\">z p\u0142ytk\u0105 dociskow\u0105 zapobiega odkszta\u0142ceniu si\u0119 element\u00f3w przy nadmiernym dokr\u0119ceniu.<\/span><\/li>\n<li style=\"font-weight: 400;\" aria-level=\"1\"><span style=\"font-weight: 400;\">\u015arednice poszczeg\u00f3lnych sekcji wynosz\u0105 19, 22, 25 mm, a \u015brednica n\u00f3g wynosi 20 mm.<\/span><\/li>\n<li style=\"font-weight: 400;\" aria-level=\"1\"><span style=\"font-weight: 400;\">Fantastycznie sprawdza si\u0119 we wsp\u00f3\u0142pracy ze sto\u0142ami bezcieniowymi i oprawkami o\u015bwietleniowymi.<\/span><\/li>\n<li style=\"font-weight: 400;\" aria-level=\"1\"><span style=\"font-weight: 400;\">P\u0142ynna regulacja wysoko\u015bci pozwala dopasowa\u0107 wysoko\u015b\u0107 statywu do indywidualnych potrzeb fotografa.<\/span><\/li>\n<li style=\"font-weight: 400;\" aria-level=\"1\"><span style=\"font-weight: 400;\">Lekka konstrukcja i kompaktowe wymiary po z\u0142o\u017ceniu.<\/span><\/li>\n<li style=\"font-weight: 400;\" aria-level=\"1\"><span style=\"font-weight: 400;\">Wyposa\u017cony w zamontowany na sta\u0142e trzpie\u0144 z ko\u0144c\u00f3wk\u0105 1\/4\u201c.<\/span><\/li>\n<\/ul>\n<h3><b>Dost\u0119pne wersje statywu GlareOne Black:<\/b><\/h3>\n<ul>\n<li style=\"font-weight: 400;\" aria-level=\"1\"><span style=\"font-weight: 400;\">statyw o\u015bwietleniowy <\/span><b>Black 220 <\/b><span style=\"font-weight: 400;\">&#8211; 220 cm<\/span><\/li>\n<li style=\"font-weight: 400;\" aria-level=\"1\"><span style=\"font-weight: 400;\">statyw o\u015bwietleniowy <\/span><b>Black 280 <\/b><span style=\"font-weight: 400;\">&#8211; 280 cm<\/span><\/li>\n<\/ul>\n<h3><b>Co mo\u017cesz bezpiecznie zamontowa\u0107 na statyw GlareOne Black:<\/b><\/h3>\n<p>&nbsp;<\/p>\n<table>\n<tbody>\n<tr>\n<td><\/td>\n<td><b>Black 190<\/b><\/td>\n<td><span style=\"font-weight: 400;\">Black 220<\/span><\/td>\n<td><span style=\"font-weight: 400;\">Black 280<\/span><\/td>\n<\/tr>\n<tr>\n<td><span style=\"font-weight: 400;\">Lampy Speedlite<\/span><\/td>\n<td>\n<p style=\"text-align: center;\"><b>X<\/b><\/p>\n<\/td>\n<td style=\"text-align: center;\"><span style=\"font-weight: 400;\">X<\/span><\/td>\n<td>\n<p style=\"text-align: center;\"><span style=\"font-weight: 400;\">X<\/span><\/p>\n<\/td>\n<\/tr>\n<tr>\n<td><span style=\"font-weight: 400;\">Vega 200\/400 + parasol Orb 100<\/span><\/td>\n<td>\n<p style=\"text-align: center;\"><b>X<\/b><\/p>\n<\/td>\n<td style=\"text-align: center;\"><span style=\"font-weight: 400;\">X<\/span><\/td>\n<td>\n<p style=\"text-align: center;\"><span style=\"font-weight: 400;\">X<\/span><\/p>\n<\/td>\n<\/tr>\n<tr>\n<td><span style=\"font-weight: 400;\">Vega 200\/400 + parasol Orb 150<\/span><\/td>\n<td><\/td>\n<td><\/td>\n<td>\n<p style=\"text-align: center;\"><span style=\"font-weight: 400;\">X<\/span><\/p>\n<\/td>\n<\/tr>\n<tr>\n<td><span style=\"font-weight: 400;\">Vega 200\/400 + Octa 100 Pro<\/span><\/td>\n<td>\n<p style=\"text-align: center;\"><b>X<\/b><\/p>\n<\/td>\n<td style=\"text-align: center;\"><span style=\"font-weight: 400;\">X<\/span><\/td>\n<td>\n<p style=\"text-align: center;\"><span style=\"font-weight: 400;\">X<\/span><\/p>\n<\/td>\n<\/tr>\n<tr>\n<td><span style=\"font-weight: 400;\">Vega 200\/400 + Octa 120 Pro<\/span><\/td>\n<td><\/td>\n<td>\n<p style=\"text-align: center;\"><span style=\"font-weight: 400;\">X<\/span><\/p>\n<\/td>\n<td>\n<p style=\"text-align: center;\"><span style=\"font-weight: 400;\">X<\/span><\/p>\n<\/td>\n<\/tr>\n<tr>\n<td><span style=\"font-weight: 400;\">LED 80\/120 + Octa 100 Pro\u00a0<\/span><\/td>\n<td>\n<p style=\"text-align: center;\"><b>X<\/b><\/p>\n<\/td>\n<td style=\"text-align: center;\"><span style=\"font-weight: 400;\">X<\/span><\/td>\n<td>\n<p style=\"text-align: center;\"><span style=\"font-weight: 400;\">X<\/span><\/p>\n<\/td>\n<\/tr>\n<tr>\n<td><span style=\"font-weight: 400;\">LED 80\/120 + Octa 120 Pro\u00a0<\/span><\/td>\n<td style=\"text-align: center;\"><\/td>\n<td style=\"text-align: center;\"><span style=\"font-weight: 400;\">X<\/span><\/td>\n<td>\n<p style=\"text-align: center;\"><span style=\"font-weight: 400;\">X<\/span><\/p>\n<\/td>\n<\/tr>\n<tr>\n<td><span style=\"font-weight: 400;\">Antares 600 + Octa 150 Pro<\/span><\/td>\n<td><\/td>\n<td><\/td>\n<td>\n<p style=\"text-align: center;\"><span style=\"font-weight: 400;\">X<\/span><\/p>\n<\/td>\n<\/tr>\n<tr>\n<td><span style=\"font-weight: 400;\">Antares 600 + Hexa 120 Pro<\/span><\/td>\n<td><\/td>\n<td><\/td>\n<td>\n<p style=\"text-align: center;\"><span style=\"font-weight: 400;\">X<\/span><\/p>\n<\/td>\n<\/tr>\n<tr>\n<td><span style=\"font-weight: 400;\">LED 160 + Octa 120 Pro<\/span><\/td>\n<td><\/td>\n<td>\n<p style=\"text-align: center;\"><span style=\"font-weight: 400;\">X<\/span><\/p>\n<\/td>\n<td>\n<p style=\"text-align: center;\"><span style=\"font-weight: 400;\">X<\/span><\/p>\n<\/td>\n<\/tr>\n<tr>\n<td><span style=\"font-weight: 400;\">LED 300 + Octa 150 Pro<\/span><\/td>\n<td><\/td>\n<td><\/td>\n<td>\n<p style=\"text-align: center;\"><span style=\"font-weight: 400;\">X<\/span><\/p>\n<\/td>\n<\/tr>\n<tr>\n<td><span style=\"font-weight: 400;\">LED 300 + Hexa 120 Pro<\/span><\/td>\n<td><\/td>\n<td style=\"text-align: center;\"><\/td>\n<td>\n<p style=\"text-align: center;\"><span style=\"font-weight: 400;\">X<\/span><\/p>\n<\/td>\n<\/tr>\n<\/tbody>\n<\/table>\n","protected":false},"excerpt":{"rendered":"<p>GlareOne Black 190 to lekki statyw studyjny, kt\u00f3ry idealnie sprawdzi si\u0119 do lekkich lamp b\u0142yskowych, lamp Speedlite oraz lamp \u015bwiat\u0142a ci\u0105g\u0142ego do 2 kg. Cechy produktu: Zalecany do lekkich lamp typu Speedlite lub lekkich lamp studyjnych, np. lamp Vega 400 z parasolem. Kolumna centralna z trzema sekcjami. System blokowania sekcji statywu i kolumny centralnej z [&hellip;]<\/p>\n","protected":false},"featured_media":12472,"template":"","meta":[],"product_brand":[],"product_cat":[471],"product_tag":[],"class_list":{"0":"post-1094","1":"product","2":"type-product","3":"status-publish","4":"has-post-thumbnail","6":"product_cat-klasyczne","8":"first","9":"instock","10":"product-type-simple"},"yoast_head":"<!-- This site is optimized with the Yoast SEO plugin v27.2 - https:\/\/yoast.com\/product\/yoast-seo-wordpress\/ -->\n<title>GlareOne Black 190<\/title>\n<meta name=\"description\" content=\"GlareOne Black 190 to lekki statyw studyjny. Idealny do lekkich lamp b\u0142yskowych i LED. Doskona\u0142a jako\u015b\u0107, 3 lata gwarancji.\" \/>\n<meta name=\"robots\" content=\"index, follow, max-snippet:-1, max-image-preview:large, max-video-preview:-1\" \/>\n<link rel=\"canonical\" href=\"https:\/\/glareone.eu\/pl\/produkt\/glareone-black-190\/\" \/>\n<meta property=\"og:locale\" content=\"pl_PL\" \/>\n<meta property=\"og:type\" content=\"article\" \/>\n<meta property=\"og:title\" content=\"GlareOne Black 190\" \/>\n<meta property=\"og:description\" content=\"GlareOne Black 190 to lekki statyw studyjny. Idealny do lekkich lamp b\u0142yskowych i LED. Doskona\u0142a jako\u015b\u0107, 3 lata gwarancji.\" \/>\n<meta property=\"og:url\" content=\"https:\/\/glareone.eu\/pl\/produkt\/glareone-black-190\/\" \/>\n<meta property=\"og:site_name\" content=\"GlareOne\" \/>\n<meta property=\"article:publisher\" content=\"https:\/\/www.facebook.com\/GlareOneLighting\" \/>\n<meta property=\"article:modified_time\" content=\"2024-08-05T08:23:13+00:00\" \/>\n<meta property=\"og:image\" content=\"https:\/\/glareone.eu\/wp-content\/uploads\/2024\/04\/SLS190AL_01.jpg\" \/>\n\t<meta property=\"og:image:width\" content=\"1200\" \/>\n\t<meta property=\"og:image:height\" content=\"1200\" \/>\n\t<meta property=\"og:image:type\" content=\"image\/jpeg\" \/>\n<meta name=\"twitter:card\" content=\"summary_large_image\" \/>\n<meta name=\"twitter:title\" content=\"GlareOne Black 190\" \/>\n<meta name=\"twitter:label1\" content=\"Szacowany czas czytania\" \/>\n\t<meta name=\"twitter:data1\" content=\"1 minuta\" \/>\n<script type=\"application\/ld+json\" class=\"yoast-schema-graph\">{\"@context\":\"https:\/\/schema.org\",\"@graph\":[{\"@type\":\"WebPage\",\"@id\":\"https:\/\/glareone.eu\/pl\/produkt\/glareone-black-190\/\",\"url\":\"https:\/\/glareone.eu\/pl\/produkt\/glareone-black-190\/\",\"name\":\"GlareOne Black 190\",\"isPartOf\":{\"@id\":\"https:\/\/glareone.eu\/pl\/en\/#website\"},\"primaryImageOfPage\":{\"@id\":\"https:\/\/glareone.eu\/pl\/produkt\/glareone-black-190\/#primaryimage\"},\"image\":{\"@id\":\"https:\/\/glareone.eu\/pl\/produkt\/glareone-black-190\/#primaryimage\"},\"thumbnailUrl\":\"https:\/\/glareone.eu\/wp-content\/uploads\/2024\/04\/SLS190AL_01.jpg\",\"datePublished\":\"2024-04-18T19:26:38+00:00\",\"dateModified\":\"2024-08-05T08:23:13+00:00\",\"description\":\"GlareOne Black 190 to lekki statyw studyjny. Idealny do lekkich lamp b\u0142yskowych i LED. Doskona\u0142a jako\u015b\u0107, 3 lata gwarancji.\",\"breadcrumb\":{\"@id\":\"https:\/\/glareone.eu\/pl\/produkt\/glareone-black-190\/#breadcrumb\"},\"inLanguage\":\"pl-PL\",\"potentialAction\":[{\"@type\":\"ReadAction\",\"target\":[\"https:\/\/glareone.eu\/pl\/produkt\/glareone-black-190\/\"]}]},{\"@type\":\"ImageObject\",\"inLanguage\":\"pl-PL\",\"@id\":\"https:\/\/glareone.eu\/pl\/produkt\/glareone-black-190\/#primaryimage\",\"url\":\"https:\/\/glareone.eu\/wp-content\/uploads\/2024\/04\/SLS190AL_01.jpg\",\"contentUrl\":\"https:\/\/glareone.eu\/wp-content\/uploads\/2024\/04\/SLS190AL_01.jpg\",\"width\":1200,\"height\":1200},{\"@type\":\"BreadcrumbList\",\"@id\":\"https:\/\/glareone.eu\/pl\/produkt\/glareone-black-190\/#breadcrumb\",\"itemListElement\":[{\"@type\":\"ListItem\",\"position\":1,\"name\":\"Strona g\u0142\u00f3wna\",\"item\":\"https:\/\/glareone.eu\/pl\/\"},{\"@type\":\"ListItem\",\"position\":2,\"name\":\"Wszystkie produkty\",\"item\":\"https:\/\/glareone.eu\/pl\/produkty\/wszystkie-produkty\/\"},{\"@type\":\"ListItem\",\"position\":3,\"name\":\"GlareOne Black 190 &#8211; lekki statyw studyjny\"}]},{\"@type\":\"WebSite\",\"@id\":\"https:\/\/glareone.eu\/pl\/en\/#website\",\"url\":\"https:\/\/glareone.eu\/pl\/en\/\",\"name\":\"GlareOne\",\"description\":\"Wyposa\u017cenie Studia\",\"publisher\":{\"@id\":\"https:\/\/glareone.eu\/pl\/en\/#organization\"},\"potentialAction\":[{\"@type\":\"SearchAction\",\"target\":{\"@type\":\"EntryPoint\",\"urlTemplate\":\"https:\/\/glareone.eu\/pl\/en\/?s={search_term_string}\"},\"query-input\":{\"@type\":\"PropertyValueSpecification\",\"valueRequired\":true,\"valueName\":\"search_term_string\"}}],\"inLanguage\":\"pl-PL\"},{\"@type\":\"Organization\",\"@id\":\"https:\/\/glareone.eu\/pl\/en\/#organization\",\"name\":\"GlareOne\",\"url\":\"https:\/\/glareone.eu\/pl\/en\/\",\"logo\":{\"@type\":\"ImageObject\",\"inLanguage\":\"pl-PL\",\"@id\":\"https:\/\/glareone.eu\/pl\/en\/#\/schema\/logo\/image\/\",\"url\":\"http:\/\/glareone.eu\/wp-content\/uploads\/2024\/05\/glareone_logo2020_RGB-01-e1715773127189.png\",\"contentUrl\":\"http:\/\/glareone.eu\/wp-content\/uploads\/2024\/05\/glareone_logo2020_RGB-01-e1715773127189.png\",\"width\":1270,\"height\":321,\"caption\":\"GlareOne\"},\"image\":{\"@id\":\"https:\/\/glareone.eu\/pl\/en\/#\/schema\/logo\/image\/\"},\"sameAs\":[\"https:\/\/www.facebook.com\/GlareOneLighting\",\"https:\/\/www.instagram.com\/glareonelighting\/\",\"https:\/\/www.youtube.com\/@GlareOneTV\"]}]}<\/script>\n<!-- \/ Yoast SEO plugin. -->","yoast_head_json":{"title":"GlareOne Black 190","description":"GlareOne Black 190 to lekki statyw studyjny. Idealny do lekkich lamp b\u0142yskowych i LED. Doskona\u0142a jako\u015b\u0107, 3 lata gwarancji.","robots":{"index":"index","follow":"follow","max-snippet":"max-snippet:-1","max-image-preview":"max-image-preview:large","max-video-preview":"max-video-preview:-1"},"canonical":"https:\/\/glareone.eu\/pl\/produkt\/glareone-black-190\/","og_locale":"pl_PL","og_type":"article","og_title":"GlareOne Black 190","og_description":"GlareOne Black 190 to lekki statyw studyjny. Idealny do lekkich lamp b\u0142yskowych i LED. Doskona\u0142a jako\u015b\u0107, 3 lata gwarancji.","og_url":"https:\/\/glareone.eu\/pl\/produkt\/glareone-black-190\/","og_site_name":"GlareOne","article_publisher":"https:\/\/www.facebook.com\/GlareOneLighting","article_modified_time":"2024-08-05T08:23:13+00:00","og_image":[{"width":1200,"height":1200,"url":"https:\/\/glareone.eu\/wp-content\/uploads\/2024\/04\/SLS190AL_01.jpg","type":"image\/jpeg"}],"twitter_card":"summary_large_image","twitter_title":"GlareOne Black 190","twitter_misc":{"Szacowany czas czytania":"1 minuta"},"schema":{"@context":"https:\/\/schema.org","@graph":[{"@type":"WebPage","@id":"https:\/\/glareone.eu\/pl\/produkt\/glareone-black-190\/","url":"https:\/\/glareone.eu\/pl\/produkt\/glareone-black-190\/","name":"GlareOne Black 190","isPartOf":{"@id":"https:\/\/glareone.eu\/pl\/en\/#website"},"primaryImageOfPage":{"@id":"https:\/\/glareone.eu\/pl\/produkt\/glareone-black-190\/#primaryimage"},"image":{"@id":"https:\/\/glareone.eu\/pl\/produkt\/glareone-black-190\/#primaryimage"},"thumbnailUrl":"https:\/\/glareone.eu\/wp-content\/uploads\/2024\/04\/SLS190AL_01.jpg","datePublished":"2024-04-18T19:26:38+00:00","dateModified":"2024-08-05T08:23:13+00:00","description":"GlareOne Black 190 to lekki statyw studyjny. Idealny do lekkich lamp b\u0142yskowych i LED. Doskona\u0142a jako\u015b\u0107, 3 lata gwarancji.","breadcrumb":{"@id":"https:\/\/glareone.eu\/pl\/produkt\/glareone-black-190\/#breadcrumb"},"inLanguage":"pl-PL","potentialAction":[{"@type":"ReadAction","target":["https:\/\/glareone.eu\/pl\/produkt\/glareone-black-190\/"]}]},{"@type":"ImageObject","inLanguage":"pl-PL","@id":"https:\/\/glareone.eu\/pl\/produkt\/glareone-black-190\/#primaryimage","url":"https:\/\/glareone.eu\/wp-content\/uploads\/2024\/04\/SLS190AL_01.jpg","contentUrl":"https:\/\/glareone.eu\/wp-content\/uploads\/2024\/04\/SLS190AL_01.jpg","width":1200,"height":1200},{"@type":"BreadcrumbList","@id":"https:\/\/glareone.eu\/pl\/produkt\/glareone-black-190\/#breadcrumb","itemListElement":[{"@type":"ListItem","position":1,"name":"Strona g\u0142\u00f3wna","item":"https:\/\/glareone.eu\/pl\/"},{"@type":"ListItem","position":2,"name":"Wszystkie produkty","item":"https:\/\/glareone.eu\/pl\/produkty\/wszystkie-produkty\/"},{"@type":"ListItem","position":3,"name":"GlareOne Black 190 &#8211; lekki statyw studyjny"}]},{"@type":"WebSite","@id":"https:\/\/glareone.eu\/pl\/en\/#website","url":"https:\/\/glareone.eu\/pl\/en\/","name":"GlareOne","description":"Wyposa\u017cenie Studia","publisher":{"@id":"https:\/\/glareone.eu\/pl\/en\/#organization"},"potentialAction":[{"@type":"SearchAction","target":{"@type":"EntryPoint","urlTemplate":"https:\/\/glareone.eu\/pl\/en\/?s={search_term_string}"},"query-input":{"@type":"PropertyValueSpecification","valueRequired":true,"valueName":"search_term_string"}}],"inLanguage":"pl-PL"},{"@type":"Organization","@id":"https:\/\/glareone.eu\/pl\/en\/#organization","name":"GlareOne","url":"https:\/\/glareone.eu\/pl\/en\/","logo":{"@type":"ImageObject","inLanguage":"pl-PL","@id":"https:\/\/glareone.eu\/pl\/en\/#\/schema\/logo\/image\/","url":"http:\/\/glareone.eu\/wp-content\/uploads\/2024\/05\/glareone_logo2020_RGB-01-e1715773127189.png","contentUrl":"http:\/\/glareone.eu\/wp-content\/uploads\/2024\/05\/glareone_logo2020_RGB-01-e1715773127189.png","width":1270,"height":321,"caption":"GlareOne"},"image":{"@id":"https:\/\/glareone.eu\/pl\/en\/#\/schema\/logo\/image\/"},"sameAs":["https:\/\/www.facebook.com\/GlareOneLighting","https:\/\/www.instagram.com\/glareonelighting\/","https:\/\/www.youtube.com\/@GlareOneTV"]}]}},"_links":{"self":[{"href":"https:\/\/glareone.eu\/pl\/wp-json\/wp\/v2\/product\/1094","targetHints":{"allow":["GET"]}}],"collection":[{"href":"https:\/\/glareone.eu\/pl\/wp-json\/wp\/v2\/product"}],"about":[{"href":"https:\/\/glareone.eu\/pl\/wp-json\/wp\/v2\/types\/product"}],"wp:featuredmedia":[{"embeddable":true,"href":"https:\/\/glareone.eu\/pl\/wp-json\/wp\/v2\/media\/12472"}],"wp:attachment":[{"href":"https:\/\/glareone.eu\/pl\/wp-json\/wp\/v2\/media?parent=1094"}],"wp:term":[{"taxonomy":"product_brand","embeddable":true,"href":"https:\/\/glareone.eu\/pl\/wp-json\/wp\/v2\/product_brand?post=1094"},{"taxonomy":"product_cat","embeddable":true,"href":"https:\/\/glareone.eu\/pl\/wp-json\/wp\/v2\/product_cat?post=1094"},{"taxonomy":"product_tag","embeddable":true,"href":"https:\/\/glareone.eu\/pl\/wp-json\/wp\/v2\/product_tag?post=1094"}],"curies":[{"name":"wp","href":"https:\/\/api.w.org\/{rel}","templated":true}]}}