{"id":1091,"date":"2024-04-18T19:26:38","date_gmt":"2024-04-18T19:26:38","guid":{"rendered":"http:\/\/glareone.eu\/produkt\/glareone-led-panel-30-bicolor-d\/"},"modified":"2024-11-12T13:06:09","modified_gmt":"2024-11-12T13:06:09","slug":"glareone-led-panel-30-bicolor-d","status":"publish","type":"product","link":"https:\/\/glareone.eu\/pl\/produkt\/glareone-led-panel-30-bicolor-d\/","title":{"rendered":"GlareOne LED Panel 30 BiColor D"},"content":{"rendered":"<p>Panel LED o mocy 30 W z funkcj\u0105 zmiany temperatury barwowej. Oferuje \u015bwietne odwzorowanie kolor\u00f3w oraz mo\u017cliwo\u015b\u0107 zasilania z akumulator\u00f3w NP-F. Doskona\u0142y do vlog\u00f3w, transmisji na \u017cywo i sesji fotograficznych.<\/p>\n<h3>Prosta obs\u0142uga<\/h3>\n<p>Jest to lampa o sta\u0142ym \u015bwietle, co zapewnia szerokie mo\u017cliwo\u015bci praktycznego zastosowania. Dzi\u0119ki temu, \u017ce aparat automatycznie mierzy \u015bwiat\u0142o i dostosowuje ekspozycj\u0119, nie musisz u\u017cywa\u0107 dodatkowych \u015bwiat\u0142omierzy. U\u0142atwia to tworzenie idealnych ustawie\u0144 o\u015bwietleniowych, a finalny efekt mo\u017cna podejrze\u0107 jeszcze przed zrobieniem zdj\u0119cia.<\/p>\n<h3>Wielofunkcyjno\u015b\u0107<\/h3>\n<p>Ten panel oferuje niemal nieograniczone mo\u017cliwo\u015bci zastosowa\u0144. Mo\u017cna go wykorzysta\u0107 do r\u00f3\u017cnych rodzaj\u00f3w fotografii \u2013 od portret\u00f3w po zdj\u0119cia produktowe czy makrofotografi\u0119. Poniewa\u017c jest to lampa \u015bwiat\u0142a ci\u0105g\u0142ego, to z powodzeniem sprawdzi si\u0119 te\u017c jako o\u015bwietlenie do streamingu, nagrywania wywiad\u00f3w, videoblog\u00f3w czy rolek. Panel jest wyposa\u017cony w g\u0142owic\u0119 montowan\u0105 na trzpie\u0144 5\/8\u201d.<\/p>\n<h3>Wiernie oddana kolorystyka<\/h3>\n<p>Panel GlareOne emituje \u015bwiat\u0142o, kt\u00f3re wiernie oddaje kolory, co jest kluczowe w sytuacjach wymagaj\u0105cych precyzyjnej kolorystyki, takich jak fotografowanie ludzi, kiedy wa\u017cne jest dok\u0142adne odwzorowanie ton\u00f3w sk\u00f3ry. Posiada wska\u017anik CRI (Color Rendering Index) wynosz\u0105cy a\u017c 96, TLCI wynosz\u0105cy 98 oraz TM-30 wynosz\u0105cy 95.<\/p>\n<h3>Regulacja temperatury \u015bwiat\u0142a<\/h3>\n<p>Dzi\u0119ki regulacji zakresu temperatury barwowej \u015bwiat\u0142a od 2700 do 7500 K, panel mo\u017ce na\u015bladowa\u0107 r\u00f3\u017cnorodne \u017ar\u00f3d\u0142a \u015bwiat\u0142a \u2013 od ciep\u0142ego blasku \u015bwiecy po naturalne \u015bwiat\u0142o dzienne. To pozwala dostosowa\u0107 o\u015bwietlenie do indywidualnych potrzeb u\u017cytkownika i warunk\u00f3w, w jakich odbywa si\u0119 sesja fotograficzna czy nagranie.<\/p>\n<h3>Zasilanie<\/h3>\n<p>Panel GlareOne mo\u017cna zasila\u0107 na dwa sposoby: za pomoc\u0105 zasilacza sieciowego (do\u0142\u0105czonego w zestawie) lub baterii NP-F, co daje du\u017c\u0105 elastyczno\u015b\u0107. Mo\u017cliwo\u015b\u0107 pracy zar\u00f3wno z zasilaniem sieciowym, jak i akumulatorami sprawia, \u017ce panel jest bardzo praktyczny i mobilny, nawet w miejscach z ograniczonym dost\u0119pem do pr\u0105du.<\/p>\n<h3>Efekty o\u015bwietleniowe<\/h3>\n<p>Lampa oferuje 9 r\u00f3\u017cnych efekt\u00f3w, kt\u00f3re pozwalaj\u0105 symulowa\u0107 takie \u017ar\u00f3d\u0142a \u015bwiat\u0142a, jak fajerwerki, b\u0142yskawice czy telewizor, zapewniaj\u0105c kreatywne mo\u017cliwo\u015bci podczas filmowania i fotografii.<\/p>\n<h3>Cechy GlareOne LED Panel 30 BiColor D<\/h3>\n<ul>\n<li>\u0142atwa w u\u017cyciu i wszechstronna lampa do fotografii i filmowania,<\/li>\n<li>niewielkie rozmiary i waga,<\/li>\n<li>zmienna temperatura barwowa 2700~7500 K,<\/li>\n<li>maksymalna moc wynosi 30 W,<\/li>\n<li>wysokie parametry odwzorowania barw (CRI &gt; 96, TLCI &gt; 98, TM-30 &gt; 95),<\/li>\n<li>zasilanie za pomoc\u0105 zasilacza lub akumulator\u00f3w NP-F,<\/li>\n<li>p\u0142ynna, bezstopniowa regulacja jasno\u015bci,<\/li>\n<li>pasywny (ca\u0142kowicie cichy) system ch\u0142odzenia,<\/li>\n<li>wyposa\u017cona w g\u0142owice montowan\u0105 na trzpie\u0144 5\/8\u201d,<\/li>\n<li>wyposa\u017cona w 9 efekt\u00f3w o\u015bwietleniowych.<\/li>\n<\/ul>\n<h3>Zawarto\u015b\u0107 pude\u0142ka<\/h3>\n<ul>\n<li>1x lampa,<\/li>\n<li>1x zasilacz,<\/li>\n<li>1x kabel EU,<\/li>\n<li>1x kabel UK,<\/li>\n<li>1x g\u0142owica z trzpieniem 5\/8\u201d,<\/li>\n<li>1x instrukcja obs\u0142ugi.<\/li>\n<\/ul>\n","protected":false},"excerpt":{"rendered":"<p>Panel LED o mocy 30 W z funkcj\u0105 zmiany temperatury barwowej. Oferuje \u015bwietne odwzorowanie kolor\u00f3w oraz mo\u017cliwo\u015b\u0107 zasilania z akumulator\u00f3w NP-F. Doskona\u0142y do vlog\u00f3w, transmisji na \u017cywo i sesji fotograficznych. Prosta obs\u0142uga Jest to lampa o sta\u0142ym \u015bwietle, co zapewnia szerokie mo\u017cliwo\u015bci praktycznego zastosowania. Dzi\u0119ki temu, \u017ce aparat automatycznie mierzy \u015bwiat\u0142o i dostosowuje ekspozycj\u0119, nie [&hellip;]<\/p>\n","protected":false},"featured_media":13307,"template":"","meta":[],"product_brand":[],"product_cat":[330],"product_tag":[],"class_list":{"0":"post-1091","1":"product","2":"type-product","3":"status-publish","4":"has-post-thumbnail","6":"product_cat-led-tube-panel","8":"first","9":"instock","10":"product-type-simple"},"yoast_head":"<!-- This site is optimized with the Yoast SEO plugin v27.2 - https:\/\/yoast.com\/product\/yoast-seo-wordpress\/ -->\n<title>GlareOne LED Panel 30 BiColor D<\/title>\n<meta name=\"description\" content=\"GlareOne LED Panel 30 BiColor D\" \/>\n<meta name=\"robots\" content=\"index, follow, max-snippet:-1, max-image-preview:large, max-video-preview:-1\" \/>\n<link rel=\"canonical\" href=\"https:\/\/glareone.eu\/pl\/produkt\/glareone-led-panel-30-bicolor-d\/\" \/>\n<meta property=\"og:locale\" content=\"pl_PL\" \/>\n<meta property=\"og:type\" content=\"article\" \/>\n<meta property=\"og:title\" content=\"GlareOne LED Panel 30 BiColor D\" \/>\n<meta property=\"og:description\" content=\"GlareOne LED Panel 30 BiColor D\" \/>\n<meta property=\"og:url\" content=\"https:\/\/glareone.eu\/pl\/produkt\/glareone-led-panel-30-bicolor-d\/\" \/>\n<meta property=\"og:site_name\" content=\"GlareOne\" \/>\n<meta property=\"article:publisher\" content=\"https:\/\/www.facebook.com\/GlareOneLighting\" \/>\n<meta property=\"article:modified_time\" content=\"2024-11-12T13:06:09+00:00\" \/>\n<meta property=\"og:image\" content=\"https:\/\/glareone.eu\/wp-content\/uploads\/2024\/04\/SLEDP30BCD_01.jpg\" \/>\n\t<meta property=\"og:image:width\" content=\"1200\" \/>\n\t<meta property=\"og:image:height\" content=\"1200\" \/>\n\t<meta property=\"og:image:type\" content=\"image\/jpeg\" \/>\n<meta name=\"twitter:card\" content=\"summary_large_image\" \/>\n<meta name=\"twitter:title\" content=\"GlareOne LED Panel 30 BiColor D\" \/>\n<meta name=\"twitter:label1\" content=\"Szacowany czas czytania\" \/>\n\t<meta name=\"twitter:data1\" content=\"2 minuty\" \/>\n<script type=\"application\/ld+json\" class=\"yoast-schema-graph\">{\"@context\":\"https:\/\/schema.org\",\"@graph\":[{\"@type\":\"WebPage\",\"@id\":\"https:\/\/glareone.eu\/pl\/produkt\/glareone-led-panel-30-bicolor-d\/\",\"url\":\"https:\/\/glareone.eu\/pl\/produkt\/glareone-led-panel-30-bicolor-d\/\",\"name\":\"GlareOne LED Panel 30 BiColor D\",\"isPartOf\":{\"@id\":\"https:\/\/glareone.eu\/pl\/en\/#website\"},\"primaryImageOfPage\":{\"@id\":\"https:\/\/glareone.eu\/pl\/produkt\/glareone-led-panel-30-bicolor-d\/#primaryimage\"},\"image\":{\"@id\":\"https:\/\/glareone.eu\/pl\/produkt\/glareone-led-panel-30-bicolor-d\/#primaryimage\"},\"thumbnailUrl\":\"https:\/\/glareone.eu\/wp-content\/uploads\/2024\/04\/SLEDP30BCD_01.jpg\",\"datePublished\":\"2024-04-18T19:26:38+00:00\",\"dateModified\":\"2024-11-12T13:06:09+00:00\",\"description\":\"GlareOne LED Panel 30 BiColor D\",\"breadcrumb\":{\"@id\":\"https:\/\/glareone.eu\/pl\/produkt\/glareone-led-panel-30-bicolor-d\/#breadcrumb\"},\"inLanguage\":\"pl-PL\",\"potentialAction\":[{\"@type\":\"ReadAction\",\"target\":[\"https:\/\/glareone.eu\/pl\/produkt\/glareone-led-panel-30-bicolor-d\/\"]}]},{\"@type\":\"ImageObject\",\"inLanguage\":\"pl-PL\",\"@id\":\"https:\/\/glareone.eu\/pl\/produkt\/glareone-led-panel-30-bicolor-d\/#primaryimage\",\"url\":\"https:\/\/glareone.eu\/wp-content\/uploads\/2024\/04\/SLEDP30BCD_01.jpg\",\"contentUrl\":\"https:\/\/glareone.eu\/wp-content\/uploads\/2024\/04\/SLEDP30BCD_01.jpg\",\"width\":1200,\"height\":1200},{\"@type\":\"BreadcrumbList\",\"@id\":\"https:\/\/glareone.eu\/pl\/produkt\/glareone-led-panel-30-bicolor-d\/#breadcrumb\",\"itemListElement\":[{\"@type\":\"ListItem\",\"position\":1,\"name\":\"Strona g\u0142\u00f3wna\",\"item\":\"https:\/\/glareone.eu\/pl\/\"},{\"@type\":\"ListItem\",\"position\":2,\"name\":\"Wszystkie produkty\",\"item\":\"https:\/\/glareone.eu\/pl\/produkty\/wszystkie-produkty\/\"},{\"@type\":\"ListItem\",\"position\":3,\"name\":\"GlareOne LED Panel 30 BiColor D\"}]},{\"@type\":\"WebSite\",\"@id\":\"https:\/\/glareone.eu\/pl\/en\/#website\",\"url\":\"https:\/\/glareone.eu\/pl\/en\/\",\"name\":\"GlareOne\",\"description\":\"Wyposa\u017cenie Studia\",\"publisher\":{\"@id\":\"https:\/\/glareone.eu\/pl\/en\/#organization\"},\"potentialAction\":[{\"@type\":\"SearchAction\",\"target\":{\"@type\":\"EntryPoint\",\"urlTemplate\":\"https:\/\/glareone.eu\/pl\/en\/?s={search_term_string}\"},\"query-input\":{\"@type\":\"PropertyValueSpecification\",\"valueRequired\":true,\"valueName\":\"search_term_string\"}}],\"inLanguage\":\"pl-PL\"},{\"@type\":\"Organization\",\"@id\":\"https:\/\/glareone.eu\/pl\/en\/#organization\",\"name\":\"GlareOne\",\"url\":\"https:\/\/glareone.eu\/pl\/en\/\",\"logo\":{\"@type\":\"ImageObject\",\"inLanguage\":\"pl-PL\",\"@id\":\"https:\/\/glareone.eu\/pl\/en\/#\/schema\/logo\/image\/\",\"url\":\"http:\/\/glareone.eu\/wp-content\/uploads\/2024\/05\/glareone_logo2020_RGB-01-e1715773127189.png\",\"contentUrl\":\"http:\/\/glareone.eu\/wp-content\/uploads\/2024\/05\/glareone_logo2020_RGB-01-e1715773127189.png\",\"width\":1270,\"height\":321,\"caption\":\"GlareOne\"},\"image\":{\"@id\":\"https:\/\/glareone.eu\/pl\/en\/#\/schema\/logo\/image\/\"},\"sameAs\":[\"https:\/\/www.facebook.com\/GlareOneLighting\",\"https:\/\/www.instagram.com\/glareonelighting\/\",\"https:\/\/www.youtube.com\/@GlareOneTV\"]}]}<\/script>\n<!-- \/ Yoast SEO plugin. -->","yoast_head_json":{"title":"GlareOne LED Panel 30 BiColor D","description":"GlareOne LED Panel 30 BiColor D","robots":{"index":"index","follow":"follow","max-snippet":"max-snippet:-1","max-image-preview":"max-image-preview:large","max-video-preview":"max-video-preview:-1"},"canonical":"https:\/\/glareone.eu\/pl\/produkt\/glareone-led-panel-30-bicolor-d\/","og_locale":"pl_PL","og_type":"article","og_title":"GlareOne LED Panel 30 BiColor D","og_description":"GlareOne LED Panel 30 BiColor D","og_url":"https:\/\/glareone.eu\/pl\/produkt\/glareone-led-panel-30-bicolor-d\/","og_site_name":"GlareOne","article_publisher":"https:\/\/www.facebook.com\/GlareOneLighting","article_modified_time":"2024-11-12T13:06:09+00:00","og_image":[{"width":1200,"height":1200,"url":"https:\/\/glareone.eu\/wp-content\/uploads\/2024\/04\/SLEDP30BCD_01.jpg","type":"image\/jpeg"}],"twitter_card":"summary_large_image","twitter_title":"GlareOne LED Panel 30 BiColor D","twitter_misc":{"Szacowany czas czytania":"2 minuty"},"schema":{"@context":"https:\/\/schema.org","@graph":[{"@type":"WebPage","@id":"https:\/\/glareone.eu\/pl\/produkt\/glareone-led-panel-30-bicolor-d\/","url":"https:\/\/glareone.eu\/pl\/produkt\/glareone-led-panel-30-bicolor-d\/","name":"GlareOne LED Panel 30 BiColor D","isPartOf":{"@id":"https:\/\/glareone.eu\/pl\/en\/#website"},"primaryImageOfPage":{"@id":"https:\/\/glareone.eu\/pl\/produkt\/glareone-led-panel-30-bicolor-d\/#primaryimage"},"image":{"@id":"https:\/\/glareone.eu\/pl\/produkt\/glareone-led-panel-30-bicolor-d\/#primaryimage"},"thumbnailUrl":"https:\/\/glareone.eu\/wp-content\/uploads\/2024\/04\/SLEDP30BCD_01.jpg","datePublished":"2024-04-18T19:26:38+00:00","dateModified":"2024-11-12T13:06:09+00:00","description":"GlareOne LED Panel 30 BiColor D","breadcrumb":{"@id":"https:\/\/glareone.eu\/pl\/produkt\/glareone-led-panel-30-bicolor-d\/#breadcrumb"},"inLanguage":"pl-PL","potentialAction":[{"@type":"ReadAction","target":["https:\/\/glareone.eu\/pl\/produkt\/glareone-led-panel-30-bicolor-d\/"]}]},{"@type":"ImageObject","inLanguage":"pl-PL","@id":"https:\/\/glareone.eu\/pl\/produkt\/glareone-led-panel-30-bicolor-d\/#primaryimage","url":"https:\/\/glareone.eu\/wp-content\/uploads\/2024\/04\/SLEDP30BCD_01.jpg","contentUrl":"https:\/\/glareone.eu\/wp-content\/uploads\/2024\/04\/SLEDP30BCD_01.jpg","width":1200,"height":1200},{"@type":"BreadcrumbList","@id":"https:\/\/glareone.eu\/pl\/produkt\/glareone-led-panel-30-bicolor-d\/#breadcrumb","itemListElement":[{"@type":"ListItem","position":1,"name":"Strona g\u0142\u00f3wna","item":"https:\/\/glareone.eu\/pl\/"},{"@type":"ListItem","position":2,"name":"Wszystkie produkty","item":"https:\/\/glareone.eu\/pl\/produkty\/wszystkie-produkty\/"},{"@type":"ListItem","position":3,"name":"GlareOne LED Panel 30 BiColor D"}]},{"@type":"WebSite","@id":"https:\/\/glareone.eu\/pl\/en\/#website","url":"https:\/\/glareone.eu\/pl\/en\/","name":"GlareOne","description":"Wyposa\u017cenie Studia","publisher":{"@id":"https:\/\/glareone.eu\/pl\/en\/#organization"},"potentialAction":[{"@type":"SearchAction","target":{"@type":"EntryPoint","urlTemplate":"https:\/\/glareone.eu\/pl\/en\/?s={search_term_string}"},"query-input":{"@type":"PropertyValueSpecification","valueRequired":true,"valueName":"search_term_string"}}],"inLanguage":"pl-PL"},{"@type":"Organization","@id":"https:\/\/glareone.eu\/pl\/en\/#organization","name":"GlareOne","url":"https:\/\/glareone.eu\/pl\/en\/","logo":{"@type":"ImageObject","inLanguage":"pl-PL","@id":"https:\/\/glareone.eu\/pl\/en\/#\/schema\/logo\/image\/","url":"http:\/\/glareone.eu\/wp-content\/uploads\/2024\/05\/glareone_logo2020_RGB-01-e1715773127189.png","contentUrl":"http:\/\/glareone.eu\/wp-content\/uploads\/2024\/05\/glareone_logo2020_RGB-01-e1715773127189.png","width":1270,"height":321,"caption":"GlareOne"},"image":{"@id":"https:\/\/glareone.eu\/pl\/en\/#\/schema\/logo\/image\/"},"sameAs":["https:\/\/www.facebook.com\/GlareOneLighting","https:\/\/www.instagram.com\/glareonelighting\/","https:\/\/www.youtube.com\/@GlareOneTV"]}]}},"_links":{"self":[{"href":"https:\/\/glareone.eu\/pl\/wp-json\/wp\/v2\/product\/1091","targetHints":{"allow":["GET"]}}],"collection":[{"href":"https:\/\/glareone.eu\/pl\/wp-json\/wp\/v2\/product"}],"about":[{"href":"https:\/\/glareone.eu\/pl\/wp-json\/wp\/v2\/types\/product"}],"wp:featuredmedia":[{"embeddable":true,"href":"https:\/\/glareone.eu\/pl\/wp-json\/wp\/v2\/media\/13307"}],"wp:attachment":[{"href":"https:\/\/glareone.eu\/pl\/wp-json\/wp\/v2\/media?parent=1091"}],"wp:term":[{"taxonomy":"product_brand","embeddable":true,"href":"https:\/\/glareone.eu\/pl\/wp-json\/wp\/v2\/product_brand?post=1091"},{"taxonomy":"product_cat","embeddable":true,"href":"https:\/\/glareone.eu\/pl\/wp-json\/wp\/v2\/product_cat?post=1091"},{"taxonomy":"product_tag","embeddable":true,"href":"https:\/\/glareone.eu\/pl\/wp-json\/wp\/v2\/product_tag?post=1091"}],"curies":[{"name":"wp","href":"https:\/\/api.w.org\/{rel}","templated":true}]}}