{"id":1070,"date":"2024-04-18T19:26:35","date_gmt":"2024-04-18T19:26:35","guid":{"rendered":"http:\/\/glareone.eu\/produkt\/glareone-led-1000-basic-kit-zestaw-oswietlenia-studyjnego\/"},"modified":"2024-08-27T07:21:38","modified_gmt":"2024-08-27T07:21:38","slug":"glareone-led-1000-basic-kit","status":"publish","type":"product","link":"https:\/\/glareone.eu\/pl\/produkt\/glareone-led-1000-basic-kit\/","title":{"rendered":"GlareOne LED 1000 Basic Kit &#8211; zestaw o\u015bwietlenia studyjnego"},"content":{"rendered":"<p><span style=\"font-weight: 400;\">Zestaw do fotografii oraz filmowania zawieraj\u0105cy 2 lampy, 2 statywy, softbox 60&#215;90 cm oraz softbox Octa 95 cm.<\/span><\/p>\n<h3>Zawarto\u015b\u0107 zestawu<\/h3>\n<p><span style=\"font-weight: 400;\">Zestaw GlareOne LED 1000 Basic Kit to kompletny zestaw, kt\u00f3ry pozwoli wej\u015b\u0107 w \u015bwiat fotografii studyjnej. W jego sk\u0142ad wchodz\u0105:<\/span><\/p>\n<ul>\n<li style=\"font-weight: 400;\" aria-level=\"1\"><span style=\"font-weight: 400;\">2 kompaktowe lampy GlareOne LED 1000 o mocy 100 W ka\u017cda (w zestawie z ka\u017cd\u0105 lamp\u0105 jest czasza oraz\u00a0 kabel zasilaj\u0105cy).<\/span><\/li>\n<li style=\"font-weight: 400;\" aria-level=\"1\"><span style=\"font-weight: 400;\">2 statywy GlareOne Black 220 o maksymalnej wysoko\u015bci 220 cm.<\/span><\/li>\n<li style=\"font-weight: 400;\" aria-level=\"1\"><span style=\"font-weight: 400;\">Softbox GlareOne 60&#215;90 cm.<\/span><\/li>\n<li style=\"font-weight: 400;\" aria-level=\"1\"><span style=\"font-weight: 400;\">Softbox GlareOne Octa 95 cm.<\/span><\/li>\n<li style=\"font-weight: 400;\" aria-level=\"1\"><span style=\"font-weight: 400;\">Kable EU oraz UK.<\/span><\/li>\n<\/ul>\n<h3>Zastosowanie<\/h3>\n<p><span style=\"font-weight: 400;\">Zestaw GlareOne LED 1000 Basic Kit stanowi doskona\u0142e narz\u0119dzie do fotografii studyjnej i o\u015bwietlenia filmowego niewielkich plan\u00f3w. Sta\u0142e \u015bwiat\u0142o LED pozwala nam widzie\u0107 \u201cna \u017cywo\u201d, jak o\u015bwietlony jest plan zdj\u0119ciowy.\u00a0<\/span><span style=\"font-weight: 400;\">Zestaw jest doskona\u0142y do u\u017cytku w domowym studiu i oferuje mo\u017cliwo\u015b\u0107 rozbudowy o r\u00f3\u017cne akcesoria kszta\u0142tuj\u0105ce o\u015bwietlenie, takie jak czasze czy wrota.\u00a0<\/span><\/p>\n<p><span style=\"font-weight: 400;\">GlareOne LED 1000 Basic Kit \u015bwietnie sprawdzi si\u0119 zar\u00f3wno do fotografowania, jak i filmowania. Zestaw umo\u017cliwi tworzenie portret\u00f3w o\u015bwietlonych mi\u0119kkim \u015bwiat\u0142em, a tak\u017ce pozwoli o\u015bwietli\u0107 ca\u0142\u0105 sylwetk\u0119, na przyk\u0142ad podczas nagrywania film\u00f3w na media spo\u0142eczno\u015bciowe.<\/span><\/p>\n<p><span style=\"font-weight: 400;\">LED Basic Kit jest idealnym wyborem dla domowego zastosowania czy ma\u0142ego studia.<\/span><\/p>\n<h3>Cechy GlareOne LED 1000:<\/h3>\n<ul>\n<li style=\"font-weight: 400;\" aria-level=\"1\"><span style=\"font-weight: 400;\">przydatna zar\u00f3wno w fotografii, jak i filmowaniu,<\/span><\/li>\n<li style=\"font-weight: 400;\" aria-level=\"1\"><span style=\"font-weight: 400;\">lekka, kompaktowa i \u0142atwa w transporcie (wa\u017cy jedynie 1,25 kg),<\/span><\/li>\n<li style=\"font-weight: 400;\" aria-level=\"1\"><span style=\"font-weight: 400;\">\u015bwiat\u0142o dopasowane do temperatury barwowej \u015bwiat\u0142a dziennego (5500\u00b1200 K),<\/span><\/li>\n<li style=\"font-weight: 400;\" aria-level=\"1\"><span style=\"font-weight: 400;\">wyposa\u017cona w matryc\u0119 143 diod COB LED o \u0142\u0105cznej mocy 100 W,<\/span><\/li>\n<li style=\"font-weight: 400;\" aria-level=\"1\"><span style=\"font-weight: 400;\">wysokie parametry odwzorowania barw (CRI &gt;96, TLCI &gt;98),<\/span><\/li>\n<li style=\"font-weight: 400;\" aria-level=\"1\"><span style=\"font-weight: 400;\">p\u0142ynna, bezstopniowa regulacja jasno\u015bci (0~100%),<\/span><\/li>\n<li style=\"font-weight: 400;\" aria-level=\"1\"><span style=\"font-weight: 400;\">mocowanie modyfikator\u00f3w \u015bwiat\u0142a typu Bowens,<\/span><\/li>\n<li style=\"font-weight: 400;\" aria-level=\"1\"><span style=\"font-weight: 400;\">9 efekt\u00f3w o\u015bwietleniowych symuluj\u0105cych mi\u0119dzy innymi b\u0142yskawice, ekran TV czy zepsut\u0105 \u015bwietl\u00f3wk\u0119,<\/span><\/li>\n<li style=\"font-weight: 400;\" aria-level=\"1\"><span style=\"font-weight: 400;\">cichy i wydajny system aktywnego ch\u0142odzenia (&lt;35 dB),<\/span><\/li>\n<li style=\"font-weight: 400;\" aria-level=\"1\"><span style=\"font-weight: 400;\">zintegrowany uchwyt do parasolek,<\/span><\/li>\n<li style=\"font-weight: 400;\" aria-level=\"1\"><span style=\"font-weight: 400;\">ergonomicznie zaprojektowany uchwyt umo\u017cliwiaj\u0105cy regulacj\u0119 k\u0105ta nachylenia,<\/span><\/li>\n<li style=\"font-weight: 400;\" aria-level=\"1\"><span style=\"font-weight: 400;\">dostarczana w zestawie z przewodem zasilaj\u0105cym, czasz\u0105 i pokryw\u0105 ochronn\u0105.<\/span><\/li>\n<\/ul>\n","protected":false},"excerpt":{"rendered":"<p>Zestaw do fotografii oraz filmowania zawieraj\u0105cy 2 lampy, 2 statywy, softbox 60&#215;90 cm oraz softbox Octa 95 cm. Zawarto\u015b\u0107 zestawu Zestaw GlareOne LED 1000 Basic Kit to kompletny zestaw, kt\u00f3ry pozwoli wej\u015b\u0107 w \u015bwiat fotografii studyjnej. W jego sk\u0142ad wchodz\u0105: 2 kompaktowe lampy GlareOne LED 1000 o mocy 100 W ka\u017cda (w zestawie z ka\u017cd\u0105 [&hellip;]<\/p>\n","protected":false},"featured_media":12544,"template":"","meta":[],"product_brand":[],"product_cat":[329],"product_tag":[],"class_list":{"0":"post-1070","1":"product","2":"type-product","3":"status-publish","4":"has-post-thumbnail","6":"product_cat-lampy-led-z-mocowaniem-bowens","8":"first","9":"instock","10":"product-type-simple"},"yoast_head":"<!-- This site is optimized with the Yoast SEO plugin v27.2 - https:\/\/yoast.com\/product\/yoast-seo-wordpress\/ -->\n<title>GlareOne LED 1000 Basic Kit - zestaw o\u015bwietlenia studyjnego<\/title>\n<meta name=\"description\" content=\"GlareOne LED 1000 Basic Kit - zestaw o\u015bwietlenia studyjnego. LED Basic Kit to idealny wyb\u00f3r dla domowego zastosowania czy ma\u0142ego studia.\" \/>\n<meta name=\"robots\" content=\"index, follow, max-snippet:-1, max-image-preview:large, max-video-preview:-1\" \/>\n<link rel=\"canonical\" href=\"https:\/\/glareone.eu\/pl\/produkt\/glareone-led-1000-basic-kit\/\" \/>\n<meta property=\"og:locale\" content=\"pl_PL\" \/>\n<meta property=\"og:type\" content=\"article\" \/>\n<meta property=\"og:title\" content=\"GlareOne LED 1000 Basic Kit - zestaw o\u015bwietlenia studyjnego\" \/>\n<meta property=\"og:description\" content=\"GlareOne LED 1000 Basic Kit - zestaw o\u015bwietlenia studyjnego. LED Basic Kit to idealny wyb\u00f3r dla domowego zastosowania czy ma\u0142ego studia.\" \/>\n<meta property=\"og:url\" content=\"https:\/\/glareone.eu\/pl\/produkt\/glareone-led-1000-basic-kit\/\" \/>\n<meta property=\"og:site_name\" content=\"GlareOne\" \/>\n<meta property=\"article:publisher\" content=\"https:\/\/www.facebook.com\/GlareOneLighting\" \/>\n<meta property=\"article:modified_time\" content=\"2024-08-27T07:21:38+00:00\" \/>\n<meta property=\"og:image\" content=\"https:\/\/glareone.eu\/wp-content\/uploads\/2024\/04\/SLED1000KITB_01-min.jpg\" \/>\n\t<meta property=\"og:image:width\" content=\"1200\" \/>\n\t<meta property=\"og:image:height\" content=\"1200\" \/>\n\t<meta property=\"og:image:type\" content=\"image\/jpeg\" \/>\n<meta name=\"twitter:card\" content=\"summary_large_image\" \/>\n<meta name=\"twitter:title\" content=\"GlareOne LED 1000 Basic Kit - zestaw o\u015bwietlenia studyjnego\" \/>\n<meta name=\"twitter:label1\" content=\"Szacowany czas czytania\" \/>\n\t<meta name=\"twitter:data1\" content=\"2 minuty\" \/>\n<script type=\"application\/ld+json\" class=\"yoast-schema-graph\">{\"@context\":\"https:\/\/schema.org\",\"@graph\":[{\"@type\":\"WebPage\",\"@id\":\"https:\/\/glareone.eu\/pl\/produkt\/glareone-led-1000-basic-kit\/\",\"url\":\"https:\/\/glareone.eu\/pl\/produkt\/glareone-led-1000-basic-kit\/\",\"name\":\"GlareOne LED 1000 Basic Kit - zestaw o\u015bwietlenia studyjnego\",\"isPartOf\":{\"@id\":\"https:\/\/glareone.eu\/pl\/en\/#website\"},\"primaryImageOfPage\":{\"@id\":\"https:\/\/glareone.eu\/pl\/produkt\/glareone-led-1000-basic-kit\/#primaryimage\"},\"image\":{\"@id\":\"https:\/\/glareone.eu\/pl\/produkt\/glareone-led-1000-basic-kit\/#primaryimage\"},\"thumbnailUrl\":\"https:\/\/glareone.eu\/wp-content\/uploads\/2024\/04\/SLED1000KITB_01-min.jpg\",\"datePublished\":\"2024-04-18T19:26:35+00:00\",\"dateModified\":\"2024-08-27T07:21:38+00:00\",\"description\":\"GlareOne LED 1000 Basic Kit - zestaw o\u015bwietlenia studyjnego. LED Basic Kit to idealny wyb\u00f3r dla domowego zastosowania czy ma\u0142ego studia.\",\"breadcrumb\":{\"@id\":\"https:\/\/glareone.eu\/pl\/produkt\/glareone-led-1000-basic-kit\/#breadcrumb\"},\"inLanguage\":\"pl-PL\",\"potentialAction\":[{\"@type\":\"ReadAction\",\"target\":[\"https:\/\/glareone.eu\/pl\/produkt\/glareone-led-1000-basic-kit\/\"]}]},{\"@type\":\"ImageObject\",\"inLanguage\":\"pl-PL\",\"@id\":\"https:\/\/glareone.eu\/pl\/produkt\/glareone-led-1000-basic-kit\/#primaryimage\",\"url\":\"https:\/\/glareone.eu\/wp-content\/uploads\/2024\/04\/SLED1000KITB_01-min.jpg\",\"contentUrl\":\"https:\/\/glareone.eu\/wp-content\/uploads\/2024\/04\/SLED1000KITB_01-min.jpg\",\"width\":1200,\"height\":1200},{\"@type\":\"BreadcrumbList\",\"@id\":\"https:\/\/glareone.eu\/pl\/produkt\/glareone-led-1000-basic-kit\/#breadcrumb\",\"itemListElement\":[{\"@type\":\"ListItem\",\"position\":1,\"name\":\"Strona g\u0142\u00f3wna\",\"item\":\"https:\/\/glareone.eu\/pl\/\"},{\"@type\":\"ListItem\",\"position\":2,\"name\":\"Wszystkie produkty\",\"item\":\"https:\/\/glareone.eu\/pl\/produkty\/wszystkie-produkty\/\"},{\"@type\":\"ListItem\",\"position\":3,\"name\":\"GlareOne LED 1000 Basic Kit &#8211; zestaw o\u015bwietlenia studyjnego\"}]},{\"@type\":\"WebSite\",\"@id\":\"https:\/\/glareone.eu\/pl\/en\/#website\",\"url\":\"https:\/\/glareone.eu\/pl\/en\/\",\"name\":\"GlareOne\",\"description\":\"Wyposa\u017cenie Studia\",\"publisher\":{\"@id\":\"https:\/\/glareone.eu\/pl\/en\/#organization\"},\"potentialAction\":[{\"@type\":\"SearchAction\",\"target\":{\"@type\":\"EntryPoint\",\"urlTemplate\":\"https:\/\/glareone.eu\/pl\/en\/?s={search_term_string}\"},\"query-input\":{\"@type\":\"PropertyValueSpecification\",\"valueRequired\":true,\"valueName\":\"search_term_string\"}}],\"inLanguage\":\"pl-PL\"},{\"@type\":\"Organization\",\"@id\":\"https:\/\/glareone.eu\/pl\/en\/#organization\",\"name\":\"GlareOne\",\"url\":\"https:\/\/glareone.eu\/pl\/en\/\",\"logo\":{\"@type\":\"ImageObject\",\"inLanguage\":\"pl-PL\",\"@id\":\"https:\/\/glareone.eu\/pl\/en\/#\/schema\/logo\/image\/\",\"url\":\"http:\/\/glareone.eu\/wp-content\/uploads\/2024\/05\/glareone_logo2020_RGB-01-e1715773127189.png\",\"contentUrl\":\"http:\/\/glareone.eu\/wp-content\/uploads\/2024\/05\/glareone_logo2020_RGB-01-e1715773127189.png\",\"width\":1270,\"height\":321,\"caption\":\"GlareOne\"},\"image\":{\"@id\":\"https:\/\/glareone.eu\/pl\/en\/#\/schema\/logo\/image\/\"},\"sameAs\":[\"https:\/\/www.facebook.com\/GlareOneLighting\",\"https:\/\/www.instagram.com\/glareonelighting\/\",\"https:\/\/www.youtube.com\/@GlareOneTV\"]}]}<\/script>\n<!-- \/ Yoast SEO plugin. -->","yoast_head_json":{"title":"GlareOne LED 1000 Basic Kit - zestaw o\u015bwietlenia studyjnego","description":"GlareOne LED 1000 Basic Kit - zestaw o\u015bwietlenia studyjnego. LED Basic Kit to idealny wyb\u00f3r dla domowego zastosowania czy ma\u0142ego studia.","robots":{"index":"index","follow":"follow","max-snippet":"max-snippet:-1","max-image-preview":"max-image-preview:large","max-video-preview":"max-video-preview:-1"},"canonical":"https:\/\/glareone.eu\/pl\/produkt\/glareone-led-1000-basic-kit\/","og_locale":"pl_PL","og_type":"article","og_title":"GlareOne LED 1000 Basic Kit - zestaw o\u015bwietlenia studyjnego","og_description":"GlareOne LED 1000 Basic Kit - zestaw o\u015bwietlenia studyjnego. LED Basic Kit to idealny wyb\u00f3r dla domowego zastosowania czy ma\u0142ego studia.","og_url":"https:\/\/glareone.eu\/pl\/produkt\/glareone-led-1000-basic-kit\/","og_site_name":"GlareOne","article_publisher":"https:\/\/www.facebook.com\/GlareOneLighting","article_modified_time":"2024-08-27T07:21:38+00:00","og_image":[{"width":1200,"height":1200,"url":"https:\/\/glareone.eu\/wp-content\/uploads\/2024\/04\/SLED1000KITB_01-min.jpg","type":"image\/jpeg"}],"twitter_card":"summary_large_image","twitter_title":"GlareOne LED 1000 Basic Kit - zestaw o\u015bwietlenia studyjnego","twitter_misc":{"Szacowany czas czytania":"2 minuty"},"schema":{"@context":"https:\/\/schema.org","@graph":[{"@type":"WebPage","@id":"https:\/\/glareone.eu\/pl\/produkt\/glareone-led-1000-basic-kit\/","url":"https:\/\/glareone.eu\/pl\/produkt\/glareone-led-1000-basic-kit\/","name":"GlareOne LED 1000 Basic Kit - zestaw o\u015bwietlenia studyjnego","isPartOf":{"@id":"https:\/\/glareone.eu\/pl\/en\/#website"},"primaryImageOfPage":{"@id":"https:\/\/glareone.eu\/pl\/produkt\/glareone-led-1000-basic-kit\/#primaryimage"},"image":{"@id":"https:\/\/glareone.eu\/pl\/produkt\/glareone-led-1000-basic-kit\/#primaryimage"},"thumbnailUrl":"https:\/\/glareone.eu\/wp-content\/uploads\/2024\/04\/SLED1000KITB_01-min.jpg","datePublished":"2024-04-18T19:26:35+00:00","dateModified":"2024-08-27T07:21:38+00:00","description":"GlareOne LED 1000 Basic Kit - zestaw o\u015bwietlenia studyjnego. LED Basic Kit to idealny wyb\u00f3r dla domowego zastosowania czy ma\u0142ego studia.","breadcrumb":{"@id":"https:\/\/glareone.eu\/pl\/produkt\/glareone-led-1000-basic-kit\/#breadcrumb"},"inLanguage":"pl-PL","potentialAction":[{"@type":"ReadAction","target":["https:\/\/glareone.eu\/pl\/produkt\/glareone-led-1000-basic-kit\/"]}]},{"@type":"ImageObject","inLanguage":"pl-PL","@id":"https:\/\/glareone.eu\/pl\/produkt\/glareone-led-1000-basic-kit\/#primaryimage","url":"https:\/\/glareone.eu\/wp-content\/uploads\/2024\/04\/SLED1000KITB_01-min.jpg","contentUrl":"https:\/\/glareone.eu\/wp-content\/uploads\/2024\/04\/SLED1000KITB_01-min.jpg","width":1200,"height":1200},{"@type":"BreadcrumbList","@id":"https:\/\/glareone.eu\/pl\/produkt\/glareone-led-1000-basic-kit\/#breadcrumb","itemListElement":[{"@type":"ListItem","position":1,"name":"Strona g\u0142\u00f3wna","item":"https:\/\/glareone.eu\/pl\/"},{"@type":"ListItem","position":2,"name":"Wszystkie produkty","item":"https:\/\/glareone.eu\/pl\/produkty\/wszystkie-produkty\/"},{"@type":"ListItem","position":3,"name":"GlareOne LED 1000 Basic Kit &#8211; zestaw o\u015bwietlenia studyjnego"}]},{"@type":"WebSite","@id":"https:\/\/glareone.eu\/pl\/en\/#website","url":"https:\/\/glareone.eu\/pl\/en\/","name":"GlareOne","description":"Wyposa\u017cenie Studia","publisher":{"@id":"https:\/\/glareone.eu\/pl\/en\/#organization"},"potentialAction":[{"@type":"SearchAction","target":{"@type":"EntryPoint","urlTemplate":"https:\/\/glareone.eu\/pl\/en\/?s={search_term_string}"},"query-input":{"@type":"PropertyValueSpecification","valueRequired":true,"valueName":"search_term_string"}}],"inLanguage":"pl-PL"},{"@type":"Organization","@id":"https:\/\/glareone.eu\/pl\/en\/#organization","name":"GlareOne","url":"https:\/\/glareone.eu\/pl\/en\/","logo":{"@type":"ImageObject","inLanguage":"pl-PL","@id":"https:\/\/glareone.eu\/pl\/en\/#\/schema\/logo\/image\/","url":"http:\/\/glareone.eu\/wp-content\/uploads\/2024\/05\/glareone_logo2020_RGB-01-e1715773127189.png","contentUrl":"http:\/\/glareone.eu\/wp-content\/uploads\/2024\/05\/glareone_logo2020_RGB-01-e1715773127189.png","width":1270,"height":321,"caption":"GlareOne"},"image":{"@id":"https:\/\/glareone.eu\/pl\/en\/#\/schema\/logo\/image\/"},"sameAs":["https:\/\/www.facebook.com\/GlareOneLighting","https:\/\/www.instagram.com\/glareonelighting\/","https:\/\/www.youtube.com\/@GlareOneTV"]}]}},"_links":{"self":[{"href":"https:\/\/glareone.eu\/pl\/wp-json\/wp\/v2\/product\/1070","targetHints":{"allow":["GET"]}}],"collection":[{"href":"https:\/\/glareone.eu\/pl\/wp-json\/wp\/v2\/product"}],"about":[{"href":"https:\/\/glareone.eu\/pl\/wp-json\/wp\/v2\/types\/product"}],"wp:featuredmedia":[{"embeddable":true,"href":"https:\/\/glareone.eu\/pl\/wp-json\/wp\/v2\/media\/12544"}],"wp:attachment":[{"href":"https:\/\/glareone.eu\/pl\/wp-json\/wp\/v2\/media?parent=1070"}],"wp:term":[{"taxonomy":"product_brand","embeddable":true,"href":"https:\/\/glareone.eu\/pl\/wp-json\/wp\/v2\/product_brand?post=1070"},{"taxonomy":"product_cat","embeddable":true,"href":"https:\/\/glareone.eu\/pl\/wp-json\/wp\/v2\/product_cat?post=1070"},{"taxonomy":"product_tag","embeddable":true,"href":"https:\/\/glareone.eu\/pl\/wp-json\/wp\/v2\/product_tag?post=1070"}],"curies":[{"name":"wp","href":"https:\/\/api.w.org\/{rel}","templated":true}]}}