{"id":1068,"date":"2024-04-18T19:26:33","date_gmt":"2024-04-18T19:26:33","guid":{"rendered":"http:\/\/glareone.eu\/produkt\/glareone-vega-200-basic-kit-zestaw-oswietlenia-studyjnego\/"},"modified":"2025-10-30T09:47:44","modified_gmt":"2025-10-30T09:47:44","slug":"glareone-vega-200-basic-kit","status":"publish","type":"product","link":"https:\/\/glareone.eu\/pl\/produkt\/glareone-vega-200-basic-kit\/","title":{"rendered":"GlareOne Vega 200 Basic Kit &#8211; zestaw o\u015bwietlenia studyjnego"},"content":{"rendered":"<p dir=\"ltr\">Podstawowy zestaw do fotografii studyjnej zawieraj\u0105cy 2 lampy, 2 statywy, parasolk\u0119 transparentn\u0105 oraz softboksow\u0105, a tak\u017ce wyzwalacz radiowy.<\/p>\n<h3 dir=\"ltr\"><strong>Zawarto\u015b\u0107 zestawu<\/strong><\/h3>\n<p dir=\"ltr\">Zestaw GlareOne Vega 200 Basic Kit to kompletny zestaw, kt\u00f3ry pozwoli wej\u015b\u0107 w \u015bwiat fotografii studyjnej. W jego sk\u0142ad wchodz\u0105:<\/p>\n<ul>\n<li>2 kompaktowe lampy GlareOne Vega 200 o mocy 200 Ws ka\u017cda (w zestawie z ka\u017cd\u0105 lamp\u0105 jest czasza oraz\u00a0 kabel zasilaj\u0105cy).<\/li>\n<li>Nadajnik GlareOne Flash RC pozwalaj\u0105cy zdalnie sterowa\u0107 i wyzwala\u0107 lampy Vega.<\/li>\n<li>2 statywy GlareOne G-803 o maksymalnej wysoko\u015bci 190 cm.<\/li>\n<li>Parasolka softboksowa o \u015brednicy 90 cm.<\/li>\n<li>Parasolka transparentna (bia\u0142a) o \u015brednicy 90 cm.<\/li>\n<\/ul>\n<h3 dir=\"ltr\"><strong>Zastosowanie<\/strong><\/h3>\n<p dir=\"ltr\">Zestaw GlareOne Vega 200 Basic Kit pozwoli Ci \u0142atwo wej\u015b\u0107 w \u015bwiat fotografii studyjnej. Jest doskona\u0142y do u\u017cytku w domowym studiu i oferuje mo\u017cliwo\u015b\u0107 rozbudowy o r\u00f3\u017cne akcesoria kszta\u0142tuj\u0105ce o\u015bwietlenie, takie jak czasze czy wrota. Zestaw ten umo\u017cliwia tworzenie portret\u00f3w o\u015bwietlonych mi\u0119kkim \u015bwiat\u0142em, fotografowanie martwej natury oraz wykonywanie zdj\u0119\u0107 produktowych.<\/p>\n<p dir=\"ltr\">W zestawie znajduje si\u0119 studyjna lampa b\u0142yskowa GlareOne Vega 200, kt\u00f3ra posiada a\u017c 6 stopni przys\u0142ony. Oznacza to, \u017ce podczas wykonywania uj\u0119\u0107 portretowych z p\u0142ytk\u0105 g\u0142\u0119bi\u0105 ostro\u015bci, mo\u017cliwe jest ustawienie ma\u0142ej mocy b\u0142ysku, a gdy zachodzi taka potrzeba, lampa b\u0119dzie w stanie wygenerowa\u0107 tak du\u017co \u015bwiat\u0142a, aby mo\u017cliwe by\u0142o korzystanie z mocno zamkni\u0119tych przys\u0142on dla uzyskania du\u017cej g\u0142\u0119bi ostro\u015bci.<\/p>\n<p dir=\"ltr\">Je\u015bli dopiero zaczynasz swoj\u0105 przygod\u0119 ze \u015bwiat\u0142em studyjnym i nie jeste\u015b pewien, jakie rodzaje fotografii Ci\u0119 najbardziej zainteresuj\u0105, to zestaw Vega Basic Kit jest idealnym wyborem dla pocz\u0105tkuj\u0105cych.<\/p>\n<h3 dir=\"ltr\"><strong>Cechy GlareOne Vega 200<\/strong><\/h3>\n<ul>\n<li>\u0141atwa w u\u017cyciu i wszechstronna lampa b\u0142yskowa o mocy 200 Ws.<\/li>\n<li>Lekka, niezwykle kompaktowa i \u0142atwa w transporcie.<\/li>\n<li>Stabilna temperatura barwowa (5500\u00b1200 K) w ca\u0142ym zakresie regulacji energii b\u0142ysku.<\/li>\n<li>Mo\u017cliwo\u015b\u0107 zmiany mocy w zakresie 6 stopni przys\u0142ony (1\/1~1\/32).<\/li>\n<li>Bardzo kr\u00f3tki czas \u0142adowania &#8211; jedynie 0,9 s na pe\u0142nej mocy.<\/li>\n<li>Posiada \u015bwiat\u0142o pilotuj\u0105ce LED o mocy 15 W (ekwiwalent ok. 150 W lampy halogenowej).<\/li>\n<li>Wyposa\u017cona w mocowanie modyfikator\u00f3w \u015bwiat\u0142a typu Bowens.<\/li>\n<li>Wbudowany odbiornik radiowy kompatybilny z wyzwalaczem GlareOne Flash RC (dost\u0119pny oddzielnie).<\/li>\n<li>Mo\u017ce by\u0107 przypisana do jednej z 16 grup lamp w 32 kana\u0142ach komunikacji.<\/li>\n<li>Wyposa\u017cona w fotocel\u0119 oraz standardowe gniazdo synchronizacyjne 3.5 mm.<\/li>\n<li>Wydajny system aktywnego ch\u0142odzenia oraz bezpiecznik temperaturowy.<\/li>\n<li>Zintegrowany w mocowanie statywowe uchwyt do parasolek.<\/li>\n<li>Ergonomicznie zaprojektowany uchwyt umo\u017cliwiaj\u0105cy regulacj\u0119 k\u0105ta nachylenia.<\/li>\n<li>Dostarczana w zestawie z przewodem zasilaj\u0105cym, pokryw\u0105 ochronn\u0105 i instrukcj\u0105 obs\u0142ugi.<\/li>\n<\/ul>\n","protected":false},"excerpt":{"rendered":"<p><span style=\"color: #ff0000;\">Produkt archiwalny.<\/span><\/p>\n","protected":false},"featured_media":6198,"template":"","meta":[],"product_brand":[],"product_cat":[354],"product_tag":[],"class_list":{"0":"post-1068","1":"product","2":"type-product","3":"status-publish","4":"has-post-thumbnail","6":"product_cat-vega","8":"first","9":"instock","10":"product-type-simple"},"yoast_head":"<!-- This site is optimized with the Yoast SEO plugin v27.2 - https:\/\/yoast.com\/product\/yoast-seo-wordpress\/ -->\n<title>GlareOne Vega 200 Basic Kit - zestaw o\u015bwietlenia studyjnego<\/title>\n<meta name=\"description\" content=\"GlareOne Vega 200 Basic Kit - zestaw o\u015bwietlenia studyjnego\" \/>\n<meta name=\"robots\" content=\"index, follow, max-snippet:-1, max-image-preview:large, max-video-preview:-1\" \/>\n<link rel=\"canonical\" href=\"https:\/\/glareone.eu\/pl\/produkt\/glareone-vega-200-basic-kit\/\" \/>\n<meta property=\"og:locale\" content=\"pl_PL\" \/>\n<meta property=\"og:type\" content=\"article\" \/>\n<meta property=\"og:title\" content=\"GlareOne Vega 200 Basic Kit - zestaw o\u015bwietlenia studyjnego\" \/>\n<meta property=\"og:description\" content=\"GlareOne Vega 200 Basic Kit - zestaw o\u015bwietlenia studyjnego\" \/>\n<meta property=\"og:url\" content=\"https:\/\/glareone.eu\/pl\/produkt\/glareone-vega-200-basic-kit\/\" \/>\n<meta property=\"og:site_name\" content=\"GlareOne\" \/>\n<meta property=\"article:publisher\" content=\"https:\/\/www.facebook.com\/GlareOneLighting\" \/>\n<meta property=\"article:modified_time\" content=\"2025-10-30T09:47:44+00:00\" \/>\n<meta property=\"og:image\" content=\"https:\/\/glareone.eu\/wp-content\/uploads\/2024\/04\/SVEGA200KITB-GlareOne-Vega-200-Basic-Kit-studio-lighting-kit.jpg\" \/>\n\t<meta property=\"og:image:width\" content=\"1500\" \/>\n\t<meta property=\"og:image:height\" content=\"1500\" \/>\n\t<meta property=\"og:image:type\" content=\"image\/jpeg\" \/>\n<meta name=\"twitter:card\" content=\"summary_large_image\" \/>\n<meta name=\"twitter:title\" content=\"GlareOne Vega 200 Basic Kit - zestaw o\u015bwietlenia studyjnego\" \/>\n<meta name=\"twitter:label1\" content=\"Szacowany czas czytania\" \/>\n\t<meta name=\"twitter:data1\" content=\"2 minuty\" \/>\n<script type=\"application\/ld+json\" class=\"yoast-schema-graph\">{\"@context\":\"https:\/\/schema.org\",\"@graph\":[{\"@type\":\"WebPage\",\"@id\":\"https:\/\/glareone.eu\/pl\/produkt\/glareone-vega-200-basic-kit\/\",\"url\":\"https:\/\/glareone.eu\/pl\/produkt\/glareone-vega-200-basic-kit\/\",\"name\":\"GlareOne Vega 200 Basic Kit - zestaw o\u015bwietlenia studyjnego\",\"isPartOf\":{\"@id\":\"https:\/\/glareone.eu\/pl\/en\/#website\"},\"primaryImageOfPage\":{\"@id\":\"https:\/\/glareone.eu\/pl\/produkt\/glareone-vega-200-basic-kit\/#primaryimage\"},\"image\":{\"@id\":\"https:\/\/glareone.eu\/pl\/produkt\/glareone-vega-200-basic-kit\/#primaryimage\"},\"thumbnailUrl\":\"https:\/\/glareone.eu\/wp-content\/uploads\/2024\/04\/SVEGA200KITB-GlareOne-Vega-200-Basic-Kit-studio-lighting-kit.jpg\",\"datePublished\":\"2024-04-18T19:26:33+00:00\",\"dateModified\":\"2025-10-30T09:47:44+00:00\",\"description\":\"GlareOne Vega 200 Basic Kit - zestaw o\u015bwietlenia studyjnego\",\"breadcrumb\":{\"@id\":\"https:\/\/glareone.eu\/pl\/produkt\/glareone-vega-200-basic-kit\/#breadcrumb\"},\"inLanguage\":\"pl-PL\",\"potentialAction\":[{\"@type\":\"ReadAction\",\"target\":[\"https:\/\/glareone.eu\/pl\/produkt\/glareone-vega-200-basic-kit\/\"]}]},{\"@type\":\"ImageObject\",\"inLanguage\":\"pl-PL\",\"@id\":\"https:\/\/glareone.eu\/pl\/produkt\/glareone-vega-200-basic-kit\/#primaryimage\",\"url\":\"https:\/\/glareone.eu\/wp-content\/uploads\/2024\/04\/SVEGA200KITB-GlareOne-Vega-200-Basic-Kit-studio-lighting-kit.jpg\",\"contentUrl\":\"https:\/\/glareone.eu\/wp-content\/uploads\/2024\/04\/SVEGA200KITB-GlareOne-Vega-200-Basic-Kit-studio-lighting-kit.jpg\",\"width\":1500,\"height\":1500},{\"@type\":\"BreadcrumbList\",\"@id\":\"https:\/\/glareone.eu\/pl\/produkt\/glareone-vega-200-basic-kit\/#breadcrumb\",\"itemListElement\":[{\"@type\":\"ListItem\",\"position\":1,\"name\":\"Strona g\u0142\u00f3wna\",\"item\":\"https:\/\/glareone.eu\/pl\/\"},{\"@type\":\"ListItem\",\"position\":2,\"name\":\"Wszystkie produkty\",\"item\":\"https:\/\/glareone.eu\/pl\/produkty\/wszystkie-produkty\/\"},{\"@type\":\"ListItem\",\"position\":3,\"name\":\"GlareOne Vega 200 Basic Kit &#8211; zestaw o\u015bwietlenia studyjnego\"}]},{\"@type\":\"WebSite\",\"@id\":\"https:\/\/glareone.eu\/pl\/en\/#website\",\"url\":\"https:\/\/glareone.eu\/pl\/en\/\",\"name\":\"GlareOne\",\"description\":\"Wyposa\u017cenie Studia\",\"publisher\":{\"@id\":\"https:\/\/glareone.eu\/pl\/en\/#organization\"},\"potentialAction\":[{\"@type\":\"SearchAction\",\"target\":{\"@type\":\"EntryPoint\",\"urlTemplate\":\"https:\/\/glareone.eu\/pl\/en\/?s={search_term_string}\"},\"query-input\":{\"@type\":\"PropertyValueSpecification\",\"valueRequired\":true,\"valueName\":\"search_term_string\"}}],\"inLanguage\":\"pl-PL\"},{\"@type\":\"Organization\",\"@id\":\"https:\/\/glareone.eu\/pl\/en\/#organization\",\"name\":\"GlareOne\",\"url\":\"https:\/\/glareone.eu\/pl\/en\/\",\"logo\":{\"@type\":\"ImageObject\",\"inLanguage\":\"pl-PL\",\"@id\":\"https:\/\/glareone.eu\/pl\/en\/#\/schema\/logo\/image\/\",\"url\":\"http:\/\/glareone.eu\/wp-content\/uploads\/2024\/05\/glareone_logo2020_RGB-01-e1715773127189.png\",\"contentUrl\":\"http:\/\/glareone.eu\/wp-content\/uploads\/2024\/05\/glareone_logo2020_RGB-01-e1715773127189.png\",\"width\":1270,\"height\":321,\"caption\":\"GlareOne\"},\"image\":{\"@id\":\"https:\/\/glareone.eu\/pl\/en\/#\/schema\/logo\/image\/\"},\"sameAs\":[\"https:\/\/www.facebook.com\/GlareOneLighting\",\"https:\/\/www.instagram.com\/glareonelighting\/\",\"https:\/\/www.youtube.com\/@GlareOneTV\"]}]}<\/script>\n<!-- \/ Yoast SEO plugin. -->","yoast_head_json":{"title":"GlareOne Vega 200 Basic Kit - zestaw o\u015bwietlenia studyjnego","description":"GlareOne Vega 200 Basic Kit - zestaw o\u015bwietlenia studyjnego","robots":{"index":"index","follow":"follow","max-snippet":"max-snippet:-1","max-image-preview":"max-image-preview:large","max-video-preview":"max-video-preview:-1"},"canonical":"https:\/\/glareone.eu\/pl\/produkt\/glareone-vega-200-basic-kit\/","og_locale":"pl_PL","og_type":"article","og_title":"GlareOne Vega 200 Basic Kit - zestaw o\u015bwietlenia studyjnego","og_description":"GlareOne Vega 200 Basic Kit - zestaw o\u015bwietlenia studyjnego","og_url":"https:\/\/glareone.eu\/pl\/produkt\/glareone-vega-200-basic-kit\/","og_site_name":"GlareOne","article_publisher":"https:\/\/www.facebook.com\/GlareOneLighting","article_modified_time":"2025-10-30T09:47:44+00:00","og_image":[{"width":1500,"height":1500,"url":"https:\/\/glareone.eu\/wp-content\/uploads\/2024\/04\/SVEGA200KITB-GlareOne-Vega-200-Basic-Kit-studio-lighting-kit.jpg","type":"image\/jpeg"}],"twitter_card":"summary_large_image","twitter_title":"GlareOne Vega 200 Basic Kit - zestaw o\u015bwietlenia studyjnego","twitter_misc":{"Szacowany czas czytania":"2 minuty"},"schema":{"@context":"https:\/\/schema.org","@graph":[{"@type":"WebPage","@id":"https:\/\/glareone.eu\/pl\/produkt\/glareone-vega-200-basic-kit\/","url":"https:\/\/glareone.eu\/pl\/produkt\/glareone-vega-200-basic-kit\/","name":"GlareOne Vega 200 Basic Kit - zestaw o\u015bwietlenia studyjnego","isPartOf":{"@id":"https:\/\/glareone.eu\/pl\/en\/#website"},"primaryImageOfPage":{"@id":"https:\/\/glareone.eu\/pl\/produkt\/glareone-vega-200-basic-kit\/#primaryimage"},"image":{"@id":"https:\/\/glareone.eu\/pl\/produkt\/glareone-vega-200-basic-kit\/#primaryimage"},"thumbnailUrl":"https:\/\/glareone.eu\/wp-content\/uploads\/2024\/04\/SVEGA200KITB-GlareOne-Vega-200-Basic-Kit-studio-lighting-kit.jpg","datePublished":"2024-04-18T19:26:33+00:00","dateModified":"2025-10-30T09:47:44+00:00","description":"GlareOne Vega 200 Basic Kit - zestaw o\u015bwietlenia studyjnego","breadcrumb":{"@id":"https:\/\/glareone.eu\/pl\/produkt\/glareone-vega-200-basic-kit\/#breadcrumb"},"inLanguage":"pl-PL","potentialAction":[{"@type":"ReadAction","target":["https:\/\/glareone.eu\/pl\/produkt\/glareone-vega-200-basic-kit\/"]}]},{"@type":"ImageObject","inLanguage":"pl-PL","@id":"https:\/\/glareone.eu\/pl\/produkt\/glareone-vega-200-basic-kit\/#primaryimage","url":"https:\/\/glareone.eu\/wp-content\/uploads\/2024\/04\/SVEGA200KITB-GlareOne-Vega-200-Basic-Kit-studio-lighting-kit.jpg","contentUrl":"https:\/\/glareone.eu\/wp-content\/uploads\/2024\/04\/SVEGA200KITB-GlareOne-Vega-200-Basic-Kit-studio-lighting-kit.jpg","width":1500,"height":1500},{"@type":"BreadcrumbList","@id":"https:\/\/glareone.eu\/pl\/produkt\/glareone-vega-200-basic-kit\/#breadcrumb","itemListElement":[{"@type":"ListItem","position":1,"name":"Strona g\u0142\u00f3wna","item":"https:\/\/glareone.eu\/pl\/"},{"@type":"ListItem","position":2,"name":"Wszystkie produkty","item":"https:\/\/glareone.eu\/pl\/produkty\/wszystkie-produkty\/"},{"@type":"ListItem","position":3,"name":"GlareOne Vega 200 Basic Kit &#8211; zestaw o\u015bwietlenia studyjnego"}]},{"@type":"WebSite","@id":"https:\/\/glareone.eu\/pl\/en\/#website","url":"https:\/\/glareone.eu\/pl\/en\/","name":"GlareOne","description":"Wyposa\u017cenie Studia","publisher":{"@id":"https:\/\/glareone.eu\/pl\/en\/#organization"},"potentialAction":[{"@type":"SearchAction","target":{"@type":"EntryPoint","urlTemplate":"https:\/\/glareone.eu\/pl\/en\/?s={search_term_string}"},"query-input":{"@type":"PropertyValueSpecification","valueRequired":true,"valueName":"search_term_string"}}],"inLanguage":"pl-PL"},{"@type":"Organization","@id":"https:\/\/glareone.eu\/pl\/en\/#organization","name":"GlareOne","url":"https:\/\/glareone.eu\/pl\/en\/","logo":{"@type":"ImageObject","inLanguage":"pl-PL","@id":"https:\/\/glareone.eu\/pl\/en\/#\/schema\/logo\/image\/","url":"http:\/\/glareone.eu\/wp-content\/uploads\/2024\/05\/glareone_logo2020_RGB-01-e1715773127189.png","contentUrl":"http:\/\/glareone.eu\/wp-content\/uploads\/2024\/05\/glareone_logo2020_RGB-01-e1715773127189.png","width":1270,"height":321,"caption":"GlareOne"},"image":{"@id":"https:\/\/glareone.eu\/pl\/en\/#\/schema\/logo\/image\/"},"sameAs":["https:\/\/www.facebook.com\/GlareOneLighting","https:\/\/www.instagram.com\/glareonelighting\/","https:\/\/www.youtube.com\/@GlareOneTV"]}]}},"_links":{"self":[{"href":"https:\/\/glareone.eu\/pl\/wp-json\/wp\/v2\/product\/1068","targetHints":{"allow":["GET"]}}],"collection":[{"href":"https:\/\/glareone.eu\/pl\/wp-json\/wp\/v2\/product"}],"about":[{"href":"https:\/\/glareone.eu\/pl\/wp-json\/wp\/v2\/types\/product"}],"wp:featuredmedia":[{"embeddable":true,"href":"https:\/\/glareone.eu\/pl\/wp-json\/wp\/v2\/media\/6198"}],"wp:attachment":[{"href":"https:\/\/glareone.eu\/pl\/wp-json\/wp\/v2\/media?parent=1068"}],"wp:term":[{"taxonomy":"product_brand","embeddable":true,"href":"https:\/\/glareone.eu\/pl\/wp-json\/wp\/v2\/product_brand?post=1068"},{"taxonomy":"product_cat","embeddable":true,"href":"https:\/\/glareone.eu\/pl\/wp-json\/wp\/v2\/product_cat?post=1068"},{"taxonomy":"product_tag","embeddable":true,"href":"https:\/\/glareone.eu\/pl\/wp-json\/wp\/v2\/product_tag?post=1068"}],"curies":[{"name":"wp","href":"https:\/\/api.w.org\/{rel}","templated":true}]}}