{"id":1067,"date":"2024-04-18T19:26:33","date_gmt":"2024-04-18T19:26:33","guid":{"rendered":"http:\/\/glareone.eu\/produkt\/glareone-halo-led-panel-110-bicolor-d\/"},"modified":"2024-04-24T11:08:56","modified_gmt":"2024-04-24T11:08:56","slug":"glareone-halo-led-panel-110-bicolor-d","status":"publish","type":"product","link":"https:\/\/glareone.eu\/pl\/produkt\/glareone-halo-led-panel-110-bicolor-d\/","title":{"rendered":"GlareOne Halo LED Panel 110 BiColor D"},"content":{"rendered":"<p><span style=\"font-weight: 400;\">Okr\u0105g\u0142y panel LED, kt\u00f3ry emituje sta\u0142e \u015bwiat\u0142o o mocy 110 W. Wyr\u00f3\u017cnia si\u0119 mo\u017cliwo\u015bci\u0105 dostosowania temperatury barwowej w zakresie od 2500 do 8500K, co pozwala na imitacj\u0119 \u015bwiat\u0142a zimnego i ciep\u0142ego. Panel zapewnia doskona\u0142e odwzorowanie barw (TLCI &gt;98), dzi\u0119ki czemu \u015bwietnie sprawdzi si\u0119 podczas sesji zdj\u0119ciowych i nagraniowych, kiedy wierne oddanie barw jest niezwykle wa\u017cne &#8211; na przyk\u0142ad podczas sesji portretowych czy produktowych.\u00a0<\/span><\/p>\n<p><span style=\"font-weight: 400;\">Halo LED Panel 110 BiColor D zapewni o\u015bwietlenie w studio i w plenerze. Mo\u017cna go zasila\u0107 zar\u00f3wno z sieci elektrycznej, jak i akumulator\u00f3w typu V-mount, wi\u0119c \u015bwietnie si\u0119 sprawdzi w miejscu, w kt\u00f3rym dost\u0119p do pr\u0105du jest utrudniony. Du\u017c\u0105 zalet\u0105 panelu jest brak efektu migotania (flickeringu), dzi\u0119ki czemu lampa nada si\u0119 do nagra\u0144 w studio, vloga czy wywiad\u00f3w. Panel pozwala nagrywa\u0107 nawet w 400 klatkach na sekund\u0119. Lampa posiada wbudowane mocowanie do statywu studyjnego o \u015brednicy 5\/8 cala. Do zestawu do\u0142\u0105czony jest pilot, kt\u00f3ry zapewnia wygodne sterowanie. Dodatkowo istnieje mo\u017cliwo\u015b\u0107 sterowania poprzez system DMX. Halo LED Panel wyst\u0119puje r\u00f3wnie\u017c w wersji o mocy 35 W i 70 W.<\/span><\/p>\n<h3><strong>Przede wszystkim mi\u0119kkie \u015bwiat\u0142o<\/strong><\/h3>\n<p><span style=\"font-weight: 400;\">Konstrukcja panelu Halo LED pozwala uzyska\u0107 mi\u0119kkie i przyjemne dla oka o\u015bwietlenie. Wbudowany dyfuzor skutecznie rozprasza \u015bwiat\u0142o, a jego du\u017ca powierzchnia powoduje, \u017ce jest ono bardziej mi\u0119kkie ni\u017c w zwyk\u0142ych, prostok\u0105tnych panelach. Ponadto okr\u0105g\u0142y kszta\u0142t Halo LED sprawia, \u017ce panel odbijaj\u0105cy si\u0119 w oku fotografowanej lub filmowanej osoby wygl\u0105da naturalnie.<\/span><\/p>\n<h3><strong>Kolor przede wszystkim<\/strong><\/h3>\n<p><span style=\"font-weight: 400;\">Wska\u017anik TLCI (Television Lighting Consistency Index) dla tego modelu przekracza warto\u015b\u0107 &gt;98, a wska\u017anik CRI (Color Rendering Index) wynosi ponad 95, niezale\u017cnie od ustawionej temperatury barwowej. To sprawia, \u017ce lampa doskonale nadaje si\u0119 do o\u015bwietlania plan\u00f3w zdj\u0119ciowych podczas filmowania oraz fotografowania, zapewniaj\u0105c wiern\u0105 reprodukcj\u0119 kolor\u00f3w.<\/span><\/p>\n<h3><strong>Elastyczno\u015b\u0107<\/strong><\/h3>\n<p><span style=\"font-weight: 400;\">Lampa GlareOne Halo LED Panel 110 BiColor D jest wyposa\u017cona w uk\u0142ad LED, kt\u00f3ry umo\u017cliwia regulacj\u0119 temperatury barwowej w zakresie od 2500 K do 8500 K. To zapewnia elastyczno\u015b\u0107 podczas pracy z r\u00f3\u017cnymi \u017ar\u00f3d\u0142ami \u015bwiat\u0142a, niezale\u017cnie od tego, czy jest to \u015bwiat\u0142o naturalne, czy sztuczne.<\/span><\/p>\n<h3><strong>Stabilno\u015b\u0107<\/strong><\/h3>\n<p><span style=\"font-weight: 400;\">Panel o\u015bwietleniowy Halo LED Panel 110 BiColor D jest idealny do o\u015bwietlania plan\u00f3w zdj\u0119ciowych, nawet podczas filmowania z maksymaln\u0105 pr\u0119dko\u015bci\u0105 400 klatek na sekund\u0119, bez ryzyka wyst\u0105pienia efektu migotania (flickeringu).<\/span><\/p>\n<h3><strong>Cicha praca<\/strong><\/h3>\n<p><span style=\"font-weight: 400;\">Lampa korzysta z bezg\u0142o\u015bnego systemu ch\u0142odzenia pasywnego, co oznacza, \u017ce podczas rejestracji d\u017awi\u0119ku na planie panuje zupe\u0142na cisza.<\/span><\/p>\n<h3><strong>Zdalne sterowanie<\/strong><\/h3>\n<p><span style=\"font-weight: 400;\">W urz\u0105dzeniu wbudowany jest odbiornik radiowy kompatybilny z pilotem do\u0142\u0105czonym do zestawu. Mo\u017cna nim zmienia\u0107 temperatur\u0119 barwow\u0105, jasno\u015b\u0107 oraz ustawi\u0107 kana\u0142 i grup\u0119.<\/span><\/p>\n<h3><strong>Zasilanie bezprzewodowe<\/strong><\/h3>\n<p><span style=\"font-weight: 400;\">Lamp\u0119 GlareOne Halo LED Panel 110 BiColor D mo\u017cna zasila\u0107 na dwa sposoby &#8211; poprzez gniazdko sieciowe przy u\u017cyciu do\u0142\u0105czonego adaptera zasilaj\u0105cego lub za pomoc\u0105 akumulator\u00f3w typu V-mount. U\u017cywaj\u0105c akumulatora typu V-mount 98.6Wh, lampa b\u0119dzie \u015bwieci\u0107 na 100% mocy przez oko\u0142o 50 minut.<\/span><\/p>\n<h3><strong>Trwa\u0142o\u015b\u0107<\/strong><\/h3>\n<p><span style=\"font-weight: 400;\">Kluczowe elementy, takie jak uchwyt statywowy, szkielet i obudowa, zosta\u0142y wykonane z aluminium lub stali, co gwarantuje trwa\u0142o\u015b\u0107 i komfort pracy. Pozosta\u0142e cz\u0119\u015bci, takie jak panel sterowania i pokr\u0119t\u0142a steruj\u0105ce, s\u0105 wykonane z wytrzyma\u0142ego tworzywa sztucznego wysokiej jako\u015bci.<\/span><\/p>\n<h3><strong>Cechy GlareOne Halo LED Panel 110 BiColor D:<\/strong><\/h3>\n<ul>\n<li style=\"font-weight: 400;\" aria-level=\"1\"><span style=\"font-weight: 400;\">kompaktowa i solidna obudowa,<\/span><\/li>\n<li style=\"font-weight: 400;\" aria-level=\"1\"><span style=\"font-weight: 400;\">zmienna temperatura barwowa w zakresie 2500~8500K,<\/span><\/li>\n<li style=\"font-weight: 400;\" aria-level=\"1\"><span style=\"font-weight: 400;\">moc 110 W,<\/span><\/li>\n<li style=\"font-weight: 400;\" aria-level=\"1\"><span style=\"font-weight: 400;\">jasno\u015b\u0107 2500 lux,<\/span><\/li>\n<li style=\"font-weight: 400;\" aria-level=\"1\"><span style=\"font-weight: 400;\">bardzo dobre odwzorowanie barw (CRI &gt;95, TLCI &gt;98),<\/span><\/li>\n<li style=\"font-weight: 400;\" aria-level=\"1\"><span style=\"font-weight: 400;\">mo\u017cliwo\u015b\u0107 zasilania z akumulator\u00f3w typu V-mount,<\/span><\/li>\n<li style=\"font-weight: 400;\" aria-level=\"1\"><span style=\"font-weight: 400;\">regulacja jasno\u015bci od 1 do 100% mocy,<\/span><\/li>\n<li style=\"font-weight: 400;\" aria-level=\"1\"><span style=\"font-weight: 400;\">brak migotania nawet do poziomu 400 kl\/s,<\/span><\/li>\n<li style=\"font-weight: 400;\" aria-level=\"1\"><span style=\"font-weight: 400;\">zdalne sterowanie za pomoc\u0105 pilota do\u0142\u0105czonego do lampy,<\/span><\/li>\n<li style=\"font-weight: 400;\" aria-level=\"1\"><span style=\"font-weight: 400;\">dostarczana w zestawie z zasilaczem, pokrowcem i pilotem,<\/span><\/li>\n<li style=\"font-weight: 400;\" aria-level=\"1\"><span style=\"font-weight: 400;\">sterowanie DMX.<\/span><\/li>\n<\/ul>\n","protected":false},"excerpt":{"rendered":"<p>Okr\u0105g\u0142y panel LED, kt\u00f3ry emituje sta\u0142e \u015bwiat\u0142o o mocy 110 W. Wyr\u00f3\u017cnia si\u0119 mo\u017cliwo\u015bci\u0105 dostosowania temperatury barwowej w zakresie od 2500 do 8500K, co pozwala na imitacj\u0119 \u015bwiat\u0142a zimnego i ciep\u0142ego. Panel zapewnia doskona\u0142e odwzorowanie barw (TLCI &gt;98), dzi\u0119ki czemu \u015bwietnie sprawdzi si\u0119 podczas sesji zdj\u0119ciowych i nagraniowych, kiedy wierne oddanie barw jest niezwykle wa\u017cne [&hellip;]<\/p>\n","protected":false},"featured_media":1846,"template":"","meta":[],"product_brand":[],"product_cat":[331],"product_tag":[],"class_list":{"0":"post-1067","1":"product","2":"type-product","3":"status-publish","4":"has-post-thumbnail","6":"product_cat-halo-led","8":"first","9":"instock","10":"product-type-simple"},"yoast_head":"<!-- This site is optimized with the Yoast SEO plugin v27.2 - https:\/\/yoast.com\/product\/yoast-seo-wordpress\/ -->\n<title>GlareOne Halo LED Panel 110 BiColor D<\/title>\n<meta name=\"description\" content=\"GlareOne Halo LED Panel 110 BiColor D\" \/>\n<meta name=\"robots\" content=\"index, follow, max-snippet:-1, max-image-preview:large, max-video-preview:-1\" \/>\n<link rel=\"canonical\" href=\"https:\/\/glareone.eu\/pl\/produkt\/glareone-halo-led-panel-110-bicolor-d\/\" \/>\n<meta property=\"og:locale\" content=\"pl_PL\" \/>\n<meta property=\"og:type\" content=\"article\" \/>\n<meta property=\"og:title\" content=\"GlareOne Halo LED Panel 110 BiColor D\" \/>\n<meta property=\"og:description\" content=\"GlareOne Halo LED Panel 110 BiColor D\" \/>\n<meta property=\"og:url\" content=\"https:\/\/glareone.eu\/pl\/produkt\/glareone-halo-led-panel-110-bicolor-d\/\" \/>\n<meta property=\"og:site_name\" content=\"GlareOne\" \/>\n<meta property=\"article:publisher\" content=\"https:\/\/www.facebook.com\/GlareOneLighting\" \/>\n<meta property=\"article:modified_time\" content=\"2024-04-24T11:08:56+00:00\" \/>\n<meta property=\"og:image\" content=\"https:\/\/glareone.eu\/wp-content\/uploads\/2024\/04\/SLEDPHALO110BCD_01.jpg\" \/>\n\t<meta property=\"og:image:width\" content=\"1200\" \/>\n\t<meta property=\"og:image:height\" content=\"1200\" \/>\n\t<meta property=\"og:image:type\" content=\"image\/jpeg\" \/>\n<meta name=\"twitter:card\" content=\"summary_large_image\" \/>\n<meta name=\"twitter:title\" content=\"GlareOne Halo LED Panel 110 BiColor D\" \/>\n<meta name=\"twitter:label1\" content=\"Szacowany czas czytania\" \/>\n\t<meta name=\"twitter:data1\" content=\"4 minuty\" \/>\n<script type=\"application\/ld+json\" class=\"yoast-schema-graph\">{\"@context\":\"https:\/\/schema.org\",\"@graph\":[{\"@type\":\"WebPage\",\"@id\":\"https:\/\/glareone.eu\/pl\/produkt\/glareone-halo-led-panel-110-bicolor-d\/\",\"url\":\"https:\/\/glareone.eu\/pl\/produkt\/glareone-halo-led-panel-110-bicolor-d\/\",\"name\":\"GlareOne Halo LED Panel 110 BiColor D\",\"isPartOf\":{\"@id\":\"https:\/\/glareone.eu\/pl\/en\/#website\"},\"primaryImageOfPage\":{\"@id\":\"https:\/\/glareone.eu\/pl\/produkt\/glareone-halo-led-panel-110-bicolor-d\/#primaryimage\"},\"image\":{\"@id\":\"https:\/\/glareone.eu\/pl\/produkt\/glareone-halo-led-panel-110-bicolor-d\/#primaryimage\"},\"thumbnailUrl\":\"https:\/\/glareone.eu\/wp-content\/uploads\/2024\/04\/SLEDPHALO110BCD_01.jpg\",\"datePublished\":\"2024-04-18T19:26:33+00:00\",\"dateModified\":\"2024-04-24T11:08:56+00:00\",\"description\":\"GlareOne Halo LED Panel 110 BiColor D\",\"breadcrumb\":{\"@id\":\"https:\/\/glareone.eu\/pl\/produkt\/glareone-halo-led-panel-110-bicolor-d\/#breadcrumb\"},\"inLanguage\":\"pl-PL\",\"potentialAction\":[{\"@type\":\"ReadAction\",\"target\":[\"https:\/\/glareone.eu\/pl\/produkt\/glareone-halo-led-panel-110-bicolor-d\/\"]}]},{\"@type\":\"ImageObject\",\"inLanguage\":\"pl-PL\",\"@id\":\"https:\/\/glareone.eu\/pl\/produkt\/glareone-halo-led-panel-110-bicolor-d\/#primaryimage\",\"url\":\"https:\/\/glareone.eu\/wp-content\/uploads\/2024\/04\/SLEDPHALO110BCD_01.jpg\",\"contentUrl\":\"https:\/\/glareone.eu\/wp-content\/uploads\/2024\/04\/SLEDPHALO110BCD_01.jpg\",\"width\":1200,\"height\":1200},{\"@type\":\"BreadcrumbList\",\"@id\":\"https:\/\/glareone.eu\/pl\/produkt\/glareone-halo-led-panel-110-bicolor-d\/#breadcrumb\",\"itemListElement\":[{\"@type\":\"ListItem\",\"position\":1,\"name\":\"Strona g\u0142\u00f3wna\",\"item\":\"https:\/\/glareone.eu\/pl\/\"},{\"@type\":\"ListItem\",\"position\":2,\"name\":\"Wszystkie produkty\",\"item\":\"https:\/\/glareone.eu\/pl\/produkty\/wszystkie-produkty\/\"},{\"@type\":\"ListItem\",\"position\":3,\"name\":\"GlareOne Halo LED Panel 110 BiColor D\"}]},{\"@type\":\"WebSite\",\"@id\":\"https:\/\/glareone.eu\/pl\/en\/#website\",\"url\":\"https:\/\/glareone.eu\/pl\/en\/\",\"name\":\"GlareOne\",\"description\":\"Wyposa\u017cenie Studia\",\"publisher\":{\"@id\":\"https:\/\/glareone.eu\/pl\/en\/#organization\"},\"potentialAction\":[{\"@type\":\"SearchAction\",\"target\":{\"@type\":\"EntryPoint\",\"urlTemplate\":\"https:\/\/glareone.eu\/pl\/en\/?s={search_term_string}\"},\"query-input\":{\"@type\":\"PropertyValueSpecification\",\"valueRequired\":true,\"valueName\":\"search_term_string\"}}],\"inLanguage\":\"pl-PL\"},{\"@type\":\"Organization\",\"@id\":\"https:\/\/glareone.eu\/pl\/en\/#organization\",\"name\":\"GlareOne\",\"url\":\"https:\/\/glareone.eu\/pl\/en\/\",\"logo\":{\"@type\":\"ImageObject\",\"inLanguage\":\"pl-PL\",\"@id\":\"https:\/\/glareone.eu\/pl\/en\/#\/schema\/logo\/image\/\",\"url\":\"http:\/\/glareone.eu\/wp-content\/uploads\/2024\/05\/glareone_logo2020_RGB-01-e1715773127189.png\",\"contentUrl\":\"http:\/\/glareone.eu\/wp-content\/uploads\/2024\/05\/glareone_logo2020_RGB-01-e1715773127189.png\",\"width\":1270,\"height\":321,\"caption\":\"GlareOne\"},\"image\":{\"@id\":\"https:\/\/glareone.eu\/pl\/en\/#\/schema\/logo\/image\/\"},\"sameAs\":[\"https:\/\/www.facebook.com\/GlareOneLighting\",\"https:\/\/www.instagram.com\/glareonelighting\/\",\"https:\/\/www.youtube.com\/@GlareOneTV\"]}]}<\/script>\n<!-- \/ Yoast SEO plugin. -->","yoast_head_json":{"title":"GlareOne Halo LED Panel 110 BiColor D","description":"GlareOne Halo LED Panel 110 BiColor D","robots":{"index":"index","follow":"follow","max-snippet":"max-snippet:-1","max-image-preview":"max-image-preview:large","max-video-preview":"max-video-preview:-1"},"canonical":"https:\/\/glareone.eu\/pl\/produkt\/glareone-halo-led-panel-110-bicolor-d\/","og_locale":"pl_PL","og_type":"article","og_title":"GlareOne Halo LED Panel 110 BiColor D","og_description":"GlareOne Halo LED Panel 110 BiColor D","og_url":"https:\/\/glareone.eu\/pl\/produkt\/glareone-halo-led-panel-110-bicolor-d\/","og_site_name":"GlareOne","article_publisher":"https:\/\/www.facebook.com\/GlareOneLighting","article_modified_time":"2024-04-24T11:08:56+00:00","og_image":[{"width":1200,"height":1200,"url":"https:\/\/glareone.eu\/wp-content\/uploads\/2024\/04\/SLEDPHALO110BCD_01.jpg","type":"image\/jpeg"}],"twitter_card":"summary_large_image","twitter_title":"GlareOne Halo LED Panel 110 BiColor D","twitter_misc":{"Szacowany czas czytania":"4 minuty"},"schema":{"@context":"https:\/\/schema.org","@graph":[{"@type":"WebPage","@id":"https:\/\/glareone.eu\/pl\/produkt\/glareone-halo-led-panel-110-bicolor-d\/","url":"https:\/\/glareone.eu\/pl\/produkt\/glareone-halo-led-panel-110-bicolor-d\/","name":"GlareOne Halo LED Panel 110 BiColor D","isPartOf":{"@id":"https:\/\/glareone.eu\/pl\/en\/#website"},"primaryImageOfPage":{"@id":"https:\/\/glareone.eu\/pl\/produkt\/glareone-halo-led-panel-110-bicolor-d\/#primaryimage"},"image":{"@id":"https:\/\/glareone.eu\/pl\/produkt\/glareone-halo-led-panel-110-bicolor-d\/#primaryimage"},"thumbnailUrl":"https:\/\/glareone.eu\/wp-content\/uploads\/2024\/04\/SLEDPHALO110BCD_01.jpg","datePublished":"2024-04-18T19:26:33+00:00","dateModified":"2024-04-24T11:08:56+00:00","description":"GlareOne Halo LED Panel 110 BiColor D","breadcrumb":{"@id":"https:\/\/glareone.eu\/pl\/produkt\/glareone-halo-led-panel-110-bicolor-d\/#breadcrumb"},"inLanguage":"pl-PL","potentialAction":[{"@type":"ReadAction","target":["https:\/\/glareone.eu\/pl\/produkt\/glareone-halo-led-panel-110-bicolor-d\/"]}]},{"@type":"ImageObject","inLanguage":"pl-PL","@id":"https:\/\/glareone.eu\/pl\/produkt\/glareone-halo-led-panel-110-bicolor-d\/#primaryimage","url":"https:\/\/glareone.eu\/wp-content\/uploads\/2024\/04\/SLEDPHALO110BCD_01.jpg","contentUrl":"https:\/\/glareone.eu\/wp-content\/uploads\/2024\/04\/SLEDPHALO110BCD_01.jpg","width":1200,"height":1200},{"@type":"BreadcrumbList","@id":"https:\/\/glareone.eu\/pl\/produkt\/glareone-halo-led-panel-110-bicolor-d\/#breadcrumb","itemListElement":[{"@type":"ListItem","position":1,"name":"Strona g\u0142\u00f3wna","item":"https:\/\/glareone.eu\/pl\/"},{"@type":"ListItem","position":2,"name":"Wszystkie produkty","item":"https:\/\/glareone.eu\/pl\/produkty\/wszystkie-produkty\/"},{"@type":"ListItem","position":3,"name":"GlareOne Halo LED Panel 110 BiColor D"}]},{"@type":"WebSite","@id":"https:\/\/glareone.eu\/pl\/en\/#website","url":"https:\/\/glareone.eu\/pl\/en\/","name":"GlareOne","description":"Wyposa\u017cenie Studia","publisher":{"@id":"https:\/\/glareone.eu\/pl\/en\/#organization"},"potentialAction":[{"@type":"SearchAction","target":{"@type":"EntryPoint","urlTemplate":"https:\/\/glareone.eu\/pl\/en\/?s={search_term_string}"},"query-input":{"@type":"PropertyValueSpecification","valueRequired":true,"valueName":"search_term_string"}}],"inLanguage":"pl-PL"},{"@type":"Organization","@id":"https:\/\/glareone.eu\/pl\/en\/#organization","name":"GlareOne","url":"https:\/\/glareone.eu\/pl\/en\/","logo":{"@type":"ImageObject","inLanguage":"pl-PL","@id":"https:\/\/glareone.eu\/pl\/en\/#\/schema\/logo\/image\/","url":"http:\/\/glareone.eu\/wp-content\/uploads\/2024\/05\/glareone_logo2020_RGB-01-e1715773127189.png","contentUrl":"http:\/\/glareone.eu\/wp-content\/uploads\/2024\/05\/glareone_logo2020_RGB-01-e1715773127189.png","width":1270,"height":321,"caption":"GlareOne"},"image":{"@id":"https:\/\/glareone.eu\/pl\/en\/#\/schema\/logo\/image\/"},"sameAs":["https:\/\/www.facebook.com\/GlareOneLighting","https:\/\/www.instagram.com\/glareonelighting\/","https:\/\/www.youtube.com\/@GlareOneTV"]}]}},"_links":{"self":[{"href":"https:\/\/glareone.eu\/pl\/wp-json\/wp\/v2\/product\/1067","targetHints":{"allow":["GET"]}}],"collection":[{"href":"https:\/\/glareone.eu\/pl\/wp-json\/wp\/v2\/product"}],"about":[{"href":"https:\/\/glareone.eu\/pl\/wp-json\/wp\/v2\/types\/product"}],"wp:featuredmedia":[{"embeddable":true,"href":"https:\/\/glareone.eu\/pl\/wp-json\/wp\/v2\/media\/1846"}],"wp:attachment":[{"href":"https:\/\/glareone.eu\/pl\/wp-json\/wp\/v2\/media?parent=1067"}],"wp:term":[{"taxonomy":"product_brand","embeddable":true,"href":"https:\/\/glareone.eu\/pl\/wp-json\/wp\/v2\/product_brand?post=1067"},{"taxonomy":"product_cat","embeddable":true,"href":"https:\/\/glareone.eu\/pl\/wp-json\/wp\/v2\/product_cat?post=1067"},{"taxonomy":"product_tag","embeddable":true,"href":"https:\/\/glareone.eu\/pl\/wp-json\/wp\/v2\/product_tag?post=1067"}],"curies":[{"name":"wp","href":"https:\/\/api.w.org\/{rel}","templated":true}]}}