{"id":1064,"date":"2024-04-18T19:26:33","date_gmt":"2024-04-18T19:26:33","guid":{"rendered":"http:\/\/glareone.eu\/produkt\/glareone-spotlight-pro-20-strumienica-projekcyjna\/"},"modified":"2024-06-17T07:41:32","modified_gmt":"2024-06-17T07:41:32","slug":"glareone-spotlight-pro-20","status":"publish","type":"product","link":"https:\/\/glareone.eu\/pl\/produkt\/glareone-spotlight-pro-20\/","title":{"rendered":"GlareOne Spotlight PRO 20\u00b0 &#8211; strumienica projekcyjna"},"content":{"rendered":"<p><span style=\"font-weight: 400;\">GlareOne Spotlight PRO 20\u00b0 to profesjonalna strumienica optyczna przystosowana do pracy z lampami LED o maksymalnej mocy 300 wat\u00f3w lub z lampami b\u0142yskowymi do 1000 Ws. Posiada wbudowany obiektyw o k\u0105cie \u015bwiecenia 20 stopni, a tak\u017ce zastawki pozwalaj\u0105ce kszta\u0142towa\u0107 strumie\u0144 \u015bwiat\u0142a. Jest wyposa\u017cona w zestaw\u00a0 10 filtr\u00f3w barwnych, 16 masek efektowych (gobo), oraz torb\u0119 transportow\u0105.<\/span><\/p>\n<h3><b>Konstrukcja<\/b><\/h3>\n<p><span style=\"font-weight: 400;\">Korpus strumienicy jest zbudowany z aluminium oraz tworzywa sztucznego odpornego zar\u00f3wno na wysok\u0105 temperatur\u0119 jak i na uszkodzenia mechaniczne. Przy projektowaniu Spotlight PRO nacisk zosta\u0142 po\u0142o\u017cony na solidno\u015b\u0107, trwa\u0142o\u015b\u0107 konstrukcji i bezpiecze\u0144stwo pracy. Integraln\u0105 cz\u0119\u015bci\u0105 strumienicy jest os\u0142ona korpusu, kt\u00f3ry pe\u0142ni rol\u0119 oprawy komory soczewki i ma bezpo\u015bredni kontakt z lamp\u0105 w zwi\u0105zku z czym mo\u017ce si\u0119 mocno nagrzewa\u0107 podczas \u015bwiecenia. Obramowanie zastawek oraz ko\u0142nierz, w kt\u00f3rym osadzony jest obiektyw wykonany z tworzywa sztucznego, kt\u00f3re jest odporne na wysok\u0105 temperatur\u0119 i dzi\u0119ki niskiej przewodno\u015bci cieplnej pozwala na swobodn\u0105 prac\u0119 z zastawkami oraz maskami. Dzi\u0119ki temu Spotlight PRO mo\u017ce by\u0107 stosowany z lampami\u00a0 LED o mocy nawet 300 Wat\u00f3w lub\u00a0 lampami b\u0142yskowymi o mocy 1000 Ws.\u00a0<\/span><\/p>\n<h3><strong>Kompatybilno\u015b\u0107<\/strong><\/h3>\n<p>Strumienice zalecamy u\u017cywa\u0107 z lampami \u015bwiat\u0142a ci\u0105g\u0142ego. Z lampami LED daje r\u00f3wno rzutowany obraz \u015bwiat\u0142a. Spotlight mo\u017cna r\u00f3wnie\u017c u\u017cywa\u0107 z lampami b\u0142yskowymi. Trzeba jednak wiedzie\u0107, \u017ce podczas u\u017cywania strumienicy z lampami b\u0142yskowymi, jak np. GlareOne Vega czy Antares, z uwagi na fizyczn\u0105 budow\u0119 palnika b\u0142yskowego, rzutowany okr\u0105g \u015bwietlny mo\u017ce by\u0107 lekko ciemniejszy w \u015brodkowej cz\u0119\u015bci.<\/p>\n<h3><b>Obiektyw<\/b><\/h3>\n<p><span style=\"font-weight: 400;\">Spotlight PRO charakteryzuje si\u0119 tym, \u017ce jej obiektyw ma wysok\u0105 jasno\u015b\u0107 i transmisj\u0119. Ponadto koncentruje on \u015bwiat\u0142o p\u0142yn\u0105ce z lampy, zwi\u0119kszaj\u0105c jego intensywno\u015b\u0107 niemal dziesi\u0119ciokrotnie, a to pozwala uzyska\u0107 niezwykle mocny snop \u015bwiat\u0142a o bardzo silnie zdefiniowanych kraw\u0119dziach. W po\u0142\u0105czeniu z zastawkami i maskami daje to ogromne mo\u017cliwo\u015bci w zakresie kontrolowania gdzie i w jaki spos\u00f3b pada \u015bwiat\u0142o.\u00a0<\/span><\/p>\n<p><span style=\"font-weight: 400;\">Obiektyw Spotlight PRO jest zoptymalizowany w celu minimalizacji aberracji chromatycznej, eliminuj\u0105c potencjalne kolorowe zniekszta\u0142cenia. Minimalna odleg\u0142o\u015b\u0107 ostrzenia wynosi 120 cm, co sprawia, \u017ce Spotlight PRO doskonale sprawdzi si\u0119 nie tylko w fotografii portretowej czy modowej, ale tak\u017ce znajdzie zastosowanie w fotografii produktowej. Przednia oprawa obiektywu wyposa\u017cona jest w szcz\u0119kowy zacisk pozwalaj\u0105cy zamocowa\u0107 do\u0142\u0105czony do zestawu uchwyt na filtry barwne.<\/span><\/p>\n<h3><b>Zastawki<\/b><\/h3>\n<p><span style=\"font-weight: 400;\">Integraln\u0105 cz\u0119\u015bci\u0105 strumienicy Spotlight PRO s\u0105\u00a0 cztery regulowane zastawki. Za ich pomoc\u0105 mo\u017cna kszta\u0142towa\u0107 strumie\u0144 \u015bwiat\u0142a wychodz\u0105cy z obiektywu, umo\u017cliwiaj\u0105c precyzyjne o\u015bwietlenie wybranych fragment\u00f3w obiekt\u00f3w podczas sesji fotograficznych lub nagrywania film\u00f3w. Zastawki mog\u0105 by\u0107 wykorzystywane \u0142\u0105cznie z maskami gobo oraz filtrami kolorowymi.<\/span><\/p>\n<h3><b>Maski<\/b><\/h3>\n<p><span style=\"font-weight: 400;\">Spotlight PRO posiada specjaln\u0105 szuflad\u0119 na maski efektowe, znane r\u00f3wnie\u017c jako &#8222;gobo&#8221;. Maski umo\u017cliwiaj\u0105 na\u015bladowanie efekt\u00f3w, takich jak \u015bwiat\u0142o przechodz\u0105ce przez okienne \u017caluzje lub wy\u015bwietlanie r\u00f3\u017cnorodnych wzor\u00f3w i kszta\u0142t\u00f3w. W zestawie do strumienicy, do\u0142\u0105czonych jest a\u017c 16 r\u00f3\u017cnorodnych masek, kt\u00f3re mo\u017cna u\u017cywa\u0107 jednocze\u015bnie z zastawkami i kolorowymi filtrami. Spotlight PRO korzysta ze standardowego rozmiaru gobo typu M o \u015brednicy dysku 66 mm.<\/span><\/p>\n<h3><b>Kolory<\/b><\/h3>\n<p><span style=\"font-weight: 400;\">W torbie Spotlight PRO znajdziesz 10 filtr\u00f3w barwnych, a tak\u017ce specjalnie zaprojektowany uchwyt, kt\u00f3ry umo\u017cliwia ich monta\u017c na przedniej cz\u0119\u015bci obiektywu. To praktyczne rozwi\u0105zanie pozwala na swobodne korzystanie z filtr\u00f3w jednocze\u015bnie z zastawkami i maskami gobo.<\/span><\/p>\n<h3><b>Cechy produktu:<\/b><\/h3>\n<ul>\n<li style=\"font-weight: 400;\" aria-level=\"1\"><span style=\"font-weight: 400;\">Mo\u017ce by\u0107 u\u017cywana z lampami LED do maksymalnej mocy 300 W lub lampami b\u0142yskowymi do 1000 Ws<\/span><\/li>\n<li style=\"font-weight: 400;\" aria-level=\"1\"><span style=\"font-weight: 400;\">Wyposa\u017cona w wysokiej jako\u015bci obiektyw o wysokiej jasno\u015bci f\/1.8<\/span><\/li>\n<li style=\"font-weight: 400;\" aria-level=\"1\"><span style=\"font-weight: 400;\">Minimalna odleg\u0142o\u015bci ostrzenia wynosi jedynie 120 cm.<\/span><\/li>\n<li style=\"font-weight: 400;\" aria-level=\"1\"><span style=\"font-weight: 400;\">Jest wyposa\u017cona w cztery zastawki pozwalaj\u0105ce precyzyjnie kszta\u0142towa\u0107 strumie\u0144 \u015bwiat\u0142a.<\/span><\/li>\n<li style=\"font-weight: 400;\" aria-level=\"1\"><span style=\"font-weight: 400;\">Dostarczana w zestawie z 16 maskami gobo wraz z opraw\u0105.<\/span><\/li>\n<li style=\"font-weight: 400;\" aria-level=\"1\"><span style=\"font-weight: 400;\">Wyposa\u017cona w 10 filtr\u00f3w barwnych oraz uchwyt do ich monta\u017cu .<\/span><\/li>\n<li style=\"font-weight: 400;\" aria-level=\"1\"><span style=\"font-weight: 400;\">Ma mocowanie do lamp z bagnetem typu Bowens.<\/span><\/li>\n<li style=\"font-weight: 400;\" aria-level=\"1\"><span style=\"font-weight: 400;\">W sk\u0142ad zestawu wchodzi por\u0119czna torba transportowa.<\/span><\/li>\n<\/ul>\n<h3><b>Zawarto\u015b\u0107 zestawu:<\/b><\/h3>\n<ul>\n<li><span style=\"font-weight: 400;\">1x Spotlight PRO 20\u00b0.<\/span><\/li>\n<li><span style=\"font-weight: 400;\">10x filtr barwny.<\/span><\/li>\n<li><span style=\"font-weight: 400;\">1x uchwyt na filtry.<\/span><\/li>\n<li><span style=\"font-weight: 400;\">16x masek Gobo.<\/span><\/li>\n<li><span style=\"font-weight: 400;\">1x torba transportowa.<\/span><\/li>\n<\/ul>\n","protected":false},"excerpt":{"rendered":"<p>GlareOne Spotlight PRO 20\u00b0 to profesjonalna strumienica optyczna przystosowana do pracy z lampami LED o maksymalnej mocy 300 wat\u00f3w lub z lampami b\u0142yskowymi do 1000 Ws. Posiada wbudowany obiektyw o k\u0105cie \u015bwiecenia 20 stopni, a tak\u017ce zastawki pozwalaj\u0105ce kszta\u0142towa\u0107 strumie\u0144 \u015bwiat\u0142a. Jest wyposa\u017cona w zestaw\u00a0 10 filtr\u00f3w barwnych, 16 masek efektowych (gobo), oraz torb\u0119 transportow\u0105. [&hellip;]<\/p>\n","protected":false},"featured_media":2496,"template":"","meta":[],"product_brand":[],"product_cat":[388],"product_tag":[],"class_list":{"0":"post-1064","1":"product","2":"type-product","3":"status-publish","4":"has-post-thumbnail","6":"product_cat-spotlight-pro","8":"first","9":"instock","10":"product-type-simple"},"yoast_head":"<!-- This site is optimized with the Yoast SEO plugin v27.2 - https:\/\/yoast.com\/product\/yoast-seo-wordpress\/ -->\n<title>GlareOne Spotlight PRO 20\u00b0 - strumienica projekcyjna<\/title>\n<meta name=\"description\" content=\"GlareOne Spotlight PRO 20\u00b0 - strumienica projekcyjna\" \/>\n<meta name=\"robots\" content=\"index, follow, max-snippet:-1, max-image-preview:large, max-video-preview:-1\" \/>\n<link rel=\"canonical\" href=\"https:\/\/glareone.eu\/pl\/produkt\/glareone-spotlight-pro-20\/\" \/>\n<meta property=\"og:locale\" content=\"pl_PL\" \/>\n<meta property=\"og:type\" content=\"article\" \/>\n<meta property=\"og:title\" content=\"GlareOne Spotlight PRO 20\u00b0 - strumienica projekcyjna\" \/>\n<meta property=\"og:description\" content=\"GlareOne Spotlight PRO 20\u00b0 - strumienica projekcyjna\" \/>\n<meta property=\"og:url\" content=\"https:\/\/glareone.eu\/pl\/produkt\/glareone-spotlight-pro-20\/\" \/>\n<meta property=\"og:site_name\" content=\"GlareOne\" \/>\n<meta property=\"article:publisher\" content=\"https:\/\/www.facebook.com\/GlareOneLighting\" \/>\n<meta property=\"article:modified_time\" content=\"2024-06-17T07:41:32+00:00\" \/>\n<meta property=\"og:image\" content=\"https:\/\/glareone.eu\/wp-content\/uploads\/2024\/04\/SSPOTLIGHTPRO20_01.jpg\" \/>\n\t<meta property=\"og:image:width\" content=\"1200\" \/>\n\t<meta property=\"og:image:height\" content=\"1200\" \/>\n\t<meta property=\"og:image:type\" content=\"image\/jpeg\" \/>\n<meta name=\"twitter:card\" content=\"summary_large_image\" \/>\n<meta name=\"twitter:title\" content=\"GlareOne Spotlight PRO 20\u00b0 - strumienica projekcyjna\" \/>\n<meta name=\"twitter:label1\" content=\"Szacowany czas czytania\" \/>\n\t<meta name=\"twitter:data1\" content=\"3 minuty\" \/>\n<script type=\"application\/ld+json\" class=\"yoast-schema-graph\">{\"@context\":\"https:\/\/schema.org\",\"@graph\":[{\"@type\":\"WebPage\",\"@id\":\"https:\/\/glareone.eu\/pl\/produkt\/glareone-spotlight-pro-20\/\",\"url\":\"https:\/\/glareone.eu\/pl\/produkt\/glareone-spotlight-pro-20\/\",\"name\":\"GlareOne Spotlight PRO 20\u00b0 - strumienica projekcyjna\",\"isPartOf\":{\"@id\":\"https:\/\/glareone.eu\/pl\/en\/#website\"},\"primaryImageOfPage\":{\"@id\":\"https:\/\/glareone.eu\/pl\/produkt\/glareone-spotlight-pro-20\/#primaryimage\"},\"image\":{\"@id\":\"https:\/\/glareone.eu\/pl\/produkt\/glareone-spotlight-pro-20\/#primaryimage\"},\"thumbnailUrl\":\"https:\/\/glareone.eu\/wp-content\/uploads\/2024\/04\/SSPOTLIGHTPRO20_01.jpg\",\"datePublished\":\"2024-04-18T19:26:33+00:00\",\"dateModified\":\"2024-06-17T07:41:32+00:00\",\"description\":\"GlareOne Spotlight PRO 20\u00b0 - strumienica projekcyjna\",\"breadcrumb\":{\"@id\":\"https:\/\/glareone.eu\/pl\/produkt\/glareone-spotlight-pro-20\/#breadcrumb\"},\"inLanguage\":\"pl-PL\",\"potentialAction\":[{\"@type\":\"ReadAction\",\"target\":[\"https:\/\/glareone.eu\/pl\/produkt\/glareone-spotlight-pro-20\/\"]}]},{\"@type\":\"ImageObject\",\"inLanguage\":\"pl-PL\",\"@id\":\"https:\/\/glareone.eu\/pl\/produkt\/glareone-spotlight-pro-20\/#primaryimage\",\"url\":\"https:\/\/glareone.eu\/wp-content\/uploads\/2024\/04\/SSPOTLIGHTPRO20_01.jpg\",\"contentUrl\":\"https:\/\/glareone.eu\/wp-content\/uploads\/2024\/04\/SSPOTLIGHTPRO20_01.jpg\",\"width\":1200,\"height\":1200},{\"@type\":\"BreadcrumbList\",\"@id\":\"https:\/\/glareone.eu\/pl\/produkt\/glareone-spotlight-pro-20\/#breadcrumb\",\"itemListElement\":[{\"@type\":\"ListItem\",\"position\":1,\"name\":\"Strona g\u0142\u00f3wna\",\"item\":\"https:\/\/glareone.eu\/pl\/\"},{\"@type\":\"ListItem\",\"position\":2,\"name\":\"Wszystkie produkty\",\"item\":\"https:\/\/glareone.eu\/pl\/produkty\/wszystkie-produkty\/\"},{\"@type\":\"ListItem\",\"position\":3,\"name\":\"GlareOne Spotlight PRO 20\u00b0 &#8211; strumienica projekcyjna\"}]},{\"@type\":\"WebSite\",\"@id\":\"https:\/\/glareone.eu\/pl\/en\/#website\",\"url\":\"https:\/\/glareone.eu\/pl\/en\/\",\"name\":\"GlareOne\",\"description\":\"Wyposa\u017cenie Studia\",\"publisher\":{\"@id\":\"https:\/\/glareone.eu\/pl\/en\/#organization\"},\"potentialAction\":[{\"@type\":\"SearchAction\",\"target\":{\"@type\":\"EntryPoint\",\"urlTemplate\":\"https:\/\/glareone.eu\/pl\/en\/?s={search_term_string}\"},\"query-input\":{\"@type\":\"PropertyValueSpecification\",\"valueRequired\":true,\"valueName\":\"search_term_string\"}}],\"inLanguage\":\"pl-PL\"},{\"@type\":\"Organization\",\"@id\":\"https:\/\/glareone.eu\/pl\/en\/#organization\",\"name\":\"GlareOne\",\"url\":\"https:\/\/glareone.eu\/pl\/en\/\",\"logo\":{\"@type\":\"ImageObject\",\"inLanguage\":\"pl-PL\",\"@id\":\"https:\/\/glareone.eu\/pl\/en\/#\/schema\/logo\/image\/\",\"url\":\"http:\/\/glareone.eu\/wp-content\/uploads\/2024\/05\/glareone_logo2020_RGB-01-e1715773127189.png\",\"contentUrl\":\"http:\/\/glareone.eu\/wp-content\/uploads\/2024\/05\/glareone_logo2020_RGB-01-e1715773127189.png\",\"width\":1270,\"height\":321,\"caption\":\"GlareOne\"},\"image\":{\"@id\":\"https:\/\/glareone.eu\/pl\/en\/#\/schema\/logo\/image\/\"},\"sameAs\":[\"https:\/\/www.facebook.com\/GlareOneLighting\",\"https:\/\/www.instagram.com\/glareonelighting\/\",\"https:\/\/www.youtube.com\/@GlareOneTV\"]}]}<\/script>\n<!-- \/ Yoast SEO plugin. -->","yoast_head_json":{"title":"GlareOne Spotlight PRO 20\u00b0 - strumienica projekcyjna","description":"GlareOne Spotlight PRO 20\u00b0 - strumienica projekcyjna","robots":{"index":"index","follow":"follow","max-snippet":"max-snippet:-1","max-image-preview":"max-image-preview:large","max-video-preview":"max-video-preview:-1"},"canonical":"https:\/\/glareone.eu\/pl\/produkt\/glareone-spotlight-pro-20\/","og_locale":"pl_PL","og_type":"article","og_title":"GlareOne Spotlight PRO 20\u00b0 - strumienica projekcyjna","og_description":"GlareOne Spotlight PRO 20\u00b0 - strumienica projekcyjna","og_url":"https:\/\/glareone.eu\/pl\/produkt\/glareone-spotlight-pro-20\/","og_site_name":"GlareOne","article_publisher":"https:\/\/www.facebook.com\/GlareOneLighting","article_modified_time":"2024-06-17T07:41:32+00:00","og_image":[{"width":1200,"height":1200,"url":"https:\/\/glareone.eu\/wp-content\/uploads\/2024\/04\/SSPOTLIGHTPRO20_01.jpg","type":"image\/jpeg"}],"twitter_card":"summary_large_image","twitter_title":"GlareOne Spotlight PRO 20\u00b0 - strumienica projekcyjna","twitter_misc":{"Szacowany czas czytania":"3 minuty"},"schema":{"@context":"https:\/\/schema.org","@graph":[{"@type":"WebPage","@id":"https:\/\/glareone.eu\/pl\/produkt\/glareone-spotlight-pro-20\/","url":"https:\/\/glareone.eu\/pl\/produkt\/glareone-spotlight-pro-20\/","name":"GlareOne Spotlight PRO 20\u00b0 - strumienica projekcyjna","isPartOf":{"@id":"https:\/\/glareone.eu\/pl\/en\/#website"},"primaryImageOfPage":{"@id":"https:\/\/glareone.eu\/pl\/produkt\/glareone-spotlight-pro-20\/#primaryimage"},"image":{"@id":"https:\/\/glareone.eu\/pl\/produkt\/glareone-spotlight-pro-20\/#primaryimage"},"thumbnailUrl":"https:\/\/glareone.eu\/wp-content\/uploads\/2024\/04\/SSPOTLIGHTPRO20_01.jpg","datePublished":"2024-04-18T19:26:33+00:00","dateModified":"2024-06-17T07:41:32+00:00","description":"GlareOne Spotlight PRO 20\u00b0 - strumienica projekcyjna","breadcrumb":{"@id":"https:\/\/glareone.eu\/pl\/produkt\/glareone-spotlight-pro-20\/#breadcrumb"},"inLanguage":"pl-PL","potentialAction":[{"@type":"ReadAction","target":["https:\/\/glareone.eu\/pl\/produkt\/glareone-spotlight-pro-20\/"]}]},{"@type":"ImageObject","inLanguage":"pl-PL","@id":"https:\/\/glareone.eu\/pl\/produkt\/glareone-spotlight-pro-20\/#primaryimage","url":"https:\/\/glareone.eu\/wp-content\/uploads\/2024\/04\/SSPOTLIGHTPRO20_01.jpg","contentUrl":"https:\/\/glareone.eu\/wp-content\/uploads\/2024\/04\/SSPOTLIGHTPRO20_01.jpg","width":1200,"height":1200},{"@type":"BreadcrumbList","@id":"https:\/\/glareone.eu\/pl\/produkt\/glareone-spotlight-pro-20\/#breadcrumb","itemListElement":[{"@type":"ListItem","position":1,"name":"Strona g\u0142\u00f3wna","item":"https:\/\/glareone.eu\/pl\/"},{"@type":"ListItem","position":2,"name":"Wszystkie produkty","item":"https:\/\/glareone.eu\/pl\/produkty\/wszystkie-produkty\/"},{"@type":"ListItem","position":3,"name":"GlareOne Spotlight PRO 20\u00b0 &#8211; strumienica projekcyjna"}]},{"@type":"WebSite","@id":"https:\/\/glareone.eu\/pl\/en\/#website","url":"https:\/\/glareone.eu\/pl\/en\/","name":"GlareOne","description":"Wyposa\u017cenie Studia","publisher":{"@id":"https:\/\/glareone.eu\/pl\/en\/#organization"},"potentialAction":[{"@type":"SearchAction","target":{"@type":"EntryPoint","urlTemplate":"https:\/\/glareone.eu\/pl\/en\/?s={search_term_string}"},"query-input":{"@type":"PropertyValueSpecification","valueRequired":true,"valueName":"search_term_string"}}],"inLanguage":"pl-PL"},{"@type":"Organization","@id":"https:\/\/glareone.eu\/pl\/en\/#organization","name":"GlareOne","url":"https:\/\/glareone.eu\/pl\/en\/","logo":{"@type":"ImageObject","inLanguage":"pl-PL","@id":"https:\/\/glareone.eu\/pl\/en\/#\/schema\/logo\/image\/","url":"http:\/\/glareone.eu\/wp-content\/uploads\/2024\/05\/glareone_logo2020_RGB-01-e1715773127189.png","contentUrl":"http:\/\/glareone.eu\/wp-content\/uploads\/2024\/05\/glareone_logo2020_RGB-01-e1715773127189.png","width":1270,"height":321,"caption":"GlareOne"},"image":{"@id":"https:\/\/glareone.eu\/pl\/en\/#\/schema\/logo\/image\/"},"sameAs":["https:\/\/www.facebook.com\/GlareOneLighting","https:\/\/www.instagram.com\/glareonelighting\/","https:\/\/www.youtube.com\/@GlareOneTV"]}]}},"_links":{"self":[{"href":"https:\/\/glareone.eu\/pl\/wp-json\/wp\/v2\/product\/1064","targetHints":{"allow":["GET"]}}],"collection":[{"href":"https:\/\/glareone.eu\/pl\/wp-json\/wp\/v2\/product"}],"about":[{"href":"https:\/\/glareone.eu\/pl\/wp-json\/wp\/v2\/types\/product"}],"wp:featuredmedia":[{"embeddable":true,"href":"https:\/\/glareone.eu\/pl\/wp-json\/wp\/v2\/media\/2496"}],"wp:attachment":[{"href":"https:\/\/glareone.eu\/pl\/wp-json\/wp\/v2\/media?parent=1064"}],"wp:term":[{"taxonomy":"product_brand","embeddable":true,"href":"https:\/\/glareone.eu\/pl\/wp-json\/wp\/v2\/product_brand?post=1064"},{"taxonomy":"product_cat","embeddable":true,"href":"https:\/\/glareone.eu\/pl\/wp-json\/wp\/v2\/product_cat?post=1064"},{"taxonomy":"product_tag","embeddable":true,"href":"https:\/\/glareone.eu\/pl\/wp-json\/wp\/v2\/product_tag?post=1064"}],"curies":[{"name":"wp","href":"https:\/\/api.w.org\/{rel}","templated":true}]}}