{"id":1060,"date":"2024-04-18T19:26:33","date_gmt":"2024-04-18T19:26:33","guid":{"rendered":"http:\/\/glareone.eu\/produkt\/glareone-lantern-softbox-65-pro-zestaw-z-fartuchem\/"},"modified":"2024-04-24T10:20:10","modified_gmt":"2024-04-24T10:20:10","slug":"glareone-lantern-softbox-65-pro","status":"publish","type":"product","link":"https:\/\/glareone.eu\/pl\/produkt\/glareone-lantern-softbox-65-pro\/","title":{"rendered":"GlareOne Lantern Softbox 65 PRO"},"content":{"rendered":"<p><span style=\"font-weight: 400;\">Sferyczny softbox wyposa\u017cony w mechanizm szybkiego rozk\u0142adania, fartuch ograniczaj\u0105cy rozchodzenie \u015bwiat\u0142a oraz pokrowiec.<\/span><\/p>\n<h3><b>Sferyczny<\/b><\/h3>\n<p><span style=\"font-weight: 400;\">Lantern jest charakterystyczny z racji swojej budowy, kt\u00f3ra mocno odbiega od pozosta\u0142ych softbox\u00f3w. Sferyczny kszta\u0142t sprawia, \u017ce \u015bwiat\u0142o p\u0142yn\u0105ce z lampy jest r\u00f3wnomiernie rozpraszane na du\u017c\u0105 powierzchni\u0119, dzi\u0119ki czemu Lantern idealnie nadaje si\u0119 jako \u017ar\u00f3d\u0142o \u015bwiat\u0142a wype\u0142niaj\u0105cego.\u00a0<\/span><\/p>\n<h3><b>Kontrola nad \u015bwiat\u0142em<\/b><\/h3>\n<p><span style=\"font-weight: 400;\">Podstawow\u0105 rol\u0105 softboxa takiego jak Lantern jest dook\u00f3lne rozprowadzanie \u015bwiat\u0142a z lampy. Jednak nie zawsze jest to opcja najbardziej potrzebna na planie. W pracy w studiu fotograficznym czy filmowym niezb\u0119dna jest mo\u017cliwo\u015b\u0107 kontroli nad tym, gdzie pada \u015bwiat\u0142o. Dlatego GlareOne Lantern jest wyposa\u017cony w fartuch. Fartuch pozwala na zas\u0142on\u0119 fragment\u00f3w planu zdj\u0119ciowego, na kt\u00f3ry \u015bwiat\u0142o z softboxa nie powinno pada\u0107. Jest to mo\u017cliwe dzi\u0119ki temu, \u017ce fartuch nie jest jednorodnym kawa\u0142kiem materia\u0142u, ale sk\u0142ada si\u0119 z czterech paneli, kt\u00f3re mo\u017cna zamyka\u0107 i otwiera\u0107 w zale\u017cno\u015bci od sytuacji.<\/span><\/p>\n<h3><b>Prosty w u\u017cyciu<\/b><\/h3>\n<p><span style=\"font-weight: 400;\">Lantern zbudowany jest w oparciu o stela\u017c, kt\u00f3ry daje mo\u017cliwo\u015b\u0107 szybkiego i \u0142atwego sk\u0142adania oraz rozk\u0142adania. Fartuch mocowany s\u0105 na rzepach, co gwarantuje szybko\u015b\u0107 i prostot\u0119 obs\u0142ugi. Softbox dostarczany jest z pokrowcem.<\/span><\/p>\n<h3><b>Dopracowany<\/b><\/h3>\n<p><span style=\"font-weight: 400;\">Fartuch jest od wewn\u0119trznej strony laminowany srebrnym ekranem odbijaj\u0105cym \u015bwiat\u0142o, a jego zewn\u0119trzna powierzchnia jest czarna (matowa). Dyfuzor odpowiadaj\u0105cy za rozproszenie \u015bwiat\u0142a wykonany jest z lekkiego i odpornego na uszkodzenia mechaniczne nylonu rip-stop. Wszystkie materia\u0142y s\u0105 dobrane tak, aby zachowana by\u0142a ich neutralno\u015b\u0107 kolorystyczna, dzi\u0119ki czemu softbox nie wp\u0142ywa negatywnie na jako\u015b\u0107 \u015bwiat\u0142a z lampy. Pier\u015bcie\u0144 mocuj\u0105cy wykonany jest z anodyzowanego aluminium, natomiast pr\u0119ty stela\u017ca s\u0105 stalowe.<\/span><\/p>\n<h3><b>Cechy produktu:<\/b><\/h3>\n<ul>\n<li style=\"font-weight: 400;\" aria-level=\"1\"><span style=\"font-weight: 400;\">Jest bardzo \u0142atwy i szybki w monta\u017cu.<\/span><\/li>\n<li style=\"font-weight: 400;\" aria-level=\"1\"><span style=\"font-weight: 400;\">Daje mi\u0119kkie i mocno rozproszone \u015bwiat\u0142o.<\/span><\/li>\n<li style=\"font-weight: 400;\" aria-level=\"1\"><span style=\"font-weight: 400;\">Ma \u015brednice 65 cm i sferyczny kszta\u0142t.<\/span><\/li>\n<li style=\"font-weight: 400;\" aria-level=\"1\"><span style=\"font-weight: 400;\">Wyposa\u017cony w fartuch daj\u0105cy kontrol\u0119 nad rozchodzeniem si\u0119 \u015bwiat\u0142a.<\/span><\/li>\n<li style=\"font-weight: 400;\" aria-level=\"1\"><span style=\"font-weight: 400;\">Wykonany z wysokiej jako\u015bci materia\u0142\u00f3w.\u00a0<\/span><\/li>\n<li style=\"font-weight: 400;\" aria-level=\"1\"><span style=\"font-weight: 400;\">Stela\u017c jest w ca\u0142o\u015bci metalowy.<\/span><\/li>\n<li style=\"font-weight: 400;\" aria-level=\"1\"><span style=\"font-weight: 400;\">Ma mocowanie typu Bowens.<\/span><\/li>\n<li style=\"font-weight: 400;\" aria-level=\"1\"><span style=\"font-weight: 400;\">Dostarczany w por\u0119cznym pokrowcu.<br \/>\n<\/span><\/li>\n<\/ul>\n","protected":false},"excerpt":{"rendered":"<p>Sferyczny softbox wyposa\u017cony w mechanizm szybkiego rozk\u0142adania, fartuch ograniczaj\u0105cy rozchodzenie \u015bwiat\u0142a oraz pokrowiec. Sferyczny Lantern jest charakterystyczny z racji swojej budowy, kt\u00f3ra mocno odbiega od pozosta\u0142ych softbox\u00f3w. Sferyczny kszta\u0142t sprawia, \u017ce \u015bwiat\u0142o p\u0142yn\u0105ce z lampy jest r\u00f3wnomiernie rozpraszane na du\u017c\u0105 powierzchni\u0119, dzi\u0119ki czemu Lantern idealnie nadaje si\u0119 jako \u017ar\u00f3d\u0142o \u015bwiat\u0142a wype\u0142niaj\u0105cego.\u00a0 Kontrola nad \u015bwiat\u0142em Podstawow\u0105 [&hellip;]<\/p>\n","protected":false},"featured_media":2396,"template":"","meta":[],"product_brand":[],"product_cat":[353],"product_tag":[],"class_list":{"0":"post-1060","1":"product","2":"type-product","3":"status-publish","4":"has-post-thumbnail","6":"product_cat-pro","8":"first","9":"instock","10":"product-type-simple"},"yoast_head":"<!-- This site is optimized with the Yoast SEO plugin v27.2 - https:\/\/yoast.com\/product\/yoast-seo-wordpress\/ -->\n<title>GlareOne Lantern Softbox 65 PRO - zestaw z fartuchem<\/title>\n<meta name=\"description\" content=\"GlareOne Lantern Softbox 65 PRO - zestaw z fartuchem\" \/>\n<meta name=\"robots\" content=\"index, follow, max-snippet:-1, max-image-preview:large, max-video-preview:-1\" \/>\n<link rel=\"canonical\" href=\"https:\/\/glareone.eu\/pl\/produkt\/glareone-lantern-softbox-65-pro\/\" \/>\n<meta property=\"og:locale\" content=\"pl_PL\" \/>\n<meta property=\"og:type\" content=\"article\" \/>\n<meta property=\"og:title\" content=\"GlareOne Lantern Softbox 65 PRO - zestaw z fartuchem\" \/>\n<meta property=\"og:description\" content=\"GlareOne Lantern Softbox 65 PRO - zestaw z fartuchem\" \/>\n<meta property=\"og:url\" content=\"https:\/\/glareone.eu\/pl\/produkt\/glareone-lantern-softbox-65-pro\/\" \/>\n<meta property=\"og:site_name\" content=\"GlareOne\" \/>\n<meta property=\"article:publisher\" content=\"https:\/\/www.facebook.com\/GlareOneLighting\" \/>\n<meta property=\"article:modified_time\" content=\"2024-04-24T10:20:10+00:00\" \/>\n<meta property=\"og:image\" content=\"https:\/\/glareone.eu\/wp-content\/uploads\/2024\/04\/SOFTPROLAN65_01.jpg\" \/>\n\t<meta property=\"og:image:width\" content=\"1200\" \/>\n\t<meta property=\"og:image:height\" content=\"1200\" \/>\n\t<meta property=\"og:image:type\" content=\"image\/jpeg\" \/>\n<meta name=\"twitter:card\" content=\"summary_large_image\" \/>\n<meta name=\"twitter:title\" content=\"GlareOne Lantern Softbox 65 PRO - zestaw z fartuchem\" \/>\n<meta name=\"twitter:label1\" content=\"Szacowany czas czytania\" \/>\n\t<meta name=\"twitter:data1\" content=\"3 minuty\" \/>\n<script type=\"application\/ld+json\" class=\"yoast-schema-graph\">{\"@context\":\"https:\/\/schema.org\",\"@graph\":[{\"@type\":\"WebPage\",\"@id\":\"https:\/\/glareone.eu\/pl\/produkt\/glareone-lantern-softbox-65-pro\/\",\"url\":\"https:\/\/glareone.eu\/pl\/produkt\/glareone-lantern-softbox-65-pro\/\",\"name\":\"GlareOne Lantern Softbox 65 PRO - zestaw z fartuchem\",\"isPartOf\":{\"@id\":\"https:\/\/glareone.eu\/pl\/en\/#website\"},\"primaryImageOfPage\":{\"@id\":\"https:\/\/glareone.eu\/pl\/produkt\/glareone-lantern-softbox-65-pro\/#primaryimage\"},\"image\":{\"@id\":\"https:\/\/glareone.eu\/pl\/produkt\/glareone-lantern-softbox-65-pro\/#primaryimage\"},\"thumbnailUrl\":\"https:\/\/glareone.eu\/wp-content\/uploads\/2024\/04\/SOFTPROLAN65_01.jpg\",\"datePublished\":\"2024-04-18T19:26:33+00:00\",\"dateModified\":\"2024-04-24T10:20:10+00:00\",\"description\":\"GlareOne Lantern Softbox 65 PRO - zestaw z fartuchem\",\"breadcrumb\":{\"@id\":\"https:\/\/glareone.eu\/pl\/produkt\/glareone-lantern-softbox-65-pro\/#breadcrumb\"},\"inLanguage\":\"pl-PL\",\"potentialAction\":[{\"@type\":\"ReadAction\",\"target\":[\"https:\/\/glareone.eu\/pl\/produkt\/glareone-lantern-softbox-65-pro\/\"]}]},{\"@type\":\"ImageObject\",\"inLanguage\":\"pl-PL\",\"@id\":\"https:\/\/glareone.eu\/pl\/produkt\/glareone-lantern-softbox-65-pro\/#primaryimage\",\"url\":\"https:\/\/glareone.eu\/wp-content\/uploads\/2024\/04\/SOFTPROLAN65_01.jpg\",\"contentUrl\":\"https:\/\/glareone.eu\/wp-content\/uploads\/2024\/04\/SOFTPROLAN65_01.jpg\",\"width\":1200,\"height\":1200},{\"@type\":\"BreadcrumbList\",\"@id\":\"https:\/\/glareone.eu\/pl\/produkt\/glareone-lantern-softbox-65-pro\/#breadcrumb\",\"itemListElement\":[{\"@type\":\"ListItem\",\"position\":1,\"name\":\"Strona g\u0142\u00f3wna\",\"item\":\"https:\/\/glareone.eu\/pl\/\"},{\"@type\":\"ListItem\",\"position\":2,\"name\":\"Wszystkie produkty\",\"item\":\"https:\/\/glareone.eu\/pl\/produkty\/wszystkie-produkty\/\"},{\"@type\":\"ListItem\",\"position\":3,\"name\":\"GlareOne Lantern Softbox 65 PRO\"}]},{\"@type\":\"WebSite\",\"@id\":\"https:\/\/glareone.eu\/pl\/en\/#website\",\"url\":\"https:\/\/glareone.eu\/pl\/en\/\",\"name\":\"GlareOne\",\"description\":\"Wyposa\u017cenie Studia\",\"publisher\":{\"@id\":\"https:\/\/glareone.eu\/pl\/en\/#organization\"},\"potentialAction\":[{\"@type\":\"SearchAction\",\"target\":{\"@type\":\"EntryPoint\",\"urlTemplate\":\"https:\/\/glareone.eu\/pl\/en\/?s={search_term_string}\"},\"query-input\":{\"@type\":\"PropertyValueSpecification\",\"valueRequired\":true,\"valueName\":\"search_term_string\"}}],\"inLanguage\":\"pl-PL\"},{\"@type\":\"Organization\",\"@id\":\"https:\/\/glareone.eu\/pl\/en\/#organization\",\"name\":\"GlareOne\",\"url\":\"https:\/\/glareone.eu\/pl\/en\/\",\"logo\":{\"@type\":\"ImageObject\",\"inLanguage\":\"pl-PL\",\"@id\":\"https:\/\/glareone.eu\/pl\/en\/#\/schema\/logo\/image\/\",\"url\":\"http:\/\/glareone.eu\/wp-content\/uploads\/2024\/05\/glareone_logo2020_RGB-01-e1715773127189.png\",\"contentUrl\":\"http:\/\/glareone.eu\/wp-content\/uploads\/2024\/05\/glareone_logo2020_RGB-01-e1715773127189.png\",\"width\":1270,\"height\":321,\"caption\":\"GlareOne\"},\"image\":{\"@id\":\"https:\/\/glareone.eu\/pl\/en\/#\/schema\/logo\/image\/\"},\"sameAs\":[\"https:\/\/www.facebook.com\/GlareOneLighting\",\"https:\/\/www.instagram.com\/glareonelighting\/\",\"https:\/\/www.youtube.com\/@GlareOneTV\"]}]}<\/script>\n<!-- \/ Yoast SEO plugin. -->","yoast_head_json":{"title":"GlareOne Lantern Softbox 65 PRO - zestaw z fartuchem","description":"GlareOne Lantern Softbox 65 PRO - zestaw z fartuchem","robots":{"index":"index","follow":"follow","max-snippet":"max-snippet:-1","max-image-preview":"max-image-preview:large","max-video-preview":"max-video-preview:-1"},"canonical":"https:\/\/glareone.eu\/pl\/produkt\/glareone-lantern-softbox-65-pro\/","og_locale":"pl_PL","og_type":"article","og_title":"GlareOne Lantern Softbox 65 PRO - zestaw z fartuchem","og_description":"GlareOne Lantern Softbox 65 PRO - zestaw z fartuchem","og_url":"https:\/\/glareone.eu\/pl\/produkt\/glareone-lantern-softbox-65-pro\/","og_site_name":"GlareOne","article_publisher":"https:\/\/www.facebook.com\/GlareOneLighting","article_modified_time":"2024-04-24T10:20:10+00:00","og_image":[{"width":1200,"height":1200,"url":"https:\/\/glareone.eu\/wp-content\/uploads\/2024\/04\/SOFTPROLAN65_01.jpg","type":"image\/jpeg"}],"twitter_card":"summary_large_image","twitter_title":"GlareOne Lantern Softbox 65 PRO - zestaw z fartuchem","twitter_misc":{"Szacowany czas czytania":"3 minuty"},"schema":{"@context":"https:\/\/schema.org","@graph":[{"@type":"WebPage","@id":"https:\/\/glareone.eu\/pl\/produkt\/glareone-lantern-softbox-65-pro\/","url":"https:\/\/glareone.eu\/pl\/produkt\/glareone-lantern-softbox-65-pro\/","name":"GlareOne Lantern Softbox 65 PRO - zestaw z fartuchem","isPartOf":{"@id":"https:\/\/glareone.eu\/pl\/en\/#website"},"primaryImageOfPage":{"@id":"https:\/\/glareone.eu\/pl\/produkt\/glareone-lantern-softbox-65-pro\/#primaryimage"},"image":{"@id":"https:\/\/glareone.eu\/pl\/produkt\/glareone-lantern-softbox-65-pro\/#primaryimage"},"thumbnailUrl":"https:\/\/glareone.eu\/wp-content\/uploads\/2024\/04\/SOFTPROLAN65_01.jpg","datePublished":"2024-04-18T19:26:33+00:00","dateModified":"2024-04-24T10:20:10+00:00","description":"GlareOne Lantern Softbox 65 PRO - zestaw z fartuchem","breadcrumb":{"@id":"https:\/\/glareone.eu\/pl\/produkt\/glareone-lantern-softbox-65-pro\/#breadcrumb"},"inLanguage":"pl-PL","potentialAction":[{"@type":"ReadAction","target":["https:\/\/glareone.eu\/pl\/produkt\/glareone-lantern-softbox-65-pro\/"]}]},{"@type":"ImageObject","inLanguage":"pl-PL","@id":"https:\/\/glareone.eu\/pl\/produkt\/glareone-lantern-softbox-65-pro\/#primaryimage","url":"https:\/\/glareone.eu\/wp-content\/uploads\/2024\/04\/SOFTPROLAN65_01.jpg","contentUrl":"https:\/\/glareone.eu\/wp-content\/uploads\/2024\/04\/SOFTPROLAN65_01.jpg","width":1200,"height":1200},{"@type":"BreadcrumbList","@id":"https:\/\/glareone.eu\/pl\/produkt\/glareone-lantern-softbox-65-pro\/#breadcrumb","itemListElement":[{"@type":"ListItem","position":1,"name":"Strona g\u0142\u00f3wna","item":"https:\/\/glareone.eu\/pl\/"},{"@type":"ListItem","position":2,"name":"Wszystkie produkty","item":"https:\/\/glareone.eu\/pl\/produkty\/wszystkie-produkty\/"},{"@type":"ListItem","position":3,"name":"GlareOne Lantern Softbox 65 PRO"}]},{"@type":"WebSite","@id":"https:\/\/glareone.eu\/pl\/en\/#website","url":"https:\/\/glareone.eu\/pl\/en\/","name":"GlareOne","description":"Wyposa\u017cenie Studia","publisher":{"@id":"https:\/\/glareone.eu\/pl\/en\/#organization"},"potentialAction":[{"@type":"SearchAction","target":{"@type":"EntryPoint","urlTemplate":"https:\/\/glareone.eu\/pl\/en\/?s={search_term_string}"},"query-input":{"@type":"PropertyValueSpecification","valueRequired":true,"valueName":"search_term_string"}}],"inLanguage":"pl-PL"},{"@type":"Organization","@id":"https:\/\/glareone.eu\/pl\/en\/#organization","name":"GlareOne","url":"https:\/\/glareone.eu\/pl\/en\/","logo":{"@type":"ImageObject","inLanguage":"pl-PL","@id":"https:\/\/glareone.eu\/pl\/en\/#\/schema\/logo\/image\/","url":"http:\/\/glareone.eu\/wp-content\/uploads\/2024\/05\/glareone_logo2020_RGB-01-e1715773127189.png","contentUrl":"http:\/\/glareone.eu\/wp-content\/uploads\/2024\/05\/glareone_logo2020_RGB-01-e1715773127189.png","width":1270,"height":321,"caption":"GlareOne"},"image":{"@id":"https:\/\/glareone.eu\/pl\/en\/#\/schema\/logo\/image\/"},"sameAs":["https:\/\/www.facebook.com\/GlareOneLighting","https:\/\/www.instagram.com\/glareonelighting\/","https:\/\/www.youtube.com\/@GlareOneTV"]}]}},"_links":{"self":[{"href":"https:\/\/glareone.eu\/pl\/wp-json\/wp\/v2\/product\/1060","targetHints":{"allow":["GET"]}}],"collection":[{"href":"https:\/\/glareone.eu\/pl\/wp-json\/wp\/v2\/product"}],"about":[{"href":"https:\/\/glareone.eu\/pl\/wp-json\/wp\/v2\/types\/product"}],"wp:featuredmedia":[{"embeddable":true,"href":"https:\/\/glareone.eu\/pl\/wp-json\/wp\/v2\/media\/2396"}],"wp:attachment":[{"href":"https:\/\/glareone.eu\/pl\/wp-json\/wp\/v2\/media?parent=1060"}],"wp:term":[{"taxonomy":"product_brand","embeddable":true,"href":"https:\/\/glareone.eu\/pl\/wp-json\/wp\/v2\/product_brand?post=1060"},{"taxonomy":"product_cat","embeddable":true,"href":"https:\/\/glareone.eu\/pl\/wp-json\/wp\/v2\/product_cat?post=1060"},{"taxonomy":"product_tag","embeddable":true,"href":"https:\/\/glareone.eu\/pl\/wp-json\/wp\/v2\/product_tag?post=1060"}],"curies":[{"name":"wp","href":"https:\/\/api.w.org\/{rel}","templated":true}]}}