{"id":1058,"date":"2024-04-18T19:26:33","date_gmt":"2024-04-18T19:26:33","guid":{"rendered":"http:\/\/glareone.eu\/produkt\/glareone-led-300-bicolor-d\/"},"modified":"2024-05-06T09:34:29","modified_gmt":"2024-05-06T09:34:29","slug":"glareone-led-300-bicolor-d","status":"publish","type":"product","link":"https:\/\/glareone.eu\/pl\/produkt\/glareone-led-300-bicolor-d\/","title":{"rendered":"GlareOne LED 300 BiColor D"},"content":{"rendered":"<p>Studyjna lampa \u015bwiat\u0142a ci\u0105g\u0142ego LED o mocy 300 W wyr\u00f3\u017cnia si\u0119 zmienn\u0105 temperatur\u0105 barwow\u0105 w zakresie 2700~6500K oraz mo\u017cliwo\u015bci\u0105 zasilania z sieci elektrycznej lub z akumulator\u00f3w typu V-mount, poprzez dodatkowy adapter GlareOne LEDAV. LED 300 BiColor D cechuje si\u0119 bardzo dobrym odwzorowaniem barw (TLCI &gt;98), wysok\u0105 wydajno\u015bci\u0105 i jasno\u015bci\u0105 oraz wbudowanym mocowaniem modyfikator\u00f3w \u015bwiat\u0142a typu Bowens.<\/p>\n<h3>Kolor przede wszystkim<\/h3>\n<p>Wska\u017anik TLCI (Television Lighting Consistency Index) dla tego modelu wynosi &gt;98,\u00a0 a CRI &gt;97 niezale\u017cnie od aktualnie ustawionej temperatury barwowej. Dzi\u0119ki temu lampa \u015bwietnie sprawdza si\u0119 jako o\u015bwietlenie planu zdj\u0119ciowego zar\u00f3wno podczas filmowania, jak i fotografowania, umo\u017cliwiaj\u0105c poprawne odwzorowanie barw.<\/p>\n<h3>Elastyczno\u015b\u0107<\/h3>\n<p>GlareOne LED 300 BiColor D wyposa\u017cona jest w uk\u0142ad COB LED, kt\u00f3ry jest w stanie wytwarza\u0107 \u015bwiat\u0142o o temperaturze barwowej w zakresie od 2700 K a\u017c do 6500 K. Daje to ogromn\u0105 elastyczno\u015b\u0107 w pracy ze \u015bwiat\u0142em zastanym, o r\u00f3\u017cnym pochodzeniu &#8211; naturalnym b\u0105d\u017a sztucznym.<\/p>\n<h3>Stabilno\u015b\u0107<\/h3>\n<p>LED 300 BiColor D mo\u017ce by\u0107 z powodzeniem wykorzystana do o\u015bwietlania planu zdj\u0119ciowego o maksymalnym klatka\u017cu si\u0119gaj\u0105cym nawet 1000 klatek na sekund\u0119, bez efektu migotania (flickeringu).<\/p>\n<h3>Moc<\/h3>\n<p>GlareOne LED 300 BiColor D charakteryzuje si\u0119 wysok\u0105 wydajno\u015bci\u0105 oraz du\u017c\u0105 si\u0142\u0105 generowanego \u015bwiat\u0142a. Lampa jest w stanie zapewni\u0107 strumie\u0144 \u015bwiat\u0142a o nat\u0119\u017ceniu si\u0119gaj\u0105cym &gt;170000 lux, co przek\u0142ada si\u0119 na mo\u017cliwo\u015bci jego \u0142atwego modyfikowania i odbijania, w celu uzyskania oczekiwanych efekt\u00f3w na planie zdj\u0119ciowym.<\/p>\n<h3>Cicha praca<\/h3>\n<p>Lampa wyposa\u017cona jest w system ch\u0142odzenia, kt\u00f3ry sk\u0142ada si\u0119 z radiatora oraz niezwykle cichego wentylatora, nie przekraczaj\u0105cego 30 dB. Tak niski poziom ha\u0142asu sprawia, \u017ce nagrywanie d\u017awi\u0119ku na planie jest znacznie prostsze.<br \/>\nW sytuacji gdy wymagana jest absolutna cisza, wentylator mo\u017cna wy\u0142\u0105czy\u0107 za pomoc\u0105 klawisza na panelu sterowania lampy, aby u\u017cywa\u0107 jej tylko w trybie pasywnego ch\u0142odzenia (przy obni\u017conej mocy maksymalnej).<\/p>\n<h3>Efekty o\u015bwietleniowe<\/h3>\n<p>Lampa wyposa\u017cona jest w 9 efekt\u00f3w o\u015bwietleniowych, kt\u00f3re pozwalaj\u0105 symulowa\u0107 \u015bwiat\u0142o p\u0142yn\u0105ce z zepsutej \u015bwietl\u00f3wki, sztucznych ogni, b\u0142yskawicy (w trzech wariantach), b\u0142ysk\u00f3w fleszy (w trzech wariantach) oraz telewizora.<\/p>\n<h3>Zdalne sterowanie<\/h3>\n<p>W urz\u0105dzeniu wbudowany jest odbiornik radiowy kompatybilny z pilotem zdalnego sterowania GlareOne LED RC lub GlareOne LED RC II. Opr\u00f3cz tego lampa mo\u017ce by\u0107 kontrolowana bezprzewodowo za pomoc\u0105 aplikacji GlareOne Studio.<\/p>\n<h3>Zasilanie akumulatorowe<\/h3>\n<p>GlareOne LED 300 BiColor D mo\u017ce by\u0107 zasilany z dw\u00f3ch \u017ar\u00f3de\u0142 \u2014 z gniazdka sieciowego za pomoc\u0105 przewodu zasilaj\u0105cego (do\u0142\u0105czonego do zestawu) lub przy u\u017cyciu akumulator\u00f3w V-mount, za pomoc\u0105 adaptera GlareOne LEDAV (dost\u0119pny oddzielnie). Jeden akumulator V-mount (14,8 V) o pojemno\u015bci 190 Wh zasili lamp\u0119 \u015bwiec\u0105c\u0105 z pe\u0142n\u0105 moc\u0105 przez nawet 30 minut (czas ten zale\u017cy w du\u017cej mierze od jako\u015bci u\u017cytego akumulatora).<br \/>\n<strong>UWAGA: <\/strong>Aby osi\u0105gn\u0105\u0107 pe\u0142n\u0105 moc lampy, nale\u017cy u\u017cy\u0107 akumulator\u00f3w z \u0142\u0105czn\u0105 moc\u0105 wyj\u015bciow\u0105 360 W. Akumulatory o mniejszej mocy, np. 2&#215;99 W, b\u0119d\u0105 dzia\u0142a\u0107, ale osi\u0105gn\u0105 maksymalnie 198 W ~ 70% mocy lampy. Nie zalecamy u\u017cywa\u0107 akumulator\u00f3w bez blokady wysokiego pr\u0105du, poniewa\u017c mo\u017ce doj\u015b\u0107 do uszkodzenia akumulatora.<\/p>\n<h3>Uniwersalno\u015b\u0107<\/h3>\n<p>Dzi\u0119ki mocowaniu akcesori\u00f3w typu Bowens, lampa LED 300 BiColor D mo\u017ce wsp\u00f3\u0142pracowa\u0107 z niemal ka\u017cdym modyfikatorem \u015bwiat\u0142a dost\u0119pnym na rynku, produkowanym przez GlareOne lub przez jedn\u0105 z wielu innych marek. Lamp\u0119 mo\u017cna stosowa\u0107 z przer\u00f3\u017cnymi softboxami, strumienicami, wrotami czy czaszami.<\/p>\n<h3>Trwa\u0142o\u015b\u0107<\/h3>\n<p>Decyduj\u0105ce o d\u0142ugiej \u017cywotno\u015bci i wysokim komforcie pracy elementy, czyli uchwyt statywowy, szkielet i obudowa, s\u0105 aluminiowe b\u0105d\u017a stalowe. Pozosta\u0142e cz\u0119\u015bci, takie jak uchwyt czy pokr\u0119t\u0142a steruj\u0105ce, s\u0105 wykonane z wysokiej jako\u015bci plastiku, kt\u00f3ry zapewnia dobr\u0105 ergonomi\u0119 i wygod\u0119 obs\u0142ugi.<\/p>\n<h3>Sterowanie DMX<\/h3>\n<p>Lampa jest kompatybilna z protoko\u0142em DMX (Digital MultipleX), dzi\u0119ki kt\u00f3remu mo\u017cna dowolnie sterowa\u0107 jej \u015bwiat\u0142em oraz odpowiednio j\u0105 zaprogramowa\u0107 za pomoc\u0105 komputera lub odpowiednich sterownik\u00f3w. Dzi\u0119ki temu mo\u017ce r\u00f3wnie\u017c z powodzeniem pe\u0142ni\u0107 funkcj\u0119 o\u015bwietlenia scenicznego.<\/p>\n<h3>Cechy GlareOne LED 300 BiColor D:<\/h3>\n<ul>\n<li>Kompaktowa i solidna obudowa.<\/li>\n<li>Zmienna temperatura barwowa w zakresie 2700~6500 K.<\/li>\n<li>Okr\u0105g\u0142a dioda typu COB o mocy 300 W.<\/li>\n<li>Wysoka wydajno\u015b\u0107 i jasno\u015b\u0107 (&gt;170000 lux).<\/li>\n<li>Bardzo dobre odwzorowanie barw (CRI &gt;97, TLCI &gt;98).<\/li>\n<li>Mo\u017cliwo\u015b\u0107 zasilania z akumulator\u00f3w typu V-mount przy pomocy adaptera GlareOne LEDAV (dost\u0119pnego oddzielnie).<\/li>\n<li>brak spadku mocy przy u\u017cyciu zasilania akumulatorowego<\/li>\n<li>Regulacja jasno\u015bci od 0 do 100% mocy.<\/li>\n<li>Brak migotania nawet do poziomu 1000 kl\/s.<\/li>\n<li>Mocowanie modyfikator\u00f3w \u015bwiat\u0142a typu Bowens.<\/li>\n<li>Zdalne sterowanie za pomoc\u0105 pilota GlareOne LED RC, RC II (dost\u0119pnego oddzielnie) lub przy u\u017cyciu systemu DMX.<\/li>\n<li>Wsp\u00f3\u0142praca z aplikacj\u0105 GlareOne Studio, umo\u017cliwiaj\u0105c\u0105 sterowanie z poziomu telefonu lub tabletu.<\/li>\n<li>9 tryb\u00f3w o\u015bwietlania symuluj\u0105cych mi\u0119dzy innymi b\u0142yskawice, ekran TV czy zepsut\u0105 \u015bwietl\u00f3wk\u0119.<\/li>\n<li>Cichy i wydajny system aktywnego ch\u0142odzenia (&lt;30 dB), z mo\u017cliwo\u015bci\u0105 wy\u0142\u0105czenia wentylatora.<\/li>\n<li>Zintegrowany uchwyt do parasolek.<\/li>\n<li>Ergonomicznie zaprojektowany uchwyt u\u0142atwiaj\u0105cy regulacj\u0119 k\u0105ta nachylenia.<\/li>\n<\/ul>\n<h3>Zawarto\u015b\u0107 pude\u0142ka<\/h3>\n<ul>\n<li>1x lampa,<\/li>\n<li>1x zasilacz,<\/li>\n<li>1x os\u0142ona transportowa,<\/li>\n<li>1x czasza LED,<\/li>\n<li>1x uchwyt statywowy do zasilacza,<\/li>\n<li>1x instrukcja obs\u0142ugi.<\/li>\n<\/ul>\n","protected":false},"excerpt":{"rendered":"<p>Studyjna lampa \u015bwiat\u0142a ci\u0105g\u0142ego LED o mocy 300 W wyr\u00f3\u017cnia si\u0119 zmienn\u0105 temperatur\u0105 barwow\u0105 w zakresie 2700~6500K oraz mo\u017cliwo\u015bci\u0105 zasilania z sieci elektrycznej lub z akumulator\u00f3w typu V-mount, poprzez dodatkowy adapter GlareOne LEDAV. LED 300 BiColor D cechuje si\u0119 bardzo dobrym odwzorowaniem barw (TLCI &gt;98), wysok\u0105 wydajno\u015bci\u0105 i jasno\u015bci\u0105 oraz wbudowanym mocowaniem modyfikator\u00f3w \u015bwiat\u0142a typu [&hellip;]<\/p>\n","protected":false},"featured_media":4830,"template":"","meta":[],"product_brand":[],"product_cat":[329],"product_tag":[],"class_list":{"0":"post-1058","1":"product","2":"type-product","3":"status-publish","4":"has-post-thumbnail","6":"product_cat-lampy-led-z-mocowaniem-bowens","8":"first","9":"instock","10":"product-type-simple"},"yoast_head":"<!-- This site is optimized with the Yoast SEO plugin v27.2 - https:\/\/yoast.com\/product\/yoast-seo-wordpress\/ -->\n<title>GlareOne LED 300 BiColor D<\/title>\n<meta name=\"description\" content=\"GlareOne LED 300 BiColor D\" \/>\n<meta name=\"robots\" content=\"index, follow, max-snippet:-1, max-image-preview:large, max-video-preview:-1\" \/>\n<link rel=\"canonical\" href=\"https:\/\/glareone.eu\/pl\/produkt\/glareone-led-300-bicolor-d\/\" \/>\n<meta property=\"og:locale\" content=\"pl_PL\" \/>\n<meta property=\"og:type\" content=\"article\" \/>\n<meta property=\"og:title\" content=\"GlareOne LED 300 BiColor D\" \/>\n<meta property=\"og:description\" content=\"GlareOne LED 300 BiColor D\" \/>\n<meta property=\"og:url\" content=\"https:\/\/glareone.eu\/pl\/produkt\/glareone-led-300-bicolor-d\/\" \/>\n<meta property=\"og:site_name\" content=\"GlareOne\" \/>\n<meta property=\"article:publisher\" content=\"https:\/\/www.facebook.com\/GlareOneLighting\" \/>\n<meta property=\"article:modified_time\" content=\"2024-05-06T09:34:29+00:00\" \/>\n<meta property=\"og:image\" content=\"https:\/\/glareone.eu\/wp-content\/uploads\/2024\/04\/SLED300BCD_01.jpg\" \/>\n\t<meta property=\"og:image:width\" content=\"1200\" \/>\n\t<meta property=\"og:image:height\" content=\"1200\" \/>\n\t<meta property=\"og:image:type\" content=\"image\/jpeg\" \/>\n<meta name=\"twitter:card\" content=\"summary_large_image\" \/>\n<meta name=\"twitter:title\" content=\"GlareOne LED 300 BiColor D\" \/>\n<meta name=\"twitter:label1\" content=\"Szacowany czas czytania\" \/>\n\t<meta name=\"twitter:data1\" content=\"5 minut\" \/>\n<script type=\"application\/ld+json\" class=\"yoast-schema-graph\">{\"@context\":\"https:\/\/schema.org\",\"@graph\":[{\"@type\":\"WebPage\",\"@id\":\"https:\/\/glareone.eu\/pl\/produkt\/glareone-led-300-bicolor-d\/\",\"url\":\"https:\/\/glareone.eu\/pl\/produkt\/glareone-led-300-bicolor-d\/\",\"name\":\"GlareOne LED 300 BiColor D\",\"isPartOf\":{\"@id\":\"https:\/\/glareone.eu\/pl\/en\/#website\"},\"primaryImageOfPage\":{\"@id\":\"https:\/\/glareone.eu\/pl\/produkt\/glareone-led-300-bicolor-d\/#primaryimage\"},\"image\":{\"@id\":\"https:\/\/glareone.eu\/pl\/produkt\/glareone-led-300-bicolor-d\/#primaryimage\"},\"thumbnailUrl\":\"https:\/\/glareone.eu\/wp-content\/uploads\/2024\/04\/SLED300BCD_01.jpg\",\"datePublished\":\"2024-04-18T19:26:33+00:00\",\"dateModified\":\"2024-05-06T09:34:29+00:00\",\"description\":\"GlareOne LED 300 BiColor D\",\"breadcrumb\":{\"@id\":\"https:\/\/glareone.eu\/pl\/produkt\/glareone-led-300-bicolor-d\/#breadcrumb\"},\"inLanguage\":\"pl-PL\",\"potentialAction\":[{\"@type\":\"ReadAction\",\"target\":[\"https:\/\/glareone.eu\/pl\/produkt\/glareone-led-300-bicolor-d\/\"]}]},{\"@type\":\"ImageObject\",\"inLanguage\":\"pl-PL\",\"@id\":\"https:\/\/glareone.eu\/pl\/produkt\/glareone-led-300-bicolor-d\/#primaryimage\",\"url\":\"https:\/\/glareone.eu\/wp-content\/uploads\/2024\/04\/SLED300BCD_01.jpg\",\"contentUrl\":\"https:\/\/glareone.eu\/wp-content\/uploads\/2024\/04\/SLED300BCD_01.jpg\",\"width\":1200,\"height\":1200},{\"@type\":\"BreadcrumbList\",\"@id\":\"https:\/\/glareone.eu\/pl\/produkt\/glareone-led-300-bicolor-d\/#breadcrumb\",\"itemListElement\":[{\"@type\":\"ListItem\",\"position\":1,\"name\":\"Strona g\u0142\u00f3wna\",\"item\":\"https:\/\/glareone.eu\/pl\/\"},{\"@type\":\"ListItem\",\"position\":2,\"name\":\"Wszystkie produkty\",\"item\":\"https:\/\/glareone.eu\/pl\/produkty\/wszystkie-produkty\/\"},{\"@type\":\"ListItem\",\"position\":3,\"name\":\"GlareOne LED 300 BiColor D\"}]},{\"@type\":\"WebSite\",\"@id\":\"https:\/\/glareone.eu\/pl\/en\/#website\",\"url\":\"https:\/\/glareone.eu\/pl\/en\/\",\"name\":\"GlareOne\",\"description\":\"Wyposa\u017cenie Studia\",\"publisher\":{\"@id\":\"https:\/\/glareone.eu\/pl\/en\/#organization\"},\"potentialAction\":[{\"@type\":\"SearchAction\",\"target\":{\"@type\":\"EntryPoint\",\"urlTemplate\":\"https:\/\/glareone.eu\/pl\/en\/?s={search_term_string}\"},\"query-input\":{\"@type\":\"PropertyValueSpecification\",\"valueRequired\":true,\"valueName\":\"search_term_string\"}}],\"inLanguage\":\"pl-PL\"},{\"@type\":\"Organization\",\"@id\":\"https:\/\/glareone.eu\/pl\/en\/#organization\",\"name\":\"GlareOne\",\"url\":\"https:\/\/glareone.eu\/pl\/en\/\",\"logo\":{\"@type\":\"ImageObject\",\"inLanguage\":\"pl-PL\",\"@id\":\"https:\/\/glareone.eu\/pl\/en\/#\/schema\/logo\/image\/\",\"url\":\"http:\/\/glareone.eu\/wp-content\/uploads\/2024\/05\/glareone_logo2020_RGB-01-e1715773127189.png\",\"contentUrl\":\"http:\/\/glareone.eu\/wp-content\/uploads\/2024\/05\/glareone_logo2020_RGB-01-e1715773127189.png\",\"width\":1270,\"height\":321,\"caption\":\"GlareOne\"},\"image\":{\"@id\":\"https:\/\/glareone.eu\/pl\/en\/#\/schema\/logo\/image\/\"},\"sameAs\":[\"https:\/\/www.facebook.com\/GlareOneLighting\",\"https:\/\/www.instagram.com\/glareonelighting\/\",\"https:\/\/www.youtube.com\/@GlareOneTV\"]}]}<\/script>\n<!-- \/ Yoast SEO plugin. -->","yoast_head_json":{"title":"GlareOne LED 300 BiColor D","description":"GlareOne LED 300 BiColor D","robots":{"index":"index","follow":"follow","max-snippet":"max-snippet:-1","max-image-preview":"max-image-preview:large","max-video-preview":"max-video-preview:-1"},"canonical":"https:\/\/glareone.eu\/pl\/produkt\/glareone-led-300-bicolor-d\/","og_locale":"pl_PL","og_type":"article","og_title":"GlareOne LED 300 BiColor D","og_description":"GlareOne LED 300 BiColor D","og_url":"https:\/\/glareone.eu\/pl\/produkt\/glareone-led-300-bicolor-d\/","og_site_name":"GlareOne","article_publisher":"https:\/\/www.facebook.com\/GlareOneLighting","article_modified_time":"2024-05-06T09:34:29+00:00","og_image":[{"width":1200,"height":1200,"url":"https:\/\/glareone.eu\/wp-content\/uploads\/2024\/04\/SLED300BCD_01.jpg","type":"image\/jpeg"}],"twitter_card":"summary_large_image","twitter_title":"GlareOne LED 300 BiColor D","twitter_misc":{"Szacowany czas czytania":"5 minut"},"schema":{"@context":"https:\/\/schema.org","@graph":[{"@type":"WebPage","@id":"https:\/\/glareone.eu\/pl\/produkt\/glareone-led-300-bicolor-d\/","url":"https:\/\/glareone.eu\/pl\/produkt\/glareone-led-300-bicolor-d\/","name":"GlareOne LED 300 BiColor D","isPartOf":{"@id":"https:\/\/glareone.eu\/pl\/en\/#website"},"primaryImageOfPage":{"@id":"https:\/\/glareone.eu\/pl\/produkt\/glareone-led-300-bicolor-d\/#primaryimage"},"image":{"@id":"https:\/\/glareone.eu\/pl\/produkt\/glareone-led-300-bicolor-d\/#primaryimage"},"thumbnailUrl":"https:\/\/glareone.eu\/wp-content\/uploads\/2024\/04\/SLED300BCD_01.jpg","datePublished":"2024-04-18T19:26:33+00:00","dateModified":"2024-05-06T09:34:29+00:00","description":"GlareOne LED 300 BiColor D","breadcrumb":{"@id":"https:\/\/glareone.eu\/pl\/produkt\/glareone-led-300-bicolor-d\/#breadcrumb"},"inLanguage":"pl-PL","potentialAction":[{"@type":"ReadAction","target":["https:\/\/glareone.eu\/pl\/produkt\/glareone-led-300-bicolor-d\/"]}]},{"@type":"ImageObject","inLanguage":"pl-PL","@id":"https:\/\/glareone.eu\/pl\/produkt\/glareone-led-300-bicolor-d\/#primaryimage","url":"https:\/\/glareone.eu\/wp-content\/uploads\/2024\/04\/SLED300BCD_01.jpg","contentUrl":"https:\/\/glareone.eu\/wp-content\/uploads\/2024\/04\/SLED300BCD_01.jpg","width":1200,"height":1200},{"@type":"BreadcrumbList","@id":"https:\/\/glareone.eu\/pl\/produkt\/glareone-led-300-bicolor-d\/#breadcrumb","itemListElement":[{"@type":"ListItem","position":1,"name":"Strona g\u0142\u00f3wna","item":"https:\/\/glareone.eu\/pl\/"},{"@type":"ListItem","position":2,"name":"Wszystkie produkty","item":"https:\/\/glareone.eu\/pl\/produkty\/wszystkie-produkty\/"},{"@type":"ListItem","position":3,"name":"GlareOne LED 300 BiColor D"}]},{"@type":"WebSite","@id":"https:\/\/glareone.eu\/pl\/en\/#website","url":"https:\/\/glareone.eu\/pl\/en\/","name":"GlareOne","description":"Wyposa\u017cenie Studia","publisher":{"@id":"https:\/\/glareone.eu\/pl\/en\/#organization"},"potentialAction":[{"@type":"SearchAction","target":{"@type":"EntryPoint","urlTemplate":"https:\/\/glareone.eu\/pl\/en\/?s={search_term_string}"},"query-input":{"@type":"PropertyValueSpecification","valueRequired":true,"valueName":"search_term_string"}}],"inLanguage":"pl-PL"},{"@type":"Organization","@id":"https:\/\/glareone.eu\/pl\/en\/#organization","name":"GlareOne","url":"https:\/\/glareone.eu\/pl\/en\/","logo":{"@type":"ImageObject","inLanguage":"pl-PL","@id":"https:\/\/glareone.eu\/pl\/en\/#\/schema\/logo\/image\/","url":"http:\/\/glareone.eu\/wp-content\/uploads\/2024\/05\/glareone_logo2020_RGB-01-e1715773127189.png","contentUrl":"http:\/\/glareone.eu\/wp-content\/uploads\/2024\/05\/glareone_logo2020_RGB-01-e1715773127189.png","width":1270,"height":321,"caption":"GlareOne"},"image":{"@id":"https:\/\/glareone.eu\/pl\/en\/#\/schema\/logo\/image\/"},"sameAs":["https:\/\/www.facebook.com\/GlareOneLighting","https:\/\/www.instagram.com\/glareonelighting\/","https:\/\/www.youtube.com\/@GlareOneTV"]}]}},"_links":{"self":[{"href":"https:\/\/glareone.eu\/pl\/wp-json\/wp\/v2\/product\/1058","targetHints":{"allow":["GET"]}}],"collection":[{"href":"https:\/\/glareone.eu\/pl\/wp-json\/wp\/v2\/product"}],"about":[{"href":"https:\/\/glareone.eu\/pl\/wp-json\/wp\/v2\/types\/product"}],"wp:featuredmedia":[{"embeddable":true,"href":"https:\/\/glareone.eu\/pl\/wp-json\/wp\/v2\/media\/4830"}],"wp:attachment":[{"href":"https:\/\/glareone.eu\/pl\/wp-json\/wp\/v2\/media?parent=1058"}],"wp:term":[{"taxonomy":"product_brand","embeddable":true,"href":"https:\/\/glareone.eu\/pl\/wp-json\/wp\/v2\/product_brand?post=1058"},{"taxonomy":"product_cat","embeddable":true,"href":"https:\/\/glareone.eu\/pl\/wp-json\/wp\/v2\/product_cat?post=1058"},{"taxonomy":"product_tag","embeddable":true,"href":"https:\/\/glareone.eu\/pl\/wp-json\/wp\/v2\/product_tag?post=1058"}],"curies":[{"name":"wp","href":"https:\/\/api.w.org\/{rel}","templated":true}]}}