{"id":1056,"date":"2024-04-18T19:26:33","date_gmt":"2024-04-18T19:26:33","guid":{"rendered":"http:\/\/glareone.eu\/produkt\/glareone-led-panel-10-rgb\/"},"modified":"2024-04-24T10:12:21","modified_gmt":"2024-04-24T10:12:21","slug":"glareone-led-panel-10-rgb","status":"publish","type":"product","link":"https:\/\/glareone.eu\/pl\/produkt\/glareone-led-panel-10-rgb\/","title":{"rendered":"GlareOne LED Panel 10 RGB"},"content":{"rendered":"<p><span style=\"font-weight: 400;\">Kieszonkowy panel LED o mocy 10 W, kt\u00f3ry pozwala na dostosowanie barwy \u015bwiat\u0142a w zakresie RGB (z 360 odcieniami), temperatury barwowej od 2700 do 10 000 K oraz zapewnia wysok\u0105 jako\u015b\u0107 odwzorowania kolor\u00f3w (CRI &gt;96, TLCI &gt;98). To idealne o\u015bwietlenie do tworzenia vlog\u00f3w, prowadzenia transmisji wideo lub fotografii.<\/span><\/p>\n<h3><strong>\u0141atwo\u015b\u0107 u\u017cycia<\/strong><\/h3>\n<p><span style=\"font-weight: 400;\">Panel GlareOne to lampa o sta\u0142ym \u015bwietle, dzi\u0119ki czemu ma wiele mo\u017cliwo\u015bci praktycznego zastosowania. Nie ma potrzeby korzystania z dodatkowych, cz\u0119sto kosztownych \u015bwiat\u0142omierzy do precyzyjnego dostosowania parametr\u00f3w ekspozycji. W przypadku GlareOne LED Panel 10 RGB aparat fotograficzny automatycznie mierzy \u015bwiat\u0142o i dostosowuje ekspozycj\u0119, co sprawia, \u017ce proces komponowania i tworzenia o\u015bwietlenia jest bardzo prosty. Mo\u017cemy zobaczy\u0107, jak zdj\u0119cie b\u0119dzie wygl\u0105da\u0107, jeszcze przed naci\u015bni\u0119ciem spustu migawki.<\/span><\/p>\n<h3><strong>Wielofunkcyjno\u015b\u0107<\/strong><\/h3>\n<p><span style=\"font-weight: 400;\">Mo\u017cliwo\u015bci wykorzystania tego panelu s\u0105 praktycznie nieograniczone, a jego du\u017c\u0105 zalet\u0105 jest opcja szybkiego dostosowania do r\u00f3\u017cnych typ\u00f3w fotografii. Mo\u017cemy u\u017cy\u0107 panelu do efektownego o\u015bwietlania portret\u00f3w, a nast\u0119pnie w kilka chwil dostosowa\u0107 go do fotografii produktowej lub makrofotografii.\u00a0<\/span><\/p>\n<p><span style=\"font-weight: 400;\">Panel jest wyposa\u017cony w dwa gwinty statywowe i zawiera stopk\u0119 mocowania typu cold shoe, co pozwala na bezpo\u015brednie zamocowanie go do kamery wideo lub aparatu, umo\u017cliwiaj\u0105c filmowanie ruchomych scen. Panel mo\u017cna r\u00f3wnie\u017c zamontowa\u0107 na statywie, co pozwala na bardziej zaawansowane zastosowanie, na przyk\u0142ad nagrywanie wywiad\u00f3w.\u00a0<\/span><\/p>\n<h3><strong>Wiernie oddana kolorystyka<\/strong><\/h3>\n<p><span style=\"font-weight: 400;\">Panel GlareOne generuje \u015bwiat\u0142o, kt\u00f3re precyzyjnie odwzorowuje kolory. Posiada wska\u017anik CRI (Color Rendering Index) wynosz\u0105cy a\u017c 96, dzi\u0119ki czemu lampa ma wiele r\u00f3\u017cnych zastosowa\u0144. \u015awietnie sprawdzi si\u0119 w sytuacjach, gdy dok\u0142adno\u015b\u0107 kolor\u00f3w jest kluczowa dla jako\u015bci materia\u0142u wizualnego. To szczeg\u00f3lnie istotne podczas fotografowania i filmowania os\u00f3b, kiedy wierne odwzorowanie ton\u00f3w sk\u00f3ry jest niezwykle istotne.\u00a0<\/span><\/p>\n<h3><strong>Kolory RGB<\/strong><\/h3>\n<p><span style=\"font-weight: 400;\">W lampie wykorzystano kolorowe diody, kt\u00f3re pozwalaj\u0105 na uzyskanie a\u017c 360 odcieni w skali RGB. Dzi\u0119ki temu mamy ogromne mo\u017cliwo\u015bci wyboru kolor\u00f3w oraz regulacji nasycenia. Dob\u00f3r kolor\u00f3w odbywa si\u0119 w modelu HSI, co pozwala precyzyjnie dobra\u0107 potrzebn\u0105 barw\u0119 \u015bwiat\u0142a wraz z jej nasyceniem i jasno\u015bci\u0105.\u00a0<\/span><\/p>\n<h3><strong>Regulowana temperatura barwowa<\/strong><\/h3>\n<p><span style=\"font-weight: 400;\">Diody RGB umo\u017cliwiaj\u0105 tak\u017ce komfortowe i p\u0142ynne dostosowywanie temperatury barwowej w zakresie od 2700 do 10 000 K. Dzi\u0119ki temu panel mo\u017ce imitowa\u0107 zar\u00f3wno ciep\u0142e \u015bwiat\u0142o \u015bwiecy, jak i dostosowa\u0107 si\u0119 do naturalnego \u015bwiat\u0142a s\u0142onecznego, zale\u017cnie od aktualnych potrzeb.<\/span><\/p>\n<h3><strong>Zasilanie\u00a0<\/strong><\/h3>\n<p><span style=\"font-weight: 400;\">Panel LED GlareOne mo\u017cna zasila\u0107 na dwa r\u00f3\u017cne sposoby &#8211; poprzez gniazdko sieciowe, za pomoc\u0105 \u0142adowarki USB lub dzi\u0119ki wbudowanemu akumulatorowi. Ta wszechstronno\u015b\u0107 w zakresie \u017ar\u00f3de\u0142 zasilania sprawia, \u017ce GlareOne LED Panel jest niezwykle praktyczny i elastyczny. Mo\u017cna go swobodnie zamontowa\u0107 na wysokim statywie lub umie\u015bci\u0107 w miejscu, w kt\u00f3rymdost\u0119p do zasilania sieciowego jest ograniczony. Dzi\u0119ki temu lampa sprawdzi si\u0119 zar\u00f3wno podczas fotografowania, jak i filmowania w r\u00f3\u017cnych warunkach.<\/span><\/p>\n<h3><strong>Efekty o\u015bwietleniowe<\/strong><\/h3>\n<p><span style=\"font-weight: 400;\">Lampa zosta\u0142a wyposa\u017cona w 19 r\u00f3\u017cnych efekt\u00f3w o\u015bwietleniowych, kt\u00f3re pozwalaj\u0105 na odtwarzanie r\u00f3\u017cnych \u017ar\u00f3de\u0142 \u015bwiat\u0142a, takich jak \u015bwietl\u00f3wka w stanie awarii, sztuczne ognie, b\u0142yskawice (w trzech r\u00f3\u017cnych stylach), b\u0142yski fleszy (r\u00f3wnie\u017c w trzech r\u00f3\u017cnych stylach) oraz efekt telewizora.<\/span><\/p>\n<h3><strong>Cechy GlareOne LED Panel 10 RGB<\/strong><\/h3>\n<ul>\n<li style=\"font-weight: 400;\" aria-level=\"1\"><span style=\"font-weight: 400;\">\u0142atwa w u\u017cyciu i wszechstronna lampa do fotografii i filmowania,<\/span><\/li>\n<li style=\"font-weight: 400;\" aria-level=\"1\"><span style=\"font-weight: 400;\">niewielkie rozmiary i waga,<\/span><\/li>\n<li style=\"font-weight: 400;\" aria-level=\"1\"><span style=\"font-weight: 400;\">360 kolor\u00f3w \u015bwiat\u0142a z zakresu RGB (HSI),<\/span><\/li>\n<li style=\"font-weight: 400;\" aria-level=\"1\"><span style=\"font-weight: 400;\">mo\u017cliwo\u015b\u0107 regulacji nasycenia kolor\u00f3w,<\/span><\/li>\n<li style=\"font-weight: 400;\" aria-level=\"1\"><span style=\"font-weight: 400;\">zmienna temperatura barwowa w zakresie 2700~10000 K,<\/span><\/li>\n<li style=\"font-weight: 400;\" aria-level=\"1\"><span style=\"font-weight: 400;\">maksymalna moc wynosi 10 W (ekwiwalent ok. 100 W lampy halogenowej),<\/span><\/li>\n<li style=\"font-weight: 400;\" aria-level=\"1\"><span style=\"font-weight: 400;\">wysokie parametry odwzorowania barw (CRI &gt;96),<\/span><\/li>\n<li style=\"font-weight: 400;\" aria-level=\"1\"><span style=\"font-weight: 400;\">mo\u017cliwo\u015b\u0107 zasilania z sieci elektrycznej lub z wbudowanego akumulatora,<\/span><\/li>\n<li style=\"font-weight: 400;\" aria-level=\"1\"><span style=\"font-weight: 400;\">p\u0142ynna, bezstopniowa regulacja jasno\u015bci,<\/span><\/li>\n<li style=\"font-weight: 400;\" aria-level=\"1\"><span style=\"font-weight: 400;\">pasywny (cichy) system ch\u0142odzenia,<\/span><\/li>\n<li style=\"font-weight: 400;\" aria-level=\"1\"><span style=\"font-weight: 400;\">wyposa\u017cona w dwa mocowania statywowe z gwintem 1\/4\u201d-20 i stopk\u0119 typu cold shoe,<\/span><\/li>\n<li style=\"font-weight: 400;\" aria-level=\"1\"><span style=\"font-weight: 400;\">posiada wbudowany dyfuzor,<\/span><\/li>\n<li style=\"font-weight: 400;\" aria-level=\"1\"><span style=\"font-weight: 400;\">wyposa\u017cona w 19 efekt\u00f3w o\u015bwietleniowych,<\/span><\/li>\n<li style=\"font-weight: 400;\" aria-level=\"1\"><span style=\"font-weight: 400;\">wbudowane dwa magnesy w obudow\u0119 lampy.<\/span><\/li>\n<\/ul>\n<h3><strong>Zawarto\u015b\u0107 pude\u0142ka<\/strong><\/h3>\n<ul>\n<li style=\"font-weight: 400;\" aria-level=\"1\"><span style=\"font-weight: 400;\">1x lampa,<\/span><\/li>\n<li style=\"font-weight: 400;\" aria-level=\"1\"><span style=\"font-weight: 400;\">1x przew\u00f3d do \u0142adowania,<\/span><\/li>\n<li style=\"font-weight: 400;\" aria-level=\"1\"><span style=\"font-weight: 400;\">1x etui,<\/span><\/li>\n<li style=\"font-weight: 400;\" aria-level=\"1\"><span style=\"font-weight: 400;\">1x mini g\u0142owica,<\/span><\/li>\n<li style=\"font-weight: 400;\" aria-level=\"1\"><span style=\"font-weight: 400;\">1x instrukcja obs\u0142ugi.\u00a0<\/span><\/li>\n<\/ul>\n","protected":false},"excerpt":{"rendered":"<p>Kieszonkowy panel LED o mocy 10 W, kt\u00f3ry pozwala na dostosowanie barwy \u015bwiat\u0142a w zakresie RGB (z 360 odcieniami), temperatury barwowej od 2700 do 10 000 K oraz zapewnia wysok\u0105 jako\u015b\u0107 odwzorowania kolor\u00f3w (CRI &gt;96, TLCI &gt;98). To idealne o\u015bwietlenie do tworzenia vlog\u00f3w, prowadzenia transmisji wideo lub fotografii. \u0141atwo\u015b\u0107 u\u017cycia Panel GlareOne to lampa o [&hellip;]<\/p>\n","protected":false},"featured_media":1759,"template":"","meta":[],"product_brand":[],"product_cat":[330],"product_tag":[],"class_list":{"0":"post-1056","1":"product","2":"type-product","3":"status-publish","4":"has-post-thumbnail","6":"product_cat-led-tube-panel","8":"first","9":"instock","10":"product-type-simple"},"yoast_head":"<!-- This site is optimized with the Yoast SEO plugin v27.2 - https:\/\/yoast.com\/product\/yoast-seo-wordpress\/ -->\n<title>GlareOne LED Panel 10 RGB<\/title>\n<meta name=\"description\" content=\"GlareOne LED Panel 10 RGB\" \/>\n<meta name=\"robots\" content=\"index, follow, max-snippet:-1, max-image-preview:large, max-video-preview:-1\" \/>\n<link rel=\"canonical\" href=\"https:\/\/glareone.eu\/pl\/produkt\/glareone-led-panel-10-rgb\/\" \/>\n<meta property=\"og:locale\" content=\"pl_PL\" \/>\n<meta property=\"og:type\" content=\"article\" \/>\n<meta property=\"og:title\" content=\"GlareOne LED Panel 10 RGB\" \/>\n<meta property=\"og:description\" content=\"GlareOne LED Panel 10 RGB\" \/>\n<meta property=\"og:url\" content=\"https:\/\/glareone.eu\/pl\/produkt\/glareone-led-panel-10-rgb\/\" \/>\n<meta property=\"og:site_name\" content=\"GlareOne\" \/>\n<meta property=\"article:publisher\" content=\"https:\/\/www.facebook.com\/GlareOneLighting\" \/>\n<meta property=\"article:modified_time\" content=\"2024-04-24T10:12:21+00:00\" \/>\n<meta property=\"og:image\" content=\"https:\/\/glareone.eu\/wp-content\/uploads\/2024\/04\/SLEDP10RGB_01.jpg\" \/>\n\t<meta property=\"og:image:width\" content=\"1200\" \/>\n\t<meta property=\"og:image:height\" content=\"1200\" \/>\n\t<meta property=\"og:image:type\" content=\"image\/jpeg\" \/>\n<meta name=\"twitter:card\" content=\"summary_large_image\" \/>\n<meta name=\"twitter:title\" content=\"GlareOne LED Panel 10 RGB\" \/>\n<meta name=\"twitter:label1\" content=\"Szacowany czas czytania\" \/>\n\t<meta name=\"twitter:data1\" content=\"5 minut\" \/>\n<script type=\"application\/ld+json\" class=\"yoast-schema-graph\">{\"@context\":\"https:\/\/schema.org\",\"@graph\":[{\"@type\":\"WebPage\",\"@id\":\"https:\/\/glareone.eu\/pl\/produkt\/glareone-led-panel-10-rgb\/\",\"url\":\"https:\/\/glareone.eu\/pl\/produkt\/glareone-led-panel-10-rgb\/\",\"name\":\"GlareOne LED Panel 10 RGB\",\"isPartOf\":{\"@id\":\"https:\/\/glareone.eu\/pl\/en\/#website\"},\"primaryImageOfPage\":{\"@id\":\"https:\/\/glareone.eu\/pl\/produkt\/glareone-led-panel-10-rgb\/#primaryimage\"},\"image\":{\"@id\":\"https:\/\/glareone.eu\/pl\/produkt\/glareone-led-panel-10-rgb\/#primaryimage\"},\"thumbnailUrl\":\"https:\/\/glareone.eu\/wp-content\/uploads\/2024\/04\/SLEDP10RGB_01.jpg\",\"datePublished\":\"2024-04-18T19:26:33+00:00\",\"dateModified\":\"2024-04-24T10:12:21+00:00\",\"description\":\"GlareOne LED Panel 10 RGB\",\"breadcrumb\":{\"@id\":\"https:\/\/glareone.eu\/pl\/produkt\/glareone-led-panel-10-rgb\/#breadcrumb\"},\"inLanguage\":\"pl-PL\",\"potentialAction\":[{\"@type\":\"ReadAction\",\"target\":[\"https:\/\/glareone.eu\/pl\/produkt\/glareone-led-panel-10-rgb\/\"]}]},{\"@type\":\"ImageObject\",\"inLanguage\":\"pl-PL\",\"@id\":\"https:\/\/glareone.eu\/pl\/produkt\/glareone-led-panel-10-rgb\/#primaryimage\",\"url\":\"https:\/\/glareone.eu\/wp-content\/uploads\/2024\/04\/SLEDP10RGB_01.jpg\",\"contentUrl\":\"https:\/\/glareone.eu\/wp-content\/uploads\/2024\/04\/SLEDP10RGB_01.jpg\",\"width\":1200,\"height\":1200},{\"@type\":\"BreadcrumbList\",\"@id\":\"https:\/\/glareone.eu\/pl\/produkt\/glareone-led-panel-10-rgb\/#breadcrumb\",\"itemListElement\":[{\"@type\":\"ListItem\",\"position\":1,\"name\":\"Strona g\u0142\u00f3wna\",\"item\":\"https:\/\/glareone.eu\/pl\/\"},{\"@type\":\"ListItem\",\"position\":2,\"name\":\"Wszystkie produkty\",\"item\":\"https:\/\/glareone.eu\/pl\/produkty\/wszystkie-produkty\/\"},{\"@type\":\"ListItem\",\"position\":3,\"name\":\"GlareOne LED Panel 10 RGB\"}]},{\"@type\":\"WebSite\",\"@id\":\"https:\/\/glareone.eu\/pl\/en\/#website\",\"url\":\"https:\/\/glareone.eu\/pl\/en\/\",\"name\":\"GlareOne\",\"description\":\"Wyposa\u017cenie Studia\",\"publisher\":{\"@id\":\"https:\/\/glareone.eu\/pl\/en\/#organization\"},\"potentialAction\":[{\"@type\":\"SearchAction\",\"target\":{\"@type\":\"EntryPoint\",\"urlTemplate\":\"https:\/\/glareone.eu\/pl\/en\/?s={search_term_string}\"},\"query-input\":{\"@type\":\"PropertyValueSpecification\",\"valueRequired\":true,\"valueName\":\"search_term_string\"}}],\"inLanguage\":\"pl-PL\"},{\"@type\":\"Organization\",\"@id\":\"https:\/\/glareone.eu\/pl\/en\/#organization\",\"name\":\"GlareOne\",\"url\":\"https:\/\/glareone.eu\/pl\/en\/\",\"logo\":{\"@type\":\"ImageObject\",\"inLanguage\":\"pl-PL\",\"@id\":\"https:\/\/glareone.eu\/pl\/en\/#\/schema\/logo\/image\/\",\"url\":\"http:\/\/glareone.eu\/wp-content\/uploads\/2024\/05\/glareone_logo2020_RGB-01-e1715773127189.png\",\"contentUrl\":\"http:\/\/glareone.eu\/wp-content\/uploads\/2024\/05\/glareone_logo2020_RGB-01-e1715773127189.png\",\"width\":1270,\"height\":321,\"caption\":\"GlareOne\"},\"image\":{\"@id\":\"https:\/\/glareone.eu\/pl\/en\/#\/schema\/logo\/image\/\"},\"sameAs\":[\"https:\/\/www.facebook.com\/GlareOneLighting\",\"https:\/\/www.instagram.com\/glareonelighting\/\",\"https:\/\/www.youtube.com\/@GlareOneTV\"]}]}<\/script>\n<!-- \/ Yoast SEO plugin. -->","yoast_head_json":{"title":"GlareOne LED Panel 10 RGB","description":"GlareOne LED Panel 10 RGB","robots":{"index":"index","follow":"follow","max-snippet":"max-snippet:-1","max-image-preview":"max-image-preview:large","max-video-preview":"max-video-preview:-1"},"canonical":"https:\/\/glareone.eu\/pl\/produkt\/glareone-led-panel-10-rgb\/","og_locale":"pl_PL","og_type":"article","og_title":"GlareOne LED Panel 10 RGB","og_description":"GlareOne LED Panel 10 RGB","og_url":"https:\/\/glareone.eu\/pl\/produkt\/glareone-led-panel-10-rgb\/","og_site_name":"GlareOne","article_publisher":"https:\/\/www.facebook.com\/GlareOneLighting","article_modified_time":"2024-04-24T10:12:21+00:00","og_image":[{"width":1200,"height":1200,"url":"https:\/\/glareone.eu\/wp-content\/uploads\/2024\/04\/SLEDP10RGB_01.jpg","type":"image\/jpeg"}],"twitter_card":"summary_large_image","twitter_title":"GlareOne LED Panel 10 RGB","twitter_misc":{"Szacowany czas czytania":"5 minut"},"schema":{"@context":"https:\/\/schema.org","@graph":[{"@type":"WebPage","@id":"https:\/\/glareone.eu\/pl\/produkt\/glareone-led-panel-10-rgb\/","url":"https:\/\/glareone.eu\/pl\/produkt\/glareone-led-panel-10-rgb\/","name":"GlareOne LED Panel 10 RGB","isPartOf":{"@id":"https:\/\/glareone.eu\/pl\/en\/#website"},"primaryImageOfPage":{"@id":"https:\/\/glareone.eu\/pl\/produkt\/glareone-led-panel-10-rgb\/#primaryimage"},"image":{"@id":"https:\/\/glareone.eu\/pl\/produkt\/glareone-led-panel-10-rgb\/#primaryimage"},"thumbnailUrl":"https:\/\/glareone.eu\/wp-content\/uploads\/2024\/04\/SLEDP10RGB_01.jpg","datePublished":"2024-04-18T19:26:33+00:00","dateModified":"2024-04-24T10:12:21+00:00","description":"GlareOne LED Panel 10 RGB","breadcrumb":{"@id":"https:\/\/glareone.eu\/pl\/produkt\/glareone-led-panel-10-rgb\/#breadcrumb"},"inLanguage":"pl-PL","potentialAction":[{"@type":"ReadAction","target":["https:\/\/glareone.eu\/pl\/produkt\/glareone-led-panel-10-rgb\/"]}]},{"@type":"ImageObject","inLanguage":"pl-PL","@id":"https:\/\/glareone.eu\/pl\/produkt\/glareone-led-panel-10-rgb\/#primaryimage","url":"https:\/\/glareone.eu\/wp-content\/uploads\/2024\/04\/SLEDP10RGB_01.jpg","contentUrl":"https:\/\/glareone.eu\/wp-content\/uploads\/2024\/04\/SLEDP10RGB_01.jpg","width":1200,"height":1200},{"@type":"BreadcrumbList","@id":"https:\/\/glareone.eu\/pl\/produkt\/glareone-led-panel-10-rgb\/#breadcrumb","itemListElement":[{"@type":"ListItem","position":1,"name":"Strona g\u0142\u00f3wna","item":"https:\/\/glareone.eu\/pl\/"},{"@type":"ListItem","position":2,"name":"Wszystkie produkty","item":"https:\/\/glareone.eu\/pl\/produkty\/wszystkie-produkty\/"},{"@type":"ListItem","position":3,"name":"GlareOne LED Panel 10 RGB"}]},{"@type":"WebSite","@id":"https:\/\/glareone.eu\/pl\/en\/#website","url":"https:\/\/glareone.eu\/pl\/en\/","name":"GlareOne","description":"Wyposa\u017cenie Studia","publisher":{"@id":"https:\/\/glareone.eu\/pl\/en\/#organization"},"potentialAction":[{"@type":"SearchAction","target":{"@type":"EntryPoint","urlTemplate":"https:\/\/glareone.eu\/pl\/en\/?s={search_term_string}"},"query-input":{"@type":"PropertyValueSpecification","valueRequired":true,"valueName":"search_term_string"}}],"inLanguage":"pl-PL"},{"@type":"Organization","@id":"https:\/\/glareone.eu\/pl\/en\/#organization","name":"GlareOne","url":"https:\/\/glareone.eu\/pl\/en\/","logo":{"@type":"ImageObject","inLanguage":"pl-PL","@id":"https:\/\/glareone.eu\/pl\/en\/#\/schema\/logo\/image\/","url":"http:\/\/glareone.eu\/wp-content\/uploads\/2024\/05\/glareone_logo2020_RGB-01-e1715773127189.png","contentUrl":"http:\/\/glareone.eu\/wp-content\/uploads\/2024\/05\/glareone_logo2020_RGB-01-e1715773127189.png","width":1270,"height":321,"caption":"GlareOne"},"image":{"@id":"https:\/\/glareone.eu\/pl\/en\/#\/schema\/logo\/image\/"},"sameAs":["https:\/\/www.facebook.com\/GlareOneLighting","https:\/\/www.instagram.com\/glareonelighting\/","https:\/\/www.youtube.com\/@GlareOneTV"]}]}},"_links":{"self":[{"href":"https:\/\/glareone.eu\/pl\/wp-json\/wp\/v2\/product\/1056","targetHints":{"allow":["GET"]}}],"collection":[{"href":"https:\/\/glareone.eu\/pl\/wp-json\/wp\/v2\/product"}],"about":[{"href":"https:\/\/glareone.eu\/pl\/wp-json\/wp\/v2\/types\/product"}],"wp:featuredmedia":[{"embeddable":true,"href":"https:\/\/glareone.eu\/pl\/wp-json\/wp\/v2\/media\/1759"}],"wp:attachment":[{"href":"https:\/\/glareone.eu\/pl\/wp-json\/wp\/v2\/media?parent=1056"}],"wp:term":[{"taxonomy":"product_brand","embeddable":true,"href":"https:\/\/glareone.eu\/pl\/wp-json\/wp\/v2\/product_brand?post=1056"},{"taxonomy":"product_cat","embeddable":true,"href":"https:\/\/glareone.eu\/pl\/wp-json\/wp\/v2\/product_cat?post=1056"},{"taxonomy":"product_tag","embeddable":true,"href":"https:\/\/glareone.eu\/pl\/wp-json\/wp\/v2\/product_tag?post=1056"}],"curies":[{"name":"wp","href":"https:\/\/api.w.org\/{rel}","templated":true}]}}