{"id":1054,"date":"2024-04-18T19:26:33","date_gmt":"2024-04-18T19:26:33","guid":{"rendered":"http:\/\/glareone.eu\/produkt\/glareone-led-tube-8-rgb\/"},"modified":"2024-12-09T13:59:26","modified_gmt":"2024-12-09T13:59:26","slug":"glareone-led-tube-8-rgb","status":"publish","type":"product","link":"https:\/\/glareone.eu\/pl\/produkt\/glareone-led-tube-8-rgb\/","title":{"rendered":"GlareOne LED Tube 8 RGB"},"content":{"rendered":"<p><span style=\"font-weight: 400;\">GlareOne LED Tube 8 RGB to 8-watowa tuba LED, cechuj\u0105ca si\u0119 zdolno\u015bci\u0105 do zmiany kolor\u00f3w \u015bwiat\u0142a w zakresie RGB (z 360 odcieniami), regulacj\u0105 temperatury barwowej od 2000 do 10 000 K oraz wysok\u0105 jako\u015bci\u0105 odwzorowania kolor\u00f3w (CRI &gt;96, TLCI &gt;98).\u00a0<\/span><\/p>\n<h3><strong>\u0141atwo\u015b\u0107 u\u017cycia<\/strong><\/h3>\n<p><span style=\"font-weight: 400;\">GlareOne LED Tube to lampa o sta\u0142ym \u015bwietle, dzi\u0119ki czemu ma wiele mo\u017cliwo\u015bci praktycznego zastosowania. Nie ma potrzeby u\u017cywania dodatkowych, cz\u0119sto kosztownych \u015bwiat\u0142omierzy do precyzyjnego dobierania parametr\u00f3w ekspozycji. W przypadku GlareOne LED Tube 8 RGB aparat automatycznie mierzy \u015bwiat\u0142o i dostosowuje ekspozycj\u0119. Proces kadrowania i budowania o\u015bwietlenia jest niezwykle prosty, poniewa\u017c mo\u017cemy zobaczy\u0107, co znajdzie si\u0119 na zdj\u0119ciu, jeszcze przed naci\u015bni\u0119ciem spustu migawki.<\/span><\/p>\n<h3><strong>Wielofunkcyjno\u015b\u0107<\/strong><\/h3>\n<p><span style=\"font-weight: 400;\">GlareOne LED Tube ma praktycznie nieograniczone mo\u017cliwo\u015bci zastosowania, a jej du\u017c\u0105 zalet\u0105 jest opcja szybkiego dostosowania do r\u00f3\u017cnych typ\u00f3w fotografii. Lamp\u0119 mo\u017cna wykorzysta\u0107 do efektownego o\u015bwietlenia portretowanych os\u00f3b, a nast\u0119pnie w kilka chwil dostosowa\u0107 j\u0105 do fotografii produktowej lub makrofotografii.<\/span><\/p>\n<h3><strong>Wiernie oddana kolorystyka<\/strong><\/h3>\n<p><span style=\"font-weight: 400;\">Lampa generuje \u015bwiat\u0142o, kt\u00f3re precyzyjnie odwzorowuje kolory. Wska\u017anik CRI (Color Rendering Index) dla modelu LED Tube 8 RGB wynosi a\u017c 96, dzi\u0119ki czemu lampa ma wiele r\u00f3\u017cnych zastosowa\u0144. \u015awietnie sprawdzi si\u0119 w sytuacjach, gdy dok\u0142adno\u015b\u0107 kolor\u00f3w jest kluczowa dla jako\u015bci materia\u0142u wizualnego. To szczeg\u00f3lnie istotne podczas fotografowania i filmowania os\u00f3b, kiedy wierne odwzorowanie ton\u00f3w sk\u00f3ry jest niezwykle istotne.<\/span><\/p>\n<h3><strong>Kolory RGB<\/strong><\/h3>\n<p><span style=\"font-weight: 400;\">W lampie wykorzystano kolorowe diody, kt\u00f3re pozwalaj\u0105 na uzyskanie a\u017c 360 odcieni w skali RGB. Dzi\u0119ki temu mamy ogromne mo\u017cliwo\u015bci wyboru kolor\u00f3w oraz regulacji nasycenia. Dob\u00f3r kolor\u00f3w odbywa si\u0119 w modelu HSI, co pozwala\u00a0 precyzyjnie dobra\u0107 potrzebn\u0105 barw\u0119 \u015bwiat\u0142a wraz z jej nasyceniem i jasno\u015bci\u0105.\u00a0<\/span><\/p>\n<h3><strong>Regulowana temperatura barwowa<\/strong><\/h3>\n<p><span style=\"font-weight: 400;\">LED Tube daje mo\u017cliwo\u015b\u0107 regulacji temperatury barwowej w zakresie od 2000 do 10 000 K. To pozwala na symulowanie ciep\u0142ego blasku \u015bwiecy lub dostosowywanie o\u015bwietlenia do \u015bwiat\u0142a zastanego.\u00a0<\/span><\/p>\n<h3><strong>Zasilanie\u00a0<\/strong><\/h3>\n<p><span style=\"font-weight: 400;\">GlareOne LED Tube posiada opcj\u0119 zasilania z dw\u00f3ch \u017ar\u00f3de\u0142 &#8211; poprzez gniazdko sieciowe, za pomoc\u0105 \u0142adowarki USB lub przy u\u017cyciu akumulatora 18650 (dostarczonego w zestawie). Ta elastyczno\u015b\u0107 w wyborze \u017ar\u00f3d\u0142a zasilania czyni GlareOne LED Tube 8 niezwykle przydatnym i uniwersalnym narz\u0119dziem. Mo\u017cna go \u0142atwo zamontowa\u0107 na wysokim statywie lub u\u017cywa\u0107 w miejscach, w kt\u00f3rych dost\u0119p do zasilania sieciowego jest ograniczony. Dzi\u0119ki temu lampa sprawdzi si\u0119 zar\u00f3wno podczas fotografowania, jak i filmowania w r\u00f3\u017cnych warunkach.<\/span><\/p>\n<h3><strong>Efekty o\u015bwietleniowe<\/strong><\/h3>\n<p><span style=\"font-weight: 400;\">W lampie znajduje si\u0119 20 r\u00f3\u017cnych efekt\u00f3w o\u015bwietleniowych, kt\u00f3re umo\u017cliwiaj\u0105 np. imitowanie \u015bwiat\u0142a wydobywaj\u0105cego si\u0119 z uszkodzonej \u015bwietl\u00f3wki, ognia, b\u0142yskawicy (w trzech wariantach), efekt\u00f3w fleszy (r\u00f3wnie\u017c w trzech wariantach) oraz ekranu TV.<\/span><\/p>\n<h3><strong>Cechy GlareOne LED Tube 8 RGB<\/strong><\/h3>\n<ul>\n<li style=\"font-weight: 400;\" aria-level=\"1\"><span style=\"font-weight: 400;\">\u0142atwa w u\u017cyciu i wszechstronna lampa do fotografii i filmowania,<\/span><\/li>\n<li style=\"font-weight: 400;\" aria-level=\"1\"><span style=\"font-weight: 400;\">kompaktowy rozmiar i waga,<\/span><\/li>\n<li style=\"font-weight: 400;\" aria-level=\"1\"><span style=\"font-weight: 400;\">360 kolor\u00f3w \u015bwiat\u0142a z zakresu RGB (HSI),<\/span><\/li>\n<li style=\"font-weight: 400;\" aria-level=\"1\"><span style=\"font-weight: 400;\">mo\u017cliwo\u015b\u0107 regulacji nasycenia kolor\u00f3w,<\/span><\/li>\n<li style=\"font-weight: 400;\" aria-level=\"1\"><span style=\"font-weight: 400;\">zmienna temperatura barwowa w zakresie 2000~10000 K (z korekt\u0105 ziele\u0144\/magenta),<\/span><\/li>\n<li style=\"font-weight: 400;\" aria-level=\"1\"><span style=\"font-weight: 400;\">maksymalna moc wynosi 8 W,<\/span><\/li>\n<li style=\"font-weight: 400;\" aria-level=\"1\"><span style=\"font-weight: 400;\">wysokie parametry odwzorowania barw (CRI &gt;96),<\/span><\/li>\n<li style=\"font-weight: 400;\" aria-level=\"1\"><span style=\"font-weight: 400;\">mo\u017cliwo\u015b\u0107 zasilania z sieci elektrycznej przez z\u0142\u0105cze USB-C,<\/span><\/li>\n<li style=\"font-weight: 400;\" aria-level=\"1\"><span style=\"font-weight: 400;\">p\u0142ynna, bezstopniowa regulacja jasno\u015bci,<\/span><\/li>\n<li style=\"font-weight: 400;\" aria-level=\"1\"><span style=\"font-weight: 400;\">pasywny (cichy) system ch\u0142odzenia,<\/span><\/li>\n<li style=\"font-weight: 400;\" aria-level=\"1\"><span style=\"font-weight: 400;\">wyposa\u017cona w dwa mocowania statywowe z gwintem 1\/4\u201d-20,<\/span><\/li>\n<li style=\"font-weight: 400;\" aria-level=\"1\"><span style=\"font-weight: 400;\">posiada wbudowany dyfuzor,<\/span><\/li>\n<li style=\"font-weight: 400;\" aria-level=\"1\"><span style=\"font-weight: 400;\">wyposa\u017cona w 20 efekt\u00f3w o\u015bwietleniowych.<\/span><\/li>\n<\/ul>\n<h3><strong>Zawarto\u015b\u0107 pude\u0142ka<\/strong><\/h3>\n<ul>\n<li style=\"font-weight: 400;\" aria-level=\"1\"><span style=\"font-weight: 400;\">1x lampa,<\/span><\/li>\n<li style=\"font-weight: 400;\" aria-level=\"1\"><span style=\"font-weight: 400;\">1x etui,<\/span><\/li>\n<li style=\"font-weight: 400;\" aria-level=\"1\"><span style=\"font-weight: 400;\">1x przew\u00f3d do \u0142adowania,<\/span><\/li>\n<li style=\"font-weight: 400;\" aria-level=\"1\"><span style=\"font-weight: 400;\">1x instrukcja obs\u0142ugi,<\/span><\/li>\n<li style=\"font-weight: 400;\" aria-level=\"1\"><span style=\"font-weight: 400;\">1x akumulator 18650,<\/span><\/li>\n<li style=\"font-weight: 400;\" aria-level=\"1\"><span style=\"font-weight: 400;\">2x metalowa p\u0142ytka.<\/span><\/li>\n<\/ul>\n","protected":false},"excerpt":{"rendered":"<p>GlareOne LED Tube 8 RGB to 8-watowa tuba LED, cechuj\u0105ca si\u0119 zdolno\u015bci\u0105 do zmiany kolor\u00f3w \u015bwiat\u0142a w zakresie RGB (z 360 odcieniami), regulacj\u0105 temperatury barwowej od 2000 do 10 000 K oraz wysok\u0105 jako\u015bci\u0105 odwzorowania kolor\u00f3w (CRI &gt;96, TLCI &gt;98).\u00a0 \u0141atwo\u015b\u0107 u\u017cycia GlareOne LED Tube to lampa o sta\u0142ym \u015bwietle, dzi\u0119ki czemu ma wiele mo\u017cliwo\u015bci [&hellip;]<\/p>\n","protected":false},"featured_media":1689,"template":"","meta":[],"product_brand":[],"product_cat":[330],"product_tag":[],"class_list":{"0":"post-1054","1":"product","2":"type-product","3":"status-publish","4":"has-post-thumbnail","6":"product_cat-led-tube-panel","8":"first","9":"instock","10":"product-type-simple"},"yoast_head":"<!-- This site is optimized with the Yoast SEO plugin v27.2 - https:\/\/yoast.com\/product\/yoast-seo-wordpress\/ -->\n<title>GlareOne LED Tube 8 RGB<\/title>\n<meta name=\"description\" content=\"GlareOne LED Tube 8 RGB\" \/>\n<meta name=\"robots\" content=\"index, follow, max-snippet:-1, max-image-preview:large, max-video-preview:-1\" \/>\n<link rel=\"canonical\" href=\"https:\/\/glareone.eu\/pl\/produkt\/glareone-led-tube-8-rgb\/\" \/>\n<meta property=\"og:locale\" content=\"pl_PL\" \/>\n<meta property=\"og:type\" content=\"article\" \/>\n<meta property=\"og:title\" content=\"GlareOne LED Tube 8 RGB\" \/>\n<meta property=\"og:description\" content=\"GlareOne LED Tube 8 RGB\" \/>\n<meta property=\"og:url\" content=\"https:\/\/glareone.eu\/pl\/produkt\/glareone-led-tube-8-rgb\/\" \/>\n<meta property=\"og:site_name\" content=\"GlareOne\" \/>\n<meta property=\"article:publisher\" content=\"https:\/\/www.facebook.com\/GlareOneLighting\" \/>\n<meta property=\"article:modified_time\" content=\"2024-12-09T13:59:26+00:00\" \/>\n<meta property=\"og:image\" content=\"https:\/\/glareone.eu\/wp-content\/uploads\/2024\/04\/SLEDT8RGB_02.jpg\" \/>\n\t<meta property=\"og:image:width\" content=\"1200\" \/>\n\t<meta property=\"og:image:height\" content=\"1200\" \/>\n\t<meta property=\"og:image:type\" content=\"image\/jpeg\" \/>\n<meta name=\"twitter:card\" content=\"summary_large_image\" \/>\n<meta name=\"twitter:title\" content=\"GlareOne LED Tube 8 RGB\" \/>\n<meta name=\"twitter:label1\" content=\"Szacowany czas czytania\" \/>\n\t<meta name=\"twitter:data1\" content=\"3 minuty\" \/>\n<script type=\"application\/ld+json\" class=\"yoast-schema-graph\">{\"@context\":\"https:\/\/schema.org\",\"@graph\":[{\"@type\":\"WebPage\",\"@id\":\"https:\/\/glareone.eu\/pl\/produkt\/glareone-led-tube-8-rgb\/\",\"url\":\"https:\/\/glareone.eu\/pl\/produkt\/glareone-led-tube-8-rgb\/\",\"name\":\"GlareOne LED Tube 8 RGB\",\"isPartOf\":{\"@id\":\"https:\/\/glareone.eu\/pl\/en\/#website\"},\"primaryImageOfPage\":{\"@id\":\"https:\/\/glareone.eu\/pl\/produkt\/glareone-led-tube-8-rgb\/#primaryimage\"},\"image\":{\"@id\":\"https:\/\/glareone.eu\/pl\/produkt\/glareone-led-tube-8-rgb\/#primaryimage\"},\"thumbnailUrl\":\"https:\/\/glareone.eu\/wp-content\/uploads\/2024\/04\/SLEDT8RGB_02.jpg\",\"datePublished\":\"2024-04-18T19:26:33+00:00\",\"dateModified\":\"2024-12-09T13:59:26+00:00\",\"description\":\"GlareOne LED Tube 8 RGB\",\"breadcrumb\":{\"@id\":\"https:\/\/glareone.eu\/pl\/produkt\/glareone-led-tube-8-rgb\/#breadcrumb\"},\"inLanguage\":\"pl-PL\",\"potentialAction\":[{\"@type\":\"ReadAction\",\"target\":[\"https:\/\/glareone.eu\/pl\/produkt\/glareone-led-tube-8-rgb\/\"]}]},{\"@type\":\"ImageObject\",\"inLanguage\":\"pl-PL\",\"@id\":\"https:\/\/glareone.eu\/pl\/produkt\/glareone-led-tube-8-rgb\/#primaryimage\",\"url\":\"https:\/\/glareone.eu\/wp-content\/uploads\/2024\/04\/SLEDT8RGB_02.jpg\",\"contentUrl\":\"https:\/\/glareone.eu\/wp-content\/uploads\/2024\/04\/SLEDT8RGB_02.jpg\",\"width\":1200,\"height\":1200},{\"@type\":\"BreadcrumbList\",\"@id\":\"https:\/\/glareone.eu\/pl\/produkt\/glareone-led-tube-8-rgb\/#breadcrumb\",\"itemListElement\":[{\"@type\":\"ListItem\",\"position\":1,\"name\":\"Strona g\u0142\u00f3wna\",\"item\":\"https:\/\/glareone.eu\/pl\/\"},{\"@type\":\"ListItem\",\"position\":2,\"name\":\"Wszystkie produkty\",\"item\":\"https:\/\/glareone.eu\/pl\/produkty\/wszystkie-produkty\/\"},{\"@type\":\"ListItem\",\"position\":3,\"name\":\"GlareOne LED Tube 8 RGB\"}]},{\"@type\":\"WebSite\",\"@id\":\"https:\/\/glareone.eu\/pl\/en\/#website\",\"url\":\"https:\/\/glareone.eu\/pl\/en\/\",\"name\":\"GlareOne\",\"description\":\"Wyposa\u017cenie Studia\",\"publisher\":{\"@id\":\"https:\/\/glareone.eu\/pl\/en\/#organization\"},\"potentialAction\":[{\"@type\":\"SearchAction\",\"target\":{\"@type\":\"EntryPoint\",\"urlTemplate\":\"https:\/\/glareone.eu\/pl\/en\/?s={search_term_string}\"},\"query-input\":{\"@type\":\"PropertyValueSpecification\",\"valueRequired\":true,\"valueName\":\"search_term_string\"}}],\"inLanguage\":\"pl-PL\"},{\"@type\":\"Organization\",\"@id\":\"https:\/\/glareone.eu\/pl\/en\/#organization\",\"name\":\"GlareOne\",\"url\":\"https:\/\/glareone.eu\/pl\/en\/\",\"logo\":{\"@type\":\"ImageObject\",\"inLanguage\":\"pl-PL\",\"@id\":\"https:\/\/glareone.eu\/pl\/en\/#\/schema\/logo\/image\/\",\"url\":\"http:\/\/glareone.eu\/wp-content\/uploads\/2024\/05\/glareone_logo2020_RGB-01-e1715773127189.png\",\"contentUrl\":\"http:\/\/glareone.eu\/wp-content\/uploads\/2024\/05\/glareone_logo2020_RGB-01-e1715773127189.png\",\"width\":1270,\"height\":321,\"caption\":\"GlareOne\"},\"image\":{\"@id\":\"https:\/\/glareone.eu\/pl\/en\/#\/schema\/logo\/image\/\"},\"sameAs\":[\"https:\/\/www.facebook.com\/GlareOneLighting\",\"https:\/\/www.instagram.com\/glareonelighting\/\",\"https:\/\/www.youtube.com\/@GlareOneTV\"]}]}<\/script>\n<!-- \/ Yoast SEO plugin. -->","yoast_head_json":{"title":"GlareOne LED Tube 8 RGB","description":"GlareOne LED Tube 8 RGB","robots":{"index":"index","follow":"follow","max-snippet":"max-snippet:-1","max-image-preview":"max-image-preview:large","max-video-preview":"max-video-preview:-1"},"canonical":"https:\/\/glareone.eu\/pl\/produkt\/glareone-led-tube-8-rgb\/","og_locale":"pl_PL","og_type":"article","og_title":"GlareOne LED Tube 8 RGB","og_description":"GlareOne LED Tube 8 RGB","og_url":"https:\/\/glareone.eu\/pl\/produkt\/glareone-led-tube-8-rgb\/","og_site_name":"GlareOne","article_publisher":"https:\/\/www.facebook.com\/GlareOneLighting","article_modified_time":"2024-12-09T13:59:26+00:00","og_image":[{"width":1200,"height":1200,"url":"https:\/\/glareone.eu\/wp-content\/uploads\/2024\/04\/SLEDT8RGB_02.jpg","type":"image\/jpeg"}],"twitter_card":"summary_large_image","twitter_title":"GlareOne LED Tube 8 RGB","twitter_misc":{"Szacowany czas czytania":"3 minuty"},"schema":{"@context":"https:\/\/schema.org","@graph":[{"@type":"WebPage","@id":"https:\/\/glareone.eu\/pl\/produkt\/glareone-led-tube-8-rgb\/","url":"https:\/\/glareone.eu\/pl\/produkt\/glareone-led-tube-8-rgb\/","name":"GlareOne LED Tube 8 RGB","isPartOf":{"@id":"https:\/\/glareone.eu\/pl\/en\/#website"},"primaryImageOfPage":{"@id":"https:\/\/glareone.eu\/pl\/produkt\/glareone-led-tube-8-rgb\/#primaryimage"},"image":{"@id":"https:\/\/glareone.eu\/pl\/produkt\/glareone-led-tube-8-rgb\/#primaryimage"},"thumbnailUrl":"https:\/\/glareone.eu\/wp-content\/uploads\/2024\/04\/SLEDT8RGB_02.jpg","datePublished":"2024-04-18T19:26:33+00:00","dateModified":"2024-12-09T13:59:26+00:00","description":"GlareOne LED Tube 8 RGB","breadcrumb":{"@id":"https:\/\/glareone.eu\/pl\/produkt\/glareone-led-tube-8-rgb\/#breadcrumb"},"inLanguage":"pl-PL","potentialAction":[{"@type":"ReadAction","target":["https:\/\/glareone.eu\/pl\/produkt\/glareone-led-tube-8-rgb\/"]}]},{"@type":"ImageObject","inLanguage":"pl-PL","@id":"https:\/\/glareone.eu\/pl\/produkt\/glareone-led-tube-8-rgb\/#primaryimage","url":"https:\/\/glareone.eu\/wp-content\/uploads\/2024\/04\/SLEDT8RGB_02.jpg","contentUrl":"https:\/\/glareone.eu\/wp-content\/uploads\/2024\/04\/SLEDT8RGB_02.jpg","width":1200,"height":1200},{"@type":"BreadcrumbList","@id":"https:\/\/glareone.eu\/pl\/produkt\/glareone-led-tube-8-rgb\/#breadcrumb","itemListElement":[{"@type":"ListItem","position":1,"name":"Strona g\u0142\u00f3wna","item":"https:\/\/glareone.eu\/pl\/"},{"@type":"ListItem","position":2,"name":"Wszystkie produkty","item":"https:\/\/glareone.eu\/pl\/produkty\/wszystkie-produkty\/"},{"@type":"ListItem","position":3,"name":"GlareOne LED Tube 8 RGB"}]},{"@type":"WebSite","@id":"https:\/\/glareone.eu\/pl\/en\/#website","url":"https:\/\/glareone.eu\/pl\/en\/","name":"GlareOne","description":"Wyposa\u017cenie Studia","publisher":{"@id":"https:\/\/glareone.eu\/pl\/en\/#organization"},"potentialAction":[{"@type":"SearchAction","target":{"@type":"EntryPoint","urlTemplate":"https:\/\/glareone.eu\/pl\/en\/?s={search_term_string}"},"query-input":{"@type":"PropertyValueSpecification","valueRequired":true,"valueName":"search_term_string"}}],"inLanguage":"pl-PL"},{"@type":"Organization","@id":"https:\/\/glareone.eu\/pl\/en\/#organization","name":"GlareOne","url":"https:\/\/glareone.eu\/pl\/en\/","logo":{"@type":"ImageObject","inLanguage":"pl-PL","@id":"https:\/\/glareone.eu\/pl\/en\/#\/schema\/logo\/image\/","url":"http:\/\/glareone.eu\/wp-content\/uploads\/2024\/05\/glareone_logo2020_RGB-01-e1715773127189.png","contentUrl":"http:\/\/glareone.eu\/wp-content\/uploads\/2024\/05\/glareone_logo2020_RGB-01-e1715773127189.png","width":1270,"height":321,"caption":"GlareOne"},"image":{"@id":"https:\/\/glareone.eu\/pl\/en\/#\/schema\/logo\/image\/"},"sameAs":["https:\/\/www.facebook.com\/GlareOneLighting","https:\/\/www.instagram.com\/glareonelighting\/","https:\/\/www.youtube.com\/@GlareOneTV"]}]}},"_links":{"self":[{"href":"https:\/\/glareone.eu\/pl\/wp-json\/wp\/v2\/product\/1054","targetHints":{"allow":["GET"]}}],"collection":[{"href":"https:\/\/glareone.eu\/pl\/wp-json\/wp\/v2\/product"}],"about":[{"href":"https:\/\/glareone.eu\/pl\/wp-json\/wp\/v2\/types\/product"}],"wp:featuredmedia":[{"embeddable":true,"href":"https:\/\/glareone.eu\/pl\/wp-json\/wp\/v2\/media\/1689"}],"wp:attachment":[{"href":"https:\/\/glareone.eu\/pl\/wp-json\/wp\/v2\/media?parent=1054"}],"wp:term":[{"taxonomy":"product_brand","embeddable":true,"href":"https:\/\/glareone.eu\/pl\/wp-json\/wp\/v2\/product_brand?post=1054"},{"taxonomy":"product_cat","embeddable":true,"href":"https:\/\/glareone.eu\/pl\/wp-json\/wp\/v2\/product_cat?post=1054"},{"taxonomy":"product_tag","embeddable":true,"href":"https:\/\/glareone.eu\/pl\/wp-json\/wp\/v2\/product_tag?post=1054"}],"curies":[{"name":"wp","href":"https:\/\/api.w.org\/{rel}","templated":true}]}}