{"id":1053,"date":"2024-04-18T19:26:33","date_gmt":"2024-04-18T19:26:33","guid":{"rendered":"http:\/\/glareone.eu\/produkt\/glareone-led-120-bicolor-d-location-kit\/"},"modified":"2024-04-24T09:54:40","modified_gmt":"2024-04-24T09:54:40","slug":"glareone-led-120-bicolor-d-location-kit","status":"publish","type":"product","link":"https:\/\/glareone.eu\/pl\/produkt\/glareone-led-120-bicolor-d-location-kit\/","title":{"rendered":"GlareOne LED 120 BiColor D Location Kit"},"content":{"rendered":"<p><span style=\"font-weight: 400;\">Lampa studyjna LED o mocy 120 W charakteryzuje si\u0119 regulowan\u0105 temperatur\u0105 barwow\u0105 w zakresie od 2700 do 6500 K oraz mo\u017cliwo\u015bci\u0105 zasilania zar\u00f3wno z sieci elektrycznej, jak i z akumulator\u00f3w V-mount, przy u\u017cyciu adaptera GlareOne LEDAHV.\u00a0<\/span><\/p>\n<p><span style=\"font-weight: 400;\">W pakiecie Location Kit dodatkowo, opr\u00f3cz lampy i zasilacza, znajduje si\u0119 czasza oraz adapter zasilania bezprzewodowego LEDAHV. A to wszystko zapakowane w estetyczn\u0105 torb\u0119.\u00a0<\/span><\/p>\n<h3><strong>Zasilanie bezprzewodowe<\/strong><\/h3>\n<p><span style=\"font-weight: 400;\">Lampa GlareOne LED 120 BiColor D ma dwie opcje zasilania. Mo\u017cna j\u0105 pod\u0142\u0105czy\u0107 do gniazdka sieciowego przy u\u017cyciu dostarczonego kabla zasilaj\u0105cego lub korzysta\u0107 z akumulator\u00f3w V-mount, u\u017cywaj\u0105c oddzielnego adaptera GlareOne LEDAHV. Przy pe\u0142nej mocy jedno na\u0142adowane ogniwo V-mount o napi\u0119ciu 14,8 V i pojemno\u015bci 95 Wh zapewnia 60 minut pracy lampy LED 120.<\/span><\/p>\n<h3><strong>Uniwersalno\u015b\u0107<\/strong><\/h3>\n<p><span style=\"font-weight: 400;\">Dzi\u0119ki mocowaniu typu Bowens, lampa LED 120 BiColor D jest gotowa do wsp\u00f3\u0142pracy z szerokim zakresem modyfikator\u00f3w \u015bwiat\u0142a dost\u0119pnych na rynku, zar\u00f3wno produkowanych przez GlareOne, jak i przez r\u00f3\u017cne inne renomowane marki. Mo\u017cesz wykorzysta\u0107 t\u0119 lamp\u0119 z r\u00f3\u017cnymi rodzajami softbox\u00f3w, grid\u00f3w, wr\u00f3t, modyfikator\u00f3w typu Fresnel, soczewek i wieloma innymi akcesoriami.<\/span><\/p>\n<h3><strong>Kolor \u015bwiat\u0142a<\/strong><\/h3>\n<p><span style=\"font-weight: 400;\">Wska\u017anik TLCI (Television Lighting Consistency Index) dla tego modelu wynosi ponad 98, a CRI (Color Rendering Index) wynosi ponad 97, niezale\u017cnie od obecnie ustawionej temperatury barwowej. To gwarantuje, \u017ce lampa doskonale nadaje si\u0119 do o\u015bwietlania zar\u00f3wno plan\u00f3w filmowych, jak i sesji fotograficznych, zapewniaj\u0105c dok\u0142adne odwzorowanie kolor\u00f3w.<\/span><\/p>\n<h3><strong>Elastyczno\u015b\u0107<\/strong><\/h3>\n<p><span style=\"font-weight: 400;\">Lampa GlareOne LED 120 BiColor D jest wyposa\u017cona w uk\u0142ad COB LED, kt\u00f3ry umo\u017cliwia regulacj\u0119 temperatury barwowej od 2700 K do 6500 K. To zapewnia znaczn\u0105 elastyczno\u015b\u0107 podczas pracy z r\u00f3\u017cnymi \u017ar\u00f3d\u0142ami \u015bwiat\u0142a, niezale\u017cnie od tego, czy jest to \u015bwiat\u0142o naturalne, czy sztuczne.<\/span><\/p>\n<h3><strong>Stabilno\u015b\u0107<\/strong><\/h3>\n<p><span style=\"font-weight: 400;\">Lampa LED 120 BiColor D \u015bwietnie nadaje si\u0119 do o\u015bwietlania planu zdj\u0119ciowego przy szybko\u015bci nagrywania nawet 400 klatek na sekund\u0119, bez efektu migotania.<\/span><\/p>\n<h3><strong>Moc<\/strong><\/h3>\n<p><span style=\"font-weight: 400;\">Lampa GlareOne LED 120 BiColor D wyr\u00f3\u017cnia si\u0119 znaczn\u0105 moc\u0105 i du\u017c\u0105 jasno\u015bci\u0105 generowanego \u015bwiat\u0142a. Jest w stanie dostarczy\u0107 intensywny strumie\u0144 \u015bwiat\u0142a, przekraczaj\u0105cy 77 800 luks\u00f3w, co pozwala na elastyczne dostosowanie i manipulacj\u0119 \u015bwiat\u0142em, aby osi\u0105gn\u0105\u0107 po\u017c\u0105dane efekty na planie zdj\u0119ciowym.<\/span><\/p>\n<h3><strong>Cicha praca<\/strong><\/h3>\n<p><span style=\"font-weight: 400;\">Lampa jest wyposa\u017cona w system ch\u0142odzenia, kt\u00f3ry zawiera radiator i cichy wentylator, generuj\u0105cy ha\u0142as na poziomie poni\u017cej 30 dB. Tak niski poziom ha\u0142asu u\u0142atwia rejestracj\u0119 d\u017awi\u0119ku na planie.\u00a0\u00a0<\/span><\/p>\n<h3><strong>Efekty o\u015bwietleniowe<\/strong><\/h3>\n<p><span style=\"font-weight: 400;\">Lampa posiada 9 r\u00f3\u017cnych efekt\u00f3w o\u015bwietleniowych, kt\u00f3re umo\u017cliwiaj\u0105 symulacj\u0119 r\u00f3\u017cnych \u017ar\u00f3de\u0142 \u015bwiat\u0142a, takich jak uszkodzona \u015bwietl\u00f3wka, sztuczne ognie, b\u0142yskawica (w trzech wariantach), flesze (w trzech wariantach) oraz efekt telewizora.<\/span><\/p>\n<h3><strong>Cechy GlareOne LED 120 BiColor D:<\/strong><\/h3>\n<ul>\n<li style=\"font-weight: 400;\" aria-level=\"1\"><span style=\"font-weight: 400;\">Kompaktowa i solidna obudowa.<\/span><\/li>\n<li style=\"font-weight: 400;\" aria-level=\"1\"><span style=\"font-weight: 400;\">Zmienna temperatura barwowa w zakresie 2700~6500 K.<\/span><\/li>\n<li style=\"font-weight: 400;\" aria-level=\"1\"><span style=\"font-weight: 400;\">Okr\u0105g\u0142a dioda typu COB o mocy 120 W.<\/span><\/li>\n<li style=\"font-weight: 400;\" aria-level=\"1\"><span style=\"font-weight: 400;\">Wysoka wydajno\u015b\u0107 i jasno\u015b\u0107 (&gt;77800 lux).<\/span><\/li>\n<li style=\"font-weight: 400;\" aria-level=\"1\"><span style=\"font-weight: 400;\">Bardzo dobre odwzorowanie barw (CRI &gt;97, TLCI &gt;98).<\/span><\/li>\n<li style=\"font-weight: 400;\" aria-level=\"1\"><span style=\"font-weight: 400;\">Mo\u017cliwo\u015b\u0107 zasilania z akumulator\u00f3w typu V-mount przy pomocy adaptera GlareOne LEDAHV (dost\u0119pnego w Location Kit).<\/span><\/li>\n<li style=\"font-weight: 400;\" aria-level=\"1\"><span style=\"font-weight: 400;\">Regulacja jasno\u015bci od 0 do 100% mocy.<\/span><\/li>\n<li style=\"font-weight: 400;\" aria-level=\"1\"><span style=\"font-weight: 400;\">Brak migotania nawet do poziomu 400 kl\/s.<\/span><\/li>\n<li style=\"font-weight: 400;\" aria-level=\"1\"><span style=\"font-weight: 400;\">Mocowanie modyfikator\u00f3w \u015bwiat\u0142a typu Bowens.<\/span><\/li>\n<li style=\"font-weight: 400;\" aria-level=\"1\"><span style=\"font-weight: 400;\">Wsp\u00f3\u0142praca z aplikacj\u0105 GlareOne Studio, umo\u017cliwiaj\u0105c\u0105 sterowanie z poziomu telefonu lub tabletu.<\/span><\/li>\n<li style=\"font-weight: 400;\" aria-level=\"1\"><span style=\"font-weight: 400;\">9 tryb\u00f3w o\u015bwietlania symuluj\u0105cych mi\u0119dzy innymi b\u0142yskawice, ekran TV czy zepsut\u0105 \u015bwietl\u00f3wk\u0119.<\/span><\/li>\n<li style=\"font-weight: 400;\" aria-level=\"1\"><span style=\"font-weight: 400;\">Cichy i wydajny system aktywnego ch\u0142odzenia (&lt;30 dB).\u00a0<\/span><\/li>\n<li style=\"font-weight: 400;\" aria-level=\"1\"><span style=\"font-weight: 400;\">Zintegrowany uchwyt do parasolek.<\/span><\/li>\n<li style=\"font-weight: 400;\" aria-level=\"1\"><span style=\"font-weight: 400;\">Ergonomicznie zaprojektowany uchwyt u\u0142atwiaj\u0105cy regulacj\u0119 k\u0105ta nachylenia.<\/span><\/li>\n<\/ul>\n<h3><strong>Zawarto\u015b\u0107 pude\u0142ka:<\/strong><\/h3>\n<ul>\n<li style=\"font-weight: 400;\" aria-level=\"1\"><span style=\"font-weight: 400;\">1x lampa,<\/span><\/li>\n<li style=\"font-weight: 400;\" aria-level=\"1\"><span style=\"font-weight: 400;\">1x zasilacz,<\/span><\/li>\n<li style=\"font-weight: 400;\" aria-level=\"1\"><span style=\"font-weight: 400;\">1x os\u0142ona transportowa,<\/span><\/li>\n<li style=\"font-weight: 400;\" aria-level=\"1\"><span style=\"font-weight: 400;\">1x instrukcja obs\u0142ugi,<\/span><\/li>\n<li style=\"font-weight: 400;\" aria-level=\"1\"><span style=\"font-weight: 400;\">1x adapter LEDAHV,<\/span><\/li>\n<li style=\"font-weight: 400;\" aria-level=\"1\"><span style=\"font-weight: 400;\">1x czasza,<\/span><\/li>\n<li style=\"font-weight: 400;\" aria-level=\"1\"><span style=\"font-weight: 400;\">1x torba.<\/span><\/li>\n<\/ul>\n","protected":false},"excerpt":{"rendered":"<p>Lampa studyjna LED o mocy 120 W charakteryzuje si\u0119 regulowan\u0105 temperatur\u0105 barwow\u0105 w zakresie od 2700 do 6500 K oraz mo\u017cliwo\u015bci\u0105 zasilania zar\u00f3wno z sieci elektrycznej, jak i z akumulator\u00f3w V-mount, przy u\u017cyciu adaptera GlareOne LEDAHV.\u00a0 W pakiecie Location Kit dodatkowo, opr\u00f3cz lampy i zasilacza, znajduje si\u0119 czasza oraz adapter zasilania bezprzewodowego LEDAHV. A to [&hellip;]<\/p>\n","protected":false},"featured_media":1676,"template":"","meta":[],"product_brand":[],"product_cat":[329],"product_tag":[],"class_list":{"0":"post-1053","1":"product","2":"type-product","3":"status-publish","4":"has-post-thumbnail","6":"product_cat-lampy-led-z-mocowaniem-bowens","8":"first","9":"instock","10":"product-type-simple"},"yoast_head":"<!-- This site is optimized with the Yoast SEO plugin v27.2 - https:\/\/yoast.com\/product\/yoast-seo-wordpress\/ -->\n<title>GlareOne LED 120 BiColor D Location Kit<\/title>\n<meta name=\"description\" content=\"GlareOne LED 120 BiColor D Location Kit\" \/>\n<meta name=\"robots\" content=\"index, follow, max-snippet:-1, max-image-preview:large, max-video-preview:-1\" \/>\n<link rel=\"canonical\" href=\"https:\/\/glareone.eu\/pl\/produkt\/glareone-led-120-bicolor-d-location-kit\/\" \/>\n<meta property=\"og:locale\" content=\"pl_PL\" \/>\n<meta property=\"og:type\" content=\"article\" \/>\n<meta property=\"og:title\" content=\"GlareOne LED 120 BiColor D Location Kit\" \/>\n<meta property=\"og:description\" content=\"GlareOne LED 120 BiColor D Location Kit\" \/>\n<meta property=\"og:url\" content=\"https:\/\/glareone.eu\/pl\/produkt\/glareone-led-120-bicolor-d-location-kit\/\" \/>\n<meta property=\"og:site_name\" content=\"GlareOne\" \/>\n<meta property=\"article:publisher\" content=\"https:\/\/www.facebook.com\/GlareOneLighting\" \/>\n<meta property=\"article:modified_time\" content=\"2024-04-24T09:54:40+00:00\" \/>\n<meta property=\"og:image\" content=\"https:\/\/glareone.eu\/wp-content\/uploads\/2024\/04\/SLED120BCD_00.jpg\" \/>\n\t<meta property=\"og:image:width\" content=\"1200\" \/>\n\t<meta property=\"og:image:height\" content=\"1200\" \/>\n\t<meta property=\"og:image:type\" content=\"image\/jpeg\" \/>\n<meta name=\"twitter:card\" content=\"summary_large_image\" \/>\n<meta name=\"twitter:title\" content=\"GlareOne LED 120 BiColor D Location Kit\" \/>\n<meta name=\"twitter:label1\" content=\"Szacowany czas czytania\" \/>\n\t<meta name=\"twitter:data1\" content=\"4 minuty\" \/>\n<script type=\"application\/ld+json\" class=\"yoast-schema-graph\">{\"@context\":\"https:\/\/schema.org\",\"@graph\":[{\"@type\":\"WebPage\",\"@id\":\"https:\/\/glareone.eu\/pl\/produkt\/glareone-led-120-bicolor-d-location-kit\/\",\"url\":\"https:\/\/glareone.eu\/pl\/produkt\/glareone-led-120-bicolor-d-location-kit\/\",\"name\":\"GlareOne LED 120 BiColor D Location Kit\",\"isPartOf\":{\"@id\":\"https:\/\/glareone.eu\/pl\/en\/#website\"},\"primaryImageOfPage\":{\"@id\":\"https:\/\/glareone.eu\/pl\/produkt\/glareone-led-120-bicolor-d-location-kit\/#primaryimage\"},\"image\":{\"@id\":\"https:\/\/glareone.eu\/pl\/produkt\/glareone-led-120-bicolor-d-location-kit\/#primaryimage\"},\"thumbnailUrl\":\"https:\/\/glareone.eu\/wp-content\/uploads\/2024\/04\/SLED120BCD_00.jpg\",\"datePublished\":\"2024-04-18T19:26:33+00:00\",\"dateModified\":\"2024-04-24T09:54:40+00:00\",\"description\":\"GlareOne LED 120 BiColor D Location Kit\",\"breadcrumb\":{\"@id\":\"https:\/\/glareone.eu\/pl\/produkt\/glareone-led-120-bicolor-d-location-kit\/#breadcrumb\"},\"inLanguage\":\"pl-PL\",\"potentialAction\":[{\"@type\":\"ReadAction\",\"target\":[\"https:\/\/glareone.eu\/pl\/produkt\/glareone-led-120-bicolor-d-location-kit\/\"]}]},{\"@type\":\"ImageObject\",\"inLanguage\":\"pl-PL\",\"@id\":\"https:\/\/glareone.eu\/pl\/produkt\/glareone-led-120-bicolor-d-location-kit\/#primaryimage\",\"url\":\"https:\/\/glareone.eu\/wp-content\/uploads\/2024\/04\/SLED120BCD_00.jpg\",\"contentUrl\":\"https:\/\/glareone.eu\/wp-content\/uploads\/2024\/04\/SLED120BCD_00.jpg\",\"width\":1200,\"height\":1200},{\"@type\":\"BreadcrumbList\",\"@id\":\"https:\/\/glareone.eu\/pl\/produkt\/glareone-led-120-bicolor-d-location-kit\/#breadcrumb\",\"itemListElement\":[{\"@type\":\"ListItem\",\"position\":1,\"name\":\"Strona g\u0142\u00f3wna\",\"item\":\"https:\/\/glareone.eu\/pl\/\"},{\"@type\":\"ListItem\",\"position\":2,\"name\":\"Wszystkie produkty\",\"item\":\"https:\/\/glareone.eu\/pl\/produkty\/wszystkie-produkty\/\"},{\"@type\":\"ListItem\",\"position\":3,\"name\":\"GlareOne LED 120 BiColor D Location Kit\"}]},{\"@type\":\"WebSite\",\"@id\":\"https:\/\/glareone.eu\/pl\/en\/#website\",\"url\":\"https:\/\/glareone.eu\/pl\/en\/\",\"name\":\"GlareOne\",\"description\":\"Wyposa\u017cenie Studia\",\"publisher\":{\"@id\":\"https:\/\/glareone.eu\/pl\/en\/#organization\"},\"potentialAction\":[{\"@type\":\"SearchAction\",\"target\":{\"@type\":\"EntryPoint\",\"urlTemplate\":\"https:\/\/glareone.eu\/pl\/en\/?s={search_term_string}\"},\"query-input\":{\"@type\":\"PropertyValueSpecification\",\"valueRequired\":true,\"valueName\":\"search_term_string\"}}],\"inLanguage\":\"pl-PL\"},{\"@type\":\"Organization\",\"@id\":\"https:\/\/glareone.eu\/pl\/en\/#organization\",\"name\":\"GlareOne\",\"url\":\"https:\/\/glareone.eu\/pl\/en\/\",\"logo\":{\"@type\":\"ImageObject\",\"inLanguage\":\"pl-PL\",\"@id\":\"https:\/\/glareone.eu\/pl\/en\/#\/schema\/logo\/image\/\",\"url\":\"http:\/\/glareone.eu\/wp-content\/uploads\/2024\/05\/glareone_logo2020_RGB-01-e1715773127189.png\",\"contentUrl\":\"http:\/\/glareone.eu\/wp-content\/uploads\/2024\/05\/glareone_logo2020_RGB-01-e1715773127189.png\",\"width\":1270,\"height\":321,\"caption\":\"GlareOne\"},\"image\":{\"@id\":\"https:\/\/glareone.eu\/pl\/en\/#\/schema\/logo\/image\/\"},\"sameAs\":[\"https:\/\/www.facebook.com\/GlareOneLighting\",\"https:\/\/www.instagram.com\/glareonelighting\/\",\"https:\/\/www.youtube.com\/@GlareOneTV\"]}]}<\/script>\n<!-- \/ Yoast SEO plugin. -->","yoast_head_json":{"title":"GlareOne LED 120 BiColor D Location Kit","description":"GlareOne LED 120 BiColor D Location Kit","robots":{"index":"index","follow":"follow","max-snippet":"max-snippet:-1","max-image-preview":"max-image-preview:large","max-video-preview":"max-video-preview:-1"},"canonical":"https:\/\/glareone.eu\/pl\/produkt\/glareone-led-120-bicolor-d-location-kit\/","og_locale":"pl_PL","og_type":"article","og_title":"GlareOne LED 120 BiColor D Location Kit","og_description":"GlareOne LED 120 BiColor D Location Kit","og_url":"https:\/\/glareone.eu\/pl\/produkt\/glareone-led-120-bicolor-d-location-kit\/","og_site_name":"GlareOne","article_publisher":"https:\/\/www.facebook.com\/GlareOneLighting","article_modified_time":"2024-04-24T09:54:40+00:00","og_image":[{"width":1200,"height":1200,"url":"https:\/\/glareone.eu\/wp-content\/uploads\/2024\/04\/SLED120BCD_00.jpg","type":"image\/jpeg"}],"twitter_card":"summary_large_image","twitter_title":"GlareOne LED 120 BiColor D Location Kit","twitter_misc":{"Szacowany czas czytania":"4 minuty"},"schema":{"@context":"https:\/\/schema.org","@graph":[{"@type":"WebPage","@id":"https:\/\/glareone.eu\/pl\/produkt\/glareone-led-120-bicolor-d-location-kit\/","url":"https:\/\/glareone.eu\/pl\/produkt\/glareone-led-120-bicolor-d-location-kit\/","name":"GlareOne LED 120 BiColor D Location Kit","isPartOf":{"@id":"https:\/\/glareone.eu\/pl\/en\/#website"},"primaryImageOfPage":{"@id":"https:\/\/glareone.eu\/pl\/produkt\/glareone-led-120-bicolor-d-location-kit\/#primaryimage"},"image":{"@id":"https:\/\/glareone.eu\/pl\/produkt\/glareone-led-120-bicolor-d-location-kit\/#primaryimage"},"thumbnailUrl":"https:\/\/glareone.eu\/wp-content\/uploads\/2024\/04\/SLED120BCD_00.jpg","datePublished":"2024-04-18T19:26:33+00:00","dateModified":"2024-04-24T09:54:40+00:00","description":"GlareOne LED 120 BiColor D Location Kit","breadcrumb":{"@id":"https:\/\/glareone.eu\/pl\/produkt\/glareone-led-120-bicolor-d-location-kit\/#breadcrumb"},"inLanguage":"pl-PL","potentialAction":[{"@type":"ReadAction","target":["https:\/\/glareone.eu\/pl\/produkt\/glareone-led-120-bicolor-d-location-kit\/"]}]},{"@type":"ImageObject","inLanguage":"pl-PL","@id":"https:\/\/glareone.eu\/pl\/produkt\/glareone-led-120-bicolor-d-location-kit\/#primaryimage","url":"https:\/\/glareone.eu\/wp-content\/uploads\/2024\/04\/SLED120BCD_00.jpg","contentUrl":"https:\/\/glareone.eu\/wp-content\/uploads\/2024\/04\/SLED120BCD_00.jpg","width":1200,"height":1200},{"@type":"BreadcrumbList","@id":"https:\/\/glareone.eu\/pl\/produkt\/glareone-led-120-bicolor-d-location-kit\/#breadcrumb","itemListElement":[{"@type":"ListItem","position":1,"name":"Strona g\u0142\u00f3wna","item":"https:\/\/glareone.eu\/pl\/"},{"@type":"ListItem","position":2,"name":"Wszystkie produkty","item":"https:\/\/glareone.eu\/pl\/produkty\/wszystkie-produkty\/"},{"@type":"ListItem","position":3,"name":"GlareOne LED 120 BiColor D Location Kit"}]},{"@type":"WebSite","@id":"https:\/\/glareone.eu\/pl\/en\/#website","url":"https:\/\/glareone.eu\/pl\/en\/","name":"GlareOne","description":"Wyposa\u017cenie Studia","publisher":{"@id":"https:\/\/glareone.eu\/pl\/en\/#organization"},"potentialAction":[{"@type":"SearchAction","target":{"@type":"EntryPoint","urlTemplate":"https:\/\/glareone.eu\/pl\/en\/?s={search_term_string}"},"query-input":{"@type":"PropertyValueSpecification","valueRequired":true,"valueName":"search_term_string"}}],"inLanguage":"pl-PL"},{"@type":"Organization","@id":"https:\/\/glareone.eu\/pl\/en\/#organization","name":"GlareOne","url":"https:\/\/glareone.eu\/pl\/en\/","logo":{"@type":"ImageObject","inLanguage":"pl-PL","@id":"https:\/\/glareone.eu\/pl\/en\/#\/schema\/logo\/image\/","url":"http:\/\/glareone.eu\/wp-content\/uploads\/2024\/05\/glareone_logo2020_RGB-01-e1715773127189.png","contentUrl":"http:\/\/glareone.eu\/wp-content\/uploads\/2024\/05\/glareone_logo2020_RGB-01-e1715773127189.png","width":1270,"height":321,"caption":"GlareOne"},"image":{"@id":"https:\/\/glareone.eu\/pl\/en\/#\/schema\/logo\/image\/"},"sameAs":["https:\/\/www.facebook.com\/GlareOneLighting","https:\/\/www.instagram.com\/glareonelighting\/","https:\/\/www.youtube.com\/@GlareOneTV"]}]}},"_links":{"self":[{"href":"https:\/\/glareone.eu\/pl\/wp-json\/wp\/v2\/product\/1053","targetHints":{"allow":["GET"]}}],"collection":[{"href":"https:\/\/glareone.eu\/pl\/wp-json\/wp\/v2\/product"}],"about":[{"href":"https:\/\/glareone.eu\/pl\/wp-json\/wp\/v2\/types\/product"}],"wp:featuredmedia":[{"embeddable":true,"href":"https:\/\/glareone.eu\/pl\/wp-json\/wp\/v2\/media\/1676"}],"wp:attachment":[{"href":"https:\/\/glareone.eu\/pl\/wp-json\/wp\/v2\/media?parent=1053"}],"wp:term":[{"taxonomy":"product_brand","embeddable":true,"href":"https:\/\/glareone.eu\/pl\/wp-json\/wp\/v2\/product_brand?post=1053"},{"taxonomy":"product_cat","embeddable":true,"href":"https:\/\/glareone.eu\/pl\/wp-json\/wp\/v2\/product_cat?post=1053"},{"taxonomy":"product_tag","embeddable":true,"href":"https:\/\/glareone.eu\/pl\/wp-json\/wp\/v2\/product_tag?post=1053"}],"curies":[{"name":"wp","href":"https:\/\/api.w.org\/{rel}","templated":true}]}}