{"id":1047,"date":"2024-04-18T19:26:31","date_gmt":"2024-04-18T19:26:31","guid":{"rendered":"http:\/\/glareone.eu\/produkt\/glareone-medium-glide-statyw-typu-boom\/"},"modified":"2025-10-30T09:47:58","modified_gmt":"2025-10-30T09:47:58","slug":"glareone-medium-glide","status":"publish","type":"product","link":"https:\/\/glareone.eu\/pl\/produkt\/glareone-medium-glide\/","title":{"rendered":"GlareOne Medium Glide &#8211; statyw typu boom"},"content":{"rendered":"<p>Ci\u0119\u017cki statyw studyjny typu boom o du\u017cym ud\u017awigu.<\/p>\n<h3>Trwa\u0142o\u015b\u0107<\/h3>\n<p>Medium Glide jest statywem wykonanym w ca\u0142o\u015bci ze stali oraz aluminium, zaprojektowanym z my\u015bl\u0105 o trwa\u0142o\u015bci i wytrzyma\u0142o\u015bci przez d\u0142ugie lata. Wszystkie zaciski oraz ich pokr\u0119t\u0142a, \u0142\u0105cznik n\u00f3g, mechanizm \u0142amania kolumny centralnej oraz zawieszenie k\u00f3\u0142ek s\u0105 metalowe.<\/p>\n<h3>Stabilno\u015b\u0107<\/h3>\n<p>Medium Glide jest ci\u0119\u017ckim statywem wa\u017c\u0105cym ponad 16 kg zbudowanym ze stalowych\u00a0 rur o du\u017cym przekroju. Jego nogi s\u0105 wykonane z profili zamkni\u0119tych 25 x 25 mm, kt\u00f3re w po\u0142\u0105czeniu z k\u00f3\u0142kami daj\u0105 podstaw\u0119 o rozpi\u0119to\u015bci 120 cm. To wszystko w po\u0142\u0105czeniu z aluminiowymi \u0142\u0105cznikami i zaciskami sprawia, \u017ce Medium Glide jest statywem charakteryzuj\u0105cym si\u0119 bardzo du\u017c\u0105 stabilno\u015bci\u0105.<\/p>\n<h3>Ud\u017awig<\/h3>\n<p>Kolumna centralna statywu jest w stanie utrzyma\u0107 obci\u0105\u017cenia si\u0119gaj\u0105ce 20 kg. Tak wielki ud\u017awig pozwala swobodnie pracowa\u0107 nawet z najwi\u0119kszymi softboxami i parasolami. W sytuacji, gdy trzeba o\u015bwietli\u0107 plan zdj\u0119ciowy z g\u00f3ry, za pomoc\u0105 lampy z softboxem o \u015brednicy 120 cm (lub wi\u0119kszym), to w\u0142a\u015bnie GlareOne Medium Glide b\u0119dzie najlepszym wyborem.<\/p>\n<h3>Boom<\/h3>\n<p>Medium Glide jest wyposa\u017cony w mechanizm \u0142amania kolumny centralnej, kt\u00f3ry czyni z niego statyw 2 w 1. Gdy kolumna centralna pracuje w pionie, osi\u0105ga maksymaln\u0105 wysoko\u015b\u0107 400 cm. Natomiast gdy skorzystamy z mechanizmu jej \u0142amania, Medium Glide przeobra\u017ca si\u0119 w boom (\u017curaw) o bardzo du\u017cym ud\u017awigu. Tego rodzaju statyw powinien go\u015bci\u0107 w ka\u017cdym studiu fotograficznym i filmowym, poniewa\u017c pozwala na bezpieczne umiejscowienie lampy nad planem zdj\u0119ciowym w celu\u00a0 uzyskania o\u015bwietlenia z g\u00f3ry. \u017buraw jest te\u017c przydatny, gdy lamp\u0119 trzeba powiesi\u0107 powy\u017cej aparatu lub kamery, co przy u\u017cyciu zwyk\u0142ego statywu mo\u017ce by\u0107 k\u0142opotliwe lub nawet niemo\u017cliwe.<\/p>\n<h3>G\u00f3rska noga<\/h3>\n<p>D\u0142ugo\u015b\u0107 jednej z n\u00f3g daje si\u0119 regulowa\u0107, a to sprawia, \u017ce mo\u017cna go rozstawia\u0107 w miejscach, gdzie zwyk\u0142e statywy nie mog\u0142yby\u00a0 sta\u0107 bezpiecznie. Mechanizm tzw. g\u00f3rskiej n\u00f3\u017cki powoduje, \u017ce Medium Glide \u0142atwo jest postawi\u0107 na pochy\u0142ym pod\u0142o\u017cu i odpowiednio wypoziomowa\u0107, co pozytywnie wp\u0142ywa na bezpiecze\u0144stwo pracy na planie.<\/p>\n<h3>G\u0142owica<\/h3>\n<p>Medium Glide jest zwie\u0144czony aluminiow\u0105 g\u0142owic\u0105 wyposa\u017con\u0105 w gniazdo na trzpie\u0144 16 mm s\u0142u\u017c\u0105cy do bezpo\u015bredniego monta\u017cu lamp. Trzpie\u0144 mo\u017cna odpi\u0105\u0107 lub zamocowa\u0107 prostopadle do osi g\u0142owicy. Aby zamocowana na statywie lampa nie obraca\u0142a si\u0119 podczas pracy, trzpie\u0144 jest odpowiednio wyprofilowany. \u015aruba blokuj\u0105ca po\u0142o\u017cenie trzpienia mo\u017ce by\u0107 umieszczona po dw\u00f3ch stronach g\u0142owicy.<\/p>\n<h3>Detale<\/h3>\n<p>Niemal wszystkie po\u0142\u0105czenia w statywie s\u0105 wykonane za pomoc\u0105 \u015brub, a nie nit\u00f3w, kt\u00f3re s\u0105 najcz\u0119\u015bciej stosowane w ta\u0144szych statywach. Medium Glide dostarczany jest wraz z kluczem, kt\u00f3ry jest potrzebny do zamocowania k\u00f3\u0142ek. Mechanizm pochylenia ramienia jest wyposa\u017cony w du\u017c\u0105 r\u0105czk\u0119, kt\u00f3ra gwarantuje pewny chwyt, tak wa\u017cny dla bezpiecznej pracy. Drugi koniec ramienia zaopatrzony jest p\u0119tl\u0119 do zawieszenia przeciwwagi. K\u00f3\u0142ka maj\u0105 du\u017c\u0105 \u015brednic\u0119 (10 cm) i s\u0105 wyposa\u017cone w hamulce. Wszystkie sekcje statywu s\u0105 amortyzowane za pomoc\u0105 spr\u0119\u017cyn.<\/p>\n<h3>Cechy produktu:<\/h3>\n<ul>\n<li>Ci\u0119\u017cki, w pe\u0142ni metalowy statyw o du\u017cym ud\u017awigu.<\/li>\n<li>Dzi\u0119ki \u0142amanej kolumnie centralnej mo\u017ce pracowa\u0107 jako boom.<\/li>\n<li>Idealnie sprawdzi si\u0119 do pracy z lamp\u0105 studyjn\u0105 z du\u017cym softboxem.<\/li>\n<li>Osi\u0105ga ponad 4 metry wysoko\u015bci maksymalnej.<\/li>\n<li>Ma szeroki rozstaw n\u00f3g co daje du\u017c\u0105 stabilno\u015b\u0107.<\/li>\n<li>Zaciski sekcji oraz mechanizm ramienia s\u0105 metalowe.<\/li>\n<li>Ma g\u0142owic\u0119 z odpinanym\u00a0 trzpieniem 3\/8\u201d (16 mm).<\/li>\n<li>Pokr\u0119t\u0142a zaciskowe s\u0105 du\u017ce i ergonomicznie wyprofilowane.<\/li>\n<li>Maksymalna d\u0142ugo\u015b\u0107 ramienia wynosi 193 cm.<\/li>\n<li>Jest wyposa\u017cony w k\u00f3\u0142ka.<\/li>\n<li>D\u017awiga do 20 kg.<\/li>\n<li>Jest wyposa\u017cony w spr\u0119\u017cynow\u0105 amortyzacj\u0119 sekcji.<\/li>\n<li>Dostarczany w zestawie z p\u0142askim kluczem potrzebnym do monta\u017cu oraz torb\u0105 na przeciwwag\u0119.<\/li>\n<\/ul>\n","protected":false},"excerpt":{"rendered":"<p><span style=\"color: #ff0000;\">Produkt archiwalny.<\/span><\/p>\n","protected":false},"featured_media":6009,"template":"","meta":[],"product_brand":[],"product_cat":[411],"product_tag":[],"class_list":{"0":"post-1047","1":"product","2":"type-product","3":"status-publish","4":"has-post-thumbnail","6":"product_cat-glide","8":"first","9":"instock","10":"product-type-simple"},"yoast_head":"<!-- This site is optimized with the Yoast SEO plugin v27.2 - https:\/\/yoast.com\/product\/yoast-seo-wordpress\/ -->\n<title>GlareOne Medium Glide - statyw typu boom<\/title>\n<meta name=\"description\" content=\"GlareOne Medium Glide - statyw typu boom\" \/>\n<meta name=\"robots\" content=\"index, follow, max-snippet:-1, max-image-preview:large, max-video-preview:-1\" \/>\n<link rel=\"canonical\" href=\"https:\/\/glareone.eu\/pl\/produkt\/glareone-medium-glide\/\" \/>\n<meta property=\"og:locale\" content=\"pl_PL\" \/>\n<meta property=\"og:type\" content=\"article\" \/>\n<meta property=\"og:title\" content=\"GlareOne Medium Glide - statyw typu boom\" \/>\n<meta property=\"og:description\" content=\"GlareOne Medium Glide - statyw typu boom\" \/>\n<meta property=\"og:url\" content=\"https:\/\/glareone.eu\/pl\/produkt\/glareone-medium-glide\/\" \/>\n<meta property=\"og:site_name\" content=\"GlareOne\" \/>\n<meta property=\"article:publisher\" content=\"https:\/\/www.facebook.com\/GlareOneLighting\" \/>\n<meta property=\"article:modified_time\" content=\"2025-10-30T09:47:58+00:00\" \/>\n<meta property=\"og:image\" content=\"https:\/\/glareone.eu\/wp-content\/uploads\/2024\/04\/GlareOne-Medium-Glide-07_tn.jpg\" \/>\n\t<meta property=\"og:image:width\" content=\"1200\" \/>\n\t<meta property=\"og:image:height\" content=\"1200\" \/>\n\t<meta property=\"og:image:type\" content=\"image\/jpeg\" \/>\n<meta name=\"twitter:card\" content=\"summary_large_image\" \/>\n<meta name=\"twitter:title\" content=\"GlareOne Medium Glide - statyw typu boom\" \/>\n<meta name=\"twitter:label1\" content=\"Szacowany czas czytania\" \/>\n\t<meta name=\"twitter:data1\" content=\"3 minuty\" \/>\n<script type=\"application\/ld+json\" class=\"yoast-schema-graph\">{\"@context\":\"https:\/\/schema.org\",\"@graph\":[{\"@type\":\"WebPage\",\"@id\":\"https:\/\/glareone.eu\/pl\/produkt\/glareone-medium-glide\/\",\"url\":\"https:\/\/glareone.eu\/pl\/produkt\/glareone-medium-glide\/\",\"name\":\"GlareOne Medium Glide - statyw typu boom\",\"isPartOf\":{\"@id\":\"https:\/\/glareone.eu\/pl\/en\/#website\"},\"primaryImageOfPage\":{\"@id\":\"https:\/\/glareone.eu\/pl\/produkt\/glareone-medium-glide\/#primaryimage\"},\"image\":{\"@id\":\"https:\/\/glareone.eu\/pl\/produkt\/glareone-medium-glide\/#primaryimage\"},\"thumbnailUrl\":\"https:\/\/glareone.eu\/wp-content\/uploads\/2024\/04\/GlareOne-Medium-Glide-07_tn.jpg\",\"datePublished\":\"2024-04-18T19:26:31+00:00\",\"dateModified\":\"2025-10-30T09:47:58+00:00\",\"description\":\"GlareOne Medium Glide - statyw typu boom\",\"breadcrumb\":{\"@id\":\"https:\/\/glareone.eu\/pl\/produkt\/glareone-medium-glide\/#breadcrumb\"},\"inLanguage\":\"pl-PL\",\"potentialAction\":[{\"@type\":\"ReadAction\",\"target\":[\"https:\/\/glareone.eu\/pl\/produkt\/glareone-medium-glide\/\"]}]},{\"@type\":\"ImageObject\",\"inLanguage\":\"pl-PL\",\"@id\":\"https:\/\/glareone.eu\/pl\/produkt\/glareone-medium-glide\/#primaryimage\",\"url\":\"https:\/\/glareone.eu\/wp-content\/uploads\/2024\/04\/GlareOne-Medium-Glide-07_tn.jpg\",\"contentUrl\":\"https:\/\/glareone.eu\/wp-content\/uploads\/2024\/04\/GlareOne-Medium-Glide-07_tn.jpg\",\"width\":1200,\"height\":1200},{\"@type\":\"BreadcrumbList\",\"@id\":\"https:\/\/glareone.eu\/pl\/produkt\/glareone-medium-glide\/#breadcrumb\",\"itemListElement\":[{\"@type\":\"ListItem\",\"position\":1,\"name\":\"Strona g\u0142\u00f3wna\",\"item\":\"https:\/\/glareone.eu\/pl\/\"},{\"@type\":\"ListItem\",\"position\":2,\"name\":\"Wszystkie produkty\",\"item\":\"https:\/\/glareone.eu\/pl\/produkty\/wszystkie-produkty\/\"},{\"@type\":\"ListItem\",\"position\":3,\"name\":\"GlareOne Medium Glide &#8211; statyw typu boom\"}]},{\"@type\":\"WebSite\",\"@id\":\"https:\/\/glareone.eu\/pl\/en\/#website\",\"url\":\"https:\/\/glareone.eu\/pl\/en\/\",\"name\":\"GlareOne\",\"description\":\"Wyposa\u017cenie Studia\",\"publisher\":{\"@id\":\"https:\/\/glareone.eu\/pl\/en\/#organization\"},\"potentialAction\":[{\"@type\":\"SearchAction\",\"target\":{\"@type\":\"EntryPoint\",\"urlTemplate\":\"https:\/\/glareone.eu\/pl\/en\/?s={search_term_string}\"},\"query-input\":{\"@type\":\"PropertyValueSpecification\",\"valueRequired\":true,\"valueName\":\"search_term_string\"}}],\"inLanguage\":\"pl-PL\"},{\"@type\":\"Organization\",\"@id\":\"https:\/\/glareone.eu\/pl\/en\/#organization\",\"name\":\"GlareOne\",\"url\":\"https:\/\/glareone.eu\/pl\/en\/\",\"logo\":{\"@type\":\"ImageObject\",\"inLanguage\":\"pl-PL\",\"@id\":\"https:\/\/glareone.eu\/pl\/en\/#\/schema\/logo\/image\/\",\"url\":\"http:\/\/glareone.eu\/wp-content\/uploads\/2024\/05\/glareone_logo2020_RGB-01-e1715773127189.png\",\"contentUrl\":\"http:\/\/glareone.eu\/wp-content\/uploads\/2024\/05\/glareone_logo2020_RGB-01-e1715773127189.png\",\"width\":1270,\"height\":321,\"caption\":\"GlareOne\"},\"image\":{\"@id\":\"https:\/\/glareone.eu\/pl\/en\/#\/schema\/logo\/image\/\"},\"sameAs\":[\"https:\/\/www.facebook.com\/GlareOneLighting\",\"https:\/\/www.instagram.com\/glareonelighting\/\",\"https:\/\/www.youtube.com\/@GlareOneTV\"]}]}<\/script>\n<!-- \/ Yoast SEO plugin. -->","yoast_head_json":{"title":"GlareOne Medium Glide - statyw typu boom","description":"GlareOne Medium Glide - statyw typu boom","robots":{"index":"index","follow":"follow","max-snippet":"max-snippet:-1","max-image-preview":"max-image-preview:large","max-video-preview":"max-video-preview:-1"},"canonical":"https:\/\/glareone.eu\/pl\/produkt\/glareone-medium-glide\/","og_locale":"pl_PL","og_type":"article","og_title":"GlareOne Medium Glide - statyw typu boom","og_description":"GlareOne Medium Glide - statyw typu boom","og_url":"https:\/\/glareone.eu\/pl\/produkt\/glareone-medium-glide\/","og_site_name":"GlareOne","article_publisher":"https:\/\/www.facebook.com\/GlareOneLighting","article_modified_time":"2025-10-30T09:47:58+00:00","og_image":[{"width":1200,"height":1200,"url":"https:\/\/glareone.eu\/wp-content\/uploads\/2024\/04\/GlareOne-Medium-Glide-07_tn.jpg","type":"image\/jpeg"}],"twitter_card":"summary_large_image","twitter_title":"GlareOne Medium Glide - statyw typu boom","twitter_misc":{"Szacowany czas czytania":"3 minuty"},"schema":{"@context":"https:\/\/schema.org","@graph":[{"@type":"WebPage","@id":"https:\/\/glareone.eu\/pl\/produkt\/glareone-medium-glide\/","url":"https:\/\/glareone.eu\/pl\/produkt\/glareone-medium-glide\/","name":"GlareOne Medium Glide - statyw typu boom","isPartOf":{"@id":"https:\/\/glareone.eu\/pl\/en\/#website"},"primaryImageOfPage":{"@id":"https:\/\/glareone.eu\/pl\/produkt\/glareone-medium-glide\/#primaryimage"},"image":{"@id":"https:\/\/glareone.eu\/pl\/produkt\/glareone-medium-glide\/#primaryimage"},"thumbnailUrl":"https:\/\/glareone.eu\/wp-content\/uploads\/2024\/04\/GlareOne-Medium-Glide-07_tn.jpg","datePublished":"2024-04-18T19:26:31+00:00","dateModified":"2025-10-30T09:47:58+00:00","description":"GlareOne Medium Glide - statyw typu boom","breadcrumb":{"@id":"https:\/\/glareone.eu\/pl\/produkt\/glareone-medium-glide\/#breadcrumb"},"inLanguage":"pl-PL","potentialAction":[{"@type":"ReadAction","target":["https:\/\/glareone.eu\/pl\/produkt\/glareone-medium-glide\/"]}]},{"@type":"ImageObject","inLanguage":"pl-PL","@id":"https:\/\/glareone.eu\/pl\/produkt\/glareone-medium-glide\/#primaryimage","url":"https:\/\/glareone.eu\/wp-content\/uploads\/2024\/04\/GlareOne-Medium-Glide-07_tn.jpg","contentUrl":"https:\/\/glareone.eu\/wp-content\/uploads\/2024\/04\/GlareOne-Medium-Glide-07_tn.jpg","width":1200,"height":1200},{"@type":"BreadcrumbList","@id":"https:\/\/glareone.eu\/pl\/produkt\/glareone-medium-glide\/#breadcrumb","itemListElement":[{"@type":"ListItem","position":1,"name":"Strona g\u0142\u00f3wna","item":"https:\/\/glareone.eu\/pl\/"},{"@type":"ListItem","position":2,"name":"Wszystkie produkty","item":"https:\/\/glareone.eu\/pl\/produkty\/wszystkie-produkty\/"},{"@type":"ListItem","position":3,"name":"GlareOne Medium Glide &#8211; statyw typu boom"}]},{"@type":"WebSite","@id":"https:\/\/glareone.eu\/pl\/en\/#website","url":"https:\/\/glareone.eu\/pl\/en\/","name":"GlareOne","description":"Wyposa\u017cenie Studia","publisher":{"@id":"https:\/\/glareone.eu\/pl\/en\/#organization"},"potentialAction":[{"@type":"SearchAction","target":{"@type":"EntryPoint","urlTemplate":"https:\/\/glareone.eu\/pl\/en\/?s={search_term_string}"},"query-input":{"@type":"PropertyValueSpecification","valueRequired":true,"valueName":"search_term_string"}}],"inLanguage":"pl-PL"},{"@type":"Organization","@id":"https:\/\/glareone.eu\/pl\/en\/#organization","name":"GlareOne","url":"https:\/\/glareone.eu\/pl\/en\/","logo":{"@type":"ImageObject","inLanguage":"pl-PL","@id":"https:\/\/glareone.eu\/pl\/en\/#\/schema\/logo\/image\/","url":"http:\/\/glareone.eu\/wp-content\/uploads\/2024\/05\/glareone_logo2020_RGB-01-e1715773127189.png","contentUrl":"http:\/\/glareone.eu\/wp-content\/uploads\/2024\/05\/glareone_logo2020_RGB-01-e1715773127189.png","width":1270,"height":321,"caption":"GlareOne"},"image":{"@id":"https:\/\/glareone.eu\/pl\/en\/#\/schema\/logo\/image\/"},"sameAs":["https:\/\/www.facebook.com\/GlareOneLighting","https:\/\/www.instagram.com\/glareonelighting\/","https:\/\/www.youtube.com\/@GlareOneTV"]}]}},"_links":{"self":[{"href":"https:\/\/glareone.eu\/pl\/wp-json\/wp\/v2\/product\/1047","targetHints":{"allow":["GET"]}}],"collection":[{"href":"https:\/\/glareone.eu\/pl\/wp-json\/wp\/v2\/product"}],"about":[{"href":"https:\/\/glareone.eu\/pl\/wp-json\/wp\/v2\/types\/product"}],"wp:featuredmedia":[{"embeddable":true,"href":"https:\/\/glareone.eu\/pl\/wp-json\/wp\/v2\/media\/6009"}],"wp:attachment":[{"href":"https:\/\/glareone.eu\/pl\/wp-json\/wp\/v2\/media?parent=1047"}],"wp:term":[{"taxonomy":"product_brand","embeddable":true,"href":"https:\/\/glareone.eu\/pl\/wp-json\/wp\/v2\/product_brand?post=1047"},{"taxonomy":"product_cat","embeddable":true,"href":"https:\/\/glareone.eu\/pl\/wp-json\/wp\/v2\/product_cat?post=1047"},{"taxonomy":"product_tag","embeddable":true,"href":"https:\/\/glareone.eu\/pl\/wp-json\/wp\/v2\/product_tag?post=1047"}],"curies":[{"name":"wp","href":"https:\/\/api.w.org\/{rel}","templated":true}]}}