{"id":1042,"date":"2024-04-18T19:26:31","date_gmt":"2024-04-18T19:26:31","guid":{"rendered":"http:\/\/glareone.eu\/produkt\/glareone-spotlight-korpus-strumienicy\/"},"modified":"2024-06-17T07:45:52","modified_gmt":"2024-06-17T07:45:52","slug":"glareone-spotlight-korpus-strumienicy","status":"publish","type":"product","link":"https:\/\/glareone.eu\/pl\/produkt\/glareone-spotlight-korpus-strumienicy\/","title":{"rendered":"GlareOne Spotlight &#8211; korpus strumienicy"},"content":{"rendered":"<p>GlareOne Spotlight to optyczna strumienica, kt\u00f3ra powsta\u0142a we wsp\u00f3\u0142pracy z Piotrem Wernerem &#8211;\u00a0 wieloletnim ambasadorem marki GlareOne. Piotr Werner tworzy obrazy, kt\u00f3re maj\u0105 du\u017co charakteru i bawi si\u0119 przy tym \u015bwiat\u0142em. GlareOne Spotlight pozwala w\u0142a\u015bnie na eksperymentowanie ze \u015bwiat\u0142em i uzyskanie ciekawych efekt\u00f3w na zdj\u0119ciach.<\/p>\n<p>Korpus strumienicy jest kompatybilny z obiektywami GlareOne 50, 85 oraz 150 mm. Posiada zastawki pozwalaj\u0105ce kszta\u0142towa\u0107 strumie\u0144 \u015bwiat\u0142a oraz mo\u017cliwo\u015b\u0107 monta\u017cu masek Gobo. Korpus strumienicy wykonany jest z metalu i pozwala na u\u017cycie lamp b\u0142yskowych do 600 Ws lub LED o mocy do 200 wat\u00f3w.<\/p>\n<h3><strong>Obiektywy GlareOne<\/strong><\/h3>\n<p>W strumienicy optycznej takiej jak Spotlight najwa\u017cniejszy jest obiektyw. Obiektywy w ofercie GlareOne to sze\u015bciosoczewkowe apochromaty o ogniskowej 50, 85 oraz 150 mm. Pozwalaj\u0105 na uzyskanie bardzo ostrych kraw\u0119dzi \u015bwiat\u0142a i cienia. Jest to niezwykle istotne, je\u017celi chce si\u0119 uzyska\u0107 pe\u0142n\u0105 kontrol\u0119 nad o\u015bwietleniem na planie zdj\u0119ciowym. Ponadto obiektywy s\u0105 zaprojektowane w taki spos\u00f3b, aby zminimalizowa\u0107 aberracj\u0119 chromatyczn\u0105, kt\u00f3ra mo\u017ce powodowa\u0107 kolorowe zabarwienia. Obiektyw nale\u017cy kupi\u0107 osobno, nie znajduje si\u0119 w zestawie.<\/p>\n<h3>Kompatybilno\u015b\u0107<\/h3>\n<p>Strumienice optyczne zalecamy u\u017cywa\u0107 z lampami \u015bwiat\u0142a ci\u0105g\u0142ego. Z lampami LED daje r\u00f3wno rzutowany obraz \u015bwiat\u0142a. Strumienice Spotlight mo\u017cna r\u00f3wnie\u017c u\u017cywa\u0107 z lampami b\u0142yskowymi. Trzeba jednak wiedzie\u0107, \u017ce podczas u\u017cywania strumienicy z lampami b\u0142yskowymi, jak np. Vega czy Antares, z uwagi na fizyczn\u0105 budow\u0119 palnika b\u0142yskowego, rzutowany okr\u0105g \u015bwietlny mo\u017ce by\u0107 lekko ciemniejszy w \u015brodkowej cz\u0119\u015bci.<\/p>\n<h3><strong>Zastawki<\/strong><\/h3>\n<p>Integraln\u0105 cz\u0119\u015bci\u0105 korpusu strumienicy Spotlight jest zesp\u00f3\u0142 czterech zastawek, za pomoc\u0105 kt\u00f3rych mo\u017cna kszta\u0142towa\u0107 strumie\u0144 \u015bwiat\u0142a rzucany przez obiektyw w taki spos\u00f3b, aby precyzyjnie o\u015bwietla\u0107 tylko wybrane fragmenty fotografowanych czy filmowanych obiekt\u00f3w. Zastawki mo\u017cna wykorzystywa\u0107 niezale\u017cnie od u\u017cytego obiektywu.<\/p>\n<h3><strong>Maski<\/strong><\/h3>\n<p>Spotlight jest wyposa\u017cony w opraw\u0119 do masek efektowych (tzw. gobo), kt\u00f3re pozwalaj\u0105 imitowa\u0107 np. \u015bwiat\u0142o przechodz\u0105ce przez \u017caluzje okienne lub wy\u015bwietla\u0107 r\u00f3\u017cnorakie wzory i kszta\u0142ty. W ofercie GlareOne znajduj\u0105 si\u0119 3 r\u00f3\u017cne zestawy masek Gobo.<\/p>\n<h3><strong>Wymienny bagnet<\/strong><\/h3>\n<p>Strumienica jest fabrycznie zaopatrzona w bagnet typu Bowens, ale istnieje mo\u017cliwo\u015b\u0107 jego wymiany. W ofercie GlareOne znajduj\u0105 si\u0119 pasuj\u0105ce bagnety Profoto, Broncolor oraz Elinchrom z\u00a0 serii 152.<\/p>\n<h3><strong>Cechy produktu:<\/strong><\/h3>\n<ul>\n<li>Korpus strumienicy ma bagnet z mocowaniem obiektyw\u00f3w typu Canon EF.<\/li>\n<li>Wyposa\u017cona w cztery zastawki pozwalaj\u0105ce precyzyjnie kszta\u0142towa\u0107 strumie\u0144 \u015bwiat\u0142a.<\/li>\n<li>Fabrycznie wyposa\u017cona w uchwyt typu Bowens, kt\u00f3ry mo\u017ce by\u0107 wymieniony na mocowanie do lamp Profoto, Broncolor lub Elinchrom (bagnety dost\u0119pne s\u0105 oddzielnie).<\/li>\n<li>Przeznaczona do u\u017cytkowania z lampami b\u0142yskowymi (do 600Ws) oraz lampami \u015bwiat\u0142a ci\u0105g\u0142ego LED (do 200 W)*.<\/li>\n<\/ul>\n","protected":false},"excerpt":{"rendered":"<p>GlareOne Spotlight to optyczna strumienica, kt\u00f3ra powsta\u0142a we wsp\u00f3\u0142pracy z Piotrem Wernerem &#8211;\u00a0 wieloletnim ambasadorem marki GlareOne. Piotr Werner tworzy obrazy, kt\u00f3re maj\u0105 du\u017co charakteru i bawi si\u0119 przy tym \u015bwiat\u0142em. GlareOne Spotlight pozwala w\u0142a\u015bnie na eksperymentowanie ze \u015bwiat\u0142em i uzyskanie ciekawych efekt\u00f3w na zdj\u0119ciach. Korpus strumienicy jest kompatybilny z obiektywami GlareOne 50, 85 oraz [&hellip;]<\/p>\n","protected":false},"featured_media":3104,"template":"","meta":[],"product_brand":[],"product_cat":[389],"product_tag":[],"class_list":{"0":"post-1042","1":"product","2":"type-product","3":"status-publish","4":"has-post-thumbnail","6":"product_cat-korpus-i-obiektywy-projekcyjne","8":"first","9":"instock","10":"product-type-simple"},"yoast_head":"<!-- This site is optimized with the Yoast SEO plugin v27.2 - https:\/\/yoast.com\/product\/yoast-seo-wordpress\/ -->\n<title>GlareOne Spotlight - korpus strumienicy<\/title>\n<meta name=\"description\" content=\"GlareOne Spotlight - korpus strumienicy\" \/>\n<meta name=\"robots\" content=\"index, follow, max-snippet:-1, max-image-preview:large, max-video-preview:-1\" \/>\n<link rel=\"canonical\" href=\"https:\/\/glareone.eu\/pl\/produkt\/glareone-spotlight-korpus-strumienicy\/\" \/>\n<meta property=\"og:locale\" content=\"pl_PL\" \/>\n<meta property=\"og:type\" content=\"article\" \/>\n<meta property=\"og:title\" content=\"GlareOne Spotlight - korpus strumienicy\" \/>\n<meta property=\"og:description\" content=\"GlareOne Spotlight - korpus strumienicy\" \/>\n<meta property=\"og:url\" content=\"https:\/\/glareone.eu\/pl\/produkt\/glareone-spotlight-korpus-strumienicy\/\" \/>\n<meta property=\"og:site_name\" content=\"GlareOne\" \/>\n<meta property=\"article:publisher\" content=\"https:\/\/www.facebook.com\/GlareOneLighting\" \/>\n<meta property=\"article:modified_time\" content=\"2024-06-17T07:45:52+00:00\" \/>\n<meta property=\"og:image\" content=\"https:\/\/glareone.eu\/wp-content\/uploads\/2024\/04\/SSPOTLIGHTM_01.jpg\" \/>\n\t<meta property=\"og:image:width\" content=\"1200\" \/>\n\t<meta property=\"og:image:height\" content=\"1200\" \/>\n\t<meta property=\"og:image:type\" content=\"image\/jpeg\" \/>\n<meta name=\"twitter:card\" content=\"summary_large_image\" \/>\n<meta name=\"twitter:title\" content=\"GlareOne Spotlight - korpus strumienicy\" \/>\n<meta name=\"twitter:label1\" content=\"Szacowany czas czytania\" \/>\n\t<meta name=\"twitter:data1\" content=\"2 minuty\" \/>\n<script type=\"application\/ld+json\" class=\"yoast-schema-graph\">{\"@context\":\"https:\/\/schema.org\",\"@graph\":[{\"@type\":\"WebPage\",\"@id\":\"https:\/\/glareone.eu\/pl\/produkt\/glareone-spotlight-korpus-strumienicy\/\",\"url\":\"https:\/\/glareone.eu\/pl\/produkt\/glareone-spotlight-korpus-strumienicy\/\",\"name\":\"GlareOne Spotlight - korpus strumienicy\",\"isPartOf\":{\"@id\":\"https:\/\/glareone.eu\/pl\/en\/#website\"},\"primaryImageOfPage\":{\"@id\":\"https:\/\/glareone.eu\/pl\/produkt\/glareone-spotlight-korpus-strumienicy\/#primaryimage\"},\"image\":{\"@id\":\"https:\/\/glareone.eu\/pl\/produkt\/glareone-spotlight-korpus-strumienicy\/#primaryimage\"},\"thumbnailUrl\":\"https:\/\/glareone.eu\/wp-content\/uploads\/2024\/04\/SSPOTLIGHTM_01.jpg\",\"datePublished\":\"2024-04-18T19:26:31+00:00\",\"dateModified\":\"2024-06-17T07:45:52+00:00\",\"description\":\"GlareOne Spotlight - korpus strumienicy\",\"breadcrumb\":{\"@id\":\"https:\/\/glareone.eu\/pl\/produkt\/glareone-spotlight-korpus-strumienicy\/#breadcrumb\"},\"inLanguage\":\"pl-PL\",\"potentialAction\":[{\"@type\":\"ReadAction\",\"target\":[\"https:\/\/glareone.eu\/pl\/produkt\/glareone-spotlight-korpus-strumienicy\/\"]}]},{\"@type\":\"ImageObject\",\"inLanguage\":\"pl-PL\",\"@id\":\"https:\/\/glareone.eu\/pl\/produkt\/glareone-spotlight-korpus-strumienicy\/#primaryimage\",\"url\":\"https:\/\/glareone.eu\/wp-content\/uploads\/2024\/04\/SSPOTLIGHTM_01.jpg\",\"contentUrl\":\"https:\/\/glareone.eu\/wp-content\/uploads\/2024\/04\/SSPOTLIGHTM_01.jpg\",\"width\":1200,\"height\":1200},{\"@type\":\"BreadcrumbList\",\"@id\":\"https:\/\/glareone.eu\/pl\/produkt\/glareone-spotlight-korpus-strumienicy\/#breadcrumb\",\"itemListElement\":[{\"@type\":\"ListItem\",\"position\":1,\"name\":\"Strona g\u0142\u00f3wna\",\"item\":\"https:\/\/glareone.eu\/pl\/\"},{\"@type\":\"ListItem\",\"position\":2,\"name\":\"Wszystkie produkty\",\"item\":\"https:\/\/glareone.eu\/pl\/produkty\/wszystkie-produkty\/\"},{\"@type\":\"ListItem\",\"position\":3,\"name\":\"GlareOne Spotlight &#8211; korpus strumienicy\"}]},{\"@type\":\"WebSite\",\"@id\":\"https:\/\/glareone.eu\/pl\/en\/#website\",\"url\":\"https:\/\/glareone.eu\/pl\/en\/\",\"name\":\"GlareOne\",\"description\":\"Wyposa\u017cenie Studia\",\"publisher\":{\"@id\":\"https:\/\/glareone.eu\/pl\/en\/#organization\"},\"potentialAction\":[{\"@type\":\"SearchAction\",\"target\":{\"@type\":\"EntryPoint\",\"urlTemplate\":\"https:\/\/glareone.eu\/pl\/en\/?s={search_term_string}\"},\"query-input\":{\"@type\":\"PropertyValueSpecification\",\"valueRequired\":true,\"valueName\":\"search_term_string\"}}],\"inLanguage\":\"pl-PL\"},{\"@type\":\"Organization\",\"@id\":\"https:\/\/glareone.eu\/pl\/en\/#organization\",\"name\":\"GlareOne\",\"url\":\"https:\/\/glareone.eu\/pl\/en\/\",\"logo\":{\"@type\":\"ImageObject\",\"inLanguage\":\"pl-PL\",\"@id\":\"https:\/\/glareone.eu\/pl\/en\/#\/schema\/logo\/image\/\",\"url\":\"http:\/\/glareone.eu\/wp-content\/uploads\/2024\/05\/glareone_logo2020_RGB-01-e1715773127189.png\",\"contentUrl\":\"http:\/\/glareone.eu\/wp-content\/uploads\/2024\/05\/glareone_logo2020_RGB-01-e1715773127189.png\",\"width\":1270,\"height\":321,\"caption\":\"GlareOne\"},\"image\":{\"@id\":\"https:\/\/glareone.eu\/pl\/en\/#\/schema\/logo\/image\/\"},\"sameAs\":[\"https:\/\/www.facebook.com\/GlareOneLighting\",\"https:\/\/www.instagram.com\/glareonelighting\/\",\"https:\/\/www.youtube.com\/@GlareOneTV\"]}]}<\/script>\n<!-- \/ Yoast SEO plugin. -->","yoast_head_json":{"title":"GlareOne Spotlight - korpus strumienicy","description":"GlareOne Spotlight - korpus strumienicy","robots":{"index":"index","follow":"follow","max-snippet":"max-snippet:-1","max-image-preview":"max-image-preview:large","max-video-preview":"max-video-preview:-1"},"canonical":"https:\/\/glareone.eu\/pl\/produkt\/glareone-spotlight-korpus-strumienicy\/","og_locale":"pl_PL","og_type":"article","og_title":"GlareOne Spotlight - korpus strumienicy","og_description":"GlareOne Spotlight - korpus strumienicy","og_url":"https:\/\/glareone.eu\/pl\/produkt\/glareone-spotlight-korpus-strumienicy\/","og_site_name":"GlareOne","article_publisher":"https:\/\/www.facebook.com\/GlareOneLighting","article_modified_time":"2024-06-17T07:45:52+00:00","og_image":[{"width":1200,"height":1200,"url":"https:\/\/glareone.eu\/wp-content\/uploads\/2024\/04\/SSPOTLIGHTM_01.jpg","type":"image\/jpeg"}],"twitter_card":"summary_large_image","twitter_title":"GlareOne Spotlight - korpus strumienicy","twitter_misc":{"Szacowany czas czytania":"2 minuty"},"schema":{"@context":"https:\/\/schema.org","@graph":[{"@type":"WebPage","@id":"https:\/\/glareone.eu\/pl\/produkt\/glareone-spotlight-korpus-strumienicy\/","url":"https:\/\/glareone.eu\/pl\/produkt\/glareone-spotlight-korpus-strumienicy\/","name":"GlareOne Spotlight - korpus strumienicy","isPartOf":{"@id":"https:\/\/glareone.eu\/pl\/en\/#website"},"primaryImageOfPage":{"@id":"https:\/\/glareone.eu\/pl\/produkt\/glareone-spotlight-korpus-strumienicy\/#primaryimage"},"image":{"@id":"https:\/\/glareone.eu\/pl\/produkt\/glareone-spotlight-korpus-strumienicy\/#primaryimage"},"thumbnailUrl":"https:\/\/glareone.eu\/wp-content\/uploads\/2024\/04\/SSPOTLIGHTM_01.jpg","datePublished":"2024-04-18T19:26:31+00:00","dateModified":"2024-06-17T07:45:52+00:00","description":"GlareOne Spotlight - korpus strumienicy","breadcrumb":{"@id":"https:\/\/glareone.eu\/pl\/produkt\/glareone-spotlight-korpus-strumienicy\/#breadcrumb"},"inLanguage":"pl-PL","potentialAction":[{"@type":"ReadAction","target":["https:\/\/glareone.eu\/pl\/produkt\/glareone-spotlight-korpus-strumienicy\/"]}]},{"@type":"ImageObject","inLanguage":"pl-PL","@id":"https:\/\/glareone.eu\/pl\/produkt\/glareone-spotlight-korpus-strumienicy\/#primaryimage","url":"https:\/\/glareone.eu\/wp-content\/uploads\/2024\/04\/SSPOTLIGHTM_01.jpg","contentUrl":"https:\/\/glareone.eu\/wp-content\/uploads\/2024\/04\/SSPOTLIGHTM_01.jpg","width":1200,"height":1200},{"@type":"BreadcrumbList","@id":"https:\/\/glareone.eu\/pl\/produkt\/glareone-spotlight-korpus-strumienicy\/#breadcrumb","itemListElement":[{"@type":"ListItem","position":1,"name":"Strona g\u0142\u00f3wna","item":"https:\/\/glareone.eu\/pl\/"},{"@type":"ListItem","position":2,"name":"Wszystkie produkty","item":"https:\/\/glareone.eu\/pl\/produkty\/wszystkie-produkty\/"},{"@type":"ListItem","position":3,"name":"GlareOne Spotlight &#8211; korpus strumienicy"}]},{"@type":"WebSite","@id":"https:\/\/glareone.eu\/pl\/en\/#website","url":"https:\/\/glareone.eu\/pl\/en\/","name":"GlareOne","description":"Wyposa\u017cenie Studia","publisher":{"@id":"https:\/\/glareone.eu\/pl\/en\/#organization"},"potentialAction":[{"@type":"SearchAction","target":{"@type":"EntryPoint","urlTemplate":"https:\/\/glareone.eu\/pl\/en\/?s={search_term_string}"},"query-input":{"@type":"PropertyValueSpecification","valueRequired":true,"valueName":"search_term_string"}}],"inLanguage":"pl-PL"},{"@type":"Organization","@id":"https:\/\/glareone.eu\/pl\/en\/#organization","name":"GlareOne","url":"https:\/\/glareone.eu\/pl\/en\/","logo":{"@type":"ImageObject","inLanguage":"pl-PL","@id":"https:\/\/glareone.eu\/pl\/en\/#\/schema\/logo\/image\/","url":"http:\/\/glareone.eu\/wp-content\/uploads\/2024\/05\/glareone_logo2020_RGB-01-e1715773127189.png","contentUrl":"http:\/\/glareone.eu\/wp-content\/uploads\/2024\/05\/glareone_logo2020_RGB-01-e1715773127189.png","width":1270,"height":321,"caption":"GlareOne"},"image":{"@id":"https:\/\/glareone.eu\/pl\/en\/#\/schema\/logo\/image\/"},"sameAs":["https:\/\/www.facebook.com\/GlareOneLighting","https:\/\/www.instagram.com\/glareonelighting\/","https:\/\/www.youtube.com\/@GlareOneTV"]}]}},"_links":{"self":[{"href":"https:\/\/glareone.eu\/pl\/wp-json\/wp\/v2\/product\/1042","targetHints":{"allow":["GET"]}}],"collection":[{"href":"https:\/\/glareone.eu\/pl\/wp-json\/wp\/v2\/product"}],"about":[{"href":"https:\/\/glareone.eu\/pl\/wp-json\/wp\/v2\/types\/product"}],"wp:featuredmedia":[{"embeddable":true,"href":"https:\/\/glareone.eu\/pl\/wp-json\/wp\/v2\/media\/3104"}],"wp:attachment":[{"href":"https:\/\/glareone.eu\/pl\/wp-json\/wp\/v2\/media?parent=1042"}],"wp:term":[{"taxonomy":"product_brand","embeddable":true,"href":"https:\/\/glareone.eu\/pl\/wp-json\/wp\/v2\/product_brand?post=1042"},{"taxonomy":"product_cat","embeddable":true,"href":"https:\/\/glareone.eu\/pl\/wp-json\/wp\/v2\/product_cat?post=1042"},{"taxonomy":"product_tag","embeddable":true,"href":"https:\/\/glareone.eu\/pl\/wp-json\/wp\/v2\/product_tag?post=1042"}],"curies":[{"name":"wp","href":"https:\/\/api.w.org\/{rel}","templated":true}]}}