{"id":1040,"date":"2024-04-18T19:26:31","date_gmt":"2024-04-18T19:26:31","guid":{"rendered":"http:\/\/glareone.eu\/produkt\/glareone-spotlight-85mm-obiektyw-projekcyjny\/"},"modified":"2024-06-17T07:48:14","modified_gmt":"2024-06-17T07:48:14","slug":"glareone-spotlight-85mm","status":"publish","type":"product","link":"https:\/\/glareone.eu\/pl\/produkt\/glareone-spotlight-85mm\/","title":{"rendered":"GlareOne Spotlight 85mm &#8211; obiektyw projekcyjny"},"content":{"rendered":"<p><span style=\"font-weight: 400;\">GlareOne Spotlight 85 mm to obiektyw projekcyjny, kt\u00f3ry powsta\u0142 we wsp\u00f3\u0142pracy z Piotrem Wernerem &#8211; wieloletnim ambasadorem marki GlareOne. Piotr Werner tworzy obrazy, kt\u00f3re maj\u0105 du\u017co charakteru i bawi si\u0119 przy tym \u015bwiat\u0142em. GlareOne Spotlight 85 mm pozwala w\u0142a\u015bnie na eksperymentowanie ze \u015bwiat\u0142em i uzyskanie ciekawych efekt\u00f3w na zdj\u0119ciach.<\/span><\/p>\n<p><span style=\"font-weight: 400;\">Obiektyw jest kompatybilny ze strumienic\u0105 GlareOne Spotlight. Konstrukcja wykonana jest z metalu i ma mo\u017cliwo\u015b\u0107 regulacji ostro\u015bci rzutowanego obrazu.<\/span><\/p>\n<h3><b>Obiektywy GlareOne<\/b><\/h3>\n<p><span style=\"font-weight: 400;\">Obiektywy w ofercie GlareOne to sze\u015bciosoczewkowe apochromaty o ogniskowej 50, 85 oraz 150 mm. Pozwalaj\u0105 na uzyskanie bardzo ostrych kraw\u0119dzi \u015bwiat\u0142a i cienia. Jest to niezwykle istotne, je\u017celi chce si\u0119 uzyska\u0107 pe\u0142n\u0105 kontrol\u0119 nad o\u015bwietleniem na planie zdj\u0119ciowym. Ponadto obiektywy s\u0105 zaprojektowane w taki spos\u00f3b, aby zminimalizowa\u0107 aberracj\u0119 chromatyczn\u0105, kt\u00f3ra mo\u017ce powodowa\u0107 kolorowe zabarwienia.\u00a0\u00a0<\/span><\/p>\n<h3>Kompatybilno\u015b\u0107<\/h3>\n<p>Strumienice optyczne zalecamy u\u017cywa\u0107 z lampami \u015bwiat\u0142a ci\u0105g\u0142ego. Z lampami LED daje r\u00f3wno rzutowany obraz \u015bwiat\u0142a. Strumienice Spotlight mo\u017cna r\u00f3wnie\u017c u\u017cywa\u0107 z lampami b\u0142yskowymi. Trzeba jednak wiedzie\u0107, \u017ce podczas u\u017cywania strumienicy z lampami b\u0142yskowymi, jak np. GlareOne Vega czy Antares, z uwagi na fizyczn\u0105 budow\u0119 palnika b\u0142yskowego, rzutowany okr\u0105g \u015bwietlny mo\u017ce by\u0107 lekko ciemniejszy w \u015brodkowej cz\u0119\u015bci.<\/p>\n<h3><b>Kolory<\/b><\/h3>\n<p><span style=\"font-weight: 400;\">W zestawie z obiektywem znajduje si\u0119 komplet pi\u0119ciu podstawowych barwnych filtr\u00f3w oraz specjalnie dla nich zaprojektowany uchwyt, kt\u00f3ry pozwala zamocowa\u0107 je na froncie obiektywu. Takie rozwi\u0105zanie powoduje, \u017ce filtry mo\u017cna bez przeszk\u00f3d wykorzystywa\u0107 wsp\u00f3lnie z zastawkami i maskami efektowymi.<\/span><\/p>\n<h3><b>Bagnet EF<\/b><\/h3>\n<p><span style=\"font-weight: 400;\">Obiektywy GlareOne posiadaj\u0105 bagnet EF i s\u0105 kompatybilne ze strumienic\u0105 GlareOne Spotlight.<\/span><\/p>\n<h3><b>Cechy produktu:<\/b><\/h3>\n<ul>\n<li style=\"font-weight: 400;\" aria-level=\"1\"><span style=\"font-weight: 400;\">Obiektyw 85 mm typu apochromat.\u00a0<\/span><\/li>\n<li style=\"font-weight: 400;\" aria-level=\"1\"><span style=\"font-weight: 400;\">Minimalna odleg\u0142o\u015b\u0107 ostrzenia wynosi 50 cm.<\/span><\/li>\n<li style=\"font-weight: 400;\" aria-level=\"1\"><span style=\"font-weight: 400;\">Minimalna aberracja chromatyczna i du\u017ca ostro\u015b\u0107.<\/span><\/li>\n<li style=\"font-weight: 400;\" aria-level=\"1\"><span style=\"font-weight: 400;\">Dostarczany z pi\u0119cioma filtrami kolorowymi i uchwytem.<\/span><\/li>\n<li style=\"font-weight: 400;\" aria-level=\"1\"><span style=\"font-weight: 400;\">Futera\u0142 w zestawie z obiektywem.<\/span><\/li>\n<\/ul>\n","protected":false},"excerpt":{"rendered":"<p>GlareOne Spotlight 85 mm to obiektyw projekcyjny, kt\u00f3ry powsta\u0142 we wsp\u00f3\u0142pracy z Piotrem Wernerem &#8211; wieloletnim ambasadorem marki GlareOne. Piotr Werner tworzy obrazy, kt\u00f3re maj\u0105 du\u017co charakteru i bawi si\u0119 przy tym \u015bwiat\u0142em. GlareOne Spotlight 85 mm pozwala w\u0142a\u015bnie na eksperymentowanie ze \u015bwiat\u0142em i uzyskanie ciekawych efekt\u00f3w na zdj\u0119ciach. Obiektyw jest kompatybilny ze strumienic\u0105 GlareOne [&hellip;]<\/p>\n","protected":false},"featured_media":2346,"template":"","meta":[],"product_brand":[],"product_cat":[389],"product_tag":[],"class_list":{"0":"post-1040","1":"product","2":"type-product","3":"status-publish","4":"has-post-thumbnail","6":"product_cat-korpus-i-obiektywy-projekcyjne","8":"first","9":"instock","10":"product-type-simple"},"yoast_head":"<!-- This site is optimized with the Yoast SEO plugin v27.2 - https:\/\/yoast.com\/product\/yoast-seo-wordpress\/ -->\n<title>GlareOne Spotlight 85mm - obiektyw projekcyjny<\/title>\n<meta name=\"description\" content=\"GlareOne Spotlight 85mm - obiektyw projekcyjny\" \/>\n<meta name=\"robots\" content=\"index, follow, max-snippet:-1, max-image-preview:large, max-video-preview:-1\" \/>\n<link rel=\"canonical\" href=\"https:\/\/glareone.eu\/pl\/produkt\/glareone-spotlight-85mm\/\" \/>\n<meta property=\"og:locale\" content=\"pl_PL\" \/>\n<meta property=\"og:type\" content=\"article\" \/>\n<meta property=\"og:title\" content=\"GlareOne Spotlight 85mm - obiektyw projekcyjny\" \/>\n<meta property=\"og:description\" content=\"GlareOne Spotlight 85mm - obiektyw projekcyjny\" \/>\n<meta property=\"og:url\" content=\"https:\/\/glareone.eu\/pl\/produkt\/glareone-spotlight-85mm\/\" \/>\n<meta property=\"og:site_name\" content=\"GlareOne\" \/>\n<meta property=\"article:publisher\" content=\"https:\/\/www.facebook.com\/GlareOneLighting\" \/>\n<meta property=\"article:modified_time\" content=\"2024-06-17T07:48:14+00:00\" \/>\n<meta property=\"og:image\" content=\"https:\/\/glareone.eu\/wp-content\/uploads\/2024\/04\/SSPOTLIGHT85L_01.jpg\" \/>\n\t<meta property=\"og:image:width\" content=\"1200\" \/>\n\t<meta property=\"og:image:height\" content=\"1200\" \/>\n\t<meta property=\"og:image:type\" content=\"image\/jpeg\" \/>\n<meta name=\"twitter:card\" content=\"summary_large_image\" \/>\n<meta name=\"twitter:title\" content=\"GlareOne Spotlight 85mm - obiektyw projekcyjny\" \/>\n<meta name=\"twitter:label1\" content=\"Szacowany czas czytania\" \/>\n\t<meta name=\"twitter:data1\" content=\"2 minuty\" \/>\n<script type=\"application\/ld+json\" class=\"yoast-schema-graph\">{\"@context\":\"https:\/\/schema.org\",\"@graph\":[{\"@type\":\"WebPage\",\"@id\":\"https:\/\/glareone.eu\/pl\/produkt\/glareone-spotlight-85mm\/\",\"url\":\"https:\/\/glareone.eu\/pl\/produkt\/glareone-spotlight-85mm\/\",\"name\":\"GlareOne Spotlight 85mm - obiektyw projekcyjny\",\"isPartOf\":{\"@id\":\"https:\/\/glareone.eu\/pl\/en\/#website\"},\"primaryImageOfPage\":{\"@id\":\"https:\/\/glareone.eu\/pl\/produkt\/glareone-spotlight-85mm\/#primaryimage\"},\"image\":{\"@id\":\"https:\/\/glareone.eu\/pl\/produkt\/glareone-spotlight-85mm\/#primaryimage\"},\"thumbnailUrl\":\"https:\/\/glareone.eu\/wp-content\/uploads\/2024\/04\/SSPOTLIGHT85L_01.jpg\",\"datePublished\":\"2024-04-18T19:26:31+00:00\",\"dateModified\":\"2024-06-17T07:48:14+00:00\",\"description\":\"GlareOne Spotlight 85mm - obiektyw projekcyjny\",\"breadcrumb\":{\"@id\":\"https:\/\/glareone.eu\/pl\/produkt\/glareone-spotlight-85mm\/#breadcrumb\"},\"inLanguage\":\"pl-PL\",\"potentialAction\":[{\"@type\":\"ReadAction\",\"target\":[\"https:\/\/glareone.eu\/pl\/produkt\/glareone-spotlight-85mm\/\"]}]},{\"@type\":\"ImageObject\",\"inLanguage\":\"pl-PL\",\"@id\":\"https:\/\/glareone.eu\/pl\/produkt\/glareone-spotlight-85mm\/#primaryimage\",\"url\":\"https:\/\/glareone.eu\/wp-content\/uploads\/2024\/04\/SSPOTLIGHT85L_01.jpg\",\"contentUrl\":\"https:\/\/glareone.eu\/wp-content\/uploads\/2024\/04\/SSPOTLIGHT85L_01.jpg\",\"width\":1200,\"height\":1200},{\"@type\":\"BreadcrumbList\",\"@id\":\"https:\/\/glareone.eu\/pl\/produkt\/glareone-spotlight-85mm\/#breadcrumb\",\"itemListElement\":[{\"@type\":\"ListItem\",\"position\":1,\"name\":\"Strona g\u0142\u00f3wna\",\"item\":\"https:\/\/glareone.eu\/pl\/\"},{\"@type\":\"ListItem\",\"position\":2,\"name\":\"Wszystkie produkty\",\"item\":\"https:\/\/glareone.eu\/pl\/produkty\/wszystkie-produkty\/\"},{\"@type\":\"ListItem\",\"position\":3,\"name\":\"GlareOne Spotlight 85mm &#8211; obiektyw projekcyjny\"}]},{\"@type\":\"WebSite\",\"@id\":\"https:\/\/glareone.eu\/pl\/en\/#website\",\"url\":\"https:\/\/glareone.eu\/pl\/en\/\",\"name\":\"GlareOne\",\"description\":\"Wyposa\u017cenie Studia\",\"publisher\":{\"@id\":\"https:\/\/glareone.eu\/pl\/en\/#organization\"},\"potentialAction\":[{\"@type\":\"SearchAction\",\"target\":{\"@type\":\"EntryPoint\",\"urlTemplate\":\"https:\/\/glareone.eu\/pl\/en\/?s={search_term_string}\"},\"query-input\":{\"@type\":\"PropertyValueSpecification\",\"valueRequired\":true,\"valueName\":\"search_term_string\"}}],\"inLanguage\":\"pl-PL\"},{\"@type\":\"Organization\",\"@id\":\"https:\/\/glareone.eu\/pl\/en\/#organization\",\"name\":\"GlareOne\",\"url\":\"https:\/\/glareone.eu\/pl\/en\/\",\"logo\":{\"@type\":\"ImageObject\",\"inLanguage\":\"pl-PL\",\"@id\":\"https:\/\/glareone.eu\/pl\/en\/#\/schema\/logo\/image\/\",\"url\":\"http:\/\/glareone.eu\/wp-content\/uploads\/2024\/05\/glareone_logo2020_RGB-01-e1715773127189.png\",\"contentUrl\":\"http:\/\/glareone.eu\/wp-content\/uploads\/2024\/05\/glareone_logo2020_RGB-01-e1715773127189.png\",\"width\":1270,\"height\":321,\"caption\":\"GlareOne\"},\"image\":{\"@id\":\"https:\/\/glareone.eu\/pl\/en\/#\/schema\/logo\/image\/\"},\"sameAs\":[\"https:\/\/www.facebook.com\/GlareOneLighting\",\"https:\/\/www.instagram.com\/glareonelighting\/\",\"https:\/\/www.youtube.com\/@GlareOneTV\"]}]}<\/script>\n<!-- \/ Yoast SEO plugin. -->","yoast_head_json":{"title":"GlareOne Spotlight 85mm - obiektyw projekcyjny","description":"GlareOne Spotlight 85mm - obiektyw projekcyjny","robots":{"index":"index","follow":"follow","max-snippet":"max-snippet:-1","max-image-preview":"max-image-preview:large","max-video-preview":"max-video-preview:-1"},"canonical":"https:\/\/glareone.eu\/pl\/produkt\/glareone-spotlight-85mm\/","og_locale":"pl_PL","og_type":"article","og_title":"GlareOne Spotlight 85mm - obiektyw projekcyjny","og_description":"GlareOne Spotlight 85mm - obiektyw projekcyjny","og_url":"https:\/\/glareone.eu\/pl\/produkt\/glareone-spotlight-85mm\/","og_site_name":"GlareOne","article_publisher":"https:\/\/www.facebook.com\/GlareOneLighting","article_modified_time":"2024-06-17T07:48:14+00:00","og_image":[{"width":1200,"height":1200,"url":"https:\/\/glareone.eu\/wp-content\/uploads\/2024\/04\/SSPOTLIGHT85L_01.jpg","type":"image\/jpeg"}],"twitter_card":"summary_large_image","twitter_title":"GlareOne Spotlight 85mm - obiektyw projekcyjny","twitter_misc":{"Szacowany czas czytania":"2 minuty"},"schema":{"@context":"https:\/\/schema.org","@graph":[{"@type":"WebPage","@id":"https:\/\/glareone.eu\/pl\/produkt\/glareone-spotlight-85mm\/","url":"https:\/\/glareone.eu\/pl\/produkt\/glareone-spotlight-85mm\/","name":"GlareOne Spotlight 85mm - obiektyw projekcyjny","isPartOf":{"@id":"https:\/\/glareone.eu\/pl\/en\/#website"},"primaryImageOfPage":{"@id":"https:\/\/glareone.eu\/pl\/produkt\/glareone-spotlight-85mm\/#primaryimage"},"image":{"@id":"https:\/\/glareone.eu\/pl\/produkt\/glareone-spotlight-85mm\/#primaryimage"},"thumbnailUrl":"https:\/\/glareone.eu\/wp-content\/uploads\/2024\/04\/SSPOTLIGHT85L_01.jpg","datePublished":"2024-04-18T19:26:31+00:00","dateModified":"2024-06-17T07:48:14+00:00","description":"GlareOne Spotlight 85mm - obiektyw projekcyjny","breadcrumb":{"@id":"https:\/\/glareone.eu\/pl\/produkt\/glareone-spotlight-85mm\/#breadcrumb"},"inLanguage":"pl-PL","potentialAction":[{"@type":"ReadAction","target":["https:\/\/glareone.eu\/pl\/produkt\/glareone-spotlight-85mm\/"]}]},{"@type":"ImageObject","inLanguage":"pl-PL","@id":"https:\/\/glareone.eu\/pl\/produkt\/glareone-spotlight-85mm\/#primaryimage","url":"https:\/\/glareone.eu\/wp-content\/uploads\/2024\/04\/SSPOTLIGHT85L_01.jpg","contentUrl":"https:\/\/glareone.eu\/wp-content\/uploads\/2024\/04\/SSPOTLIGHT85L_01.jpg","width":1200,"height":1200},{"@type":"BreadcrumbList","@id":"https:\/\/glareone.eu\/pl\/produkt\/glareone-spotlight-85mm\/#breadcrumb","itemListElement":[{"@type":"ListItem","position":1,"name":"Strona g\u0142\u00f3wna","item":"https:\/\/glareone.eu\/pl\/"},{"@type":"ListItem","position":2,"name":"Wszystkie produkty","item":"https:\/\/glareone.eu\/pl\/produkty\/wszystkie-produkty\/"},{"@type":"ListItem","position":3,"name":"GlareOne Spotlight 85mm &#8211; obiektyw projekcyjny"}]},{"@type":"WebSite","@id":"https:\/\/glareone.eu\/pl\/en\/#website","url":"https:\/\/glareone.eu\/pl\/en\/","name":"GlareOne","description":"Wyposa\u017cenie Studia","publisher":{"@id":"https:\/\/glareone.eu\/pl\/en\/#organization"},"potentialAction":[{"@type":"SearchAction","target":{"@type":"EntryPoint","urlTemplate":"https:\/\/glareone.eu\/pl\/en\/?s={search_term_string}"},"query-input":{"@type":"PropertyValueSpecification","valueRequired":true,"valueName":"search_term_string"}}],"inLanguage":"pl-PL"},{"@type":"Organization","@id":"https:\/\/glareone.eu\/pl\/en\/#organization","name":"GlareOne","url":"https:\/\/glareone.eu\/pl\/en\/","logo":{"@type":"ImageObject","inLanguage":"pl-PL","@id":"https:\/\/glareone.eu\/pl\/en\/#\/schema\/logo\/image\/","url":"http:\/\/glareone.eu\/wp-content\/uploads\/2024\/05\/glareone_logo2020_RGB-01-e1715773127189.png","contentUrl":"http:\/\/glareone.eu\/wp-content\/uploads\/2024\/05\/glareone_logo2020_RGB-01-e1715773127189.png","width":1270,"height":321,"caption":"GlareOne"},"image":{"@id":"https:\/\/glareone.eu\/pl\/en\/#\/schema\/logo\/image\/"},"sameAs":["https:\/\/www.facebook.com\/GlareOneLighting","https:\/\/www.instagram.com\/glareonelighting\/","https:\/\/www.youtube.com\/@GlareOneTV"]}]}},"_links":{"self":[{"href":"https:\/\/glareone.eu\/pl\/wp-json\/wp\/v2\/product\/1040","targetHints":{"allow":["GET"]}}],"collection":[{"href":"https:\/\/glareone.eu\/pl\/wp-json\/wp\/v2\/product"}],"about":[{"href":"https:\/\/glareone.eu\/pl\/wp-json\/wp\/v2\/types\/product"}],"wp:featuredmedia":[{"embeddable":true,"href":"https:\/\/glareone.eu\/pl\/wp-json\/wp\/v2\/media\/2346"}],"wp:attachment":[{"href":"https:\/\/glareone.eu\/pl\/wp-json\/wp\/v2\/media?parent=1040"}],"wp:term":[{"taxonomy":"product_brand","embeddable":true,"href":"https:\/\/glareone.eu\/pl\/wp-json\/wp\/v2\/product_brand?post=1040"},{"taxonomy":"product_cat","embeddable":true,"href":"https:\/\/glareone.eu\/pl\/wp-json\/wp\/v2\/product_cat?post=1040"},{"taxonomy":"product_tag","embeddable":true,"href":"https:\/\/glareone.eu\/pl\/wp-json\/wp\/v2\/product_tag?post=1040"}],"curies":[{"name":"wp","href":"https:\/\/api.w.org\/{rel}","templated":true}]}}