{"id":1038,"date":"2024-04-18T19:26:31","date_gmt":"2024-04-18T19:26:31","guid":{"rendered":"http:\/\/glareone.eu\/produkt\/glareone-antares-600\/"},"modified":"2024-05-23T10:43:21","modified_gmt":"2024-05-23T10:43:21","slug":"glareone-antares-600","status":"publish","type":"product","link":"https:\/\/glareone.eu\/pl\/produkt\/glareone-antares-600\/","title":{"rendered":"GlareOne Antares 600"},"content":{"rendered":"<p>GlareOne Antares 600 to profesjonalna, b\u0142yskowa lampa studyjna o mocy 600 Ws, wyposa\u017cona w \u015bwiat\u0142o pilotuj\u0105ce LED, mocowanie modyfikator\u00f3w \u015bwiat\u0142a typu Bowens oraz wbudowane radiowe sterowanie.<\/p>\n<h3>Wysoka wydajno\u015b\u0107 Antares 600<\/h3>\n<p>Wysoce wydajna, b\u0142yskowa lampa studyjna, kt\u00f3ra idealnie sprawdzi si\u0119 w profesjonalnych zastosowaniach. Jej du\u017ca moc i powtarzalno\u015b\u0107 b\u0142ysku oraz kr\u00f3tki czas \u0142adowania powoduj\u0105, \u017ce nawet d\u0142ugie i wymagaj\u0105ce sesje b\u0119d\u0105 przebiega\u0107 sprawnie.<\/p>\n<h3>Wszechstronno\u015b\u0107<\/h3>\n<p>Zakres regulacji energii b\u0142ysku wynosi a\u017c 6 stopni przys\u0142ony. Oznacza to, \u017ce podczas wykonywania uj\u0119\u0107 portretowych z p\u0142ytk\u0105 g\u0142\u0119bi\u0105 ostro\u015bci, mo\u017cliwe jest ustawienie ma\u0142ej mocy b\u0142ysku, a gdy zachodzi taka potrzeba, lampa b\u0119dzie w stanie wygenerowa\u0107 wystarczaj\u0105co du\u017co \u015bwiat\u0142a, aby mo\u017cliwe by\u0142o korzystanie z mocno zamkni\u0119tych przys\u0142on. Skala regulacji mocy ma a\u017c 60 stopni co 1\/10 dzia\u0142ki przys\u0142ony, co pozwala precyzyjnie ustawi\u0107 potrzebn\u0105 moc.<\/p>\n<h3>Radiowe sterowanie<\/h3>\n<p>Lampa Antares 600 jest wyposa\u017cona w odbiornik, kt\u00f3ry komunikuje si\u0119 z nadajnikami GlareOne Flash. Dzi\u0119ki temu mo\u017cliwe jest zdalne ustawienie energii b\u0142ysku bez konieczno\u015bci podchodzenia do lampy, co bardzo u\u0142atwia i usprawnia prac\u0119 w studiu.<\/p>\n<h3>\u015awiat\u0142o pilotuj\u0105ce LED<\/h3>\n<p>Lampa posiada \u015bwiat\u0142o pilotuj\u0105ce wykorzystuj\u0105ce uk\u0142ad LED o maksymalnej mocy 25 W. Jest to nowoczesne rozwi\u0105zanie, kt\u00f3re jest wydajniejsze, mniejsze, trwalsze i co bardzo istotne &#8211; bezpieczniejsze od szeroko stosowanych w innych lampach \u017car\u00f3wek halogenowych. \u015awiat\u0142o pilotuj\u0105ce mo\u017ce pracowa\u0107 w trybie proporcjonalnym, kt\u00f3ry jest powi\u0105zany z ustawion\u0105 energi\u0105 b\u0142ysku, ale mo\u017ce te\u017c by\u0107 na sta\u0142e w\u0142\u0105czone na pe\u0142n\u0105 moc lub te\u017c ca\u0142kowicie wy\u0142\u0105czone.<\/p>\n<h3>Antares 600 &#8211; lampa prosta w obs\u0142udze<\/h3>\n<p>Tylny panel wyposa\u017cony jest w czytelny, pod\u015bwietlany ekran LCD, kt\u00f3ry wy\u015bwietla najwa\u017cniejsze parametry pracy. Samo sterowanie jest intuicyjne i bardzo proste do opanowania. Zmiana ustawie\u0144 energii b\u0142ysku czy te\u017c trybu pracy \u015bwiat\u0142a pilotuj\u0105cego odbywa si\u0119 za pomoc\u0105 pokr\u0119t\u0142a oraz kilku przycisk\u00f3w. To powoduje, \u017ce bardzo szybko mo\u017cna si\u0119 nauczy\u0107 obs\u0142ugi lampy i zacz\u0105\u0107 wykorzystywa\u0107 j\u0105 podczas sesji.<\/p>\n<h3>Modyfikatory \u015bwiat\u0142a<\/h3>\n<p>Antares 600 jest wyposa\u017cony w mocowanie typu Bowens, kt\u00f3re pozwala na zastosowanie niezwykle szerokiej gamy akcesori\u00f3w s\u0142u\u017c\u0105cych do modyfikowania \u015bwiat\u0142a. Mo\u017cna korzysta\u0107 z softbox\u00f3w o r\u00f3\u017cnych rozmiarach i kszta\u0142tach, czasz, strumienic, wr\u00f3t i nasadek typu Beauty-dish. Ponadto, dzi\u0119ki zintegrowanemu z uchwytem statywowym mocowaniu, Antares mo\u017ce by\u0107 tak\u017ce stosowany z parasolami.<\/p>\n<h3>Trwa\u0142e i dobrze zaprojektowane<\/h3>\n<p>Wszystkie elementy obudowy, kt\u00f3re maj\u0105 kluczowe znaczenie dla d\u0142ugowieczno\u015bci i og\u00f3lnej trwa\u0142o\u015bci lampy, zosta\u0142y wykonane z metalu. D\u017awignia blokuj\u0105ca modyfikator \u015bwiat\u0142a jest du\u017ca i \u0142atwa w obs\u0142udze. Uchwyt jest ergonomicznie zaprojektowany, aby zapewni\u0107 wygod\u0119 pracy podczas sesji. Ekran LCD jest nie tylko du\u017cy i wyra\u017any, ale widoczny pod ka\u017cdym k\u0105tem i czytelny, co mo\u017ce przyda\u0107 si\u0119, gdy lampa jest umieszczona na wysokim statywie.<\/p>\n<h3>Cechy GlareOne Antares 600:<\/h3>\n<ul>\n<li>Metalowa obudowa i mocowanie statywowe gwarantuj\u0105ce du\u017cy ud\u017awig i wytrzyma\u0142o\u015b\u0107.<\/li>\n<li>Temperatura barwowa \u015bwiat\u0142a dziennego (5500\u00b1200K) w ca\u0142ym zakresie regulacji energii b\u0142ysku.<\/li>\n<li>Mo\u017cliwo\u015b\u0107 zmiany mocy w zakresie 6 stopni przys\u0142ony (w 60 krokach co 0,1 stopnia przys\u0142ony).<\/li>\n<li>Bardzo kr\u00f3tki czas \u0142adowania &#8211; jedynie 0,9 s na pe\u0142nej mocy.<\/li>\n<li>\u015awiat\u0142o pilotuj\u0105ce LED o mocy 25 W (ekwiwalent ok. 250 W lampy halogenowej).<\/li>\n<li>Mocowanie modyfikator\u00f3w \u015bwiat\u0142a typu Bowens.<\/li>\n<li>Wbudowany odbiornik radiowy kompatybilny z wyzwalaczami GlareOne.<\/li>\n<li>Mo\u017ce by\u0107 przypisana do jednej z 16 grup lamp w 32 kana\u0142ach komunikacji.<\/li>\n<li>Wbudowana fotocela oraz gniazdo synchronizacyjne 3,5 mm.<\/li>\n<li>System aktywnego ch\u0142odzenia oraz bezpiecznik temperaturowy.<\/li>\n<li>Zintegrowany w mocowanie statywowe uchwyt do parasolek.<\/li>\n<li>Ergonomicznie zaprojektowany uchwyt umo\u017cliwiaj\u0105cy regulacj\u0119 k\u0105ta nachylenia.<\/li>\n<\/ul>\n<p>&nbsp;<\/p>\n","protected":false},"excerpt":{"rendered":"<p>GlareOne Antares 600 to profesjonalna, b\u0142yskowa lampa studyjna o mocy 600 Ws, wyposa\u017cona w \u015bwiat\u0142o pilotuj\u0105ce LED, mocowanie modyfikator\u00f3w \u015bwiat\u0142a typu Bowens oraz wbudowane radiowe sterowanie. Wysoka wydajno\u015b\u0107 Antares 600 Wysoce wydajna, b\u0142yskowa lampa studyjna, kt\u00f3ra idealnie sprawdzi si\u0119 w profesjonalnych zastosowaniach. Jej du\u017ca moc i powtarzalno\u015b\u0107 b\u0142ysku oraz kr\u00f3tki czas \u0142adowania powoduj\u0105, \u017ce nawet [&hellip;]<\/p>\n","protected":false},"featured_media":1147,"template":"","meta":[],"product_brand":[],"product_cat":[378],"product_tag":[],"class_list":{"0":"post-1038","1":"product","2":"type-product","3":"status-publish","4":"has-post-thumbnail","6":"product_cat-antares","8":"first","9":"instock","10":"product-type-simple"},"yoast_head":"<!-- This site is optimized with the Yoast SEO plugin v27.2 - https:\/\/yoast.com\/product\/yoast-seo-wordpress\/ -->\n<title>GlareOne Antares 600<\/title>\n<meta name=\"description\" content=\"GlareOne Antares 600 to profesjonalna, b\u0142yskowa lampa studyjna o mocy 600 Ws, wyposa\u017cona w \u015bwiat\u0142o pilotuj\u0105ce LED oraz mocowanie typu Bowens.\" \/>\n<meta name=\"robots\" content=\"index, follow, max-snippet:-1, max-image-preview:large, max-video-preview:-1\" \/>\n<link rel=\"canonical\" href=\"https:\/\/glareone.eu\/pl\/produkt\/glareone-antares-600\/\" \/>\n<meta property=\"og:locale\" content=\"pl_PL\" \/>\n<meta property=\"og:type\" content=\"article\" \/>\n<meta property=\"og:title\" content=\"GlareOne Antares 600\" \/>\n<meta property=\"og:description\" content=\"GlareOne Antares 600 to profesjonalna, b\u0142yskowa lampa studyjna o mocy 600 Ws, wyposa\u017cona w \u015bwiat\u0142o pilotuj\u0105ce LED oraz mocowanie typu Bowens.\" \/>\n<meta property=\"og:url\" content=\"https:\/\/glareone.eu\/pl\/produkt\/glareone-antares-600\/\" \/>\n<meta property=\"og:site_name\" content=\"GlareOne\" \/>\n<meta property=\"article:publisher\" content=\"https:\/\/www.facebook.com\/GlareOneLighting\" \/>\n<meta property=\"article:modified_time\" content=\"2024-05-23T10:43:21+00:00\" \/>\n<meta property=\"og:image\" content=\"https:\/\/glareone.eu\/wp-content\/uploads\/2024\/04\/GlareOne-Antares-600-01.jpg\" \/>\n\t<meta property=\"og:image:width\" content=\"1200\" \/>\n\t<meta property=\"og:image:height\" content=\"1200\" \/>\n\t<meta property=\"og:image:type\" content=\"image\/jpeg\" \/>\n<meta name=\"twitter:card\" content=\"summary_large_image\" \/>\n<meta name=\"twitter:title\" content=\"GlareOne Antares 600\" \/>\n<meta name=\"twitter:label1\" content=\"Szacowany czas czytania\" \/>\n\t<meta name=\"twitter:data1\" content=\"3 minuty\" \/>\n<script type=\"application\/ld+json\" class=\"yoast-schema-graph\">{\"@context\":\"https:\/\/schema.org\",\"@graph\":[{\"@type\":\"WebPage\",\"@id\":\"https:\/\/glareone.eu\/pl\/produkt\/glareone-antares-600\/\",\"url\":\"https:\/\/glareone.eu\/pl\/produkt\/glareone-antares-600\/\",\"name\":\"GlareOne Antares 600\",\"isPartOf\":{\"@id\":\"https:\/\/glareone.eu\/pl\/en\/#website\"},\"primaryImageOfPage\":{\"@id\":\"https:\/\/glareone.eu\/pl\/produkt\/glareone-antares-600\/#primaryimage\"},\"image\":{\"@id\":\"https:\/\/glareone.eu\/pl\/produkt\/glareone-antares-600\/#primaryimage\"},\"thumbnailUrl\":\"https:\/\/glareone.eu\/wp-content\/uploads\/2024\/04\/GlareOne-Antares-600-01.jpg\",\"datePublished\":\"2024-04-18T19:26:31+00:00\",\"dateModified\":\"2024-05-23T10:43:21+00:00\",\"description\":\"GlareOne Antares 600 to profesjonalna, b\u0142yskowa lampa studyjna o mocy 600 Ws, wyposa\u017cona w \u015bwiat\u0142o pilotuj\u0105ce LED oraz mocowanie typu Bowens.\",\"breadcrumb\":{\"@id\":\"https:\/\/glareone.eu\/pl\/produkt\/glareone-antares-600\/#breadcrumb\"},\"inLanguage\":\"pl-PL\",\"potentialAction\":[{\"@type\":\"ReadAction\",\"target\":[\"https:\/\/glareone.eu\/pl\/produkt\/glareone-antares-600\/\"]}]},{\"@type\":\"ImageObject\",\"inLanguage\":\"pl-PL\",\"@id\":\"https:\/\/glareone.eu\/pl\/produkt\/glareone-antares-600\/#primaryimage\",\"url\":\"https:\/\/glareone.eu\/wp-content\/uploads\/2024\/04\/GlareOne-Antares-600-01.jpg\",\"contentUrl\":\"https:\/\/glareone.eu\/wp-content\/uploads\/2024\/04\/GlareOne-Antares-600-01.jpg\",\"width\":1200,\"height\":1200},{\"@type\":\"BreadcrumbList\",\"@id\":\"https:\/\/glareone.eu\/pl\/produkt\/glareone-antares-600\/#breadcrumb\",\"itemListElement\":[{\"@type\":\"ListItem\",\"position\":1,\"name\":\"Strona g\u0142\u00f3wna\",\"item\":\"https:\/\/glareone.eu\/pl\/\"},{\"@type\":\"ListItem\",\"position\":2,\"name\":\"Wszystkie produkty\",\"item\":\"https:\/\/glareone.eu\/pl\/produkty\/wszystkie-produkty\/\"},{\"@type\":\"ListItem\",\"position\":3,\"name\":\"GlareOne Antares 600\"}]},{\"@type\":\"WebSite\",\"@id\":\"https:\/\/glareone.eu\/pl\/en\/#website\",\"url\":\"https:\/\/glareone.eu\/pl\/en\/\",\"name\":\"GlareOne\",\"description\":\"Wyposa\u017cenie Studia\",\"publisher\":{\"@id\":\"https:\/\/glareone.eu\/pl\/en\/#organization\"},\"potentialAction\":[{\"@type\":\"SearchAction\",\"target\":{\"@type\":\"EntryPoint\",\"urlTemplate\":\"https:\/\/glareone.eu\/pl\/en\/?s={search_term_string}\"},\"query-input\":{\"@type\":\"PropertyValueSpecification\",\"valueRequired\":true,\"valueName\":\"search_term_string\"}}],\"inLanguage\":\"pl-PL\"},{\"@type\":\"Organization\",\"@id\":\"https:\/\/glareone.eu\/pl\/en\/#organization\",\"name\":\"GlareOne\",\"url\":\"https:\/\/glareone.eu\/pl\/en\/\",\"logo\":{\"@type\":\"ImageObject\",\"inLanguage\":\"pl-PL\",\"@id\":\"https:\/\/glareone.eu\/pl\/en\/#\/schema\/logo\/image\/\",\"url\":\"http:\/\/glareone.eu\/wp-content\/uploads\/2024\/05\/glareone_logo2020_RGB-01-e1715773127189.png\",\"contentUrl\":\"http:\/\/glareone.eu\/wp-content\/uploads\/2024\/05\/glareone_logo2020_RGB-01-e1715773127189.png\",\"width\":1270,\"height\":321,\"caption\":\"GlareOne\"},\"image\":{\"@id\":\"https:\/\/glareone.eu\/pl\/en\/#\/schema\/logo\/image\/\"},\"sameAs\":[\"https:\/\/www.facebook.com\/GlareOneLighting\",\"https:\/\/www.instagram.com\/glareonelighting\/\",\"https:\/\/www.youtube.com\/@GlareOneTV\"]}]}<\/script>\n<!-- \/ Yoast SEO plugin. -->","yoast_head_json":{"title":"GlareOne Antares 600","description":"GlareOne Antares 600 to profesjonalna, b\u0142yskowa lampa studyjna o mocy 600 Ws, wyposa\u017cona w \u015bwiat\u0142o pilotuj\u0105ce LED oraz mocowanie typu Bowens.","robots":{"index":"index","follow":"follow","max-snippet":"max-snippet:-1","max-image-preview":"max-image-preview:large","max-video-preview":"max-video-preview:-1"},"canonical":"https:\/\/glareone.eu\/pl\/produkt\/glareone-antares-600\/","og_locale":"pl_PL","og_type":"article","og_title":"GlareOne Antares 600","og_description":"GlareOne Antares 600 to profesjonalna, b\u0142yskowa lampa studyjna o mocy 600 Ws, wyposa\u017cona w \u015bwiat\u0142o pilotuj\u0105ce LED oraz mocowanie typu Bowens.","og_url":"https:\/\/glareone.eu\/pl\/produkt\/glareone-antares-600\/","og_site_name":"GlareOne","article_publisher":"https:\/\/www.facebook.com\/GlareOneLighting","article_modified_time":"2024-05-23T10:43:21+00:00","og_image":[{"width":1200,"height":1200,"url":"https:\/\/glareone.eu\/wp-content\/uploads\/2024\/04\/GlareOne-Antares-600-01.jpg","type":"image\/jpeg"}],"twitter_card":"summary_large_image","twitter_title":"GlareOne Antares 600","twitter_misc":{"Szacowany czas czytania":"3 minuty"},"schema":{"@context":"https:\/\/schema.org","@graph":[{"@type":"WebPage","@id":"https:\/\/glareone.eu\/pl\/produkt\/glareone-antares-600\/","url":"https:\/\/glareone.eu\/pl\/produkt\/glareone-antares-600\/","name":"GlareOne Antares 600","isPartOf":{"@id":"https:\/\/glareone.eu\/pl\/en\/#website"},"primaryImageOfPage":{"@id":"https:\/\/glareone.eu\/pl\/produkt\/glareone-antares-600\/#primaryimage"},"image":{"@id":"https:\/\/glareone.eu\/pl\/produkt\/glareone-antares-600\/#primaryimage"},"thumbnailUrl":"https:\/\/glareone.eu\/wp-content\/uploads\/2024\/04\/GlareOne-Antares-600-01.jpg","datePublished":"2024-04-18T19:26:31+00:00","dateModified":"2024-05-23T10:43:21+00:00","description":"GlareOne Antares 600 to profesjonalna, b\u0142yskowa lampa studyjna o mocy 600 Ws, wyposa\u017cona w \u015bwiat\u0142o pilotuj\u0105ce LED oraz mocowanie typu Bowens.","breadcrumb":{"@id":"https:\/\/glareone.eu\/pl\/produkt\/glareone-antares-600\/#breadcrumb"},"inLanguage":"pl-PL","potentialAction":[{"@type":"ReadAction","target":["https:\/\/glareone.eu\/pl\/produkt\/glareone-antares-600\/"]}]},{"@type":"ImageObject","inLanguage":"pl-PL","@id":"https:\/\/glareone.eu\/pl\/produkt\/glareone-antares-600\/#primaryimage","url":"https:\/\/glareone.eu\/wp-content\/uploads\/2024\/04\/GlareOne-Antares-600-01.jpg","contentUrl":"https:\/\/glareone.eu\/wp-content\/uploads\/2024\/04\/GlareOne-Antares-600-01.jpg","width":1200,"height":1200},{"@type":"BreadcrumbList","@id":"https:\/\/glareone.eu\/pl\/produkt\/glareone-antares-600\/#breadcrumb","itemListElement":[{"@type":"ListItem","position":1,"name":"Strona g\u0142\u00f3wna","item":"https:\/\/glareone.eu\/pl\/"},{"@type":"ListItem","position":2,"name":"Wszystkie produkty","item":"https:\/\/glareone.eu\/pl\/produkty\/wszystkie-produkty\/"},{"@type":"ListItem","position":3,"name":"GlareOne Antares 600"}]},{"@type":"WebSite","@id":"https:\/\/glareone.eu\/pl\/en\/#website","url":"https:\/\/glareone.eu\/pl\/en\/","name":"GlareOne","description":"Wyposa\u017cenie Studia","publisher":{"@id":"https:\/\/glareone.eu\/pl\/en\/#organization"},"potentialAction":[{"@type":"SearchAction","target":{"@type":"EntryPoint","urlTemplate":"https:\/\/glareone.eu\/pl\/en\/?s={search_term_string}"},"query-input":{"@type":"PropertyValueSpecification","valueRequired":true,"valueName":"search_term_string"}}],"inLanguage":"pl-PL"},{"@type":"Organization","@id":"https:\/\/glareone.eu\/pl\/en\/#organization","name":"GlareOne","url":"https:\/\/glareone.eu\/pl\/en\/","logo":{"@type":"ImageObject","inLanguage":"pl-PL","@id":"https:\/\/glareone.eu\/pl\/en\/#\/schema\/logo\/image\/","url":"http:\/\/glareone.eu\/wp-content\/uploads\/2024\/05\/glareone_logo2020_RGB-01-e1715773127189.png","contentUrl":"http:\/\/glareone.eu\/wp-content\/uploads\/2024\/05\/glareone_logo2020_RGB-01-e1715773127189.png","width":1270,"height":321,"caption":"GlareOne"},"image":{"@id":"https:\/\/glareone.eu\/pl\/en\/#\/schema\/logo\/image\/"},"sameAs":["https:\/\/www.facebook.com\/GlareOneLighting","https:\/\/www.instagram.com\/glareonelighting\/","https:\/\/www.youtube.com\/@GlareOneTV"]}]}},"_links":{"self":[{"href":"https:\/\/glareone.eu\/pl\/wp-json\/wp\/v2\/product\/1038","targetHints":{"allow":["GET"]}}],"collection":[{"href":"https:\/\/glareone.eu\/pl\/wp-json\/wp\/v2\/product"}],"about":[{"href":"https:\/\/glareone.eu\/pl\/wp-json\/wp\/v2\/types\/product"}],"wp:featuredmedia":[{"embeddable":true,"href":"https:\/\/glareone.eu\/pl\/wp-json\/wp\/v2\/media\/1147"}],"wp:attachment":[{"href":"https:\/\/glareone.eu\/pl\/wp-json\/wp\/v2\/media?parent=1038"}],"wp:term":[{"taxonomy":"product_brand","embeddable":true,"href":"https:\/\/glareone.eu\/pl\/wp-json\/wp\/v2\/product_brand?post=1038"},{"taxonomy":"product_cat","embeddable":true,"href":"https:\/\/glareone.eu\/pl\/wp-json\/wp\/v2\/product_cat?post=1038"},{"taxonomy":"product_tag","embeddable":true,"href":"https:\/\/glareone.eu\/pl\/wp-json\/wp\/v2\/product_tag?post=1038"}],"curies":[{"name":"wp","href":"https:\/\/api.w.org\/{rel}","templated":true}]}}