{"id":1028,"date":"2024-04-18T19:26:29","date_gmt":"2024-04-18T19:26:29","guid":{"rendered":"http:\/\/glareone.eu\/produkt\/glareone-bounce-board-5-in-1-80-cm-blenda-5-w-1\/"},"modified":"2024-05-06T10:39:52","modified_gmt":"2024-05-06T10:39:52","slug":"glareone-bounce-board-5-in-1-80-cm","status":"publish","type":"product","link":"https:\/\/glareone.eu\/pl\/produkt\/glareone-bounce-board-5-in-1-80-cm\/","title":{"rendered":"GlareOne Bounce Board 5-in-1 80 cm &#8211; blenda 5 w 1"},"content":{"rendered":"<p>GlareOne Bounce Board to klasyczna blenda, kt\u00f3ra jest niezb\u0119dnym narz\u0119dziem w pracy fotografa i filmowca. Dzi\u0119ki niej mo\u017cna uczyni\u0107 \u015bwiat\u0142o s\u0142oneczne lub p\u0142yn\u0105ce z lamp\u00a0 \u0142agodniejszym, odbi\u0107 je lub st\u0142umi\u0107, gdy zachodzi taka potrzeba.<\/p>\n<h3>Dodatkowe \u017ar\u00f3d\u0142o \u015bwiat\u0142a<\/h3>\n<p>Gdy potrzebujesz wi\u0119cej \u015bwiat\u0142a nie zawsze musisz u\u017cywa\u0107 dodatkowej lampy. Mo\u017cna u\u017cy\u0107\u00a0 blendy, a jest to bardzo proste. Wystarczy ustawi\u0107 blend\u0119 pod k\u0105tem pomi\u0119dzy \u017ar\u00f3d\u0142em g\u0142\u00f3wnego \u015bwiat\u0142a a fotografowan\u0105 scen\u0105. W ten spos\u00f3b do\u015bwietlisz miejsce, w kt\u00f3re wycelujesz odbitym \u015bwiat\u0142em. Blend\u0119 mo\u017cna te\u017c umie\u015bci\u0107 na statywie w uchwycie GlareOne Kenku.<\/p>\n<h3>Wiele mo\u017cliwo\u015bci<\/h3>\n<p>GlareOne Bounce Board 5w1 wyposa\u017cona jest w pi\u0119\u0107 ekran\u00f3w:<\/p>\n<ol>\n<li>Ekran <strong>bia\u0142y<\/strong> &#8211; wype\u0142nia cienie, daj\u0105c delikatne i rozproszone \u015bwiat\u0142o odbite. Jest neutralny kolorystycznie.<\/li>\n<li>Ekran <strong>srebrny<\/strong> &#8211; daje mocne odbicie \u015bwiat\u0142a i wi\u0119cej kontrastu w stosunku do ekranu bia\u0142ego. Jest neutralny kolorystycznie.<\/li>\n<li>Ekran <strong>z\u0142oty<\/strong> &#8211; daje sporo \u015bwiat\u0142a i podbija kontrast podobnie jak ekran srebrny, ale w por\u00f3wnaniu do niego mocno ociepla odbite \u015bwiat\u0142o.<\/li>\n<li>Ekran <strong>czarny<\/strong> &#8211; w przeciwie\u0144stwie do innych ekran\u00f3w s\u0142u\u017cy nie do odbijania \u015bwiat\u0142a, ale do jego wyt\u0142umienia, co powoduje pog\u0142\u0119bienie cieni. Jest neutralny kolorystycznie.<\/li>\n<li>Ekran <strong>dyfuzyjny<\/strong> &#8211; jest to bia\u0142y materia\u0142, kt\u00f3ry przepuszcza \u015bwiat\u0142o i bardzo mocno je rozprasza. Pozwala na zmian\u0119 \u015bwiat\u0142a ostrego w mi\u0119kkie. Jest neutralny kolorystycznie.<\/li>\n<\/ol>\n<h3>Konstrukcja<\/h3>\n<p>Blenda GlareOne Bounce Board jest oparta na elastycznej ramie \u0142atwej do roz\u0142o\u017cenia i z\u0142o\u017cenia. Ekrany zak\u0142ada si\u0119 na blend\u0119, a nast\u0119pnie zapina zamkiem.<\/p>\n<h3>Cechy produktu:<\/h3>\n<ul>\n<li>Pozwala zmieni\u0107 silne \u017ar\u00f3d\u0142a \u015bwiat\u0142a w mi\u0119kkie i rozproszone.<\/li>\n<li>Daje mo\u017cliwo\u015b\u0107 odbicia \u015bwiat\u0142a i skierowania go tam, gdzie jest to potrzebne.<\/li>\n<li>Mo\u017ce s\u0142u\u017cy\u0107 jako zastawka blokuj\u0105ca \u015bwiat\u0142o.<\/li>\n<li>Jest wyposa\u017cona w zestaw 5 ekran\u00f3w (srebrny, z\u0142oty, bia\u0142y, czarny, dyfuzyjny).<\/li>\n<li>Nadaje si\u0119 do pracy w studio fotograficznym, filmowym i plenerze.<\/li>\n<li>Stanowi doskona\u0142e dope\u0142nienie cieni.<\/li>\n<li>Elastyczna konstrukcja jest \u0142atwa do z\u0142o\u017cenia.<\/li>\n<li>Lekka i ma\u0142a po z\u0142o\u017ceniu.<\/li>\n<li>Mo\u017cliwo\u015b\u0107 monta\u017cu na uchwycie GlareOne Kenku.<\/li>\n<li>Dostarczana w zestawie z por\u0119cznym pokrowcem transportowym.<\/li>\n<\/ul>\n","protected":false},"excerpt":{"rendered":"<p>GlareOne Bounce Board to klasyczna blenda, kt\u00f3ra jest niezb\u0119dnym narz\u0119dziem w pracy fotografa i filmowca. Dzi\u0119ki niej mo\u017cna uczyni\u0107 \u015bwiat\u0142o s\u0142oneczne lub p\u0142yn\u0105ce z lamp\u00a0 \u0142agodniejszym, odbi\u0107 je lub st\u0142umi\u0107, gdy zachodzi taka potrzeba. Dodatkowe \u017ar\u00f3d\u0142o \u015bwiat\u0142a Gdy potrzebujesz wi\u0119cej \u015bwiat\u0142a nie zawsze musisz u\u017cywa\u0107 dodatkowej lampy. Mo\u017cna u\u017cy\u0107\u00a0 blendy, a jest to bardzo proste. [&hellip;]<\/p>\n","protected":false},"featured_media":5203,"template":"","meta":[],"product_brand":[],"product_cat":[426],"product_tag":[],"class_list":{"0":"post-1028","1":"product","2":"type-product","3":"status-publish","4":"has-post-thumbnail","6":"product_cat-blendy-i-flagi","8":"first","9":"instock","10":"product-type-simple"},"yoast_head":"<!-- This site is optimized with the Yoast SEO plugin v27.2 - https:\/\/yoast.com\/product\/yoast-seo-wordpress\/ -->\n<title>GlareOne Bounce Board 5-in-1 80 cm - blenda 5 w 1<\/title>\n<meta name=\"description\" content=\"GlareOne Bounce Board 5-in-1 80 cm - blenda 5 w 1\" \/>\n<meta name=\"robots\" content=\"index, follow, max-snippet:-1, max-image-preview:large, max-video-preview:-1\" \/>\n<link rel=\"canonical\" href=\"https:\/\/glareone.eu\/pl\/produkt\/glareone-bounce-board-5-in-1-80-cm\/\" \/>\n<meta property=\"og:locale\" content=\"pl_PL\" \/>\n<meta property=\"og:type\" content=\"article\" \/>\n<meta property=\"og:title\" content=\"GlareOne Bounce Board 5-in-1 80 cm - blenda 5 w 1\" \/>\n<meta property=\"og:description\" content=\"GlareOne Bounce Board 5-in-1 80 cm - blenda 5 w 1\" \/>\n<meta property=\"og:url\" content=\"https:\/\/glareone.eu\/pl\/produkt\/glareone-bounce-board-5-in-1-80-cm\/\" \/>\n<meta property=\"og:site_name\" content=\"GlareOne\" \/>\n<meta property=\"article:publisher\" content=\"https:\/\/www.facebook.com\/GlareOneLighting\" \/>\n<meta property=\"article:modified_time\" content=\"2024-05-06T10:39:52+00:00\" \/>\n<meta property=\"og:image\" content=\"https:\/\/glareone.eu\/wp-content\/uploads\/2024\/04\/GlareOne-Bounce-Board-5-in-1-80-cm-blenda-5-w-1-01.jpg\" \/>\n\t<meta property=\"og:image:width\" content=\"1200\" \/>\n\t<meta property=\"og:image:height\" content=\"1200\" \/>\n\t<meta property=\"og:image:type\" content=\"image\/jpeg\" \/>\n<meta name=\"twitter:card\" content=\"summary_large_image\" \/>\n<meta name=\"twitter:title\" content=\"GlareOne Bounce Board 5-in-1 80 cm - blenda 5 w 1\" \/>\n<meta name=\"twitter:label1\" content=\"Szacowany czas czytania\" \/>\n\t<meta name=\"twitter:data1\" content=\"2 minuty\" \/>\n<script type=\"application\/ld+json\" class=\"yoast-schema-graph\">{\"@context\":\"https:\/\/schema.org\",\"@graph\":[{\"@type\":\"WebPage\",\"@id\":\"https:\/\/glareone.eu\/pl\/produkt\/glareone-bounce-board-5-in-1-80-cm\/\",\"url\":\"https:\/\/glareone.eu\/pl\/produkt\/glareone-bounce-board-5-in-1-80-cm\/\",\"name\":\"GlareOne Bounce Board 5-in-1 80 cm - blenda 5 w 1\",\"isPartOf\":{\"@id\":\"https:\/\/glareone.eu\/pl\/en\/#website\"},\"primaryImageOfPage\":{\"@id\":\"https:\/\/glareone.eu\/pl\/produkt\/glareone-bounce-board-5-in-1-80-cm\/#primaryimage\"},\"image\":{\"@id\":\"https:\/\/glareone.eu\/pl\/produkt\/glareone-bounce-board-5-in-1-80-cm\/#primaryimage\"},\"thumbnailUrl\":\"https:\/\/glareone.eu\/wp-content\/uploads\/2024\/04\/GlareOne-Bounce-Board-5-in-1-80-cm-blenda-5-w-1-01.jpg\",\"datePublished\":\"2024-04-18T19:26:29+00:00\",\"dateModified\":\"2024-05-06T10:39:52+00:00\",\"description\":\"GlareOne Bounce Board 5-in-1 80 cm - blenda 5 w 1\",\"breadcrumb\":{\"@id\":\"https:\/\/glareone.eu\/pl\/produkt\/glareone-bounce-board-5-in-1-80-cm\/#breadcrumb\"},\"inLanguage\":\"pl-PL\",\"potentialAction\":[{\"@type\":\"ReadAction\",\"target\":[\"https:\/\/glareone.eu\/pl\/produkt\/glareone-bounce-board-5-in-1-80-cm\/\"]}]},{\"@type\":\"ImageObject\",\"inLanguage\":\"pl-PL\",\"@id\":\"https:\/\/glareone.eu\/pl\/produkt\/glareone-bounce-board-5-in-1-80-cm\/#primaryimage\",\"url\":\"https:\/\/glareone.eu\/wp-content\/uploads\/2024\/04\/GlareOne-Bounce-Board-5-in-1-80-cm-blenda-5-w-1-01.jpg\",\"contentUrl\":\"https:\/\/glareone.eu\/wp-content\/uploads\/2024\/04\/GlareOne-Bounce-Board-5-in-1-80-cm-blenda-5-w-1-01.jpg\",\"width\":1200,\"height\":1200},{\"@type\":\"BreadcrumbList\",\"@id\":\"https:\/\/glareone.eu\/pl\/produkt\/glareone-bounce-board-5-in-1-80-cm\/#breadcrumb\",\"itemListElement\":[{\"@type\":\"ListItem\",\"position\":1,\"name\":\"Strona g\u0142\u00f3wna\",\"item\":\"https:\/\/glareone.eu\/pl\/\"},{\"@type\":\"ListItem\",\"position\":2,\"name\":\"Wszystkie produkty\",\"item\":\"https:\/\/glareone.eu\/pl\/produkty\/wszystkie-produkty\/\"},{\"@type\":\"ListItem\",\"position\":3,\"name\":\"GlareOne Bounce Board 5-in-1 80 cm &#8211; blenda 5 w 1\"}]},{\"@type\":\"WebSite\",\"@id\":\"https:\/\/glareone.eu\/pl\/en\/#website\",\"url\":\"https:\/\/glareone.eu\/pl\/en\/\",\"name\":\"GlareOne\",\"description\":\"Wyposa\u017cenie Studia\",\"publisher\":{\"@id\":\"https:\/\/glareone.eu\/pl\/en\/#organization\"},\"potentialAction\":[{\"@type\":\"SearchAction\",\"target\":{\"@type\":\"EntryPoint\",\"urlTemplate\":\"https:\/\/glareone.eu\/pl\/en\/?s={search_term_string}\"},\"query-input\":{\"@type\":\"PropertyValueSpecification\",\"valueRequired\":true,\"valueName\":\"search_term_string\"}}],\"inLanguage\":\"pl-PL\"},{\"@type\":\"Organization\",\"@id\":\"https:\/\/glareone.eu\/pl\/en\/#organization\",\"name\":\"GlareOne\",\"url\":\"https:\/\/glareone.eu\/pl\/en\/\",\"logo\":{\"@type\":\"ImageObject\",\"inLanguage\":\"pl-PL\",\"@id\":\"https:\/\/glareone.eu\/pl\/en\/#\/schema\/logo\/image\/\",\"url\":\"http:\/\/glareone.eu\/wp-content\/uploads\/2024\/05\/glareone_logo2020_RGB-01-e1715773127189.png\",\"contentUrl\":\"http:\/\/glareone.eu\/wp-content\/uploads\/2024\/05\/glareone_logo2020_RGB-01-e1715773127189.png\",\"width\":1270,\"height\":321,\"caption\":\"GlareOne\"},\"image\":{\"@id\":\"https:\/\/glareone.eu\/pl\/en\/#\/schema\/logo\/image\/\"},\"sameAs\":[\"https:\/\/www.facebook.com\/GlareOneLighting\",\"https:\/\/www.instagram.com\/glareonelighting\/\",\"https:\/\/www.youtube.com\/@GlareOneTV\"]}]}<\/script>\n<!-- \/ Yoast SEO plugin. -->","yoast_head_json":{"title":"GlareOne Bounce Board 5-in-1 80 cm - blenda 5 w 1","description":"GlareOne Bounce Board 5-in-1 80 cm - blenda 5 w 1","robots":{"index":"index","follow":"follow","max-snippet":"max-snippet:-1","max-image-preview":"max-image-preview:large","max-video-preview":"max-video-preview:-1"},"canonical":"https:\/\/glareone.eu\/pl\/produkt\/glareone-bounce-board-5-in-1-80-cm\/","og_locale":"pl_PL","og_type":"article","og_title":"GlareOne Bounce Board 5-in-1 80 cm - blenda 5 w 1","og_description":"GlareOne Bounce Board 5-in-1 80 cm - blenda 5 w 1","og_url":"https:\/\/glareone.eu\/pl\/produkt\/glareone-bounce-board-5-in-1-80-cm\/","og_site_name":"GlareOne","article_publisher":"https:\/\/www.facebook.com\/GlareOneLighting","article_modified_time":"2024-05-06T10:39:52+00:00","og_image":[{"width":1200,"height":1200,"url":"https:\/\/glareone.eu\/wp-content\/uploads\/2024\/04\/GlareOne-Bounce-Board-5-in-1-80-cm-blenda-5-w-1-01.jpg","type":"image\/jpeg"}],"twitter_card":"summary_large_image","twitter_title":"GlareOne Bounce Board 5-in-1 80 cm - blenda 5 w 1","twitter_misc":{"Szacowany czas czytania":"2 minuty"},"schema":{"@context":"https:\/\/schema.org","@graph":[{"@type":"WebPage","@id":"https:\/\/glareone.eu\/pl\/produkt\/glareone-bounce-board-5-in-1-80-cm\/","url":"https:\/\/glareone.eu\/pl\/produkt\/glareone-bounce-board-5-in-1-80-cm\/","name":"GlareOne Bounce Board 5-in-1 80 cm - blenda 5 w 1","isPartOf":{"@id":"https:\/\/glareone.eu\/pl\/en\/#website"},"primaryImageOfPage":{"@id":"https:\/\/glareone.eu\/pl\/produkt\/glareone-bounce-board-5-in-1-80-cm\/#primaryimage"},"image":{"@id":"https:\/\/glareone.eu\/pl\/produkt\/glareone-bounce-board-5-in-1-80-cm\/#primaryimage"},"thumbnailUrl":"https:\/\/glareone.eu\/wp-content\/uploads\/2024\/04\/GlareOne-Bounce-Board-5-in-1-80-cm-blenda-5-w-1-01.jpg","datePublished":"2024-04-18T19:26:29+00:00","dateModified":"2024-05-06T10:39:52+00:00","description":"GlareOne Bounce Board 5-in-1 80 cm - blenda 5 w 1","breadcrumb":{"@id":"https:\/\/glareone.eu\/pl\/produkt\/glareone-bounce-board-5-in-1-80-cm\/#breadcrumb"},"inLanguage":"pl-PL","potentialAction":[{"@type":"ReadAction","target":["https:\/\/glareone.eu\/pl\/produkt\/glareone-bounce-board-5-in-1-80-cm\/"]}]},{"@type":"ImageObject","inLanguage":"pl-PL","@id":"https:\/\/glareone.eu\/pl\/produkt\/glareone-bounce-board-5-in-1-80-cm\/#primaryimage","url":"https:\/\/glareone.eu\/wp-content\/uploads\/2024\/04\/GlareOne-Bounce-Board-5-in-1-80-cm-blenda-5-w-1-01.jpg","contentUrl":"https:\/\/glareone.eu\/wp-content\/uploads\/2024\/04\/GlareOne-Bounce-Board-5-in-1-80-cm-blenda-5-w-1-01.jpg","width":1200,"height":1200},{"@type":"BreadcrumbList","@id":"https:\/\/glareone.eu\/pl\/produkt\/glareone-bounce-board-5-in-1-80-cm\/#breadcrumb","itemListElement":[{"@type":"ListItem","position":1,"name":"Strona g\u0142\u00f3wna","item":"https:\/\/glareone.eu\/pl\/"},{"@type":"ListItem","position":2,"name":"Wszystkie produkty","item":"https:\/\/glareone.eu\/pl\/produkty\/wszystkie-produkty\/"},{"@type":"ListItem","position":3,"name":"GlareOne Bounce Board 5-in-1 80 cm &#8211; blenda 5 w 1"}]},{"@type":"WebSite","@id":"https:\/\/glareone.eu\/pl\/en\/#website","url":"https:\/\/glareone.eu\/pl\/en\/","name":"GlareOne","description":"Wyposa\u017cenie Studia","publisher":{"@id":"https:\/\/glareone.eu\/pl\/en\/#organization"},"potentialAction":[{"@type":"SearchAction","target":{"@type":"EntryPoint","urlTemplate":"https:\/\/glareone.eu\/pl\/en\/?s={search_term_string}"},"query-input":{"@type":"PropertyValueSpecification","valueRequired":true,"valueName":"search_term_string"}}],"inLanguage":"pl-PL"},{"@type":"Organization","@id":"https:\/\/glareone.eu\/pl\/en\/#organization","name":"GlareOne","url":"https:\/\/glareone.eu\/pl\/en\/","logo":{"@type":"ImageObject","inLanguage":"pl-PL","@id":"https:\/\/glareone.eu\/pl\/en\/#\/schema\/logo\/image\/","url":"http:\/\/glareone.eu\/wp-content\/uploads\/2024\/05\/glareone_logo2020_RGB-01-e1715773127189.png","contentUrl":"http:\/\/glareone.eu\/wp-content\/uploads\/2024\/05\/glareone_logo2020_RGB-01-e1715773127189.png","width":1270,"height":321,"caption":"GlareOne"},"image":{"@id":"https:\/\/glareone.eu\/pl\/en\/#\/schema\/logo\/image\/"},"sameAs":["https:\/\/www.facebook.com\/GlareOneLighting","https:\/\/www.instagram.com\/glareonelighting\/","https:\/\/www.youtube.com\/@GlareOneTV"]}]}},"_links":{"self":[{"href":"https:\/\/glareone.eu\/pl\/wp-json\/wp\/v2\/product\/1028","targetHints":{"allow":["GET"]}}],"collection":[{"href":"https:\/\/glareone.eu\/pl\/wp-json\/wp\/v2\/product"}],"about":[{"href":"https:\/\/glareone.eu\/pl\/wp-json\/wp\/v2\/types\/product"}],"wp:featuredmedia":[{"embeddable":true,"href":"https:\/\/glareone.eu\/pl\/wp-json\/wp\/v2\/media\/5203"}],"wp:attachment":[{"href":"https:\/\/glareone.eu\/pl\/wp-json\/wp\/v2\/media?parent=1028"}],"wp:term":[{"taxonomy":"product_brand","embeddable":true,"href":"https:\/\/glareone.eu\/pl\/wp-json\/wp\/v2\/product_brand?post=1028"},{"taxonomy":"product_cat","embeddable":true,"href":"https:\/\/glareone.eu\/pl\/wp-json\/wp\/v2\/product_cat?post=1028"},{"taxonomy":"product_tag","embeddable":true,"href":"https:\/\/glareone.eu\/pl\/wp-json\/wp\/v2\/product_tag?post=1028"}],"curies":[{"name":"wp","href":"https:\/\/api.w.org\/{rel}","templated":true}]}}