{"id":1024,"date":"2024-04-18T19:26:29","date_gmt":"2024-04-18T19:26:29","guid":{"rendered":"http:\/\/glareone.eu\/produkt\/glareone-black-flag-75x90-cm-czarna-flaga\/"},"modified":"2024-05-06T11:02:08","modified_gmt":"2024-05-06T11:02:08","slug":"glareone-black-flag-75x90-cm-czarna-flaga","status":"publish","type":"product","link":"https:\/\/glareone.eu\/pl\/produkt\/glareone-black-flag-75x90-cm-czarna-flaga\/","title":{"rendered":"GlareOne Black Flag 75&#215;90 cm &#8211; czarna flaga"},"content":{"rendered":"<p>GlareOne Black Flag 75&#215;90 cm to czarna flaga, kt\u00f3ra jest niezb\u0119dnym narz\u0119dziem w pracy fotografa i filmowca. Dzi\u0119ki niej mo\u017cna kszta\u0142towa\u0107 strumie\u0144 \u015bwiat\u0142a s\u0142onecznego lub p\u0142yn\u0105cego z lamp &#8211; zar\u00f3wno b\u0142yskowych, jak i \u015bwiat\u0142a ci\u0105g\u0142ego.<\/p>\n<h3>Kontrola nad \u015bwiat\u0142em<\/h3>\n<p>Czarna flaga pozwala odcina\u0107 nadmiar \u015bwiat\u0142a, kszta\u0142towa\u0107 cienie oraz pog\u0142\u0119bia\u0107 kontrast. Przyda si\u0119 zar\u00f3wno podczas sesji portretowych czy produktowych, ale te\u017c pos\u0142u\u017cy na planie produkcji filmowej.<\/p>\n<h3>Cechy produktu:<\/h3>\n<ul>\n<li>Pozwala kontrolowa\u0107 \u015bwiat\u0142o padaj\u0105ce na plan zdj\u0119ciowy.<\/li>\n<li>Nadaje si\u0119 do pracy w studio fotograficznym, filmowym i plenerze.<\/li>\n<li>Idealnie wsp\u00f3\u0142gra z zestawem GlareOne White Flag 75&#215;90 cm.<\/li>\n<li>Mo\u017cna by\u0107 stosowana z ramami innych producent\u00f3w o wymiarach 75&#215;90 cm.<\/li>\n<\/ul>\n<p>Uwaga: GlareOne Black Flag 75&#215;90 cm to poszycie, kt\u00f3re powinno by\u0107 u\u017cywane z kompatybilnymi ramami i stela\u017cami o wymiarach 75&#215;90 cm. Produkt ten nie jest sprzedawany w komplecie z ram\u0105. Rekomendujemy po\u0142\u0105czenie tego produktu wraz z GlareOne White Flag 75&#215;90 cm, w sk\u0142ad kt\u00f3rego wchodzi rama.<\/p>\n","protected":false},"excerpt":{"rendered":"<p>GlareOne Black Flag 75&#215;90 cm to czarna flaga, kt\u00f3ra jest niezb\u0119dnym narz\u0119dziem w pracy fotografa i filmowca. Dzi\u0119ki niej mo\u017cna kszta\u0142towa\u0107 strumie\u0144 \u015bwiat\u0142a s\u0142onecznego lub p\u0142yn\u0105cego z lamp &#8211; zar\u00f3wno b\u0142yskowych, jak i \u015bwiat\u0142a ci\u0105g\u0142ego. Kontrola nad \u015bwiat\u0142em Czarna flaga pozwala odcina\u0107 nadmiar \u015bwiat\u0142a, kszta\u0142towa\u0107 cienie oraz pog\u0142\u0119bia\u0107 kontrast. Przyda si\u0119 zar\u00f3wno podczas sesji portretowych [&hellip;]<\/p>\n","protected":false},"featured_media":5343,"template":"","meta":[],"product_brand":[],"product_cat":[426],"product_tag":[],"class_list":{"0":"post-1024","1":"product","2":"type-product","3":"status-publish","4":"has-post-thumbnail","6":"product_cat-blendy-i-flagi","8":"first","9":"instock","10":"product-type-simple"},"yoast_head":"<!-- This site is optimized with the Yoast SEO plugin v27.2 - https:\/\/yoast.com\/product\/yoast-seo-wordpress\/ -->\n<title>GlareOne Black Flag 75x90 cm - czarna flaga<\/title>\n<meta name=\"description\" content=\"GlareOne Black Flag 75x90 cm - czarna flaga\" \/>\n<meta name=\"robots\" content=\"index, follow, max-snippet:-1, max-image-preview:large, max-video-preview:-1\" \/>\n<link rel=\"canonical\" href=\"https:\/\/glareone.eu\/pl\/produkt\/glareone-black-flag-75x90-cm-czarna-flaga\/\" \/>\n<meta property=\"og:locale\" content=\"pl_PL\" \/>\n<meta property=\"og:type\" content=\"article\" \/>\n<meta property=\"og:title\" content=\"GlareOne Black Flag 75x90 cm - czarna flaga\" \/>\n<meta property=\"og:description\" content=\"GlareOne Black Flag 75x90 cm - czarna flaga\" \/>\n<meta property=\"og:url\" content=\"https:\/\/glareone.eu\/pl\/produkt\/glareone-black-flag-75x90-cm-czarna-flaga\/\" \/>\n<meta property=\"og:site_name\" content=\"GlareOne\" \/>\n<meta property=\"article:publisher\" content=\"https:\/\/www.facebook.com\/GlareOneLighting\" \/>\n<meta property=\"article:modified_time\" content=\"2024-05-06T11:02:08+00:00\" \/>\n<meta property=\"og:image\" content=\"https:\/\/glareone.eu\/wp-content\/uploads\/2024\/04\/GlareOne-Black-Flag-75x90-01.jpg\" \/>\n\t<meta property=\"og:image:width\" content=\"1200\" \/>\n\t<meta property=\"og:image:height\" content=\"1200\" \/>\n\t<meta property=\"og:image:type\" content=\"image\/jpeg\" \/>\n<meta name=\"twitter:card\" content=\"summary_large_image\" \/>\n<meta name=\"twitter:title\" content=\"GlareOne Black Flag 75x90 cm - czarna flaga\" \/>\n<meta name=\"twitter:label1\" content=\"Szacowany czas czytania\" \/>\n\t<meta name=\"twitter:data1\" content=\"1 minuta\" \/>\n<script type=\"application\/ld+json\" class=\"yoast-schema-graph\">{\"@context\":\"https:\/\/schema.org\",\"@graph\":[{\"@type\":\"WebPage\",\"@id\":\"https:\/\/glareone.eu\/pl\/produkt\/glareone-black-flag-75x90-cm-czarna-flaga\/\",\"url\":\"https:\/\/glareone.eu\/pl\/produkt\/glareone-black-flag-75x90-cm-czarna-flaga\/\",\"name\":\"GlareOne Black Flag 75x90 cm - czarna flaga\",\"isPartOf\":{\"@id\":\"https:\/\/glareone.eu\/pl\/en\/#website\"},\"primaryImageOfPage\":{\"@id\":\"https:\/\/glareone.eu\/pl\/produkt\/glareone-black-flag-75x90-cm-czarna-flaga\/#primaryimage\"},\"image\":{\"@id\":\"https:\/\/glareone.eu\/pl\/produkt\/glareone-black-flag-75x90-cm-czarna-flaga\/#primaryimage\"},\"thumbnailUrl\":\"https:\/\/glareone.eu\/wp-content\/uploads\/2024\/04\/GlareOne-Black-Flag-75x90-01.jpg\",\"datePublished\":\"2024-04-18T19:26:29+00:00\",\"dateModified\":\"2024-05-06T11:02:08+00:00\",\"description\":\"GlareOne Black Flag 75x90 cm - czarna flaga\",\"breadcrumb\":{\"@id\":\"https:\/\/glareone.eu\/pl\/produkt\/glareone-black-flag-75x90-cm-czarna-flaga\/#breadcrumb\"},\"inLanguage\":\"pl-PL\",\"potentialAction\":[{\"@type\":\"ReadAction\",\"target\":[\"https:\/\/glareone.eu\/pl\/produkt\/glareone-black-flag-75x90-cm-czarna-flaga\/\"]}]},{\"@type\":\"ImageObject\",\"inLanguage\":\"pl-PL\",\"@id\":\"https:\/\/glareone.eu\/pl\/produkt\/glareone-black-flag-75x90-cm-czarna-flaga\/#primaryimage\",\"url\":\"https:\/\/glareone.eu\/wp-content\/uploads\/2024\/04\/GlareOne-Black-Flag-75x90-01.jpg\",\"contentUrl\":\"https:\/\/glareone.eu\/wp-content\/uploads\/2024\/04\/GlareOne-Black-Flag-75x90-01.jpg\",\"width\":1200,\"height\":1200},{\"@type\":\"BreadcrumbList\",\"@id\":\"https:\/\/glareone.eu\/pl\/produkt\/glareone-black-flag-75x90-cm-czarna-flaga\/#breadcrumb\",\"itemListElement\":[{\"@type\":\"ListItem\",\"position\":1,\"name\":\"Strona g\u0142\u00f3wna\",\"item\":\"https:\/\/glareone.eu\/pl\/\"},{\"@type\":\"ListItem\",\"position\":2,\"name\":\"Wszystkie produkty\",\"item\":\"https:\/\/glareone.eu\/pl\/produkty\/wszystkie-produkty\/\"},{\"@type\":\"ListItem\",\"position\":3,\"name\":\"GlareOne Black Flag 75&#215;90 cm &#8211; czarna flaga\"}]},{\"@type\":\"WebSite\",\"@id\":\"https:\/\/glareone.eu\/pl\/en\/#website\",\"url\":\"https:\/\/glareone.eu\/pl\/en\/\",\"name\":\"GlareOne\",\"description\":\"Wyposa\u017cenie Studia\",\"publisher\":{\"@id\":\"https:\/\/glareone.eu\/pl\/en\/#organization\"},\"potentialAction\":[{\"@type\":\"SearchAction\",\"target\":{\"@type\":\"EntryPoint\",\"urlTemplate\":\"https:\/\/glareone.eu\/pl\/en\/?s={search_term_string}\"},\"query-input\":{\"@type\":\"PropertyValueSpecification\",\"valueRequired\":true,\"valueName\":\"search_term_string\"}}],\"inLanguage\":\"pl-PL\"},{\"@type\":\"Organization\",\"@id\":\"https:\/\/glareone.eu\/pl\/en\/#organization\",\"name\":\"GlareOne\",\"url\":\"https:\/\/glareone.eu\/pl\/en\/\",\"logo\":{\"@type\":\"ImageObject\",\"inLanguage\":\"pl-PL\",\"@id\":\"https:\/\/glareone.eu\/pl\/en\/#\/schema\/logo\/image\/\",\"url\":\"http:\/\/glareone.eu\/wp-content\/uploads\/2024\/05\/glareone_logo2020_RGB-01-e1715773127189.png\",\"contentUrl\":\"http:\/\/glareone.eu\/wp-content\/uploads\/2024\/05\/glareone_logo2020_RGB-01-e1715773127189.png\",\"width\":1270,\"height\":321,\"caption\":\"GlareOne\"},\"image\":{\"@id\":\"https:\/\/glareone.eu\/pl\/en\/#\/schema\/logo\/image\/\"},\"sameAs\":[\"https:\/\/www.facebook.com\/GlareOneLighting\",\"https:\/\/www.instagram.com\/glareonelighting\/\",\"https:\/\/www.youtube.com\/@GlareOneTV\"]}]}<\/script>\n<!-- \/ Yoast SEO plugin. -->","yoast_head_json":{"title":"GlareOne Black Flag 75x90 cm - czarna flaga","description":"GlareOne Black Flag 75x90 cm - czarna flaga","robots":{"index":"index","follow":"follow","max-snippet":"max-snippet:-1","max-image-preview":"max-image-preview:large","max-video-preview":"max-video-preview:-1"},"canonical":"https:\/\/glareone.eu\/pl\/produkt\/glareone-black-flag-75x90-cm-czarna-flaga\/","og_locale":"pl_PL","og_type":"article","og_title":"GlareOne Black Flag 75x90 cm - czarna flaga","og_description":"GlareOne Black Flag 75x90 cm - czarna flaga","og_url":"https:\/\/glareone.eu\/pl\/produkt\/glareone-black-flag-75x90-cm-czarna-flaga\/","og_site_name":"GlareOne","article_publisher":"https:\/\/www.facebook.com\/GlareOneLighting","article_modified_time":"2024-05-06T11:02:08+00:00","og_image":[{"width":1200,"height":1200,"url":"https:\/\/glareone.eu\/wp-content\/uploads\/2024\/04\/GlareOne-Black-Flag-75x90-01.jpg","type":"image\/jpeg"}],"twitter_card":"summary_large_image","twitter_title":"GlareOne Black Flag 75x90 cm - czarna flaga","twitter_misc":{"Szacowany czas czytania":"1 minuta"},"schema":{"@context":"https:\/\/schema.org","@graph":[{"@type":"WebPage","@id":"https:\/\/glareone.eu\/pl\/produkt\/glareone-black-flag-75x90-cm-czarna-flaga\/","url":"https:\/\/glareone.eu\/pl\/produkt\/glareone-black-flag-75x90-cm-czarna-flaga\/","name":"GlareOne Black Flag 75x90 cm - czarna flaga","isPartOf":{"@id":"https:\/\/glareone.eu\/pl\/en\/#website"},"primaryImageOfPage":{"@id":"https:\/\/glareone.eu\/pl\/produkt\/glareone-black-flag-75x90-cm-czarna-flaga\/#primaryimage"},"image":{"@id":"https:\/\/glareone.eu\/pl\/produkt\/glareone-black-flag-75x90-cm-czarna-flaga\/#primaryimage"},"thumbnailUrl":"https:\/\/glareone.eu\/wp-content\/uploads\/2024\/04\/GlareOne-Black-Flag-75x90-01.jpg","datePublished":"2024-04-18T19:26:29+00:00","dateModified":"2024-05-06T11:02:08+00:00","description":"GlareOne Black Flag 75x90 cm - czarna flaga","breadcrumb":{"@id":"https:\/\/glareone.eu\/pl\/produkt\/glareone-black-flag-75x90-cm-czarna-flaga\/#breadcrumb"},"inLanguage":"pl-PL","potentialAction":[{"@type":"ReadAction","target":["https:\/\/glareone.eu\/pl\/produkt\/glareone-black-flag-75x90-cm-czarna-flaga\/"]}]},{"@type":"ImageObject","inLanguage":"pl-PL","@id":"https:\/\/glareone.eu\/pl\/produkt\/glareone-black-flag-75x90-cm-czarna-flaga\/#primaryimage","url":"https:\/\/glareone.eu\/wp-content\/uploads\/2024\/04\/GlareOne-Black-Flag-75x90-01.jpg","contentUrl":"https:\/\/glareone.eu\/wp-content\/uploads\/2024\/04\/GlareOne-Black-Flag-75x90-01.jpg","width":1200,"height":1200},{"@type":"BreadcrumbList","@id":"https:\/\/glareone.eu\/pl\/produkt\/glareone-black-flag-75x90-cm-czarna-flaga\/#breadcrumb","itemListElement":[{"@type":"ListItem","position":1,"name":"Strona g\u0142\u00f3wna","item":"https:\/\/glareone.eu\/pl\/"},{"@type":"ListItem","position":2,"name":"Wszystkie produkty","item":"https:\/\/glareone.eu\/pl\/produkty\/wszystkie-produkty\/"},{"@type":"ListItem","position":3,"name":"GlareOne Black Flag 75&#215;90 cm &#8211; czarna flaga"}]},{"@type":"WebSite","@id":"https:\/\/glareone.eu\/pl\/en\/#website","url":"https:\/\/glareone.eu\/pl\/en\/","name":"GlareOne","description":"Wyposa\u017cenie Studia","publisher":{"@id":"https:\/\/glareone.eu\/pl\/en\/#organization"},"potentialAction":[{"@type":"SearchAction","target":{"@type":"EntryPoint","urlTemplate":"https:\/\/glareone.eu\/pl\/en\/?s={search_term_string}"},"query-input":{"@type":"PropertyValueSpecification","valueRequired":true,"valueName":"search_term_string"}}],"inLanguage":"pl-PL"},{"@type":"Organization","@id":"https:\/\/glareone.eu\/pl\/en\/#organization","name":"GlareOne","url":"https:\/\/glareone.eu\/pl\/en\/","logo":{"@type":"ImageObject","inLanguage":"pl-PL","@id":"https:\/\/glareone.eu\/pl\/en\/#\/schema\/logo\/image\/","url":"http:\/\/glareone.eu\/wp-content\/uploads\/2024\/05\/glareone_logo2020_RGB-01-e1715773127189.png","contentUrl":"http:\/\/glareone.eu\/wp-content\/uploads\/2024\/05\/glareone_logo2020_RGB-01-e1715773127189.png","width":1270,"height":321,"caption":"GlareOne"},"image":{"@id":"https:\/\/glareone.eu\/pl\/en\/#\/schema\/logo\/image\/"},"sameAs":["https:\/\/www.facebook.com\/GlareOneLighting","https:\/\/www.instagram.com\/glareonelighting\/","https:\/\/www.youtube.com\/@GlareOneTV"]}]}},"_links":{"self":[{"href":"https:\/\/glareone.eu\/pl\/wp-json\/wp\/v2\/product\/1024","targetHints":{"allow":["GET"]}}],"collection":[{"href":"https:\/\/glareone.eu\/pl\/wp-json\/wp\/v2\/product"}],"about":[{"href":"https:\/\/glareone.eu\/pl\/wp-json\/wp\/v2\/types\/product"}],"wp:featuredmedia":[{"embeddable":true,"href":"https:\/\/glareone.eu\/pl\/wp-json\/wp\/v2\/media\/5343"}],"wp:attachment":[{"href":"https:\/\/glareone.eu\/pl\/wp-json\/wp\/v2\/media?parent=1024"}],"wp:term":[{"taxonomy":"product_brand","embeddable":true,"href":"https:\/\/glareone.eu\/pl\/wp-json\/wp\/v2\/product_brand?post=1024"},{"taxonomy":"product_cat","embeddable":true,"href":"https:\/\/glareone.eu\/pl\/wp-json\/wp\/v2\/product_cat?post=1024"},{"taxonomy":"product_tag","embeddable":true,"href":"https:\/\/glareone.eu\/pl\/wp-json\/wp\/v2\/product_tag?post=1024"}],"curies":[{"name":"wp","href":"https:\/\/api.w.org\/{rel}","templated":true}]}}