{"id":1023,"date":"2024-04-18T19:26:29","date_gmt":"2024-04-18T19:26:29","guid":{"rendered":"http:\/\/glareone.eu\/produkt\/glareone-white-flag-75x90-cm-bialy-dyfuzor-na-ramie-zestaw\/"},"modified":"2024-05-06T11:05:57","modified_gmt":"2024-05-06T11:05:57","slug":"glareone-white-flag-75x90-cm-bialy-dyfuzor-na-ramie-zestaw","status":"publish","type":"product","link":"https:\/\/glareone.eu\/pl\/produkt\/glareone-white-flag-75x90-cm-bialy-dyfuzor-na-ramie-zestaw\/","title":{"rendered":"GlareOne White Flag 75&#215;90 cm &#8211; bia\u0142y dyfuzor na ramie (zestaw)"},"content":{"rendered":"<p>GlareOne White Flag 75&#215;90 cm to bia\u0142a, dyfuzyjna flaga na sztywnej ramie, kt\u00f3ra jest niezb\u0119dnym narz\u0119dziem w pracy fotografa i filmowca. Dzi\u0119ki niej mo\u017cna zmi\u0119kczy\u0107 \u015bwiat\u0142o s\u0142oneczne lub p\u0142yn\u0105ce z lamp &#8211; zar\u00f3wno b\u0142yskowych, jak i \u015bwiat\u0142a ci\u0105g\u0142ego.<\/p>\n<h3>Kontrola nad \u015bwiat\u0142em<\/h3>\n<p>Flagi &#8211; w przeciwie\u0144stwie do blend sk\u0142adanych &#8211; pozwalaj\u0105 na precyzyjn\u0105 prac\u0119 ze \u015bwiat\u0142em nie tylko w studiu, ale te\u017c w plenerze. Stela\u017c wykonany z rur aluminiowych sprawia, \u017ce flaga nie odkszta\u0142ca si\u0119, a zintegrowany trzpie\u0144 mota\u017cowy o \u015brednicy 10 mm pozwala na bezpo\u015bredni monta\u017c do statyw\u00f3w i g\u0142owic.<\/p>\n<h3>Cechy produktu:<\/h3>\n<ul>\n<li>Pozwala zmieni\u0107 silne \u017ar\u00f3d\u0142a \u015bwiat\u0142a w mi\u0119kkie i rozproszone.<\/li>\n<li>Nadaje si\u0119 do pracy w studio fotograficznym, filmowym i plenerze.<\/li>\n<li>Dzi\u0119ki sztywnej ramie zapewnia precyzyjn\u0105 kontrol\u0119 nad \u015bwiat\u0142em.<\/li>\n<li>Ekran dyfuzyjny montuje si\u0119 za pomoc\u0105 rzep\u00f3w.<\/li>\n<li>Nie sk\u0142ada si\u0119 pod wp\u0142ywem podmuch\u00f3w wiatru.<\/li>\n<li>Konstrukcja ramy jest\u00a0 wykonana z rur aluminiowych.<\/li>\n<li>Ma zintegrowany uchwyt o \u015brednicy 10 mm.<\/li>\n<li>Idealnie wsp\u00f3\u0142gra z g\u0142owicami GlareOne Grip Head.<\/li>\n<\/ul>\n","protected":false},"excerpt":{"rendered":"<p>GlareOne White Flag 75&#215;90 cm to bia\u0142a, dyfuzyjna flaga na sztywnej ramie, kt\u00f3ra jest niezb\u0119dnym narz\u0119dziem w pracy fotografa i filmowca. Dzi\u0119ki niej mo\u017cna zmi\u0119kczy\u0107 \u015bwiat\u0142o s\u0142oneczne lub p\u0142yn\u0105ce z lamp &#8211; zar\u00f3wno b\u0142yskowych, jak i \u015bwiat\u0142a ci\u0105g\u0142ego. Kontrola nad \u015bwiat\u0142em Flagi &#8211; w przeciwie\u0144stwie do blend sk\u0142adanych &#8211; pozwalaj\u0105 na precyzyjn\u0105 prac\u0119 ze \u015bwiat\u0142em [&hellip;]<\/p>\n","protected":false},"featured_media":5354,"template":"","meta":[],"product_brand":[],"product_cat":[426],"product_tag":[],"class_list":{"0":"post-1023","1":"product","2":"type-product","3":"status-publish","4":"has-post-thumbnail","6":"product_cat-blendy-i-flagi","8":"first","9":"instock","10":"product-type-simple"},"yoast_head":"<!-- This site is optimized with the Yoast SEO plugin v27.2 - https:\/\/yoast.com\/product\/yoast-seo-wordpress\/ -->\n<title>GlareOne White Flag 75x90 cm - bia\u0142y dyfuzor na ramie (zestaw)<\/title>\n<meta name=\"description\" content=\"GlareOne White Flag 75x90 cm - bia\u0142y dyfuzor na ramie (zestaw)\" \/>\n<meta name=\"robots\" content=\"index, follow, max-snippet:-1, max-image-preview:large, max-video-preview:-1\" \/>\n<link rel=\"canonical\" href=\"https:\/\/glareone.eu\/pl\/produkt\/glareone-white-flag-75x90-cm-bialy-dyfuzor-na-ramie-zestaw\/\" \/>\n<meta property=\"og:locale\" content=\"pl_PL\" \/>\n<meta property=\"og:type\" content=\"article\" \/>\n<meta property=\"og:title\" content=\"GlareOne White Flag 75x90 cm - bia\u0142y dyfuzor na ramie (zestaw)\" \/>\n<meta property=\"og:description\" content=\"GlareOne White Flag 75x90 cm - bia\u0142y dyfuzor na ramie (zestaw)\" \/>\n<meta property=\"og:url\" content=\"https:\/\/glareone.eu\/pl\/produkt\/glareone-white-flag-75x90-cm-bialy-dyfuzor-na-ramie-zestaw\/\" \/>\n<meta property=\"og:site_name\" content=\"GlareOne\" \/>\n<meta property=\"article:publisher\" content=\"https:\/\/www.facebook.com\/GlareOneLighting\" \/>\n<meta property=\"article:modified_time\" content=\"2024-05-06T11:05:57+00:00\" \/>\n<meta property=\"og:image\" content=\"https:\/\/glareone.eu\/wp-content\/uploads\/2024\/04\/GlareOne-White-Flag-75x90-01.jpg\" \/>\n\t<meta property=\"og:image:width\" content=\"1200\" \/>\n\t<meta property=\"og:image:height\" content=\"1200\" \/>\n\t<meta property=\"og:image:type\" content=\"image\/jpeg\" \/>\n<meta name=\"twitter:card\" content=\"summary_large_image\" \/>\n<meta name=\"twitter:title\" content=\"GlareOne White Flag 75x90 cm - bia\u0142y dyfuzor na ramie (zestaw)\" \/>\n<meta name=\"twitter:label1\" content=\"Szacowany czas czytania\" \/>\n\t<meta name=\"twitter:data1\" content=\"1 minuta\" \/>\n<script type=\"application\/ld+json\" class=\"yoast-schema-graph\">{\"@context\":\"https:\/\/schema.org\",\"@graph\":[{\"@type\":\"WebPage\",\"@id\":\"https:\/\/glareone.eu\/pl\/produkt\/glareone-white-flag-75x90-cm-bialy-dyfuzor-na-ramie-zestaw\/\",\"url\":\"https:\/\/glareone.eu\/pl\/produkt\/glareone-white-flag-75x90-cm-bialy-dyfuzor-na-ramie-zestaw\/\",\"name\":\"GlareOne White Flag 75x90 cm - bia\u0142y dyfuzor na ramie (zestaw)\",\"isPartOf\":{\"@id\":\"https:\/\/glareone.eu\/pl\/en\/#website\"},\"primaryImageOfPage\":{\"@id\":\"https:\/\/glareone.eu\/pl\/produkt\/glareone-white-flag-75x90-cm-bialy-dyfuzor-na-ramie-zestaw\/#primaryimage\"},\"image\":{\"@id\":\"https:\/\/glareone.eu\/pl\/produkt\/glareone-white-flag-75x90-cm-bialy-dyfuzor-na-ramie-zestaw\/#primaryimage\"},\"thumbnailUrl\":\"https:\/\/glareone.eu\/wp-content\/uploads\/2024\/04\/GlareOne-White-Flag-75x90-01.jpg\",\"datePublished\":\"2024-04-18T19:26:29+00:00\",\"dateModified\":\"2024-05-06T11:05:57+00:00\",\"description\":\"GlareOne White Flag 75x90 cm - bia\u0142y dyfuzor na ramie (zestaw)\",\"breadcrumb\":{\"@id\":\"https:\/\/glareone.eu\/pl\/produkt\/glareone-white-flag-75x90-cm-bialy-dyfuzor-na-ramie-zestaw\/#breadcrumb\"},\"inLanguage\":\"pl-PL\",\"potentialAction\":[{\"@type\":\"ReadAction\",\"target\":[\"https:\/\/glareone.eu\/pl\/produkt\/glareone-white-flag-75x90-cm-bialy-dyfuzor-na-ramie-zestaw\/\"]}]},{\"@type\":\"ImageObject\",\"inLanguage\":\"pl-PL\",\"@id\":\"https:\/\/glareone.eu\/pl\/produkt\/glareone-white-flag-75x90-cm-bialy-dyfuzor-na-ramie-zestaw\/#primaryimage\",\"url\":\"https:\/\/glareone.eu\/wp-content\/uploads\/2024\/04\/GlareOne-White-Flag-75x90-01.jpg\",\"contentUrl\":\"https:\/\/glareone.eu\/wp-content\/uploads\/2024\/04\/GlareOne-White-Flag-75x90-01.jpg\",\"width\":1200,\"height\":1200},{\"@type\":\"BreadcrumbList\",\"@id\":\"https:\/\/glareone.eu\/pl\/produkt\/glareone-white-flag-75x90-cm-bialy-dyfuzor-na-ramie-zestaw\/#breadcrumb\",\"itemListElement\":[{\"@type\":\"ListItem\",\"position\":1,\"name\":\"Strona g\u0142\u00f3wna\",\"item\":\"https:\/\/glareone.eu\/pl\/\"},{\"@type\":\"ListItem\",\"position\":2,\"name\":\"Wszystkie produkty\",\"item\":\"https:\/\/glareone.eu\/pl\/produkty\/wszystkie-produkty\/\"},{\"@type\":\"ListItem\",\"position\":3,\"name\":\"GlareOne White Flag 75&#215;90 cm &#8211; bia\u0142y dyfuzor na ramie (zestaw)\"}]},{\"@type\":\"WebSite\",\"@id\":\"https:\/\/glareone.eu\/pl\/en\/#website\",\"url\":\"https:\/\/glareone.eu\/pl\/en\/\",\"name\":\"GlareOne\",\"description\":\"Wyposa\u017cenie Studia\",\"publisher\":{\"@id\":\"https:\/\/glareone.eu\/pl\/en\/#organization\"},\"potentialAction\":[{\"@type\":\"SearchAction\",\"target\":{\"@type\":\"EntryPoint\",\"urlTemplate\":\"https:\/\/glareone.eu\/pl\/en\/?s={search_term_string}\"},\"query-input\":{\"@type\":\"PropertyValueSpecification\",\"valueRequired\":true,\"valueName\":\"search_term_string\"}}],\"inLanguage\":\"pl-PL\"},{\"@type\":\"Organization\",\"@id\":\"https:\/\/glareone.eu\/pl\/en\/#organization\",\"name\":\"GlareOne\",\"url\":\"https:\/\/glareone.eu\/pl\/en\/\",\"logo\":{\"@type\":\"ImageObject\",\"inLanguage\":\"pl-PL\",\"@id\":\"https:\/\/glareone.eu\/pl\/en\/#\/schema\/logo\/image\/\",\"url\":\"http:\/\/glareone.eu\/wp-content\/uploads\/2024\/05\/glareone_logo2020_RGB-01-e1715773127189.png\",\"contentUrl\":\"http:\/\/glareone.eu\/wp-content\/uploads\/2024\/05\/glareone_logo2020_RGB-01-e1715773127189.png\",\"width\":1270,\"height\":321,\"caption\":\"GlareOne\"},\"image\":{\"@id\":\"https:\/\/glareone.eu\/pl\/en\/#\/schema\/logo\/image\/\"},\"sameAs\":[\"https:\/\/www.facebook.com\/GlareOneLighting\",\"https:\/\/www.instagram.com\/glareonelighting\/\",\"https:\/\/www.youtube.com\/@GlareOneTV\"]}]}<\/script>\n<!-- \/ Yoast SEO plugin. -->","yoast_head_json":{"title":"GlareOne White Flag 75x90 cm - bia\u0142y dyfuzor na ramie (zestaw)","description":"GlareOne White Flag 75x90 cm - bia\u0142y dyfuzor na ramie (zestaw)","robots":{"index":"index","follow":"follow","max-snippet":"max-snippet:-1","max-image-preview":"max-image-preview:large","max-video-preview":"max-video-preview:-1"},"canonical":"https:\/\/glareone.eu\/pl\/produkt\/glareone-white-flag-75x90-cm-bialy-dyfuzor-na-ramie-zestaw\/","og_locale":"pl_PL","og_type":"article","og_title":"GlareOne White Flag 75x90 cm - bia\u0142y dyfuzor na ramie (zestaw)","og_description":"GlareOne White Flag 75x90 cm - bia\u0142y dyfuzor na ramie (zestaw)","og_url":"https:\/\/glareone.eu\/pl\/produkt\/glareone-white-flag-75x90-cm-bialy-dyfuzor-na-ramie-zestaw\/","og_site_name":"GlareOne","article_publisher":"https:\/\/www.facebook.com\/GlareOneLighting","article_modified_time":"2024-05-06T11:05:57+00:00","og_image":[{"width":1200,"height":1200,"url":"https:\/\/glareone.eu\/wp-content\/uploads\/2024\/04\/GlareOne-White-Flag-75x90-01.jpg","type":"image\/jpeg"}],"twitter_card":"summary_large_image","twitter_title":"GlareOne White Flag 75x90 cm - bia\u0142y dyfuzor na ramie (zestaw)","twitter_misc":{"Szacowany czas czytania":"1 minuta"},"schema":{"@context":"https:\/\/schema.org","@graph":[{"@type":"WebPage","@id":"https:\/\/glareone.eu\/pl\/produkt\/glareone-white-flag-75x90-cm-bialy-dyfuzor-na-ramie-zestaw\/","url":"https:\/\/glareone.eu\/pl\/produkt\/glareone-white-flag-75x90-cm-bialy-dyfuzor-na-ramie-zestaw\/","name":"GlareOne White Flag 75x90 cm - bia\u0142y dyfuzor na ramie (zestaw)","isPartOf":{"@id":"https:\/\/glareone.eu\/pl\/en\/#website"},"primaryImageOfPage":{"@id":"https:\/\/glareone.eu\/pl\/produkt\/glareone-white-flag-75x90-cm-bialy-dyfuzor-na-ramie-zestaw\/#primaryimage"},"image":{"@id":"https:\/\/glareone.eu\/pl\/produkt\/glareone-white-flag-75x90-cm-bialy-dyfuzor-na-ramie-zestaw\/#primaryimage"},"thumbnailUrl":"https:\/\/glareone.eu\/wp-content\/uploads\/2024\/04\/GlareOne-White-Flag-75x90-01.jpg","datePublished":"2024-04-18T19:26:29+00:00","dateModified":"2024-05-06T11:05:57+00:00","description":"GlareOne White Flag 75x90 cm - bia\u0142y dyfuzor na ramie (zestaw)","breadcrumb":{"@id":"https:\/\/glareone.eu\/pl\/produkt\/glareone-white-flag-75x90-cm-bialy-dyfuzor-na-ramie-zestaw\/#breadcrumb"},"inLanguage":"pl-PL","potentialAction":[{"@type":"ReadAction","target":["https:\/\/glareone.eu\/pl\/produkt\/glareone-white-flag-75x90-cm-bialy-dyfuzor-na-ramie-zestaw\/"]}]},{"@type":"ImageObject","inLanguage":"pl-PL","@id":"https:\/\/glareone.eu\/pl\/produkt\/glareone-white-flag-75x90-cm-bialy-dyfuzor-na-ramie-zestaw\/#primaryimage","url":"https:\/\/glareone.eu\/wp-content\/uploads\/2024\/04\/GlareOne-White-Flag-75x90-01.jpg","contentUrl":"https:\/\/glareone.eu\/wp-content\/uploads\/2024\/04\/GlareOne-White-Flag-75x90-01.jpg","width":1200,"height":1200},{"@type":"BreadcrumbList","@id":"https:\/\/glareone.eu\/pl\/produkt\/glareone-white-flag-75x90-cm-bialy-dyfuzor-na-ramie-zestaw\/#breadcrumb","itemListElement":[{"@type":"ListItem","position":1,"name":"Strona g\u0142\u00f3wna","item":"https:\/\/glareone.eu\/pl\/"},{"@type":"ListItem","position":2,"name":"Wszystkie produkty","item":"https:\/\/glareone.eu\/pl\/produkty\/wszystkie-produkty\/"},{"@type":"ListItem","position":3,"name":"GlareOne White Flag 75&#215;90 cm &#8211; bia\u0142y dyfuzor na ramie (zestaw)"}]},{"@type":"WebSite","@id":"https:\/\/glareone.eu\/pl\/en\/#website","url":"https:\/\/glareone.eu\/pl\/en\/","name":"GlareOne","description":"Wyposa\u017cenie Studia","publisher":{"@id":"https:\/\/glareone.eu\/pl\/en\/#organization"},"potentialAction":[{"@type":"SearchAction","target":{"@type":"EntryPoint","urlTemplate":"https:\/\/glareone.eu\/pl\/en\/?s={search_term_string}"},"query-input":{"@type":"PropertyValueSpecification","valueRequired":true,"valueName":"search_term_string"}}],"inLanguage":"pl-PL"},{"@type":"Organization","@id":"https:\/\/glareone.eu\/pl\/en\/#organization","name":"GlareOne","url":"https:\/\/glareone.eu\/pl\/en\/","logo":{"@type":"ImageObject","inLanguage":"pl-PL","@id":"https:\/\/glareone.eu\/pl\/en\/#\/schema\/logo\/image\/","url":"http:\/\/glareone.eu\/wp-content\/uploads\/2024\/05\/glareone_logo2020_RGB-01-e1715773127189.png","contentUrl":"http:\/\/glareone.eu\/wp-content\/uploads\/2024\/05\/glareone_logo2020_RGB-01-e1715773127189.png","width":1270,"height":321,"caption":"GlareOne"},"image":{"@id":"https:\/\/glareone.eu\/pl\/en\/#\/schema\/logo\/image\/"},"sameAs":["https:\/\/www.facebook.com\/GlareOneLighting","https:\/\/www.instagram.com\/glareonelighting\/","https:\/\/www.youtube.com\/@GlareOneTV"]}]}},"_links":{"self":[{"href":"https:\/\/glareone.eu\/pl\/wp-json\/wp\/v2\/product\/1023","targetHints":{"allow":["GET"]}}],"collection":[{"href":"https:\/\/glareone.eu\/pl\/wp-json\/wp\/v2\/product"}],"about":[{"href":"https:\/\/glareone.eu\/pl\/wp-json\/wp\/v2\/types\/product"}],"wp:featuredmedia":[{"embeddable":true,"href":"https:\/\/glareone.eu\/pl\/wp-json\/wp\/v2\/media\/5354"}],"wp:attachment":[{"href":"https:\/\/glareone.eu\/pl\/wp-json\/wp\/v2\/media?parent=1023"}],"wp:term":[{"taxonomy":"product_brand","embeddable":true,"href":"https:\/\/glareone.eu\/pl\/wp-json\/wp\/v2\/product_brand?post=1023"},{"taxonomy":"product_cat","embeddable":true,"href":"https:\/\/glareone.eu\/pl\/wp-json\/wp\/v2\/product_cat?post=1023"},{"taxonomy":"product_tag","embeddable":true,"href":"https:\/\/glareone.eu\/pl\/wp-json\/wp\/v2\/product_tag?post=1023"}],"curies":[{"name":"wp","href":"https:\/\/api.w.org\/{rel}","templated":true}]}}