{"id":1021,"date":"2024-04-18T19:26:29","date_gmt":"2024-04-18T19:26:29","guid":{"rendered":"http:\/\/glareone.eu\/produkt\/glareone-universal-clamp\/"},"modified":"2024-05-23T09:53:45","modified_gmt":"2024-05-23T09:53:45","slug":"glareone-universal-clamp","status":"publish","type":"product","link":"https:\/\/glareone.eu\/pl\/produkt\/glareone-universal-clamp\/","title":{"rendered":"GlareOne Universal Clamp"},"content":{"rendered":"<p>GlareOne Universal Clamp to solidna klamra zaciskowa, za pomoc\u0105 kt\u00f3rej z\u0142apiemy blend\u0119, flag\u0119, gobo lub dowolny inny przedmiot oraz zamontujemy je do statywu.<\/p>\n<p>Opr\u00f3cz standardowej funkcji trzymania najr\u00f3\u017cniejszych przedmiot\u00f3w niezb\u0119dnych podczas sesji, takich jak blendy, kable, gobo, flagi czy t\u0142a, klamra Universal Clamp posiada miejsce monta\u017cowe na trzpie\u0144 statywowy. Mo\u017cna j\u0105 wykorzysta\u0107 na wiele sposob\u00f3w, np. osadzi\u0107 na statywie studyjnym, z\u0142apa\u0107 blend\u0119 i zamontowa\u0107 lamp\u0119 reportersk\u0105, odbijaj\u0105c jej \u015bwiat\u0142o od ekranu blendy. Dzi\u0119ki gumowym ok\u0142adzinom szcz\u0119k, trzymany przedmiot nie wy\u015blizgnie si\u0119 i nie uszkodzi.<\/p>\n<h3>Cechy GlareOne Universal Clamp:<\/h3>\n<ul>\n<li>\u0141atwa w u\u017cyciu i wszechstronna klamra spr\u0119\u017cynowa z zaciskiem.<\/li>\n<li>Wyposa\u017cona w standardowy trzpie\u0144 statywowy\u00a0 5\/8&#8243; z\u00a0 gwintem 3\/8&#8243;.<\/li>\n<li>Na ko\u0144cu klamry zosta\u0142y umieszczone ok\u0142adziny antypo\u015blizgowe.<\/li>\n<li>Maksymalne rozwarcie klamry wynosi 50 mm.<\/li>\n<li>Ca\u0142y zacisk wykonany jest z metalu.<\/li>\n<li>Maksymalny ud\u017awig to 3 kg.<\/li>\n<\/ul>\n","protected":false},"excerpt":{"rendered":"<p>GlareOne Universal Clamp to solidna klamra zaciskowa, za pomoc\u0105 kt\u00f3rej z\u0142apiemy blend\u0119, flag\u0119, gobo lub dowolny inny przedmiot oraz zamontujemy je do statywu. Opr\u00f3cz standardowej funkcji trzymania najr\u00f3\u017cniejszych przedmiot\u00f3w niezb\u0119dnych podczas sesji, takich jak blendy, kable, gobo, flagi czy t\u0142a, klamra Universal Clamp posiada miejsce monta\u017cowe na trzpie\u0144 statywowy. Mo\u017cna j\u0105 wykorzysta\u0107 na wiele sposob\u00f3w, [&hellip;]<\/p>\n","protected":false},"featured_media":8374,"template":"","meta":[],"product_brand":[],"product_cat":[442],"product_tag":[],"class_list":{"0":"post-1021","1":"product","2":"type-product","3":"status-publish","4":"has-post-thumbnail","6":"product_cat-inne-akcesoria","8":"first","9":"instock","10":"product-type-simple"},"yoast_head":"<!-- This site is optimized with the Yoast SEO plugin v27.4 - https:\/\/yoast.com\/product\/yoast-seo-wordpress\/ -->\n<title>GlareOne Universal Clamp<\/title>\n<meta name=\"description\" content=\"GlareOne Universal Clamp to \u0142atwa w u\u017cyciu, solidna klamra zaciskowa, za pomoc\u0105 kt\u00f3rej z\u0142apiemy blend\u0119, flag\u0119, gobo oraz zamontujemy je do statywu.\" \/>\n<meta name=\"robots\" content=\"index, follow, max-snippet:-1, max-image-preview:large, max-video-preview:-1\" \/>\n<link rel=\"canonical\" href=\"https:\/\/glareone.eu\/pl\/produkt\/glareone-universal-clamp\/\" \/>\n<meta property=\"og:locale\" content=\"pl_PL\" \/>\n<meta property=\"og:type\" content=\"article\" \/>\n<meta property=\"og:title\" content=\"GlareOne Universal Clamp\" \/>\n<meta property=\"og:description\" content=\"GlareOne Universal Clamp to \u0142atwa w u\u017cyciu, solidna klamra zaciskowa, za pomoc\u0105 kt\u00f3rej z\u0142apiemy blend\u0119, flag\u0119, gobo oraz zamontujemy je do statywu.\" \/>\n<meta property=\"og:url\" content=\"https:\/\/glareone.eu\/pl\/produkt\/glareone-universal-clamp\/\" \/>\n<meta property=\"og:site_name\" content=\"GlareOne\" \/>\n<meta property=\"article:publisher\" content=\"https:\/\/www.facebook.com\/GlareOneLighting\" \/>\n<meta property=\"article:modified_time\" content=\"2024-05-23T09:53:45+00:00\" \/>\n<meta property=\"og:image\" content=\"https:\/\/glareone.eu\/wp-content\/uploads\/2024\/04\/GlareOne-Universal-Clamp-01.jpg\" \/>\n\t<meta property=\"og:image:width\" content=\"1200\" \/>\n\t<meta property=\"og:image:height\" content=\"1200\" \/>\n\t<meta property=\"og:image:type\" content=\"image\/jpeg\" \/>\n<meta name=\"twitter:card\" content=\"summary_large_image\" \/>\n<meta name=\"twitter:title\" content=\"GlareOne Universal Clamp\" \/>\n<meta name=\"twitter:label1\" content=\"Szacowany czas czytania\" \/>\n\t<meta name=\"twitter:data1\" content=\"1 minuta\" \/>\n<script type=\"application\/ld+json\" class=\"yoast-schema-graph\">{\"@context\":\"https:\\\/\\\/schema.org\",\"@graph\":[{\"@type\":\"WebPage\",\"@id\":\"https:\\\/\\\/glareone.eu\\\/pl\\\/produkt\\\/glareone-universal-clamp\\\/\",\"url\":\"https:\\\/\\\/glareone.eu\\\/pl\\\/produkt\\\/glareone-universal-clamp\\\/\",\"name\":\"GlareOne Universal Clamp\",\"isPartOf\":{\"@id\":\"https:\\\/\\\/glareone.eu\\\/pl\\\/en\\\/#website\"},\"primaryImageOfPage\":{\"@id\":\"https:\\\/\\\/glareone.eu\\\/pl\\\/produkt\\\/glareone-universal-clamp\\\/#primaryimage\"},\"image\":{\"@id\":\"https:\\\/\\\/glareone.eu\\\/pl\\\/produkt\\\/glareone-universal-clamp\\\/#primaryimage\"},\"thumbnailUrl\":\"https:\\\/\\\/glareone.eu\\\/wp-content\\\/uploads\\\/2024\\\/04\\\/GlareOne-Universal-Clamp-01.jpg\",\"datePublished\":\"2024-04-18T19:26:29+00:00\",\"dateModified\":\"2024-05-23T09:53:45+00:00\",\"description\":\"GlareOne Universal Clamp to \u0142atwa w u\u017cyciu, solidna klamra zaciskowa, za pomoc\u0105 kt\u00f3rej z\u0142apiemy blend\u0119, flag\u0119, gobo oraz zamontujemy je do statywu.\",\"breadcrumb\":{\"@id\":\"https:\\\/\\\/glareone.eu\\\/pl\\\/produkt\\\/glareone-universal-clamp\\\/#breadcrumb\"},\"inLanguage\":\"pl-PL\",\"potentialAction\":[{\"@type\":\"ReadAction\",\"target\":[\"https:\\\/\\\/glareone.eu\\\/pl\\\/produkt\\\/glareone-universal-clamp\\\/\"]}]},{\"@type\":\"ImageObject\",\"inLanguage\":\"pl-PL\",\"@id\":\"https:\\\/\\\/glareone.eu\\\/pl\\\/produkt\\\/glareone-universal-clamp\\\/#primaryimage\",\"url\":\"https:\\\/\\\/glareone.eu\\\/wp-content\\\/uploads\\\/2024\\\/04\\\/GlareOne-Universal-Clamp-01.jpg\",\"contentUrl\":\"https:\\\/\\\/glareone.eu\\\/wp-content\\\/uploads\\\/2024\\\/04\\\/GlareOne-Universal-Clamp-01.jpg\",\"width\":1200,\"height\":1200},{\"@type\":\"BreadcrumbList\",\"@id\":\"https:\\\/\\\/glareone.eu\\\/pl\\\/produkt\\\/glareone-universal-clamp\\\/#breadcrumb\",\"itemListElement\":[{\"@type\":\"ListItem\",\"position\":1,\"name\":\"Strona g\u0142\u00f3wna\",\"item\":\"https:\\\/\\\/glareone.eu\\\/pl\\\/\"},{\"@type\":\"ListItem\",\"position\":2,\"name\":\"Wszystkie produkty\",\"item\":\"https:\\\/\\\/glareone.eu\\\/pl\\\/produkty\\\/wszystkie-produkty\\\/\"},{\"@type\":\"ListItem\",\"position\":3,\"name\":\"GlareOne Universal Clamp\"}]},{\"@type\":\"WebSite\",\"@id\":\"https:\\\/\\\/glareone.eu\\\/pl\\\/en\\\/#website\",\"url\":\"https:\\\/\\\/glareone.eu\\\/pl\\\/en\\\/\",\"name\":\"GlareOne\",\"description\":\"Wyposa\u017cenie Studia\",\"publisher\":{\"@id\":\"https:\\\/\\\/glareone.eu\\\/pl\\\/en\\\/#organization\"},\"potentialAction\":[{\"@type\":\"SearchAction\",\"target\":{\"@type\":\"EntryPoint\",\"urlTemplate\":\"https:\\\/\\\/glareone.eu\\\/pl\\\/en\\\/?s={search_term_string}\"},\"query-input\":{\"@type\":\"PropertyValueSpecification\",\"valueRequired\":true,\"valueName\":\"search_term_string\"}}],\"inLanguage\":\"pl-PL\"},{\"@type\":\"Organization\",\"@id\":\"https:\\\/\\\/glareone.eu\\\/pl\\\/en\\\/#organization\",\"name\":\"GlareOne\",\"url\":\"https:\\\/\\\/glareone.eu\\\/pl\\\/en\\\/\",\"logo\":{\"@type\":\"ImageObject\",\"inLanguage\":\"pl-PL\",\"@id\":\"https:\\\/\\\/glareone.eu\\\/pl\\\/en\\\/#\\\/schema\\\/logo\\\/image\\\/\",\"url\":\"http:\\\/\\\/glareone.eu\\\/wp-content\\\/uploads\\\/2024\\\/05\\\/glareone_logo2020_RGB-01-e1715773127189.png\",\"contentUrl\":\"http:\\\/\\\/glareone.eu\\\/wp-content\\\/uploads\\\/2024\\\/05\\\/glareone_logo2020_RGB-01-e1715773127189.png\",\"width\":1270,\"height\":321,\"caption\":\"GlareOne\"},\"image\":{\"@id\":\"https:\\\/\\\/glareone.eu\\\/pl\\\/en\\\/#\\\/schema\\\/logo\\\/image\\\/\"},\"sameAs\":[\"https:\\\/\\\/www.facebook.com\\\/GlareOneLighting\",\"https:\\\/\\\/www.instagram.com\\\/glareonelighting\\\/\",\"https:\\\/\\\/www.youtube.com\\\/@GlareOneTV\"]}]}<\/script>\n<!-- \/ Yoast SEO plugin. -->","yoast_head_json":{"title":"GlareOne Universal Clamp","description":"GlareOne Universal Clamp to \u0142atwa w u\u017cyciu, solidna klamra zaciskowa, za pomoc\u0105 kt\u00f3rej z\u0142apiemy blend\u0119, flag\u0119, gobo oraz zamontujemy je do statywu.","robots":{"index":"index","follow":"follow","max-snippet":"max-snippet:-1","max-image-preview":"max-image-preview:large","max-video-preview":"max-video-preview:-1"},"canonical":"https:\/\/glareone.eu\/pl\/produkt\/glareone-universal-clamp\/","og_locale":"pl_PL","og_type":"article","og_title":"GlareOne Universal Clamp","og_description":"GlareOne Universal Clamp to \u0142atwa w u\u017cyciu, solidna klamra zaciskowa, za pomoc\u0105 kt\u00f3rej z\u0142apiemy blend\u0119, flag\u0119, gobo oraz zamontujemy je do statywu.","og_url":"https:\/\/glareone.eu\/pl\/produkt\/glareone-universal-clamp\/","og_site_name":"GlareOne","article_publisher":"https:\/\/www.facebook.com\/GlareOneLighting","article_modified_time":"2024-05-23T09:53:45+00:00","og_image":[{"width":1200,"height":1200,"url":"https:\/\/glareone.eu\/wp-content\/uploads\/2024\/04\/GlareOne-Universal-Clamp-01.jpg","type":"image\/jpeg"}],"twitter_card":"summary_large_image","twitter_title":"GlareOne Universal Clamp","twitter_misc":{"Szacowany czas czytania":"1 minuta"},"schema":{"@context":"https:\/\/schema.org","@graph":[{"@type":"WebPage","@id":"https:\/\/glareone.eu\/pl\/produkt\/glareone-universal-clamp\/","url":"https:\/\/glareone.eu\/pl\/produkt\/glareone-universal-clamp\/","name":"GlareOne Universal Clamp","isPartOf":{"@id":"https:\/\/glareone.eu\/pl\/en\/#website"},"primaryImageOfPage":{"@id":"https:\/\/glareone.eu\/pl\/produkt\/glareone-universal-clamp\/#primaryimage"},"image":{"@id":"https:\/\/glareone.eu\/pl\/produkt\/glareone-universal-clamp\/#primaryimage"},"thumbnailUrl":"https:\/\/glareone.eu\/wp-content\/uploads\/2024\/04\/GlareOne-Universal-Clamp-01.jpg","datePublished":"2024-04-18T19:26:29+00:00","dateModified":"2024-05-23T09:53:45+00:00","description":"GlareOne Universal Clamp to \u0142atwa w u\u017cyciu, solidna klamra zaciskowa, za pomoc\u0105 kt\u00f3rej z\u0142apiemy blend\u0119, flag\u0119, gobo oraz zamontujemy je do statywu.","breadcrumb":{"@id":"https:\/\/glareone.eu\/pl\/produkt\/glareone-universal-clamp\/#breadcrumb"},"inLanguage":"pl-PL","potentialAction":[{"@type":"ReadAction","target":["https:\/\/glareone.eu\/pl\/produkt\/glareone-universal-clamp\/"]}]},{"@type":"ImageObject","inLanguage":"pl-PL","@id":"https:\/\/glareone.eu\/pl\/produkt\/glareone-universal-clamp\/#primaryimage","url":"https:\/\/glareone.eu\/wp-content\/uploads\/2024\/04\/GlareOne-Universal-Clamp-01.jpg","contentUrl":"https:\/\/glareone.eu\/wp-content\/uploads\/2024\/04\/GlareOne-Universal-Clamp-01.jpg","width":1200,"height":1200},{"@type":"BreadcrumbList","@id":"https:\/\/glareone.eu\/pl\/produkt\/glareone-universal-clamp\/#breadcrumb","itemListElement":[{"@type":"ListItem","position":1,"name":"Strona g\u0142\u00f3wna","item":"https:\/\/glareone.eu\/pl\/"},{"@type":"ListItem","position":2,"name":"Wszystkie produkty","item":"https:\/\/glareone.eu\/pl\/produkty\/wszystkie-produkty\/"},{"@type":"ListItem","position":3,"name":"GlareOne Universal Clamp"}]},{"@type":"WebSite","@id":"https:\/\/glareone.eu\/pl\/en\/#website","url":"https:\/\/glareone.eu\/pl\/en\/","name":"GlareOne","description":"Wyposa\u017cenie Studia","publisher":{"@id":"https:\/\/glareone.eu\/pl\/en\/#organization"},"potentialAction":[{"@type":"SearchAction","target":{"@type":"EntryPoint","urlTemplate":"https:\/\/glareone.eu\/pl\/en\/?s={search_term_string}"},"query-input":{"@type":"PropertyValueSpecification","valueRequired":true,"valueName":"search_term_string"}}],"inLanguage":"pl-PL"},{"@type":"Organization","@id":"https:\/\/glareone.eu\/pl\/en\/#organization","name":"GlareOne","url":"https:\/\/glareone.eu\/pl\/en\/","logo":{"@type":"ImageObject","inLanguage":"pl-PL","@id":"https:\/\/glareone.eu\/pl\/en\/#\/schema\/logo\/image\/","url":"http:\/\/glareone.eu\/wp-content\/uploads\/2024\/05\/glareone_logo2020_RGB-01-e1715773127189.png","contentUrl":"http:\/\/glareone.eu\/wp-content\/uploads\/2024\/05\/glareone_logo2020_RGB-01-e1715773127189.png","width":1270,"height":321,"caption":"GlareOne"},"image":{"@id":"https:\/\/glareone.eu\/pl\/en\/#\/schema\/logo\/image\/"},"sameAs":["https:\/\/www.facebook.com\/GlareOneLighting","https:\/\/www.instagram.com\/glareonelighting\/","https:\/\/www.youtube.com\/@GlareOneTV"]}]}},"_links":{"self":[{"href":"https:\/\/glareone.eu\/pl\/wp-json\/wp\/v2\/product\/1021","targetHints":{"allow":["GET"]}}],"collection":[{"href":"https:\/\/glareone.eu\/pl\/wp-json\/wp\/v2\/product"}],"about":[{"href":"https:\/\/glareone.eu\/pl\/wp-json\/wp\/v2\/types\/product"}],"wp:featuredmedia":[{"embeddable":true,"href":"https:\/\/glareone.eu\/pl\/wp-json\/wp\/v2\/media\/8374"}],"wp:attachment":[{"href":"https:\/\/glareone.eu\/pl\/wp-json\/wp\/v2\/media?parent=1021"}],"wp:term":[{"taxonomy":"product_brand","embeddable":true,"href":"https:\/\/glareone.eu\/pl\/wp-json\/wp\/v2\/product_brand?post=1021"},{"taxonomy":"product_cat","embeddable":true,"href":"https:\/\/glareone.eu\/pl\/wp-json\/wp\/v2\/product_cat?post=1021"},{"taxonomy":"product_tag","embeddable":true,"href":"https:\/\/glareone.eu\/pl\/wp-json\/wp\/v2\/product_tag?post=1021"}],"curies":[{"name":"wp","href":"https:\/\/api.w.org\/{rel}","templated":true}]}}