{"id":1015,"date":"2024-04-18T19:26:29","date_gmt":"2024-04-18T19:26:29","guid":{"rendered":"http:\/\/glareone.eu\/produkt\/glareone-grid-do-czaszy-beauty-dish-50-softlight\/"},"modified":"2024-05-10T08:14:58","modified_gmt":"2024-05-10T08:14:58","slug":"glareone-grid-do-czaszy-beauty-dish-50-softlight","status":"publish","type":"product","link":"https:\/\/glareone.eu\/pl\/produkt\/glareone-grid-do-czaszy-beauty-dish-50-softlight\/","title":{"rendered":"GlareOne Grid do czaszy Beauty Dish 50 Softlight"},"content":{"rendered":"<p>Plaster pozwala na zaw\u0119\u017cenie wi\u0105zki \u015bwiat\u0142a wysy\u0142anej przez czasz\u0119 Beauty Dish 50 ze standardowych 90\u00b0 do poziomu 45\u00b0, co pozwala zwi\u0119kszy\u0107 precyzj\u0119 o\u015bwietlenia.<\/p>\n<p>Plaster wykonano z tworzywa sztucznego, dzi\u0119ki czemu jest lekki i wytrzyma\u0142y. Jego monta\u017c jest bardzo prosty i polega na zwyk\u0142ym osadzeniu plastra na kraw\u0119dzi czaszy.<\/p>\n<h3>Cechy produktu:<\/h3>\n<ul>\n<li>Pozwala precyzyjnie kontrolowa\u0107 \u015bwiat\u0142o.<\/li>\n<li>Rozszerza u\u017cyteczno\u015b\u0107 czaszy Beauty Dish 50 Softlight.<\/li>\n<li>Zaw\u0119\u017ca wi\u0105zk\u0119 \u015bwiat\u0142a do 45\u00b0.<\/li>\n<li>Jest wykonany z tworzywa sztucznego.<\/li>\n<\/ul>\n","protected":false},"excerpt":{"rendered":"<p>Plaster pozwala na zaw\u0119\u017cenie wi\u0105zki \u015bwiat\u0142a wysy\u0142anej przez czasz\u0119 Beauty Dish 50 ze standardowych 90\u00b0 do poziomu 45\u00b0, co pozwala zwi\u0119kszy\u0107 precyzj\u0119 o\u015bwietlenia. Plaster wykonano z tworzywa sztucznego, dzi\u0119ki czemu jest lekki i wytrzyma\u0142y. Jego monta\u017c jest bardzo prosty i polega na zwyk\u0142ym osadzeniu plastra na kraw\u0119dzi czaszy. Cechy produktu: Pozwala precyzyjnie kontrolowa\u0107 \u015bwiat\u0142o. Rozszerza [&hellip;]<\/p>\n","protected":false},"featured_media":7878,"template":"","meta":[],"product_brand":[],"product_cat":[486],"product_tag":[],"class_list":{"0":"post-1015","1":"product","2":"type-product","3":"status-publish","4":"has-post-thumbnail","6":"product_cat-czasze","8":"first","9":"instock","10":"product-type-simple"},"yoast_head":"<!-- This site is optimized with the Yoast SEO plugin v27.2 - https:\/\/yoast.com\/product\/yoast-seo-wordpress\/ -->\n<title>GlareOne Grid do czaszy Beauty Dish 50 Softlight<\/title>\n<meta name=\"description\" content=\"GlareOne Grid do czaszy Beauty Dish 50 Softlight\" \/>\n<meta name=\"robots\" content=\"index, follow, max-snippet:-1, max-image-preview:large, max-video-preview:-1\" \/>\n<link rel=\"canonical\" href=\"https:\/\/glareone.eu\/pl\/produkt\/glareone-grid-do-czaszy-beauty-dish-50-softlight\/\" \/>\n<meta property=\"og:locale\" content=\"pl_PL\" \/>\n<meta property=\"og:type\" content=\"article\" \/>\n<meta property=\"og:title\" content=\"GlareOne Grid do czaszy Beauty Dish 50 Softlight\" \/>\n<meta property=\"og:description\" content=\"GlareOne Grid do czaszy Beauty Dish 50 Softlight\" \/>\n<meta property=\"og:url\" content=\"https:\/\/glareone.eu\/pl\/produkt\/glareone-grid-do-czaszy-beauty-dish-50-softlight\/\" \/>\n<meta property=\"og:site_name\" content=\"GlareOne\" \/>\n<meta property=\"article:publisher\" content=\"https:\/\/www.facebook.com\/GlareOneLighting\" \/>\n<meta property=\"article:modified_time\" content=\"2024-05-10T08:14:58+00:00\" \/>\n<meta property=\"og:image\" content=\"https:\/\/glareone.eu\/wp-content\/uploads\/2024\/04\/GlareOne-Grid-do-czaszy-Beaty-Dish-50-01.jpg\" \/>\n\t<meta property=\"og:image:width\" content=\"1200\" \/>\n\t<meta property=\"og:image:height\" content=\"1200\" \/>\n\t<meta property=\"og:image:type\" content=\"image\/jpeg\" \/>\n<meta name=\"twitter:card\" content=\"summary_large_image\" \/>\n<meta name=\"twitter:title\" content=\"GlareOne Grid do czaszy Beauty Dish 50 Softlight\" \/>\n<meta name=\"twitter:label1\" content=\"Szacowany czas czytania\" \/>\n\t<meta name=\"twitter:data1\" content=\"1 minuta\" \/>\n<script type=\"application\/ld+json\" class=\"yoast-schema-graph\">{\"@context\":\"https:\/\/schema.org\",\"@graph\":[{\"@type\":\"WebPage\",\"@id\":\"https:\/\/glareone.eu\/pl\/produkt\/glareone-grid-do-czaszy-beauty-dish-50-softlight\/\",\"url\":\"https:\/\/glareone.eu\/pl\/produkt\/glareone-grid-do-czaszy-beauty-dish-50-softlight\/\",\"name\":\"GlareOne Grid do czaszy Beauty Dish 50 Softlight\",\"isPartOf\":{\"@id\":\"https:\/\/glareone.eu\/pl\/en\/#website\"},\"primaryImageOfPage\":{\"@id\":\"https:\/\/glareone.eu\/pl\/produkt\/glareone-grid-do-czaszy-beauty-dish-50-softlight\/#primaryimage\"},\"image\":{\"@id\":\"https:\/\/glareone.eu\/pl\/produkt\/glareone-grid-do-czaszy-beauty-dish-50-softlight\/#primaryimage\"},\"thumbnailUrl\":\"https:\/\/glareone.eu\/wp-content\/uploads\/2024\/04\/GlareOne-Grid-do-czaszy-Beaty-Dish-50-01.jpg\",\"datePublished\":\"2024-04-18T19:26:29+00:00\",\"dateModified\":\"2024-05-10T08:14:58+00:00\",\"description\":\"GlareOne Grid do czaszy Beauty Dish 50 Softlight\",\"breadcrumb\":{\"@id\":\"https:\/\/glareone.eu\/pl\/produkt\/glareone-grid-do-czaszy-beauty-dish-50-softlight\/#breadcrumb\"},\"inLanguage\":\"pl-PL\",\"potentialAction\":[{\"@type\":\"ReadAction\",\"target\":[\"https:\/\/glareone.eu\/pl\/produkt\/glareone-grid-do-czaszy-beauty-dish-50-softlight\/\"]}]},{\"@type\":\"ImageObject\",\"inLanguage\":\"pl-PL\",\"@id\":\"https:\/\/glareone.eu\/pl\/produkt\/glareone-grid-do-czaszy-beauty-dish-50-softlight\/#primaryimage\",\"url\":\"https:\/\/glareone.eu\/wp-content\/uploads\/2024\/04\/GlareOne-Grid-do-czaszy-Beaty-Dish-50-01.jpg\",\"contentUrl\":\"https:\/\/glareone.eu\/wp-content\/uploads\/2024\/04\/GlareOne-Grid-do-czaszy-Beaty-Dish-50-01.jpg\",\"width\":1200,\"height\":1200},{\"@type\":\"BreadcrumbList\",\"@id\":\"https:\/\/glareone.eu\/pl\/produkt\/glareone-grid-do-czaszy-beauty-dish-50-softlight\/#breadcrumb\",\"itemListElement\":[{\"@type\":\"ListItem\",\"position\":1,\"name\":\"Strona g\u0142\u00f3wna\",\"item\":\"https:\/\/glareone.eu\/pl\/\"},{\"@type\":\"ListItem\",\"position\":2,\"name\":\"Wszystkie produkty\",\"item\":\"https:\/\/glareone.eu\/pl\/produkty\/wszystkie-produkty\/\"},{\"@type\":\"ListItem\",\"position\":3,\"name\":\"GlareOne Grid do czaszy Beauty Dish 50 Softlight\"}]},{\"@type\":\"WebSite\",\"@id\":\"https:\/\/glareone.eu\/pl\/en\/#website\",\"url\":\"https:\/\/glareone.eu\/pl\/en\/\",\"name\":\"GlareOne\",\"description\":\"Wyposa\u017cenie Studia\",\"publisher\":{\"@id\":\"https:\/\/glareone.eu\/pl\/en\/#organization\"},\"potentialAction\":[{\"@type\":\"SearchAction\",\"target\":{\"@type\":\"EntryPoint\",\"urlTemplate\":\"https:\/\/glareone.eu\/pl\/en\/?s={search_term_string}\"},\"query-input\":{\"@type\":\"PropertyValueSpecification\",\"valueRequired\":true,\"valueName\":\"search_term_string\"}}],\"inLanguage\":\"pl-PL\"},{\"@type\":\"Organization\",\"@id\":\"https:\/\/glareone.eu\/pl\/en\/#organization\",\"name\":\"GlareOne\",\"url\":\"https:\/\/glareone.eu\/pl\/en\/\",\"logo\":{\"@type\":\"ImageObject\",\"inLanguage\":\"pl-PL\",\"@id\":\"https:\/\/glareone.eu\/pl\/en\/#\/schema\/logo\/image\/\",\"url\":\"http:\/\/glareone.eu\/wp-content\/uploads\/2024\/05\/glareone_logo2020_RGB-01-e1715773127189.png\",\"contentUrl\":\"http:\/\/glareone.eu\/wp-content\/uploads\/2024\/05\/glareone_logo2020_RGB-01-e1715773127189.png\",\"width\":1270,\"height\":321,\"caption\":\"GlareOne\"},\"image\":{\"@id\":\"https:\/\/glareone.eu\/pl\/en\/#\/schema\/logo\/image\/\"},\"sameAs\":[\"https:\/\/www.facebook.com\/GlareOneLighting\",\"https:\/\/www.instagram.com\/glareonelighting\/\",\"https:\/\/www.youtube.com\/@GlareOneTV\"]}]}<\/script>\n<!-- \/ Yoast SEO plugin. -->","yoast_head_json":{"title":"GlareOne Grid do czaszy Beauty Dish 50 Softlight","description":"GlareOne Grid do czaszy Beauty Dish 50 Softlight","robots":{"index":"index","follow":"follow","max-snippet":"max-snippet:-1","max-image-preview":"max-image-preview:large","max-video-preview":"max-video-preview:-1"},"canonical":"https:\/\/glareone.eu\/pl\/produkt\/glareone-grid-do-czaszy-beauty-dish-50-softlight\/","og_locale":"pl_PL","og_type":"article","og_title":"GlareOne Grid do czaszy Beauty Dish 50 Softlight","og_description":"GlareOne Grid do czaszy Beauty Dish 50 Softlight","og_url":"https:\/\/glareone.eu\/pl\/produkt\/glareone-grid-do-czaszy-beauty-dish-50-softlight\/","og_site_name":"GlareOne","article_publisher":"https:\/\/www.facebook.com\/GlareOneLighting","article_modified_time":"2024-05-10T08:14:58+00:00","og_image":[{"width":1200,"height":1200,"url":"https:\/\/glareone.eu\/wp-content\/uploads\/2024\/04\/GlareOne-Grid-do-czaszy-Beaty-Dish-50-01.jpg","type":"image\/jpeg"}],"twitter_card":"summary_large_image","twitter_title":"GlareOne Grid do czaszy Beauty Dish 50 Softlight","twitter_misc":{"Szacowany czas czytania":"1 minuta"},"schema":{"@context":"https:\/\/schema.org","@graph":[{"@type":"WebPage","@id":"https:\/\/glareone.eu\/pl\/produkt\/glareone-grid-do-czaszy-beauty-dish-50-softlight\/","url":"https:\/\/glareone.eu\/pl\/produkt\/glareone-grid-do-czaszy-beauty-dish-50-softlight\/","name":"GlareOne Grid do czaszy Beauty Dish 50 Softlight","isPartOf":{"@id":"https:\/\/glareone.eu\/pl\/en\/#website"},"primaryImageOfPage":{"@id":"https:\/\/glareone.eu\/pl\/produkt\/glareone-grid-do-czaszy-beauty-dish-50-softlight\/#primaryimage"},"image":{"@id":"https:\/\/glareone.eu\/pl\/produkt\/glareone-grid-do-czaszy-beauty-dish-50-softlight\/#primaryimage"},"thumbnailUrl":"https:\/\/glareone.eu\/wp-content\/uploads\/2024\/04\/GlareOne-Grid-do-czaszy-Beaty-Dish-50-01.jpg","datePublished":"2024-04-18T19:26:29+00:00","dateModified":"2024-05-10T08:14:58+00:00","description":"GlareOne Grid do czaszy Beauty Dish 50 Softlight","breadcrumb":{"@id":"https:\/\/glareone.eu\/pl\/produkt\/glareone-grid-do-czaszy-beauty-dish-50-softlight\/#breadcrumb"},"inLanguage":"pl-PL","potentialAction":[{"@type":"ReadAction","target":["https:\/\/glareone.eu\/pl\/produkt\/glareone-grid-do-czaszy-beauty-dish-50-softlight\/"]}]},{"@type":"ImageObject","inLanguage":"pl-PL","@id":"https:\/\/glareone.eu\/pl\/produkt\/glareone-grid-do-czaszy-beauty-dish-50-softlight\/#primaryimage","url":"https:\/\/glareone.eu\/wp-content\/uploads\/2024\/04\/GlareOne-Grid-do-czaszy-Beaty-Dish-50-01.jpg","contentUrl":"https:\/\/glareone.eu\/wp-content\/uploads\/2024\/04\/GlareOne-Grid-do-czaszy-Beaty-Dish-50-01.jpg","width":1200,"height":1200},{"@type":"BreadcrumbList","@id":"https:\/\/glareone.eu\/pl\/produkt\/glareone-grid-do-czaszy-beauty-dish-50-softlight\/#breadcrumb","itemListElement":[{"@type":"ListItem","position":1,"name":"Strona g\u0142\u00f3wna","item":"https:\/\/glareone.eu\/pl\/"},{"@type":"ListItem","position":2,"name":"Wszystkie produkty","item":"https:\/\/glareone.eu\/pl\/produkty\/wszystkie-produkty\/"},{"@type":"ListItem","position":3,"name":"GlareOne Grid do czaszy Beauty Dish 50 Softlight"}]},{"@type":"WebSite","@id":"https:\/\/glareone.eu\/pl\/en\/#website","url":"https:\/\/glareone.eu\/pl\/en\/","name":"GlareOne","description":"Wyposa\u017cenie Studia","publisher":{"@id":"https:\/\/glareone.eu\/pl\/en\/#organization"},"potentialAction":[{"@type":"SearchAction","target":{"@type":"EntryPoint","urlTemplate":"https:\/\/glareone.eu\/pl\/en\/?s={search_term_string}"},"query-input":{"@type":"PropertyValueSpecification","valueRequired":true,"valueName":"search_term_string"}}],"inLanguage":"pl-PL"},{"@type":"Organization","@id":"https:\/\/glareone.eu\/pl\/en\/#organization","name":"GlareOne","url":"https:\/\/glareone.eu\/pl\/en\/","logo":{"@type":"ImageObject","inLanguage":"pl-PL","@id":"https:\/\/glareone.eu\/pl\/en\/#\/schema\/logo\/image\/","url":"http:\/\/glareone.eu\/wp-content\/uploads\/2024\/05\/glareone_logo2020_RGB-01-e1715773127189.png","contentUrl":"http:\/\/glareone.eu\/wp-content\/uploads\/2024\/05\/glareone_logo2020_RGB-01-e1715773127189.png","width":1270,"height":321,"caption":"GlareOne"},"image":{"@id":"https:\/\/glareone.eu\/pl\/en\/#\/schema\/logo\/image\/"},"sameAs":["https:\/\/www.facebook.com\/GlareOneLighting","https:\/\/www.instagram.com\/glareonelighting\/","https:\/\/www.youtube.com\/@GlareOneTV"]}]}},"_links":{"self":[{"href":"https:\/\/glareone.eu\/pl\/wp-json\/wp\/v2\/product\/1015","targetHints":{"allow":["GET"]}}],"collection":[{"href":"https:\/\/glareone.eu\/pl\/wp-json\/wp\/v2\/product"}],"about":[{"href":"https:\/\/glareone.eu\/pl\/wp-json\/wp\/v2\/types\/product"}],"wp:featuredmedia":[{"embeddable":true,"href":"https:\/\/glareone.eu\/pl\/wp-json\/wp\/v2\/media\/7878"}],"wp:attachment":[{"href":"https:\/\/glareone.eu\/pl\/wp-json\/wp\/v2\/media?parent=1015"}],"wp:term":[{"taxonomy":"product_brand","embeddable":true,"href":"https:\/\/glareone.eu\/pl\/wp-json\/wp\/v2\/product_brand?post=1015"},{"taxonomy":"product_cat","embeddable":true,"href":"https:\/\/glareone.eu\/pl\/wp-json\/wp\/v2\/product_cat?post=1015"},{"taxonomy":"product_tag","embeddable":true,"href":"https:\/\/glareone.eu\/pl\/wp-json\/wp\/v2\/product_tag?post=1015"}],"curies":[{"name":"wp","href":"https:\/\/api.w.org\/{rel}","templated":true}]}}