{"id":1013,"date":"2024-04-18T19:26:29","date_gmt":"2024-04-18T19:26:29","guid":{"rendered":"http:\/\/glareone.eu\/produkt\/glareone-led-cube-60-namiot-bezcieniowy-z-oswietleniem-led\/"},"modified":"2024-05-06T11:16:52","modified_gmt":"2024-05-06T11:16:52","slug":"glareone-led-cube-60-namiot-bezcieniowy-z-oswietleniem-led","status":"publish","type":"product","link":"https:\/\/glareone.eu\/pl\/produkt\/glareone-led-cube-60-namiot-bezcieniowy-z-oswietleniem-led\/","title":{"rendered":"GlareOne LED Cube 60 &#8211; namiot bezcieniowy z o\u015bwietleniem LED"},"content":{"rendered":"<p>Sk\u0142adany namiot o wymiarach 60 x 60 cm do fotografii produktowej, wyposa\u017cony w o\u015bwietlenie LED, zestaw czterech te\u0142 oraz zintegrowany pokrowiec.<\/p>\n<h3>Prosty w u\u017cyciu<\/h3>\n<p>LED Cube to kompletny zestaw do fotografii produktowej niewielkich przedmiot\u00f3w, kt\u00f3ry w prosty spos\u00f3b pozwala uzyska\u0107 wyra\u017ane i dobrze na\u015bwietlone zdj\u0119cia. Namiot ma zintegrowane o\u015bwietlenie LED, dzi\u0119ki czemu mo\u017ce by\u0107 bez przeszk\u00f3d u\u017cywany wraz z aparatami fotograficznymi lub smartfonami. Nie jest wymagane stosowanie dodatkowych lamp czy te\u017c dyfuzor\u00f3w, poniewa\u017c wszystkie niezb\u0119dne elementy znajduj\u0105 si\u0119 w zestawie. W \u015bcianki namiotu wszyto na sta\u0142e pr\u0119ty stela\u017ca, a ca\u0142o\u015b\u0107 \u0142\u0105czy si\u0119 za pomoc\u0105 rzep\u00f3w, dzi\u0119ki czemu przygotowanie LED Cube do pracy trwa dos\u0142ownie kilka sekund.<\/p>\n<h3>Por\u0119czny<\/h3>\n<p>LED Cube jest wykonany w taki spos\u00f3b, by da\u0142o si\u0119 go \u0142atwo z\u0142o\u017cy\u0107 i roz\u0142o\u017cy\u0107 w minimalnym czasie. Stela\u017c zaprojektowano tak, aby po odpi\u0119ciu rzep\u00f3w sk\u0142ada\u0142 si\u0119 jak koperta, dzi\u0119ki czemu w transporcie zajmuje bardzo ma\u0142o miejsca. W poszycie namiotu wszyto uchwyt do noszenia oraz siatkow\u0105 kiesze\u0144 na zasilacz i przew\u00f3d zasilaj\u0105cy.<\/p>\n<h3>U\u017cyteczny<\/h3>\n<p>Dzi\u0119ki temu, \u017ce LED Cube ma dwa okienka, przez kt\u00f3re mo\u017cna fotografowa\u0107 (z boku oraz z g\u00f3ry) mo\u017cliwe jest uzyskanie nie tylko dobrze o\u015bwietlonych fotografii, ale te\u017c ich urozmaicenie. Wn\u0119trze pokryte jest odbijaj\u0105cym \u015bwiat\u0142o srebrnym ekranem, przez co fotografowany obiekt jest r\u00f3wnomiernie o\u015bwietlony z ka\u017cdej strony. Dostarczane w zestawie t\u0142a s\u0105 wykonane z akrylu, dzi\u0119ki czemu s\u0105 wytrzyma\u0142e, \u0142atwe do przechowywania i wodoodporne, a ich monta\u017c wewn\u0105trz LED Cube odbywa si\u0119 przy pomocy rzep\u00f3w. Do kompletu do\u0142\u0105czony jest tak\u017ce bia\u0142y dyfuzor, kt\u00f3ry w razie konieczno\u015bci mo\u017cna zamontowa\u0107 poni\u017cej \u017ar\u00f3de\u0142 \u015bwiat\u0142a, aby je dodatkowo rozproszy\u0107 i zmi\u0119kczy\u0107.<\/p>\n<h3>Cechy produktu:<\/h3>\n<ul>\n<li>Idealnie sprawdzi si\u0119 do o\u015bwietlania niewielkich przedmiot\u00f3w.<\/li>\n<li>Jest bardzo \u0142atwy i szybki w monta\u017cu.<\/li>\n<li>Zintegrowane o\u015bwietlenie LED.<\/li>\n<li>Regulowana moc \u015bwiat\u0142a.<\/li>\n<li>Cztery akrylowe t\u0142a w zestawie.<\/li>\n<li>Niewielki rozmiar po z\u0142o\u017ceniu.<\/li>\n<\/ul>\n","protected":false},"excerpt":{"rendered":"<p>Sk\u0142adany namiot o wymiarach 60 x 60 cm do fotografii produktowej, wyposa\u017cony w o\u015bwietlenie LED, zestaw czterech te\u0142 oraz zintegrowany pokrowiec. Prosty w u\u017cyciu LED Cube to kompletny zestaw do fotografii produktowej niewielkich przedmiot\u00f3w, kt\u00f3ry w prosty spos\u00f3b pozwala uzyska\u0107 wyra\u017ane i dobrze na\u015bwietlone zdj\u0119cia. Namiot ma zintegrowane o\u015bwietlenie LED, dzi\u0119ki czemu mo\u017ce by\u0107 bez [&hellip;]<\/p>\n","protected":false},"featured_media":5404,"template":"","meta":[],"product_brand":[],"product_cat":[446],"product_tag":[],"class_list":{"0":"post-1013","1":"product","2":"type-product","3":"status-publish","4":"has-post-thumbnail","6":"product_cat-fotografia-bezcieniowa","8":"first","9":"instock","10":"product-type-simple"},"yoast_head":"<!-- This site is optimized with the Yoast SEO plugin v27.2 - https:\/\/yoast.com\/product\/yoast-seo-wordpress\/ -->\n<title>GlareOne LED Cube 60 - namiot bezcieniowy z o\u015bwietleniem LED<\/title>\n<meta name=\"description\" content=\"GlareOne LED Cube 60 - namiot bezcieniowy z o\u015bwietleniem LED\" \/>\n<meta name=\"robots\" content=\"index, follow, max-snippet:-1, max-image-preview:large, max-video-preview:-1\" \/>\n<link rel=\"canonical\" href=\"https:\/\/glareone.eu\/pl\/produkt\/glareone-led-cube-60-namiot-bezcieniowy-z-oswietleniem-led\/\" \/>\n<meta property=\"og:locale\" content=\"pl_PL\" \/>\n<meta property=\"og:type\" content=\"article\" \/>\n<meta property=\"og:title\" content=\"GlareOne LED Cube 60 - namiot bezcieniowy z o\u015bwietleniem LED\" \/>\n<meta property=\"og:description\" content=\"GlareOne LED Cube 60 - namiot bezcieniowy z o\u015bwietleniem LED\" \/>\n<meta property=\"og:url\" content=\"https:\/\/glareone.eu\/pl\/produkt\/glareone-led-cube-60-namiot-bezcieniowy-z-oswietleniem-led\/\" \/>\n<meta property=\"og:site_name\" content=\"GlareOne\" \/>\n<meta property=\"article:publisher\" content=\"https:\/\/www.facebook.com\/GlareOneLighting\" \/>\n<meta property=\"article:modified_time\" content=\"2024-05-06T11:16:52+00:00\" \/>\n<meta property=\"og:image\" content=\"https:\/\/glareone.eu\/wp-content\/uploads\/2024\/04\/GlareOne-LED-Cube-60-01.jpg\" \/>\n\t<meta property=\"og:image:width\" content=\"1200\" \/>\n\t<meta property=\"og:image:height\" content=\"1200\" \/>\n\t<meta property=\"og:image:type\" content=\"image\/jpeg\" \/>\n<meta name=\"twitter:card\" content=\"summary_large_image\" \/>\n<meta name=\"twitter:title\" content=\"GlareOne LED Cube 60 - namiot bezcieniowy z o\u015bwietleniem LED\" \/>\n<meta name=\"twitter:label1\" content=\"Szacowany czas czytania\" \/>\n\t<meta name=\"twitter:data1\" content=\"2 minuty\" \/>\n<script type=\"application\/ld+json\" class=\"yoast-schema-graph\">{\"@context\":\"https:\/\/schema.org\",\"@graph\":[{\"@type\":\"WebPage\",\"@id\":\"https:\/\/glareone.eu\/pl\/produkt\/glareone-led-cube-60-namiot-bezcieniowy-z-oswietleniem-led\/\",\"url\":\"https:\/\/glareone.eu\/pl\/produkt\/glareone-led-cube-60-namiot-bezcieniowy-z-oswietleniem-led\/\",\"name\":\"GlareOne LED Cube 60 - namiot bezcieniowy z o\u015bwietleniem LED\",\"isPartOf\":{\"@id\":\"https:\/\/glareone.eu\/pl\/en\/#website\"},\"primaryImageOfPage\":{\"@id\":\"https:\/\/glareone.eu\/pl\/produkt\/glareone-led-cube-60-namiot-bezcieniowy-z-oswietleniem-led\/#primaryimage\"},\"image\":{\"@id\":\"https:\/\/glareone.eu\/pl\/produkt\/glareone-led-cube-60-namiot-bezcieniowy-z-oswietleniem-led\/#primaryimage\"},\"thumbnailUrl\":\"https:\/\/glareone.eu\/wp-content\/uploads\/2024\/04\/GlareOne-LED-Cube-60-01.jpg\",\"datePublished\":\"2024-04-18T19:26:29+00:00\",\"dateModified\":\"2024-05-06T11:16:52+00:00\",\"description\":\"GlareOne LED Cube 60 - namiot bezcieniowy z o\u015bwietleniem LED\",\"breadcrumb\":{\"@id\":\"https:\/\/glareone.eu\/pl\/produkt\/glareone-led-cube-60-namiot-bezcieniowy-z-oswietleniem-led\/#breadcrumb\"},\"inLanguage\":\"pl-PL\",\"potentialAction\":[{\"@type\":\"ReadAction\",\"target\":[\"https:\/\/glareone.eu\/pl\/produkt\/glareone-led-cube-60-namiot-bezcieniowy-z-oswietleniem-led\/\"]}]},{\"@type\":\"ImageObject\",\"inLanguage\":\"pl-PL\",\"@id\":\"https:\/\/glareone.eu\/pl\/produkt\/glareone-led-cube-60-namiot-bezcieniowy-z-oswietleniem-led\/#primaryimage\",\"url\":\"https:\/\/glareone.eu\/wp-content\/uploads\/2024\/04\/GlareOne-LED-Cube-60-01.jpg\",\"contentUrl\":\"https:\/\/glareone.eu\/wp-content\/uploads\/2024\/04\/GlareOne-LED-Cube-60-01.jpg\",\"width\":1200,\"height\":1200},{\"@type\":\"BreadcrumbList\",\"@id\":\"https:\/\/glareone.eu\/pl\/produkt\/glareone-led-cube-60-namiot-bezcieniowy-z-oswietleniem-led\/#breadcrumb\",\"itemListElement\":[{\"@type\":\"ListItem\",\"position\":1,\"name\":\"Strona g\u0142\u00f3wna\",\"item\":\"https:\/\/glareone.eu\/pl\/\"},{\"@type\":\"ListItem\",\"position\":2,\"name\":\"Wszystkie produkty\",\"item\":\"https:\/\/glareone.eu\/pl\/produkty\/wszystkie-produkty\/\"},{\"@type\":\"ListItem\",\"position\":3,\"name\":\"GlareOne LED Cube 60 &#8211; namiot bezcieniowy z o\u015bwietleniem LED\"}]},{\"@type\":\"WebSite\",\"@id\":\"https:\/\/glareone.eu\/pl\/en\/#website\",\"url\":\"https:\/\/glareone.eu\/pl\/en\/\",\"name\":\"GlareOne\",\"description\":\"Wyposa\u017cenie Studia\",\"publisher\":{\"@id\":\"https:\/\/glareone.eu\/pl\/en\/#organization\"},\"potentialAction\":[{\"@type\":\"SearchAction\",\"target\":{\"@type\":\"EntryPoint\",\"urlTemplate\":\"https:\/\/glareone.eu\/pl\/en\/?s={search_term_string}\"},\"query-input\":{\"@type\":\"PropertyValueSpecification\",\"valueRequired\":true,\"valueName\":\"search_term_string\"}}],\"inLanguage\":\"pl-PL\"},{\"@type\":\"Organization\",\"@id\":\"https:\/\/glareone.eu\/pl\/en\/#organization\",\"name\":\"GlareOne\",\"url\":\"https:\/\/glareone.eu\/pl\/en\/\",\"logo\":{\"@type\":\"ImageObject\",\"inLanguage\":\"pl-PL\",\"@id\":\"https:\/\/glareone.eu\/pl\/en\/#\/schema\/logo\/image\/\",\"url\":\"http:\/\/glareone.eu\/wp-content\/uploads\/2024\/05\/glareone_logo2020_RGB-01-e1715773127189.png\",\"contentUrl\":\"http:\/\/glareone.eu\/wp-content\/uploads\/2024\/05\/glareone_logo2020_RGB-01-e1715773127189.png\",\"width\":1270,\"height\":321,\"caption\":\"GlareOne\"},\"image\":{\"@id\":\"https:\/\/glareone.eu\/pl\/en\/#\/schema\/logo\/image\/\"},\"sameAs\":[\"https:\/\/www.facebook.com\/GlareOneLighting\",\"https:\/\/www.instagram.com\/glareonelighting\/\",\"https:\/\/www.youtube.com\/@GlareOneTV\"]}]}<\/script>\n<!-- \/ Yoast SEO plugin. -->","yoast_head_json":{"title":"GlareOne LED Cube 60 - namiot bezcieniowy z o\u015bwietleniem LED","description":"GlareOne LED Cube 60 - namiot bezcieniowy z o\u015bwietleniem LED","robots":{"index":"index","follow":"follow","max-snippet":"max-snippet:-1","max-image-preview":"max-image-preview:large","max-video-preview":"max-video-preview:-1"},"canonical":"https:\/\/glareone.eu\/pl\/produkt\/glareone-led-cube-60-namiot-bezcieniowy-z-oswietleniem-led\/","og_locale":"pl_PL","og_type":"article","og_title":"GlareOne LED Cube 60 - namiot bezcieniowy z o\u015bwietleniem LED","og_description":"GlareOne LED Cube 60 - namiot bezcieniowy z o\u015bwietleniem LED","og_url":"https:\/\/glareone.eu\/pl\/produkt\/glareone-led-cube-60-namiot-bezcieniowy-z-oswietleniem-led\/","og_site_name":"GlareOne","article_publisher":"https:\/\/www.facebook.com\/GlareOneLighting","article_modified_time":"2024-05-06T11:16:52+00:00","og_image":[{"width":1200,"height":1200,"url":"https:\/\/glareone.eu\/wp-content\/uploads\/2024\/04\/GlareOne-LED-Cube-60-01.jpg","type":"image\/jpeg"}],"twitter_card":"summary_large_image","twitter_title":"GlareOne LED Cube 60 - namiot bezcieniowy z o\u015bwietleniem LED","twitter_misc":{"Szacowany czas czytania":"2 minuty"},"schema":{"@context":"https:\/\/schema.org","@graph":[{"@type":"WebPage","@id":"https:\/\/glareone.eu\/pl\/produkt\/glareone-led-cube-60-namiot-bezcieniowy-z-oswietleniem-led\/","url":"https:\/\/glareone.eu\/pl\/produkt\/glareone-led-cube-60-namiot-bezcieniowy-z-oswietleniem-led\/","name":"GlareOne LED Cube 60 - namiot bezcieniowy z o\u015bwietleniem LED","isPartOf":{"@id":"https:\/\/glareone.eu\/pl\/en\/#website"},"primaryImageOfPage":{"@id":"https:\/\/glareone.eu\/pl\/produkt\/glareone-led-cube-60-namiot-bezcieniowy-z-oswietleniem-led\/#primaryimage"},"image":{"@id":"https:\/\/glareone.eu\/pl\/produkt\/glareone-led-cube-60-namiot-bezcieniowy-z-oswietleniem-led\/#primaryimage"},"thumbnailUrl":"https:\/\/glareone.eu\/wp-content\/uploads\/2024\/04\/GlareOne-LED-Cube-60-01.jpg","datePublished":"2024-04-18T19:26:29+00:00","dateModified":"2024-05-06T11:16:52+00:00","description":"GlareOne LED Cube 60 - namiot bezcieniowy z o\u015bwietleniem LED","breadcrumb":{"@id":"https:\/\/glareone.eu\/pl\/produkt\/glareone-led-cube-60-namiot-bezcieniowy-z-oswietleniem-led\/#breadcrumb"},"inLanguage":"pl-PL","potentialAction":[{"@type":"ReadAction","target":["https:\/\/glareone.eu\/pl\/produkt\/glareone-led-cube-60-namiot-bezcieniowy-z-oswietleniem-led\/"]}]},{"@type":"ImageObject","inLanguage":"pl-PL","@id":"https:\/\/glareone.eu\/pl\/produkt\/glareone-led-cube-60-namiot-bezcieniowy-z-oswietleniem-led\/#primaryimage","url":"https:\/\/glareone.eu\/wp-content\/uploads\/2024\/04\/GlareOne-LED-Cube-60-01.jpg","contentUrl":"https:\/\/glareone.eu\/wp-content\/uploads\/2024\/04\/GlareOne-LED-Cube-60-01.jpg","width":1200,"height":1200},{"@type":"BreadcrumbList","@id":"https:\/\/glareone.eu\/pl\/produkt\/glareone-led-cube-60-namiot-bezcieniowy-z-oswietleniem-led\/#breadcrumb","itemListElement":[{"@type":"ListItem","position":1,"name":"Strona g\u0142\u00f3wna","item":"https:\/\/glareone.eu\/pl\/"},{"@type":"ListItem","position":2,"name":"Wszystkie produkty","item":"https:\/\/glareone.eu\/pl\/produkty\/wszystkie-produkty\/"},{"@type":"ListItem","position":3,"name":"GlareOne LED Cube 60 &#8211; namiot bezcieniowy z o\u015bwietleniem LED"}]},{"@type":"WebSite","@id":"https:\/\/glareone.eu\/pl\/en\/#website","url":"https:\/\/glareone.eu\/pl\/en\/","name":"GlareOne","description":"Wyposa\u017cenie Studia","publisher":{"@id":"https:\/\/glareone.eu\/pl\/en\/#organization"},"potentialAction":[{"@type":"SearchAction","target":{"@type":"EntryPoint","urlTemplate":"https:\/\/glareone.eu\/pl\/en\/?s={search_term_string}"},"query-input":{"@type":"PropertyValueSpecification","valueRequired":true,"valueName":"search_term_string"}}],"inLanguage":"pl-PL"},{"@type":"Organization","@id":"https:\/\/glareone.eu\/pl\/en\/#organization","name":"GlareOne","url":"https:\/\/glareone.eu\/pl\/en\/","logo":{"@type":"ImageObject","inLanguage":"pl-PL","@id":"https:\/\/glareone.eu\/pl\/en\/#\/schema\/logo\/image\/","url":"http:\/\/glareone.eu\/wp-content\/uploads\/2024\/05\/glareone_logo2020_RGB-01-e1715773127189.png","contentUrl":"http:\/\/glareone.eu\/wp-content\/uploads\/2024\/05\/glareone_logo2020_RGB-01-e1715773127189.png","width":1270,"height":321,"caption":"GlareOne"},"image":{"@id":"https:\/\/glareone.eu\/pl\/en\/#\/schema\/logo\/image\/"},"sameAs":["https:\/\/www.facebook.com\/GlareOneLighting","https:\/\/www.instagram.com\/glareonelighting\/","https:\/\/www.youtube.com\/@GlareOneTV"]}]}},"_links":{"self":[{"href":"https:\/\/glareone.eu\/pl\/wp-json\/wp\/v2\/product\/1013","targetHints":{"allow":["GET"]}}],"collection":[{"href":"https:\/\/glareone.eu\/pl\/wp-json\/wp\/v2\/product"}],"about":[{"href":"https:\/\/glareone.eu\/pl\/wp-json\/wp\/v2\/types\/product"}],"wp:featuredmedia":[{"embeddable":true,"href":"https:\/\/glareone.eu\/pl\/wp-json\/wp\/v2\/media\/5404"}],"wp:attachment":[{"href":"https:\/\/glareone.eu\/pl\/wp-json\/wp\/v2\/media?parent=1013"}],"wp:term":[{"taxonomy":"product_brand","embeddable":true,"href":"https:\/\/glareone.eu\/pl\/wp-json\/wp\/v2\/product_brand?post=1013"},{"taxonomy":"product_cat","embeddable":true,"href":"https:\/\/glareone.eu\/pl\/wp-json\/wp\/v2\/product_cat?post=1013"},{"taxonomy":"product_tag","embeddable":true,"href":"https:\/\/glareone.eu\/pl\/wp-json\/wp\/v2\/product_tag?post=1013"}],"curies":[{"name":"wp","href":"https:\/\/api.w.org\/{rel}","templated":true}]}}