{"id":8226,"date":"2024-05-10T11:43:22","date_gmt":"2024-05-10T11:43:22","guid":{"rendered":"http:\/\/glareone.eu\/?page_id=8226"},"modified":"2024-07-05T06:13:29","modified_gmt":"2024-07-05T06:13:29","slug":"inne-softboxy","status":"publish","type":"page","link":"https:\/\/glareone.eu\/pl\/produkty\/modyfikatory-swiatla\/softboxy\/inne-softboxy\/","title":{"rendered":"Inne softboxy"},"content":{"rendered":"<div id='av_section_1'  class='avia-section av-363no8-e7bcc5cdc03c8a195b552d93ac9c1dd2 alternate_color avia-section-default avia-no-border-styling  avia-builder-el-0  el_before_av_two_third  avia-builder-el-first  avia-bg-style-scroll container_wrap fullsize'  ><div class='container av-section-cont-open' ><main  role=\"main\" itemprop=\"mainContentOfPage\"  class='template-page content  av-content-full alpha units'><div class='post-entry post-entry-type-page post-entry-8226'><div class='entry-content-wrapper clearfix'>\n<div  class='flex_column av-1rw0ry-bea76e6eae6a4e5f4a58aa49434699e5 av_one_full  avia-builder-el-1  el_before_av_productgrid  avia-builder-el-first  first flex_column_div  '     ><style type=\"text\/css\" data-created_by=\"avia_inline_auto\" id=\"style-css-av-luzojory-de407e612ac44eabfe103762863f482f\">\n#top .av-special-heading.av-luzojory-de407e612ac44eabfe103762863f482f{\npadding-bottom:10px;\n}\nbody .av-special-heading.av-luzojory-de407e612ac44eabfe103762863f482f .av-special-heading-tag .heading-char{\nfont-size:25px;\n}\n.av-special-heading.av-luzojory-de407e612ac44eabfe103762863f482f .av-subheading{\nfont-size:15px;\n}\n<\/style>\n<div  class='av-special-heading av-luzojory-de407e612ac44eabfe103762863f482f av-special-heading-h2 blockquote modern-quote modern-centered  avia-builder-el-2  avia-builder-el-no-sibling '><h2 class='av-special-heading-tag'  itemprop=\"headline\"  >Inne softboxy<\/h2><div class=\"special-heading-border\"><div class=\"special-heading-inner-border\"><\/div><\/div><\/div><\/div><div  class='avia-product-slider-container av-lvxiutrh-84eab3eec3f56772d1c76bbc8eb65d42 template-shop avia-content-slider avia-content-grid-active shop_columns_4  avia-builder-el-3  el_after_av_one_full  avia-builder-el-last  avia-content-slider-even  avia-builder-el-3  el_after_av_one_full  avia-builder-el-last  av-slideshow-ui av-slider-hover-pause av-slideshow-manual av-loop-once av-loop-manual-endless avia-product-slider1' data-slideshow-options=\"{&quot;animation&quot;:&quot;fade&quot;,&quot;autoplay&quot;:false,&quot;loop_autoplay&quot;:&quot;once&quot;,&quot;interval&quot;:5,&quot;loop_manual&quot;:&quot;manual-endless&quot;,&quot;autoplay_stopper&quot;:false,&quot;noNavigation&quot;:false,&quot;bg_slider&quot;:false,&quot;keep_padding&quot;:false,&quot;hoverpause&quot;:true,&quot;show_slide_delay&quot;:0}\"><div class=\"product-sorting\"><ul class=\"sort-param sort-param-order\"><li><span class='currently-selected'>Wy\u015bwietlaj <strong>Domy\u015blny<\/strong><\/span><ul><li class=\"current-param\"><a href='?avia_extended_shop_select=yes&product_order=default' rel=\"nofollow\"><span class='avia-bullet'><\/span>Domy\u015blny<\/a><\/li><li><a href='?avia_extended_shop_select=yes&product_order=menu_order' rel=\"nofollow\"><span class='avia-bullet'><\/span>Niestandardowy<\/a><\/li><li><a href='?avia_extended_shop_select=yes&product_order=title' rel=\"nofollow\"><span class='avia-bullet'><\/span>Nazwa<\/a><\/li><li><a href='?avia_extended_shop_select=yes&product_order=price' rel=\"nofollow\"><span class='avia-bullet'><\/span>cena<\/a><\/li><li><a href='?avia_extended_shop_select=yes&product_order=date' rel=\"nofollow\"><span class='avia-bullet'><\/span>Data<\/a><\/li><li><a href='?avia_extended_shop_select=yes&product_order=popularity' rel=\"nofollow\"><span class='avia-bullet'><\/span>Popularno\u015b\u0107 (sprzeda\u017c)<\/a><\/li><li><a href='?avia_extended_shop_select=yes&product_order=rating' rel=\"nofollow\"><span class='avia-bullet'><\/span>\u015arednia ocena<\/a><\/li><li><a href='?avia_extended_shop_select=yes&product_order=relevance' rel=\"nofollow\"><span class='avia-bullet'><\/span>Trafno\u015b\u0107<\/a><\/li><li><a href='?avia_extended_shop_select=yes&product_order=rand' rel=\"nofollow\"><span class='avia-bullet'><\/span>Losowo<\/a><\/li><li><a href='?avia_extended_shop_select=yes&product_order=id' rel=\"nofollow\"><span class='avia-bullet'><\/span>ID produktu<\/a><\/li><\/ul><\/li><\/ul><\/div><div class='avia-content-slider-inner'><ul class=\"products\"><li class=\"product type-product post-873 status-publish first instock product_cat-inne-softboxy has-post-thumbnail product-type-simple\">\n\t<div class='inner_product main_color wrapped_style noLightbox  av-product-class-'><a href=\"https:\/\/glareone.eu\/pl\/produkt\/glareone-parasolka-softbox-110cm\/\" class=\"woocommerce-LoopProduct-link woocommerce-loop-product__link\"><div class=\"thumbnail_container\"><img decoding=\"async\" loading=\"lazy\" width=\"300\" height=\"300\" src=\"https:\/\/glareone.eu\/wp-content\/uploads\/2024\/04\/SUMBSOFT110-300x300.jpg\" class=\"wp-image-8263 avia-img-lazy-loading-8263 attachment-woocommerce_thumbnail size-woocommerce_thumbnail wp-post-image\" alt=\"\" srcset=\"https:\/\/glareone.eu\/wp-content\/uploads\/2024\/04\/SUMBSOFT110-300x300.jpg 300w, https:\/\/glareone.eu\/wp-content\/uploads\/2024\/04\/SUMBSOFT110-80x80.jpg 80w, https:\/\/glareone.eu\/wp-content\/uploads\/2024\/04\/SUMBSOFT110-768x768.jpg 768w, https:\/\/glareone.eu\/wp-content\/uploads\/2024\/04\/SUMBSOFT110-36x36.jpg 36w, https:\/\/glareone.eu\/wp-content\/uploads\/2024\/04\/SUMBSOFT110-180x180.jpg 180w, https:\/\/glareone.eu\/wp-content\/uploads\/2024\/04\/SUMBSOFT110-705x705.jpg 705w, https:\/\/glareone.eu\/wp-content\/uploads\/2024\/04\/SUMBSOFT110-120x120.jpg 120w, https:\/\/glareone.eu\/wp-content\/uploads\/2024\/04\/SUMBSOFT110-450x450.jpg 450w, https:\/\/glareone.eu\/wp-content\/uploads\/2024\/04\/SUMBSOFT110-600x600.jpg 600w, https:\/\/glareone.eu\/wp-content\/uploads\/2024\/04\/SUMBSOFT110-100x100.jpg 100w, https:\/\/glareone.eu\/wp-content\/uploads\/2024\/04\/SUMBSOFT110.jpg 1000w\" sizes=\"auto, (max-width: 300px) 100vw, 300px\" \/><span class=\"cart-loading\"><\/span><\/div><div class='inner_product_header'><div class='avia-arrow'><\/div><div class='inner_product_header_table'><div class='inner_product_header_cell'><h2 class=\"woocommerce-loop-product__title\">GlareOne Parasolka \u2013 softbox 110cm<\/h2>\n<\/div><\/div><\/div><\/a><div class='avia_cart_buttons '><a href=\"https:\/\/glareone.eu\/pl\/produkt\/glareone-parasolka-softbox-110cm\/\" aria-describedby=\"woocommerce_loop_add_to_cart_link_describedby_873\" data-quantity=\"1\" class=\"button product_type_simple\" data-product_id=\"873\" data-product_sku=\"SUMBSOFT110\" aria-label=\"Przeczytaj wi\u0119cej o &bdquo;GlareOne Parasolka \u2013 softbox 110cm&rdquo;\" rel=\"nofollow\" data-success_message=\"\"><span aria-hidden='true' data-av_icon='\ue859' data-av_iconfont='entypo-fontello'><\/span> Dowiedz si\u0119 wi\u0119cej<\/a>\t<span id=\"woocommerce_loop_add_to_cart_link_describedby_873\" class=\"screen-reader-text\">\n\t\t\t<\/span>\n<a class=\"button show_details_button\" href=\"https:\/\/glareone.eu\/pl\/produkt\/glareone-parasolka-softbox-110cm\/\"><span aria-hidden='true' data-av_icon='\ue84b' data-av_iconfont='entypo-fontello'><\/span>  Szczeg\u00f3\u0142y<\/a> <span class=\"button-mini-delimiter\"><\/span><\/div><\/div><\/li>\n<li class=\"product type-product post-872 status-publish instock product_cat-inne-softboxy has-post-thumbnail product-type-simple\">\n\t<div class='inner_product main_color wrapped_style noLightbox  av-product-class-'><a href=\"https:\/\/glareone.eu\/pl\/produkt\/glareone-parasolka-softbox-90cm\/\" class=\"woocommerce-LoopProduct-link woocommerce-loop-product__link\"><div class=\"thumbnail_container\"><img decoding=\"async\" loading=\"lazy\" width=\"300\" height=\"300\" src=\"https:\/\/glareone.eu\/wp-content\/uploads\/2024\/04\/SUMBSOFT90-300x300.jpg\" class=\"wp-image-8252 avia-img-lazy-loading-8252 attachment-woocommerce_thumbnail size-woocommerce_thumbnail wp-post-image\" alt=\"\" srcset=\"https:\/\/glareone.eu\/wp-content\/uploads\/2024\/04\/SUMBSOFT90-300x300.jpg 300w, https:\/\/glareone.eu\/wp-content\/uploads\/2024\/04\/SUMBSOFT90-80x80.jpg 80w, https:\/\/glareone.eu\/wp-content\/uploads\/2024\/04\/SUMBSOFT90-768x768.jpg 768w, https:\/\/glareone.eu\/wp-content\/uploads\/2024\/04\/SUMBSOFT90-36x36.jpg 36w, https:\/\/glareone.eu\/wp-content\/uploads\/2024\/04\/SUMBSOFT90-180x180.jpg 180w, https:\/\/glareone.eu\/wp-content\/uploads\/2024\/04\/SUMBSOFT90-705x705.jpg 705w, https:\/\/glareone.eu\/wp-content\/uploads\/2024\/04\/SUMBSOFT90-120x120.jpg 120w, https:\/\/glareone.eu\/wp-content\/uploads\/2024\/04\/SUMBSOFT90-450x450.jpg 450w, https:\/\/glareone.eu\/wp-content\/uploads\/2024\/04\/SUMBSOFT90-600x600.jpg 600w, https:\/\/glareone.eu\/wp-content\/uploads\/2024\/04\/SUMBSOFT90-100x100.jpg 100w, https:\/\/glareone.eu\/wp-content\/uploads\/2024\/04\/SUMBSOFT90.jpg 1000w\" sizes=\"auto, (max-width: 300px) 100vw, 300px\" \/><span class=\"cart-loading\"><\/span><\/div><div class='inner_product_header'><div class='avia-arrow'><\/div><div class='inner_product_header_table'><div class='inner_product_header_cell'><h2 class=\"woocommerce-loop-product__title\">GlareOne Parasolka \u2013 softbox 90cm<\/h2>\n<\/div><\/div><\/div><\/a><div class='avia_cart_buttons '><a href=\"https:\/\/glareone.eu\/pl\/produkt\/glareone-parasolka-softbox-90cm\/\" aria-describedby=\"woocommerce_loop_add_to_cart_link_describedby_872\" data-quantity=\"1\" class=\"button product_type_simple\" data-product_id=\"872\" data-product_sku=\"SUMBSOFT90\" aria-label=\"Przeczytaj wi\u0119cej o &bdquo;GlareOne Parasolka \u2013 softbox 90cm&rdquo;\" rel=\"nofollow\" data-success_message=\"\"><span aria-hidden='true' data-av_icon='\ue859' data-av_iconfont='entypo-fontello'><\/span> Dowiedz si\u0119 wi\u0119cej<\/a>\t<span id=\"woocommerce_loop_add_to_cart_link_describedby_872\" class=\"screen-reader-text\">\n\t\t\t<\/span>\n<a class=\"button show_details_button\" href=\"https:\/\/glareone.eu\/pl\/produkt\/glareone-parasolka-softbox-90cm\/\"><span aria-hidden='true' data-av_icon='\ue84b' data-av_iconfont='entypo-fontello'><\/span>  Szczeg\u00f3\u0142y<\/a> <span class=\"button-mini-delimiter\"><\/span><\/div><\/div><\/li>\n<li class=\"product type-product post-931 status-publish instock product_cat-inne-softboxy has-post-thumbnail product-type-simple\">\n\t<div class='inner_product main_color wrapped_style noLightbox  av-product-class-'><a href=\"https:\/\/glareone.eu\/pl\/produkt\/glareone-softbox-parasolkowy-80x120\/\" class=\"woocommerce-LoopProduct-link woocommerce-loop-product__link\"><div class=\"thumbnail_container\"><img decoding=\"async\" loading=\"lazy\" width=\"300\" height=\"300\" src=\"https:\/\/glareone.eu\/wp-content\/uploads\/2024\/04\/SERSOFT80X120_001-300x300.jpg\" class=\"wp-image-8324 avia-img-lazy-loading-8324 attachment-woocommerce_thumbnail size-woocommerce_thumbnail wp-post-image\" alt=\"\" srcset=\"https:\/\/glareone.eu\/wp-content\/uploads\/2024\/04\/SERSOFT80X120_001-300x300.jpg 300w, https:\/\/glareone.eu\/wp-content\/uploads\/2024\/04\/SERSOFT80X120_001-80x80.jpg 80w, https:\/\/glareone.eu\/wp-content\/uploads\/2024\/04\/SERSOFT80X120_001-768x768.jpg 768w, https:\/\/glareone.eu\/wp-content\/uploads\/2024\/04\/SERSOFT80X120_001-36x36.jpg 36w, https:\/\/glareone.eu\/wp-content\/uploads\/2024\/04\/SERSOFT80X120_001-180x180.jpg 180w, https:\/\/glareone.eu\/wp-content\/uploads\/2024\/04\/SERSOFT80X120_001-705x705.jpg 705w, https:\/\/glareone.eu\/wp-content\/uploads\/2024\/04\/SERSOFT80X120_001-120x120.jpg 120w, https:\/\/glareone.eu\/wp-content\/uploads\/2024\/04\/SERSOFT80X120_001-450x450.jpg 450w, https:\/\/glareone.eu\/wp-content\/uploads\/2024\/04\/SERSOFT80X120_001-600x600.jpg 600w, https:\/\/glareone.eu\/wp-content\/uploads\/2024\/04\/SERSOFT80X120_001-100x100.jpg 100w, https:\/\/glareone.eu\/wp-content\/uploads\/2024\/04\/SERSOFT80X120_001.jpg 1000w\" sizes=\"auto, (max-width: 300px) 100vw, 300px\" \/><span class=\"cart-loading\"><\/span><\/div><div class='inner_product_header'><div class='avia-arrow'><\/div><div class='inner_product_header_table'><div class='inner_product_header_cell'><h2 class=\"woocommerce-loop-product__title\">GlareOne Softbox Parasolkowy 80&#215;120 do lamp reporterskich<\/h2>\n<\/div><\/div><\/div><\/a><div class='avia_cart_buttons '><a href=\"https:\/\/glareone.eu\/pl\/produkt\/glareone-softbox-parasolkowy-80x120\/\" aria-describedby=\"woocommerce_loop_add_to_cart_link_describedby_931\" data-quantity=\"1\" class=\"button product_type_simple\" data-product_id=\"931\" data-product_sku=\"SERSOFT80X120\" aria-label=\"Przeczytaj wi\u0119cej o &bdquo;GlareOne Softbox Parasolkowy 80x120 do lamp reporterskich&rdquo;\" rel=\"nofollow\" data-success_message=\"\"><span aria-hidden='true' data-av_icon='\ue859' data-av_iconfont='entypo-fontello'><\/span> Dowiedz si\u0119 wi\u0119cej<\/a>\t<span id=\"woocommerce_loop_add_to_cart_link_describedby_931\" class=\"screen-reader-text\">\n\t\t\t<\/span>\n<a class=\"button show_details_button\" href=\"https:\/\/glareone.eu\/pl\/produkt\/glareone-softbox-parasolkowy-80x120\/\"><span aria-hidden='true' data-av_icon='\ue84b' data-av_iconfont='entypo-fontello'><\/span>  Szczeg\u00f3\u0142y<\/a> <span class=\"button-mini-delimiter\"><\/span><\/div><\/div><\/li>\n<\/ul><\/div><\/div><div class=\"clear\"><\/div>\n<\/div><\/div><\/main><!-- close content main element --><\/div><\/div><div id='after_section_1'  class='main_color av_default_container_wrap container_wrap fullsize'  ><div class='container av-section-cont-open' ><div class='template-page content  av-content-full alpha units'><div class='post-entry post-entry-type-page post-entry-8226'><div class='entry-content-wrapper clearfix'><div  class='flex_column av-45nl7t-ce8ed7fa967ac5a8dfcd62c1eaf5e49a av_two_third first flex_column_div  '     ><\/div><\/p>\n","protected":false},"excerpt":{"rendered":"","protected":false},"author":4,"featured_media":0,"parent":3369,"menu_order":0,"comment_status":"open","ping_status":"closed","template":"","meta":{"footnotes":""},"class_list":["post-8226","page","type-page","status-publish","hentry"],"yoast_head":"<!-- This site is optimized with the Yoast SEO plugin v27.2 - https:\/\/yoast.com\/product\/yoast-seo-wordpress\/ -->\n<title>Inne softboxy - GlareOne<\/title>\n<meta name=\"description\" content=\"Softboxy parasolkowe GlareOne \u0142\u0105cz\u0105 szybko\u015b\u0107 rozk\u0142adania i lekko\u015b\u0107 parasola z funkcjonalno\u015bciami softboxa.\" \/>\n<meta name=\"robots\" content=\"index, follow, max-snippet:-1, max-image-preview:large, max-video-preview:-1\" \/>\n<link rel=\"canonical\" href=\"https:\/\/glareone.eu\/pl\/produkty\/modyfikatory-swiatla\/softboxy\/inne-softboxy\/\" \/>\n<meta property=\"og:locale\" content=\"pl_PL\" \/>\n<meta property=\"og:type\" content=\"article\" \/>\n<meta property=\"og:title\" content=\"Inne softboxy - GlareOne\" \/>\n<meta property=\"og:description\" content=\"Softboxy parasolkowe GlareOne \u0142\u0105cz\u0105 szybko\u015b\u0107 rozk\u0142adania i lekko\u015b\u0107 parasola z funkcjonalno\u015bciami softboxa.\" \/>\n<meta property=\"og:url\" content=\"https:\/\/glareone.eu\/pl\/produkty\/modyfikatory-swiatla\/softboxy\/inne-softboxy\/\" \/>\n<meta property=\"og:site_name\" content=\"GlareOne\" \/>\n<meta property=\"article:publisher\" content=\"https:\/\/www.facebook.com\/GlareOneLighting\" \/>\n<meta property=\"article:modified_time\" content=\"2024-07-05T06:13:29+00:00\" \/>\n<meta name=\"twitter:card\" content=\"summary_large_image\" \/>\n<meta name=\"twitter:label1\" content=\"Szacowany czas czytania\" \/>\n\t<meta name=\"twitter:data1\" content=\"1 minuta\" \/>\n<script type=\"application\/ld+json\" class=\"yoast-schema-graph\">{\"@context\":\"https:\/\/schema.org\",\"@graph\":[{\"@type\":\"WebPage\",\"@id\":\"https:\/\/glareone.eu\/pl\/produkty\/modyfikatory-swiatla\/softboxy\/inne-softboxy\/\",\"url\":\"https:\/\/glareone.eu\/pl\/produkty\/modyfikatory-swiatla\/softboxy\/inne-softboxy\/\",\"name\":\"Inne softboxy - GlareOne\",\"isPartOf\":{\"@id\":\"https:\/\/glareone.eu\/pl\/en\/#website\"},\"datePublished\":\"2024-05-10T11:43:22+00:00\",\"dateModified\":\"2024-07-05T06:13:29+00:00\",\"description\":\"Softboxy parasolkowe GlareOne \u0142\u0105cz\u0105 szybko\u015b\u0107 rozk\u0142adania i lekko\u015b\u0107 parasola z funkcjonalno\u015bciami softboxa.\",\"breadcrumb\":{\"@id\":\"https:\/\/glareone.eu\/pl\/produkty\/modyfikatory-swiatla\/softboxy\/inne-softboxy\/#breadcrumb\"},\"inLanguage\":\"pl-PL\",\"potentialAction\":[{\"@type\":\"ReadAction\",\"target\":[\"https:\/\/glareone.eu\/pl\/produkty\/modyfikatory-swiatla\/softboxy\/inne-softboxy\/\"]}]},{\"@type\":\"BreadcrumbList\",\"@id\":\"https:\/\/glareone.eu\/pl\/produkty\/modyfikatory-swiatla\/softboxy\/inne-softboxy\/#breadcrumb\",\"itemListElement\":[{\"@type\":\"ListItem\",\"position\":1,\"name\":\"Strona g\u0142\u00f3wna\",\"item\":\"https:\/\/glareone.eu\/pl\/\"},{\"@type\":\"ListItem\",\"position\":2,\"name\":\"Produkty\",\"item\":\"https:\/\/glareone.eu\/pl\/produkty\/\"},{\"@type\":\"ListItem\",\"position\":3,\"name\":\"Modyfikatory \u015bwiat\u0142a\",\"item\":\"https:\/\/glareone.eu\/pl\/produkty\/modyfikatory-swiatla\/\"},{\"@type\":\"ListItem\",\"position\":4,\"name\":\"Softboxy\",\"item\":\"https:\/\/glareone.eu\/pl\/produkty\/modyfikatory-swiatla\/softboxy\/\"},{\"@type\":\"ListItem\",\"position\":5,\"name\":\"Inne softboxy\"}]},{\"@type\":\"WebSite\",\"@id\":\"https:\/\/glareone.eu\/pl\/en\/#website\",\"url\":\"https:\/\/glareone.eu\/pl\/en\/\",\"name\":\"GlareOne\",\"description\":\"Wyposa\u017cenie Studia\",\"publisher\":{\"@id\":\"https:\/\/glareone.eu\/pl\/en\/#organization\"},\"potentialAction\":[{\"@type\":\"SearchAction\",\"target\":{\"@type\":\"EntryPoint\",\"urlTemplate\":\"https:\/\/glareone.eu\/pl\/en\/?s={search_term_string}\"},\"query-input\":{\"@type\":\"PropertyValueSpecification\",\"valueRequired\":true,\"valueName\":\"search_term_string\"}}],\"inLanguage\":\"pl-PL\"},{\"@type\":\"Organization\",\"@id\":\"https:\/\/glareone.eu\/pl\/en\/#organization\",\"name\":\"GlareOne\",\"url\":\"https:\/\/glareone.eu\/pl\/en\/\",\"logo\":{\"@type\":\"ImageObject\",\"inLanguage\":\"pl-PL\",\"@id\":\"https:\/\/glareone.eu\/pl\/en\/#\/schema\/logo\/image\/\",\"url\":\"http:\/\/glareone.eu\/wp-content\/uploads\/2024\/05\/glareone_logo2020_RGB-01-e1715773127189.png\",\"contentUrl\":\"http:\/\/glareone.eu\/wp-content\/uploads\/2024\/05\/glareone_logo2020_RGB-01-e1715773127189.png\",\"width\":1270,\"height\":321,\"caption\":\"GlareOne\"},\"image\":{\"@id\":\"https:\/\/glareone.eu\/pl\/en\/#\/schema\/logo\/image\/\"},\"sameAs\":[\"https:\/\/www.facebook.com\/GlareOneLighting\",\"https:\/\/www.instagram.com\/glareonelighting\/\",\"https:\/\/www.youtube.com\/@GlareOneTV\"]}]}<\/script>\n<!-- \/ Yoast SEO plugin. -->","yoast_head_json":{"title":"Inne softboxy - GlareOne","description":"Softboxy parasolkowe GlareOne \u0142\u0105cz\u0105 szybko\u015b\u0107 rozk\u0142adania i lekko\u015b\u0107 parasola z funkcjonalno\u015bciami softboxa.","robots":{"index":"index","follow":"follow","max-snippet":"max-snippet:-1","max-image-preview":"max-image-preview:large","max-video-preview":"max-video-preview:-1"},"canonical":"https:\/\/glareone.eu\/pl\/produkty\/modyfikatory-swiatla\/softboxy\/inne-softboxy\/","og_locale":"pl_PL","og_type":"article","og_title":"Inne softboxy - GlareOne","og_description":"Softboxy parasolkowe GlareOne \u0142\u0105cz\u0105 szybko\u015b\u0107 rozk\u0142adania i lekko\u015b\u0107 parasola z funkcjonalno\u015bciami softboxa.","og_url":"https:\/\/glareone.eu\/pl\/produkty\/modyfikatory-swiatla\/softboxy\/inne-softboxy\/","og_site_name":"GlareOne","article_publisher":"https:\/\/www.facebook.com\/GlareOneLighting","article_modified_time":"2024-07-05T06:13:29+00:00","twitter_card":"summary_large_image","twitter_misc":{"Szacowany czas czytania":"1 minuta"},"schema":{"@context":"https:\/\/schema.org","@graph":[{"@type":"WebPage","@id":"https:\/\/glareone.eu\/pl\/produkty\/modyfikatory-swiatla\/softboxy\/inne-softboxy\/","url":"https:\/\/glareone.eu\/pl\/produkty\/modyfikatory-swiatla\/softboxy\/inne-softboxy\/","name":"Inne softboxy - GlareOne","isPartOf":{"@id":"https:\/\/glareone.eu\/pl\/en\/#website"},"datePublished":"2024-05-10T11:43:22+00:00","dateModified":"2024-07-05T06:13:29+00:00","description":"Softboxy parasolkowe GlareOne \u0142\u0105cz\u0105 szybko\u015b\u0107 rozk\u0142adania i lekko\u015b\u0107 parasola z funkcjonalno\u015bciami softboxa.","breadcrumb":{"@id":"https:\/\/glareone.eu\/pl\/produkty\/modyfikatory-swiatla\/softboxy\/inne-softboxy\/#breadcrumb"},"inLanguage":"pl-PL","potentialAction":[{"@type":"ReadAction","target":["https:\/\/glareone.eu\/pl\/produkty\/modyfikatory-swiatla\/softboxy\/inne-softboxy\/"]}]},{"@type":"BreadcrumbList","@id":"https:\/\/glareone.eu\/pl\/produkty\/modyfikatory-swiatla\/softboxy\/inne-softboxy\/#breadcrumb","itemListElement":[{"@type":"ListItem","position":1,"name":"Strona g\u0142\u00f3wna","item":"https:\/\/glareone.eu\/pl\/"},{"@type":"ListItem","position":2,"name":"Produkty","item":"https:\/\/glareone.eu\/pl\/produkty\/"},{"@type":"ListItem","position":3,"name":"Modyfikatory \u015bwiat\u0142a","item":"https:\/\/glareone.eu\/pl\/produkty\/modyfikatory-swiatla\/"},{"@type":"ListItem","position":4,"name":"Softboxy","item":"https:\/\/glareone.eu\/pl\/produkty\/modyfikatory-swiatla\/softboxy\/"},{"@type":"ListItem","position":5,"name":"Inne softboxy"}]},{"@type":"WebSite","@id":"https:\/\/glareone.eu\/pl\/en\/#website","url":"https:\/\/glareone.eu\/pl\/en\/","name":"GlareOne","description":"Wyposa\u017cenie Studia","publisher":{"@id":"https:\/\/glareone.eu\/pl\/en\/#organization"},"potentialAction":[{"@type":"SearchAction","target":{"@type":"EntryPoint","urlTemplate":"https:\/\/glareone.eu\/pl\/en\/?s={search_term_string}"},"query-input":{"@type":"PropertyValueSpecification","valueRequired":true,"valueName":"search_term_string"}}],"inLanguage":"pl-PL"},{"@type":"Organization","@id":"https:\/\/glareone.eu\/pl\/en\/#organization","name":"GlareOne","url":"https:\/\/glareone.eu\/pl\/en\/","logo":{"@type":"ImageObject","inLanguage":"pl-PL","@id":"https:\/\/glareone.eu\/pl\/en\/#\/schema\/logo\/image\/","url":"http:\/\/glareone.eu\/wp-content\/uploads\/2024\/05\/glareone_logo2020_RGB-01-e1715773127189.png","contentUrl":"http:\/\/glareone.eu\/wp-content\/uploads\/2024\/05\/glareone_logo2020_RGB-01-e1715773127189.png","width":1270,"height":321,"caption":"GlareOne"},"image":{"@id":"https:\/\/glareone.eu\/pl\/en\/#\/schema\/logo\/image\/"},"sameAs":["https:\/\/www.facebook.com\/GlareOneLighting","https:\/\/www.instagram.com\/glareonelighting\/","https:\/\/www.youtube.com\/@GlareOneTV"]}]}},"_links":{"self":[{"href":"https:\/\/glareone.eu\/pl\/wp-json\/wp\/v2\/pages\/8226","targetHints":{"allow":["GET"]}}],"collection":[{"href":"https:\/\/glareone.eu\/pl\/wp-json\/wp\/v2\/pages"}],"about":[{"href":"https:\/\/glareone.eu\/pl\/wp-json\/wp\/v2\/types\/page"}],"author":[{"embeddable":true,"href":"https:\/\/glareone.eu\/pl\/wp-json\/wp\/v2\/users\/4"}],"replies":[{"embeddable":true,"href":"https:\/\/glareone.eu\/pl\/wp-json\/wp\/v2\/comments?post=8226"}],"version-history":[{"count":3,"href":"https:\/\/glareone.eu\/pl\/wp-json\/wp\/v2\/pages\/8226\/revisions"}],"predecessor-version":[{"id":21207,"href":"https:\/\/glareone.eu\/pl\/wp-json\/wp\/v2\/pages\/8226\/revisions\/21207"}],"up":[{"embeddable":true,"href":"https:\/\/glareone.eu\/pl\/wp-json\/wp\/v2\/pages\/3369"}],"wp:attachment":[{"href":"https:\/\/glareone.eu\/pl\/wp-json\/wp\/v2\/media?parent=8226"}],"curies":[{"name":"wp","href":"https:\/\/api.w.org\/{rel}","templated":true}]}}