{"id":806,"date":"2024-04-14T15:29:46","date_gmt":"2024-04-14T15:29:46","guid":{"rendered":"http:\/\/glareone.eu\/?page_id=806"},"modified":"2025-02-04T08:14:45","modified_gmt":"2025-02-04T08:14:45","slug":"swiatlo-blyskowe","status":"publish","type":"page","link":"https:\/\/glareone.eu\/pl\/produkty\/swiatlo-blyskowe\/","title":{"rendered":"\u015awiat\u0142o b\u0142yskowe"},"content":{"rendered":"<div  class='flex_column av-1rw0ry-bea76e6eae6a4e5f4a58aa49434699e5 av_one_full  avia-builder-el-0  el_before_av_section  avia-builder-el-no-sibling  first flex_column_div  '     ><style type=\"text\/css\" data-created_by=\"avia_inline_auto\" id=\"style-css-av-luzojory-449061bb8e07294238aae85cb187d0ce\">\n#top .av-special-heading.av-luzojory-449061bb8e07294238aae85cb187d0ce{\npadding-bottom:10px;\n}\nbody .av-special-heading.av-luzojory-449061bb8e07294238aae85cb187d0ce .av-special-heading-tag .heading-char{\nfont-size:25px;\n}\n.av-special-heading.av-luzojory-449061bb8e07294238aae85cb187d0ce .av-subheading{\nfont-size:15px;\n}\n<\/style>\n<div  class='av-special-heading av-luzojory-449061bb8e07294238aae85cb187d0ce av-special-heading-h2 blockquote modern-quote modern-centered  avia-builder-el-1  avia-builder-el-no-sibling '><h2 class='av-special-heading-tag'  itemprop=\"headline\"  >\u015awiat\u0142o b\u0142yskowe<\/h2><div class=\"special-heading-border\"><div class=\"special-heading-inner-border\"><\/div><\/div><\/div><\/div>\n<\/div><\/div><\/div><!-- close content main div --><\/div><\/div><div id='homeproductcategorylist'  class='avia-section av-1lv8ri-94017da8535ef3245dc7c747be8a10d3 main_color avia-section-default avia-no-border-styling  avia-builder-el-2  el_after_av_one_full  avia-builder-el-last  avia-bg-style-scroll container_wrap fullsize'  ><div class='container av-section-cont-open' ><div class='template-page content  av-content-full alpha units'><div class='post-entry post-entry-type-page post-entry-806'><div class='entry-content-wrapper clearfix'>\n\n<style type=\"text\/css\" data-created_by=\"avia_inline_auto\" id=\"style-css-av-14rufy-fffc5f911753f61933687112e042b850\">\n.flex_column.av-14rufy-fffc5f911753f61933687112e042b850{\nwidth:49%;\n}\n<\/style>\n<div  class='flex_column av-14rufy-fffc5f911753f61933687112e042b850 av_one_half  avia-builder-el-3  el_before_av_one_half  avia-builder-el-first  categoryBox first flex_column_div  '     ><p>\n<style type=\"text\/css\" data-created_by=\"avia_inline_auto\" id=\"style-css-av-uotrq-39c252d0593ff88e3458d6a7e8aab71d\">\n.avia-image-container.av-uotrq-39c252d0593ff88e3458d6a7e8aab71d img.avia_image{\nbox-shadow:none;\n}\n.avia-image-container.av-uotrq-39c252d0593ff88e3458d6a7e8aab71d .av-image-caption-overlay-center{\ncolor:#ffffff;\n}\n<\/style>\n<div  class='avia-image-container av-uotrq-39c252d0593ff88e3458d6a7e8aab71d av-styling-no-styling av-img-linked avia-align-center  avia-builder-el-4  el_before_av_textblock  avia-builder-el-first  categoryBoxImage'   itemprop=\"image\" itemscope=\"itemscope\" itemtype=\"https:\/\/schema.org\/ImageObject\" ><div class=\"avia-image-container-inner\"><div class=\"avia-image-overlay-wrap\"><a href=\"https:\/\/glareone.eu\/pl\/produkty\/swiatlo-blyskowe\/lampy-blyskowe-studyjne\/\" class='avia_image '  aria-label='antares'><img decoding=\"async\" fetchpriority=\"high\" class='wp-image-3301 avia-img-lazy-loading-not-3301 avia_image ' src=\"https:\/\/glareone.eu\/wp-content\/uploads\/2024\/04\/antares.png\" alt='' title='antares'  height=\"283\" width=\"260\"  itemprop=\"thumbnailUrl\"  \/><\/a><\/div><\/div><\/div><br \/>\n<section  class='av_textblock_section av-luzok5ee-edc5bf8fc7356ab821438abfc93afa7e '   itemscope=\"itemscope\" itemtype=\"https:\/\/schema.org\/CreativeWork\" ><div class='avia_textblock categoryBoxTitle'  itemprop=\"text\" ><h3 style=\"text-align: center;\"><a href=\"\/pl\/produkty\/swiatlo-blyskowe\/lampy-blyskowe-studyjne\/\">Lampy b\u0142yskowe<\/a><br class=\"avia-permanent-lb\" \/><a href=\"\/pl\/produkty\/swiatlo-blyskowe\/lampy-blyskowe-studyjne\/\">studyjne<\/a><\/h3>\n<\/div><\/section><\/p><\/div>\n<style type=\"text\/css\" data-created_by=\"avia_inline_auto\" id=\"style-css-av-1dlsfi-74cecc04d08a0e2002a30d51d202a582\">\n.flex_column.av-1dlsfi-74cecc04d08a0e2002a30d51d202a582{\nwidth:49%;\nmargin-left:2%;\n}\n<\/style>\n<div  class='flex_column av-1dlsfi-74cecc04d08a0e2002a30d51d202a582 av_one_half  avia-builder-el-6  el_after_av_one_half  el_before_av_hr  categoryBox flex_column_div  '     ><p>\n<style type=\"text\/css\" data-created_by=\"avia_inline_auto\" id=\"style-css-av-1bah7a-63825f7094fcc0914a2f8d871857971c\">\n.avia-image-container.av-1bah7a-63825f7094fcc0914a2f8d871857971c img.avia_image{\nbox-shadow:none;\n}\n.avia-image-container.av-1bah7a-63825f7094fcc0914a2f8d871857971c .av-image-caption-overlay-center{\ncolor:#ffffff;\n}\n<\/style>\n<div  class='avia-image-container av-1bah7a-63825f7094fcc0914a2f8d871857971c av-styling-no-styling av-img-linked avia-align-center  avia-builder-el-7  el_before_av_textblock  avia-builder-el-first  categoryBoxImage'   itemprop=\"image\" itemscope=\"itemscope\" itemtype=\"https:\/\/schema.org\/ImageObject\" ><div class=\"avia-image-container-inner\"><div class=\"avia-image-overlay-wrap\"><a href=\"https:\/\/glareone.eu\/pl\/produkty\/swiatlo-blyskowe\/lampy-blyskowe-akumulatorowe\/\" class='avia_image '  aria-label='botis 80'><img decoding=\"async\" fetchpriority=\"high\" class='wp-image-14581 avia-img-lazy-loading-not-14581 avia_image ' src=\"https:\/\/glareone.eu\/wp-content\/uploads\/2025\/02\/botis-80.png\" alt='' title='botis 80'  height=\"283\" width=\"260\"  itemprop=\"thumbnailUrl\"  \/><\/a><\/div><\/div><\/div><br \/>\n<section  class='av_textblock_section av-m6q7fnsa-82c9b04e60ba2acf0cad25f764a9db16 '   itemscope=\"itemscope\" itemtype=\"https:\/\/schema.org\/CreativeWork\" ><div class='avia_textblock categoryBoxTitle'  itemprop=\"text\" ><h3 style=\"text-align: center;\"><a href=\"\/pl\/produkty\/swiatlo-blyskowe\/lampy-blyskowe-akumulatorowe\/\">Lampy b\u0142yskowe<\/a><br class=\"avia-permanent-lb\" \/><a href=\"\/pl\/produkty\/swiatlo-blyskowe\/lampy-blyskowe-akumulatorowe\/\">akumulatorowe<\/a><\/h3>\n<\/div><\/section><\/p><\/div><div  class='hr av-90tiu-f4432d6c644b201406f7d77a4683df01 hr-default  avia-builder-el-9  el_after_av_one_half  avia-builder-el-last '><span class='hr-inner '><span class=\"hr-inner-style\"><\/span><\/span><\/div>\n\n","protected":false},"excerpt":{"rendered":"","protected":false},"author":4,"featured_media":0,"parent":812,"menu_order":0,"comment_status":"open","ping_status":"closed","template":"","meta":{"footnotes":""},"class_list":["post-806","page","type-page","status-publish","hentry"],"yoast_head":"<!-- This site is optimized with the Yoast SEO plugin v27.2 - https:\/\/yoast.com\/product\/yoast-seo-wordpress\/ -->\n<title>\u015awiat\u0142o b\u0142yskowe - GlareOne<\/title>\n<meta name=\"description\" content=\"Lampy b\u0142yskowe GlareOne dla pocz\u0105tkuj\u0105cych i do\u015bwiadczonych fotograf\u00f3w. Wyposa\u017cone w \u015bwiat\u0142o pilotuj\u0105ce i mocowanie typu Bowens.\" \/>\n<meta name=\"robots\" content=\"index, follow, max-snippet:-1, max-image-preview:large, max-video-preview:-1\" \/>\n<link rel=\"canonical\" href=\"https:\/\/glareone.eu\/pl\/produkty\/swiatlo-blyskowe\/\" \/>\n<meta property=\"og:locale\" content=\"pl_PL\" \/>\n<meta property=\"og:type\" content=\"article\" \/>\n<meta property=\"og:title\" content=\"\u015awiat\u0142o b\u0142yskowe - GlareOne\" \/>\n<meta property=\"og:description\" content=\"Lampy b\u0142yskowe GlareOne dla pocz\u0105tkuj\u0105cych i do\u015bwiadczonych fotograf\u00f3w. Wyposa\u017cone w \u015bwiat\u0142o pilotuj\u0105ce i mocowanie typu Bowens.\" \/>\n<meta property=\"og:url\" content=\"https:\/\/glareone.eu\/pl\/produkty\/swiatlo-blyskowe\/\" \/>\n<meta property=\"og:site_name\" content=\"GlareOne\" \/>\n<meta property=\"article:publisher\" content=\"https:\/\/www.facebook.com\/GlareOneLighting\" \/>\n<meta property=\"article:modified_time\" content=\"2025-02-04T08:14:45+00:00\" \/>\n<meta name=\"twitter:card\" content=\"summary_large_image\" \/>\n<meta name=\"twitter:label1\" content=\"Szacowany czas czytania\" \/>\n\t<meta name=\"twitter:data1\" content=\"1 minuta\" \/>\n<script type=\"application\/ld+json\" class=\"yoast-schema-graph\">{\"@context\":\"https:\/\/schema.org\",\"@graph\":[{\"@type\":\"WebPage\",\"@id\":\"https:\/\/glareone.eu\/pl\/produkty\/swiatlo-blyskowe\/\",\"url\":\"https:\/\/glareone.eu\/pl\/produkty\/swiatlo-blyskowe\/\",\"name\":\"\u015awiat\u0142o b\u0142yskowe - GlareOne\",\"isPartOf\":{\"@id\":\"https:\/\/glareone.eu\/pl\/en\/#website\"},\"datePublished\":\"2024-04-14T15:29:46+00:00\",\"dateModified\":\"2025-02-04T08:14:45+00:00\",\"description\":\"Lampy b\u0142yskowe GlareOne dla pocz\u0105tkuj\u0105cych i do\u015bwiadczonych fotograf\u00f3w. Wyposa\u017cone w \u015bwiat\u0142o pilotuj\u0105ce i mocowanie typu Bowens.\",\"breadcrumb\":{\"@id\":\"https:\/\/glareone.eu\/pl\/produkty\/swiatlo-blyskowe\/#breadcrumb\"},\"inLanguage\":\"pl-PL\",\"potentialAction\":[{\"@type\":\"ReadAction\",\"target\":[\"https:\/\/glareone.eu\/pl\/produkty\/swiatlo-blyskowe\/\"]}]},{\"@type\":\"BreadcrumbList\",\"@id\":\"https:\/\/glareone.eu\/pl\/produkty\/swiatlo-blyskowe\/#breadcrumb\",\"itemListElement\":[{\"@type\":\"ListItem\",\"position\":1,\"name\":\"Strona g\u0142\u00f3wna\",\"item\":\"https:\/\/glareone.eu\/pl\/\"},{\"@type\":\"ListItem\",\"position\":2,\"name\":\"Produkty\",\"item\":\"https:\/\/glareone.eu\/pl\/produkty\/\"},{\"@type\":\"ListItem\",\"position\":3,\"name\":\"\u015awiat\u0142o b\u0142yskowe\"}]},{\"@type\":\"WebSite\",\"@id\":\"https:\/\/glareone.eu\/pl\/en\/#website\",\"url\":\"https:\/\/glareone.eu\/pl\/en\/\",\"name\":\"GlareOne\",\"description\":\"Wyposa\u017cenie Studia\",\"publisher\":{\"@id\":\"https:\/\/glareone.eu\/pl\/en\/#organization\"},\"potentialAction\":[{\"@type\":\"SearchAction\",\"target\":{\"@type\":\"EntryPoint\",\"urlTemplate\":\"https:\/\/glareone.eu\/pl\/en\/?s={search_term_string}\"},\"query-input\":{\"@type\":\"PropertyValueSpecification\",\"valueRequired\":true,\"valueName\":\"search_term_string\"}}],\"inLanguage\":\"pl-PL\"},{\"@type\":\"Organization\",\"@id\":\"https:\/\/glareone.eu\/pl\/en\/#organization\",\"name\":\"GlareOne\",\"url\":\"https:\/\/glareone.eu\/pl\/en\/\",\"logo\":{\"@type\":\"ImageObject\",\"inLanguage\":\"pl-PL\",\"@id\":\"https:\/\/glareone.eu\/pl\/en\/#\/schema\/logo\/image\/\",\"url\":\"http:\/\/glareone.eu\/wp-content\/uploads\/2024\/05\/glareone_logo2020_RGB-01-e1715773127189.png\",\"contentUrl\":\"http:\/\/glareone.eu\/wp-content\/uploads\/2024\/05\/glareone_logo2020_RGB-01-e1715773127189.png\",\"width\":1270,\"height\":321,\"caption\":\"GlareOne\"},\"image\":{\"@id\":\"https:\/\/glareone.eu\/pl\/en\/#\/schema\/logo\/image\/\"},\"sameAs\":[\"https:\/\/www.facebook.com\/GlareOneLighting\",\"https:\/\/www.instagram.com\/glareonelighting\/\",\"https:\/\/www.youtube.com\/@GlareOneTV\"]}]}<\/script>\n<!-- \/ Yoast SEO plugin. -->","yoast_head_json":{"title":"\u015awiat\u0142o b\u0142yskowe - GlareOne","description":"Lampy b\u0142yskowe GlareOne dla pocz\u0105tkuj\u0105cych i do\u015bwiadczonych fotograf\u00f3w. Wyposa\u017cone w \u015bwiat\u0142o pilotuj\u0105ce i mocowanie typu Bowens.","robots":{"index":"index","follow":"follow","max-snippet":"max-snippet:-1","max-image-preview":"max-image-preview:large","max-video-preview":"max-video-preview:-1"},"canonical":"https:\/\/glareone.eu\/pl\/produkty\/swiatlo-blyskowe\/","og_locale":"pl_PL","og_type":"article","og_title":"\u015awiat\u0142o b\u0142yskowe - GlareOne","og_description":"Lampy b\u0142yskowe GlareOne dla pocz\u0105tkuj\u0105cych i do\u015bwiadczonych fotograf\u00f3w. Wyposa\u017cone w \u015bwiat\u0142o pilotuj\u0105ce i mocowanie typu Bowens.","og_url":"https:\/\/glareone.eu\/pl\/produkty\/swiatlo-blyskowe\/","og_site_name":"GlareOne","article_publisher":"https:\/\/www.facebook.com\/GlareOneLighting","article_modified_time":"2025-02-04T08:14:45+00:00","twitter_card":"summary_large_image","twitter_misc":{"Szacowany czas czytania":"1 minuta"},"schema":{"@context":"https:\/\/schema.org","@graph":[{"@type":"WebPage","@id":"https:\/\/glareone.eu\/pl\/produkty\/swiatlo-blyskowe\/","url":"https:\/\/glareone.eu\/pl\/produkty\/swiatlo-blyskowe\/","name":"\u015awiat\u0142o b\u0142yskowe - GlareOne","isPartOf":{"@id":"https:\/\/glareone.eu\/pl\/en\/#website"},"datePublished":"2024-04-14T15:29:46+00:00","dateModified":"2025-02-04T08:14:45+00:00","description":"Lampy b\u0142yskowe GlareOne dla pocz\u0105tkuj\u0105cych i do\u015bwiadczonych fotograf\u00f3w. Wyposa\u017cone w \u015bwiat\u0142o pilotuj\u0105ce i mocowanie typu Bowens.","breadcrumb":{"@id":"https:\/\/glareone.eu\/pl\/produkty\/swiatlo-blyskowe\/#breadcrumb"},"inLanguage":"pl-PL","potentialAction":[{"@type":"ReadAction","target":["https:\/\/glareone.eu\/pl\/produkty\/swiatlo-blyskowe\/"]}]},{"@type":"BreadcrumbList","@id":"https:\/\/glareone.eu\/pl\/produkty\/swiatlo-blyskowe\/#breadcrumb","itemListElement":[{"@type":"ListItem","position":1,"name":"Strona g\u0142\u00f3wna","item":"https:\/\/glareone.eu\/pl\/"},{"@type":"ListItem","position":2,"name":"Produkty","item":"https:\/\/glareone.eu\/pl\/produkty\/"},{"@type":"ListItem","position":3,"name":"\u015awiat\u0142o b\u0142yskowe"}]},{"@type":"WebSite","@id":"https:\/\/glareone.eu\/pl\/en\/#website","url":"https:\/\/glareone.eu\/pl\/en\/","name":"GlareOne","description":"Wyposa\u017cenie Studia","publisher":{"@id":"https:\/\/glareone.eu\/pl\/en\/#organization"},"potentialAction":[{"@type":"SearchAction","target":{"@type":"EntryPoint","urlTemplate":"https:\/\/glareone.eu\/pl\/en\/?s={search_term_string}"},"query-input":{"@type":"PropertyValueSpecification","valueRequired":true,"valueName":"search_term_string"}}],"inLanguage":"pl-PL"},{"@type":"Organization","@id":"https:\/\/glareone.eu\/pl\/en\/#organization","name":"GlareOne","url":"https:\/\/glareone.eu\/pl\/en\/","logo":{"@type":"ImageObject","inLanguage":"pl-PL","@id":"https:\/\/glareone.eu\/pl\/en\/#\/schema\/logo\/image\/","url":"http:\/\/glareone.eu\/wp-content\/uploads\/2024\/05\/glareone_logo2020_RGB-01-e1715773127189.png","contentUrl":"http:\/\/glareone.eu\/wp-content\/uploads\/2024\/05\/glareone_logo2020_RGB-01-e1715773127189.png","width":1270,"height":321,"caption":"GlareOne"},"image":{"@id":"https:\/\/glareone.eu\/pl\/en\/#\/schema\/logo\/image\/"},"sameAs":["https:\/\/www.facebook.com\/GlareOneLighting","https:\/\/www.instagram.com\/glareonelighting\/","https:\/\/www.youtube.com\/@GlareOneTV"]}]}},"_links":{"self":[{"href":"https:\/\/glareone.eu\/pl\/wp-json\/wp\/v2\/pages\/806","targetHints":{"allow":["GET"]}}],"collection":[{"href":"https:\/\/glareone.eu\/pl\/wp-json\/wp\/v2\/pages"}],"about":[{"href":"https:\/\/glareone.eu\/pl\/wp-json\/wp\/v2\/types\/page"}],"author":[{"embeddable":true,"href":"https:\/\/glareone.eu\/pl\/wp-json\/wp\/v2\/users\/4"}],"replies":[{"embeddable":true,"href":"https:\/\/glareone.eu\/pl\/wp-json\/wp\/v2\/comments?post=806"}],"version-history":[{"count":14,"href":"https:\/\/glareone.eu\/pl\/wp-json\/wp\/v2\/pages\/806\/revisions"}],"predecessor-version":[{"id":14591,"href":"https:\/\/glareone.eu\/pl\/wp-json\/wp\/v2\/pages\/806\/revisions\/14591"}],"up":[{"embeddable":true,"href":"https:\/\/glareone.eu\/pl\/wp-json\/wp\/v2\/pages\/812"}],"wp:attachment":[{"href":"https:\/\/glareone.eu\/pl\/wp-json\/wp\/v2\/media?parent=806"}],"curies":[{"name":"wp","href":"https:\/\/api.w.org\/{rel}","templated":true}]}}