{"id":8028,"date":"2024-05-10T09:32:21","date_gmt":"2024-05-10T09:32:21","guid":{"rendered":"http:\/\/glareone.eu\/?page_id=8028"},"modified":"2024-07-05T06:15:40","modified_gmt":"2024-07-05T06:15:40","slug":"lampy-pierscieniowe","status":"publish","type":"page","link":"https:\/\/glareone.eu\/pl\/produkty\/swiatlo-ciagle-led\/lampy-pierscieniowe\/","title":{"rendered":"Lampy pier\u015bcieniowe"},"content":{"rendered":"<div id='av_section_1'  class='avia-section av-363no8-e7bcc5cdc03c8a195b552d93ac9c1dd2 alternate_color avia-section-default avia-no-border-styling  avia-builder-el-0  el_before_av_two_third  avia-builder-el-first  avia-bg-style-scroll container_wrap fullsize'  ><div class='container av-section-cont-open' ><main  role=\"main\" itemprop=\"mainContentOfPage\"  class='template-page content  av-content-full alpha units'><div class='post-entry post-entry-type-page post-entry-8028'><div class='entry-content-wrapper clearfix'>\n<div  class='flex_column av-1rw0ry-bea76e6eae6a4e5f4a58aa49434699e5 av_one_full  avia-builder-el-1  el_before_av_productgrid  avia-builder-el-first  first flex_column_div  '     ><style type=\"text\/css\" data-created_by=\"avia_inline_auto\" id=\"style-css-av-luzojory-1b4f2d15dc9ae4f767f99ecdc17789ee\">\n#top .av-special-heading.av-luzojory-1b4f2d15dc9ae4f767f99ecdc17789ee{\npadding-bottom:10px;\n}\nbody .av-special-heading.av-luzojory-1b4f2d15dc9ae4f767f99ecdc17789ee .av-special-heading-tag .heading-char{\nfont-size:25px;\n}\n.av-special-heading.av-luzojory-1b4f2d15dc9ae4f767f99ecdc17789ee .av-subheading{\nfont-size:15px;\n}\n<\/style>\n<div  class='av-special-heading av-luzojory-1b4f2d15dc9ae4f767f99ecdc17789ee av-special-heading-h2 blockquote modern-quote modern-centered  avia-builder-el-2  avia-builder-el-no-sibling '><h2 class='av-special-heading-tag'  itemprop=\"headline\"  >Lampy pier\u015bcieniowe<\/h2><div class=\"special-heading-border\"><div class=\"special-heading-inner-border\"><\/div><\/div><\/div><\/div><div  class='avia-product-slider-container av-lvxiutrh-87c764ade863d3f622ce5eca722bcb1a template-shop avia-content-slider avia-content-grid-active shop_columns_4  avia-builder-el-3  el_after_av_one_full  avia-builder-el-last  avia-content-slider-even  avia-builder-el-3  el_after_av_one_full  avia-builder-el-last  av-slideshow-ui av-slider-hover-pause av-slideshow-manual av-loop-once av-loop-manual-endless avia-product-slider1' data-slideshow-options=\"{&quot;animation&quot;:&quot;fade&quot;,&quot;autoplay&quot;:false,&quot;loop_autoplay&quot;:&quot;once&quot;,&quot;interval&quot;:5,&quot;loop_manual&quot;:&quot;manual-endless&quot;,&quot;autoplay_stopper&quot;:false,&quot;noNavigation&quot;:false,&quot;bg_slider&quot;:false,&quot;keep_padding&quot;:false,&quot;hoverpause&quot;:true,&quot;show_slide_delay&quot;:0}\"><div class=\"product-sorting\"><ul class=\"sort-param sort-param-order\"><li><span class='currently-selected'>Wy\u015bwietlaj <strong>Domy\u015blny<\/strong><\/span><ul><li class=\"current-param\"><a href='?avia_extended_shop_select=yes&product_order=default' rel=\"nofollow\"><span class='avia-bullet'><\/span>Domy\u015blny<\/a><\/li><li><a href='?avia_extended_shop_select=yes&product_order=menu_order' rel=\"nofollow\"><span class='avia-bullet'><\/span>Niestandardowy<\/a><\/li><li><a href='?avia_extended_shop_select=yes&product_order=title' rel=\"nofollow\"><span class='avia-bullet'><\/span>Nazwa<\/a><\/li><li><a href='?avia_extended_shop_select=yes&product_order=price' rel=\"nofollow\"><span class='avia-bullet'><\/span>cena<\/a><\/li><li><a href='?avia_extended_shop_select=yes&product_order=date' rel=\"nofollow\"><span class='avia-bullet'><\/span>Data<\/a><\/li><li><a href='?avia_extended_shop_select=yes&product_order=popularity' rel=\"nofollow\"><span class='avia-bullet'><\/span>Popularno\u015b\u0107 (sprzeda\u017c)<\/a><\/li><li><a href='?avia_extended_shop_select=yes&product_order=rating' rel=\"nofollow\"><span class='avia-bullet'><\/span>\u015arednia ocena<\/a><\/li><li><a href='?avia_extended_shop_select=yes&product_order=relevance' rel=\"nofollow\"><span class='avia-bullet'><\/span>Trafno\u015b\u0107<\/a><\/li><li><a href='?avia_extended_shop_select=yes&product_order=rand' rel=\"nofollow\"><span class='avia-bullet'><\/span>Losowo<\/a><\/li><li><a href='?avia_extended_shop_select=yes&product_order=id' rel=\"nofollow\"><span class='avia-bullet'><\/span>ID produktu<\/a><\/li><\/ul><\/li><\/ul><\/div><div class='avia-content-slider-inner'><ul class=\"products\"><li class=\"product type-product post-928 status-publish first instock product_cat-lampy-pierscieniowe has-post-thumbnail product-type-simple\">\n\t<div class='inner_product main_color wrapped_style noLightbox  av-product-class-'><a href=\"https:\/\/glareone.eu\/pl\/produkt\/glareone-led-60w-3000-6000k-ac-dc-lampa-pierscieniowa\/\" class=\"woocommerce-LoopProduct-link woocommerce-loop-product__link\"><div class=\"thumbnail_container\"><img decoding=\"async\" loading=\"lazy\" width=\"300\" height=\"300\" src=\"https:\/\/glareone.eu\/wp-content\/uploads\/2024\/04\/SRLED48_00-300x300.jpg\" class=\"wp-image-8102 avia-img-lazy-loading-8102 attachment-woocommerce_thumbnail size-woocommerce_thumbnail wp-post-image\" alt=\"\" srcset=\"https:\/\/glareone.eu\/wp-content\/uploads\/2024\/04\/SRLED48_00-300x300.jpg 300w, https:\/\/glareone.eu\/wp-content\/uploads\/2024\/04\/SRLED48_00-80x80.jpg 80w, https:\/\/glareone.eu\/wp-content\/uploads\/2024\/04\/SRLED48_00-768x768.jpg 768w, https:\/\/glareone.eu\/wp-content\/uploads\/2024\/04\/SRLED48_00-36x36.jpg 36w, https:\/\/glareone.eu\/wp-content\/uploads\/2024\/04\/SRLED48_00-180x180.jpg 180w, https:\/\/glareone.eu\/wp-content\/uploads\/2024\/04\/SRLED48_00-705x705.jpg 705w, https:\/\/glareone.eu\/wp-content\/uploads\/2024\/04\/SRLED48_00-120x120.jpg 120w, https:\/\/glareone.eu\/wp-content\/uploads\/2024\/04\/SRLED48_00-450x450.jpg 450w, https:\/\/glareone.eu\/wp-content\/uploads\/2024\/04\/SRLED48_00-600x600.jpg 600w, https:\/\/glareone.eu\/wp-content\/uploads\/2024\/04\/SRLED48_00-100x100.jpg 100w, https:\/\/glareone.eu\/wp-content\/uploads\/2024\/04\/SRLED48_00.jpg 1000w\" sizes=\"auto, (max-width: 300px) 100vw, 300px\" \/><span class=\"cart-loading\"><\/span><\/div><div class='inner_product_header'><div class='avia-arrow'><\/div><div class='inner_product_header_table'><div class='inner_product_header_cell'><h2 class=\"woocommerce-loop-product__title\">GlareOne LED 60W 3000-6000K AC \/ DC &#8211; lampa pier\u015bcieniowa<\/h2>\n<\/div><\/div><\/div><\/a><div class='avia_cart_buttons '><a href=\"https:\/\/glareone.eu\/pl\/produkt\/glareone-led-60w-3000-6000k-ac-dc-lampa-pierscieniowa\/\" aria-describedby=\"woocommerce_loop_add_to_cart_link_describedby_928\" data-quantity=\"1\" class=\"button product_type_simple\" data-product_id=\"928\" data-product_sku=\"SRLED48\" aria-label=\"Przeczytaj wi\u0119cej o &bdquo;GlareOne LED 60W 3000-6000K AC \/ DC - lampa pier\u015bcieniowa&rdquo;\" rel=\"nofollow\" data-success_message=\"\"><span aria-hidden='true' data-av_icon='\ue859' data-av_iconfont='entypo-fontello'><\/span> Dowiedz si\u0119 wi\u0119cej<\/a>\t<span id=\"woocommerce_loop_add_to_cart_link_describedby_928\" class=\"screen-reader-text\">\n\t\t\t<\/span>\n<a class=\"button show_details_button\" href=\"https:\/\/glareone.eu\/pl\/produkt\/glareone-led-60w-3000-6000k-ac-dc-lampa-pierscieniowa\/\"><span aria-hidden='true' data-av_icon='\ue84b' data-av_iconfont='entypo-fontello'><\/span>  Szczeg\u00f3\u0142y<\/a> <span class=\"button-mini-delimiter\"><\/span><\/div><\/div><\/li>\n<\/ul><\/div><\/div><div class=\"clear\"><\/div>\n<\/div><\/div><\/main><!-- close content main element --><\/div><\/div><div id='after_section_1'  class='main_color av_default_container_wrap container_wrap fullsize'  ><div class='container av-section-cont-open' ><div class='template-page content  av-content-full alpha units'><div class='post-entry post-entry-type-page post-entry-8028'><div class='entry-content-wrapper clearfix'><div  class='flex_column av-45nl7t-ce8ed7fa967ac5a8dfcd62c1eaf5e49a av_two_third first flex_column_div  '     ><\/div><\/p>\n","protected":false},"excerpt":{"rendered":"","protected":false},"author":4,"featured_media":0,"parent":3323,"menu_order":0,"comment_status":"open","ping_status":"closed","template":"","meta":{"footnotes":""},"class_list":["post-8028","page","type-page","status-publish","hentry"],"yoast_head":"<!-- This site is optimized with the Yoast SEO plugin v27.2 - https:\/\/yoast.com\/product\/yoast-seo-wordpress\/ -->\n<title>Lampy pier\u015bcieniowe - GlareOne<\/title>\n<meta name=\"description\" content=\"Lampy pier\u015bcieniowe \u015bwietnie sprawdz\u0105 si\u0119 w sesjach portretowych, produktowych i beauty. Zapewniaj\u0105 r\u00f3wnomierne, mi\u0119kkie \u015bwiat\u0142o.\" \/>\n<meta name=\"robots\" content=\"index, follow, max-snippet:-1, max-image-preview:large, max-video-preview:-1\" \/>\n<link rel=\"canonical\" href=\"https:\/\/glareone.eu\/pl\/produkty\/swiatlo-ciagle-led\/lampy-pierscieniowe\/\" \/>\n<meta property=\"og:locale\" content=\"pl_PL\" \/>\n<meta property=\"og:type\" content=\"article\" \/>\n<meta property=\"og:title\" content=\"Lampy pier\u015bcieniowe - GlareOne\" \/>\n<meta property=\"og:description\" content=\"Lampy pier\u015bcieniowe \u015bwietnie sprawdz\u0105 si\u0119 w sesjach portretowych, produktowych i beauty. Zapewniaj\u0105 r\u00f3wnomierne, mi\u0119kkie \u015bwiat\u0142o.\" \/>\n<meta property=\"og:url\" content=\"https:\/\/glareone.eu\/pl\/produkty\/swiatlo-ciagle-led\/lampy-pierscieniowe\/\" \/>\n<meta property=\"og:site_name\" content=\"GlareOne\" \/>\n<meta property=\"article:publisher\" content=\"https:\/\/www.facebook.com\/GlareOneLighting\" \/>\n<meta property=\"article:modified_time\" content=\"2024-07-05T06:15:40+00:00\" \/>\n<meta name=\"twitter:card\" content=\"summary_large_image\" \/>\n<meta name=\"twitter:label1\" content=\"Szacowany czas czytania\" \/>\n\t<meta name=\"twitter:data1\" content=\"1 minuta\" \/>\n<script type=\"application\/ld+json\" class=\"yoast-schema-graph\">{\"@context\":\"https:\/\/schema.org\",\"@graph\":[{\"@type\":\"WebPage\",\"@id\":\"https:\/\/glareone.eu\/pl\/produkty\/swiatlo-ciagle-led\/lampy-pierscieniowe\/\",\"url\":\"https:\/\/glareone.eu\/pl\/produkty\/swiatlo-ciagle-led\/lampy-pierscieniowe\/\",\"name\":\"Lampy pier\u015bcieniowe - GlareOne\",\"isPartOf\":{\"@id\":\"https:\/\/glareone.eu\/pl\/en\/#website\"},\"datePublished\":\"2024-05-10T09:32:21+00:00\",\"dateModified\":\"2024-07-05T06:15:40+00:00\",\"description\":\"Lampy pier\u015bcieniowe \u015bwietnie sprawdz\u0105 si\u0119 w sesjach portretowych, produktowych i beauty. Zapewniaj\u0105 r\u00f3wnomierne, mi\u0119kkie \u015bwiat\u0142o.\",\"breadcrumb\":{\"@id\":\"https:\/\/glareone.eu\/pl\/produkty\/swiatlo-ciagle-led\/lampy-pierscieniowe\/#breadcrumb\"},\"inLanguage\":\"pl-PL\",\"potentialAction\":[{\"@type\":\"ReadAction\",\"target\":[\"https:\/\/glareone.eu\/pl\/produkty\/swiatlo-ciagle-led\/lampy-pierscieniowe\/\"]}]},{\"@type\":\"BreadcrumbList\",\"@id\":\"https:\/\/glareone.eu\/pl\/produkty\/swiatlo-ciagle-led\/lampy-pierscieniowe\/#breadcrumb\",\"itemListElement\":[{\"@type\":\"ListItem\",\"position\":1,\"name\":\"Strona g\u0142\u00f3wna\",\"item\":\"https:\/\/glareone.eu\/pl\/\"},{\"@type\":\"ListItem\",\"position\":2,\"name\":\"Produkty\",\"item\":\"https:\/\/glareone.eu\/pl\/produkty\/\"},{\"@type\":\"ListItem\",\"position\":3,\"name\":\"\u015awiat\u0142o ci\u0105g\u0142e LED\",\"item\":\"https:\/\/glareone.eu\/pl\/produkty\/swiatlo-ciagle-led\/\"},{\"@type\":\"ListItem\",\"position\":4,\"name\":\"Lampy pier\u015bcieniowe\"}]},{\"@type\":\"WebSite\",\"@id\":\"https:\/\/glareone.eu\/pl\/en\/#website\",\"url\":\"https:\/\/glareone.eu\/pl\/en\/\",\"name\":\"GlareOne\",\"description\":\"Wyposa\u017cenie Studia\",\"publisher\":{\"@id\":\"https:\/\/glareone.eu\/pl\/en\/#organization\"},\"potentialAction\":[{\"@type\":\"SearchAction\",\"target\":{\"@type\":\"EntryPoint\",\"urlTemplate\":\"https:\/\/glareone.eu\/pl\/en\/?s={search_term_string}\"},\"query-input\":{\"@type\":\"PropertyValueSpecification\",\"valueRequired\":true,\"valueName\":\"search_term_string\"}}],\"inLanguage\":\"pl-PL\"},{\"@type\":\"Organization\",\"@id\":\"https:\/\/glareone.eu\/pl\/en\/#organization\",\"name\":\"GlareOne\",\"url\":\"https:\/\/glareone.eu\/pl\/en\/\",\"logo\":{\"@type\":\"ImageObject\",\"inLanguage\":\"pl-PL\",\"@id\":\"https:\/\/glareone.eu\/pl\/en\/#\/schema\/logo\/image\/\",\"url\":\"http:\/\/glareone.eu\/wp-content\/uploads\/2024\/05\/glareone_logo2020_RGB-01-e1715773127189.png\",\"contentUrl\":\"http:\/\/glareone.eu\/wp-content\/uploads\/2024\/05\/glareone_logo2020_RGB-01-e1715773127189.png\",\"width\":1270,\"height\":321,\"caption\":\"GlareOne\"},\"image\":{\"@id\":\"https:\/\/glareone.eu\/pl\/en\/#\/schema\/logo\/image\/\"},\"sameAs\":[\"https:\/\/www.facebook.com\/GlareOneLighting\",\"https:\/\/www.instagram.com\/glareonelighting\/\",\"https:\/\/www.youtube.com\/@GlareOneTV\"]}]}<\/script>\n<!-- \/ Yoast SEO plugin. -->","yoast_head_json":{"title":"Lampy pier\u015bcieniowe - GlareOne","description":"Lampy pier\u015bcieniowe \u015bwietnie sprawdz\u0105 si\u0119 w sesjach portretowych, produktowych i beauty. Zapewniaj\u0105 r\u00f3wnomierne, mi\u0119kkie \u015bwiat\u0142o.","robots":{"index":"index","follow":"follow","max-snippet":"max-snippet:-1","max-image-preview":"max-image-preview:large","max-video-preview":"max-video-preview:-1"},"canonical":"https:\/\/glareone.eu\/pl\/produkty\/swiatlo-ciagle-led\/lampy-pierscieniowe\/","og_locale":"pl_PL","og_type":"article","og_title":"Lampy pier\u015bcieniowe - GlareOne","og_description":"Lampy pier\u015bcieniowe \u015bwietnie sprawdz\u0105 si\u0119 w sesjach portretowych, produktowych i beauty. Zapewniaj\u0105 r\u00f3wnomierne, mi\u0119kkie \u015bwiat\u0142o.","og_url":"https:\/\/glareone.eu\/pl\/produkty\/swiatlo-ciagle-led\/lampy-pierscieniowe\/","og_site_name":"GlareOne","article_publisher":"https:\/\/www.facebook.com\/GlareOneLighting","article_modified_time":"2024-07-05T06:15:40+00:00","twitter_card":"summary_large_image","twitter_misc":{"Szacowany czas czytania":"1 minuta"},"schema":{"@context":"https:\/\/schema.org","@graph":[{"@type":"WebPage","@id":"https:\/\/glareone.eu\/pl\/produkty\/swiatlo-ciagle-led\/lampy-pierscieniowe\/","url":"https:\/\/glareone.eu\/pl\/produkty\/swiatlo-ciagle-led\/lampy-pierscieniowe\/","name":"Lampy pier\u015bcieniowe - GlareOne","isPartOf":{"@id":"https:\/\/glareone.eu\/pl\/en\/#website"},"datePublished":"2024-05-10T09:32:21+00:00","dateModified":"2024-07-05T06:15:40+00:00","description":"Lampy pier\u015bcieniowe \u015bwietnie sprawdz\u0105 si\u0119 w sesjach portretowych, produktowych i beauty. Zapewniaj\u0105 r\u00f3wnomierne, mi\u0119kkie \u015bwiat\u0142o.","breadcrumb":{"@id":"https:\/\/glareone.eu\/pl\/produkty\/swiatlo-ciagle-led\/lampy-pierscieniowe\/#breadcrumb"},"inLanguage":"pl-PL","potentialAction":[{"@type":"ReadAction","target":["https:\/\/glareone.eu\/pl\/produkty\/swiatlo-ciagle-led\/lampy-pierscieniowe\/"]}]},{"@type":"BreadcrumbList","@id":"https:\/\/glareone.eu\/pl\/produkty\/swiatlo-ciagle-led\/lampy-pierscieniowe\/#breadcrumb","itemListElement":[{"@type":"ListItem","position":1,"name":"Strona g\u0142\u00f3wna","item":"https:\/\/glareone.eu\/pl\/"},{"@type":"ListItem","position":2,"name":"Produkty","item":"https:\/\/glareone.eu\/pl\/produkty\/"},{"@type":"ListItem","position":3,"name":"\u015awiat\u0142o ci\u0105g\u0142e LED","item":"https:\/\/glareone.eu\/pl\/produkty\/swiatlo-ciagle-led\/"},{"@type":"ListItem","position":4,"name":"Lampy pier\u015bcieniowe"}]},{"@type":"WebSite","@id":"https:\/\/glareone.eu\/pl\/en\/#website","url":"https:\/\/glareone.eu\/pl\/en\/","name":"GlareOne","description":"Wyposa\u017cenie Studia","publisher":{"@id":"https:\/\/glareone.eu\/pl\/en\/#organization"},"potentialAction":[{"@type":"SearchAction","target":{"@type":"EntryPoint","urlTemplate":"https:\/\/glareone.eu\/pl\/en\/?s={search_term_string}"},"query-input":{"@type":"PropertyValueSpecification","valueRequired":true,"valueName":"search_term_string"}}],"inLanguage":"pl-PL"},{"@type":"Organization","@id":"https:\/\/glareone.eu\/pl\/en\/#organization","name":"GlareOne","url":"https:\/\/glareone.eu\/pl\/en\/","logo":{"@type":"ImageObject","inLanguage":"pl-PL","@id":"https:\/\/glareone.eu\/pl\/en\/#\/schema\/logo\/image\/","url":"http:\/\/glareone.eu\/wp-content\/uploads\/2024\/05\/glareone_logo2020_RGB-01-e1715773127189.png","contentUrl":"http:\/\/glareone.eu\/wp-content\/uploads\/2024\/05\/glareone_logo2020_RGB-01-e1715773127189.png","width":1270,"height":321,"caption":"GlareOne"},"image":{"@id":"https:\/\/glareone.eu\/pl\/en\/#\/schema\/logo\/image\/"},"sameAs":["https:\/\/www.facebook.com\/GlareOneLighting","https:\/\/www.instagram.com\/glareonelighting\/","https:\/\/www.youtube.com\/@GlareOneTV"]}]}},"_links":{"self":[{"href":"https:\/\/glareone.eu\/pl\/wp-json\/wp\/v2\/pages\/8028","targetHints":{"allow":["GET"]}}],"collection":[{"href":"https:\/\/glareone.eu\/pl\/wp-json\/wp\/v2\/pages"}],"about":[{"href":"https:\/\/glareone.eu\/pl\/wp-json\/wp\/v2\/types\/page"}],"author":[{"embeddable":true,"href":"https:\/\/glareone.eu\/pl\/wp-json\/wp\/v2\/users\/4"}],"replies":[{"embeddable":true,"href":"https:\/\/glareone.eu\/pl\/wp-json\/wp\/v2\/comments?post=8028"}],"version-history":[{"count":3,"href":"https:\/\/glareone.eu\/pl\/wp-json\/wp\/v2\/pages\/8028\/revisions"}],"predecessor-version":[{"id":22314,"href":"https:\/\/glareone.eu\/pl\/wp-json\/wp\/v2\/pages\/8028\/revisions\/22314"}],"up":[{"embeddable":true,"href":"https:\/\/glareone.eu\/pl\/wp-json\/wp\/v2\/pages\/3323"}],"wp:attachment":[{"href":"https:\/\/glareone.eu\/pl\/wp-json\/wp\/v2\/media?parent=8028"}],"curies":[{"name":"wp","href":"https:\/\/api.w.org\/{rel}","templated":true}]}}