{"id":6980,"date":"2024-05-08T08:37:47","date_gmt":"2024-05-08T08:37:47","guid":{"rendered":"http:\/\/glareone.eu\/?page_id=6980"},"modified":"2024-07-05T06:13:26","modified_gmt":"2024-07-05T06:13:26","slug":"parasole","status":"publish","type":"page","link":"https:\/\/glareone.eu\/pl\/produkty\/modyfikatory-swiatla\/parasole\/","title":{"rendered":"Parasole"},"content":{"rendered":"<div  class='flex_column av-1rw0ry-bea76e6eae6a4e5f4a58aa49434699e5 av_one_full  avia-builder-el-0  el_before_av_section  avia-builder-el-no-sibling  first flex_column_div  '     ><style type=\"text\/css\" data-created_by=\"avia_inline_auto\" id=\"style-css-av-luzojory-89a870be476920fbc6f7ffd1632b4d44\">\n#top .av-special-heading.av-luzojory-89a870be476920fbc6f7ffd1632b4d44{\npadding-bottom:10px;\n}\nbody .av-special-heading.av-luzojory-89a870be476920fbc6f7ffd1632b4d44 .av-special-heading-tag .heading-char{\nfont-size:25px;\n}\n.av-special-heading.av-luzojory-89a870be476920fbc6f7ffd1632b4d44 .av-subheading{\nfont-size:15px;\n}\n<\/style>\n<div  class='av-special-heading av-luzojory-89a870be476920fbc6f7ffd1632b4d44 av-special-heading-h2 blockquote modern-quote modern-centered  avia-builder-el-1  avia-builder-el-no-sibling '><h2 class='av-special-heading-tag'  itemprop=\"headline\"  >Parasole<\/h2><div class=\"special-heading-border\"><div class=\"special-heading-inner-border\"><\/div><\/div><\/div><\/div>\n<\/div><\/div><\/div><!-- close content main div --><\/div><\/div><div id='homeproductcategorylist'  class='avia-section av-1lv8ri-94017da8535ef3245dc7c747be8a10d3 main_color avia-section-default avia-no-border-styling  avia-builder-el-2  el_after_av_one_full  el_before_av_two_third  avia-bg-style-scroll container_wrap fullsize'  ><div class='container av-section-cont-open' ><div class='template-page content  av-content-full alpha units'><div class='post-entry post-entry-type-page post-entry-6980'><div class='entry-content-wrapper clearfix'>\n\n<style type=\"text\/css\" data-created_by=\"avia_inline_auto\" id=\"style-css-av-2taz6h-3151ec9b2090b434b1104cd21240d124\">\n.flex_column.av-2taz6h-3151ec9b2090b434b1104cd21240d124{\nwidth:49%;\n}\n<\/style>\n<div  class='flex_column av-2taz6h-3151ec9b2090b434b1104cd21240d124 av_one_half  avia-builder-el-3  el_before_av_one_half  avia-builder-el-first  categoryBox first flex_column_div  '     ><p>\n<style type=\"text\/css\" data-created_by=\"avia_inline_auto\" id=\"style-css-av-lvf5s63k-075fc20e1fcd4997550b297de9b33696\">\n.avia-image-container.av-lvf5s63k-075fc20e1fcd4997550b297de9b33696 img.avia_image{\nbox-shadow:none;\n}\n.avia-image-container.av-lvf5s63k-075fc20e1fcd4997550b297de9b33696 .av-image-caption-overlay-center{\ncolor:#ffffff;\n}\n<\/style>\n<div  class='avia-image-container av-lvf5s63k-075fc20e1fcd4997550b297de9b33696 av-styling-no-styling av-img-linked avia-align-center  avia-builder-el-4  el_before_av_textblock  avia-builder-el-first  categoryBoxImage'   itemprop=\"image\" itemscope=\"itemscope\" itemtype=\"https:\/\/schema.org\/ImageObject\" ><div class=\"avia-image-container-inner\"><div class=\"avia-image-overlay-wrap\"><a href=\"https:\/\/glareone.eu\/pl\/produkty\/modyfikatory-swiatla\/parasole\/parasole-klasyczne\/\" class='avia_image '  aria-label='parasol'><img decoding=\"async\" fetchpriority=\"high\" class='wp-image-7054 avia-img-lazy-loading-not-7054 avia_image ' src=\"https:\/\/glareone.eu\/wp-content\/uploads\/2024\/05\/parasol.png\" alt='' title='parasol'  height=\"283\" width=\"260\"  itemprop=\"thumbnailUrl\"  \/><\/a><\/div><\/div><\/div><br \/>\n<section  class='av_textblock_section av-lvf5hao8-eacdacdb29df53783c6ddf9ee4af3ae8 '   itemscope=\"itemscope\" itemtype=\"https:\/\/schema.org\/CreativeWork\" ><div class='avia_textblock categoryBoxTitle'  itemprop=\"text\" ><h3 style=\"text-align: center;\"><a href=\"\/pl\/produkty\/modyfikatory-swiatla\/parasole\/parasole-klasyczne\/\">Klasyczne<\/a><\/h3>\n<\/div><\/section><\/p><\/div>\n<style type=\"text\/css\" data-created_by=\"avia_inline_auto\" id=\"style-css-av-4yg6tg-35387ccc02ae66e977910eba78afb8b0\">\n.flex_column.av-4yg6tg-35387ccc02ae66e977910eba78afb8b0{\nwidth:49%;\nmargin-left:2%;\n}\n<\/style>\n<div  class='flex_column av-4yg6tg-35387ccc02ae66e977910eba78afb8b0 av_one_half  avia-builder-el-6  el_after_av_one_half  avia-builder-el-last  categoryBox flex_column_div  '     ><p>\n<style type=\"text\/css\" data-created_by=\"avia_inline_auto\" id=\"style-css-av-24xcqs-c4a60c851d9afa66a8924d5212cd8388\">\n.avia-image-container.av-24xcqs-c4a60c851d9afa66a8924d5212cd8388 img.avia_image{\nbox-shadow:none;\n}\n.avia-image-container.av-24xcqs-c4a60c851d9afa66a8924d5212cd8388 .av-image-caption-overlay-center{\ncolor:#ffffff;\n}\n<\/style>\n<div  class='avia-image-container av-24xcqs-c4a60c851d9afa66a8924d5212cd8388 av-styling-no-styling av-img-linked avia-align-center  avia-builder-el-7  el_before_av_textblock  avia-builder-el-first  categoryBoxImage'   itemprop=\"image\" itemscope=\"itemscope\" itemtype=\"https:\/\/schema.org\/ImageObject\" ><div class=\"avia-image-container-inner\"><div class=\"avia-image-overlay-wrap\"><a href=\"https:\/\/glareone.eu\/pl\/produkty\/modyfikatory-swiatla\/parasole\/orb\/\" class='avia_image '  aria-label='parasol orb'><img decoding=\"async\" fetchpriority=\"high\" class='wp-image-7058 avia-img-lazy-loading-not-7058 avia_image ' src=\"https:\/\/glareone.eu\/wp-content\/uploads\/2024\/05\/parasol-orb.png\" alt='' title='parasol orb'  height=\"283\" width=\"260\"  itemprop=\"thumbnailUrl\"  \/><\/a><\/div><\/div><\/div><br \/>\n<section  class='av_textblock_section av-lvxkgr2g-1fdf37c0097c62bfe9079cc158b00543 '   itemscope=\"itemscope\" itemtype=\"https:\/\/schema.org\/CreativeWork\" ><div class='avia_textblock categoryBoxTitle'  itemprop=\"text\" ><h3 style=\"text-align: center;\"><a href=\"\/pl\/produkty\/modyfikatory-swiatla\/parasole\/orb\/\">ORB<\/a><\/h3>\n<\/div><\/section><\/p><\/div><\/div><\/div><\/div><!-- close content main div --><\/div><\/div><div id='after_section_1'  class='main_color av_default_container_wrap container_wrap fullsize'  ><div class='container av-section-cont-open' ><div class='template-page content  av-content-full alpha units'><div class='post-entry post-entry-type-page post-entry-6980'><div class='entry-content-wrapper clearfix'><div  class='flex_column av-45nl7t-ce8ed7fa967ac5a8dfcd62c1eaf5e49a av_two_third  avia-builder-el-9  el_after_av_section  el_before_av_two_third  avia-builder-el-first  first flex_column_div  '     ><\/div><\/p>\n<div  class='flex_column av-2kbby1-db6fcae852f5f66235ff8451e24df2df av_two_third  avia-builder-el-10  el_after_av_two_third  avia-builder-el-last  first flex_column_div  column-top-margin'     ><\/div>\n","protected":false},"excerpt":{"rendered":"","protected":false},"author":4,"featured_media":0,"parent":3377,"menu_order":0,"comment_status":"open","ping_status":"closed","template":"","meta":{"footnotes":""},"class_list":["post-6980","page","type-page","status-publish","hentry"],"yoast_head":"<!-- This site is optimized with the Yoast SEO plugin v27.2 - https:\/\/yoast.com\/product\/yoast-seo-wordpress\/ -->\n<title>Parasole - GlareOne<\/title>\n<meta name=\"description\" content=\"Parasole GlareOne s\u0105 niezb\u0119dne w ka\u017cdym studiu fotograficznym. Skutecznie odbijaj\u0105 \u015bwiat\u0142o, do\u015bwietlaj\u0105c i wyostrzaj\u0105c kontury.\" \/>\n<meta name=\"robots\" content=\"index, follow, max-snippet:-1, max-image-preview:large, max-video-preview:-1\" \/>\n<link rel=\"canonical\" href=\"https:\/\/glareone.eu\/pl\/produkty\/modyfikatory-swiatla\/parasole\/\" \/>\n<meta property=\"og:locale\" content=\"pl_PL\" \/>\n<meta property=\"og:type\" content=\"article\" \/>\n<meta property=\"og:title\" content=\"Parasole - GlareOne\" \/>\n<meta property=\"og:description\" content=\"Parasole GlareOne s\u0105 niezb\u0119dne w ka\u017cdym studiu fotograficznym. Skutecznie odbijaj\u0105 \u015bwiat\u0142o, do\u015bwietlaj\u0105c i wyostrzaj\u0105c kontury.\" \/>\n<meta property=\"og:url\" content=\"https:\/\/glareone.eu\/pl\/produkty\/modyfikatory-swiatla\/parasole\/\" \/>\n<meta property=\"og:site_name\" content=\"GlareOne\" \/>\n<meta property=\"article:publisher\" content=\"https:\/\/www.facebook.com\/GlareOneLighting\" \/>\n<meta property=\"article:modified_time\" content=\"2024-07-05T06:13:26+00:00\" \/>\n<meta name=\"twitter:card\" content=\"summary_large_image\" \/>\n<meta name=\"twitter:label1\" content=\"Szacowany czas czytania\" \/>\n\t<meta name=\"twitter:data1\" content=\"1 minuta\" \/>\n<script type=\"application\/ld+json\" class=\"yoast-schema-graph\">{\"@context\":\"https:\/\/schema.org\",\"@graph\":[{\"@type\":\"WebPage\",\"@id\":\"https:\/\/glareone.eu\/pl\/produkty\/modyfikatory-swiatla\/parasole\/\",\"url\":\"https:\/\/glareone.eu\/pl\/produkty\/modyfikatory-swiatla\/parasole\/\",\"name\":\"Parasole - GlareOne\",\"isPartOf\":{\"@id\":\"https:\/\/glareone.eu\/pl\/en\/#website\"},\"datePublished\":\"2024-05-08T08:37:47+00:00\",\"dateModified\":\"2024-07-05T06:13:26+00:00\",\"description\":\"Parasole GlareOne s\u0105 niezb\u0119dne w ka\u017cdym studiu fotograficznym. Skutecznie odbijaj\u0105 \u015bwiat\u0142o, do\u015bwietlaj\u0105c i wyostrzaj\u0105c kontury.\",\"breadcrumb\":{\"@id\":\"https:\/\/glareone.eu\/pl\/produkty\/modyfikatory-swiatla\/parasole\/#breadcrumb\"},\"inLanguage\":\"pl-PL\",\"potentialAction\":[{\"@type\":\"ReadAction\",\"target\":[\"https:\/\/glareone.eu\/pl\/produkty\/modyfikatory-swiatla\/parasole\/\"]}]},{\"@type\":\"BreadcrumbList\",\"@id\":\"https:\/\/glareone.eu\/pl\/produkty\/modyfikatory-swiatla\/parasole\/#breadcrumb\",\"itemListElement\":[{\"@type\":\"ListItem\",\"position\":1,\"name\":\"Strona g\u0142\u00f3wna\",\"item\":\"https:\/\/glareone.eu\/pl\/\"},{\"@type\":\"ListItem\",\"position\":2,\"name\":\"Produkty\",\"item\":\"https:\/\/glareone.eu\/pl\/produkty\/\"},{\"@type\":\"ListItem\",\"position\":3,\"name\":\"Modyfikatory \u015bwiat\u0142a\",\"item\":\"https:\/\/glareone.eu\/pl\/produkty\/modyfikatory-swiatla\/\"},{\"@type\":\"ListItem\",\"position\":4,\"name\":\"Parasole\"}]},{\"@type\":\"WebSite\",\"@id\":\"https:\/\/glareone.eu\/pl\/en\/#website\",\"url\":\"https:\/\/glareone.eu\/pl\/en\/\",\"name\":\"GlareOne\",\"description\":\"Wyposa\u017cenie Studia\",\"publisher\":{\"@id\":\"https:\/\/glareone.eu\/pl\/en\/#organization\"},\"potentialAction\":[{\"@type\":\"SearchAction\",\"target\":{\"@type\":\"EntryPoint\",\"urlTemplate\":\"https:\/\/glareone.eu\/pl\/en\/?s={search_term_string}\"},\"query-input\":{\"@type\":\"PropertyValueSpecification\",\"valueRequired\":true,\"valueName\":\"search_term_string\"}}],\"inLanguage\":\"pl-PL\"},{\"@type\":\"Organization\",\"@id\":\"https:\/\/glareone.eu\/pl\/en\/#organization\",\"name\":\"GlareOne\",\"url\":\"https:\/\/glareone.eu\/pl\/en\/\",\"logo\":{\"@type\":\"ImageObject\",\"inLanguage\":\"pl-PL\",\"@id\":\"https:\/\/glareone.eu\/pl\/en\/#\/schema\/logo\/image\/\",\"url\":\"http:\/\/glareone.eu\/wp-content\/uploads\/2024\/05\/glareone_logo2020_RGB-01-e1715773127189.png\",\"contentUrl\":\"http:\/\/glareone.eu\/wp-content\/uploads\/2024\/05\/glareone_logo2020_RGB-01-e1715773127189.png\",\"width\":1270,\"height\":321,\"caption\":\"GlareOne\"},\"image\":{\"@id\":\"https:\/\/glareone.eu\/pl\/en\/#\/schema\/logo\/image\/\"},\"sameAs\":[\"https:\/\/www.facebook.com\/GlareOneLighting\",\"https:\/\/www.instagram.com\/glareonelighting\/\",\"https:\/\/www.youtube.com\/@GlareOneTV\"]}]}<\/script>\n<!-- \/ Yoast SEO plugin. -->","yoast_head_json":{"title":"Parasole - GlareOne","description":"Parasole GlareOne s\u0105 niezb\u0119dne w ka\u017cdym studiu fotograficznym. Skutecznie odbijaj\u0105 \u015bwiat\u0142o, do\u015bwietlaj\u0105c i wyostrzaj\u0105c kontury.","robots":{"index":"index","follow":"follow","max-snippet":"max-snippet:-1","max-image-preview":"max-image-preview:large","max-video-preview":"max-video-preview:-1"},"canonical":"https:\/\/glareone.eu\/pl\/produkty\/modyfikatory-swiatla\/parasole\/","og_locale":"pl_PL","og_type":"article","og_title":"Parasole - GlareOne","og_description":"Parasole GlareOne s\u0105 niezb\u0119dne w ka\u017cdym studiu fotograficznym. Skutecznie odbijaj\u0105 \u015bwiat\u0142o, do\u015bwietlaj\u0105c i wyostrzaj\u0105c kontury.","og_url":"https:\/\/glareone.eu\/pl\/produkty\/modyfikatory-swiatla\/parasole\/","og_site_name":"GlareOne","article_publisher":"https:\/\/www.facebook.com\/GlareOneLighting","article_modified_time":"2024-07-05T06:13:26+00:00","twitter_card":"summary_large_image","twitter_misc":{"Szacowany czas czytania":"1 minuta"},"schema":{"@context":"https:\/\/schema.org","@graph":[{"@type":"WebPage","@id":"https:\/\/glareone.eu\/pl\/produkty\/modyfikatory-swiatla\/parasole\/","url":"https:\/\/glareone.eu\/pl\/produkty\/modyfikatory-swiatla\/parasole\/","name":"Parasole - GlareOne","isPartOf":{"@id":"https:\/\/glareone.eu\/pl\/en\/#website"},"datePublished":"2024-05-08T08:37:47+00:00","dateModified":"2024-07-05T06:13:26+00:00","description":"Parasole GlareOne s\u0105 niezb\u0119dne w ka\u017cdym studiu fotograficznym. Skutecznie odbijaj\u0105 \u015bwiat\u0142o, do\u015bwietlaj\u0105c i wyostrzaj\u0105c kontury.","breadcrumb":{"@id":"https:\/\/glareone.eu\/pl\/produkty\/modyfikatory-swiatla\/parasole\/#breadcrumb"},"inLanguage":"pl-PL","potentialAction":[{"@type":"ReadAction","target":["https:\/\/glareone.eu\/pl\/produkty\/modyfikatory-swiatla\/parasole\/"]}]},{"@type":"BreadcrumbList","@id":"https:\/\/glareone.eu\/pl\/produkty\/modyfikatory-swiatla\/parasole\/#breadcrumb","itemListElement":[{"@type":"ListItem","position":1,"name":"Strona g\u0142\u00f3wna","item":"https:\/\/glareone.eu\/pl\/"},{"@type":"ListItem","position":2,"name":"Produkty","item":"https:\/\/glareone.eu\/pl\/produkty\/"},{"@type":"ListItem","position":3,"name":"Modyfikatory \u015bwiat\u0142a","item":"https:\/\/glareone.eu\/pl\/produkty\/modyfikatory-swiatla\/"},{"@type":"ListItem","position":4,"name":"Parasole"}]},{"@type":"WebSite","@id":"https:\/\/glareone.eu\/pl\/en\/#website","url":"https:\/\/glareone.eu\/pl\/en\/","name":"GlareOne","description":"Wyposa\u017cenie Studia","publisher":{"@id":"https:\/\/glareone.eu\/pl\/en\/#organization"},"potentialAction":[{"@type":"SearchAction","target":{"@type":"EntryPoint","urlTemplate":"https:\/\/glareone.eu\/pl\/en\/?s={search_term_string}"},"query-input":{"@type":"PropertyValueSpecification","valueRequired":true,"valueName":"search_term_string"}}],"inLanguage":"pl-PL"},{"@type":"Organization","@id":"https:\/\/glareone.eu\/pl\/en\/#organization","name":"GlareOne","url":"https:\/\/glareone.eu\/pl\/en\/","logo":{"@type":"ImageObject","inLanguage":"pl-PL","@id":"https:\/\/glareone.eu\/pl\/en\/#\/schema\/logo\/image\/","url":"http:\/\/glareone.eu\/wp-content\/uploads\/2024\/05\/glareone_logo2020_RGB-01-e1715773127189.png","contentUrl":"http:\/\/glareone.eu\/wp-content\/uploads\/2024\/05\/glareone_logo2020_RGB-01-e1715773127189.png","width":1270,"height":321,"caption":"GlareOne"},"image":{"@id":"https:\/\/glareone.eu\/pl\/en\/#\/schema\/logo\/image\/"},"sameAs":["https:\/\/www.facebook.com\/GlareOneLighting","https:\/\/www.instagram.com\/glareonelighting\/","https:\/\/www.youtube.com\/@GlareOneTV"]}]}},"_links":{"self":[{"href":"https:\/\/glareone.eu\/pl\/wp-json\/wp\/v2\/pages\/6980","targetHints":{"allow":["GET"]}}],"collection":[{"href":"https:\/\/glareone.eu\/pl\/wp-json\/wp\/v2\/pages"}],"about":[{"href":"https:\/\/glareone.eu\/pl\/wp-json\/wp\/v2\/types\/page"}],"author":[{"embeddable":true,"href":"https:\/\/glareone.eu\/pl\/wp-json\/wp\/v2\/users\/4"}],"replies":[{"embeddable":true,"href":"https:\/\/glareone.eu\/pl\/wp-json\/wp\/v2\/comments?post=6980"}],"version-history":[{"count":6,"href":"https:\/\/glareone.eu\/pl\/wp-json\/wp\/v2\/pages\/6980\/revisions"}],"predecessor-version":[{"id":21182,"href":"https:\/\/glareone.eu\/pl\/wp-json\/wp\/v2\/pages\/6980\/revisions\/21182"}],"up":[{"embeddable":true,"href":"https:\/\/glareone.eu\/pl\/wp-json\/wp\/v2\/pages\/3377"}],"wp:attachment":[{"href":"https:\/\/glareone.eu\/pl\/wp-json\/wp\/v2\/media?parent=6980"}],"curies":[{"name":"wp","href":"https:\/\/api.w.org\/{rel}","templated":true}]}}