{"id":6912,"date":"2024-05-08T08:22:24","date_gmt":"2024-05-08T08:22:24","guid":{"rendered":"http:\/\/glareone.eu\/?page_id=6912"},"modified":"2024-07-05T06:11:31","modified_gmt":"2024-07-05T06:11:31","slug":"glide","status":"publish","type":"page","link":"https:\/\/glareone.eu\/pl\/produkty\/akcesoria\/statywy\/glide\/","title":{"rendered":"Statywy Glide"},"content":{"rendered":"<div id='av_section_1'  class='avia-section av-363no8-e7bcc5cdc03c8a195b552d93ac9c1dd2 alternate_color avia-section-default avia-no-border-styling  avia-builder-el-0  avia-builder-el-no-sibling  avia-bg-style-scroll container_wrap fullsize'  ><div class='container av-section-cont-open' ><main  role=\"main\" itemprop=\"mainContentOfPage\"  class='template-page content  av-content-full alpha units'><div class='post-entry post-entry-type-page post-entry-6912'><div class='entry-content-wrapper clearfix'>\n<div  class='flex_column av-1rw0ry-bea76e6eae6a4e5f4a58aa49434699e5 av_one_full  avia-builder-el-1  el_before_av_productgrid  avia-builder-el-first  first flex_column_div  '     ><style type=\"text\/css\" data-created_by=\"avia_inline_auto\" id=\"style-css-av-luzojory-6f31c01f800d4971cd90319500cd6702\">\n#top .av-special-heading.av-luzojory-6f31c01f800d4971cd90319500cd6702{\npadding-bottom:10px;\n}\nbody .av-special-heading.av-luzojory-6f31c01f800d4971cd90319500cd6702 .av-special-heading-tag .heading-char{\nfont-size:25px;\n}\n.av-special-heading.av-luzojory-6f31c01f800d4971cd90319500cd6702 .av-subheading{\nfont-size:15px;\n}\n<\/style>\n<div  class='av-special-heading av-luzojory-6f31c01f800d4971cd90319500cd6702 av-special-heading-h2 blockquote modern-quote modern-centered  avia-builder-el-2  avia-builder-el-no-sibling '><h2 class='av-special-heading-tag'  itemprop=\"headline\"  >Statywy Glide<\/h2><div class=\"special-heading-border\"><div class=\"special-heading-inner-border\"><\/div><\/div><\/div><\/div><div  class='avia-product-slider-container av-lvxiutrh-c63c27645b1bbd34738f4abcb612392e template-shop avia-content-slider avia-content-grid-active shop_columns_4  avia-builder-el-3  el_after_av_one_full  avia-builder-el-last  avia-content-slider-even  avia-builder-el-3  el_after_av_one_full  avia-builder-el-last  av-slideshow-ui av-slider-hover-pause av-slideshow-manual av-loop-once av-loop-manual-endless avia-product-slider1' data-slideshow-options=\"{&quot;animation&quot;:&quot;fade&quot;,&quot;autoplay&quot;:false,&quot;loop_autoplay&quot;:&quot;once&quot;,&quot;interval&quot;:5,&quot;loop_manual&quot;:&quot;manual-endless&quot;,&quot;autoplay_stopper&quot;:false,&quot;noNavigation&quot;:false,&quot;bg_slider&quot;:false,&quot;keep_padding&quot;:false,&quot;hoverpause&quot;:true,&quot;show_slide_delay&quot;:0}\"><div class=\"product-sorting\"><ul class=\"sort-param sort-param-order\"><li><span class='currently-selected'>Wy\u015bwietlaj <strong>Domy\u015blny<\/strong><\/span><ul><li class=\"current-param\"><a href='?avia_extended_shop_select=yes&product_order=default' rel=\"nofollow\"><span class='avia-bullet'><\/span>Domy\u015blny<\/a><\/li><li><a href='?avia_extended_shop_select=yes&product_order=menu_order' rel=\"nofollow\"><span class='avia-bullet'><\/span>Niestandardowy<\/a><\/li><li><a href='?avia_extended_shop_select=yes&product_order=title' rel=\"nofollow\"><span class='avia-bullet'><\/span>Nazwa<\/a><\/li><li><a href='?avia_extended_shop_select=yes&product_order=price' rel=\"nofollow\"><span class='avia-bullet'><\/span>cena<\/a><\/li><li><a href='?avia_extended_shop_select=yes&product_order=date' rel=\"nofollow\"><span class='avia-bullet'><\/span>Data<\/a><\/li><li><a href='?avia_extended_shop_select=yes&product_order=popularity' rel=\"nofollow\"><span class='avia-bullet'><\/span>Popularno\u015b\u0107 (sprzeda\u017c)<\/a><\/li><li><a href='?avia_extended_shop_select=yes&product_order=rating' rel=\"nofollow\"><span class='avia-bullet'><\/span>\u015arednia ocena<\/a><\/li><li><a href='?avia_extended_shop_select=yes&product_order=relevance' rel=\"nofollow\"><span class='avia-bullet'><\/span>Trafno\u015b\u0107<\/a><\/li><li><a href='?avia_extended_shop_select=yes&product_order=rand' rel=\"nofollow\"><span class='avia-bullet'><\/span>Losowo<\/a><\/li><li><a href='?avia_extended_shop_select=yes&product_order=id' rel=\"nofollow\"><span class='avia-bullet'><\/span>ID produktu<\/a><\/li><\/ul><\/li><\/ul><\/div><div class='avia-content-slider-inner'><ul class=\"products\"><li class=\"product type-product post-977 status-publish first instock product_cat-glide has-post-thumbnail product-type-simple\">\n\t<div class='inner_product main_color wrapped_style noLightbox  av-product-class-'><a href=\"https:\/\/glareone.eu\/pl\/produkt\/glareone-heavy-glide-statyw-typu-boom\/\" class=\"woocommerce-LoopProduct-link woocommerce-loop-product__link\"><div class=\"thumbnail_container\"><img decoding=\"async\" loading=\"lazy\" width=\"300\" height=\"300\" src=\"https:\/\/glareone.eu\/wp-content\/uploads\/2024\/04\/GlareOne-Heavy-Glide-10-6-300x300.jpg\" class=\"wp-image-19935 avia-img-lazy-loading-19935 attachment-woocommerce_thumbnail size-woocommerce_thumbnail wp-post-image\" alt=\"\" srcset=\"https:\/\/glareone.eu\/wp-content\/uploads\/2024\/04\/GlareOne-Heavy-Glide-10-6-300x300.jpg 300w, https:\/\/glareone.eu\/wp-content\/uploads\/2024\/04\/GlareOne-Heavy-Glide-10-6-1030x1030.jpg 1030w, https:\/\/glareone.eu\/wp-content\/uploads\/2024\/04\/GlareOne-Heavy-Glide-10-6-80x80.jpg 80w, https:\/\/glareone.eu\/wp-content\/uploads\/2024\/04\/GlareOne-Heavy-Glide-10-6-768x768.jpg 768w, https:\/\/glareone.eu\/wp-content\/uploads\/2024\/04\/GlareOne-Heavy-Glide-10-6-36x36.jpg 36w, https:\/\/glareone.eu\/wp-content\/uploads\/2024\/04\/GlareOne-Heavy-Glide-10-6-180x180.jpg 180w, https:\/\/glareone.eu\/wp-content\/uploads\/2024\/04\/GlareOne-Heavy-Glide-10-6-705x705.jpg 705w, https:\/\/glareone.eu\/wp-content\/uploads\/2024\/04\/GlareOne-Heavy-Glide-10-6-120x120.jpg 120w, https:\/\/glareone.eu\/wp-content\/uploads\/2024\/04\/GlareOne-Heavy-Glide-10-6-450x450.jpg 450w, https:\/\/glareone.eu\/wp-content\/uploads\/2024\/04\/GlareOne-Heavy-Glide-10-6-600x600.jpg 600w, https:\/\/glareone.eu\/wp-content\/uploads\/2024\/04\/GlareOne-Heavy-Glide-10-6-100x100.jpg 100w, https:\/\/glareone.eu\/wp-content\/uploads\/2024\/04\/GlareOne-Heavy-Glide-10-6.jpg 1200w\" sizes=\"auto, (max-width: 300px) 100vw, 300px\" \/><span class=\"cart-loading\"><\/span><\/div><div class='inner_product_header'><div class='avia-arrow'><\/div><div class='inner_product_header_table'><div class='inner_product_header_cell'><h2 class=\"woocommerce-loop-product__title\">GlareOne Heavy Glide &#8211; statyw typu boom<\/h2>\n<\/div><\/div><\/div><\/a><div class='avia_cart_buttons '><a href=\"https:\/\/glareone.eu\/pl\/produkt\/glareone-heavy-glide-statyw-typu-boom\/\" aria-describedby=\"woocommerce_loop_add_to_cart_link_describedby_977\" data-quantity=\"1\" class=\"button product_type_simple\" data-product_id=\"977\" data-product_sku=\"SLSHEAVYG\" aria-label=\"Przeczytaj wi\u0119cej o &bdquo;GlareOne Heavy Glide - statyw typu boom&rdquo;\" rel=\"nofollow\" data-success_message=\"\"><span aria-hidden='true' data-av_icon='\ue859' data-av_iconfont='entypo-fontello'><\/span> Dowiedz si\u0119 wi\u0119cej<\/a>\t<span id=\"woocommerce_loop_add_to_cart_link_describedby_977\" class=\"screen-reader-text\">\n\t\t\t<\/span>\n<a class=\"button show_details_button\" href=\"https:\/\/glareone.eu\/pl\/produkt\/glareone-heavy-glide-statyw-typu-boom\/\"><span aria-hidden='true' data-av_icon='\ue84b' data-av_iconfont='entypo-fontello'><\/span>  Szczeg\u00f3\u0142y<\/a> <span class=\"button-mini-delimiter\"><\/span><\/div><\/div><\/li>\n<li class=\"product type-product post-974 status-publish instock product_cat-glide has-post-thumbnail product-type-simple\">\n\t<div class='inner_product main_color wrapped_style noLightbox  av-product-class-'><a href=\"https:\/\/glareone.eu\/pl\/produkt\/glareone-hightower\/\" class=\"woocommerce-LoopProduct-link woocommerce-loop-product__link\"><div class=\"thumbnail_container\"><img decoding=\"async\" loading=\"lazy\" width=\"300\" height=\"300\" src=\"https:\/\/glareone.eu\/wp-content\/uploads\/2024\/04\/GlareOne-Hightower-Glide-12-300x300.jpg\" class=\"wp-image-6641 avia-img-lazy-loading-6641 attachment-woocommerce_thumbnail size-woocommerce_thumbnail wp-post-image\" alt=\"\" srcset=\"https:\/\/glareone.eu\/wp-content\/uploads\/2024\/04\/GlareOne-Hightower-Glide-12-300x300.jpg 300w, https:\/\/glareone.eu\/wp-content\/uploads\/2024\/04\/GlareOne-Hightower-Glide-12-1030x1030.jpg 1030w, https:\/\/glareone.eu\/wp-content\/uploads\/2024\/04\/GlareOne-Hightower-Glide-12-80x80.jpg 80w, https:\/\/glareone.eu\/wp-content\/uploads\/2024\/04\/GlareOne-Hightower-Glide-12-768x768.jpg 768w, https:\/\/glareone.eu\/wp-content\/uploads\/2024\/04\/GlareOne-Hightower-Glide-12-36x36.jpg 36w, https:\/\/glareone.eu\/wp-content\/uploads\/2024\/04\/GlareOne-Hightower-Glide-12-180x180.jpg 180w, https:\/\/glareone.eu\/wp-content\/uploads\/2024\/04\/GlareOne-Hightower-Glide-12-705x705.jpg 705w, https:\/\/glareone.eu\/wp-content\/uploads\/2024\/04\/GlareOne-Hightower-Glide-12-120x120.jpg 120w, https:\/\/glareone.eu\/wp-content\/uploads\/2024\/04\/GlareOne-Hightower-Glide-12-450x450.jpg 450w, https:\/\/glareone.eu\/wp-content\/uploads\/2024\/04\/GlareOne-Hightower-Glide-12-600x600.jpg 600w, https:\/\/glareone.eu\/wp-content\/uploads\/2024\/04\/GlareOne-Hightower-Glide-12-100x100.jpg 100w, https:\/\/glareone.eu\/wp-content\/uploads\/2024\/04\/GlareOne-Hightower-Glide-12.jpg 1200w\" sizes=\"auto, (max-width: 300px) 100vw, 300px\" \/><span class=\"cart-loading\"><\/span><\/div><div class='inner_product_header'><div class='avia-arrow'><\/div><div class='inner_product_header_table'><div class='inner_product_header_cell'><h2 class=\"woocommerce-loop-product__title\">GlareOne Hightower Glide &#8211; statyw kolumnowy<\/h2>\n<\/div><\/div><\/div><\/a><div class='avia_cart_buttons '><a href=\"https:\/\/glareone.eu\/pl\/produkt\/glareone-hightower\/\" aria-describedby=\"woocommerce_loop_add_to_cart_link_describedby_974\" data-quantity=\"1\" class=\"button product_type_simple\" data-product_id=\"974\" data-product_sku=\"SLSHTOWER\" aria-label=\"Przeczytaj wi\u0119cej o &bdquo;GlareOne Hightower Glide - statyw kolumnowy&rdquo;\" rel=\"nofollow\" data-success_message=\"\"><span aria-hidden='true' data-av_icon='\ue859' data-av_iconfont='entypo-fontello'><\/span> Dowiedz si\u0119 wi\u0119cej<\/a>\t<span id=\"woocommerce_loop_add_to_cart_link_describedby_974\" class=\"screen-reader-text\">\n\t\t\t<\/span>\n<a class=\"button show_details_button\" href=\"https:\/\/glareone.eu\/pl\/produkt\/glareone-hightower\/\"><span aria-hidden='true' data-av_icon='\ue84b' data-av_iconfont='entypo-fontello'><\/span>  Szczeg\u00f3\u0142y<\/a> <span class=\"button-mini-delimiter\"><\/span><\/div><\/div><\/li>\n<li class=\"product type-product post-1047 status-publish instock product_cat-glide has-post-thumbnail product-type-simple\">\n\t<div class='inner_product main_color wrapped_style noLightbox  av-product-class-'><a href=\"https:\/\/glareone.eu\/pl\/produkt\/glareone-medium-glide\/\" class=\"woocommerce-LoopProduct-link woocommerce-loop-product__link\"><div class=\"thumbnail_container\"><img decoding=\"async\" loading=\"lazy\" width=\"300\" height=\"300\" src=\"https:\/\/glareone.eu\/wp-content\/uploads\/2024\/04\/GlareOne-Medium-Glide-07_tn-300x300.jpg\" class=\"wp-image-6009 avia-img-lazy-loading-6009 attachment-woocommerce_thumbnail size-woocommerce_thumbnail wp-post-image\" alt=\"\" srcset=\"https:\/\/glareone.eu\/wp-content\/uploads\/2024\/04\/GlareOne-Medium-Glide-07_tn-300x300.jpg 300w, https:\/\/glareone.eu\/wp-content\/uploads\/2024\/04\/GlareOne-Medium-Glide-07_tn-1030x1030.jpg 1030w, https:\/\/glareone.eu\/wp-content\/uploads\/2024\/04\/GlareOne-Medium-Glide-07_tn-80x80.jpg 80w, https:\/\/glareone.eu\/wp-content\/uploads\/2024\/04\/GlareOne-Medium-Glide-07_tn-768x768.jpg 768w, https:\/\/glareone.eu\/wp-content\/uploads\/2024\/04\/GlareOne-Medium-Glide-07_tn-36x36.jpg 36w, https:\/\/glareone.eu\/wp-content\/uploads\/2024\/04\/GlareOne-Medium-Glide-07_tn-180x180.jpg 180w, https:\/\/glareone.eu\/wp-content\/uploads\/2024\/04\/GlareOne-Medium-Glide-07_tn-705x705.jpg 705w, https:\/\/glareone.eu\/wp-content\/uploads\/2024\/04\/GlareOne-Medium-Glide-07_tn-120x120.jpg 120w, https:\/\/glareone.eu\/wp-content\/uploads\/2024\/04\/GlareOne-Medium-Glide-07_tn-450x450.jpg 450w, https:\/\/glareone.eu\/wp-content\/uploads\/2024\/04\/GlareOne-Medium-Glide-07_tn-600x600.jpg 600w, https:\/\/glareone.eu\/wp-content\/uploads\/2024\/04\/GlareOne-Medium-Glide-07_tn-100x100.jpg 100w, https:\/\/glareone.eu\/wp-content\/uploads\/2024\/04\/GlareOne-Medium-Glide-07_tn.jpg 1200w\" sizes=\"auto, (max-width: 300px) 100vw, 300px\" \/><span class=\"cart-loading\"><\/span><\/div><div class='inner_product_header'><div class='avia-arrow'><\/div><div class='inner_product_header_table'><div class='inner_product_header_cell'><h2 class=\"woocommerce-loop-product__title\">GlareOne Medium Glide &#8211; statyw typu boom<\/h2>\n<\/div><\/div><\/div><\/a><div class='avia_cart_buttons '><a href=\"https:\/\/glareone.eu\/pl\/produkt\/glareone-medium-glide\/\" aria-describedby=\"woocommerce_loop_add_to_cart_link_describedby_1047\" data-quantity=\"1\" class=\"button product_type_simple\" data-product_id=\"1047\" data-product_sku=\"SLSMEDIUMG\" aria-label=\"Przeczytaj wi\u0119cej o &bdquo;GlareOne Medium Glide - statyw typu boom&rdquo;\" rel=\"nofollow\" data-success_message=\"\"><span aria-hidden='true' data-av_icon='\ue859' data-av_iconfont='entypo-fontello'><\/span> Dowiedz si\u0119 wi\u0119cej<\/a>\t<span id=\"woocommerce_loop_add_to_cart_link_describedby_1047\" class=\"screen-reader-text\">\n\t\t\t<\/span>\n<a class=\"button show_details_button\" href=\"https:\/\/glareone.eu\/pl\/produkt\/glareone-medium-glide\/\"><span aria-hidden='true' data-av_icon='\ue84b' data-av_iconfont='entypo-fontello'><\/span>  Szczeg\u00f3\u0142y<\/a> <span class=\"button-mini-delimiter\"><\/span><\/div><\/div><\/li>\n<li class=\"product type-product post-1022 status-publish last instock product_cat-glide has-post-thumbnail product-type-simple\">\n\t<div class='inner_product main_color wrapped_style noLightbox  av-product-class-'><a href=\"https:\/\/glareone.eu\/pl\/produkt\/glareone-mini-glide\/\" class=\"woocommerce-LoopProduct-link woocommerce-loop-product__link\"><div class=\"thumbnail_container\"><img decoding=\"async\" loading=\"lazy\" width=\"300\" height=\"300\" src=\"https:\/\/glareone.eu\/wp-content\/uploads\/2024\/04\/GlareOne-Mini-Glide-01-300x300.jpg\" class=\"wp-image-6020 avia-img-lazy-loading-6020 attachment-woocommerce_thumbnail size-woocommerce_thumbnail wp-post-image\" alt=\"\" srcset=\"https:\/\/glareone.eu\/wp-content\/uploads\/2024\/04\/GlareOne-Mini-Glide-01-300x300.jpg 300w, https:\/\/glareone.eu\/wp-content\/uploads\/2024\/04\/GlareOne-Mini-Glide-01-1030x1030.jpg 1030w, https:\/\/glareone.eu\/wp-content\/uploads\/2024\/04\/GlareOne-Mini-Glide-01-80x80.jpg 80w, https:\/\/glareone.eu\/wp-content\/uploads\/2024\/04\/GlareOne-Mini-Glide-01-768x768.jpg 768w, https:\/\/glareone.eu\/wp-content\/uploads\/2024\/04\/GlareOne-Mini-Glide-01-36x36.jpg 36w, https:\/\/glareone.eu\/wp-content\/uploads\/2024\/04\/GlareOne-Mini-Glide-01-180x180.jpg 180w, https:\/\/glareone.eu\/wp-content\/uploads\/2024\/04\/GlareOne-Mini-Glide-01-705x705.jpg 705w, https:\/\/glareone.eu\/wp-content\/uploads\/2024\/04\/GlareOne-Mini-Glide-01-120x120.jpg 120w, https:\/\/glareone.eu\/wp-content\/uploads\/2024\/04\/GlareOne-Mini-Glide-01-450x450.jpg 450w, https:\/\/glareone.eu\/wp-content\/uploads\/2024\/04\/GlareOne-Mini-Glide-01-600x600.jpg 600w, https:\/\/glareone.eu\/wp-content\/uploads\/2024\/04\/GlareOne-Mini-Glide-01-100x100.jpg 100w, https:\/\/glareone.eu\/wp-content\/uploads\/2024\/04\/GlareOne-Mini-Glide-01.jpg 1200w\" sizes=\"auto, (max-width: 300px) 100vw, 300px\" \/><span class=\"cart-loading\"><\/span><\/div><div class='inner_product_header'><div class='avia-arrow'><\/div><div class='inner_product_header_table'><div class='inner_product_header_cell'><h2 class=\"woocommerce-loop-product__title\">GlareOne Mini Glide &#8211; niski statyw o\u015bwietleniowy<\/h2>\n<\/div><\/div><\/div><\/a><div class='avia_cart_buttons '><a href=\"https:\/\/glareone.eu\/pl\/produkt\/glareone-mini-glide\/\" aria-describedby=\"woocommerce_loop_add_to_cart_link_describedby_1022\" data-quantity=\"1\" class=\"button product_type_simple\" data-product_id=\"1022\" data-product_sku=\"SLSMINIG\" aria-label=\"Przeczytaj wi\u0119cej o &bdquo;GlareOne Mini Glide - niski statyw o\u015bwietleniowy&rdquo;\" rel=\"nofollow\" data-success_message=\"\"><span aria-hidden='true' data-av_icon='\ue859' data-av_iconfont='entypo-fontello'><\/span> Dowiedz si\u0119 wi\u0119cej<\/a>\t<span id=\"woocommerce_loop_add_to_cart_link_describedby_1022\" class=\"screen-reader-text\">\n\t\t\t<\/span>\n<a class=\"button show_details_button\" href=\"https:\/\/glareone.eu\/pl\/produkt\/glareone-mini-glide\/\"><span aria-hidden='true' data-av_icon='\ue84b' data-av_iconfont='entypo-fontello'><\/span>  Szczeg\u00f3\u0142y<\/a> <span class=\"button-mini-delimiter\"><\/span><\/div><\/div><\/li>\n<\/ul><\/div><\/div><div class=\"clear\"><\/div>\n\n","protected":false},"excerpt":{"rendered":"","protected":false},"author":4,"featured_media":0,"parent":6894,"menu_order":0,"comment_status":"open","ping_status":"closed","template":"","meta":{"footnotes":""},"class_list":["post-6912","page","type-page","status-publish","hentry"],"yoast_head":"<!-- This site is optimized with the Yoast SEO plugin v27.2 - https:\/\/yoast.com\/product\/yoast-seo-wordpress\/ -->\n<title>Statywy Glide - GlareOne<\/title>\n<meta name=\"description\" content=\"Statywy GlareOne Glide zapewniaj\u0105 wysok\u0105 stabilno\u015b\u0107 podczas pracy na planie. S\u0105 niezwykle trwa\u0142e, o du\u017cym ud\u017awigu.\" \/>\n<meta name=\"robots\" content=\"index, follow, max-snippet:-1, max-image-preview:large, max-video-preview:-1\" \/>\n<link rel=\"canonical\" href=\"https:\/\/glareone.eu\/pl\/produkty\/akcesoria\/statywy\/glide\/\" \/>\n<meta property=\"og:locale\" content=\"pl_PL\" \/>\n<meta property=\"og:type\" content=\"article\" \/>\n<meta property=\"og:title\" content=\"Statywy Glide - GlareOne\" \/>\n<meta property=\"og:description\" content=\"Statywy GlareOne Glide zapewniaj\u0105 wysok\u0105 stabilno\u015b\u0107 podczas pracy na planie. S\u0105 niezwykle trwa\u0142e, o du\u017cym ud\u017awigu.\" \/>\n<meta property=\"og:url\" content=\"https:\/\/glareone.eu\/pl\/produkty\/akcesoria\/statywy\/glide\/\" \/>\n<meta property=\"og:site_name\" content=\"GlareOne\" \/>\n<meta property=\"article:publisher\" content=\"https:\/\/www.facebook.com\/GlareOneLighting\" \/>\n<meta property=\"article:modified_time\" content=\"2024-07-05T06:11:31+00:00\" \/>\n<meta name=\"twitter:card\" content=\"summary_large_image\" \/>\n<meta name=\"twitter:label1\" content=\"Szacowany czas czytania\" \/>\n\t<meta name=\"twitter:data1\" content=\"2 minuty\" \/>\n<script type=\"application\/ld+json\" class=\"yoast-schema-graph\">{\"@context\":\"https:\/\/schema.org\",\"@graph\":[{\"@type\":\"WebPage\",\"@id\":\"https:\/\/glareone.eu\/pl\/produkty\/akcesoria\/statywy\/glide\/\",\"url\":\"https:\/\/glareone.eu\/pl\/produkty\/akcesoria\/statywy\/glide\/\",\"name\":\"Statywy Glide - GlareOne\",\"isPartOf\":{\"@id\":\"https:\/\/glareone.eu\/pl\/en\/#website\"},\"datePublished\":\"2024-05-08T08:22:24+00:00\",\"dateModified\":\"2024-07-05T06:11:31+00:00\",\"description\":\"Statywy GlareOne Glide zapewniaj\u0105 wysok\u0105 stabilno\u015b\u0107 podczas pracy na planie. S\u0105 niezwykle trwa\u0142e, o du\u017cym ud\u017awigu.\",\"breadcrumb\":{\"@id\":\"https:\/\/glareone.eu\/pl\/produkty\/akcesoria\/statywy\/glide\/#breadcrumb\"},\"inLanguage\":\"pl-PL\",\"potentialAction\":[{\"@type\":\"ReadAction\",\"target\":[\"https:\/\/glareone.eu\/pl\/produkty\/akcesoria\/statywy\/glide\/\"]}]},{\"@type\":\"BreadcrumbList\",\"@id\":\"https:\/\/glareone.eu\/pl\/produkty\/akcesoria\/statywy\/glide\/#breadcrumb\",\"itemListElement\":[{\"@type\":\"ListItem\",\"position\":1,\"name\":\"Strona g\u0142\u00f3wna\",\"item\":\"https:\/\/glareone.eu\/pl\/\"},{\"@type\":\"ListItem\",\"position\":2,\"name\":\"Produkty\",\"item\":\"https:\/\/glareone.eu\/pl\/produkty\/\"},{\"@type\":\"ListItem\",\"position\":3,\"name\":\"Akcesoria\",\"item\":\"https:\/\/glareone.eu\/pl\/produkty\/akcesoria\/\"},{\"@type\":\"ListItem\",\"position\":4,\"name\":\"Statywy\",\"item\":\"https:\/\/glareone.eu\/pl\/produkty\/akcesoria\/statywy\/\"},{\"@type\":\"ListItem\",\"position\":5,\"name\":\"Statywy Glide\"}]},{\"@type\":\"WebSite\",\"@id\":\"https:\/\/glareone.eu\/pl\/en\/#website\",\"url\":\"https:\/\/glareone.eu\/pl\/en\/\",\"name\":\"GlareOne\",\"description\":\"Wyposa\u017cenie Studia\",\"publisher\":{\"@id\":\"https:\/\/glareone.eu\/pl\/en\/#organization\"},\"potentialAction\":[{\"@type\":\"SearchAction\",\"target\":{\"@type\":\"EntryPoint\",\"urlTemplate\":\"https:\/\/glareone.eu\/pl\/en\/?s={search_term_string}\"},\"query-input\":{\"@type\":\"PropertyValueSpecification\",\"valueRequired\":true,\"valueName\":\"search_term_string\"}}],\"inLanguage\":\"pl-PL\"},{\"@type\":\"Organization\",\"@id\":\"https:\/\/glareone.eu\/pl\/en\/#organization\",\"name\":\"GlareOne\",\"url\":\"https:\/\/glareone.eu\/pl\/en\/\",\"logo\":{\"@type\":\"ImageObject\",\"inLanguage\":\"pl-PL\",\"@id\":\"https:\/\/glareone.eu\/pl\/en\/#\/schema\/logo\/image\/\",\"url\":\"http:\/\/glareone.eu\/wp-content\/uploads\/2024\/05\/glareone_logo2020_RGB-01-e1715773127189.png\",\"contentUrl\":\"http:\/\/glareone.eu\/wp-content\/uploads\/2024\/05\/glareone_logo2020_RGB-01-e1715773127189.png\",\"width\":1270,\"height\":321,\"caption\":\"GlareOne\"},\"image\":{\"@id\":\"https:\/\/glareone.eu\/pl\/en\/#\/schema\/logo\/image\/\"},\"sameAs\":[\"https:\/\/www.facebook.com\/GlareOneLighting\",\"https:\/\/www.instagram.com\/glareonelighting\/\",\"https:\/\/www.youtube.com\/@GlareOneTV\"]}]}<\/script>\n<!-- \/ Yoast SEO plugin. -->","yoast_head_json":{"title":"Statywy Glide - GlareOne","description":"Statywy GlareOne Glide zapewniaj\u0105 wysok\u0105 stabilno\u015b\u0107 podczas pracy na planie. S\u0105 niezwykle trwa\u0142e, o du\u017cym ud\u017awigu.","robots":{"index":"index","follow":"follow","max-snippet":"max-snippet:-1","max-image-preview":"max-image-preview:large","max-video-preview":"max-video-preview:-1"},"canonical":"https:\/\/glareone.eu\/pl\/produkty\/akcesoria\/statywy\/glide\/","og_locale":"pl_PL","og_type":"article","og_title":"Statywy Glide - GlareOne","og_description":"Statywy GlareOne Glide zapewniaj\u0105 wysok\u0105 stabilno\u015b\u0107 podczas pracy na planie. S\u0105 niezwykle trwa\u0142e, o du\u017cym ud\u017awigu.","og_url":"https:\/\/glareone.eu\/pl\/produkty\/akcesoria\/statywy\/glide\/","og_site_name":"GlareOne","article_publisher":"https:\/\/www.facebook.com\/GlareOneLighting","article_modified_time":"2024-07-05T06:11:31+00:00","twitter_card":"summary_large_image","twitter_misc":{"Szacowany czas czytania":"2 minuty"},"schema":{"@context":"https:\/\/schema.org","@graph":[{"@type":"WebPage","@id":"https:\/\/glareone.eu\/pl\/produkty\/akcesoria\/statywy\/glide\/","url":"https:\/\/glareone.eu\/pl\/produkty\/akcesoria\/statywy\/glide\/","name":"Statywy Glide - GlareOne","isPartOf":{"@id":"https:\/\/glareone.eu\/pl\/en\/#website"},"datePublished":"2024-05-08T08:22:24+00:00","dateModified":"2024-07-05T06:11:31+00:00","description":"Statywy GlareOne Glide zapewniaj\u0105 wysok\u0105 stabilno\u015b\u0107 podczas pracy na planie. S\u0105 niezwykle trwa\u0142e, o du\u017cym ud\u017awigu.","breadcrumb":{"@id":"https:\/\/glareone.eu\/pl\/produkty\/akcesoria\/statywy\/glide\/#breadcrumb"},"inLanguage":"pl-PL","potentialAction":[{"@type":"ReadAction","target":["https:\/\/glareone.eu\/pl\/produkty\/akcesoria\/statywy\/glide\/"]}]},{"@type":"BreadcrumbList","@id":"https:\/\/glareone.eu\/pl\/produkty\/akcesoria\/statywy\/glide\/#breadcrumb","itemListElement":[{"@type":"ListItem","position":1,"name":"Strona g\u0142\u00f3wna","item":"https:\/\/glareone.eu\/pl\/"},{"@type":"ListItem","position":2,"name":"Produkty","item":"https:\/\/glareone.eu\/pl\/produkty\/"},{"@type":"ListItem","position":3,"name":"Akcesoria","item":"https:\/\/glareone.eu\/pl\/produkty\/akcesoria\/"},{"@type":"ListItem","position":4,"name":"Statywy","item":"https:\/\/glareone.eu\/pl\/produkty\/akcesoria\/statywy\/"},{"@type":"ListItem","position":5,"name":"Statywy Glide"}]},{"@type":"WebSite","@id":"https:\/\/glareone.eu\/pl\/en\/#website","url":"https:\/\/glareone.eu\/pl\/en\/","name":"GlareOne","description":"Wyposa\u017cenie Studia","publisher":{"@id":"https:\/\/glareone.eu\/pl\/en\/#organization"},"potentialAction":[{"@type":"SearchAction","target":{"@type":"EntryPoint","urlTemplate":"https:\/\/glareone.eu\/pl\/en\/?s={search_term_string}"},"query-input":{"@type":"PropertyValueSpecification","valueRequired":true,"valueName":"search_term_string"}}],"inLanguage":"pl-PL"},{"@type":"Organization","@id":"https:\/\/glareone.eu\/pl\/en\/#organization","name":"GlareOne","url":"https:\/\/glareone.eu\/pl\/en\/","logo":{"@type":"ImageObject","inLanguage":"pl-PL","@id":"https:\/\/glareone.eu\/pl\/en\/#\/schema\/logo\/image\/","url":"http:\/\/glareone.eu\/wp-content\/uploads\/2024\/05\/glareone_logo2020_RGB-01-e1715773127189.png","contentUrl":"http:\/\/glareone.eu\/wp-content\/uploads\/2024\/05\/glareone_logo2020_RGB-01-e1715773127189.png","width":1270,"height":321,"caption":"GlareOne"},"image":{"@id":"https:\/\/glareone.eu\/pl\/en\/#\/schema\/logo\/image\/"},"sameAs":["https:\/\/www.facebook.com\/GlareOneLighting","https:\/\/www.instagram.com\/glareonelighting\/","https:\/\/www.youtube.com\/@GlareOneTV"]}]}},"_links":{"self":[{"href":"https:\/\/glareone.eu\/pl\/wp-json\/wp\/v2\/pages\/6912","targetHints":{"allow":["GET"]}}],"collection":[{"href":"https:\/\/glareone.eu\/pl\/wp-json\/wp\/v2\/pages"}],"about":[{"href":"https:\/\/glareone.eu\/pl\/wp-json\/wp\/v2\/types\/page"}],"author":[{"embeddable":true,"href":"https:\/\/glareone.eu\/pl\/wp-json\/wp\/v2\/users\/4"}],"replies":[{"embeddable":true,"href":"https:\/\/glareone.eu\/pl\/wp-json\/wp\/v2\/comments?post=6912"}],"version-history":[{"count":4,"href":"https:\/\/glareone.eu\/pl\/wp-json\/wp\/v2\/pages\/6912\/revisions"}],"predecessor-version":[{"id":21140,"href":"https:\/\/glareone.eu\/pl\/wp-json\/wp\/v2\/pages\/6912\/revisions\/21140"}],"up":[{"embeddable":true,"href":"https:\/\/glareone.eu\/pl\/wp-json\/wp\/v2\/pages\/6894"}],"wp:attachment":[{"href":"https:\/\/glareone.eu\/pl\/wp-json\/wp\/v2\/media?parent=6912"}],"curies":[{"name":"wp","href":"https:\/\/api.w.org\/{rel}","templated":true}]}}