{"id":3392,"date":"2024-04-25T11:59:53","date_gmt":"2024-04-25T11:59:53","guid":{"rendered":"http:\/\/glareone.eu\/?page_id=3392"},"modified":"2024-07-05T06:13:32","modified_gmt":"2024-07-05T06:13:32","slug":"strumienice-i-czasze","status":"publish","type":"page","link":"https:\/\/glareone.eu\/pl\/produkty\/modyfikatory-swiatla\/strumienice-i-czasze\/","title":{"rendered":"Strumienice i czasze"},"content":{"rendered":"<div  class='flex_column av-1rw0ry-bea76e6eae6a4e5f4a58aa49434699e5 av_one_full  avia-builder-el-0  el_before_av_section  avia-builder-el-no-sibling  first flex_column_div  '     ><style type=\"text\/css\" data-created_by=\"avia_inline_auto\" id=\"style-css-av-luzojory-37bc159eb220ff65010e7e86c0bdbac7\">\n#top .av-special-heading.av-luzojory-37bc159eb220ff65010e7e86c0bdbac7{\npadding-bottom:10px;\n}\nbody .av-special-heading.av-luzojory-37bc159eb220ff65010e7e86c0bdbac7 .av-special-heading-tag .heading-char{\nfont-size:25px;\n}\n.av-special-heading.av-luzojory-37bc159eb220ff65010e7e86c0bdbac7 .av-subheading{\nfont-size:15px;\n}\n<\/style>\n<div  class='av-special-heading av-luzojory-37bc159eb220ff65010e7e86c0bdbac7 av-special-heading-h2 blockquote modern-quote modern-centered  avia-builder-el-1  avia-builder-el-no-sibling '><h2 class='av-special-heading-tag'  itemprop=\"headline\"  >Strumienice i czasze<\/h2><div class=\"special-heading-border\"><div class=\"special-heading-inner-border\"><\/div><\/div><\/div><\/div>\n<\/div><\/div><\/div><!-- close content main div --><\/div><\/div><div id='homeproductcategorylist'  class='avia-section av-1lv8ri-94017da8535ef3245dc7c747be8a10d3 main_color avia-section-default avia-no-border-styling  avia-builder-el-2  el_after_av_one_full  avia-builder-el-last  avia-bg-style-scroll container_wrap fullsize'  ><div class='container av-section-cont-open' ><div class='template-page content  av-content-full alpha units'><div class='post-entry post-entry-type-page post-entry-3392'><div class='entry-content-wrapper clearfix'>\n\n<style type=\"text\/css\" data-created_by=\"avia_inline_auto\" id=\"style-css-av-14rufy-fffc5f911753f61933687112e042b850\">\n.flex_column.av-14rufy-fffc5f911753f61933687112e042b850{\nwidth:32%;\n}\n<\/style>\n<div  class='flex_column av-14rufy-fffc5f911753f61933687112e042b850 av_one_third  avia-builder-el-3  el_before_av_one_third  avia-builder-el-first  categoryBox first flex_column_div  '     ><p>\n<style type=\"text\/css\" data-created_by=\"avia_inline_auto\" id=\"style-css-av-uotrq-1d551e8f2fa25792efe0a3bebd37b491\">\n.avia-image-container.av-uotrq-1d551e8f2fa25792efe0a3bebd37b491 img.avia_image{\nbox-shadow:none;\n}\n.avia-image-container.av-uotrq-1d551e8f2fa25792efe0a3bebd37b491 .av-image-caption-overlay-center{\ncolor:#ffffff;\n}\n<\/style>\n<div  class='avia-image-container av-uotrq-1d551e8f2fa25792efe0a3bebd37b491 av-styling-no-styling av-img-linked avia-align-center  avia-builder-el-4  el_before_av_textblock  avia-builder-el-first  categoryBoxImage'   itemprop=\"image\" itemscope=\"itemscope\" itemtype=\"https:\/\/schema.org\/ImageObject\" ><div class=\"avia-image-container-inner\"><div class=\"avia-image-overlay-wrap\"><a href=\"https:\/\/glareone.eu\/pl\/produkty\/modyfikatory-swiatla\/strumienice-i-czasze\/czasze\/\" class='avia_image '  aria-label='czasze'><img decoding=\"async\" fetchpriority=\"high\" class='wp-image-8047 avia-img-lazy-loading-not-8047 avia_image ' src=\"https:\/\/glareone.eu\/wp-content\/uploads\/2024\/05\/czasze.png\" alt='' title='czasze'  height=\"283\" width=\"260\"  itemprop=\"thumbnailUrl\"  \/><\/a><\/div><\/div><\/div><br \/>\n<section  class='av_textblock_section av-luzok5ee-edc5bf8fc7356ab821438abfc93afa7e '   itemscope=\"itemscope\" itemtype=\"https:\/\/schema.org\/CreativeWork\" ><div class='avia_textblock categoryBoxTitle'  itemprop=\"text\" ><h3 style=\"text-align: center;\"><a href=\"\/pl\/produkty\/modyfikatory-swiatla\/strumienice-i-czasze\/czasze\/\">Czasze<\/a><br \/>\n<br class=\"avia-permanent-lb\" \/><\/h3>\n<\/div><\/section><\/p><\/div>\n<style type=\"text\/css\" data-created_by=\"avia_inline_auto\" id=\"style-css-av-58yub4-105677a214a850edeb1625c847c8bbcc\">\n.flex_column.av-58yub4-105677a214a850edeb1625c847c8bbcc{\nwidth:32%;\nmargin-left:2%;\n}\n<\/style>\n<div  class='flex_column av-58yub4-105677a214a850edeb1625c847c8bbcc av_one_third  avia-builder-el-6  el_after_av_one_third  el_before_av_one_third  categoryBox flex_column_div  '     ><p>\n<style type=\"text\/css\" data-created_by=\"avia_inline_auto\" id=\"style-css-av-3n4sls-cacf511e6558ad7955a6ad9008266883\">\n.avia-image-container.av-3n4sls-cacf511e6558ad7955a6ad9008266883 img.avia_image{\nbox-shadow:none;\n}\n.avia-image-container.av-3n4sls-cacf511e6558ad7955a6ad9008266883 .av-image-caption-overlay-center{\ncolor:#ffffff;\n}\n<\/style>\n<div  class='avia-image-container av-3n4sls-cacf511e6558ad7955a6ad9008266883 av-styling-no-styling av-img-linked avia-align-center  avia-builder-el-7  el_before_av_textblock  avia-builder-el-first  categoryBoxImage'   itemprop=\"image\" itemscope=\"itemscope\" itemtype=\"https:\/\/schema.org\/ImageObject\" ><div class=\"avia-image-container-inner\"><div class=\"avia-image-overlay-wrap\"><a href=\"https:\/\/glareone.eu\/pl\/produkty\/modyfikatory-swiatla\/strumienice-i-czasze\/spotlight\/\" class='avia_image '  aria-label='obiektywy optyczne'><img decoding=\"async\" fetchpriority=\"high\" class='wp-image-7096 avia-img-lazy-loading-not-7096 avia_image ' src=\"https:\/\/glareone.eu\/wp-content\/uploads\/2024\/05\/obiektywy-optyczne.png\" alt='' title='obiektywy optyczne'  height=\"283\" width=\"260\"  itemprop=\"thumbnailUrl\"  \/><\/a><\/div><\/div><\/div><br \/>\n<section  class='av_textblock_section av-2zf3kw-56b6a109e0374efc32824e068c9ad67c '   itemscope=\"itemscope\" itemtype=\"https:\/\/schema.org\/CreativeWork\" ><div class='avia_textblock categoryBoxTitle'  itemprop=\"text\" ><h3 style=\"text-align: center;\"><a href=\"\/pl\/produkty\/modyfikatory-swiatla\/strumienice-i-czasze\/spotlight\/\"><strong>Korpus strumienicy<br \/>\ni obiektywy projekcyjne<\/strong><\/a><\/h3>\n<\/div><\/section><\/p><\/div>\n<style type=\"text\/css\" data-created_by=\"avia_inline_auto\" id=\"style-css-av-2taz6h-470d3ba8edffb268cadb3df0be86509f\">\n.flex_column.av-2taz6h-470d3ba8edffb268cadb3df0be86509f{\nwidth:32%;\nmargin-left:2%;\n}\n<\/style>\n<div  class='flex_column av-2taz6h-470d3ba8edffb268cadb3df0be86509f av_one_third  avia-builder-el-9  el_after_av_one_third  el_before_av_hr  categoryBox flex_column_div  '     ><p>\n<style type=\"text\/css\" data-created_by=\"avia_inline_auto\" id=\"style-css-av-lvf5s63k-b950c162f4bb2f567e61036694c52a57\">\n.avia-image-container.av-lvf5s63k-b950c162f4bb2f567e61036694c52a57 img.avia_image{\nbox-shadow:none;\n}\n.avia-image-container.av-lvf5s63k-b950c162f4bb2f567e61036694c52a57 .av-image-caption-overlay-center{\ncolor:#ffffff;\n}\n<\/style>\n<div  class='avia-image-container av-lvf5s63k-b950c162f4bb2f567e61036694c52a57 av-styling-no-styling av-img-linked avia-align-center  avia-builder-el-10  el_before_av_textblock  avia-builder-el-first  categoryBoxImage'   itemprop=\"image\" itemscope=\"itemscope\" itemtype=\"https:\/\/schema.org\/ImageObject\" ><div class=\"avia-image-container-inner\"><div class=\"avia-image-overlay-wrap\"><a href=\"https:\/\/glareone.eu\/pl\/produkty\/modyfikatory-swiatla\/strumienice-i-czasze\/spotlight-pro\/\" class='avia_image '  aria-label='strumienica pro'><img decoding=\"async\" fetchpriority=\"high\" class='wp-image-6841 avia-img-lazy-loading-not-6841 avia_image ' src=\"https:\/\/glareone.eu\/wp-content\/uploads\/2024\/05\/strumienica-pro.png\" alt='' title='strumienica pro'  height=\"283\" width=\"260\"  itemprop=\"thumbnailUrl\"  \/><\/a><\/div><\/div><\/div><br \/>\n<section  class='av_textblock_section av-lvf6yc7n-d7fe077b7801fd07bcb991afcc16a253 '   itemscope=\"itemscope\" itemtype=\"https:\/\/schema.org\/CreativeWork\" ><div class='avia_textblock categoryBoxTitle'  itemprop=\"text\" ><h3 style=\"text-align: center;\"><strong><a href=\"\/pl\/produkty\/modyfikatory-swiatla\/strumienice-i-czasze\/spotlight-pro\/\">Spotlight PRO<\/a><br \/>\n<br class=\"avia-permanent-lb\" \/><\/strong><\/h3>\n<\/div><\/section><\/p><\/div><div  class='hr av-6uccw-f60dc771ef0a5fb9585b4861ffddbbe3 hr-default  avia-builder-el-12  el_after_av_one_third  avia-builder-el-last '><span class='hr-inner '><span class=\"hr-inner-style\"><\/span><\/span><\/div>\n\n","protected":false},"excerpt":{"rendered":"","protected":false},"author":4,"featured_media":0,"parent":3377,"menu_order":0,"comment_status":"open","ping_status":"closed","template":"","meta":{"footnotes":""},"class_list":["post-3392","page","type-page","status-publish","hentry"],"yoast_head":"<!-- This site is optimized with the Yoast SEO plugin v27.2 - https:\/\/yoast.com\/product\/yoast-seo-wordpress\/ -->\n<title>Strumienice i czasze - GlareOne<\/title>\n<meta name=\"description\" content=\"Strumienice i czasze od GlareOne to modyfikatory \u015bwiat\u0142a niezb\u0119dne w pracy fotografa. Pozwalaj\u0105 kontrolowa\u0107 \u015bwiat\u0142o na planie.\" \/>\n<meta name=\"robots\" content=\"index, follow, max-snippet:-1, max-image-preview:large, max-video-preview:-1\" \/>\n<link rel=\"canonical\" href=\"https:\/\/glareone.eu\/pl\/produkty\/modyfikatory-swiatla\/strumienice-i-czasze\/\" \/>\n<meta property=\"og:locale\" content=\"pl_PL\" \/>\n<meta property=\"og:type\" content=\"article\" \/>\n<meta property=\"og:title\" content=\"Strumienice i czasze - GlareOne\" \/>\n<meta property=\"og:description\" content=\"Strumienice i czasze od GlareOne to modyfikatory \u015bwiat\u0142a niezb\u0119dne w pracy fotografa. Pozwalaj\u0105 kontrolowa\u0107 \u015bwiat\u0142o na planie.\" \/>\n<meta property=\"og:url\" content=\"https:\/\/glareone.eu\/pl\/produkty\/modyfikatory-swiatla\/strumienice-i-czasze\/\" \/>\n<meta property=\"og:site_name\" content=\"GlareOne\" \/>\n<meta property=\"article:publisher\" content=\"https:\/\/www.facebook.com\/GlareOneLighting\" \/>\n<meta property=\"article:modified_time\" content=\"2024-07-05T06:13:32+00:00\" \/>\n<meta name=\"twitter:card\" content=\"summary_large_image\" \/>\n<meta name=\"twitter:label1\" content=\"Szacowany czas czytania\" \/>\n\t<meta name=\"twitter:data1\" content=\"1 minuta\" \/>\n<script type=\"application\/ld+json\" class=\"yoast-schema-graph\">{\"@context\":\"https:\/\/schema.org\",\"@graph\":[{\"@type\":\"WebPage\",\"@id\":\"https:\/\/glareone.eu\/pl\/produkty\/modyfikatory-swiatla\/strumienice-i-czasze\/\",\"url\":\"https:\/\/glareone.eu\/pl\/produkty\/modyfikatory-swiatla\/strumienice-i-czasze\/\",\"name\":\"Strumienice i czasze - GlareOne\",\"isPartOf\":{\"@id\":\"https:\/\/glareone.eu\/pl\/en\/#website\"},\"datePublished\":\"2024-04-25T11:59:53+00:00\",\"dateModified\":\"2024-07-05T06:13:32+00:00\",\"description\":\"Strumienice i czasze od GlareOne to modyfikatory \u015bwiat\u0142a niezb\u0119dne w pracy fotografa. Pozwalaj\u0105 kontrolowa\u0107 \u015bwiat\u0142o na planie.\",\"breadcrumb\":{\"@id\":\"https:\/\/glareone.eu\/pl\/produkty\/modyfikatory-swiatla\/strumienice-i-czasze\/#breadcrumb\"},\"inLanguage\":\"pl-PL\",\"potentialAction\":[{\"@type\":\"ReadAction\",\"target\":[\"https:\/\/glareone.eu\/pl\/produkty\/modyfikatory-swiatla\/strumienice-i-czasze\/\"]}]},{\"@type\":\"BreadcrumbList\",\"@id\":\"https:\/\/glareone.eu\/pl\/produkty\/modyfikatory-swiatla\/strumienice-i-czasze\/#breadcrumb\",\"itemListElement\":[{\"@type\":\"ListItem\",\"position\":1,\"name\":\"Strona g\u0142\u00f3wna\",\"item\":\"https:\/\/glareone.eu\/pl\/\"},{\"@type\":\"ListItem\",\"position\":2,\"name\":\"Produkty\",\"item\":\"https:\/\/glareone.eu\/pl\/produkty\/\"},{\"@type\":\"ListItem\",\"position\":3,\"name\":\"Modyfikatory \u015bwiat\u0142a\",\"item\":\"https:\/\/glareone.eu\/pl\/produkty\/modyfikatory-swiatla\/\"},{\"@type\":\"ListItem\",\"position\":4,\"name\":\"Strumienice i czasze\"}]},{\"@type\":\"WebSite\",\"@id\":\"https:\/\/glareone.eu\/pl\/en\/#website\",\"url\":\"https:\/\/glareone.eu\/pl\/en\/\",\"name\":\"GlareOne\",\"description\":\"Wyposa\u017cenie Studia\",\"publisher\":{\"@id\":\"https:\/\/glareone.eu\/pl\/en\/#organization\"},\"potentialAction\":[{\"@type\":\"SearchAction\",\"target\":{\"@type\":\"EntryPoint\",\"urlTemplate\":\"https:\/\/glareone.eu\/pl\/en\/?s={search_term_string}\"},\"query-input\":{\"@type\":\"PropertyValueSpecification\",\"valueRequired\":true,\"valueName\":\"search_term_string\"}}],\"inLanguage\":\"pl-PL\"},{\"@type\":\"Organization\",\"@id\":\"https:\/\/glareone.eu\/pl\/en\/#organization\",\"name\":\"GlareOne\",\"url\":\"https:\/\/glareone.eu\/pl\/en\/\",\"logo\":{\"@type\":\"ImageObject\",\"inLanguage\":\"pl-PL\",\"@id\":\"https:\/\/glareone.eu\/pl\/en\/#\/schema\/logo\/image\/\",\"url\":\"http:\/\/glareone.eu\/wp-content\/uploads\/2024\/05\/glareone_logo2020_RGB-01-e1715773127189.png\",\"contentUrl\":\"http:\/\/glareone.eu\/wp-content\/uploads\/2024\/05\/glareone_logo2020_RGB-01-e1715773127189.png\",\"width\":1270,\"height\":321,\"caption\":\"GlareOne\"},\"image\":{\"@id\":\"https:\/\/glareone.eu\/pl\/en\/#\/schema\/logo\/image\/\"},\"sameAs\":[\"https:\/\/www.facebook.com\/GlareOneLighting\",\"https:\/\/www.instagram.com\/glareonelighting\/\",\"https:\/\/www.youtube.com\/@GlareOneTV\"]}]}<\/script>\n<!-- \/ Yoast SEO plugin. -->","yoast_head_json":{"title":"Strumienice i czasze - GlareOne","description":"Strumienice i czasze od GlareOne to modyfikatory \u015bwiat\u0142a niezb\u0119dne w pracy fotografa. Pozwalaj\u0105 kontrolowa\u0107 \u015bwiat\u0142o na planie.","robots":{"index":"index","follow":"follow","max-snippet":"max-snippet:-1","max-image-preview":"max-image-preview:large","max-video-preview":"max-video-preview:-1"},"canonical":"https:\/\/glareone.eu\/pl\/produkty\/modyfikatory-swiatla\/strumienice-i-czasze\/","og_locale":"pl_PL","og_type":"article","og_title":"Strumienice i czasze - GlareOne","og_description":"Strumienice i czasze od GlareOne to modyfikatory \u015bwiat\u0142a niezb\u0119dne w pracy fotografa. Pozwalaj\u0105 kontrolowa\u0107 \u015bwiat\u0142o na planie.","og_url":"https:\/\/glareone.eu\/pl\/produkty\/modyfikatory-swiatla\/strumienice-i-czasze\/","og_site_name":"GlareOne","article_publisher":"https:\/\/www.facebook.com\/GlareOneLighting","article_modified_time":"2024-07-05T06:13:32+00:00","twitter_card":"summary_large_image","twitter_misc":{"Szacowany czas czytania":"1 minuta"},"schema":{"@context":"https:\/\/schema.org","@graph":[{"@type":"WebPage","@id":"https:\/\/glareone.eu\/pl\/produkty\/modyfikatory-swiatla\/strumienice-i-czasze\/","url":"https:\/\/glareone.eu\/pl\/produkty\/modyfikatory-swiatla\/strumienice-i-czasze\/","name":"Strumienice i czasze - GlareOne","isPartOf":{"@id":"https:\/\/glareone.eu\/pl\/en\/#website"},"datePublished":"2024-04-25T11:59:53+00:00","dateModified":"2024-07-05T06:13:32+00:00","description":"Strumienice i czasze od GlareOne to modyfikatory \u015bwiat\u0142a niezb\u0119dne w pracy fotografa. Pozwalaj\u0105 kontrolowa\u0107 \u015bwiat\u0142o na planie.","breadcrumb":{"@id":"https:\/\/glareone.eu\/pl\/produkty\/modyfikatory-swiatla\/strumienice-i-czasze\/#breadcrumb"},"inLanguage":"pl-PL","potentialAction":[{"@type":"ReadAction","target":["https:\/\/glareone.eu\/pl\/produkty\/modyfikatory-swiatla\/strumienice-i-czasze\/"]}]},{"@type":"BreadcrumbList","@id":"https:\/\/glareone.eu\/pl\/produkty\/modyfikatory-swiatla\/strumienice-i-czasze\/#breadcrumb","itemListElement":[{"@type":"ListItem","position":1,"name":"Strona g\u0142\u00f3wna","item":"https:\/\/glareone.eu\/pl\/"},{"@type":"ListItem","position":2,"name":"Produkty","item":"https:\/\/glareone.eu\/pl\/produkty\/"},{"@type":"ListItem","position":3,"name":"Modyfikatory \u015bwiat\u0142a","item":"https:\/\/glareone.eu\/pl\/produkty\/modyfikatory-swiatla\/"},{"@type":"ListItem","position":4,"name":"Strumienice i czasze"}]},{"@type":"WebSite","@id":"https:\/\/glareone.eu\/pl\/en\/#website","url":"https:\/\/glareone.eu\/pl\/en\/","name":"GlareOne","description":"Wyposa\u017cenie Studia","publisher":{"@id":"https:\/\/glareone.eu\/pl\/en\/#organization"},"potentialAction":[{"@type":"SearchAction","target":{"@type":"EntryPoint","urlTemplate":"https:\/\/glareone.eu\/pl\/en\/?s={search_term_string}"},"query-input":{"@type":"PropertyValueSpecification","valueRequired":true,"valueName":"search_term_string"}}],"inLanguage":"pl-PL"},{"@type":"Organization","@id":"https:\/\/glareone.eu\/pl\/en\/#organization","name":"GlareOne","url":"https:\/\/glareone.eu\/pl\/en\/","logo":{"@type":"ImageObject","inLanguage":"pl-PL","@id":"https:\/\/glareone.eu\/pl\/en\/#\/schema\/logo\/image\/","url":"http:\/\/glareone.eu\/wp-content\/uploads\/2024\/05\/glareone_logo2020_RGB-01-e1715773127189.png","contentUrl":"http:\/\/glareone.eu\/wp-content\/uploads\/2024\/05\/glareone_logo2020_RGB-01-e1715773127189.png","width":1270,"height":321,"caption":"GlareOne"},"image":{"@id":"https:\/\/glareone.eu\/pl\/en\/#\/schema\/logo\/image\/"},"sameAs":["https:\/\/www.facebook.com\/GlareOneLighting","https:\/\/www.instagram.com\/glareonelighting\/","https:\/\/www.youtube.com\/@GlareOneTV"]}]}},"_links":{"self":[{"href":"https:\/\/glareone.eu\/pl\/wp-json\/wp\/v2\/pages\/3392","targetHints":{"allow":["GET"]}}],"collection":[{"href":"https:\/\/glareone.eu\/pl\/wp-json\/wp\/v2\/pages"}],"about":[{"href":"https:\/\/glareone.eu\/pl\/wp-json\/wp\/v2\/types\/page"}],"author":[{"embeddable":true,"href":"https:\/\/glareone.eu\/pl\/wp-json\/wp\/v2\/users\/4"}],"replies":[{"embeddable":true,"href":"https:\/\/glareone.eu\/pl\/wp-json\/wp\/v2\/comments?post=3392"}],"version-history":[{"count":9,"href":"https:\/\/glareone.eu\/pl\/wp-json\/wp\/v2\/pages\/3392\/revisions"}],"predecessor-version":[{"id":11375,"href":"https:\/\/glareone.eu\/pl\/wp-json\/wp\/v2\/pages\/3392\/revisions\/11375"}],"up":[{"embeddable":true,"href":"https:\/\/glareone.eu\/pl\/wp-json\/wp\/v2\/pages\/3377"}],"wp:attachment":[{"href":"https:\/\/glareone.eu\/pl\/wp-json\/wp\/v2\/media?parent=3392"}],"curies":[{"name":"wp","href":"https:\/\/api.w.org\/{rel}","templated":true}]}}