{"id":3377,"date":"2024-04-25T11:51:58","date_gmt":"2024-04-25T11:51:58","guid":{"rendered":"http:\/\/glareone.eu\/?page_id=3377"},"modified":"2025-08-08T12:38:12","modified_gmt":"2025-08-08T12:38:12","slug":"modyfikatory-swiatla","status":"publish","type":"page","link":"https:\/\/glareone.eu\/pl\/produkty\/modyfikatory-swiatla\/","title":{"rendered":"Modyfikatory \u015bwiat\u0142a"},"content":{"rendered":"<div  class='flex_column av-1rw0ry-bea76e6eae6a4e5f4a58aa49434699e5 av_one_full  avia-builder-el-0  el_before_av_section  avia-builder-el-no-sibling  first flex_column_div  '     ><style type=\"text\/css\" data-created_by=\"avia_inline_auto\" id=\"style-css-av-luzojory-e60c112398a0dd441c61ce0f06f28e9a\">\n#top .av-special-heading.av-luzojory-e60c112398a0dd441c61ce0f06f28e9a{\npadding-bottom:10px;\n}\nbody .av-special-heading.av-luzojory-e60c112398a0dd441c61ce0f06f28e9a .av-special-heading-tag .heading-char{\nfont-size:25px;\n}\n.av-special-heading.av-luzojory-e60c112398a0dd441c61ce0f06f28e9a .av-subheading{\nfont-size:15px;\n}\n<\/style>\n<div  class='av-special-heading av-luzojory-e60c112398a0dd441c61ce0f06f28e9a av-special-heading-h2 blockquote modern-quote modern-centered  avia-builder-el-1  avia-builder-el-no-sibling '><h2 class='av-special-heading-tag'  itemprop=\"headline\"  >Modyfikatory \u015bwiat\u0142a<\/h2><div class=\"special-heading-border\"><div class=\"special-heading-inner-border\"><\/div><\/div><\/div><\/div>\n<\/div><\/div><\/div><!-- close content main div --><\/div><\/div><div id='homeproductcategorylist'  class='avia-section av-1lv8ri-94017da8535ef3245dc7c747be8a10d3 main_color avia-section-default avia-no-border-styling  avia-builder-el-2  el_after_av_one_full  avia-builder-el-last  avia-bg-style-scroll container_wrap fullsize'  ><div class='container av-section-cont-open' ><div class='template-page content  av-content-full alpha units'><div class='post-entry post-entry-type-page post-entry-3377'><div class='entry-content-wrapper clearfix'>\n\n<style type=\"text\/css\" data-created_by=\"avia_inline_auto\" id=\"style-css-av-2taz6h-3151ec9b2090b434b1104cd21240d124\">\n.flex_column.av-2taz6h-3151ec9b2090b434b1104cd21240d124{\nwidth:23.5%;\n}\n<\/style>\n<div  class='flex_column av-2taz6h-3151ec9b2090b434b1104cd21240d124 av_one_fourth  avia-builder-el-3  el_before_av_one_fourth  avia-builder-el-first  categoryBox first flex_column_div  '     ><p>\n<style type=\"text\/css\" data-created_by=\"avia_inline_auto\" id=\"style-css-av-lvf5s63k-78ff4aa9cab50a3f2196368172f10b42\">\n.avia-image-container.av-lvf5s63k-78ff4aa9cab50a3f2196368172f10b42 img.avia_image{\nbox-shadow:none;\n}\n.avia-image-container.av-lvf5s63k-78ff4aa9cab50a3f2196368172f10b42 .av-image-caption-overlay-center{\ncolor:#ffffff;\n}\n<\/style>\n<div  class='avia-image-container av-lvf5s63k-78ff4aa9cab50a3f2196368172f10b42 av-styling-no-styling av-img-linked avia-align-center  avia-builder-el-4  el_before_av_textblock  avia-builder-el-first  categoryBoxImage'   itemprop=\"image\" itemscope=\"itemscope\" itemtype=\"https:\/\/schema.org\/ImageObject\" ><div class=\"avia-image-container-inner\"><div class=\"avia-image-overlay-wrap\"><a href=\"https:\/\/glareone.eu\/pl\/produkty\/modyfikatory-swiatla\/blendy-flagi\/\" class='avia_image '  aria-label='flaga'><img decoding=\"async\" fetchpriority=\"high\" class='wp-image-6837 avia-img-lazy-loading-not-6837 avia_image ' src=\"https:\/\/glareone.eu\/wp-content\/uploads\/2024\/05\/flaga.png\" alt='' title='flaga'  height=\"283\" width=\"260\"  itemprop=\"thumbnailUrl\"  \/><\/a><\/div><\/div><\/div><br \/>\n<section  class='av_textblock_section av-lvf5hao8-eacdacdb29df53783c6ddf9ee4af3ae8 '   itemscope=\"itemscope\" itemtype=\"https:\/\/schema.org\/CreativeWork\" ><div class='avia_textblock categoryBoxTitle'  itemprop=\"text\" ><h3 style=\"text-align: center;\"><a href=\"\/pl\/produkty\/modyfikatory-swiatla\/blendy-flagi\/\">Blendy<br \/>\ni flagi<\/a><\/h3>\n<\/div><\/section><\/p><\/div>\n<style type=\"text\/css\" data-created_by=\"avia_inline_auto\" id=\"style-css-av-jb5r5-5eee2f9b50682ff17ccb9d23b0869be5\">\n.flex_column.av-jb5r5-5eee2f9b50682ff17ccb9d23b0869be5{\nwidth:23.5%;\nmargin-left:2%;\n}\n<\/style>\n<div  class='flex_column av-jb5r5-5eee2f9b50682ff17ccb9d23b0869be5 av_one_fourth  avia-builder-el-6  el_after_av_one_fourth  el_before_av_one_fourth  categoryBox flex_column_div  '     ><p>\n<style type=\"text\/css\" data-created_by=\"avia_inline_auto\" id=\"style-css-av-lvxv9wpc-26a3b1fe573fc75c042e8f294cdda099\">\n.avia-image-container.av-lvxv9wpc-26a3b1fe573fc75c042e8f294cdda099 img.avia_image{\nbox-shadow:none;\n}\n.avia-image-container.av-lvxv9wpc-26a3b1fe573fc75c042e8f294cdda099 .av-image-caption-overlay-center{\ncolor:#ffffff;\n}\n<\/style>\n<div  class='avia-image-container av-lvxv9wpc-26a3b1fe573fc75c042e8f294cdda099 av-styling-no-styling av-img-linked avia-align-center  avia-builder-el-7  el_before_av_textblock  avia-builder-el-first  categoryBoxImage'   itemprop=\"image\" itemscope=\"itemscope\" itemtype=\"https:\/\/schema.org\/ImageObject\" ><div class=\"avia-image-container-inner\"><div class=\"avia-image-overlay-wrap\"><a href=\"https:\/\/glareone.eu\/pl\/produkty\/modyfikatory-swiatla\/parasole\/\" class='avia_image '  aria-label='parasol orb'><img decoding=\"async\" fetchpriority=\"high\" class='wp-image-7058 avia-img-lazy-loading-not-7058 avia_image ' src=\"https:\/\/glareone.eu\/wp-content\/uploads\/2024\/05\/parasol-orb.png\" alt='' title='parasol orb'  height=\"283\" width=\"260\"  itemprop=\"thumbnailUrl\"  \/><\/a><\/div><\/div><\/div><br \/>\n<section  class='av_textblock_section av-lvxva42y-548a4f2edad120eac8f4e55f5f936bc0 '   itemscope=\"itemscope\" itemtype=\"https:\/\/schema.org\/CreativeWork\" ><div class='avia_textblock categoryBoxTitle'  itemprop=\"text\" ><h3 style=\"text-align: center;\"><a href=\"\/pl\/produkty\/modyfikatory-swiatla\/parasole\/\">Parasole<\/a><br \/>\n<br class=\"avia-permanent-lb\" \/><\/h3>\n<\/div><\/section><\/p><\/div>\n<style type=\"text\/css\" data-created_by=\"avia_inline_auto\" id=\"style-css-av-483w8h-b89566266b523ee495c2245dc7c37654\">\n.flex_column.av-483w8h-b89566266b523ee495c2245dc7c37654{\nwidth:23.5%;\nmargin-left:2%;\n}\n<\/style>\n<div  class='flex_column av-483w8h-b89566266b523ee495c2245dc7c37654 av_one_fourth  avia-builder-el-9  el_after_av_one_fourth  el_before_av_one_fourth  categoryBox flex_column_div  '     ><p>\n<style type=\"text\/css\" data-created_by=\"avia_inline_auto\" id=\"style-css-av-lvxvabg8-3308b319523e8fd75440f4e266f18bd3\">\n.avia-image-container.av-lvxvabg8-3308b319523e8fd75440f4e266f18bd3 img.avia_image{\nbox-shadow:none;\n}\n.avia-image-container.av-lvxvabg8-3308b319523e8fd75440f4e266f18bd3 .av-image-caption-overlay-center{\ncolor:#ffffff;\n}\n<\/style>\n<div  class='avia-image-container av-lvxvabg8-3308b319523e8fd75440f4e266f18bd3 av-styling-no-styling av-img-linked avia-align-center  avia-builder-el-10  el_before_av_textblock  avia-builder-el-first  categoryBoxImage'   itemprop=\"image\" itemscope=\"itemscope\" itemtype=\"https:\/\/schema.org\/ImageObject\" ><div class=\"avia-image-container-inner\"><div class=\"avia-image-overlay-wrap\"><a href=\"https:\/\/glareone.eu\/pl\/produkty\/modyfikatory-swiatla\/softboxy\/\" class='avia_image '  aria-label='softbox pro'><img decoding=\"async\" fetchpriority=\"high\" class='wp-image-7133 avia-img-lazy-loading-not-7133 avia_image ' src=\"https:\/\/glareone.eu\/wp-content\/uploads\/2024\/05\/softbox-pro.png\" alt='' title='softbox pro'  height=\"283\" width=\"260\"  itemprop=\"thumbnailUrl\"  \/><\/a><\/div><\/div><\/div><br \/>\n<section  class='av_textblock_section av-2pjaxd-41293bbd7b04cfc2cb9c5c3fc138dbdd '   itemscope=\"itemscope\" itemtype=\"https:\/\/schema.org\/CreativeWork\" ><div class='avia_textblock categoryBoxTitle'  itemprop=\"text\" ><h3 style=\"text-align: center;\"><strong><a href=\"\/pl\/produkty\/modyfikatory-swiatla\/softboxy\/\">Softboxy<\/a><br \/>\n<br class=\"avia-permanent-lb\" \/><\/strong><\/h3>\n<\/div><\/section><\/p><\/div>\n<style type=\"text\/css\" data-created_by=\"avia_inline_auto\" id=\"style-css-av-14rufy-65200addb08787c54dd1145813ddf392\">\n.flex_column.av-14rufy-65200addb08787c54dd1145813ddf392{\nwidth:23.5%;\nmargin-left:2%;\n}\n<\/style>\n<div  class='flex_column av-14rufy-65200addb08787c54dd1145813ddf392 av_one_fourth  avia-builder-el-12  el_after_av_one_fourth  avia-builder-el-last  categoryBox flex_column_div  '     ><p>\n<style type=\"text\/css\" data-created_by=\"avia_inline_auto\" id=\"style-css-av-uotrq-9f9dff189727cb27252a47fcf4ac44d4\">\n.avia-image-container.av-uotrq-9f9dff189727cb27252a47fcf4ac44d4 img.avia_image{\nbox-shadow:none;\n}\n.avia-image-container.av-uotrq-9f9dff189727cb27252a47fcf4ac44d4 .av-image-caption-overlay-center{\ncolor:#ffffff;\n}\n<\/style>\n<div  class='avia-image-container av-uotrq-9f9dff189727cb27252a47fcf4ac44d4 av-styling-no-styling av-img-linked avia-align-center  avia-builder-el-13  el_before_av_textblock  avia-builder-el-first  categoryBoxImage'   itemprop=\"image\" itemscope=\"itemscope\" itemtype=\"https:\/\/schema.org\/ImageObject\" ><div class=\"avia-image-container-inner\"><div class=\"avia-image-overlay-wrap\"><a href=\"https:\/\/glareone.eu\/pl\/produkty\/modyfikatory-swiatla\/strumienice-i-czasze\/\" class='avia_image '  aria-label='strumienica pro'><img decoding=\"async\" fetchpriority=\"high\" class='wp-image-6841 avia-img-lazy-loading-not-6841 avia_image ' src=\"https:\/\/glareone.eu\/wp-content\/uploads\/2024\/05\/strumienica-pro.png\" alt='' title='strumienica pro'  height=\"283\" width=\"260\"  itemprop=\"thumbnailUrl\"  \/><\/a><\/div><\/div><\/div><br \/>\n<section  class='av_textblock_section av-luzok5ee-edc5bf8fc7356ab821438abfc93afa7e '   itemscope=\"itemscope\" itemtype=\"https:\/\/schema.org\/CreativeWork\" ><div class='avia_textblock categoryBoxTitle'  itemprop=\"text\" ><h3 style=\"text-align: center;\"><a href=\"\/pl\/produkty\/modyfikatory-swiatla\/strumienice-i-czasze\/\"><strong>Strumienice<br \/>\ni czasze<\/strong><\/a><\/h3>\n<\/div><\/section><\/p><\/div>\n","protected":false},"excerpt":{"rendered":"","protected":false},"author":4,"featured_media":0,"parent":812,"menu_order":0,"comment_status":"open","ping_status":"closed","template":"","meta":{"footnotes":""},"class_list":["post-3377","page","type-page","status-publish","hentry"],"yoast_head":"<!-- This site is optimized with the Yoast SEO plugin v27.2 - https:\/\/yoast.com\/product\/yoast-seo-wordpress\/ -->\n<title>Modyfikatory \u015bwiat\u0142a - GlareOne<\/title>\n<meta name=\"description\" content=\"W\u015br\u00f3d modyfikator\u00f3w \u015bwiat\u0142a GlareOne znajduj\u0105 si\u0119 wysokiej jako\u015bci softboxy, strumienice, blendy, flagi oraz czasze.\" \/>\n<meta name=\"robots\" content=\"index, follow, max-snippet:-1, max-image-preview:large, max-video-preview:-1\" \/>\n<link rel=\"canonical\" href=\"https:\/\/glareone.eu\/pl\/produkty\/modyfikatory-swiatla\/\" \/>\n<meta property=\"og:locale\" content=\"pl_PL\" \/>\n<meta property=\"og:type\" content=\"article\" \/>\n<meta property=\"og:title\" content=\"Modyfikatory \u015bwiat\u0142a - GlareOne\" \/>\n<meta property=\"og:description\" content=\"W\u015br\u00f3d modyfikator\u00f3w \u015bwiat\u0142a GlareOne znajduj\u0105 si\u0119 wysokiej jako\u015bci softboxy, strumienice, blendy, flagi oraz czasze.\" \/>\n<meta property=\"og:url\" content=\"https:\/\/glareone.eu\/pl\/produkty\/modyfikatory-swiatla\/\" \/>\n<meta property=\"og:site_name\" content=\"GlareOne\" \/>\n<meta property=\"article:publisher\" content=\"https:\/\/www.facebook.com\/GlareOneLighting\" \/>\n<meta property=\"article:modified_time\" content=\"2025-08-08T12:38:12+00:00\" \/>\n<meta name=\"twitter:card\" content=\"summary_large_image\" \/>\n<script type=\"application\/ld+json\" class=\"yoast-schema-graph\">{\"@context\":\"https:\/\/schema.org\",\"@graph\":[{\"@type\":\"WebPage\",\"@id\":\"https:\/\/glareone.eu\/pl\/produkty\/modyfikatory-swiatla\/\",\"url\":\"https:\/\/glareone.eu\/pl\/produkty\/modyfikatory-swiatla\/\",\"name\":\"Modyfikatory \u015bwiat\u0142a - GlareOne\",\"isPartOf\":{\"@id\":\"https:\/\/glareone.eu\/pl\/en\/#website\"},\"datePublished\":\"2024-04-25T11:51:58+00:00\",\"dateModified\":\"2025-08-08T12:38:12+00:00\",\"description\":\"W\u015br\u00f3d modyfikator\u00f3w \u015bwiat\u0142a GlareOne znajduj\u0105 si\u0119 wysokiej jako\u015bci softboxy, strumienice, blendy, flagi oraz czasze.\",\"breadcrumb\":{\"@id\":\"https:\/\/glareone.eu\/pl\/produkty\/modyfikatory-swiatla\/#breadcrumb\"},\"inLanguage\":\"pl-PL\",\"potentialAction\":[{\"@type\":\"ReadAction\",\"target\":[\"https:\/\/glareone.eu\/pl\/produkty\/modyfikatory-swiatla\/\"]}]},{\"@type\":\"BreadcrumbList\",\"@id\":\"https:\/\/glareone.eu\/pl\/produkty\/modyfikatory-swiatla\/#breadcrumb\",\"itemListElement\":[{\"@type\":\"ListItem\",\"position\":1,\"name\":\"Strona g\u0142\u00f3wna\",\"item\":\"https:\/\/glareone.eu\/pl\/\"},{\"@type\":\"ListItem\",\"position\":2,\"name\":\"Produkty\",\"item\":\"https:\/\/glareone.eu\/pl\/produkty\/\"},{\"@type\":\"ListItem\",\"position\":3,\"name\":\"Modyfikatory \u015bwiat\u0142a\"}]},{\"@type\":\"WebSite\",\"@id\":\"https:\/\/glareone.eu\/pl\/en\/#website\",\"url\":\"https:\/\/glareone.eu\/pl\/en\/\",\"name\":\"GlareOne\",\"description\":\"Wyposa\u017cenie Studia\",\"publisher\":{\"@id\":\"https:\/\/glareone.eu\/pl\/en\/#organization\"},\"potentialAction\":[{\"@type\":\"SearchAction\",\"target\":{\"@type\":\"EntryPoint\",\"urlTemplate\":\"https:\/\/glareone.eu\/pl\/en\/?s={search_term_string}\"},\"query-input\":{\"@type\":\"PropertyValueSpecification\",\"valueRequired\":true,\"valueName\":\"search_term_string\"}}],\"inLanguage\":\"pl-PL\"},{\"@type\":\"Organization\",\"@id\":\"https:\/\/glareone.eu\/pl\/en\/#organization\",\"name\":\"GlareOne\",\"url\":\"https:\/\/glareone.eu\/pl\/en\/\",\"logo\":{\"@type\":\"ImageObject\",\"inLanguage\":\"pl-PL\",\"@id\":\"https:\/\/glareone.eu\/pl\/en\/#\/schema\/logo\/image\/\",\"url\":\"http:\/\/glareone.eu\/wp-content\/uploads\/2024\/05\/glareone_logo2020_RGB-01-e1715773127189.png\",\"contentUrl\":\"http:\/\/glareone.eu\/wp-content\/uploads\/2024\/05\/glareone_logo2020_RGB-01-e1715773127189.png\",\"width\":1270,\"height\":321,\"caption\":\"GlareOne\"},\"image\":{\"@id\":\"https:\/\/glareone.eu\/pl\/en\/#\/schema\/logo\/image\/\"},\"sameAs\":[\"https:\/\/www.facebook.com\/GlareOneLighting\",\"https:\/\/www.instagram.com\/glareonelighting\/\",\"https:\/\/www.youtube.com\/@GlareOneTV\"]}]}<\/script>\n<!-- \/ Yoast SEO plugin. -->","yoast_head_json":{"title":"Modyfikatory \u015bwiat\u0142a - GlareOne","description":"W\u015br\u00f3d modyfikator\u00f3w \u015bwiat\u0142a GlareOne znajduj\u0105 si\u0119 wysokiej jako\u015bci softboxy, strumienice, blendy, flagi oraz czasze.","robots":{"index":"index","follow":"follow","max-snippet":"max-snippet:-1","max-image-preview":"max-image-preview:large","max-video-preview":"max-video-preview:-1"},"canonical":"https:\/\/glareone.eu\/pl\/produkty\/modyfikatory-swiatla\/","og_locale":"pl_PL","og_type":"article","og_title":"Modyfikatory \u015bwiat\u0142a - GlareOne","og_description":"W\u015br\u00f3d modyfikator\u00f3w \u015bwiat\u0142a GlareOne znajduj\u0105 si\u0119 wysokiej jako\u015bci softboxy, strumienice, blendy, flagi oraz czasze.","og_url":"https:\/\/glareone.eu\/pl\/produkty\/modyfikatory-swiatla\/","og_site_name":"GlareOne","article_publisher":"https:\/\/www.facebook.com\/GlareOneLighting","article_modified_time":"2025-08-08T12:38:12+00:00","twitter_card":"summary_large_image","schema":{"@context":"https:\/\/schema.org","@graph":[{"@type":"WebPage","@id":"https:\/\/glareone.eu\/pl\/produkty\/modyfikatory-swiatla\/","url":"https:\/\/glareone.eu\/pl\/produkty\/modyfikatory-swiatla\/","name":"Modyfikatory \u015bwiat\u0142a - GlareOne","isPartOf":{"@id":"https:\/\/glareone.eu\/pl\/en\/#website"},"datePublished":"2024-04-25T11:51:58+00:00","dateModified":"2025-08-08T12:38:12+00:00","description":"W\u015br\u00f3d modyfikator\u00f3w \u015bwiat\u0142a GlareOne znajduj\u0105 si\u0119 wysokiej jako\u015bci softboxy, strumienice, blendy, flagi oraz czasze.","breadcrumb":{"@id":"https:\/\/glareone.eu\/pl\/produkty\/modyfikatory-swiatla\/#breadcrumb"},"inLanguage":"pl-PL","potentialAction":[{"@type":"ReadAction","target":["https:\/\/glareone.eu\/pl\/produkty\/modyfikatory-swiatla\/"]}]},{"@type":"BreadcrumbList","@id":"https:\/\/glareone.eu\/pl\/produkty\/modyfikatory-swiatla\/#breadcrumb","itemListElement":[{"@type":"ListItem","position":1,"name":"Strona g\u0142\u00f3wna","item":"https:\/\/glareone.eu\/pl\/"},{"@type":"ListItem","position":2,"name":"Produkty","item":"https:\/\/glareone.eu\/pl\/produkty\/"},{"@type":"ListItem","position":3,"name":"Modyfikatory \u015bwiat\u0142a"}]},{"@type":"WebSite","@id":"https:\/\/glareone.eu\/pl\/en\/#website","url":"https:\/\/glareone.eu\/pl\/en\/","name":"GlareOne","description":"Wyposa\u017cenie Studia","publisher":{"@id":"https:\/\/glareone.eu\/pl\/en\/#organization"},"potentialAction":[{"@type":"SearchAction","target":{"@type":"EntryPoint","urlTemplate":"https:\/\/glareone.eu\/pl\/en\/?s={search_term_string}"},"query-input":{"@type":"PropertyValueSpecification","valueRequired":true,"valueName":"search_term_string"}}],"inLanguage":"pl-PL"},{"@type":"Organization","@id":"https:\/\/glareone.eu\/pl\/en\/#organization","name":"GlareOne","url":"https:\/\/glareone.eu\/pl\/en\/","logo":{"@type":"ImageObject","inLanguage":"pl-PL","@id":"https:\/\/glareone.eu\/pl\/en\/#\/schema\/logo\/image\/","url":"http:\/\/glareone.eu\/wp-content\/uploads\/2024\/05\/glareone_logo2020_RGB-01-e1715773127189.png","contentUrl":"http:\/\/glareone.eu\/wp-content\/uploads\/2024\/05\/glareone_logo2020_RGB-01-e1715773127189.png","width":1270,"height":321,"caption":"GlareOne"},"image":{"@id":"https:\/\/glareone.eu\/pl\/en\/#\/schema\/logo\/image\/"},"sameAs":["https:\/\/www.facebook.com\/GlareOneLighting","https:\/\/www.instagram.com\/glareonelighting\/","https:\/\/www.youtube.com\/@GlareOneTV"]}]}},"_links":{"self":[{"href":"https:\/\/glareone.eu\/pl\/wp-json\/wp\/v2\/pages\/3377","targetHints":{"allow":["GET"]}}],"collection":[{"href":"https:\/\/glareone.eu\/pl\/wp-json\/wp\/v2\/pages"}],"about":[{"href":"https:\/\/glareone.eu\/pl\/wp-json\/wp\/v2\/types\/page"}],"author":[{"embeddable":true,"href":"https:\/\/glareone.eu\/pl\/wp-json\/wp\/v2\/users\/4"}],"replies":[{"embeddable":true,"href":"https:\/\/glareone.eu\/pl\/wp-json\/wp\/v2\/comments?post=3377"}],"version-history":[{"count":10,"href":"https:\/\/glareone.eu\/pl\/wp-json\/wp\/v2\/pages\/3377\/revisions"}],"predecessor-version":[{"id":21455,"href":"https:\/\/glareone.eu\/pl\/wp-json\/wp\/v2\/pages\/3377\/revisions\/21455"}],"up":[{"embeddable":true,"href":"https:\/\/glareone.eu\/pl\/wp-json\/wp\/v2\/pages\/812"}],"wp:attachment":[{"href":"https:\/\/glareone.eu\/pl\/wp-json\/wp\/v2\/media?parent=3377"}],"curies":[{"name":"wp","href":"https:\/\/api.w.org\/{rel}","templated":true}]}}