{"id":3369,"date":"2024-04-25T11:45:36","date_gmt":"2024-04-25T11:45:36","guid":{"rendered":"http:\/\/glareone.eu\/?page_id=3369"},"modified":"2024-07-05T06:13:28","modified_gmt":"2024-07-05T06:13:28","slug":"softboxy","status":"publish","type":"page","link":"https:\/\/glareone.eu\/pl\/produkty\/modyfikatory-swiatla\/softboxy\/","title":{"rendered":"Softboxy"},"content":{"rendered":"<div  class='flex_column av-1rw0ry-bea76e6eae6a4e5f4a58aa49434699e5 av_one_full  avia-builder-el-0  el_before_av_section  avia-builder-el-no-sibling  first flex_column_div  '     ><style type=\"text\/css\" data-created_by=\"avia_inline_auto\" id=\"style-css-av-luzojory-f47db3fa7606c87681a89d513506f646\">\n#top .av-special-heading.av-luzojory-f47db3fa7606c87681a89d513506f646{\npadding-bottom:10px;\n}\nbody .av-special-heading.av-luzojory-f47db3fa7606c87681a89d513506f646 .av-special-heading-tag .heading-char{\nfont-size:25px;\n}\n.av-special-heading.av-luzojory-f47db3fa7606c87681a89d513506f646 .av-subheading{\nfont-size:15px;\n}\n<\/style>\n<div  class='av-special-heading av-luzojory-f47db3fa7606c87681a89d513506f646 av-special-heading-h2 blockquote modern-quote modern-centered  avia-builder-el-1  avia-builder-el-no-sibling '><h2 class='av-special-heading-tag'  itemprop=\"headline\"  >Softboxy<\/h2><div class=\"special-heading-border\"><div class=\"special-heading-inner-border\"><\/div><\/div><\/div><\/div>\n<\/div><\/div><\/div><!-- close content main div --><\/div><\/div><div id='homeproductcategorylist'  class='avia-section av-1lv8ri-94017da8535ef3245dc7c747be8a10d3 main_color avia-section-default avia-no-border-styling  avia-builder-el-2  el_after_av_one_full  el_before_av_section  avia-bg-style-scroll container_wrap fullsize'  ><div class='container av-section-cont-open' ><div class='template-page content  av-content-full alpha units'><div class='post-entry post-entry-type-page post-entry-3369'><div class='entry-content-wrapper clearfix'>\n\n<style type=\"text\/css\" data-created_by=\"avia_inline_auto\" id=\"style-css-av-2taz6h-3151ec9b2090b434b1104cd21240d124\">\n.flex_column.av-2taz6h-3151ec9b2090b434b1104cd21240d124{\nwidth:32%;\n}\n<\/style>\n<div  class='flex_column av-2taz6h-3151ec9b2090b434b1104cd21240d124 av_one_third  avia-builder-el-3  el_before_av_one_third  avia-builder-el-first  categoryBox first flex_column_div  '     ><p>\n<style type=\"text\/css\" data-created_by=\"avia_inline_auto\" id=\"style-css-av-lvf5s63k-1e3e925006d81da7bb22f44e45067dd3\">\n.avia-image-container.av-lvf5s63k-1e3e925006d81da7bb22f44e45067dd3 img.avia_image{\nbox-shadow:none;\n}\n.avia-image-container.av-lvf5s63k-1e3e925006d81da7bb22f44e45067dd3 .av-image-caption-overlay-center{\ncolor:#ffffff;\n}\n<\/style>\n<div  class='avia-image-container av-lvf5s63k-1e3e925006d81da7bb22f44e45067dd3 av-styling-no-styling av-img-linked avia-align-center  avia-builder-el-4  el_before_av_textblock  avia-builder-el-first  categoryBoxImage'   itemprop=\"image\" itemscope=\"itemscope\" itemtype=\"https:\/\/schema.org\/ImageObject\" ><div class=\"avia-image-container-inner\"><div class=\"avia-image-overlay-wrap\"><a href=\"https:\/\/glareone.eu\/pl\/produkty\/modyfikatory-swiatla\/softboxy\/softboxy-pro\/\" class='avia_image '  aria-label='softbox pro'><img decoding=\"async\" fetchpriority=\"high\" class='wp-image-7133 avia-img-lazy-loading-not-7133 avia_image ' src=\"https:\/\/glareone.eu\/wp-content\/uploads\/2024\/05\/softbox-pro.png\" alt='' title='softbox pro'  height=\"283\" width=\"260\"  itemprop=\"thumbnailUrl\"  \/><\/a><\/div><\/div><\/div><br \/>\n<section  class='av_textblock_section av-lvf5hao8-eacdacdb29df53783c6ddf9ee4af3ae8 '   itemscope=\"itemscope\" itemtype=\"https:\/\/schema.org\/CreativeWork\" ><div class='avia_textblock categoryBoxTitle'  itemprop=\"text\" ><h3 style=\"text-align: center;\"><a href=\"\/pl\/produkty\/modyfikatory-swiatla\/softboxy\/softboxy-pro\/\">PRO<\/a><\/h3>\n<\/div><\/section><\/p><\/div>\n<style type=\"text\/css\" data-created_by=\"avia_inline_auto\" id=\"style-css-av-arbm6x-255290e0c75b382920dee7e975d17e7e\">\n.flex_column.av-arbm6x-255290e0c75b382920dee7e975d17e7e{\nwidth:32%;\nmargin-left:2%;\n}\n<\/style>\n<div  class='flex_column av-arbm6x-255290e0c75b382920dee7e975d17e7e av_one_third  avia-builder-el-6  el_after_av_one_third  el_before_av_one_third  categoryBox flex_column_div  '     ><p>\n<style type=\"text\/css\" data-created_by=\"avia_inline_auto\" id=\"style-css-av-92b449-7c2e123b8550d1a8973e81a3b01a57da\">\n.avia-image-container.av-92b449-7c2e123b8550d1a8973e81a3b01a57da img.avia_image{\nbox-shadow:none;\n}\n.avia-image-container.av-92b449-7c2e123b8550d1a8973e81a3b01a57da .av-image-caption-overlay-center{\ncolor:#ffffff;\n}\n<\/style>\n<div  class='avia-image-container av-92b449-7c2e123b8550d1a8973e81a3b01a57da av-styling-no-styling av-img-linked avia-align-center  avia-builder-el-7  el_before_av_textblock  avia-builder-el-first  categoryBoxImage'   itemprop=\"image\" itemscope=\"itemscope\" itemtype=\"https:\/\/schema.org\/ImageObject\" ><div class=\"avia-image-container-inner\"><div class=\"avia-image-overlay-wrap\"><a href=\"https:\/\/glareone.eu\/pl\/produkty\/modyfikatory-swiatla\/softboxy\/easy-fold\/\" class='avia_image '  aria-label='softbox easy fold'><img decoding=\"async\" fetchpriority=\"high\" class='wp-image-7137 avia-img-lazy-loading-not-7137 avia_image ' src=\"https:\/\/glareone.eu\/wp-content\/uploads\/2024\/05\/softbox-easy-fold.png\" alt='' title='softbox easy fold'  height=\"283\" width=\"260\"  itemprop=\"thumbnailUrl\"  \/><\/a><\/div><\/div><\/div><br \/>\n<section  class='av_textblock_section av-lvxp5ra4-b833833e9d2e8a0986ffbb8926e52cd4 '   itemscope=\"itemscope\" itemtype=\"https:\/\/schema.org\/CreativeWork\" ><div class='avia_textblock categoryBoxTitle'  itemprop=\"text\" ><h3 style=\"text-align: center;\"><a href=\"\/pl\/produkty\/modyfikatory-swiatla\/softboxy\/easy-fold\/\">Easy Fold<\/a><\/h3>\n<\/div><\/section><\/p><\/div>\n<style type=\"text\/css\" data-created_by=\"avia_inline_auto\" id=\"style-css-av-753h1l-5a9af162839b355b33a9163c754c654b\">\n.flex_column.av-753h1l-5a9af162839b355b33a9163c754c654b{\nwidth:32%;\nmargin-left:2%;\n}\n<\/style>\n<div  class='flex_column av-753h1l-5a9af162839b355b33a9163c754c654b av_one_third  avia-builder-el-9  el_after_av_one_third  avia-builder-el-last  categoryBox flex_column_div  '     ><p>\n<style type=\"text\/css\" data-created_by=\"avia_inline_auto\" id=\"style-css-av-5tdd6x-43389477dbd1c350daff9ad9156ae01f\">\n.avia-image-container.av-5tdd6x-43389477dbd1c350daff9ad9156ae01f img.avia_image{\nbox-shadow:none;\n}\n.avia-image-container.av-5tdd6x-43389477dbd1c350daff9ad9156ae01f .av-image-caption-overlay-center{\ncolor:#ffffff;\n}\n<\/style>\n<div  class='avia-image-container av-5tdd6x-43389477dbd1c350daff9ad9156ae01f av-styling-no-styling av-img-linked avia-align-center  avia-builder-el-10  el_before_av_textblock  avia-builder-el-first  categoryBoxImage'   itemprop=\"image\" itemscope=\"itemscope\" itemtype=\"https:\/\/schema.org\/ImageObject\" ><div class=\"avia-image-container-inner\"><div class=\"avia-image-overlay-wrap\"><a href=\"https:\/\/glareone.eu\/pl\/produkty\/modyfikatory-swiatla\/softboxy\/strappo\/\" class='avia_image '  aria-label='softbox strappo'><img decoding=\"async\" fetchpriority=\"high\" class='wp-image-7141 avia-img-lazy-loading-not-7141 avia_image ' src=\"https:\/\/glareone.eu\/wp-content\/uploads\/2024\/05\/softbox-strappo.png\" alt='' title='softbox strappo'  height=\"283\" width=\"260\"  itemprop=\"thumbnailUrl\"  \/><\/a><\/div><\/div><\/div><br \/>\n<section  class='av_textblock_section av-lvxp7r3w-e2ae80ddf7305e2008d9a5369455612a '   itemscope=\"itemscope\" itemtype=\"https:\/\/schema.org\/CreativeWork\" ><div class='avia_textblock categoryBoxTitle'  itemprop=\"text\" ><h3 style=\"text-align: center;\"><a href=\"\/pl\/produkty\/modyfikatory-swiatla\/softboxy\/strappo\/\">Strappo<\/a><\/h3>\n<\/div><\/section><\/p><\/div><\/div><\/div><\/div><!-- close content main div --><\/div><\/div><div id='homeproductcategorylist'  class='avia-section av-b0qh9l-da55e2a0e7e16f6d3ae50b5cd160dcc1 main_color avia-section-default avia-no-border-styling  avia-builder-el-12  el_after_av_section  el_before_av_two_third  avia-bg-style-scroll container_wrap fullsize'  ><div class='container av-section-cont-open' ><div class='template-page content  av-content-full alpha units'><div class='post-entry post-entry-type-page post-entry-3369'><div class='entry-content-wrapper clearfix'>\n\n<style type=\"text\/css\" data-created_by=\"avia_inline_auto\" id=\"style-css-av-9b91mh-f5a23e445956ac42b9f2134562d54ea2\">\n.flex_column.av-9b91mh-f5a23e445956ac42b9f2134562d54ea2{\nwidth:32%;\n}\n<\/style>\n<div  class='flex_column av-9b91mh-f5a23e445956ac42b9f2134562d54ea2 av_one_third  avia-builder-el-13  el_before_av_one_third  avia-builder-el-first  categoryBox first flex_column_div  '     ><p>\n<style type=\"text\/css\" data-created_by=\"avia_inline_auto\" id=\"style-css-av-807su1-aaee60bc500ae1618c66c600db338b51\">\n.avia-image-container.av-807su1-aaee60bc500ae1618c66c600db338b51 img.avia_image{\nbox-shadow:none;\n}\n.avia-image-container.av-807su1-aaee60bc500ae1618c66c600db338b51 .av-image-caption-overlay-center{\ncolor:#ffffff;\n}\n<\/style>\n<div  class='avia-image-container av-807su1-aaee60bc500ae1618c66c600db338b51 av-styling-no-styling av-img-linked avia-align-center  avia-builder-el-14  el_before_av_textblock  avia-builder-el-first  categoryBoxImage'   itemprop=\"image\" itemscope=\"itemscope\" itemtype=\"https:\/\/schema.org\/ImageObject\" ><div class=\"avia-image-container-inner\"><div class=\"avia-image-overlay-wrap\"><a href=\"https:\/\/glareone.eu\/pl\/produkty\/modyfikatory-swiatla\/softboxy\/gridy\/\" class='avia_image '  aria-label='grid'><img decoding=\"async\" fetchpriority=\"high\" class='wp-image-7153 avia-img-lazy-loading-not-7153 avia_image ' src=\"https:\/\/glareone.eu\/wp-content\/uploads\/2024\/05\/grid.png\" alt='' title='grid'  height=\"283\" width=\"260\"  itemprop=\"thumbnailUrl\"  \/><\/a><\/div><\/div><\/div><br \/>\n<section  class='av_textblock_section av-5xijk9-f03c704f6213b345b848d9946a16f0df '   itemscope=\"itemscope\" itemtype=\"https:\/\/schema.org\/CreativeWork\" ><div class='avia_textblock categoryBoxTitle'  itemprop=\"text\" ><h3 style=\"text-align: center;\"><a href=\"\/pl\/produkty\/modyfikatory-swiatla\/softboxy\/gridy\/\">Gridy<\/a><\/h3>\n<\/div><\/section><\/p><\/div>\n<style type=\"text\/css\" data-created_by=\"avia_inline_auto\" id=\"style-css-av-ejowp-fdd59750ce7189e5c52dcacdf7e2f915\">\n.flex_column.av-ejowp-fdd59750ce7189e5c52dcacdf7e2f915{\nwidth:32%;\nmargin-left:2%;\n}\n<\/style>\n<div  class='flex_column av-ejowp-fdd59750ce7189e5c52dcacdf7e2f915 av_one_third  avia-builder-el-16  el_after_av_one_third  avia-builder-el-last  categoryBox flex_column_div  '     ><p>\n<style type=\"text\/css\" data-created_by=\"avia_inline_auto\" id=\"style-css-av-lw0lynw7-eb9dad6bfdbdba3a0feaf994f6cde535\">\n.avia-image-container.av-lw0lynw7-eb9dad6bfdbdba3a0feaf994f6cde535 img.avia_image{\nbox-shadow:none;\n}\n.avia-image-container.av-lw0lynw7-eb9dad6bfdbdba3a0feaf994f6cde535 .av-image-caption-overlay-center{\ncolor:#ffffff;\n}\n<\/style>\n<div  class='avia-image-container av-lw0lynw7-eb9dad6bfdbdba3a0feaf994f6cde535 av-styling-no-styling av-img-linked avia-align-center  avia-builder-el-17  el_before_av_textblock  avia-builder-el-first  categoryBoxImage'   itemprop=\"image\" itemscope=\"itemscope\" itemtype=\"https:\/\/schema.org\/ImageObject\" ><div class=\"avia-image-container-inner\"><div class=\"avia-image-overlay-wrap\"><a href=\"https:\/\/glareone.eu\/pl\/produkty\/modyfikatory-swiatla\/softboxy\/inne-softboxy\/\" class='avia_image '  aria-label='parasol'><img decoding=\"async\" fetchpriority=\"high\" class='wp-image-7054 avia-img-lazy-loading-not-7054 avia_image ' src=\"https:\/\/glareone.eu\/wp-content\/uploads\/2024\/05\/parasol.png\" alt='' title='parasol'  height=\"283\" width=\"260\"  itemprop=\"thumbnailUrl\"  \/><\/a><\/div><\/div><\/div><br \/>\n<section  class='av_textblock_section av-23q715-3687b683fb8bdf604662462703c3c690 '   itemscope=\"itemscope\" itemtype=\"https:\/\/schema.org\/CreativeWork\" ><div class='avia_textblock categoryBoxTitle'  itemprop=\"text\" ><h3 style=\"text-align: center;\"><a href=\"\/pl\/produkty\/modyfikatory-swiatla\/softboxy\/inne-softboxy\/\">Inne softboxy<\/a><\/h3>\n<\/div><\/section><\/p><\/div><\/div><\/div><\/div><!-- close content main div --><\/div><\/div><div id='after_section_2'  class='main_color av_default_container_wrap container_wrap fullsize'  ><div class='container av-section-cont-open' ><div class='template-page content  av-content-full alpha units'><div class='post-entry post-entry-type-page post-entry-3369'><div class='entry-content-wrapper clearfix'><div  class='flex_column av-2kbby1-db6fcae852f5f66235ff8451e24df2df av_two_third  avia-builder-el-19  el_after_av_section  avia-builder-el-no-sibling  first flex_column_div  '     ><\/div><\/p>\n","protected":false},"excerpt":{"rendered":"","protected":false},"author":4,"featured_media":0,"parent":3377,"menu_order":0,"comment_status":"open","ping_status":"closed","template":"","meta":{"footnotes":""},"class_list":["post-3369","page","type-page","status-publish","hentry"],"yoast_head":"<!-- This site is optimized with the Yoast SEO plugin v27.2 - https:\/\/yoast.com\/product\/yoast-seo-wordpress\/ -->\n<title>Softboxy - GlareOne<\/title>\n<meta name=\"description\" content=\"Softboxy i gridy GlareOne z mocowaniem typu Bowens. Dla pocz\u0105tkuj\u0105cych i do\u015bwiadczonych fotograf\u00f3w.\" \/>\n<meta name=\"robots\" content=\"index, follow, max-snippet:-1, max-image-preview:large, max-video-preview:-1\" \/>\n<link rel=\"canonical\" href=\"https:\/\/glareone.eu\/pl\/produkty\/modyfikatory-swiatla\/softboxy\/\" \/>\n<meta property=\"og:locale\" content=\"pl_PL\" \/>\n<meta property=\"og:type\" content=\"article\" \/>\n<meta property=\"og:title\" content=\"Softboxy - GlareOne\" \/>\n<meta property=\"og:description\" content=\"Softboxy i gridy GlareOne z mocowaniem typu Bowens. Dla pocz\u0105tkuj\u0105cych i do\u015bwiadczonych fotograf\u00f3w.\" \/>\n<meta property=\"og:url\" content=\"https:\/\/glareone.eu\/pl\/produkty\/modyfikatory-swiatla\/softboxy\/\" \/>\n<meta property=\"og:site_name\" content=\"GlareOne\" \/>\n<meta property=\"article:publisher\" content=\"https:\/\/www.facebook.com\/GlareOneLighting\" \/>\n<meta property=\"article:modified_time\" content=\"2024-07-05T06:13:28+00:00\" \/>\n<meta name=\"twitter:card\" content=\"summary_large_image\" \/>\n<meta name=\"twitter:label1\" content=\"Szacowany czas czytania\" \/>\n\t<meta name=\"twitter:data1\" content=\"2 minuty\" \/>\n<script type=\"application\/ld+json\" class=\"yoast-schema-graph\">{\"@context\":\"https:\/\/schema.org\",\"@graph\":[{\"@type\":\"WebPage\",\"@id\":\"https:\/\/glareone.eu\/pl\/produkty\/modyfikatory-swiatla\/softboxy\/\",\"url\":\"https:\/\/glareone.eu\/pl\/produkty\/modyfikatory-swiatla\/softboxy\/\",\"name\":\"Softboxy - GlareOne\",\"isPartOf\":{\"@id\":\"https:\/\/glareone.eu\/pl\/en\/#website\"},\"datePublished\":\"2024-04-25T11:45:36+00:00\",\"dateModified\":\"2024-07-05T06:13:28+00:00\",\"description\":\"Softboxy i gridy GlareOne z mocowaniem typu Bowens. Dla pocz\u0105tkuj\u0105cych i do\u015bwiadczonych fotograf\u00f3w.\",\"breadcrumb\":{\"@id\":\"https:\/\/glareone.eu\/pl\/produkty\/modyfikatory-swiatla\/softboxy\/#breadcrumb\"},\"inLanguage\":\"pl-PL\",\"potentialAction\":[{\"@type\":\"ReadAction\",\"target\":[\"https:\/\/glareone.eu\/pl\/produkty\/modyfikatory-swiatla\/softboxy\/\"]}]},{\"@type\":\"BreadcrumbList\",\"@id\":\"https:\/\/glareone.eu\/pl\/produkty\/modyfikatory-swiatla\/softboxy\/#breadcrumb\",\"itemListElement\":[{\"@type\":\"ListItem\",\"position\":1,\"name\":\"Strona g\u0142\u00f3wna\",\"item\":\"https:\/\/glareone.eu\/pl\/\"},{\"@type\":\"ListItem\",\"position\":2,\"name\":\"Produkty\",\"item\":\"https:\/\/glareone.eu\/pl\/produkty\/\"},{\"@type\":\"ListItem\",\"position\":3,\"name\":\"Modyfikatory \u015bwiat\u0142a\",\"item\":\"https:\/\/glareone.eu\/pl\/produkty\/modyfikatory-swiatla\/\"},{\"@type\":\"ListItem\",\"position\":4,\"name\":\"Softboxy\"}]},{\"@type\":\"WebSite\",\"@id\":\"https:\/\/glareone.eu\/pl\/en\/#website\",\"url\":\"https:\/\/glareone.eu\/pl\/en\/\",\"name\":\"GlareOne\",\"description\":\"Wyposa\u017cenie Studia\",\"publisher\":{\"@id\":\"https:\/\/glareone.eu\/pl\/en\/#organization\"},\"potentialAction\":[{\"@type\":\"SearchAction\",\"target\":{\"@type\":\"EntryPoint\",\"urlTemplate\":\"https:\/\/glareone.eu\/pl\/en\/?s={search_term_string}\"},\"query-input\":{\"@type\":\"PropertyValueSpecification\",\"valueRequired\":true,\"valueName\":\"search_term_string\"}}],\"inLanguage\":\"pl-PL\"},{\"@type\":\"Organization\",\"@id\":\"https:\/\/glareone.eu\/pl\/en\/#organization\",\"name\":\"GlareOne\",\"url\":\"https:\/\/glareone.eu\/pl\/en\/\",\"logo\":{\"@type\":\"ImageObject\",\"inLanguage\":\"pl-PL\",\"@id\":\"https:\/\/glareone.eu\/pl\/en\/#\/schema\/logo\/image\/\",\"url\":\"http:\/\/glareone.eu\/wp-content\/uploads\/2024\/05\/glareone_logo2020_RGB-01-e1715773127189.png\",\"contentUrl\":\"http:\/\/glareone.eu\/wp-content\/uploads\/2024\/05\/glareone_logo2020_RGB-01-e1715773127189.png\",\"width\":1270,\"height\":321,\"caption\":\"GlareOne\"},\"image\":{\"@id\":\"https:\/\/glareone.eu\/pl\/en\/#\/schema\/logo\/image\/\"},\"sameAs\":[\"https:\/\/www.facebook.com\/GlareOneLighting\",\"https:\/\/www.instagram.com\/glareonelighting\/\",\"https:\/\/www.youtube.com\/@GlareOneTV\"]}]}<\/script>\n<!-- \/ Yoast SEO plugin. -->","yoast_head_json":{"title":"Softboxy - GlareOne","description":"Softboxy i gridy GlareOne z mocowaniem typu Bowens. Dla pocz\u0105tkuj\u0105cych i do\u015bwiadczonych fotograf\u00f3w.","robots":{"index":"index","follow":"follow","max-snippet":"max-snippet:-1","max-image-preview":"max-image-preview:large","max-video-preview":"max-video-preview:-1"},"canonical":"https:\/\/glareone.eu\/pl\/produkty\/modyfikatory-swiatla\/softboxy\/","og_locale":"pl_PL","og_type":"article","og_title":"Softboxy - GlareOne","og_description":"Softboxy i gridy GlareOne z mocowaniem typu Bowens. Dla pocz\u0105tkuj\u0105cych i do\u015bwiadczonych fotograf\u00f3w.","og_url":"https:\/\/glareone.eu\/pl\/produkty\/modyfikatory-swiatla\/softboxy\/","og_site_name":"GlareOne","article_publisher":"https:\/\/www.facebook.com\/GlareOneLighting","article_modified_time":"2024-07-05T06:13:28+00:00","twitter_card":"summary_large_image","twitter_misc":{"Szacowany czas czytania":"2 minuty"},"schema":{"@context":"https:\/\/schema.org","@graph":[{"@type":"WebPage","@id":"https:\/\/glareone.eu\/pl\/produkty\/modyfikatory-swiatla\/softboxy\/","url":"https:\/\/glareone.eu\/pl\/produkty\/modyfikatory-swiatla\/softboxy\/","name":"Softboxy - GlareOne","isPartOf":{"@id":"https:\/\/glareone.eu\/pl\/en\/#website"},"datePublished":"2024-04-25T11:45:36+00:00","dateModified":"2024-07-05T06:13:28+00:00","description":"Softboxy i gridy GlareOne z mocowaniem typu Bowens. Dla pocz\u0105tkuj\u0105cych i do\u015bwiadczonych fotograf\u00f3w.","breadcrumb":{"@id":"https:\/\/glareone.eu\/pl\/produkty\/modyfikatory-swiatla\/softboxy\/#breadcrumb"},"inLanguage":"pl-PL","potentialAction":[{"@type":"ReadAction","target":["https:\/\/glareone.eu\/pl\/produkty\/modyfikatory-swiatla\/softboxy\/"]}]},{"@type":"BreadcrumbList","@id":"https:\/\/glareone.eu\/pl\/produkty\/modyfikatory-swiatla\/softboxy\/#breadcrumb","itemListElement":[{"@type":"ListItem","position":1,"name":"Strona g\u0142\u00f3wna","item":"https:\/\/glareone.eu\/pl\/"},{"@type":"ListItem","position":2,"name":"Produkty","item":"https:\/\/glareone.eu\/pl\/produkty\/"},{"@type":"ListItem","position":3,"name":"Modyfikatory \u015bwiat\u0142a","item":"https:\/\/glareone.eu\/pl\/produkty\/modyfikatory-swiatla\/"},{"@type":"ListItem","position":4,"name":"Softboxy"}]},{"@type":"WebSite","@id":"https:\/\/glareone.eu\/pl\/en\/#website","url":"https:\/\/glareone.eu\/pl\/en\/","name":"GlareOne","description":"Wyposa\u017cenie Studia","publisher":{"@id":"https:\/\/glareone.eu\/pl\/en\/#organization"},"potentialAction":[{"@type":"SearchAction","target":{"@type":"EntryPoint","urlTemplate":"https:\/\/glareone.eu\/pl\/en\/?s={search_term_string}"},"query-input":{"@type":"PropertyValueSpecification","valueRequired":true,"valueName":"search_term_string"}}],"inLanguage":"pl-PL"},{"@type":"Organization","@id":"https:\/\/glareone.eu\/pl\/en\/#organization","name":"GlareOne","url":"https:\/\/glareone.eu\/pl\/en\/","logo":{"@type":"ImageObject","inLanguage":"pl-PL","@id":"https:\/\/glareone.eu\/pl\/en\/#\/schema\/logo\/image\/","url":"http:\/\/glareone.eu\/wp-content\/uploads\/2024\/05\/glareone_logo2020_RGB-01-e1715773127189.png","contentUrl":"http:\/\/glareone.eu\/wp-content\/uploads\/2024\/05\/glareone_logo2020_RGB-01-e1715773127189.png","width":1270,"height":321,"caption":"GlareOne"},"image":{"@id":"https:\/\/glareone.eu\/pl\/en\/#\/schema\/logo\/image\/"},"sameAs":["https:\/\/www.facebook.com\/GlareOneLighting","https:\/\/www.instagram.com\/glareonelighting\/","https:\/\/www.youtube.com\/@GlareOneTV"]}]}},"_links":{"self":[{"href":"https:\/\/glareone.eu\/pl\/wp-json\/wp\/v2\/pages\/3369","targetHints":{"allow":["GET"]}}],"collection":[{"href":"https:\/\/glareone.eu\/pl\/wp-json\/wp\/v2\/pages"}],"about":[{"href":"https:\/\/glareone.eu\/pl\/wp-json\/wp\/v2\/types\/page"}],"author":[{"embeddable":true,"href":"https:\/\/glareone.eu\/pl\/wp-json\/wp\/v2\/users\/4"}],"replies":[{"embeddable":true,"href":"https:\/\/glareone.eu\/pl\/wp-json\/wp\/v2\/comments?post=3369"}],"version-history":[{"count":13,"href":"https:\/\/glareone.eu\/pl\/wp-json\/wp\/v2\/pages\/3369\/revisions"}],"predecessor-version":[{"id":21194,"href":"https:\/\/glareone.eu\/pl\/wp-json\/wp\/v2\/pages\/3369\/revisions\/21194"}],"up":[{"embeddable":true,"href":"https:\/\/glareone.eu\/pl\/wp-json\/wp\/v2\/pages\/3377"}],"wp:attachment":[{"href":"https:\/\/glareone.eu\/pl\/wp-json\/wp\/v2\/media?parent=3369"}],"curies":[{"name":"wp","href":"https:\/\/api.w.org\/{rel}","templated":true}]}}