{"id":3323,"date":"2024-04-25T11:27:53","date_gmt":"2024-04-25T11:27:53","guid":{"rendered":"http:\/\/glareone.eu\/?page_id=3323"},"modified":"2024-07-05T06:15:32","modified_gmt":"2024-07-05T06:15:32","slug":"swiatlo-ciagle-led","status":"publish","type":"page","link":"https:\/\/glareone.eu\/pl\/produkty\/swiatlo-ciagle-led\/","title":{"rendered":"\u015awiat\u0142o ci\u0105g\u0142e LED"},"content":{"rendered":"<div  class='flex_column av-1rw0ry-bea76e6eae6a4e5f4a58aa49434699e5 av_one_full  avia-builder-el-0  el_before_av_section  avia-builder-el-no-sibling  first flex_column_div  '     ><style type=\"text\/css\" data-created_by=\"avia_inline_auto\" id=\"style-css-av-luzojory-4449bcec698c84cf88be626c18226ef0\">\n#top .av-special-heading.av-luzojory-4449bcec698c84cf88be626c18226ef0{\npadding-bottom:10px;\n}\nbody .av-special-heading.av-luzojory-4449bcec698c84cf88be626c18226ef0 .av-special-heading-tag .heading-char{\nfont-size:25px;\n}\n.av-special-heading.av-luzojory-4449bcec698c84cf88be626c18226ef0 .av-subheading{\nfont-size:15px;\n}\n<\/style>\n<div  class='av-special-heading av-luzojory-4449bcec698c84cf88be626c18226ef0 av-special-heading-h2 blockquote modern-quote modern-centered  avia-builder-el-1  avia-builder-el-no-sibling '><h2 class='av-special-heading-tag'  itemprop=\"headline\"  >\u015awiat\u0142o ci\u0105g\u0142e LED<\/h2><div class=\"special-heading-border\"><div class=\"special-heading-inner-border\"><\/div><\/div><\/div><\/div>\n<\/div><\/div><\/div><!-- close content main div --><\/div><\/div><div id='homeproductcategorylist'  class='avia-section av-1lv8ri-94017da8535ef3245dc7c747be8a10d3 main_color avia-section-default avia-no-border-styling  avia-builder-el-2  el_after_av_one_full  avia-builder-el-last  avia-bg-style-scroll container_wrap fullsize'  ><div class='container av-section-cont-open' ><div class='template-page content  av-content-full alpha units'><div class='post-entry post-entry-type-page post-entry-3323'><div class='entry-content-wrapper clearfix'>\n\n<style type=\"text\/css\" data-created_by=\"avia_inline_auto\" id=\"style-css-av-1dlsfi-78e10e486dfdd71dab84f80f1beb119c\">\n.flex_column.av-1dlsfi-78e10e486dfdd71dab84f80f1beb119c{\nwidth:23.5%;\n}\n<\/style>\n<div  class='flex_column av-1dlsfi-78e10e486dfdd71dab84f80f1beb119c av_one_fourth  avia-builder-el-3  el_before_av_one_fourth  avia-builder-el-first  categoryBox first flex_column_div  '     ><p>\n<style type=\"text\/css\" data-created_by=\"avia_inline_auto\" id=\"style-css-av-1bah7a-e1530f9b5b088b268f8ead49f1d0512e\">\n.avia-image-container.av-1bah7a-e1530f9b5b088b268f8ead49f1d0512e img.avia_image{\nbox-shadow:none;\n}\n.avia-image-container.av-1bah7a-e1530f9b5b088b268f8ead49f1d0512e .av-image-caption-overlay-center{\ncolor:#ffffff;\n}\n<\/style>\n<div  class='avia-image-container av-1bah7a-e1530f9b5b088b268f8ead49f1d0512e av-styling-no-styling av-img-linked avia-align-center  avia-builder-el-4  el_before_av_textblock  avia-builder-el-first  categoryBoxImage'   itemprop=\"image\" itemscope=\"itemscope\" itemtype=\"https:\/\/schema.org\/ImageObject\" ><div class=\"avia-image-container-inner\"><div class=\"avia-image-overlay-wrap\"><a href=\"https:\/\/glareone.eu\/pl\/produkty\/swiatlo-ciagle-led\/lampy-led-bowens\/\" class='avia_image '  aria-label='led bowens'><img decoding=\"async\" fetchpriority=\"high\" class='wp-image-3337 avia-img-lazy-loading-not-3337 avia_image ' src=\"https:\/\/glareone.eu\/wp-content\/uploads\/2024\/04\/led-bowens.png\" alt='' title='led bowens'  height=\"283\" width=\"260\"  itemprop=\"thumbnailUrl\"  \/><\/a><\/div><\/div><\/div><br \/>\n<section  class='av_textblock_section av-luzojxyc-63308dfb64ce2765a9168e0d519fa456 '   itemscope=\"itemscope\" itemtype=\"https:\/\/schema.org\/CreativeWork\" ><div class='avia_textblock categoryBoxTitle'  itemprop=\"text\" ><h3 style=\"text-align: center;\"><a href=\"\/pl\/produkty\/swiatlo-ciagle-led\/lampy-led-bowens\/\"><strong>Lampy LED<br \/>\nz mocowaniem Bowens<\/strong><\/a><\/h3>\n<\/div><\/section><\/p><\/div>\n<style type=\"text\/css\" data-created_by=\"avia_inline_auto\" id=\"style-css-av-1upwm3-dd9b3fb2f704c584b1097359682dfd16\">\n.flex_column.av-1upwm3-dd9b3fb2f704c584b1097359682dfd16{\nwidth:23.5%;\nmargin-left:2%;\n}\n<\/style>\n<div  class='flex_column av-1upwm3-dd9b3fb2f704c584b1097359682dfd16 av_one_fourth  avia-builder-el-6  el_after_av_one_fourth  el_before_av_one_fourth  categoryBox flex_column_div  '     ><p>\n<style type=\"text\/css\" data-created_by=\"avia_inline_auto\" id=\"style-css-av-lvf5s63k-b7e123d1afa4cf630cedd6e40a22e81a\">\n.avia-image-container.av-lvf5s63k-b7e123d1afa4cf630cedd6e40a22e81a img.avia_image{\nbox-shadow:none;\n}\n.avia-image-container.av-lvf5s63k-b7e123d1afa4cf630cedd6e40a22e81a .av-image-caption-overlay-center{\ncolor:#ffffff;\n}\n<\/style>\n<div  class='avia-image-container av-lvf5s63k-b7e123d1afa4cf630cedd6e40a22e81a av-styling-no-styling av-img-linked avia-align-center  avia-builder-el-7  el_before_av_textblock  avia-builder-el-first  categoryBoxImage'   itemprop=\"image\" itemscope=\"itemscope\" itemtype=\"https:\/\/schema.org\/ImageObject\" ><div class=\"avia-image-container-inner\"><div class=\"avia-image-overlay-wrap\"><a href=\"https:\/\/glareone.eu\/pl\/produkty\/swiatlo-ciagle-led\/halo-led\/\" class='avia_image '  aria-label='halo led'><img decoding=\"async\" fetchpriority=\"high\" class='wp-image-6833 avia-img-lazy-loading-not-6833 avia_image ' src=\"https:\/\/glareone.eu\/wp-content\/uploads\/2024\/05\/halo-led-1.png\" alt='' title='halo led'  height=\"283\" width=\"260\"  itemprop=\"thumbnailUrl\"  \/><\/a><\/div><\/div><\/div><br \/>\n<section  class='av_textblock_section av-lvf5hao8-eacdacdb29df53783c6ddf9ee4af3ae8 '   itemscope=\"itemscope\" itemtype=\"https:\/\/schema.org\/CreativeWork\" ><div class='avia_textblock categoryBoxTitle'  itemprop=\"text\" ><h3 style=\"text-align: center;\"><strong><a href=\"\/pl\/produkty\/swiatlo-ciagle-led\/halo-led\/\">Panele Halo LED<\/a><br \/>\n<br class=\"avia-permanent-lb\" \/><\/strong><\/h3>\n<\/div><\/section><\/p><\/div>\n<style type=\"text\/css\" data-created_by=\"avia_inline_auto\" id=\"style-css-av-14rufy-65200addb08787c54dd1145813ddf392\">\n.flex_column.av-14rufy-65200addb08787c54dd1145813ddf392{\nwidth:23.5%;\nmargin-left:2%;\n}\n<\/style>\n<div  class='flex_column av-14rufy-65200addb08787c54dd1145813ddf392 av_one_fourth  avia-builder-el-9  el_after_av_one_fourth  el_before_av_one_fourth  categoryBox flex_column_div  '     ><p>\n<style type=\"text\/css\" data-created_by=\"avia_inline_auto\" id=\"style-css-av-uotrq-b77e231330ffe015f9eb54a05e8213a0\">\n.avia-image-container.av-uotrq-b77e231330ffe015f9eb54a05e8213a0 img.avia_image{\nbox-shadow:none;\n}\n.avia-image-container.av-uotrq-b77e231330ffe015f9eb54a05e8213a0 .av-image-caption-overlay-center{\ncolor:#ffffff;\n}\n<\/style>\n<div  class='avia-image-container av-uotrq-b77e231330ffe015f9eb54a05e8213a0 av-styling-no-styling av-img-linked avia-align-center  avia-builder-el-10  el_before_av_textblock  avia-builder-el-first  categoryBoxImage'   itemprop=\"image\" itemscope=\"itemscope\" itemtype=\"https:\/\/schema.org\/ImageObject\" ><div class=\"avia-image-container-inner\"><div class=\"avia-image-overlay-wrap\"><a href=\"https:\/\/glareone.eu\/pl\/produkty\/swiatlo-ciagle-led\/led-tube-panel\/\" class='avia_image '  aria-label='led tube 24'><img decoding=\"async\" fetchpriority=\"high\" class='wp-image-10156 avia-img-lazy-loading-not-10156 avia_image ' src=\"https:\/\/glareone.eu\/wp-content\/uploads\/2024\/05\/led-tube-24.png\" alt='' title='led tube 24'  height=\"283\" width=\"260\"  itemprop=\"thumbnailUrl\"  \/><\/a><\/div><\/div><\/div><br \/>\n<section  class='av_textblock_section av-luzok5ee-edc5bf8fc7356ab821438abfc93afa7e '   itemscope=\"itemscope\" itemtype=\"https:\/\/schema.org\/CreativeWork\" ><div class='avia_textblock categoryBoxTitle'  itemprop=\"text\" ><h3 style=\"text-align: center;\"><strong><a href=\"\/pl\/produkty\/swiatlo-ciagle-led\/led-tube-panel\/\">LED Tube &amp; Panel<\/a><br \/>\n<br class=\"avia-permanent-lb\" \/><\/strong><\/h3>\n<\/div><\/section><\/p><\/div>\n<style type=\"text\/css\" data-created_by=\"avia_inline_auto\" id=\"style-css-av-1xspt7-283301ab33e0736f881d072d3a0bef4c\">\n.flex_column.av-1xspt7-283301ab33e0736f881d072d3a0bef4c{\nwidth:23.5%;\nmargin-left:2%;\n}\n<\/style>\n<div  class='flex_column av-1xspt7-283301ab33e0736f881d072d3a0bef4c av_one_fourth  avia-builder-el-12  el_after_av_one_fourth  el_before_av_hr  categoryBox flex_column_div  '     ><p>\n<style type=\"text\/css\" data-created_by=\"avia_inline_auto\" id=\"style-css-av-lw0iqrfb-6c58217b5ffe40240ca78df902c10028\">\n.avia-image-container.av-lw0iqrfb-6c58217b5ffe40240ca78df902c10028 img.avia_image{\nbox-shadow:none;\n}\n.avia-image-container.av-lw0iqrfb-6c58217b5ffe40240ca78df902c10028 .av-image-caption-overlay-center{\ncolor:#ffffff;\n}\n<\/style>\n<div  class='avia-image-container av-lw0iqrfb-6c58217b5ffe40240ca78df902c10028 av-styling-no-styling av-img-linked avia-align-center  avia-builder-el-13  el_before_av_textblock  avia-builder-el-first  categoryBoxImage'   itemprop=\"image\" itemscope=\"itemscope\" itemtype=\"https:\/\/schema.org\/ImageObject\" ><div class=\"avia-image-container-inner\"><div class=\"avia-image-overlay-wrap\"><a href=\"https:\/\/glareone.eu\/pl\/produkty\/swiatlo-ciagle-led\/lampy-pierscieniowe\/\" class='avia_image '  aria-label='lampy pier\u015bcieniowe'><img decoding=\"async\" fetchpriority=\"high\" class='wp-image-8043 avia-img-lazy-loading-not-8043 avia_image ' src=\"https:\/\/glareone.eu\/wp-content\/uploads\/2024\/05\/lampy-pierscieniowe.png\" alt='' title='lampy pier\u015bcieniowe'  height=\"283\" width=\"260\"  itemprop=\"thumbnailUrl\"  \/><\/a><\/div><\/div><\/div><br \/>\n<section  class='av_textblock_section av-lw0ir2k6-0bdf24610a25e80ce672fa5772118352 '   itemscope=\"itemscope\" itemtype=\"https:\/\/schema.org\/CreativeWork\" ><div class='avia_textblock categoryBoxTitle'  itemprop=\"text\" ><h3 style=\"text-align: center;\"><strong><a href=\"\/pl\/produkty\/swiatlo-ciagle-led\/lampy-pierscieniowe\/\">Lampy pier\u015bcieniowe<\/a><br \/>\n<br class=\"avia-permanent-lb\" \/><\/strong><\/h3>\n<\/div><\/section><\/p><\/div><div  class='hr av-3259h7-ab31fa4298b46a06fbc7068c6fd677e5 hr-default  avia-builder-el-15  el_after_av_one_fourth  avia-builder-el-last '><span class='hr-inner '><span class=\"hr-inner-style\"><\/span><\/span><\/div>\n\n","protected":false},"excerpt":{"rendered":"","protected":false},"author":4,"featured_media":0,"parent":812,"menu_order":0,"comment_status":"open","ping_status":"closed","template":"","meta":{"footnotes":""},"class_list":["post-3323","page","type-page","status-publish","hentry"],"yoast_head":"<!-- This site is optimized with the Yoast SEO plugin v27.2 - https:\/\/yoast.com\/product\/yoast-seo-wordpress\/ -->\n<title>\u015awiat\u0142o ci\u0105g\u0142e LED - GlareOne<\/title>\n<meta name=\"description\" content=\"\u015awiat\u0142o ci\u0105g\u0142e LED zapewnia komfortow\u0105 i efektywn\u0105 prac\u0119 na planie zdj\u0119ciowym i filmowym. Lampy LED, panele LED, miecze \u015bwietlne.\" \/>\n<meta name=\"robots\" content=\"index, follow, max-snippet:-1, max-image-preview:large, max-video-preview:-1\" \/>\n<link rel=\"canonical\" href=\"https:\/\/glareone.eu\/pl\/produkty\/swiatlo-ciagle-led\/\" \/>\n<meta property=\"og:locale\" content=\"pl_PL\" \/>\n<meta property=\"og:type\" content=\"article\" \/>\n<meta property=\"og:title\" content=\"\u015awiat\u0142o ci\u0105g\u0142e LED - GlareOne\" \/>\n<meta property=\"og:description\" content=\"\u015awiat\u0142o ci\u0105g\u0142e LED zapewnia komfortow\u0105 i efektywn\u0105 prac\u0119 na planie zdj\u0119ciowym i filmowym. Lampy LED, panele LED, miecze \u015bwietlne.\" \/>\n<meta property=\"og:url\" content=\"https:\/\/glareone.eu\/pl\/produkty\/swiatlo-ciagle-led\/\" \/>\n<meta property=\"og:site_name\" content=\"GlareOne\" \/>\n<meta property=\"article:publisher\" content=\"https:\/\/www.facebook.com\/GlareOneLighting\" \/>\n<meta property=\"article:modified_time\" content=\"2024-07-05T06:15:32+00:00\" \/>\n<meta name=\"twitter:card\" content=\"summary_large_image\" \/>\n<meta name=\"twitter:label1\" content=\"Szacowany czas czytania\" \/>\n\t<meta name=\"twitter:data1\" content=\"1 minuta\" \/>\n<script type=\"application\/ld+json\" class=\"yoast-schema-graph\">{\"@context\":\"https:\/\/schema.org\",\"@graph\":[{\"@type\":\"WebPage\",\"@id\":\"https:\/\/glareone.eu\/pl\/produkty\/swiatlo-ciagle-led\/\",\"url\":\"https:\/\/glareone.eu\/pl\/produkty\/swiatlo-ciagle-led\/\",\"name\":\"\u015awiat\u0142o ci\u0105g\u0142e LED - GlareOne\",\"isPartOf\":{\"@id\":\"https:\/\/glareone.eu\/pl\/en\/#website\"},\"datePublished\":\"2024-04-25T11:27:53+00:00\",\"dateModified\":\"2024-07-05T06:15:32+00:00\",\"description\":\"\u015awiat\u0142o ci\u0105g\u0142e LED zapewnia komfortow\u0105 i efektywn\u0105 prac\u0119 na planie zdj\u0119ciowym i filmowym. Lampy LED, panele LED, miecze \u015bwietlne.\",\"breadcrumb\":{\"@id\":\"https:\/\/glareone.eu\/pl\/produkty\/swiatlo-ciagle-led\/#breadcrumb\"},\"inLanguage\":\"pl-PL\",\"potentialAction\":[{\"@type\":\"ReadAction\",\"target\":[\"https:\/\/glareone.eu\/pl\/produkty\/swiatlo-ciagle-led\/\"]}]},{\"@type\":\"BreadcrumbList\",\"@id\":\"https:\/\/glareone.eu\/pl\/produkty\/swiatlo-ciagle-led\/#breadcrumb\",\"itemListElement\":[{\"@type\":\"ListItem\",\"position\":1,\"name\":\"Strona g\u0142\u00f3wna\",\"item\":\"https:\/\/glareone.eu\/pl\/\"},{\"@type\":\"ListItem\",\"position\":2,\"name\":\"Produkty\",\"item\":\"https:\/\/glareone.eu\/pl\/produkty\/\"},{\"@type\":\"ListItem\",\"position\":3,\"name\":\"\u015awiat\u0142o ci\u0105g\u0142e LED\"}]},{\"@type\":\"WebSite\",\"@id\":\"https:\/\/glareone.eu\/pl\/en\/#website\",\"url\":\"https:\/\/glareone.eu\/pl\/en\/\",\"name\":\"GlareOne\",\"description\":\"Wyposa\u017cenie Studia\",\"publisher\":{\"@id\":\"https:\/\/glareone.eu\/pl\/en\/#organization\"},\"potentialAction\":[{\"@type\":\"SearchAction\",\"target\":{\"@type\":\"EntryPoint\",\"urlTemplate\":\"https:\/\/glareone.eu\/pl\/en\/?s={search_term_string}\"},\"query-input\":{\"@type\":\"PropertyValueSpecification\",\"valueRequired\":true,\"valueName\":\"search_term_string\"}}],\"inLanguage\":\"pl-PL\"},{\"@type\":\"Organization\",\"@id\":\"https:\/\/glareone.eu\/pl\/en\/#organization\",\"name\":\"GlareOne\",\"url\":\"https:\/\/glareone.eu\/pl\/en\/\",\"logo\":{\"@type\":\"ImageObject\",\"inLanguage\":\"pl-PL\",\"@id\":\"https:\/\/glareone.eu\/pl\/en\/#\/schema\/logo\/image\/\",\"url\":\"http:\/\/glareone.eu\/wp-content\/uploads\/2024\/05\/glareone_logo2020_RGB-01-e1715773127189.png\",\"contentUrl\":\"http:\/\/glareone.eu\/wp-content\/uploads\/2024\/05\/glareone_logo2020_RGB-01-e1715773127189.png\",\"width\":1270,\"height\":321,\"caption\":\"GlareOne\"},\"image\":{\"@id\":\"https:\/\/glareone.eu\/pl\/en\/#\/schema\/logo\/image\/\"},\"sameAs\":[\"https:\/\/www.facebook.com\/GlareOneLighting\",\"https:\/\/www.instagram.com\/glareonelighting\/\",\"https:\/\/www.youtube.com\/@GlareOneTV\"]}]}<\/script>\n<!-- \/ Yoast SEO plugin. -->","yoast_head_json":{"title":"\u015awiat\u0142o ci\u0105g\u0142e LED - GlareOne","description":"\u015awiat\u0142o ci\u0105g\u0142e LED zapewnia komfortow\u0105 i efektywn\u0105 prac\u0119 na planie zdj\u0119ciowym i filmowym. Lampy LED, panele LED, miecze \u015bwietlne.","robots":{"index":"index","follow":"follow","max-snippet":"max-snippet:-1","max-image-preview":"max-image-preview:large","max-video-preview":"max-video-preview:-1"},"canonical":"https:\/\/glareone.eu\/pl\/produkty\/swiatlo-ciagle-led\/","og_locale":"pl_PL","og_type":"article","og_title":"\u015awiat\u0142o ci\u0105g\u0142e LED - GlareOne","og_description":"\u015awiat\u0142o ci\u0105g\u0142e LED zapewnia komfortow\u0105 i efektywn\u0105 prac\u0119 na planie zdj\u0119ciowym i filmowym. Lampy LED, panele LED, miecze \u015bwietlne.","og_url":"https:\/\/glareone.eu\/pl\/produkty\/swiatlo-ciagle-led\/","og_site_name":"GlareOne","article_publisher":"https:\/\/www.facebook.com\/GlareOneLighting","article_modified_time":"2024-07-05T06:15:32+00:00","twitter_card":"summary_large_image","twitter_misc":{"Szacowany czas czytania":"1 minuta"},"schema":{"@context":"https:\/\/schema.org","@graph":[{"@type":"WebPage","@id":"https:\/\/glareone.eu\/pl\/produkty\/swiatlo-ciagle-led\/","url":"https:\/\/glareone.eu\/pl\/produkty\/swiatlo-ciagle-led\/","name":"\u015awiat\u0142o ci\u0105g\u0142e LED - GlareOne","isPartOf":{"@id":"https:\/\/glareone.eu\/pl\/en\/#website"},"datePublished":"2024-04-25T11:27:53+00:00","dateModified":"2024-07-05T06:15:32+00:00","description":"\u015awiat\u0142o ci\u0105g\u0142e LED zapewnia komfortow\u0105 i efektywn\u0105 prac\u0119 na planie zdj\u0119ciowym i filmowym. Lampy LED, panele LED, miecze \u015bwietlne.","breadcrumb":{"@id":"https:\/\/glareone.eu\/pl\/produkty\/swiatlo-ciagle-led\/#breadcrumb"},"inLanguage":"pl-PL","potentialAction":[{"@type":"ReadAction","target":["https:\/\/glareone.eu\/pl\/produkty\/swiatlo-ciagle-led\/"]}]},{"@type":"BreadcrumbList","@id":"https:\/\/glareone.eu\/pl\/produkty\/swiatlo-ciagle-led\/#breadcrumb","itemListElement":[{"@type":"ListItem","position":1,"name":"Strona g\u0142\u00f3wna","item":"https:\/\/glareone.eu\/pl\/"},{"@type":"ListItem","position":2,"name":"Produkty","item":"https:\/\/glareone.eu\/pl\/produkty\/"},{"@type":"ListItem","position":3,"name":"\u015awiat\u0142o ci\u0105g\u0142e LED"}]},{"@type":"WebSite","@id":"https:\/\/glareone.eu\/pl\/en\/#website","url":"https:\/\/glareone.eu\/pl\/en\/","name":"GlareOne","description":"Wyposa\u017cenie Studia","publisher":{"@id":"https:\/\/glareone.eu\/pl\/en\/#organization"},"potentialAction":[{"@type":"SearchAction","target":{"@type":"EntryPoint","urlTemplate":"https:\/\/glareone.eu\/pl\/en\/?s={search_term_string}"},"query-input":{"@type":"PropertyValueSpecification","valueRequired":true,"valueName":"search_term_string"}}],"inLanguage":"pl-PL"},{"@type":"Organization","@id":"https:\/\/glareone.eu\/pl\/en\/#organization","name":"GlareOne","url":"https:\/\/glareone.eu\/pl\/en\/","logo":{"@type":"ImageObject","inLanguage":"pl-PL","@id":"https:\/\/glareone.eu\/pl\/en\/#\/schema\/logo\/image\/","url":"http:\/\/glareone.eu\/wp-content\/uploads\/2024\/05\/glareone_logo2020_RGB-01-e1715773127189.png","contentUrl":"http:\/\/glareone.eu\/wp-content\/uploads\/2024\/05\/glareone_logo2020_RGB-01-e1715773127189.png","width":1270,"height":321,"caption":"GlareOne"},"image":{"@id":"https:\/\/glareone.eu\/pl\/en\/#\/schema\/logo\/image\/"},"sameAs":["https:\/\/www.facebook.com\/GlareOneLighting","https:\/\/www.instagram.com\/glareonelighting\/","https:\/\/www.youtube.com\/@GlareOneTV"]}]}},"_links":{"self":[{"href":"https:\/\/glareone.eu\/pl\/wp-json\/wp\/v2\/pages\/3323","targetHints":{"allow":["GET"]}}],"collection":[{"href":"https:\/\/glareone.eu\/pl\/wp-json\/wp\/v2\/pages"}],"about":[{"href":"https:\/\/glareone.eu\/pl\/wp-json\/wp\/v2\/types\/page"}],"author":[{"embeddable":true,"href":"https:\/\/glareone.eu\/pl\/wp-json\/wp\/v2\/users\/4"}],"replies":[{"embeddable":true,"href":"https:\/\/glareone.eu\/pl\/wp-json\/wp\/v2\/comments?post=3323"}],"version-history":[{"count":11,"href":"https:\/\/glareone.eu\/pl\/wp-json\/wp\/v2\/pages\/3323\/revisions"}],"predecessor-version":[{"id":11276,"href":"https:\/\/glareone.eu\/pl\/wp-json\/wp\/v2\/pages\/3323\/revisions\/11276"}],"up":[{"embeddable":true,"href":"https:\/\/glareone.eu\/pl\/wp-json\/wp\/v2\/pages\/812"}],"wp:attachment":[{"href":"https:\/\/glareone.eu\/pl\/wp-json\/wp\/v2\/media?parent=3323"}],"curies":[{"name":"wp","href":"https:\/\/api.w.org\/{rel}","templated":true}]}}