{"id":24287,"date":"2026-03-12T13:00:01","date_gmt":"2026-03-12T13:00:01","guid":{"rendered":"https:\/\/glareone.eu\/?page_id=24287"},"modified":"2026-03-19T09:24:49","modified_gmt":"2026-03-19T09:24:49","slug":"promocja-led80-i-led120-location-kit-taniej","status":"publish","type":"page","link":"https:\/\/glareone.eu\/pl\/promocja-led80-i-led120-location-kit-taniej\/","title":{"rendered":"Promocja! LED80 i LED120 Location Kit taniej"},"content":{"rendered":"<div  class='flex_column av-16srxu7-64217729dec62258b5a5b4803f8ad76c av_one_full  avia-builder-el-0  el_before_av_one_full  avia-builder-el-first  first flex_column_div  '     ><style type=\"text\/css\" data-created_by=\"avia_inline_auto\" id=\"style-css-av-ly8c88ug-9ea53b9f9c9cb039adb23ad6736ccf00\">\n.avia-image-container.av-ly8c88ug-9ea53b9f9c9cb039adb23ad6736ccf00 img.avia_image{\nbox-shadow:none;\n}\n.avia-image-container.av-ly8c88ug-9ea53b9f9c9cb039adb23ad6736ccf00 .av-image-caption-overlay-center{\ncolor:#ffffff;\n}\n<\/style>\n<div  class='avia-image-container av-ly8c88ug-9ea53b9f9c9cb039adb23ad6736ccf00 av-styling- avia-align-center  avia-builder-el-1  avia-builder-el-no-sibling '   itemprop=\"image\" itemscope=\"itemscope\" itemtype=\"https:\/\/schema.org\/ImageObject\" ><div class=\"avia-image-container-inner\"><div class=\"avia-image-overlay-wrap\"><img decoding=\"async\" fetchpriority=\"high\" class='wp-image-24315 avia-img-lazy-loading-not-24315 avia_image ' src=\"https:\/\/glareone.eu\/wp-content\/uploads\/2026\/03\/1200x628-3-1.jpg\" alt='' title='1200x628 (3) (1)'  height=\"628\" width=\"1200\"  itemprop=\"thumbnailUrl\" srcset=\"https:\/\/glareone.eu\/wp-content\/uploads\/2026\/03\/1200x628-3-1.jpg 1200w, https:\/\/glareone.eu\/wp-content\/uploads\/2026\/03\/1200x628-3-1-300x157.jpg 300w, https:\/\/glareone.eu\/wp-content\/uploads\/2026\/03\/1200x628-3-1-1030x539.jpg 1030w, https:\/\/glareone.eu\/wp-content\/uploads\/2026\/03\/1200x628-3-1-768x402.jpg 768w, https:\/\/glareone.eu\/wp-content\/uploads\/2026\/03\/1200x628-3-1-705x369.jpg 705w, https:\/\/glareone.eu\/wp-content\/uploads\/2026\/03\/1200x628-3-1-450x236.jpg 450w, https:\/\/glareone.eu\/wp-content\/uploads\/2026\/03\/1200x628-3-1-600x314.jpg 600w\" sizes=\"(max-width: 1200px) 100vw, 1200px\" \/><\/div><\/div><\/div><\/div><div  class='flex_column av-19uqp9r-d179cee11bc67848ef37b78b0486d219 av_one_full  avia-builder-el-2  el_after_av_one_full  el_before_av_one_full  first flex_column_div  column-top-margin'     ><section  class='av_textblock_section av-ly8chdqp-82e09d45416f48de6ebb42b8e500db66 '   itemscope=\"itemscope\" itemtype=\"https:\/\/schema.org\/CreativeWork\" ><div class='avia_textblock'  itemprop=\"text\" ><h3 style=\"text-align: center;\">Jak skorzysta\u0107 z promocji?<br \/>\n<br class=\"avia-permanent-lb\" \/><\/h3>\n<\/div><\/section><br \/>\n<section  class='av_textblock_section av-ly8hiyt4-dd6d9818fb9a61687f9e9fb086ee0140 '   itemscope=\"itemscope\" itemtype=\"https:\/\/schema.org\/CreativeWork\" ><div class='avia_textblock'  itemprop=\"text\" ><h3 style=\"text-align: center;\">1. Wybierz lamp\u0119 LED 80 lub LED 120 BiColor D w zestawie Location Kit.<\/h3>\n<h3 style=\"text-align: center;\">2. Znajd\u017a sklep, kt\u00f3ry bierze udzia\u0142 w promocji. Lista znajduje si\u0119 w zak\u0142adce <strong><a href=\"https:\/\/glareone.eu\/pl\/gdzie-kupic\/\" target=\"_blank\" rel=\"noopener\"><span style=\"color: #b61a1e;\">Gdzie kupi\u0107?<\/span><\/a><\/strong><\/h3>\n<h3 style=\"text-align: center;\">3. Kup wybrany zestaw w ni\u017cszej cenie!<\/h3>\n<p style=\"text-align: center;\">Promocja obowi\u0105zuje 30.04.2026 r. lub do wyczerpania zapas\u00f3w.<\/p>\n<\/div><\/section><br \/>\n\n<style type=\"text\/css\" data-created_by=\"avia_inline_auto\" id=\"style-css-av-ly8gi31h-0dc9c72d926dadebbd26b17db9f0cae4\">\n#top .hr.av-ly8gi31h-0dc9c72d926dadebbd26b17db9f0cae4{\nmargin-top:0px;\nmargin-bottom:0px;\n}\n.hr.av-ly8gi31h-0dc9c72d926dadebbd26b17db9f0cae4 .hr-inner{\nwidth:full;\nborder-color:#b02b2c;\n}\n<\/style>\n<div  class='hr av-ly8gi31h-0dc9c72d926dadebbd26b17db9f0cae4 hr-custom  avia-builder-el-5  el_after_av_textblock  avia-builder-el-last  hr-center hr-icon-no'><span class='hr-inner inner-border-av-border-fat'><span class=\"hr-inner-style\"><\/span><\/span><\/div><\/p><\/div><\/p>\n<div  class='flex_column av-w37mhb-82e87e2eb2f3ed1abd481c889c34cf15 av_one_full  avia-builder-el-6  el_after_av_one_full  el_before_av_one_half  first flex_column_div  column-top-margin'     ><style type=\"text\/css\" data-created_by=\"avia_inline_auto\" id=\"style-css-av-ly8cn2i2-4945fc6e44ab53c0a63cf37db34e24cc\">\n#top .av-special-heading.av-ly8cn2i2-4945fc6e44ab53c0a63cf37db34e24cc{\npadding-bottom:10px;\n}\nbody .av-special-heading.av-ly8cn2i2-4945fc6e44ab53c0a63cf37db34e24cc .av-special-heading-tag .heading-char{\nfont-size:25px;\n}\n.av-special-heading.av-ly8cn2i2-4945fc6e44ab53c0a63cf37db34e24cc .av-subheading{\nfont-size:15px;\n}\n<\/style>\n<div  class='av-special-heading av-ly8cn2i2-4945fc6e44ab53c0a63cf37db34e24cc av-special-heading-h3 blockquote modern-quote modern-centered  avia-builder-el-7  avia-builder-el-no-sibling  av-thin-font'><h3 class='av-special-heading-tag'  itemprop=\"headline\"  ><strong>Produkty bior\u0105ce udzia\u0142 w promocji<\/strong><\/h3><div class=\"special-heading-border\"><div class=\"special-heading-inner-border\"><\/div><\/div><\/div><\/div>\n\n<style type=\"text\/css\" data-created_by=\"avia_inline_auto\" id=\"style-css-av-ly8gnko4-affb93259af01ea58a3ccb4e4d94295f\">\n#top .flex_column.av-ly8gnko4-affb93259af01ea58a3ccb4e4d94295f{\nmargin-top:20px;\nmargin-bottom:20px;\n}\n.flex_column.av-ly8gnko4-affb93259af01ea58a3ccb4e4d94295f{\nwidth:49%;\nbackground-color:#ffffff;\n}\n.responsive #top #wrap_all .flex_column.av-ly8gnko4-affb93259af01ea58a3ccb4e4d94295f{\nmargin-top:20px;\nmargin-bottom:20px;\n}\n<\/style>\n<div  class='flex_column av-ly8gnko4-affb93259af01ea58a3ccb4e4d94295f av_one_half  avia-builder-el-8  el_after_av_one_full  el_before_av_one_half  first flex_column_div  column-top-margin'     ><p>\n<style type=\"text\/css\" data-created_by=\"avia_inline_auto\" id=\"style-css-av-ly8cnynz-88f2b323467869b55655f312e8e029c0\">\n.avia-image-container.av-ly8cnynz-88f2b323467869b55655f312e8e029c0 img.avia_image{\nbox-shadow:none;\n}\n.avia-image-container.av-ly8cnynz-88f2b323467869b55655f312e8e029c0 .av-image-caption-overlay-center{\ncolor:#ffffff;\n}\n<\/style>\n<div  class='avia-image-container av-ly8cnynz-88f2b323467869b55655f312e8e029c0 av-styling- av-img-linked avia-align-center  avia-builder-el-9  el_before_av_hr  avia-builder-el-first '   itemprop=\"image\" itemscope=\"itemscope\" itemtype=\"https:\/\/schema.org\/ImageObject\" ><div class=\"avia-image-container-inner\"><div class=\"avia-image-overlay-wrap\"><a href=\"\/pl\/produkt\/glareone-led-80-bicolor-d-location-kit\/\" class='avia_image '  aria-label='SLED80BCD_00'><img decoding=\"async\" fetchpriority=\"high\" class='wp-image-1606 avia-img-lazy-loading-not-1606 avia_image ' src=\"https:\/\/glareone.eu\/wp-content\/uploads\/2024\/04\/SLED80BCD_00-300x300.jpg\" alt='' title='SLED80BCD_00'  height=\"300\" width=\"300\"  itemprop=\"thumbnailUrl\" srcset=\"https:\/\/glareone.eu\/wp-content\/uploads\/2024\/04\/SLED80BCD_00-300x300.jpg 300w, https:\/\/glareone.eu\/wp-content\/uploads\/2024\/04\/SLED80BCD_00-1030x1030.jpg 1030w, https:\/\/glareone.eu\/wp-content\/uploads\/2024\/04\/SLED80BCD_00-80x80.jpg 80w, https:\/\/glareone.eu\/wp-content\/uploads\/2024\/04\/SLED80BCD_00-768x768.jpg 768w, https:\/\/glareone.eu\/wp-content\/uploads\/2024\/04\/SLED80BCD_00-36x36.jpg 36w, https:\/\/glareone.eu\/wp-content\/uploads\/2024\/04\/SLED80BCD_00-180x180.jpg 180w, https:\/\/glareone.eu\/wp-content\/uploads\/2024\/04\/SLED80BCD_00-705x705.jpg 705w, https:\/\/glareone.eu\/wp-content\/uploads\/2024\/04\/SLED80BCD_00-120x120.jpg 120w, https:\/\/glareone.eu\/wp-content\/uploads\/2024\/04\/SLED80BCD_00-450x450.jpg 450w, https:\/\/glareone.eu\/wp-content\/uploads\/2024\/04\/SLED80BCD_00-600x600.jpg 600w, https:\/\/glareone.eu\/wp-content\/uploads\/2024\/04\/SLED80BCD_00-100x100.jpg 100w, https:\/\/glareone.eu\/wp-content\/uploads\/2024\/04\/SLED80BCD_00.jpg 1200w\" sizes=\"(max-width: 300px) 100vw, 300px\" \/><\/a><\/div><\/div><\/div><br \/>\n\n<style type=\"text\/css\" data-created_by=\"avia_inline_auto\" id=\"style-css-av-ly8i4vqm-e3ed0c07ee4ade00145cbfa75787aa92\">\n#top .hr.hr-invisible.av-ly8i4vqm-e3ed0c07ee4ade00145cbfa75787aa92{\nheight:20px;\n}\n<\/style>\n<div  class='hr av-ly8i4vqm-e3ed0c07ee4ade00145cbfa75787aa92 hr-invisible  avia-builder-el-10  el_after_av_image  el_before_av_textblock '><span class='hr-inner '><span class=\"hr-inner-style\"><\/span><\/span><\/div><br \/>\n<section  class='av_textblock_section av-ly8co2v2-dbbd38b1d3f3652f99cc4b79721b54df '   itemscope=\"itemscope\" itemtype=\"https:\/\/schema.org\/CreativeWork\" ><div class='avia_textblock'  itemprop=\"text\" ><h3 class=\"product_title entry-title\" style=\"text-align: center;\"><a href=\"\/pl\/produkt\/glareone-led-80-bicolor-d-location-kit\/\">LED 80 BiColor D Location Kit<\/a><\/h3>\n<\/div><\/section><br \/>\n<section  class='av_textblock_section av-lycunl8o-34e9040e1119dc8eda5192988da0a8ff '   itemscope=\"itemscope\" itemtype=\"https:\/\/schema.org\/CreativeWork\" ><div class='avia_textblock'  itemprop=\"text\" ><h4 style=\"text-align: center;\"><s>1190,00<\/s> <span style=\"color: #b61a1e;\">990,00<\/span><\/h4>\n<\/div><\/section><br \/>\n\n<style type=\"text\/css\" data-created_by=\"avia_inline_auto\" id=\"style-css-av-292pkd7-567170717b9926cc4a452b32a4ac1184\">\n#top .hr.hr-invisible.av-292pkd7-567170717b9926cc4a452b32a4ac1184{\nheight:20px;\n}\n<\/style>\n<div  class='hr av-292pkd7-567170717b9926cc4a452b32a4ac1184 hr-invisible  avia-builder-el-13  el_after_av_textblock  avia-builder-el-last '><span class='hr-inner '><span class=\"hr-inner-style\"><\/span><\/span><\/div><\/p><\/div>\n<style type=\"text\/css\" data-created_by=\"avia_inline_auto\" id=\"style-css-av-1si3323-2cdbc3bb7c8dc15a5cc55a43d423c263\">\n#top .flex_column.av-1si3323-2cdbc3bb7c8dc15a5cc55a43d423c263{\nmargin-top:20px;\nmargin-bottom:20px;\n}\n.flex_column.av-1si3323-2cdbc3bb7c8dc15a5cc55a43d423c263{\nwidth:49%;\nmargin-left:2%;\nbackground-color:#ffffff;\n}\n.responsive #top #wrap_all .flex_column.av-1si3323-2cdbc3bb7c8dc15a5cc55a43d423c263{\nmargin-top:20px;\nmargin-bottom:20px;\n}\n<\/style>\n<div  class='flex_column av-1si3323-2cdbc3bb7c8dc15a5cc55a43d423c263 av_one_half  avia-builder-el-14  el_after_av_one_half  el_before_av_hr  flex_column_div  column-top-margin'     ><p>\n<style type=\"text\/css\" data-created_by=\"avia_inline_auto\" id=\"style-css-av-ly8i9dx3-a27a54cc7c1f2e8a4a8d727e84b5762a\">\n.avia-image-container.av-ly8i9dx3-a27a54cc7c1f2e8a4a8d727e84b5762a img.avia_image{\nbox-shadow:none;\n}\n.avia-image-container.av-ly8i9dx3-a27a54cc7c1f2e8a4a8d727e84b5762a .av-image-caption-overlay-center{\ncolor:#ffffff;\n}\n<\/style>\n<div  class='avia-image-container av-ly8i9dx3-a27a54cc7c1f2e8a4a8d727e84b5762a av-styling- av-img-linked avia-align-center  avia-builder-el-15  el_before_av_hr  avia-builder-el-first '   itemprop=\"image\" itemscope=\"itemscope\" itemtype=\"https:\/\/schema.org\/ImageObject\" ><div class=\"avia-image-container-inner\"><div class=\"avia-image-overlay-wrap\"><a href=\"\/pl\/produkt\/glareone-led-120-bicolor-d-location-kit\/\" class='avia_image '  aria-label='led 120 location kit'><img decoding=\"async\" fetchpriority=\"high\" class='wp-image-12299 avia-img-lazy-loading-not-12299 avia_image ' src=\"https:\/\/glareone.eu\/wp-content\/uploads\/2024\/07\/led-120-location-kit-300x300.png\" alt='' title='led 120 location kit'  height=\"300\" width=\"300\"  itemprop=\"thumbnailUrl\" srcset=\"https:\/\/glareone.eu\/wp-content\/uploads\/2024\/07\/led-120-location-kit-300x300.png 300w, https:\/\/glareone.eu\/wp-content\/uploads\/2024\/07\/led-120-location-kit-1030x1030.png 1030w, https:\/\/glareone.eu\/wp-content\/uploads\/2024\/07\/led-120-location-kit-80x80.png 80w, https:\/\/glareone.eu\/wp-content\/uploads\/2024\/07\/led-120-location-kit-768x768.png 768w, https:\/\/glareone.eu\/wp-content\/uploads\/2024\/07\/led-120-location-kit-36x36.png 36w, https:\/\/glareone.eu\/wp-content\/uploads\/2024\/07\/led-120-location-kit-180x180.png 180w, https:\/\/glareone.eu\/wp-content\/uploads\/2024\/07\/led-120-location-kit-705x705.png 705w, https:\/\/glareone.eu\/wp-content\/uploads\/2024\/07\/led-120-location-kit-120x120.png 120w, https:\/\/glareone.eu\/wp-content\/uploads\/2024\/07\/led-120-location-kit-450x450.png 450w, https:\/\/glareone.eu\/wp-content\/uploads\/2024\/07\/led-120-location-kit-600x600.png 600w, https:\/\/glareone.eu\/wp-content\/uploads\/2024\/07\/led-120-location-kit-100x100.png 100w, https:\/\/glareone.eu\/wp-content\/uploads\/2024\/07\/led-120-location-kit.png 1200w\" sizes=\"(max-width: 300px) 100vw, 300px\" \/><\/a><\/div><\/div><\/div><br \/>\n\n<style type=\"text\/css\" data-created_by=\"avia_inline_auto\" id=\"style-css-av-3n1rq3-10d081b033082153c09cab3fe32dc744\">\n#top .hr.hr-invisible.av-3n1rq3-10d081b033082153c09cab3fe32dc744{\nheight:20px;\n}\n<\/style>\n<div  class='hr av-3n1rq3-10d081b033082153c09cab3fe32dc744 hr-invisible  avia-builder-el-16  el_after_av_image  el_before_av_textblock '><span class='hr-inner '><span class=\"hr-inner-style\"><\/span><\/span><\/div><br \/>\n<section  class='av_textblock_section av-ly8iasoa-4f89b458a7795ec87a044f67027f3fb5 '   itemscope=\"itemscope\" itemtype=\"https:\/\/schema.org\/CreativeWork\" ><div class='avia_textblock'  itemprop=\"text\" ><h3 class=\"product_title entry-title\" style=\"text-align: center;\"><a href=\"\/pl\/produkt\/glareone-led-120-bicolor-d-location-kit\/\">LED 120 BiColor D Location Kit<\/a><\/h3>\n<\/div><\/section><br \/>\n<section  class='av_textblock_section av-lycupbx3-0da59b6945600212d9cfd389b63d4d05 '   itemscope=\"itemscope\" itemtype=\"https:\/\/schema.org\/CreativeWork\" ><div class='avia_textblock'  itemprop=\"text\" ><h4 style=\"text-align: center;\"><s>1390,00<\/s> <span style=\"color: #b61a1e;\">1190,00<\/span><\/h4>\n<\/div><\/section><br \/>\n\n<style type=\"text\/css\" data-created_by=\"avia_inline_auto\" id=\"style-css-av-qcz2l7-13bf557516474f7ca0ec5e8a07b3e02a\">\n#top .hr.hr-invisible.av-qcz2l7-13bf557516474f7ca0ec5e8a07b3e02a{\nheight:20px;\n}\n<\/style>\n<div  class='hr av-qcz2l7-13bf557516474f7ca0ec5e8a07b3e02a hr-invisible  avia-builder-el-19  el_after_av_textblock  avia-builder-el-last '><span class='hr-inner '><span class=\"hr-inner-style\"><\/span><\/span><\/div><\/p><\/div>\n<style type=\"text\/css\" data-created_by=\"avia_inline_auto\" id=\"style-css-av-ly8h2z59-3f0917113582ae05bf1f807395f15c35\">\n#top .hr.av-ly8h2z59-3f0917113582ae05bf1f807395f15c35{\nmargin-top:20px;\nmargin-bottom:20px;\n}\n.hr.av-ly8h2z59-3f0917113582ae05bf1f807395f15c35 .hr-inner{\nwidth:full;\nborder-color:#b02b2c;\n}\n<\/style>\n<div  class='hr av-ly8h2z59-3f0917113582ae05bf1f807395f15c35 hr-custom  avia-builder-el-20  el_after_av_one_half  el_before_av_button  hr-center hr-icon-no'><span class='hr-inner inner-border-av-border-fat'><span class=\"hr-inner-style\"><\/span><\/span><\/div><\/p>\n<div  class='avia-button-wrap av-ly8gwu3e-57b5bd268b07dc74ce3d62722c59db25-wrap avia-button-center  avia-builder-el-21  el_after_av_hr  avia-builder-el-last '>\n<style type=\"text\/css\" data-created_by=\"avia_inline_auto\" id=\"style-css-av-ly8gwu3e-57b5bd268b07dc74ce3d62722c59db25\">\n#top #wrap_all .avia-button.av-ly8gwu3e-57b5bd268b07dc74ce3d62722c59db25{\nfont-size:20px;\ntransition:all 0.4s ease-in-out;\n}\n<\/style>\n<a href='https:\/\/glareone.eu\/pl\/gdzie-kupic\/'  class='avia-button av-ly8gwu3e-57b5bd268b07dc74ce3d62722c59db25 av-link-btn avia-icon_select-no avia-size-large avia-position-center avia-color-theme-color-highlight'  ><span class='avia_iconbox_title' >Sprawd\u017a, gdzie kupi\u0107<\/span><\/a><\/div>\n","protected":false},"excerpt":{"rendered":"","protected":false},"author":4,"featured_media":0,"parent":0,"menu_order":0,"comment_status":"closed","ping_status":"closed","template":"","meta":{"footnotes":""},"class_list":["post-24287","page","type-page","status-publish","hentry"],"yoast_head":"<!-- This site is optimized with the Yoast SEO plugin v27.2 - https:\/\/yoast.com\/product\/yoast-seo-wordpress\/ -->\n<title>Promocja! LED80 i LED120 Location Kit taniej - GlareOne<\/title>\n<meta name=\"robots\" content=\"index, follow, max-snippet:-1, max-image-preview:large, max-video-preview:-1\" \/>\n<link rel=\"canonical\" href=\"https:\/\/glareone.eu\/pl\/promocja-led80-i-led120-location-kit-taniej\/\" \/>\n<meta property=\"og:locale\" content=\"pl_PL\" \/>\n<meta property=\"og:type\" content=\"article\" \/>\n<meta property=\"og:title\" content=\"Promocja! LED80 i LED120 Location Kit taniej - GlareOne\" \/>\n<meta property=\"og:url\" content=\"https:\/\/glareone.eu\/pl\/promocja-led80-i-led120-location-kit-taniej\/\" \/>\n<meta property=\"og:site_name\" content=\"GlareOne\" \/>\n<meta property=\"article:publisher\" content=\"https:\/\/www.facebook.com\/GlareOneLighting\" \/>\n<meta property=\"article:modified_time\" content=\"2026-03-19T09:24:49+00:00\" \/>\n<meta name=\"twitter:card\" content=\"summary_large_image\" \/>\n<meta name=\"twitter:label1\" content=\"Szacowany czas czytania\" \/>\n\t<meta name=\"twitter:data1\" content=\"1 minuta\" \/>\n<script type=\"application\/ld+json\" class=\"yoast-schema-graph\">{\"@context\":\"https:\/\/schema.org\",\"@graph\":[{\"@type\":\"WebPage\",\"@id\":\"https:\/\/glareone.eu\/pl\/promocja-led80-i-led120-location-kit-taniej\/\",\"url\":\"https:\/\/glareone.eu\/pl\/promocja-led80-i-led120-location-kit-taniej\/\",\"name\":\"Promocja! LED80 i LED120 Location Kit taniej - GlareOne\",\"isPartOf\":{\"@id\":\"https:\/\/glareone.eu\/pl\/en\/#website\"},\"datePublished\":\"2026-03-12T13:00:01+00:00\",\"dateModified\":\"2026-03-19T09:24:49+00:00\",\"breadcrumb\":{\"@id\":\"https:\/\/glareone.eu\/pl\/promocja-led80-i-led120-location-kit-taniej\/#breadcrumb\"},\"inLanguage\":\"pl-PL\",\"potentialAction\":[{\"@type\":\"ReadAction\",\"target\":[\"https:\/\/glareone.eu\/pl\/promocja-led80-i-led120-location-kit-taniej\/\"]}]},{\"@type\":\"BreadcrumbList\",\"@id\":\"https:\/\/glareone.eu\/pl\/promocja-led80-i-led120-location-kit-taniej\/#breadcrumb\",\"itemListElement\":[{\"@type\":\"ListItem\",\"position\":1,\"name\":\"Strona g\u0142\u00f3wna\",\"item\":\"https:\/\/glareone.eu\/pl\/\"},{\"@type\":\"ListItem\",\"position\":2,\"name\":\"Promocja! LED80 i LED120 Location Kit taniej\"}]},{\"@type\":\"WebSite\",\"@id\":\"https:\/\/glareone.eu\/pl\/en\/#website\",\"url\":\"https:\/\/glareone.eu\/pl\/en\/\",\"name\":\"GlareOne\",\"description\":\"Wyposa\u017cenie Studia\",\"publisher\":{\"@id\":\"https:\/\/glareone.eu\/pl\/en\/#organization\"},\"potentialAction\":[{\"@type\":\"SearchAction\",\"target\":{\"@type\":\"EntryPoint\",\"urlTemplate\":\"https:\/\/glareone.eu\/pl\/en\/?s={search_term_string}\"},\"query-input\":{\"@type\":\"PropertyValueSpecification\",\"valueRequired\":true,\"valueName\":\"search_term_string\"}}],\"inLanguage\":\"pl-PL\"},{\"@type\":\"Organization\",\"@id\":\"https:\/\/glareone.eu\/pl\/en\/#organization\",\"name\":\"GlareOne\",\"url\":\"https:\/\/glareone.eu\/pl\/en\/\",\"logo\":{\"@type\":\"ImageObject\",\"inLanguage\":\"pl-PL\",\"@id\":\"https:\/\/glareone.eu\/pl\/en\/#\/schema\/logo\/image\/\",\"url\":\"http:\/\/glareone.eu\/wp-content\/uploads\/2024\/05\/glareone_logo2020_RGB-01-e1715773127189.png\",\"contentUrl\":\"http:\/\/glareone.eu\/wp-content\/uploads\/2024\/05\/glareone_logo2020_RGB-01-e1715773127189.png\",\"width\":1270,\"height\":321,\"caption\":\"GlareOne\"},\"image\":{\"@id\":\"https:\/\/glareone.eu\/pl\/en\/#\/schema\/logo\/image\/\"},\"sameAs\":[\"https:\/\/www.facebook.com\/GlareOneLighting\",\"https:\/\/www.instagram.com\/glareonelighting\/\",\"https:\/\/www.youtube.com\/@GlareOneTV\"]}]}<\/script>\n<!-- \/ Yoast SEO plugin. -->","yoast_head_json":{"title":"Promocja! LED80 i LED120 Location Kit taniej - GlareOne","robots":{"index":"index","follow":"follow","max-snippet":"max-snippet:-1","max-image-preview":"max-image-preview:large","max-video-preview":"max-video-preview:-1"},"canonical":"https:\/\/glareone.eu\/pl\/promocja-led80-i-led120-location-kit-taniej\/","og_locale":"pl_PL","og_type":"article","og_title":"Promocja! LED80 i LED120 Location Kit taniej - GlareOne","og_url":"https:\/\/glareone.eu\/pl\/promocja-led80-i-led120-location-kit-taniej\/","og_site_name":"GlareOne","article_publisher":"https:\/\/www.facebook.com\/GlareOneLighting","article_modified_time":"2026-03-19T09:24:49+00:00","twitter_card":"summary_large_image","twitter_misc":{"Szacowany czas czytania":"1 minuta"},"schema":{"@context":"https:\/\/schema.org","@graph":[{"@type":"WebPage","@id":"https:\/\/glareone.eu\/pl\/promocja-led80-i-led120-location-kit-taniej\/","url":"https:\/\/glareone.eu\/pl\/promocja-led80-i-led120-location-kit-taniej\/","name":"Promocja! LED80 i LED120 Location Kit taniej - GlareOne","isPartOf":{"@id":"https:\/\/glareone.eu\/pl\/en\/#website"},"datePublished":"2026-03-12T13:00:01+00:00","dateModified":"2026-03-19T09:24:49+00:00","breadcrumb":{"@id":"https:\/\/glareone.eu\/pl\/promocja-led80-i-led120-location-kit-taniej\/#breadcrumb"},"inLanguage":"pl-PL","potentialAction":[{"@type":"ReadAction","target":["https:\/\/glareone.eu\/pl\/promocja-led80-i-led120-location-kit-taniej\/"]}]},{"@type":"BreadcrumbList","@id":"https:\/\/glareone.eu\/pl\/promocja-led80-i-led120-location-kit-taniej\/#breadcrumb","itemListElement":[{"@type":"ListItem","position":1,"name":"Strona g\u0142\u00f3wna","item":"https:\/\/glareone.eu\/pl\/"},{"@type":"ListItem","position":2,"name":"Promocja! LED80 i LED120 Location Kit taniej"}]},{"@type":"WebSite","@id":"https:\/\/glareone.eu\/pl\/en\/#website","url":"https:\/\/glareone.eu\/pl\/en\/","name":"GlareOne","description":"Wyposa\u017cenie Studia","publisher":{"@id":"https:\/\/glareone.eu\/pl\/en\/#organization"},"potentialAction":[{"@type":"SearchAction","target":{"@type":"EntryPoint","urlTemplate":"https:\/\/glareone.eu\/pl\/en\/?s={search_term_string}"},"query-input":{"@type":"PropertyValueSpecification","valueRequired":true,"valueName":"search_term_string"}}],"inLanguage":"pl-PL"},{"@type":"Organization","@id":"https:\/\/glareone.eu\/pl\/en\/#organization","name":"GlareOne","url":"https:\/\/glareone.eu\/pl\/en\/","logo":{"@type":"ImageObject","inLanguage":"pl-PL","@id":"https:\/\/glareone.eu\/pl\/en\/#\/schema\/logo\/image\/","url":"http:\/\/glareone.eu\/wp-content\/uploads\/2024\/05\/glareone_logo2020_RGB-01-e1715773127189.png","contentUrl":"http:\/\/glareone.eu\/wp-content\/uploads\/2024\/05\/glareone_logo2020_RGB-01-e1715773127189.png","width":1270,"height":321,"caption":"GlareOne"},"image":{"@id":"https:\/\/glareone.eu\/pl\/en\/#\/schema\/logo\/image\/"},"sameAs":["https:\/\/www.facebook.com\/GlareOneLighting","https:\/\/www.instagram.com\/glareonelighting\/","https:\/\/www.youtube.com\/@GlareOneTV"]}]}},"_links":{"self":[{"href":"https:\/\/glareone.eu\/pl\/wp-json\/wp\/v2\/pages\/24287","targetHints":{"allow":["GET"]}}],"collection":[{"href":"https:\/\/glareone.eu\/pl\/wp-json\/wp\/v2\/pages"}],"about":[{"href":"https:\/\/glareone.eu\/pl\/wp-json\/wp\/v2\/types\/page"}],"author":[{"embeddable":true,"href":"https:\/\/glareone.eu\/pl\/wp-json\/wp\/v2\/users\/4"}],"replies":[{"embeddable":true,"href":"https:\/\/glareone.eu\/pl\/wp-json\/wp\/v2\/comments?post=24287"}],"version-history":[{"count":3,"href":"https:\/\/glareone.eu\/pl\/wp-json\/wp\/v2\/pages\/24287\/revisions"}],"predecessor-version":[{"id":24314,"href":"https:\/\/glareone.eu\/pl\/wp-json\/wp\/v2\/pages\/24287\/revisions\/24314"}],"wp:attachment":[{"href":"https:\/\/glareone.eu\/pl\/wp-json\/wp\/v2\/media?parent=24287"}],"curies":[{"name":"wp","href":"https:\/\/api.w.org\/{rel}","templated":true}]}}