{"id":24286,"date":"2026-03-12T13:04:02","date_gmt":"2026-03-12T13:04:02","guid":{"rendered":"https:\/\/glareone.eu\/?page_id=24286"},"modified":"2026-03-19T09:26:55","modified_gmt":"2026-03-19T09:26:55","slug":"promocja-korpus-strumienicy-i-obiektyw-projekcyjny-taniej","status":"publish","type":"page","link":"https:\/\/glareone.eu\/pl\/promocja-korpus-strumienicy-i-obiektyw-projekcyjny-taniej\/","title":{"rendered":"Promocja! Korpus strumienicy i obiektyw projekcyjny taniej"},"content":{"rendered":"<div  class='flex_column av-16srxu7-64217729dec62258b5a5b4803f8ad76c av_one_full  avia-builder-el-0  el_before_av_one_full  avia-builder-el-first  first flex_column_div  '     ><style type=\"text\/css\" data-created_by=\"avia_inline_auto\" id=\"style-css-av-ly8c88ug-905a45410dfe8494541acd6168a62a1b\">\n.avia-image-container.av-ly8c88ug-905a45410dfe8494541acd6168a62a1b img.avia_image{\nbox-shadow:none;\n}\n.avia-image-container.av-ly8c88ug-905a45410dfe8494541acd6168a62a1b .av-image-caption-overlay-center{\ncolor:#ffffff;\n}\n<\/style>\n<div  class='avia-image-container av-ly8c88ug-905a45410dfe8494541acd6168a62a1b av-styling- avia-align-center  avia-builder-el-1  avia-builder-el-no-sibling '   itemprop=\"image\" itemscope=\"itemscope\" itemtype=\"https:\/\/schema.org\/ImageObject\" ><div class=\"avia-image-container-inner\"><div class=\"avia-image-overlay-wrap\"><img decoding=\"async\" fetchpriority=\"high\" class='wp-image-24322 avia-img-lazy-loading-not-24322 avia_image ' src=\"https:\/\/glareone.eu\/wp-content\/uploads\/2026\/03\/1200x628-4-1.jpg\" alt='' title='1200x628 (4) (1)'  height=\"628\" width=\"1200\"  itemprop=\"thumbnailUrl\" srcset=\"https:\/\/glareone.eu\/wp-content\/uploads\/2026\/03\/1200x628-4-1.jpg 1200w, https:\/\/glareone.eu\/wp-content\/uploads\/2026\/03\/1200x628-4-1-300x157.jpg 300w, https:\/\/glareone.eu\/wp-content\/uploads\/2026\/03\/1200x628-4-1-1030x539.jpg 1030w, https:\/\/glareone.eu\/wp-content\/uploads\/2026\/03\/1200x628-4-1-768x402.jpg 768w, https:\/\/glareone.eu\/wp-content\/uploads\/2026\/03\/1200x628-4-1-705x369.jpg 705w, https:\/\/glareone.eu\/wp-content\/uploads\/2026\/03\/1200x628-4-1-450x236.jpg 450w, https:\/\/glareone.eu\/wp-content\/uploads\/2026\/03\/1200x628-4-1-600x314.jpg 600w\" sizes=\"(max-width: 1200px) 100vw, 1200px\" \/><\/div><\/div><\/div><\/div><div  class='flex_column av-19uqp9r-d179cee11bc67848ef37b78b0486d219 av_one_full  avia-builder-el-2  el_after_av_one_full  el_before_av_one_full  first flex_column_div  column-top-margin'     ><section  class='av_textblock_section av-ly8chdqp-82e09d45416f48de6ebb42b8e500db66 '   itemscope=\"itemscope\" itemtype=\"https:\/\/schema.org\/CreativeWork\" ><div class='avia_textblock'  itemprop=\"text\" ><h3 style=\"text-align: center;\">Jak skorzysta\u0107 z promocji?<br \/>\n<br class=\"avia-permanent-lb\" \/><\/h3>\n<\/div><\/section><br \/>\n<section  class='av_textblock_section av-ly8hiyt4-dd6d9818fb9a61687f9e9fb086ee0140 '   itemscope=\"itemscope\" itemtype=\"https:\/\/schema.org\/CreativeWork\" ><div class='avia_textblock'  itemprop=\"text\" ><h3 style=\"text-align: center;\">1. Znajd\u017a sklep, kt\u00f3ry bierze udzia\u0142 w promocji. Lista znajduje si\u0119 w zak\u0142adce <strong><a href=\"https:\/\/glareone.eu\/pl\/gdzie-kupic\/\" target=\"_blank\" rel=\"noopener\"><span style=\"color: #b61a1e;\">Gdzie kupi\u0107?<\/span><\/a><\/strong><\/h3>\n<h3 style=\"text-align: center;\">2. Dodaj do koszyka korpus strumienicy GlareOne Spotlight i GlareOne Spotlight 150 mm.<\/h3>\n<h3 style=\"text-align: center;\">3. Kup zestaw w ni\u017cszej cenie!<\/h3>\n<p style=\"text-align: center;\">Promocja obowi\u0105zuje do 30.04.2026 r. lub wyczerpania zapas\u00f3w.<\/p>\n<\/div><\/section><br \/>\n\n<style type=\"text\/css\" data-created_by=\"avia_inline_auto\" id=\"style-css-av-ly8gi31h-0dc9c72d926dadebbd26b17db9f0cae4\">\n#top .hr.av-ly8gi31h-0dc9c72d926dadebbd26b17db9f0cae4{\nmargin-top:0px;\nmargin-bottom:0px;\n}\n.hr.av-ly8gi31h-0dc9c72d926dadebbd26b17db9f0cae4 .hr-inner{\nwidth:full;\nborder-color:#b02b2c;\n}\n<\/style>\n<div  class='hr av-ly8gi31h-0dc9c72d926dadebbd26b17db9f0cae4 hr-custom  avia-builder-el-5  el_after_av_textblock  avia-builder-el-last  hr-center hr-icon-no'><span class='hr-inner inner-border-av-border-fat'><span class=\"hr-inner-style\"><\/span><\/span><\/div><\/p><\/div><\/p>\n<div  class='flex_column av-w37mhb-82e87e2eb2f3ed1abd481c889c34cf15 av_one_full  avia-builder-el-6  el_after_av_one_full  el_before_av_two_fifth  first flex_column_div  column-top-margin'     ><p>\n<style type=\"text\/css\" data-created_by=\"avia_inline_auto\" id=\"style-css-av-m4l8jhef-66b729307d2c6d966419712c697f8bda\">\n#top .av-special-heading.av-m4l8jhef-66b729307d2c6d966419712c697f8bda{\npadding-bottom:10px;\n}\nbody .av-special-heading.av-m4l8jhef-66b729307d2c6d966419712c697f8bda .av-special-heading-tag .heading-char{\nfont-size:25px;\n}\n.av-special-heading.av-m4l8jhef-66b729307d2c6d966419712c697f8bda .av-subheading{\nfont-size:15px;\n}\n<\/style>\n<div  class='av-special-heading av-m4l8jhef-66b729307d2c6d966419712c697f8bda av-special-heading-h3 blockquote modern-quote modern-centered  avia-builder-el-7  el_before_av_textblock  avia-builder-el-first  av-thin-font'><h3 class='av-special-heading-tag'  itemprop=\"headline\"  ><strong>Korpus strumienicy z obiektywem projekcyjnym 150 mm<\/strong><\/h3><div class=\"special-heading-border\"><div class=\"special-heading-inner-border\"><\/div><\/div><\/div><br \/>\n<section  class='av_textblock_section av-mmnhbrx9-8bc315514154b01935af8dc1596bb475 '   itemscope=\"itemscope\" itemtype=\"https:\/\/schema.org\/CreativeWork\" ><div class='avia_textblock'  itemprop=\"text\" ><h4 style=\"text-align: center;\"><s>1580,00<\/s> <span style=\"color: #b61a1e;\">990,00<\/span><\/h4>\n<\/div><\/section><\/p><\/div>\n<style type=\"text\/css\" data-created_by=\"avia_inline_auto\" id=\"style-css-av-ly8gnko4-aaece569356cd1762c971d616d86dd0a\">\n.flex_column.av-ly8gnko4-aaece569356cd1762c971d616d86dd0a{\nwidth:38.8%;\nbackground-color:#eeeeee;\n}\n<\/style>\n<div  class='flex_column av-ly8gnko4-aaece569356cd1762c971d616d86dd0a av_two_fifth  avia-builder-el-9  el_after_av_one_full  el_before_av_one_fifth  first flex_column_div  column-top-margin'     ><p>\n<style type=\"text\/css\" data-created_by=\"avia_inline_auto\" id=\"style-css-av-ly8cnynz-b04cd542b6fa2bc7f2b0786cec48d5e3\">\n.avia-image-container.av-ly8cnynz-b04cd542b6fa2bc7f2b0786cec48d5e3 img.avia_image{\nbox-shadow:none;\n}\n.avia-image-container.av-ly8cnynz-b04cd542b6fa2bc7f2b0786cec48d5e3 .av-image-caption-overlay-center{\ncolor:#ffffff;\n}\n<\/style>\n<div  class='avia-image-container av-ly8cnynz-b04cd542b6fa2bc7f2b0786cec48d5e3 av-styling- av-img-linked avia-align-center  avia-builder-el-10  el_before_av_textblock  avia-builder-el-first '   itemprop=\"image\" itemscope=\"itemscope\" itemtype=\"https:\/\/schema.org\/ImageObject\" ><div class=\"avia-image-container-inner\"><div class=\"avia-image-overlay-wrap\"><a href=\"https:\/\/glareone.eu\/pl\/produkt\/glareone-spotlight-korpus-strumienicy\/\" class='avia_image '  target=\"_blank\"  rel=\"noopener noreferrer\" aria-label='SSPOTLIGHTM_01'><img decoding=\"async\" fetchpriority=\"high\" class='wp-image-3104 avia-img-lazy-loading-not-3104 avia_image ' src=\"https:\/\/glareone.eu\/wp-content\/uploads\/2024\/04\/SSPOTLIGHTM_01.jpg\" alt='' title='SSPOTLIGHTM_01'  height=\"1200\" width=\"1200\"  itemprop=\"thumbnailUrl\" srcset=\"https:\/\/glareone.eu\/wp-content\/uploads\/2024\/04\/SSPOTLIGHTM_01.jpg 1200w, https:\/\/glareone.eu\/wp-content\/uploads\/2024\/04\/SSPOTLIGHTM_01-300x300.jpg 300w, https:\/\/glareone.eu\/wp-content\/uploads\/2024\/04\/SSPOTLIGHTM_01-1030x1030.jpg 1030w, https:\/\/glareone.eu\/wp-content\/uploads\/2024\/04\/SSPOTLIGHTM_01-80x80.jpg 80w, https:\/\/glareone.eu\/wp-content\/uploads\/2024\/04\/SSPOTLIGHTM_01-768x768.jpg 768w, https:\/\/glareone.eu\/wp-content\/uploads\/2024\/04\/SSPOTLIGHTM_01-36x36.jpg 36w, https:\/\/glareone.eu\/wp-content\/uploads\/2024\/04\/SSPOTLIGHTM_01-180x180.jpg 180w, https:\/\/glareone.eu\/wp-content\/uploads\/2024\/04\/SSPOTLIGHTM_01-705x705.jpg 705w, https:\/\/glareone.eu\/wp-content\/uploads\/2024\/04\/SSPOTLIGHTM_01-120x120.jpg 120w, https:\/\/glareone.eu\/wp-content\/uploads\/2024\/04\/SSPOTLIGHTM_01-450x450.jpg 450w, https:\/\/glareone.eu\/wp-content\/uploads\/2024\/04\/SSPOTLIGHTM_01-600x600.jpg 600w, https:\/\/glareone.eu\/wp-content\/uploads\/2024\/04\/SSPOTLIGHTM_01-100x100.jpg 100w\" sizes=\"(max-width: 1200px) 100vw, 1200px\" \/><\/a><\/div><\/div><\/div><br \/>\n<section  class='av_textblock_section av-ly8co2v2-dbbd38b1d3f3652f99cc4b79721b54df '   itemscope=\"itemscope\" itemtype=\"https:\/\/schema.org\/CreativeWork\" ><div class='avia_textblock'  itemprop=\"text\" ><h3 style=\"text-align: center;\"><a href=\"https:\/\/glareone.eu\/pl\/produkt\/glareone-spotlight-korpus-strumienicy\/\">GlareOne Spotlight \u2013<\/a><br \/>\n<a href=\"https:\/\/glareone.eu\/pl\/produkt\/glareone-spotlight-korpus-strumienicy\/\">korpus strumienicy<\/a><\/h3>\n<\/div><\/section><\/p><\/div><\/p>\n\n<style type=\"text\/css\" data-created_by=\"avia_inline_auto\" id=\"style-css-av-cqbbc9s-28434307086dddbeaa116324d0f3d7b0\">\n.flex_column.av-cqbbc9s-28434307086dddbeaa116324d0f3d7b0{\nwidth:18.4%;\nmargin-left:2%;\n}\n<\/style>\n<div  class='flex_column av-cqbbc9s-28434307086dddbeaa116324d0f3d7b0 av_one_fifth  avia-builder-el-12  el_after_av_two_fifth  el_before_av_two_fifth  flex_column_div  column-top-margin'     ><p>\n<style type=\"text\/css\" data-created_by=\"avia_inline_auto\" id=\"style-css-av-m4l7r8q4-9da338e4e7a62645be192df21c69c814\">\n#top .hr.av-m4l7r8q4-9da338e4e7a62645be192df21c69c814{\nmargin-top:100px;\nmargin-bottom:30px;\n}\n.hr.av-m4l7r8q4-9da338e4e7a62645be192df21c69c814 .hr-inner{\nwidth:50px;\n}\n<\/style>\n<div  class='hr av-m4l7r8q4-9da338e4e7a62645be192df21c69c814 hr-custom  avia-builder-el-13  el_before_av_font_icon  avia-builder-el-first  hr-center hr-icon-no'><span class='hr-inner inner-border-av-border-none'><span class=\"hr-inner-style\"><\/span><\/span><\/div><br \/>\n\n<style type=\"text\/css\" data-created_by=\"avia_inline_auto\" id=\"style-css-av-m4l7pheo-30ba7d08318cc76df4828cc6951f638b\">\n.av_font_icon.av-m4l7pheo-30ba7d08318cc76df4828cc6951f638b .av-icon-char{\nfont-size:100px;\nline-height:100px;\n}\n<\/style>\n<span  class='av_font_icon av-m4l7pheo-30ba7d08318cc76df4828cc6951f638b avia_animate_when_visible av-icon-style- avia-icon-pos-center av-no-color avia-icon-animate'><span class='av-icon-char' aria-hidden='true' data-av_icon='\ue816' data-av_iconfont='entypo-fontello' ><\/span><\/span><\/p><\/div>\n\n<style type=\"text\/css\" data-created_by=\"avia_inline_auto\" id=\"style-css-av-c8wbr40-135c9192ea721c6a82edc83d94a79d0c\">\n.flex_column.av-c8wbr40-135c9192ea721c6a82edc83d94a79d0c{\nwidth:38.8%;\nmargin-left:2%;\nbackground-color:#eeeeee;\n}\n<\/style>\n<div  class='flex_column av-c8wbr40-135c9192ea721c6a82edc83d94a79d0c av_two_fifth  avia-builder-el-15  el_after_av_one_fifth  el_before_av_hr  flex_column_div  column-top-margin'     ><p>\n<style type=\"text\/css\" data-created_by=\"avia_inline_auto\" id=\"style-css-av-m4l7mkn6-1614dbb66dba32cb7e8a75f16dfccfaa\">\n.avia-image-container.av-m4l7mkn6-1614dbb66dba32cb7e8a75f16dfccfaa img.avia_image{\nbox-shadow:none;\n}\n.avia-image-container.av-m4l7mkn6-1614dbb66dba32cb7e8a75f16dfccfaa .av-image-caption-overlay-center{\ncolor:#ffffff;\n}\n<\/style>\n<div  class='avia-image-container av-m4l7mkn6-1614dbb66dba32cb7e8a75f16dfccfaa av-styling- av-img-linked avia-align-center  avia-builder-el-16  el_before_av_textblock  avia-builder-el-first '   itemprop=\"image\" itemscope=\"itemscope\" itemtype=\"https:\/\/schema.org\/ImageObject\" ><div class=\"avia-image-container-inner\"><div class=\"avia-image-overlay-wrap\"><a href=\"https:\/\/glareone.eu\/pl\/produkt\/glareone-spotlight-150mm\/\" class='avia_image '  target=\"_blank\"  rel=\"noopener noreferrer\" aria-label='SSPOTLIGHT150L_01'><img decoding=\"async\" fetchpriority=\"high\" class='wp-image-2340 avia-img-lazy-loading-not-2340 avia_image ' src=\"https:\/\/glareone.eu\/wp-content\/uploads\/2024\/04\/SSPOTLIGHT150L_01.jpg\" alt='' title='SSPOTLIGHT150L_01'  height=\"1200\" width=\"1200\"  itemprop=\"thumbnailUrl\" srcset=\"https:\/\/glareone.eu\/wp-content\/uploads\/2024\/04\/SSPOTLIGHT150L_01.jpg 1200w, https:\/\/glareone.eu\/wp-content\/uploads\/2024\/04\/SSPOTLIGHT150L_01-300x300.jpg 300w, https:\/\/glareone.eu\/wp-content\/uploads\/2024\/04\/SSPOTLIGHT150L_01-1030x1030.jpg 1030w, https:\/\/glareone.eu\/wp-content\/uploads\/2024\/04\/SSPOTLIGHT150L_01-80x80.jpg 80w, https:\/\/glareone.eu\/wp-content\/uploads\/2024\/04\/SSPOTLIGHT150L_01-768x768.jpg 768w, https:\/\/glareone.eu\/wp-content\/uploads\/2024\/04\/SSPOTLIGHT150L_01-36x36.jpg 36w, https:\/\/glareone.eu\/wp-content\/uploads\/2024\/04\/SSPOTLIGHT150L_01-180x180.jpg 180w, https:\/\/glareone.eu\/wp-content\/uploads\/2024\/04\/SSPOTLIGHT150L_01-705x705.jpg 705w, https:\/\/glareone.eu\/wp-content\/uploads\/2024\/04\/SSPOTLIGHT150L_01-120x120.jpg 120w, https:\/\/glareone.eu\/wp-content\/uploads\/2024\/04\/SSPOTLIGHT150L_01-450x450.jpg 450w, https:\/\/glareone.eu\/wp-content\/uploads\/2024\/04\/SSPOTLIGHT150L_01-600x600.jpg 600w, https:\/\/glareone.eu\/wp-content\/uploads\/2024\/04\/SSPOTLIGHT150L_01-100x100.jpg 100w\" sizes=\"(max-width: 1200px) 100vw, 1200px\" \/><\/a><\/div><\/div><\/div><br \/>\n<section  class='av_textblock_section av-m4l7mz0q-9889881bc53949c6f9bf334b79d1be72 '   itemscope=\"itemscope\" itemtype=\"https:\/\/schema.org\/CreativeWork\" ><div class='avia_textblock'  itemprop=\"text\" ><h3 style=\"text-align: center;\"><a href=\"https:\/\/glareone.eu\/pl\/produkt\/glareone-spotlight-150mm\/\">GlareOne Spotlight 150 mm \u2013<br \/>\nobiektyw projekcyjny<\/a><\/h3>\n<\/div><\/section><\/p><\/div>\n\n<style type=\"text\/css\" data-created_by=\"avia_inline_auto\" id=\"style-css-av-2jim3k-59df866218ae6c8fbd8fcee0f9e0e1ac\">\n#top .hr.av-2jim3k-59df866218ae6c8fbd8fcee0f9e0e1ac{\nmargin-top:20px;\nmargin-bottom:20px;\n}\n.hr.av-2jim3k-59df866218ae6c8fbd8fcee0f9e0e1ac .hr-inner{\nwidth:full;\nborder-color:#b02b2c;\n}\n<\/style>\n<div  class='hr av-2jim3k-59df866218ae6c8fbd8fcee0f9e0e1ac hr-custom  avia-builder-el-18  el_after_av_two_fifth  el_before_av_button  hr-center hr-icon-no'><span class='hr-inner inner-border-av-border-fat'><span class=\"hr-inner-style\"><\/span><\/span><\/div>\n<div  class='avia-button-wrap av-ly8gwu3e-57b5bd268b07dc74ce3d62722c59db25-wrap avia-button-center  avia-builder-el-19  el_after_av_hr  avia-builder-el-last '>\n<style type=\"text\/css\" data-created_by=\"avia_inline_auto\" id=\"style-css-av-ly8gwu3e-57b5bd268b07dc74ce3d62722c59db25\">\n#top #wrap_all .avia-button.av-ly8gwu3e-57b5bd268b07dc74ce3d62722c59db25{\nfont-size:20px;\ntransition:all 0.4s ease-in-out;\n}\n<\/style>\n<a href='https:\/\/glareone.eu\/pl\/gdzie-kupic\/'  class='avia-button av-ly8gwu3e-57b5bd268b07dc74ce3d62722c59db25 av-link-btn avia-icon_select-no avia-size-large avia-position-center avia-color-theme-color-highlight'  ><span class='avia_iconbox_title' >Sprawd\u017a, gdzie kupi\u0107<\/span><\/a><\/div>\n","protected":false},"excerpt":{"rendered":"","protected":false},"author":4,"featured_media":0,"parent":0,"menu_order":0,"comment_status":"closed","ping_status":"closed","template":"","meta":{"footnotes":""},"class_list":["post-24286","page","type-page","status-publish","hentry"],"yoast_head":"<!-- This site is optimized with the Yoast SEO plugin v27.2 - https:\/\/yoast.com\/product\/yoast-seo-wordpress\/ -->\n<title>Promocja! Korpus strumienicy i obiektyw projekcyjny taniej - GlareOne<\/title>\n<meta name=\"robots\" content=\"index, follow, max-snippet:-1, max-image-preview:large, max-video-preview:-1\" \/>\n<link rel=\"canonical\" href=\"https:\/\/glareone.eu\/pl\/promocja-korpus-strumienicy-i-obiektyw-projekcyjny-taniej\/\" \/>\n<meta property=\"og:locale\" content=\"pl_PL\" \/>\n<meta property=\"og:type\" content=\"article\" \/>\n<meta property=\"og:title\" content=\"Promocja! Korpus strumienicy i obiektyw projekcyjny taniej - GlareOne\" \/>\n<meta property=\"og:url\" content=\"https:\/\/glareone.eu\/pl\/promocja-korpus-strumienicy-i-obiektyw-projekcyjny-taniej\/\" \/>\n<meta property=\"og:site_name\" content=\"GlareOne\" \/>\n<meta property=\"article:publisher\" content=\"https:\/\/www.facebook.com\/GlareOneLighting\" \/>\n<meta property=\"article:modified_time\" content=\"2026-03-19T09:26:55+00:00\" \/>\n<meta name=\"twitter:card\" content=\"summary_large_image\" \/>\n<meta name=\"twitter:label1\" content=\"Szacowany czas czytania\" \/>\n\t<meta name=\"twitter:data1\" content=\"1 minuta\" \/>\n<script type=\"application\/ld+json\" class=\"yoast-schema-graph\">{\"@context\":\"https:\/\/schema.org\",\"@graph\":[{\"@type\":\"WebPage\",\"@id\":\"https:\/\/glareone.eu\/pl\/promocja-korpus-strumienicy-i-obiektyw-projekcyjny-taniej\/\",\"url\":\"https:\/\/glareone.eu\/pl\/promocja-korpus-strumienicy-i-obiektyw-projekcyjny-taniej\/\",\"name\":\"Promocja! Korpus strumienicy i obiektyw projekcyjny taniej - GlareOne\",\"isPartOf\":{\"@id\":\"https:\/\/glareone.eu\/pl\/en\/#website\"},\"datePublished\":\"2026-03-12T13:04:02+00:00\",\"dateModified\":\"2026-03-19T09:26:55+00:00\",\"breadcrumb\":{\"@id\":\"https:\/\/glareone.eu\/pl\/promocja-korpus-strumienicy-i-obiektyw-projekcyjny-taniej\/#breadcrumb\"},\"inLanguage\":\"pl-PL\",\"potentialAction\":[{\"@type\":\"ReadAction\",\"target\":[\"https:\/\/glareone.eu\/pl\/promocja-korpus-strumienicy-i-obiektyw-projekcyjny-taniej\/\"]}]},{\"@type\":\"BreadcrumbList\",\"@id\":\"https:\/\/glareone.eu\/pl\/promocja-korpus-strumienicy-i-obiektyw-projekcyjny-taniej\/#breadcrumb\",\"itemListElement\":[{\"@type\":\"ListItem\",\"position\":1,\"name\":\"Strona g\u0142\u00f3wna\",\"item\":\"https:\/\/glareone.eu\/pl\/\"},{\"@type\":\"ListItem\",\"position\":2,\"name\":\"Promocja! Korpus strumienicy i obiektyw projekcyjny taniej\"}]},{\"@type\":\"WebSite\",\"@id\":\"https:\/\/glareone.eu\/pl\/en\/#website\",\"url\":\"https:\/\/glareone.eu\/pl\/en\/\",\"name\":\"GlareOne\",\"description\":\"Wyposa\u017cenie Studia\",\"publisher\":{\"@id\":\"https:\/\/glareone.eu\/pl\/en\/#organization\"},\"potentialAction\":[{\"@type\":\"SearchAction\",\"target\":{\"@type\":\"EntryPoint\",\"urlTemplate\":\"https:\/\/glareone.eu\/pl\/en\/?s={search_term_string}\"},\"query-input\":{\"@type\":\"PropertyValueSpecification\",\"valueRequired\":true,\"valueName\":\"search_term_string\"}}],\"inLanguage\":\"pl-PL\"},{\"@type\":\"Organization\",\"@id\":\"https:\/\/glareone.eu\/pl\/en\/#organization\",\"name\":\"GlareOne\",\"url\":\"https:\/\/glareone.eu\/pl\/en\/\",\"logo\":{\"@type\":\"ImageObject\",\"inLanguage\":\"pl-PL\",\"@id\":\"https:\/\/glareone.eu\/pl\/en\/#\/schema\/logo\/image\/\",\"url\":\"http:\/\/glareone.eu\/wp-content\/uploads\/2024\/05\/glareone_logo2020_RGB-01-e1715773127189.png\",\"contentUrl\":\"http:\/\/glareone.eu\/wp-content\/uploads\/2024\/05\/glareone_logo2020_RGB-01-e1715773127189.png\",\"width\":1270,\"height\":321,\"caption\":\"GlareOne\"},\"image\":{\"@id\":\"https:\/\/glareone.eu\/pl\/en\/#\/schema\/logo\/image\/\"},\"sameAs\":[\"https:\/\/www.facebook.com\/GlareOneLighting\",\"https:\/\/www.instagram.com\/glareonelighting\/\",\"https:\/\/www.youtube.com\/@GlareOneTV\"]}]}<\/script>\n<!-- \/ Yoast SEO plugin. -->","yoast_head_json":{"title":"Promocja! Korpus strumienicy i obiektyw projekcyjny taniej - GlareOne","robots":{"index":"index","follow":"follow","max-snippet":"max-snippet:-1","max-image-preview":"max-image-preview:large","max-video-preview":"max-video-preview:-1"},"canonical":"https:\/\/glareone.eu\/pl\/promocja-korpus-strumienicy-i-obiektyw-projekcyjny-taniej\/","og_locale":"pl_PL","og_type":"article","og_title":"Promocja! Korpus strumienicy i obiektyw projekcyjny taniej - GlareOne","og_url":"https:\/\/glareone.eu\/pl\/promocja-korpus-strumienicy-i-obiektyw-projekcyjny-taniej\/","og_site_name":"GlareOne","article_publisher":"https:\/\/www.facebook.com\/GlareOneLighting","article_modified_time":"2026-03-19T09:26:55+00:00","twitter_card":"summary_large_image","twitter_misc":{"Szacowany czas czytania":"1 minuta"},"schema":{"@context":"https:\/\/schema.org","@graph":[{"@type":"WebPage","@id":"https:\/\/glareone.eu\/pl\/promocja-korpus-strumienicy-i-obiektyw-projekcyjny-taniej\/","url":"https:\/\/glareone.eu\/pl\/promocja-korpus-strumienicy-i-obiektyw-projekcyjny-taniej\/","name":"Promocja! Korpus strumienicy i obiektyw projekcyjny taniej - GlareOne","isPartOf":{"@id":"https:\/\/glareone.eu\/pl\/en\/#website"},"datePublished":"2026-03-12T13:04:02+00:00","dateModified":"2026-03-19T09:26:55+00:00","breadcrumb":{"@id":"https:\/\/glareone.eu\/pl\/promocja-korpus-strumienicy-i-obiektyw-projekcyjny-taniej\/#breadcrumb"},"inLanguage":"pl-PL","potentialAction":[{"@type":"ReadAction","target":["https:\/\/glareone.eu\/pl\/promocja-korpus-strumienicy-i-obiektyw-projekcyjny-taniej\/"]}]},{"@type":"BreadcrumbList","@id":"https:\/\/glareone.eu\/pl\/promocja-korpus-strumienicy-i-obiektyw-projekcyjny-taniej\/#breadcrumb","itemListElement":[{"@type":"ListItem","position":1,"name":"Strona g\u0142\u00f3wna","item":"https:\/\/glareone.eu\/pl\/"},{"@type":"ListItem","position":2,"name":"Promocja! Korpus strumienicy i obiektyw projekcyjny taniej"}]},{"@type":"WebSite","@id":"https:\/\/glareone.eu\/pl\/en\/#website","url":"https:\/\/glareone.eu\/pl\/en\/","name":"GlareOne","description":"Wyposa\u017cenie Studia","publisher":{"@id":"https:\/\/glareone.eu\/pl\/en\/#organization"},"potentialAction":[{"@type":"SearchAction","target":{"@type":"EntryPoint","urlTemplate":"https:\/\/glareone.eu\/pl\/en\/?s={search_term_string}"},"query-input":{"@type":"PropertyValueSpecification","valueRequired":true,"valueName":"search_term_string"}}],"inLanguage":"pl-PL"},{"@type":"Organization","@id":"https:\/\/glareone.eu\/pl\/en\/#organization","name":"GlareOne","url":"https:\/\/glareone.eu\/pl\/en\/","logo":{"@type":"ImageObject","inLanguage":"pl-PL","@id":"https:\/\/glareone.eu\/pl\/en\/#\/schema\/logo\/image\/","url":"http:\/\/glareone.eu\/wp-content\/uploads\/2024\/05\/glareone_logo2020_RGB-01-e1715773127189.png","contentUrl":"http:\/\/glareone.eu\/wp-content\/uploads\/2024\/05\/glareone_logo2020_RGB-01-e1715773127189.png","width":1270,"height":321,"caption":"GlareOne"},"image":{"@id":"https:\/\/glareone.eu\/pl\/en\/#\/schema\/logo\/image\/"},"sameAs":["https:\/\/www.facebook.com\/GlareOneLighting","https:\/\/www.instagram.com\/glareonelighting\/","https:\/\/www.youtube.com\/@GlareOneTV"]}]}},"_links":{"self":[{"href":"https:\/\/glareone.eu\/pl\/wp-json\/wp\/v2\/pages\/24286","targetHints":{"allow":["GET"]}}],"collection":[{"href":"https:\/\/glareone.eu\/pl\/wp-json\/wp\/v2\/pages"}],"about":[{"href":"https:\/\/glareone.eu\/pl\/wp-json\/wp\/v2\/types\/page"}],"author":[{"embeddable":true,"href":"https:\/\/glareone.eu\/pl\/wp-json\/wp\/v2\/users\/4"}],"replies":[{"embeddable":true,"href":"https:\/\/glareone.eu\/pl\/wp-json\/wp\/v2\/comments?post=24286"}],"version-history":[{"count":5,"href":"https:\/\/glareone.eu\/pl\/wp-json\/wp\/v2\/pages\/24286\/revisions"}],"predecessor-version":[{"id":24321,"href":"https:\/\/glareone.eu\/pl\/wp-json\/wp\/v2\/pages\/24286\/revisions\/24321"}],"wp:attachment":[{"href":"https:\/\/glareone.eu\/pl\/wp-json\/wp\/v2\/media?parent=24286"}],"curies":[{"name":"wp","href":"https:\/\/api.w.org\/{rel}","templated":true}]}}