{"id":24280,"date":"2026-03-12T11:57:09","date_gmt":"2026-03-12T11:57:09","guid":{"rendered":"https:\/\/glareone.eu\/?page_id=24280"},"modified":"2026-03-19T09:20:39","modified_gmt":"2026-03-19T09:20:39","slug":"promocja-wybrane-panele-led-taniej","status":"publish","type":"page","link":"https:\/\/glareone.eu\/pl\/promocja-wybrane-panele-led-taniej\/","title":{"rendered":"Promocja! Wybrane panele LED 20% taniej"},"content":{"rendered":"<div  class='flex_column av-16srxu7-64217729dec62258b5a5b4803f8ad76c av_one_full  avia-builder-el-0  el_before_av_one_full  avia-builder-el-first  first flex_column_div  '     ><style type=\"text\/css\" data-created_by=\"avia_inline_auto\" id=\"style-css-av-ly8c88ug-9097b0642ed431dc7717358315a05587\">\n.avia-image-container.av-ly8c88ug-9097b0642ed431dc7717358315a05587 img.avia_image{\nbox-shadow:none;\n}\n.avia-image-container.av-ly8c88ug-9097b0642ed431dc7717358315a05587 .av-image-caption-overlay-center{\ncolor:#ffffff;\n}\n<\/style>\n<div  class='avia-image-container av-ly8c88ug-9097b0642ed431dc7717358315a05587 av-styling- avia-align-center  avia-builder-el-1  avia-builder-el-no-sibling '   itemprop=\"image\" itemscope=\"itemscope\" itemtype=\"https:\/\/schema.org\/ImageObject\" ><div class=\"avia-image-container-inner\"><div class=\"avia-image-overlay-wrap\"><img decoding=\"async\" fetchpriority=\"high\" class='wp-image-24308 avia-img-lazy-loading-not-24308 avia_image ' src=\"https:\/\/glareone.eu\/wp-content\/uploads\/2026\/03\/1200x628-2-1.jpg\" alt='' title='1200x628 (2) (1)'  height=\"628\" width=\"1200\"  itemprop=\"thumbnailUrl\" srcset=\"https:\/\/glareone.eu\/wp-content\/uploads\/2026\/03\/1200x628-2-1.jpg 1200w, https:\/\/glareone.eu\/wp-content\/uploads\/2026\/03\/1200x628-2-1-300x157.jpg 300w, https:\/\/glareone.eu\/wp-content\/uploads\/2026\/03\/1200x628-2-1-1030x539.jpg 1030w, https:\/\/glareone.eu\/wp-content\/uploads\/2026\/03\/1200x628-2-1-768x402.jpg 768w, https:\/\/glareone.eu\/wp-content\/uploads\/2026\/03\/1200x628-2-1-705x369.jpg 705w, https:\/\/glareone.eu\/wp-content\/uploads\/2026\/03\/1200x628-2-1-450x236.jpg 450w, https:\/\/glareone.eu\/wp-content\/uploads\/2026\/03\/1200x628-2-1-600x314.jpg 600w\" sizes=\"(max-width: 1200px) 100vw, 1200px\" \/><\/div><\/div><\/div><\/div><div  class='flex_column av-19uqp9r-d179cee11bc67848ef37b78b0486d219 av_one_full  avia-builder-el-2  el_after_av_one_full  el_before_av_one_full  first flex_column_div  column-top-margin'     ><section  class='av_textblock_section av-ly8chdqp-82e09d45416f48de6ebb42b8e500db66 '   itemscope=\"itemscope\" itemtype=\"https:\/\/schema.org\/CreativeWork\" ><div class='avia_textblock'  itemprop=\"text\" ><h3 style=\"text-align: center;\">Jak skorzysta\u0107 z promocji?<br \/>\n<br class=\"avia-permanent-lb\" \/><\/h3>\n<\/div><\/section><br \/>\n<section  class='av_textblock_section av-ly8hiyt4-dd6d9818fb9a61687f9e9fb086ee0140 '   itemscope=\"itemscope\" itemtype=\"https:\/\/schema.org\/CreativeWork\" ><div class='avia_textblock'  itemprop=\"text\" ><h3 style=\"text-align: center;\">1. Znajd\u017a sklep, kt\u00f3ry bierze udzia\u0142 w promocji. Lista znajduje si\u0119 w zak\u0142adce <strong><a href=\"https:\/\/glareone.eu\/pl\/gdzie-kupic\/\" target=\"_blank\" rel=\"noopener\"><span style=\"color: #b61a1e;\">Gdzie kupi\u0107?<\/span><\/a><\/strong><\/h3>\n<h3 style=\"text-align: center;\">2. Dodaj do koszyka GlareOne LED Panel 30 BiColor D i\/lub GlareOne LED Panel 10 RGB.<\/h3>\n<h3 style=\"text-align: center;\">3. Kup wybran\u0105 lamp\u0119 w ni\u017cszej cenie!<\/h3>\n<p style=\"text-align: center;\">Promocja obowi\u0105zuje do 30.04.2026 r. lub do wyczerpania zapas\u00f3w.<\/p>\n<\/div><\/section><br \/>\n\n<style type=\"text\/css\" data-created_by=\"avia_inline_auto\" id=\"style-css-av-ly8gi31h-0dc9c72d926dadebbd26b17db9f0cae4\">\n#top .hr.av-ly8gi31h-0dc9c72d926dadebbd26b17db9f0cae4{\nmargin-top:0px;\nmargin-bottom:0px;\n}\n.hr.av-ly8gi31h-0dc9c72d926dadebbd26b17db9f0cae4 .hr-inner{\nwidth:full;\nborder-color:#b02b2c;\n}\n<\/style>\n<div  class='hr av-ly8gi31h-0dc9c72d926dadebbd26b17db9f0cae4 hr-custom  avia-builder-el-5  el_after_av_textblock  avia-builder-el-last  hr-center hr-icon-no'><span class='hr-inner inner-border-av-border-fat'><span class=\"hr-inner-style\"><\/span><\/span><\/div><\/p><\/div><\/p>\n<div  class='flex_column av-w37mhb-82e87e2eb2f3ed1abd481c889c34cf15 av_one_full  avia-builder-el-6  el_after_av_one_full  el_before_av_one_half  first flex_column_div  column-top-margin'     ><style type=\"text\/css\" data-created_by=\"avia_inline_auto\" id=\"style-css-av-ly8cn2i2-4945fc6e44ab53c0a63cf37db34e24cc\">\n#top .av-special-heading.av-ly8cn2i2-4945fc6e44ab53c0a63cf37db34e24cc{\npadding-bottom:10px;\n}\nbody .av-special-heading.av-ly8cn2i2-4945fc6e44ab53c0a63cf37db34e24cc .av-special-heading-tag .heading-char{\nfont-size:25px;\n}\n.av-special-heading.av-ly8cn2i2-4945fc6e44ab53c0a63cf37db34e24cc .av-subheading{\nfont-size:15px;\n}\n<\/style>\n<div  class='av-special-heading av-ly8cn2i2-4945fc6e44ab53c0a63cf37db34e24cc av-special-heading-h3 blockquote modern-quote modern-centered  avia-builder-el-7  avia-builder-el-no-sibling  av-thin-font'><h3 class='av-special-heading-tag'  itemprop=\"headline\"  ><strong>Produkty bior\u0105ce udzia\u0142 w promocji<\/strong><\/h3><div class=\"special-heading-border\"><div class=\"special-heading-inner-border\"><\/div><\/div><\/div><\/div>\n\n<style type=\"text\/css\" data-created_by=\"avia_inline_auto\" id=\"style-css-av-50qfve9-4f9574022fa81f92e0564037d734394e\">\n.flex_column.av-50qfve9-4f9574022fa81f92e0564037d734394e{\nbackground-color:#fcfcfc;\n}\n<\/style>\n<div  class='flex_column av-50qfve9-4f9574022fa81f92e0564037d734394e av_one_half  avia-builder-el-8  el_after_av_one_full  el_before_av_one_half  first flex_column_div  column-top-margin'     ><p>\n<style type=\"text\/css\" data-created_by=\"avia_inline_auto\" id=\"style-css-av-mggbnmnu-006de6f8b98847ed39b149f2b7265d9f\">\n.avia-image-container.av-mggbnmnu-006de6f8b98847ed39b149f2b7265d9f img.avia_image{\nbox-shadow:none;\n}\n.avia-image-container.av-mggbnmnu-006de6f8b98847ed39b149f2b7265d9f .av-image-caption-overlay-center{\ncolor:#ffffff;\n}\n<\/style>\n<div  class='avia-image-container av-mggbnmnu-006de6f8b98847ed39b149f2b7265d9f av-styling- av-img-linked avia-align-center  avia-builder-el-9  el_before_av_hr  avia-builder-el-first '   itemprop=\"image\" itemscope=\"itemscope\" itemtype=\"https:\/\/schema.org\/ImageObject\" ><div class=\"avia-image-container-inner\"><div class=\"avia-image-overlay-wrap\"><a href=\"https:\/\/glareone.eu\/pl\/produkt\/glareone-led-panel-30-bicolor-d\/\" class='avia_image '  aria-label='SLEDP30BCD_01'><img decoding=\"async\" fetchpriority=\"high\" class='wp-image-13307 avia-img-lazy-loading-not-13307 avia_image ' src=\"https:\/\/glareone.eu\/wp-content\/uploads\/2024\/04\/SLEDP30BCD_01-845x684.jpg\" alt='' title='SLEDP30BCD_01'  height=\"684\" width=\"845\"  itemprop=\"thumbnailUrl\" srcset=\"https:\/\/glareone.eu\/wp-content\/uploads\/2024\/04\/SLEDP30BCD_01-845x684.jpg 845w, https:\/\/glareone.eu\/wp-content\/uploads\/2024\/04\/SLEDP30BCD_01-495x400.jpg 495w\" sizes=\"(max-width: 845px) 100vw, 845px\" \/><\/a><\/div><\/div><\/div><br \/>\n\n<style type=\"text\/css\" data-created_by=\"avia_inline_auto\" id=\"style-css-av-fpwzn5-5b1391c18d869d93e192fdb73bc0b372\">\n#top .hr.hr-invisible.av-fpwzn5-5b1391c18d869d93e192fdb73bc0b372{\nheight:10px;\n}\n<\/style>\n<div  class='hr av-fpwzn5-5b1391c18d869d93e192fdb73bc0b372 hr-invisible  avia-builder-el-10  el_after_av_image  el_before_av_textblock '><span class='hr-inner '><span class=\"hr-inner-style\"><\/span><\/span><\/div><br \/>\n<section  class='av_textblock_section av-mggbnxsx-3395b0aebc99ebb82f5da3c51013e7c1 '   itemscope=\"itemscope\" itemtype=\"https:\/\/schema.org\/CreativeWork\" ><div class='avia_textblock'  itemprop=\"text\" ><h3 style=\"text-align: center;\"><a href=\"https:\/\/glareone.eu\/pl\/produkt\/glareone-led-panel-30-bicolor-d\/\">GlareOne LED Panel<br \/>\n30 BiColor D<\/a><\/h3>\n<\/div><\/section><br \/>\n<section  class='av_textblock_section av-mmngyazi-a3b615dc6839a9e9a0f4934c49a03277 '   itemscope=\"itemscope\" itemtype=\"https:\/\/schema.org\/CreativeWork\" ><div class='avia_textblock'  itemprop=\"text\" ><h4 style=\"text-align: center;\"><s>439,00<\/s> <span style=\"color: #b61a1e;\">351,20<\/span><\/h4>\n<\/div><\/section><\/p><\/div>\n<style type=\"text\/css\" data-created_by=\"avia_inline_auto\" id=\"style-css-av-36q06a9-55ed33435656fbe8c884cf1d49e83a6a\">\n.flex_column.av-36q06a9-55ed33435656fbe8c884cf1d49e83a6a{\nbackground-color:#fcfcfc;\n}\n<\/style>\n<div  class='flex_column av-36q06a9-55ed33435656fbe8c884cf1d49e83a6a av_one_half  avia-builder-el-13  el_after_av_one_half  el_before_av_hr  flex_column_div  column-top-margin'     ><p>\n<style type=\"text\/css\" data-created_by=\"avia_inline_auto\" id=\"style-css-av-mggbq8gv-986615aad7c43b37fa01c3f1fdf09550\">\n.avia-image-container.av-mggbq8gv-986615aad7c43b37fa01c3f1fdf09550 img.avia_image{\nbox-shadow:none;\n}\n.avia-image-container.av-mggbq8gv-986615aad7c43b37fa01c3f1fdf09550 .av-image-caption-overlay-center{\ncolor:#ffffff;\n}\n<\/style>\n<div  class='avia-image-container av-mggbq8gv-986615aad7c43b37fa01c3f1fdf09550 av-styling- av-img-linked avia-align-center  avia-builder-el-14  el_before_av_hr  avia-builder-el-first '   itemprop=\"image\" itemscope=\"itemscope\" itemtype=\"https:\/\/schema.org\/ImageObject\" ><div class=\"avia-image-container-inner\"><div class=\"avia-image-overlay-wrap\"><a href=\"https:\/\/glareone.eu\/pl\/produkt\/glareone-led-panel-10-rgb\/\" class='avia_image '  aria-label='SLEDP10RGB_01'><img decoding=\"async\" fetchpriority=\"high\" class='wp-image-1759 avia-img-lazy-loading-not-1759 avia_image ' src=\"https:\/\/glareone.eu\/wp-content\/uploads\/2024\/04\/SLEDP10RGB_01-845x684.jpg\" alt='' title='SLEDP10RGB_01'  height=\"684\" width=\"845\"  itemprop=\"thumbnailUrl\" srcset=\"https:\/\/glareone.eu\/wp-content\/uploads\/2024\/04\/SLEDP10RGB_01-845x684.jpg 845w, https:\/\/glareone.eu\/wp-content\/uploads\/2024\/04\/SLEDP10RGB_01-495x400.jpg 495w\" sizes=\"(max-width: 845px) 100vw, 845px\" \/><\/a><\/div><\/div><\/div><br \/>\n\n<style type=\"text\/css\" data-created_by=\"avia_inline_auto\" id=\"style-css-av-2cqpkup-34d3beac9714c75756fe27fbff470ea6\">\n#top .hr.hr-invisible.av-2cqpkup-34d3beac9714c75756fe27fbff470ea6{\nheight:10px;\n}\n<\/style>\n<div  class='hr av-2cqpkup-34d3beac9714c75756fe27fbff470ea6 hr-invisible  avia-builder-el-15  el_after_av_image  el_before_av_textblock '><span class='hr-inner '><span class=\"hr-inner-style\"><\/span><\/span><\/div><br \/>\n<section  class='av_textblock_section av-mggbqhsk-cd666047264b6daebb49bf0ecad7e019 '   itemscope=\"itemscope\" itemtype=\"https:\/\/schema.org\/CreativeWork\" ><div class='avia_textblock'  itemprop=\"text\" ><h3 style=\"text-align: center;\"><a href=\"https:\/\/glareone.eu\/pl\/produkt\/glareone-led-panel-10-rgb\/\">GlareOne LED Panel<\/a><br \/>\n<a href=\"https:\/\/glareone.eu\/pl\/produkt\/glareone-led-panel-10-rgb\/\">10 RGB<\/a><\/h3>\n<\/div><\/section><br \/>\n<section  class='av_textblock_section av-mmngyyzm-312bf0e90c0412a1481e29c9aa5c70e7 '   itemscope=\"itemscope\" itemtype=\"https:\/\/schema.org\/CreativeWork\" ><div class='avia_textblock'  itemprop=\"text\" ><h4 style=\"text-align: center;\"><s>299,00<\/s> <span style=\"color: #b61a1e;\">239,20<\/span><\/h4>\n<\/div><\/section><\/p><\/div>\n<style type=\"text\/css\" data-created_by=\"avia_inline_auto\" id=\"style-css-av-ly8h2z59-3f0917113582ae05bf1f807395f15c35\">\n#top .hr.av-ly8h2z59-3f0917113582ae05bf1f807395f15c35{\nmargin-top:20px;\nmargin-bottom:20px;\n}\n.hr.av-ly8h2z59-3f0917113582ae05bf1f807395f15c35 .hr-inner{\nwidth:full;\nborder-color:#b02b2c;\n}\n<\/style>\n<div  class='hr av-ly8h2z59-3f0917113582ae05bf1f807395f15c35 hr-custom  avia-builder-el-18  el_after_av_one_half  el_before_av_button  hr-center hr-icon-no'><span class='hr-inner inner-border-av-border-fat'><span class=\"hr-inner-style\"><\/span><\/span><\/div><\/p>\n<div  class='avia-button-wrap av-ly8gwu3e-57b5bd268b07dc74ce3d62722c59db25-wrap avia-button-center  avia-builder-el-19  el_after_av_hr  avia-builder-el-last '>\n<style type=\"text\/css\" data-created_by=\"avia_inline_auto\" id=\"style-css-av-ly8gwu3e-57b5bd268b07dc74ce3d62722c59db25\">\n#top #wrap_all .avia-button.av-ly8gwu3e-57b5bd268b07dc74ce3d62722c59db25{\nfont-size:20px;\ntransition:all 0.4s ease-in-out;\n}\n<\/style>\n<a href='https:\/\/glareone.eu\/pl\/gdzie-kupic\/'  class='avia-button av-ly8gwu3e-57b5bd268b07dc74ce3d62722c59db25 av-link-btn avia-icon_select-no avia-size-large avia-position-center avia-color-theme-color-highlight'  ><span class='avia_iconbox_title' >Sprawd\u017a, gdzie kupi\u0107<\/span><\/a><\/div>\n","protected":false},"excerpt":{"rendered":"","protected":false},"author":4,"featured_media":0,"parent":0,"menu_order":0,"comment_status":"closed","ping_status":"closed","template":"","meta":{"footnotes":""},"class_list":["post-24280","page","type-page","status-publish","hentry"],"yoast_head":"<!-- This site is optimized with the Yoast SEO plugin v27.2 - https:\/\/yoast.com\/product\/yoast-seo-wordpress\/ -->\n<title>Promocja! Wybrane panele LED 20% taniej - GlareOne<\/title>\n<meta name=\"robots\" content=\"index, follow, max-snippet:-1, max-image-preview:large, max-video-preview:-1\" \/>\n<link rel=\"canonical\" href=\"https:\/\/glareone.eu\/pl\/promocja-wybrane-panele-led-taniej\/\" \/>\n<meta property=\"og:locale\" content=\"pl_PL\" \/>\n<meta property=\"og:type\" content=\"article\" \/>\n<meta property=\"og:title\" content=\"Promocja! Wybrane panele LED 20% taniej - GlareOne\" \/>\n<meta property=\"og:url\" content=\"https:\/\/glareone.eu\/pl\/promocja-wybrane-panele-led-taniej\/\" \/>\n<meta property=\"og:site_name\" content=\"GlareOne\" \/>\n<meta property=\"article:publisher\" content=\"https:\/\/www.facebook.com\/GlareOneLighting\" \/>\n<meta property=\"article:modified_time\" content=\"2026-03-19T09:20:39+00:00\" \/>\n<meta name=\"twitter:card\" content=\"summary_large_image\" \/>\n<meta name=\"twitter:label1\" content=\"Szacowany czas czytania\" \/>\n\t<meta name=\"twitter:data1\" content=\"1 minuta\" \/>\n<script type=\"application\/ld+json\" class=\"yoast-schema-graph\">{\"@context\":\"https:\/\/schema.org\",\"@graph\":[{\"@type\":\"WebPage\",\"@id\":\"https:\/\/glareone.eu\/pl\/promocja-wybrane-panele-led-taniej\/\",\"url\":\"https:\/\/glareone.eu\/pl\/promocja-wybrane-panele-led-taniej\/\",\"name\":\"Promocja! Wybrane panele LED 20% taniej - GlareOne\",\"isPartOf\":{\"@id\":\"https:\/\/glareone.eu\/pl\/en\/#website\"},\"datePublished\":\"2026-03-12T11:57:09+00:00\",\"dateModified\":\"2026-03-19T09:20:39+00:00\",\"breadcrumb\":{\"@id\":\"https:\/\/glareone.eu\/pl\/promocja-wybrane-panele-led-taniej\/#breadcrumb\"},\"inLanguage\":\"pl-PL\",\"potentialAction\":[{\"@type\":\"ReadAction\",\"target\":[\"https:\/\/glareone.eu\/pl\/promocja-wybrane-panele-led-taniej\/\"]}]},{\"@type\":\"BreadcrumbList\",\"@id\":\"https:\/\/glareone.eu\/pl\/promocja-wybrane-panele-led-taniej\/#breadcrumb\",\"itemListElement\":[{\"@type\":\"ListItem\",\"position\":1,\"name\":\"Strona g\u0142\u00f3wna\",\"item\":\"https:\/\/glareone.eu\/pl\/\"},{\"@type\":\"ListItem\",\"position\":2,\"name\":\"Promocja! Wybrane panele LED 20% taniej\"}]},{\"@type\":\"WebSite\",\"@id\":\"https:\/\/glareone.eu\/pl\/en\/#website\",\"url\":\"https:\/\/glareone.eu\/pl\/en\/\",\"name\":\"GlareOne\",\"description\":\"Wyposa\u017cenie Studia\",\"publisher\":{\"@id\":\"https:\/\/glareone.eu\/pl\/en\/#organization\"},\"potentialAction\":[{\"@type\":\"SearchAction\",\"target\":{\"@type\":\"EntryPoint\",\"urlTemplate\":\"https:\/\/glareone.eu\/pl\/en\/?s={search_term_string}\"},\"query-input\":{\"@type\":\"PropertyValueSpecification\",\"valueRequired\":true,\"valueName\":\"search_term_string\"}}],\"inLanguage\":\"pl-PL\"},{\"@type\":\"Organization\",\"@id\":\"https:\/\/glareone.eu\/pl\/en\/#organization\",\"name\":\"GlareOne\",\"url\":\"https:\/\/glareone.eu\/pl\/en\/\",\"logo\":{\"@type\":\"ImageObject\",\"inLanguage\":\"pl-PL\",\"@id\":\"https:\/\/glareone.eu\/pl\/en\/#\/schema\/logo\/image\/\",\"url\":\"http:\/\/glareone.eu\/wp-content\/uploads\/2024\/05\/glareone_logo2020_RGB-01-e1715773127189.png\",\"contentUrl\":\"http:\/\/glareone.eu\/wp-content\/uploads\/2024\/05\/glareone_logo2020_RGB-01-e1715773127189.png\",\"width\":1270,\"height\":321,\"caption\":\"GlareOne\"},\"image\":{\"@id\":\"https:\/\/glareone.eu\/pl\/en\/#\/schema\/logo\/image\/\"},\"sameAs\":[\"https:\/\/www.facebook.com\/GlareOneLighting\",\"https:\/\/www.instagram.com\/glareonelighting\/\",\"https:\/\/www.youtube.com\/@GlareOneTV\"]}]}<\/script>\n<!-- \/ Yoast SEO plugin. -->","yoast_head_json":{"title":"Promocja! Wybrane panele LED 20% taniej - GlareOne","robots":{"index":"index","follow":"follow","max-snippet":"max-snippet:-1","max-image-preview":"max-image-preview:large","max-video-preview":"max-video-preview:-1"},"canonical":"https:\/\/glareone.eu\/pl\/promocja-wybrane-panele-led-taniej\/","og_locale":"pl_PL","og_type":"article","og_title":"Promocja! Wybrane panele LED 20% taniej - GlareOne","og_url":"https:\/\/glareone.eu\/pl\/promocja-wybrane-panele-led-taniej\/","og_site_name":"GlareOne","article_publisher":"https:\/\/www.facebook.com\/GlareOneLighting","article_modified_time":"2026-03-19T09:20:39+00:00","twitter_card":"summary_large_image","twitter_misc":{"Szacowany czas czytania":"1 minuta"},"schema":{"@context":"https:\/\/schema.org","@graph":[{"@type":"WebPage","@id":"https:\/\/glareone.eu\/pl\/promocja-wybrane-panele-led-taniej\/","url":"https:\/\/glareone.eu\/pl\/promocja-wybrane-panele-led-taniej\/","name":"Promocja! Wybrane panele LED 20% taniej - GlareOne","isPartOf":{"@id":"https:\/\/glareone.eu\/pl\/en\/#website"},"datePublished":"2026-03-12T11:57:09+00:00","dateModified":"2026-03-19T09:20:39+00:00","breadcrumb":{"@id":"https:\/\/glareone.eu\/pl\/promocja-wybrane-panele-led-taniej\/#breadcrumb"},"inLanguage":"pl-PL","potentialAction":[{"@type":"ReadAction","target":["https:\/\/glareone.eu\/pl\/promocja-wybrane-panele-led-taniej\/"]}]},{"@type":"BreadcrumbList","@id":"https:\/\/glareone.eu\/pl\/promocja-wybrane-panele-led-taniej\/#breadcrumb","itemListElement":[{"@type":"ListItem","position":1,"name":"Strona g\u0142\u00f3wna","item":"https:\/\/glareone.eu\/pl\/"},{"@type":"ListItem","position":2,"name":"Promocja! Wybrane panele LED 20% taniej"}]},{"@type":"WebSite","@id":"https:\/\/glareone.eu\/pl\/en\/#website","url":"https:\/\/glareone.eu\/pl\/en\/","name":"GlareOne","description":"Wyposa\u017cenie Studia","publisher":{"@id":"https:\/\/glareone.eu\/pl\/en\/#organization"},"potentialAction":[{"@type":"SearchAction","target":{"@type":"EntryPoint","urlTemplate":"https:\/\/glareone.eu\/pl\/en\/?s={search_term_string}"},"query-input":{"@type":"PropertyValueSpecification","valueRequired":true,"valueName":"search_term_string"}}],"inLanguage":"pl-PL"},{"@type":"Organization","@id":"https:\/\/glareone.eu\/pl\/en\/#organization","name":"GlareOne","url":"https:\/\/glareone.eu\/pl\/en\/","logo":{"@type":"ImageObject","inLanguage":"pl-PL","@id":"https:\/\/glareone.eu\/pl\/en\/#\/schema\/logo\/image\/","url":"http:\/\/glareone.eu\/wp-content\/uploads\/2024\/05\/glareone_logo2020_RGB-01-e1715773127189.png","contentUrl":"http:\/\/glareone.eu\/wp-content\/uploads\/2024\/05\/glareone_logo2020_RGB-01-e1715773127189.png","width":1270,"height":321,"caption":"GlareOne"},"image":{"@id":"https:\/\/glareone.eu\/pl\/en\/#\/schema\/logo\/image\/"},"sameAs":["https:\/\/www.facebook.com\/GlareOneLighting","https:\/\/www.instagram.com\/glareonelighting\/","https:\/\/www.youtube.com\/@GlareOneTV"]}]}},"_links":{"self":[{"href":"https:\/\/glareone.eu\/pl\/wp-json\/wp\/v2\/pages\/24280","targetHints":{"allow":["GET"]}}],"collection":[{"href":"https:\/\/glareone.eu\/pl\/wp-json\/wp\/v2\/pages"}],"about":[{"href":"https:\/\/glareone.eu\/pl\/wp-json\/wp\/v2\/types\/page"}],"author":[{"embeddable":true,"href":"https:\/\/glareone.eu\/pl\/wp-json\/wp\/v2\/users\/4"}],"replies":[{"embeddable":true,"href":"https:\/\/glareone.eu\/pl\/wp-json\/wp\/v2\/comments?post=24280"}],"version-history":[{"count":5,"href":"https:\/\/glareone.eu\/pl\/wp-json\/wp\/v2\/pages\/24280\/revisions"}],"predecessor-version":[{"id":24307,"href":"https:\/\/glareone.eu\/pl\/wp-json\/wp\/v2\/pages\/24280\/revisions\/24307"}],"wp:attachment":[{"href":"https:\/\/glareone.eu\/pl\/wp-json\/wp\/v2\/media?parent=24280"}],"curies":[{"name":"wp","href":"https:\/\/api.w.org\/{rel}","templated":true}]}}