{"id":14574,"date":"2025-02-04T08:08:24","date_gmt":"2025-02-04T08:08:24","guid":{"rendered":"https:\/\/glareone.eu\/?page_id=14574"},"modified":"2025-02-04T08:27:50","modified_gmt":"2025-02-04T08:27:50","slug":"lampy-blyskowe-studyjne","status":"publish","type":"page","link":"https:\/\/glareone.eu\/pl\/produkty\/swiatlo-blyskowe\/lampy-blyskowe-studyjne\/","title":{"rendered":"Lampy b\u0142yskowe studyjne"},"content":{"rendered":"<div  class='flex_column av-1rw0ry-bea76e6eae6a4e5f4a58aa49434699e5 av_one_full  avia-builder-el-0  el_before_av_section  avia-builder-el-no-sibling  first flex_column_div  '     ><style type=\"text\/css\" data-created_by=\"avia_inline_auto\" id=\"style-css-av-luzojory-b46d3c244c197ae73582a97b2c5510f1\">\n#top .av-special-heading.av-luzojory-b46d3c244c197ae73582a97b2c5510f1{\npadding-bottom:10px;\n}\nbody .av-special-heading.av-luzojory-b46d3c244c197ae73582a97b2c5510f1 .av-special-heading-tag .heading-char{\nfont-size:25px;\n}\n.av-special-heading.av-luzojory-b46d3c244c197ae73582a97b2c5510f1 .av-subheading{\nfont-size:15px;\n}\n<\/style>\n<div  class='av-special-heading av-luzojory-b46d3c244c197ae73582a97b2c5510f1 av-special-heading-h2 blockquote modern-quote modern-centered  avia-builder-el-1  avia-builder-el-no-sibling '><h2 class='av-special-heading-tag'  itemprop=\"headline\"  >Lampy b\u0142yskowe studyjne<\/h2><div class=\"special-heading-border\"><div class=\"special-heading-inner-border\"><\/div><\/div><\/div><\/div>\n<\/div><\/div><\/div><!-- close content main div --><\/div><\/div><div id='homeproductcategorylist'  class='avia-section av-1lv8ri-94017da8535ef3245dc7c747be8a10d3 main_color avia-section-default avia-no-border-styling  avia-builder-el-2  el_after_av_one_full  avia-builder-el-last  avia-bg-style-scroll container_wrap fullsize'  ><div class='container av-section-cont-open' ><div class='template-page content  av-content-full alpha units'><div class='post-entry post-entry-type-page post-entry-14574'><div class='entry-content-wrapper clearfix'>\n\n<style type=\"text\/css\" data-created_by=\"avia_inline_auto\" id=\"style-css-av-14rufy-fffc5f911753f61933687112e042b850\">\n.flex_column.av-14rufy-fffc5f911753f61933687112e042b850{\nwidth:49%;\n}\n<\/style>\n<div  class='flex_column av-14rufy-fffc5f911753f61933687112e042b850 av_one_half  avia-builder-el-3  el_before_av_one_half  avia-builder-el-first  categoryBox first flex_column_div  '     ><p>\n<style type=\"text\/css\" data-created_by=\"avia_inline_auto\" id=\"style-css-av-uotrq-0c5229490c8981a7c7599bcd2ffa2e80\">\n.avia-image-container.av-uotrq-0c5229490c8981a7c7599bcd2ffa2e80 img.avia_image{\nbox-shadow:none;\n}\n.avia-image-container.av-uotrq-0c5229490c8981a7c7599bcd2ffa2e80 .av-image-caption-overlay-center{\ncolor:#ffffff;\n}\n<\/style>\n<div  class='avia-image-container av-uotrq-0c5229490c8981a7c7599bcd2ffa2e80 av-styling-no-styling av-img-linked avia-align-center  avia-builder-el-4  el_before_av_textblock  avia-builder-el-first  categoryBoxImage'   itemprop=\"image\" itemscope=\"itemscope\" itemtype=\"https:\/\/schema.org\/ImageObject\" ><div class=\"avia-image-container-inner\"><div class=\"avia-image-overlay-wrap\"><a href=\"https:\/\/glareone.eu\/pl\/produkty\/swiatlo-blyskowe\/lampy-blyskowe-studyjne\/antares\/\" class='avia_image '  aria-label='antares'><img decoding=\"async\" fetchpriority=\"high\" class='wp-image-3301 avia-img-lazy-loading-not-3301 avia_image ' src=\"https:\/\/glareone.eu\/wp-content\/uploads\/2024\/04\/antares.png\" alt='' title='antares'  height=\"283\" width=\"260\"  itemprop=\"thumbnailUrl\"  \/><\/a><\/div><\/div><\/div><br \/>\n<section  class='av_textblock_section av-luzok5ee-edc5bf8fc7356ab821438abfc93afa7e '   itemscope=\"itemscope\" itemtype=\"https:\/\/schema.org\/CreativeWork\" ><div class='avia_textblock categoryBoxTitle'  itemprop=\"text\" ><h3 style=\"text-align: center;\"><a href=\"\/pl\/produkty\/swiatlo-blyskowe\/lampy-blyskowe-studyjne\/antares\/\">Antares<\/a><\/h3>\n<\/div><\/section><\/p><\/div>\n<style type=\"text\/css\" data-created_by=\"avia_inline_auto\" id=\"style-css-av-1dlsfi-74cecc04d08a0e2002a30d51d202a582\">\n.flex_column.av-1dlsfi-74cecc04d08a0e2002a30d51d202a582{\nwidth:49%;\nmargin-left:2%;\n}\n<\/style>\n<div  class='flex_column av-1dlsfi-74cecc04d08a0e2002a30d51d202a582 av_one_half  avia-builder-el-6  el_after_av_one_half  el_before_av_hr  categoryBox flex_column_div  '     ><p>\n<style type=\"text\/css\" data-created_by=\"avia_inline_auto\" id=\"style-css-av-1bah7a-496facbdc19b335060fb959b100bc571\">\n.avia-image-container.av-1bah7a-496facbdc19b335060fb959b100bc571 img.avia_image{\nbox-shadow:none;\n}\n.avia-image-container.av-1bah7a-496facbdc19b335060fb959b100bc571 .av-image-caption-overlay-center{\ncolor:#ffffff;\n}\n<\/style>\n<div  class='avia-image-container av-1bah7a-496facbdc19b335060fb959b100bc571 av-styling-no-styling av-img-linked avia-align-center  avia-builder-el-7  el_before_av_textblock  avia-builder-el-first  categoryBoxImage'   itemprop=\"image\" itemscope=\"itemscope\" itemtype=\"https:\/\/schema.org\/ImageObject\" ><div class=\"avia-image-container-inner\"><div class=\"avia-image-overlay-wrap\"><a href=\"https:\/\/glareone.eu\/pl\/produkty\/swiatlo-blyskowe\/lampy-blyskowe-studyjne\/vega\/\" class='avia_image '  aria-label='vega'><img decoding=\"async\" fetchpriority=\"high\" class='wp-image-3297 avia-img-lazy-loading-not-3297 avia_image ' src=\"https:\/\/glareone.eu\/wp-content\/uploads\/2024\/04\/vega.png\" alt='' title='vega'  height=\"283\" width=\"260\"  itemprop=\"thumbnailUrl\"  \/><\/a><\/div><\/div><\/div><br \/>\n<section  class='av_textblock_section av-luzojxyc-63308dfb64ce2765a9168e0d519fa456 '   itemscope=\"itemscope\" itemtype=\"https:\/\/schema.org\/CreativeWork\" ><div class='avia_textblock categoryBoxTitle'  itemprop=\"text\" ><h3 style=\"text-align: center;\"><a href=\"\/pl\/produkty\/swiatlo-blyskowe\/lampy-blyskowe-studyjne\/vega\/\">Vega<\/a><\/h3>\n<\/div><\/section><\/p><\/div><div  class='hr av-90tiu-f4432d6c644b201406f7d77a4683df01 hr-default  avia-builder-el-9  el_after_av_one_half  avia-builder-el-last '><span class='hr-inner '><span class=\"hr-inner-style\"><\/span><\/span><\/div>\n\n","protected":false},"excerpt":{"rendered":"","protected":false},"author":4,"featured_media":0,"parent":806,"menu_order":0,"comment_status":"open","ping_status":"closed","template":"","meta":{"footnotes":""},"class_list":["post-14574","page","type-page","status-publish","hentry"],"yoast_head":"<!-- This site is optimized with the Yoast SEO plugin v27.2 - https:\/\/yoast.com\/product\/yoast-seo-wordpress\/ -->\n<title>Lampy b\u0142yskowe studyjne - GlareOne<\/title>\n<meta name=\"description\" content=\"Studyjne lampy b\u0142yskowe GlareOne dla pocz\u0105tkuj\u0105cych i do\u015bwiadczonych fotograf\u00f3w. Wyposa\u017cone w \u015bwiat\u0142o pilotuj\u0105ce i mocowanie typu Bowens.\" \/>\n<meta name=\"robots\" content=\"index, follow, max-snippet:-1, max-image-preview:large, max-video-preview:-1\" \/>\n<link rel=\"canonical\" href=\"https:\/\/glareone.eu\/pl\/produkty\/swiatlo-blyskowe\/lampy-blyskowe-studyjne\/\" \/>\n<meta property=\"og:locale\" content=\"pl_PL\" \/>\n<meta property=\"og:type\" content=\"article\" \/>\n<meta property=\"og:title\" content=\"Lampy b\u0142yskowe studyjne - GlareOne\" \/>\n<meta property=\"og:description\" content=\"Studyjne lampy b\u0142yskowe GlareOne dla pocz\u0105tkuj\u0105cych i do\u015bwiadczonych fotograf\u00f3w. Wyposa\u017cone w \u015bwiat\u0142o pilotuj\u0105ce i mocowanie typu Bowens.\" \/>\n<meta property=\"og:url\" content=\"https:\/\/glareone.eu\/pl\/produkty\/swiatlo-blyskowe\/lampy-blyskowe-studyjne\/\" \/>\n<meta property=\"og:site_name\" content=\"GlareOne\" \/>\n<meta property=\"article:publisher\" content=\"https:\/\/www.facebook.com\/GlareOneLighting\" \/>\n<meta property=\"article:modified_time\" content=\"2025-02-04T08:27:50+00:00\" \/>\n<meta name=\"twitter:card\" content=\"summary_large_image\" \/>\n<meta name=\"twitter:label1\" content=\"Szacowany czas czytania\" \/>\n\t<meta name=\"twitter:data1\" content=\"1 minuta\" \/>\n<script type=\"application\/ld+json\" class=\"yoast-schema-graph\">{\"@context\":\"https:\/\/schema.org\",\"@graph\":[{\"@type\":\"WebPage\",\"@id\":\"https:\/\/glareone.eu\/pl\/produkty\/swiatlo-blyskowe\/lampy-blyskowe-studyjne\/\",\"url\":\"https:\/\/glareone.eu\/pl\/produkty\/swiatlo-blyskowe\/lampy-blyskowe-studyjne\/\",\"name\":\"Lampy b\u0142yskowe studyjne - GlareOne\",\"isPartOf\":{\"@id\":\"https:\/\/glareone.eu\/pl\/en\/#website\"},\"datePublished\":\"2025-02-04T08:08:24+00:00\",\"dateModified\":\"2025-02-04T08:27:50+00:00\",\"description\":\"Studyjne lampy b\u0142yskowe GlareOne dla pocz\u0105tkuj\u0105cych i do\u015bwiadczonych fotograf\u00f3w. Wyposa\u017cone w \u015bwiat\u0142o pilotuj\u0105ce i mocowanie typu Bowens.\",\"breadcrumb\":{\"@id\":\"https:\/\/glareone.eu\/pl\/produkty\/swiatlo-blyskowe\/lampy-blyskowe-studyjne\/#breadcrumb\"},\"inLanguage\":\"pl-PL\",\"potentialAction\":[{\"@type\":\"ReadAction\",\"target\":[\"https:\/\/glareone.eu\/pl\/produkty\/swiatlo-blyskowe\/lampy-blyskowe-studyjne\/\"]}]},{\"@type\":\"BreadcrumbList\",\"@id\":\"https:\/\/glareone.eu\/pl\/produkty\/swiatlo-blyskowe\/lampy-blyskowe-studyjne\/#breadcrumb\",\"itemListElement\":[{\"@type\":\"ListItem\",\"position\":1,\"name\":\"Strona g\u0142\u00f3wna\",\"item\":\"https:\/\/glareone.eu\/pl\/\"},{\"@type\":\"ListItem\",\"position\":2,\"name\":\"Produkty\",\"item\":\"https:\/\/glareone.eu\/pl\/produkty\/\"},{\"@type\":\"ListItem\",\"position\":3,\"name\":\"\u015awiat\u0142o b\u0142yskowe\",\"item\":\"https:\/\/glareone.eu\/pl\/produkty\/swiatlo-blyskowe\/\"},{\"@type\":\"ListItem\",\"position\":4,\"name\":\"Lampy b\u0142yskowe studyjne\"}]},{\"@type\":\"WebSite\",\"@id\":\"https:\/\/glareone.eu\/pl\/en\/#website\",\"url\":\"https:\/\/glareone.eu\/pl\/en\/\",\"name\":\"GlareOne\",\"description\":\"Wyposa\u017cenie Studia\",\"publisher\":{\"@id\":\"https:\/\/glareone.eu\/pl\/en\/#organization\"},\"potentialAction\":[{\"@type\":\"SearchAction\",\"target\":{\"@type\":\"EntryPoint\",\"urlTemplate\":\"https:\/\/glareone.eu\/pl\/en\/?s={search_term_string}\"},\"query-input\":{\"@type\":\"PropertyValueSpecification\",\"valueRequired\":true,\"valueName\":\"search_term_string\"}}],\"inLanguage\":\"pl-PL\"},{\"@type\":\"Organization\",\"@id\":\"https:\/\/glareone.eu\/pl\/en\/#organization\",\"name\":\"GlareOne\",\"url\":\"https:\/\/glareone.eu\/pl\/en\/\",\"logo\":{\"@type\":\"ImageObject\",\"inLanguage\":\"pl-PL\",\"@id\":\"https:\/\/glareone.eu\/pl\/en\/#\/schema\/logo\/image\/\",\"url\":\"http:\/\/glareone.eu\/wp-content\/uploads\/2024\/05\/glareone_logo2020_RGB-01-e1715773127189.png\",\"contentUrl\":\"http:\/\/glareone.eu\/wp-content\/uploads\/2024\/05\/glareone_logo2020_RGB-01-e1715773127189.png\",\"width\":1270,\"height\":321,\"caption\":\"GlareOne\"},\"image\":{\"@id\":\"https:\/\/glareone.eu\/pl\/en\/#\/schema\/logo\/image\/\"},\"sameAs\":[\"https:\/\/www.facebook.com\/GlareOneLighting\",\"https:\/\/www.instagram.com\/glareonelighting\/\",\"https:\/\/www.youtube.com\/@GlareOneTV\"]}]}<\/script>\n<!-- \/ Yoast SEO plugin. -->","yoast_head_json":{"title":"Lampy b\u0142yskowe studyjne - GlareOne","description":"Studyjne lampy b\u0142yskowe GlareOne dla pocz\u0105tkuj\u0105cych i do\u015bwiadczonych fotograf\u00f3w. Wyposa\u017cone w \u015bwiat\u0142o pilotuj\u0105ce i mocowanie typu Bowens.","robots":{"index":"index","follow":"follow","max-snippet":"max-snippet:-1","max-image-preview":"max-image-preview:large","max-video-preview":"max-video-preview:-1"},"canonical":"https:\/\/glareone.eu\/pl\/produkty\/swiatlo-blyskowe\/lampy-blyskowe-studyjne\/","og_locale":"pl_PL","og_type":"article","og_title":"Lampy b\u0142yskowe studyjne - GlareOne","og_description":"Studyjne lampy b\u0142yskowe GlareOne dla pocz\u0105tkuj\u0105cych i do\u015bwiadczonych fotograf\u00f3w. Wyposa\u017cone w \u015bwiat\u0142o pilotuj\u0105ce i mocowanie typu Bowens.","og_url":"https:\/\/glareone.eu\/pl\/produkty\/swiatlo-blyskowe\/lampy-blyskowe-studyjne\/","og_site_name":"GlareOne","article_publisher":"https:\/\/www.facebook.com\/GlareOneLighting","article_modified_time":"2025-02-04T08:27:50+00:00","twitter_card":"summary_large_image","twitter_misc":{"Szacowany czas czytania":"1 minuta"},"schema":{"@context":"https:\/\/schema.org","@graph":[{"@type":"WebPage","@id":"https:\/\/glareone.eu\/pl\/produkty\/swiatlo-blyskowe\/lampy-blyskowe-studyjne\/","url":"https:\/\/glareone.eu\/pl\/produkty\/swiatlo-blyskowe\/lampy-blyskowe-studyjne\/","name":"Lampy b\u0142yskowe studyjne - GlareOne","isPartOf":{"@id":"https:\/\/glareone.eu\/pl\/en\/#website"},"datePublished":"2025-02-04T08:08:24+00:00","dateModified":"2025-02-04T08:27:50+00:00","description":"Studyjne lampy b\u0142yskowe GlareOne dla pocz\u0105tkuj\u0105cych i do\u015bwiadczonych fotograf\u00f3w. Wyposa\u017cone w \u015bwiat\u0142o pilotuj\u0105ce i mocowanie typu Bowens.","breadcrumb":{"@id":"https:\/\/glareone.eu\/pl\/produkty\/swiatlo-blyskowe\/lampy-blyskowe-studyjne\/#breadcrumb"},"inLanguage":"pl-PL","potentialAction":[{"@type":"ReadAction","target":["https:\/\/glareone.eu\/pl\/produkty\/swiatlo-blyskowe\/lampy-blyskowe-studyjne\/"]}]},{"@type":"BreadcrumbList","@id":"https:\/\/glareone.eu\/pl\/produkty\/swiatlo-blyskowe\/lampy-blyskowe-studyjne\/#breadcrumb","itemListElement":[{"@type":"ListItem","position":1,"name":"Strona g\u0142\u00f3wna","item":"https:\/\/glareone.eu\/pl\/"},{"@type":"ListItem","position":2,"name":"Produkty","item":"https:\/\/glareone.eu\/pl\/produkty\/"},{"@type":"ListItem","position":3,"name":"\u015awiat\u0142o b\u0142yskowe","item":"https:\/\/glareone.eu\/pl\/produkty\/swiatlo-blyskowe\/"},{"@type":"ListItem","position":4,"name":"Lampy b\u0142yskowe studyjne"}]},{"@type":"WebSite","@id":"https:\/\/glareone.eu\/pl\/en\/#website","url":"https:\/\/glareone.eu\/pl\/en\/","name":"GlareOne","description":"Wyposa\u017cenie Studia","publisher":{"@id":"https:\/\/glareone.eu\/pl\/en\/#organization"},"potentialAction":[{"@type":"SearchAction","target":{"@type":"EntryPoint","urlTemplate":"https:\/\/glareone.eu\/pl\/en\/?s={search_term_string}"},"query-input":{"@type":"PropertyValueSpecification","valueRequired":true,"valueName":"search_term_string"}}],"inLanguage":"pl-PL"},{"@type":"Organization","@id":"https:\/\/glareone.eu\/pl\/en\/#organization","name":"GlareOne","url":"https:\/\/glareone.eu\/pl\/en\/","logo":{"@type":"ImageObject","inLanguage":"pl-PL","@id":"https:\/\/glareone.eu\/pl\/en\/#\/schema\/logo\/image\/","url":"http:\/\/glareone.eu\/wp-content\/uploads\/2024\/05\/glareone_logo2020_RGB-01-e1715773127189.png","contentUrl":"http:\/\/glareone.eu\/wp-content\/uploads\/2024\/05\/glareone_logo2020_RGB-01-e1715773127189.png","width":1270,"height":321,"caption":"GlareOne"},"image":{"@id":"https:\/\/glareone.eu\/pl\/en\/#\/schema\/logo\/image\/"},"sameAs":["https:\/\/www.facebook.com\/GlareOneLighting","https:\/\/www.instagram.com\/glareonelighting\/","https:\/\/www.youtube.com\/@GlareOneTV"]}]}},"_links":{"self":[{"href":"https:\/\/glareone.eu\/pl\/wp-json\/wp\/v2\/pages\/14574","targetHints":{"allow":["GET"]}}],"collection":[{"href":"https:\/\/glareone.eu\/pl\/wp-json\/wp\/v2\/pages"}],"about":[{"href":"https:\/\/glareone.eu\/pl\/wp-json\/wp\/v2\/types\/page"}],"author":[{"embeddable":true,"href":"https:\/\/glareone.eu\/pl\/wp-json\/wp\/v2\/users\/4"}],"replies":[{"embeddable":true,"href":"https:\/\/glareone.eu\/pl\/wp-json\/wp\/v2\/comments?post=14574"}],"version-history":[{"count":4,"href":"https:\/\/glareone.eu\/pl\/wp-json\/wp\/v2\/pages\/14574\/revisions"}],"predecessor-version":[{"id":22316,"href":"https:\/\/glareone.eu\/pl\/wp-json\/wp\/v2\/pages\/14574\/revisions\/22316"}],"up":[{"embeddable":true,"href":"https:\/\/glareone.eu\/pl\/wp-json\/wp\/v2\/pages\/806"}],"wp:attachment":[{"href":"https:\/\/glareone.eu\/pl\/wp-json\/wp\/v2\/media?parent=14574"}],"curies":[{"name":"wp","href":"https:\/\/api.w.org\/{rel}","templated":true}]}}