{"id":1182,"date":"2024-04-18T21:51:02","date_gmt":"2024-04-18T21:51:02","guid":{"rendered":"http:\/\/glareone.eu\/?page_id=1182"},"modified":"2025-02-27T09:57:05","modified_gmt":"2025-02-27T09:57:05","slug":"o-nas","status":"publish","type":"page","link":"https:\/\/glareone.eu\/pl\/o-nas\/","title":{"rendered":"O nas"},"content":{"rendered":"<div id='full_slider_1'  class='avia-fullwidth-slider main_color avia-shadow   avia-builder-el-0  el_before_av_one_full  avia-builder-el-first   container_wrap fullsize'  >\n<style type=\"text\/css\" data-created_by=\"avia_inline_auto\" id=\"style-css-av-b06b2c-40978eab623d2b7dcd9b5d2226c23140\">\n#top #wrap_all .avia-slideshow .av-slideshow-caption.av-b06b2c-40978eab623d2b7dcd9b5d2226c23140__0 .avia-caption-title{\nfont-size:35px;\n}\n#top .avia-slideshow .av-slideshow-caption.av-b06b2c-40978eab623d2b7dcd9b5d2226c23140__0 .avia-caption-content{\nfont-size:20px;\n}\n#top .avia-slideshow .av-slideshow-caption.av-b06b2c-40978eab623d2b7dcd9b5d2226c23140__0 .avia-caption-content p{\nfont-size:20px;\n}\n<\/style>\n<div  class='avia-slideshow av-b06b2c-40978eab623d2b7dcd9b5d2226c23140 avia-slideshow-featured av_slideshow_full avia-fade-slider av-slideshow-ui av-control-hidden av-no-slider-navigation av-hide-nav-arrows av-slideshow-manual av-loop-once av-loop-manual-endless av-default-height-applied   avia-slideshow-1' data-slideshow-options=\"{&quot;animation&quot;:&quot;fade&quot;,&quot;autoplay&quot;:false,&quot;loop_autoplay&quot;:&quot;once&quot;,&quot;interval&quot;:5,&quot;loop_manual&quot;:&quot;manual-endless&quot;,&quot;autoplay_stopper&quot;:false,&quot;noNavigation&quot;:true,&quot;bg_slider&quot;:false,&quot;keep_padding&quot;:false,&quot;hoverpause&quot;:false,&quot;show_slide_delay&quot;:0}\"  itemprop=\"image\" itemscope=\"itemscope\" itemtype=\"https:\/\/schema.org\/ImageObject\" ><ul class='avia-slideshow-inner ' style='padding-bottom: 28.666666666667%;'><li  class='avia-slideshow-slide av-b06b2c-40978eab623d2b7dcd9b5d2226c23140__0  av-single-slide slide-1 slide-odd'><div data-rel='slideshow-1' class='avia-slide-wrap '   ><img decoding=\"async\" fetchpriority=\"high\" class=\"wp-image-1183 avia-img-lazy-loading-not-1183\"  src=\"https:\/\/glareone.eu\/wp-content\/uploads\/2024\/04\/header_contact_glareone-1500x430.jpg\" width=\"1500\" height=\"430\" title='header_contact_glareone' alt=''  itemprop=\"thumbnailUrl\"  style='min-height:600px; min-width:2094px; ' srcset=\"https:\/\/glareone.eu\/wp-content\/uploads\/2024\/04\/header_contact_glareone-1500x429.jpg 1500w, https:\/\/glareone.eu\/wp-content\/uploads\/2024\/04\/header_contact_glareone-300x86.jpg 300w, https:\/\/glareone.eu\/wp-content\/uploads\/2024\/04\/header_contact_glareone-1030x295.jpg 1030w, https:\/\/glareone.eu\/wp-content\/uploads\/2024\/04\/header_contact_glareone-768x220.jpg 768w, https:\/\/glareone.eu\/wp-content\/uploads\/2024\/04\/header_contact_glareone-1536x439.jpg 1536w, https:\/\/glareone.eu\/wp-content\/uploads\/2024\/04\/header_contact_glareone-705x202.jpg 705w, https:\/\/glareone.eu\/wp-content\/uploads\/2024\/04\/header_contact_glareone-450x129.jpg 450w, https:\/\/glareone.eu\/wp-content\/uploads\/2024\/04\/header_contact_glareone-600x172.jpg 600w, https:\/\/glareone.eu\/wp-content\/uploads\/2024\/04\/header_contact_glareone.jpg 1920w\" sizes=\"(max-width: 1500px) 100vw, 1500px\" \/><\/div><\/li><\/ul><\/div><\/div><div id='after_full_slider_1'  class='main_color av_default_container_wrap container_wrap fullsize'  ><div class='container av-section-cont-open' ><div class='template-page content  av-content-full alpha units'><div class='post-entry post-entry-type-page post-entry-1182'><div class='entry-content-wrapper clearfix'>\n<div  class='flex_column av-13ozsz-973433db458d07393f12f42dead9515d av_one_full  avia-builder-el-1  el_after_av_slideshow_full  el_before_av_section  avia-builder-el-no-sibling  first flex_column_div  '     ><p>\n<style type=\"text\/css\" data-created_by=\"avia_inline_auto\" id=\"style-css-av-lv5qmd3r-41e874501c2329d154e1650bbe90ec0b\">\n#top .av-special-heading.av-lv5qmd3r-41e874501c2329d154e1650bbe90ec0b{\npadding-bottom:10px;\n}\nbody .av-special-heading.av-lv5qmd3r-41e874501c2329d154e1650bbe90ec0b .av-special-heading-tag .heading-char{\nfont-size:25px;\n}\n.av-special-heading.av-lv5qmd3r-41e874501c2329d154e1650bbe90ec0b .av-subheading{\nfont-size:15px;\n}\n<\/style>\n<div  class='av-special-heading av-lv5qmd3r-41e874501c2329d154e1650bbe90ec0b av-special-heading-h2 blockquote modern-quote modern-centered  avia-builder-el-2  el_before_av_textblock  avia-builder-el-first '><h2 class='av-special-heading-tag'  itemprop=\"headline\"  >O nas<\/h2><div class=\"special-heading-border\"><div class=\"special-heading-inner-border\"><\/div><\/div><\/div><br \/>\n<section  class='av_textblock_section av-lv5rr8zp-965991aeeee90f3703f72ae536ec6c0a '   itemscope=\"itemscope\" itemtype=\"https:\/\/schema.org\/CreativeWork\" ><div class='avia_textblock'  itemprop=\"text\" ><p style=\"text-align: center;\">W fotografii i filmie \u015bwiat\u0142o gra g\u0142\u00f3wne skrzypce, to ono pozwala malowa\u0107 obrazy, kt\u00f3re zachwycaj\u0105 i kszta\u0142tuj\u0105 \u015bwiat na nowo. W studio, aby uzyska\u0107 naprawd\u0119 dobry efekt i skutecznie wp\u0142ywa\u0107 o\u015bwietleniem na kszta\u0142towanie rzeczywisto\u015bci, potrzebujemy akcesori\u00f3w niezawodnych, solidnych, wykonanych z dobrych materia\u0142\u00f3w, ale przede wszystkim odpowiednich jako\u015bciowo. Wa\u017cna jest tutaj dba\u0142o\u015b\u0107 o szczeg\u00f3\u0142y, bo tak naprawd\u0119 szczeg\u00f3\u0142y decyduj\u0105 o efekcie ko\u0144cowym.<\/p>\n<\/div><\/section><\/p><\/div>\n<\/div><\/div><\/div><!-- close content main div --><\/div><\/div><div id='av_section_1'  class='avia-section av-lv5qrudv-b88820be8475e99a5220f727eb7502a0 alternate_color avia-section-default avia-no-border-styling  avia-builder-el-4  el_after_av_one_full  el_before_av_layout_row  avia-bg-style-scroll container_wrap fullsize'  ><div class='container av-section-cont-open' ><div class='template-page content  av-content-full alpha units'><div class='post-entry post-entry-type-page post-entry-1182'><div class='entry-content-wrapper clearfix'>\n<div  class='flex_column av-2lmfs3-b34f83ddab986082fc98ea9216ec6f55 av_one_fourth  avia-builder-el-5  el_before_av_one_fourth  avia-builder-el-first  first flex_column_div  '     ><p>\n<style type=\"text\/css\" data-created_by=\"avia_inline_auto\" id=\"style-css-av-lv5qw7bm-4e91b89909db868ee7730b7562830958\">\n.av_font_icon.av-lv5qw7bm-4e91b89909db868ee7730b7562830958{\ncolor:#191919;\nborder-color:#191919;\n}\n.av_font_icon.av-lv5qw7bm-4e91b89909db868ee7730b7562830958 .av-icon-char{\nfont-size:50px;\nline-height:50px;\nwidth:50px;\n}\n<\/style>\n<span  class='av_font_icon av-lv5qw7bm-4e91b89909db868ee7730b7562830958 avia_animate_when_visible av-icon-style-border avia-icon-pos-center avia-icon-animate'><span class='av-icon-char' aria-hidden='true' data-av_icon='\ue808' data-av_iconfont='entypo-fontello' data-avia-icon-tooltip=\"&lt;br \/&gt;\nNAJLEPSZA CENA&lt;br \/&gt;\nNAJLEPSZA JAKO\u015a\u0106&lt;br \/&gt;\n\"><\/span><span class='av_icon_caption av-special-font'>NAJLEPSZA CENA<br \/>\nNAJLEPSZA JAKO\u015a\u0106<\/span><\/span><br \/>\n<section  class='av_textblock_section av-lv5qx6d7-0cb36c1d7ca8ecb883568a87b6b051a1 '   itemscope=\"itemscope\" itemtype=\"https:\/\/schema.org\/CreativeWork\" ><div class='avia_textblock'  itemprop=\"text\" ><p style=\"text-align: center;\">Marka\u00a0<strong>GlareOne<\/strong> powsta\u0142a na odpowiedzi na zapotrzebowanie rynku w akcesoria studyjne, kt\u00f3re za przyst\u0119pn\u0105 cen\u0119 mog\u0105 zaoferowa\u0107 tak\u017ce w\u0142a\u015bciw\u0105 jako\u015b\u0107.<\/p>\n<\/div><\/section><\/p><\/div><div  class='flex_column av-6xa7we-19312ce3e97f407bcb4d72ffba7e274f av_one_fourth  avia-builder-el-8  el_after_av_one_fourth  el_before_av_one_fourth  flex_column_div  '     ><p>\n<style type=\"text\/css\" data-created_by=\"avia_inline_auto\" id=\"style-css-av-lv5rtbx4-7d3458878ce1291a3d845365051a8603\">\n.av_font_icon.av-lv5rtbx4-7d3458878ce1291a3d845365051a8603{\ncolor:#191919;\nborder-color:#191919;\n}\n.av_font_icon.av-lv5rtbx4-7d3458878ce1291a3d845365051a8603 .av-icon-char{\nfont-size:50px;\nline-height:50px;\nwidth:50px;\n}\n<\/style>\n<span  class='av_font_icon av-lv5rtbx4-7d3458878ce1291a3d845365051a8603 avia_animate_when_visible av-icon-style-border avia-icon-pos-center avia-icon-animate'><span class='av-icon-char' aria-hidden='true' data-av_icon='\ue82b' data-av_iconfont='entypo-fontello' data-avia-icon-tooltip=\"&lt;br \/&gt;\nIDEALNY&lt;br \/&gt;\nWYB\u00d3R&lt;br \/&gt;\n\"><\/span><span class='av_icon_caption av-special-font'>IDEALNY<br \/>\nWYB\u00d3R<\/span><\/span><br \/>\n<section  class='av_textblock_section av-lv5rtgjl-734328ae31babe3942e7fc6141fdb7a2 '   itemscope=\"itemscope\" itemtype=\"https:\/\/schema.org\/CreativeWork\" ><div class='avia_textblock'  itemprop=\"text\" ><p style=\"text-align: center;\">Dzi\u0119ki ogromnemu do\u015bwiadczeniu w bran\u017cy akcesori\u00f3w o\u015bwietleniowych, os\u00f3b odpowiedzialnych za stworzenie marki, uda\u0142o si\u0119 <strong>wybra\u0107 i wyselekcjonowa\u0107<\/strong>\u00a0produkty spe\u0142niaj\u0105ce oba g\u0142\u00f3wne kryteria.<\/p>\n<\/div><\/section><\/p><\/div><div  class='flex_column av-6e84tq-796f387033d492bd8145e7b0f2bc708c av_one_fourth  avia-builder-el-11  el_after_av_one_fourth  el_before_av_one_fourth  flex_column_div  '     ><p>\n<style type=\"text\/css\" data-created_by=\"avia_inline_auto\" id=\"style-css-av-lv5ruewa-6a30b7efdd74704695e0d59654afdf09\">\n.av_font_icon.av-lv5ruewa-6a30b7efdd74704695e0d59654afdf09{\ncolor:#191919;\nborder-color:#191919;\n}\n.av_font_icon.av-lv5ruewa-6a30b7efdd74704695e0d59654afdf09 .av-icon-char{\nfont-size:50px;\nline-height:50px;\nwidth:50px;\n}\n<\/style>\n<span  class='av_font_icon av-lv5ruewa-6a30b7efdd74704695e0d59654afdf09 avia_animate_when_visible av-icon-style-border avia-icon-pos-center avia-icon-animate'><span class='av-icon-char' aria-hidden='true' data-av_icon='\ue8c5' data-av_iconfont='entypo-fontello' data-avia-icon-tooltip=\"&lt;br \/&gt;\nCI\u0104G\u0141Y&lt;br \/&gt;\nROZW\u00d3J&lt;br \/&gt;\n\"><\/span><span class='av_icon_caption av-special-font'>CI\u0104G\u0141Y<br \/>\nROZW\u00d3J<\/span><\/span><br \/>\n<section  class='av_textblock_section av-lv5rwdf3-ab3b82df4b23ba327d90707e488f22d9 '   itemscope=\"itemscope\" itemtype=\"https:\/\/schema.org\/CreativeWork\" ><div class='avia_textblock'  itemprop=\"text\" ><p style=\"text-align: center;\">Chc\u0105c d\u0105\u017cy\u0107 do rozbudowy asortymentu produkt\u00f3w oferowanych pod mark\u0105\u00a0<strong>GlareOne<\/strong>, nieustannie testujemy nowe produkty i wprowadzamy do oferty tylko te, kt\u00f3re\u00a0<strong>spe\u0142niaj\u0105 nasze oczekiwania<\/strong>\u00a0pod k\u0105tem jako\u015bci oraz ceny.<\/p>\n<\/div><\/section><\/p><\/div><div  class='flex_column av-4dl1b2-b531d2ea4c9be5cb486105a18dd8ad52 av_one_fourth  avia-builder-el-14  el_after_av_one_fourth  avia-builder-el-last  flex_column_div  '     ><p>\n<style type=\"text\/css\" data-created_by=\"avia_inline_auto\" id=\"style-css-av-lv5rw4v9-5178c51ca01d3bee6208867a9b7bb8e8\">\n.av_font_icon.av-lv5rw4v9-5178c51ca01d3bee6208867a9b7bb8e8{\ncolor:#191919;\nborder-color:#191919;\n}\n.av_font_icon.av-lv5rw4v9-5178c51ca01d3bee6208867a9b7bb8e8 .av-icon-char{\nfont-size:50px;\nline-height:50px;\nwidth:50px;\n}\n<\/style>\n<span  class='av_font_icon av-lv5rw4v9-5178c51ca01d3bee6208867a9b7bb8e8 avia_animate_when_visible av-icon-style-border avia-icon-pos-center avia-icon-animate'><span class='av-icon-char' aria-hidden='true' data-av_icon='\ue8a8' data-av_iconfont='entypo-fontello' data-avia-icon-tooltip=\"&lt;br \/&gt;\nD\u0141UGA&lt;br \/&gt;\nGWARANCJA&lt;br \/&gt;\n\"><\/span><span class='av_icon_caption av-special-font'>D\u0141UGA<br \/>\nGWARANCJA<\/span><\/span><br \/>\n<section  class='av_textblock_section av-lv5rw9jn-5a6d98ced05cdf3afd3745507b8e5d10 '   itemscope=\"itemscope\" itemtype=\"https:\/\/schema.org\/CreativeWork\" ><div class='avia_textblock'  itemprop=\"text\" ><p style=\"text-align: center;\">Znaj\u0105c jako\u015b\u0107 naszych produkt\u00f3w, mo\u017cemy zaoferowa\u0107 naszym Klientom a\u017c <strong>36 miesi\u0119cy gwarancji<\/strong>. Tak unikalny okres gwarancyjny to efekt doboru w\u0142a\u015bciwych materia\u0142\u00f3w oraz proces kontroli produkcji, kt\u00f3ry doskonalimy z miesi\u0105ca na miesi\u0105c.<\/p>\n<\/div><\/section><\/p><\/div>\n\n<\/div><\/div><\/div><!-- close content main div --><\/div><\/div><div id='av-layout-grid-1'  class='av-layout-grid-container av-2y3wce-9111960c2e281e8c57e14cc46afb9083 entry-content-wrapper main_color av-flex-cells  avia-builder-el-17  el_after_av_section  avia-builder-el-last  grid-row-not-first  container_wrap fullsize'  >\n\n<style type=\"text\/css\" data-created_by=\"avia_inline_auto\" id=\"style-css-av-lv5rxk0g-0c6a431648c4ecfaf3d06e39bc3780fd\">\n.flex_cell.av-lv5rxk0g-0c6a431648c4ecfaf3d06e39bc3780fd{\nvertical-align:top;\nbackground:url(https:\/\/glareone.eu\/wp-content\/uploads\/2024\/04\/moz-4.jpg) 0% 0% no-repeat scroll ;\n}\n.responsive #top #wrap_all .flex_cell.av-lv5rxk0g-0c6a431648c4ecfaf3d06e39bc3780fd{\npadding:200px 200px 200px 200px !important;\n}\n<\/style>\n<div class='flex_cell av-lv5rxk0g-0c6a431648c4ecfaf3d06e39bc3780fd av-gridrow-cell av_one_half no_margin  avia-builder-el-18  el_before_av_cell_one_half  avia-builder-el-first '  ><div class='flex_cell_inner'><\/div><\/div>\n<style type=\"text\/css\" data-created_by=\"avia_inline_auto\" id=\"style-css-av-lv5rxwh0-71187d76a9db311e2a712703566e918a\">\n.flex_cell.av-lv5rxwh0-71187d76a9db311e2a712703566e918a{\nvertical-align:middle;\nbackground-color:#e2e2e2;\n}\n<\/style>\n<div class='flex_cell av-lv5rxwh0-71187d76a9db311e2a712703566e918a av-gridrow-cell av_one_half no_margin  avia-builder-el-19  el_after_av_cell_one_half  avia-builder-el-last '  ><div class='flex_cell_inner'><section  class='av_textblock_section av-lv5ryemb-7f379e8331d43c330384c1356381948f '   itemscope=\"itemscope\" itemtype=\"https:\/\/schema.org\/CreativeWork\" ><div class='avia_textblock'  itemprop=\"text\" ><div class=\"elementor-widget elementor-element elementor-element-497x3ox elementor-widget-heading\" style=\"text-align: center;\" data-element_type=\"heading\">\n<div class=\"elementor-widget-container\">\n<h3 class=\"elementor-heading-title elementor-size-medium none\" style=\"text-align: center;\">WSP\u00d3\u0141PRACA<\/h3>\n<\/div>\n<\/div>\n<div class=\"elementor-widget elementor-element elementor-element-l8aft5k elementor-widget-text-editor\" style=\"text-align: center;\" data-element_type=\"text-editor\">\n<div class=\"elementor-widget-container\">\n<div class=\"elementor-text-editor rte-content\">\n<p style=\"text-align: center;\">Je\u015bli jeste\u015b zainteresowany wsp\u00f3\u0142prac\u0105 handlow\u0105, zapraszamy do kontaktu!<\/p>\n<\/div>\n<div class=\"elementor-text-editor rte-content\"><\/div>\n<\/div>\n<\/div>\n<\/div><\/section><br \/>\n<div  class='avia-button-wrap av-lv5s00ko-05b14500c133900ae65f6deb37d92c6c-wrap avia-button-center  avia-builder-el-21  el_after_av_textblock  avia-builder-el-last '>\n<style type=\"text\/css\" data-created_by=\"avia_inline_auto\" id=\"style-css-av-lv5s00ko-05b14500c133900ae65f6deb37d92c6c\">\n@keyframes av_sonarEffect_av-lv5s00ko-05b14500c133900ae65f6deb37d92c6c {\n  0% {opacity: 0.3;}\n 40% {opacity: 0.5; box-shadow: 0 0 0 2px rgba(255,255,255,0.1), 0 0 10px 10px #ffffff, 0 0 0 10px rgba(255,255,255,0.5);}\n100% {opacity: 0; box-shadow: 0 0 0 2px rgba(255,255,255,0.1), 0 0 10px 10px #ffffff, 0 0 0 10px rgba(255,255,255,0.5); transform: scale(1.5);}\n}\n#top #wrap_all .avia-button.av-lv5s00ko-05b14500c133900ae65f6deb37d92c6c{\nmargin:30px 0 0 0;\n}\n.avia-button.av-lv5s00ko-05b14500c133900ae65f6deb37d92c6c.avia-sonar-shadow:hover:after{\nanimation:av_sonarEffect_av-lv5s00ko-05b14500c133900ae65f6deb37d92c6c 1s ease-in-out;\n}\n<\/style>\n<a href='https:\/\/glareone.eu\/pl\/kontakt\/'  class='avia-button av-lv5s00ko-05b14500c133900ae65f6deb37d92c6c av-link-btn avia-icon_select-no avia-size-large avia-position-center avia-color-theme-color avia-sonar-shadow'  ><span class='avia_iconbox_title' >TAK, JESTEM<\/span><\/a><\/div><\/p>\n<\/div><\/div><\/div>\n","protected":false},"excerpt":{"rendered":"","protected":false},"author":4,"featured_media":0,"parent":0,"menu_order":0,"comment_status":"open","ping_status":"closed","template":"","meta":{"footnotes":""},"class_list":["post-1182","page","type-page","status-publish","hentry"],"yoast_head":"<!-- This site is optimized with the Yoast SEO plugin v27.4 - https:\/\/yoast.com\/product\/yoast-seo-wordpress\/ -->\n<title>O nas - GlareOne<\/title>\n<meta name=\"description\" content=\"GlareOne - producent wysokiego jako\u015bci sprz\u0119tu o\u015bwietleniowego dla fotograf\u00f3w i filmowc\u00f3w. Lampy b\u0142yskowe, LED, statywy, softboxy i wi\u0119cej!\" \/>\n<meta name=\"robots\" content=\"index, follow, max-snippet:-1, max-image-preview:large, max-video-preview:-1\" \/>\n<link rel=\"canonical\" href=\"https:\/\/glareone.eu\/pl\/o-nas\/\" \/>\n<meta property=\"og:locale\" content=\"pl_PL\" \/>\n<meta property=\"og:type\" content=\"article\" \/>\n<meta property=\"og:title\" content=\"O nas - GlareOne\" \/>\n<meta property=\"og:description\" content=\"GlareOne - producent wysokiego jako\u015bci sprz\u0119tu o\u015bwietleniowego dla fotograf\u00f3w i filmowc\u00f3w. Lampy b\u0142yskowe, LED, statywy, softboxy i wi\u0119cej!\" \/>\n<meta property=\"og:url\" content=\"https:\/\/glareone.eu\/pl\/o-nas\/\" \/>\n<meta property=\"og:site_name\" content=\"GlareOne\" \/>\n<meta property=\"article:publisher\" content=\"https:\/\/www.facebook.com\/GlareOneLighting\" \/>\n<meta property=\"article:modified_time\" content=\"2025-02-27T09:57:05+00:00\" \/>\n<meta name=\"twitter:card\" content=\"summary_large_image\" \/>\n<meta name=\"twitter:label1\" content=\"Szacowany czas czytania\" \/>\n\t<meta name=\"twitter:data1\" content=\"2 minuty\" \/>\n<script type=\"application\/ld+json\" class=\"yoast-schema-graph\">{\"@context\":\"https:\\\/\\\/schema.org\",\"@graph\":[{\"@type\":\"WebPage\",\"@id\":\"https:\\\/\\\/glareone.eu\\\/pl\\\/o-nas\\\/\",\"url\":\"https:\\\/\\\/glareone.eu\\\/pl\\\/o-nas\\\/\",\"name\":\"O nas - GlareOne\",\"isPartOf\":{\"@id\":\"https:\\\/\\\/glareone.eu\\\/pl\\\/en\\\/#website\"},\"datePublished\":\"2024-04-18T21:51:02+00:00\",\"dateModified\":\"2025-02-27T09:57:05+00:00\",\"description\":\"GlareOne - producent wysokiego jako\u015bci sprz\u0119tu o\u015bwietleniowego dla fotograf\u00f3w i filmowc\u00f3w. Lampy b\u0142yskowe, LED, statywy, softboxy i wi\u0119cej!\",\"breadcrumb\":{\"@id\":\"https:\\\/\\\/glareone.eu\\\/pl\\\/o-nas\\\/#breadcrumb\"},\"inLanguage\":\"pl-PL\",\"potentialAction\":[{\"@type\":\"ReadAction\",\"target\":[\"https:\\\/\\\/glareone.eu\\\/pl\\\/o-nas\\\/\"]}]},{\"@type\":\"BreadcrumbList\",\"@id\":\"https:\\\/\\\/glareone.eu\\\/pl\\\/o-nas\\\/#breadcrumb\",\"itemListElement\":[{\"@type\":\"ListItem\",\"position\":1,\"name\":\"Strona g\u0142\u00f3wna\",\"item\":\"https:\\\/\\\/glareone.eu\\\/pl\\\/\"},{\"@type\":\"ListItem\",\"position\":2,\"name\":\"O nas\"}]},{\"@type\":\"WebSite\",\"@id\":\"https:\\\/\\\/glareone.eu\\\/pl\\\/en\\\/#website\",\"url\":\"https:\\\/\\\/glareone.eu\\\/pl\\\/en\\\/\",\"name\":\"GlareOne\",\"description\":\"Wyposa\u017cenie Studia\",\"publisher\":{\"@id\":\"https:\\\/\\\/glareone.eu\\\/pl\\\/en\\\/#organization\"},\"potentialAction\":[{\"@type\":\"SearchAction\",\"target\":{\"@type\":\"EntryPoint\",\"urlTemplate\":\"https:\\\/\\\/glareone.eu\\\/pl\\\/en\\\/?s={search_term_string}\"},\"query-input\":{\"@type\":\"PropertyValueSpecification\",\"valueRequired\":true,\"valueName\":\"search_term_string\"}}],\"inLanguage\":\"pl-PL\"},{\"@type\":\"Organization\",\"@id\":\"https:\\\/\\\/glareone.eu\\\/pl\\\/en\\\/#organization\",\"name\":\"GlareOne\",\"url\":\"https:\\\/\\\/glareone.eu\\\/pl\\\/en\\\/\",\"logo\":{\"@type\":\"ImageObject\",\"inLanguage\":\"pl-PL\",\"@id\":\"https:\\\/\\\/glareone.eu\\\/pl\\\/en\\\/#\\\/schema\\\/logo\\\/image\\\/\",\"url\":\"http:\\\/\\\/glareone.eu\\\/wp-content\\\/uploads\\\/2024\\\/05\\\/glareone_logo2020_RGB-01-e1715773127189.png\",\"contentUrl\":\"http:\\\/\\\/glareone.eu\\\/wp-content\\\/uploads\\\/2024\\\/05\\\/glareone_logo2020_RGB-01-e1715773127189.png\",\"width\":1270,\"height\":321,\"caption\":\"GlareOne\"},\"image\":{\"@id\":\"https:\\\/\\\/glareone.eu\\\/pl\\\/en\\\/#\\\/schema\\\/logo\\\/image\\\/\"},\"sameAs\":[\"https:\\\/\\\/www.facebook.com\\\/GlareOneLighting\",\"https:\\\/\\\/www.instagram.com\\\/glareonelighting\\\/\",\"https:\\\/\\\/www.youtube.com\\\/@GlareOneTV\"]}]}<\/script>\n<!-- \/ Yoast SEO plugin. -->","yoast_head_json":{"title":"O nas - GlareOne","description":"GlareOne - producent wysokiego jako\u015bci sprz\u0119tu o\u015bwietleniowego dla fotograf\u00f3w i filmowc\u00f3w. Lampy b\u0142yskowe, LED, statywy, softboxy i wi\u0119cej!","robots":{"index":"index","follow":"follow","max-snippet":"max-snippet:-1","max-image-preview":"max-image-preview:large","max-video-preview":"max-video-preview:-1"},"canonical":"https:\/\/glareone.eu\/pl\/o-nas\/","og_locale":"pl_PL","og_type":"article","og_title":"O nas - GlareOne","og_description":"GlareOne - producent wysokiego jako\u015bci sprz\u0119tu o\u015bwietleniowego dla fotograf\u00f3w i filmowc\u00f3w. Lampy b\u0142yskowe, LED, statywy, softboxy i wi\u0119cej!","og_url":"https:\/\/glareone.eu\/pl\/o-nas\/","og_site_name":"GlareOne","article_publisher":"https:\/\/www.facebook.com\/GlareOneLighting","article_modified_time":"2025-02-27T09:57:05+00:00","twitter_card":"summary_large_image","twitter_misc":{"Szacowany czas czytania":"2 minuty"},"schema":{"@context":"https:\/\/schema.org","@graph":[{"@type":"WebPage","@id":"https:\/\/glareone.eu\/pl\/o-nas\/","url":"https:\/\/glareone.eu\/pl\/o-nas\/","name":"O nas - GlareOne","isPartOf":{"@id":"https:\/\/glareone.eu\/pl\/en\/#website"},"datePublished":"2024-04-18T21:51:02+00:00","dateModified":"2025-02-27T09:57:05+00:00","description":"GlareOne - producent wysokiego jako\u015bci sprz\u0119tu o\u015bwietleniowego dla fotograf\u00f3w i filmowc\u00f3w. Lampy b\u0142yskowe, LED, statywy, softboxy i wi\u0119cej!","breadcrumb":{"@id":"https:\/\/glareone.eu\/pl\/o-nas\/#breadcrumb"},"inLanguage":"pl-PL","potentialAction":[{"@type":"ReadAction","target":["https:\/\/glareone.eu\/pl\/o-nas\/"]}]},{"@type":"BreadcrumbList","@id":"https:\/\/glareone.eu\/pl\/o-nas\/#breadcrumb","itemListElement":[{"@type":"ListItem","position":1,"name":"Strona g\u0142\u00f3wna","item":"https:\/\/glareone.eu\/pl\/"},{"@type":"ListItem","position":2,"name":"O nas"}]},{"@type":"WebSite","@id":"https:\/\/glareone.eu\/pl\/en\/#website","url":"https:\/\/glareone.eu\/pl\/en\/","name":"GlareOne","description":"Wyposa\u017cenie Studia","publisher":{"@id":"https:\/\/glareone.eu\/pl\/en\/#organization"},"potentialAction":[{"@type":"SearchAction","target":{"@type":"EntryPoint","urlTemplate":"https:\/\/glareone.eu\/pl\/en\/?s={search_term_string}"},"query-input":{"@type":"PropertyValueSpecification","valueRequired":true,"valueName":"search_term_string"}}],"inLanguage":"pl-PL"},{"@type":"Organization","@id":"https:\/\/glareone.eu\/pl\/en\/#organization","name":"GlareOne","url":"https:\/\/glareone.eu\/pl\/en\/","logo":{"@type":"ImageObject","inLanguage":"pl-PL","@id":"https:\/\/glareone.eu\/pl\/en\/#\/schema\/logo\/image\/","url":"http:\/\/glareone.eu\/wp-content\/uploads\/2024\/05\/glareone_logo2020_RGB-01-e1715773127189.png","contentUrl":"http:\/\/glareone.eu\/wp-content\/uploads\/2024\/05\/glareone_logo2020_RGB-01-e1715773127189.png","width":1270,"height":321,"caption":"GlareOne"},"image":{"@id":"https:\/\/glareone.eu\/pl\/en\/#\/schema\/logo\/image\/"},"sameAs":["https:\/\/www.facebook.com\/GlareOneLighting","https:\/\/www.instagram.com\/glareonelighting\/","https:\/\/www.youtube.com\/@GlareOneTV"]}]}},"_links":{"self":[{"href":"https:\/\/glareone.eu\/pl\/wp-json\/wp\/v2\/pages\/1182","targetHints":{"allow":["GET"]}}],"collection":[{"href":"https:\/\/glareone.eu\/pl\/wp-json\/wp\/v2\/pages"}],"about":[{"href":"https:\/\/glareone.eu\/pl\/wp-json\/wp\/v2\/types\/page"}],"author":[{"embeddable":true,"href":"https:\/\/glareone.eu\/pl\/wp-json\/wp\/v2\/users\/4"}],"replies":[{"embeddable":true,"href":"https:\/\/glareone.eu\/pl\/wp-json\/wp\/v2\/comments?post=1182"}],"version-history":[{"count":13,"href":"https:\/\/glareone.eu\/pl\/wp-json\/wp\/v2\/pages\/1182\/revisions"}],"predecessor-version":[{"id":20993,"href":"https:\/\/glareone.eu\/pl\/wp-json\/wp\/v2\/pages\/1182\/revisions\/20993"}],"wp:attachment":[{"href":"https:\/\/glareone.eu\/pl\/wp-json\/wp\/v2\/media?parent=1182"}],"curies":[{"name":"wp","href":"https:\/\/api.w.org\/{rel}","templated":true}]}}