{"id":1171,"date":"2024-04-18T21:20:50","date_gmt":"2024-04-18T21:20:50","guid":{"rendered":"http:\/\/glareone.eu\/?page_id=1171"},"modified":"2024-09-03T07:12:30","modified_gmt":"2024-09-03T07:12:30","slug":"kontakt","status":"publish","type":"page","link":"https:\/\/glareone.eu\/pl\/kontakt\/","title":{"rendered":"Kontakt"},"content":{"rendered":"<div id='full_slider_1'  class='avia-fullwidth-slider main_color avia-shadow   avia-builder-el-0  el_before_av_one_full  avia-builder-el-first   container_wrap fullsize'  >\n<style type=\"text\/css\" data-created_by=\"avia_inline_auto\" id=\"style-css-av-b06b2c-241db71097cb49a5a8febed8fdbf481c\">\n#top #wrap_all .avia-slideshow .av-slideshow-caption.av-b06b2c-241db71097cb49a5a8febed8fdbf481c__0 .avia-caption-title{\nfont-size:35px;\n}\n#top .avia-slideshow .av-slideshow-caption.av-b06b2c-241db71097cb49a5a8febed8fdbf481c__0 .avia-caption-content{\nfont-size:20px;\n}\n#top .avia-slideshow .av-slideshow-caption.av-b06b2c-241db71097cb49a5a8febed8fdbf481c__0 .avia-caption-content p{\nfont-size:20px;\n}\n<\/style>\n<div  class='avia-slideshow av-b06b2c-241db71097cb49a5a8febed8fdbf481c avia-slideshow-no scaling av_slideshow_full avia-fade-slider av-slideshow-ui av-control-hidden av-no-slider-navigation av-hide-nav-arrows av-slideshow-manual av-loop-once av-loop-manual-endless av-default-height-applied   avia-slideshow-1' data-slideshow-options=\"{&quot;animation&quot;:&quot;fade&quot;,&quot;autoplay&quot;:false,&quot;loop_autoplay&quot;:&quot;once&quot;,&quot;interval&quot;:5,&quot;loop_manual&quot;:&quot;manual-endless&quot;,&quot;autoplay_stopper&quot;:false,&quot;noNavigation&quot;:true,&quot;bg_slider&quot;:false,&quot;keep_padding&quot;:false,&quot;hoverpause&quot;:false,&quot;show_slide_delay&quot;:0}\"  itemprop=\"image\" itemscope=\"itemscope\" itemtype=\"https:\/\/schema.org\/ImageObject\" ><ul class='avia-slideshow-inner ' style='padding-bottom: 33.333333333333%;'><li  class='avia-slideshow-slide av-b06b2c-241db71097cb49a5a8febed8fdbf481c__0  av-single-slide slide-1 slide-odd'><div data-rel='slideshow-1' class='avia-slide-wrap '   ><img decoding=\"async\" fetchpriority=\"high\" class=\"wp-image-10596 avia-img-lazy-loading-not-10596\"  src=\"https:\/\/glareone.eu\/wp-content\/uploads\/2024\/05\/kontakt.png\" width=\"1920\" height=\"640\" title='kontakt' alt=''  itemprop=\"thumbnailUrl\"  style='min-height:600px; min-width:1800px; ' srcset=\"https:\/\/glareone.eu\/wp-content\/uploads\/2024\/05\/kontakt.png 1920w, https:\/\/glareone.eu\/wp-content\/uploads\/2024\/05\/kontakt-300x100.png 300w, https:\/\/glareone.eu\/wp-content\/uploads\/2024\/05\/kontakt-1030x343.png 1030w, https:\/\/glareone.eu\/wp-content\/uploads\/2024\/05\/kontakt-768x256.png 768w, https:\/\/glareone.eu\/wp-content\/uploads\/2024\/05\/kontakt-1536x512.png 1536w, https:\/\/glareone.eu\/wp-content\/uploads\/2024\/05\/kontakt-1500x500.png 1500w, https:\/\/glareone.eu\/wp-content\/uploads\/2024\/05\/kontakt-705x235.png 705w, https:\/\/glareone.eu\/wp-content\/uploads\/2024\/05\/kontakt-450x150.png 450w, https:\/\/glareone.eu\/wp-content\/uploads\/2024\/05\/kontakt-600x200.png 600w\" sizes=\"(max-width: 1920px) 100vw, 1920px\" \/><\/div><\/li><\/ul><\/div><\/div><div id='after_full_slider_1'  class='main_color av_default_container_wrap container_wrap fullsize'  ><div class='container av-section-cont-open' ><div class='template-page content  av-content-full alpha units'><div class='post-entry post-entry-type-page post-entry-1171'><div class='entry-content-wrapper clearfix'>\n<div  class='flex_column av-13ozsz-973433db458d07393f12f42dead9515d av_one_full  avia-builder-el-1  el_after_av_slideshow_full  el_before_av_one_full  avia-builder-el-first  first flex_column_div  '     ><style type=\"text\/css\" data-created_by=\"avia_inline_auto\" id=\"style-css-av-lv5qmd3r-c2414e015d2a16ac4886898a09fde3ee\">\n#top .av-special-heading.av-lv5qmd3r-c2414e015d2a16ac4886898a09fde3ee{\npadding-bottom:10px;\n}\nbody .av-special-heading.av-lv5qmd3r-c2414e015d2a16ac4886898a09fde3ee .av-special-heading-tag .heading-char{\nfont-size:25px;\n}\n.av-special-heading.av-lv5qmd3r-c2414e015d2a16ac4886898a09fde3ee .av-subheading{\nfont-size:15px;\n}\n<\/style>\n<div  class='av-special-heading av-lv5qmd3r-c2414e015d2a16ac4886898a09fde3ee av-special-heading-h2 blockquote modern-quote modern-centered  avia-builder-el-2  avia-builder-el-no-sibling '><h2 class='av-special-heading-tag'  itemprop=\"headline\"  >Kontakt<\/h2><div class=\"special-heading-border\"><div class=\"special-heading-inner-border\"><\/div><\/div><\/div><\/div>\n<div  class='flex_column av-8yqw83-a9cccc220e6a3f61b13814882efdbbc5 av_one_full  avia-builder-el-3  el_after_av_one_full  el_before_av_section  avia-builder-el-last  first flex_column_div  column-top-margin'     ><form action=\"https:\/\/glareone.eu\/pl\/kontakt\/\" method=\"post\" data-fields-with-error=\"Found errors in the following field(s):\" class=\"avia_ajax_form av-form-labels-visible   avia-builder-el-4  avia-builder-el-no-sibling   \" data-avia-form-id=\"1\" data-avia-redirect='' ><h3 class=''>Wy\u015blij nam wiadomo\u015b\u0107!<\/h3><fieldset><p class='  first_form  form_element form_element_half' id='element_avia_1_1'><label for=\"avia_1_1\">Imi\u0119 <abbr class=\"required\" title=\"required\">*<\/abbr><\/label> <input name=\"avia_1_1\" class=\"text_input is_empty\" type=\"text\" id=\"avia_1_1\" value=\"\" \/><\/p><p class='  form_element form_element_half' id='element_avia_2_1'><label for=\"avia_2_1\">Nazwisko <abbr class=\"required\" title=\"required\">*<\/abbr><\/label> <input name=\"avia_2_1\" class=\"text_input is_empty\" type=\"text\" id=\"avia_2_1\" value=\"\" \/><\/p><p class='  first_form  form_element form_element_half' id='element_avia_3_1'><label for=\"avia_3_1\">E-Mail <abbr class=\"required\" title=\"required\">*<\/abbr><\/label> <input name=\"avia_3_1\" class=\"text_input is_email\" type=\"text\" id=\"avia_3_1\" value=\"\" \/><\/p><p class='  form_element form_element_half' id='element_avia_4_1'><label for=\"avia_4_1\">Temat <abbr class=\"required\" title=\"required\">*<\/abbr><\/label> <input name=\"avia_4_1\" class=\"text_input is_empty\" type=\"text\" id=\"avia_4_1\" value=\"\" \/><\/p><p class='  first_form  form_element form_fullwidth' id='element_avia_5_1'><label for=\"avia_5_1\" class=\"textare_label hidden textare_label_avia_5_1\">Wiadomo\u015b\u0107 <abbr class=\"required\" title=\"required\">*<\/abbr><\/label><textarea  name=\"avia_5_1\" class=\"text_area is_empty\" cols=\"40\" rows=\"7\" id=\"avia_5_1\" ><\/textarea><\/p><p class=\"hidden\"><input type=\"text\" name=\"avia_6_1\" class=\"hidden \" id=\"avia_6_1\" value=\"\" \/><\/p><div id='avia_7_1' class='av-recaptcha-area  first_form  form_element form_fullwidth '  data-container_class=\"\" data-custom_class=\"\" data-context=\"av_contact_form\" data-token_input=\"av_recaptcha_token\" data-version=\"avia_recaptcha_v2\" data-theme=\"light\" data-size=\"normal\" data-score=\"0.5\" data-text_to_preview=\"\" data-value=\"\"><div class=\"av-google-badge-message hidden\">This site is protected by reCAPTCHA and the Google <a href=\"https:\/\/policies.google.com\/privacy\">Privacy Policy<\/a> and <a href=\"https:\/\/policies.google.com\/terms\">Terms of Service<\/a> apply.<\/div><\/div><p class=\"form_element \"><input type=\"hidden\" value=\"1\" name=\"avia_generated_form1\" \/><input type=\"submit\" value=\"Wy\u015blij\" class=\"button\"  data-sending-label=\"Trwa wysy\u0142anie...\"\/><\/p><\/fieldset><div class=\"avia-disabled-form\">This contact form is deactivated because you refused to accept Google reCaptcha service which is necessary to validate any messages sent by the form.<\/div><\/form><div id=\"ajaxresponse_1\" class=\"ajaxresponse ajaxresponse_1 hidden\"><\/div><\/div><\/div><\/div><\/div><!-- close content main div --><\/div><\/div><div id='av_section_1'  class='avia-section av-lv5qrudv-b88820be8475e99a5220f727eb7502a0 alternate_color avia-section-default avia-no-border-styling  avia-builder-el-5  el_after_av_one_full  avia-builder-el-last  avia-bg-style-scroll container_wrap fullsize'  ><div class='container av-section-cont-open' ><div class='template-page content  av-content-full alpha units'><div class='post-entry post-entry-type-page post-entry-1171'><div class='entry-content-wrapper clearfix'>\n<div  class='flex_column av-ndxjn-87f08a756c448fae8d0ae5a506e1da8c av_one_third  avia-builder-el-6  el_before_av_one_third  avia-builder-el-first  first flex_column_div  '     ><p>\n<style type=\"text\/css\" data-created_by=\"avia_inline_auto\" id=\"style-css-av-lv5qt4mg-057dd4b4a88364c211c3c6b34d3e7e9c\">\n.av_font_icon.av-lv5qt4mg-057dd4b4a88364c211c3c6b34d3e7e9c{\ncolor:#191919;\nborder-color:#191919;\n}\n.av_font_icon.av-lv5qt4mg-057dd4b4a88364c211c3c6b34d3e7e9c .av-icon-char{\nfont-size:50px;\nline-height:50px;\nwidth:50px;\n}\n<\/style>\n<span  class='av_font_icon av-lv5qt4mg-057dd4b4a88364c211c3c6b34d3e7e9c avia_animate_when_visible av-icon-style-border avia-icon-pos-center avia-icon-animate'><a href='mailto:info@glareone.pl'   class='av-icon-char' aria-hidden='true' data-av_icon='\ue805' data-av_iconfont='entypo-fontello' ><\/a><span class='av_icon_caption av-special-font'>E-mail<\/span><\/span><br \/>\n<section  class='av_textblock_section av-lv5qtzrl-c274d82a96ae6e185fb976101dc50823 '   itemscope=\"itemscope\" itemtype=\"https:\/\/schema.org\/CreativeWork\" ><div class='avia_textblock'  itemprop=\"text\" ><p style=\"text-align: center;\"><a href=\"mailto:info@glareone.pl\">info@glareone.eu<\/a><\/p>\n<\/div><\/section><\/p><\/div><div  class='flex_column av-gmvjn-0ed5962ee4d29156d9e6cc6605a2c3f6 av_one_third  avia-builder-el-9  el_after_av_one_third  el_before_av_one_third  flex_column_div  '     ><p>\n<style type=\"text\/css\" data-created_by=\"avia_inline_auto\" id=\"style-css-av-lv5quxiq-63255b22f46eeb183a7cc106ba951e11\">\n.av_font_icon.av-lv5quxiq-63255b22f46eeb183a7cc106ba951e11{\ncolor:#191919;\nborder-color:#191919;\n}\n.av_font_icon.av-lv5quxiq-63255b22f46eeb183a7cc106ba951e11 .av-icon-char{\nfont-size:50px;\nline-height:50px;\nwidth:50px;\n}\n<\/style>\n<span  class='av_font_icon av-lv5quxiq-63255b22f46eeb183a7cc106ba951e11 avia_animate_when_visible av-icon-style-border avia-icon-pos-center avia-icon-animate'><a href='tel:+48601859107'   class='av-icon-char' aria-hidden='true' data-av_icon='\ue854' data-av_iconfont='entypo-fontello' ><\/a><span class='av_icon_caption av-special-font'>Telefon<\/span><\/span><br \/>\n<section  class='av_textblock_section av-lv5qvhkv-ae66bc2ad71d1859d09fa62e2162b518 '   itemscope=\"itemscope\" itemtype=\"https:\/\/schema.org\/CreativeWork\" ><div class='avia_textblock'  itemprop=\"text\" ><p style=\"text-align: center;\"><a href=\"tel:+48 601 859 107\">+48 601 859 107<\/a><\/p>\n<\/div><\/section><\/p><\/div><div  class='flex_column av-2lmfs3-66f99d6563ce33d6945e2f24ce099788 av_one_third  avia-builder-el-12  el_after_av_one_third  avia-builder-el-last  flex_column_div  '     ><p>\n<style type=\"text\/css\" data-created_by=\"avia_inline_auto\" id=\"style-css-av-lv5qw7bm-6a79170a8341ef4bc09aed2dcf9cf3a3\">\n.av_font_icon.av-lv5qw7bm-6a79170a8341ef4bc09aed2dcf9cf3a3{\ncolor:#191919;\nborder-color:#191919;\n}\n.av_font_icon.av-lv5qw7bm-6a79170a8341ef4bc09aed2dcf9cf3a3 .av-icon-char{\nfont-size:50px;\nline-height:50px;\nwidth:50px;\n}\n<\/style>\n<span  class='av_font_icon av-lv5qw7bm-6a79170a8341ef4bc09aed2dcf9cf3a3 avia_animate_when_visible av-icon-style-border avia-icon-pos-center avia-icon-animate'><span class='av-icon-char' aria-hidden='true' data-av_icon='\ue842' data-av_iconfont='entypo-fontello' ><\/span><span class='av_icon_caption av-special-font'>Dane firmy<\/span><\/span><br \/>\n<section  class='av_textblock_section av-lv5qx6d7-0cb36c1d7ca8ecb883568a87b6b051a1 '   itemscope=\"itemscope\" itemtype=\"https:\/\/schema.org\/CreativeWork\" ><div class='avia_textblock'  itemprop=\"text\" ><p style=\"text-align: center;\">Sansa Europe Sp. z o.o.<br \/>\nWersalska 47\/75<br \/>\n91-212, \u0141\u00f3d\u017a, Poland<\/p>\n<\/div><\/section><\/p><\/div>\n<\/p>\n","protected":false},"excerpt":{"rendered":"","protected":false},"author":4,"featured_media":0,"parent":0,"menu_order":0,"comment_status":"open","ping_status":"closed","template":"","meta":{"footnotes":""},"class_list":["post-1171","page","type-page","status-publish","hentry"],"yoast_head":"<!-- This site is optimized with the Yoast SEO plugin v27.2 - https:\/\/yoast.com\/product\/yoast-seo-wordpress\/ -->\n<title>Kontakt - GlareOne<\/title>\n<meta name=\"description\" content=\"Masz pytanie? Skontaktuj si\u0119 z nami. Wype\u0142nij formularz lub wy\u015blij email na adres: info@glareone.eu.\" \/>\n<meta name=\"robots\" content=\"index, follow, max-snippet:-1, max-image-preview:large, max-video-preview:-1\" \/>\n<link rel=\"canonical\" href=\"https:\/\/glareone.eu\/pl\/kontakt\/\" \/>\n<meta property=\"og:locale\" content=\"pl_PL\" \/>\n<meta property=\"og:type\" content=\"article\" \/>\n<meta property=\"og:title\" content=\"Kontakt - GlareOne\" \/>\n<meta property=\"og:description\" content=\"Masz pytanie? Skontaktuj si\u0119 z nami. Wype\u0142nij formularz lub wy\u015blij email na adres: info@glareone.eu.\" \/>\n<meta property=\"og:url\" content=\"https:\/\/glareone.eu\/pl\/kontakt\/\" \/>\n<meta property=\"og:site_name\" content=\"GlareOne\" \/>\n<meta property=\"article:publisher\" content=\"https:\/\/www.facebook.com\/GlareOneLighting\" \/>\n<meta property=\"article:modified_time\" content=\"2024-09-03T07:12:30+00:00\" \/>\n<meta name=\"twitter:card\" content=\"summary_large_image\" \/>\n<meta name=\"twitter:label1\" content=\"Szacowany czas czytania\" \/>\n\t<meta name=\"twitter:data1\" content=\"1 minuta\" \/>\n<script type=\"application\/ld+json\" class=\"yoast-schema-graph\">{\"@context\":\"https:\/\/schema.org\",\"@graph\":[{\"@type\":\"WebPage\",\"@id\":\"https:\/\/glareone.eu\/pl\/kontakt\/\",\"url\":\"https:\/\/glareone.eu\/pl\/kontakt\/\",\"name\":\"Kontakt - GlareOne\",\"isPartOf\":{\"@id\":\"https:\/\/glareone.eu\/pl\/en\/#website\"},\"datePublished\":\"2024-04-18T21:20:50+00:00\",\"dateModified\":\"2024-09-03T07:12:30+00:00\",\"description\":\"Masz pytanie? Skontaktuj si\u0119 z nami. Wype\u0142nij formularz lub wy\u015blij email na adres: info@glareone.eu.\",\"breadcrumb\":{\"@id\":\"https:\/\/glareone.eu\/pl\/kontakt\/#breadcrumb\"},\"inLanguage\":\"pl-PL\",\"potentialAction\":[{\"@type\":\"ReadAction\",\"target\":[\"https:\/\/glareone.eu\/pl\/kontakt\/\"]}]},{\"@type\":\"BreadcrumbList\",\"@id\":\"https:\/\/glareone.eu\/pl\/kontakt\/#breadcrumb\",\"itemListElement\":[{\"@type\":\"ListItem\",\"position\":1,\"name\":\"Strona g\u0142\u00f3wna\",\"item\":\"https:\/\/glareone.eu\/pl\/\"},{\"@type\":\"ListItem\",\"position\":2,\"name\":\"Kontakt\"}]},{\"@type\":\"WebSite\",\"@id\":\"https:\/\/glareone.eu\/pl\/en\/#website\",\"url\":\"https:\/\/glareone.eu\/pl\/en\/\",\"name\":\"GlareOne\",\"description\":\"Wyposa\u017cenie Studia\",\"publisher\":{\"@id\":\"https:\/\/glareone.eu\/pl\/en\/#organization\"},\"potentialAction\":[{\"@type\":\"SearchAction\",\"target\":{\"@type\":\"EntryPoint\",\"urlTemplate\":\"https:\/\/glareone.eu\/pl\/en\/?s={search_term_string}\"},\"query-input\":{\"@type\":\"PropertyValueSpecification\",\"valueRequired\":true,\"valueName\":\"search_term_string\"}}],\"inLanguage\":\"pl-PL\"},{\"@type\":\"Organization\",\"@id\":\"https:\/\/glareone.eu\/pl\/en\/#organization\",\"name\":\"GlareOne\",\"url\":\"https:\/\/glareone.eu\/pl\/en\/\",\"logo\":{\"@type\":\"ImageObject\",\"inLanguage\":\"pl-PL\",\"@id\":\"https:\/\/glareone.eu\/pl\/en\/#\/schema\/logo\/image\/\",\"url\":\"http:\/\/glareone.eu\/wp-content\/uploads\/2024\/05\/glareone_logo2020_RGB-01-e1715773127189.png\",\"contentUrl\":\"http:\/\/glareone.eu\/wp-content\/uploads\/2024\/05\/glareone_logo2020_RGB-01-e1715773127189.png\",\"width\":1270,\"height\":321,\"caption\":\"GlareOne\"},\"image\":{\"@id\":\"https:\/\/glareone.eu\/pl\/en\/#\/schema\/logo\/image\/\"},\"sameAs\":[\"https:\/\/www.facebook.com\/GlareOneLighting\",\"https:\/\/www.instagram.com\/glareonelighting\/\",\"https:\/\/www.youtube.com\/@GlareOneTV\"]}]}<\/script>\n<!-- \/ Yoast SEO plugin. -->","yoast_head_json":{"title":"Kontakt - GlareOne","description":"Masz pytanie? Skontaktuj si\u0119 z nami. Wype\u0142nij formularz lub wy\u015blij email na adres: info@glareone.eu.","robots":{"index":"index","follow":"follow","max-snippet":"max-snippet:-1","max-image-preview":"max-image-preview:large","max-video-preview":"max-video-preview:-1"},"canonical":"https:\/\/glareone.eu\/pl\/kontakt\/","og_locale":"pl_PL","og_type":"article","og_title":"Kontakt - GlareOne","og_description":"Masz pytanie? Skontaktuj si\u0119 z nami. Wype\u0142nij formularz lub wy\u015blij email na adres: info@glareone.eu.","og_url":"https:\/\/glareone.eu\/pl\/kontakt\/","og_site_name":"GlareOne","article_publisher":"https:\/\/www.facebook.com\/GlareOneLighting","article_modified_time":"2024-09-03T07:12:30+00:00","twitter_card":"summary_large_image","twitter_misc":{"Szacowany czas czytania":"1 minuta"},"schema":{"@context":"https:\/\/schema.org","@graph":[{"@type":"WebPage","@id":"https:\/\/glareone.eu\/pl\/kontakt\/","url":"https:\/\/glareone.eu\/pl\/kontakt\/","name":"Kontakt - GlareOne","isPartOf":{"@id":"https:\/\/glareone.eu\/pl\/en\/#website"},"datePublished":"2024-04-18T21:20:50+00:00","dateModified":"2024-09-03T07:12:30+00:00","description":"Masz pytanie? Skontaktuj si\u0119 z nami. Wype\u0142nij formularz lub wy\u015blij email na adres: info@glareone.eu.","breadcrumb":{"@id":"https:\/\/glareone.eu\/pl\/kontakt\/#breadcrumb"},"inLanguage":"pl-PL","potentialAction":[{"@type":"ReadAction","target":["https:\/\/glareone.eu\/pl\/kontakt\/"]}]},{"@type":"BreadcrumbList","@id":"https:\/\/glareone.eu\/pl\/kontakt\/#breadcrumb","itemListElement":[{"@type":"ListItem","position":1,"name":"Strona g\u0142\u00f3wna","item":"https:\/\/glareone.eu\/pl\/"},{"@type":"ListItem","position":2,"name":"Kontakt"}]},{"@type":"WebSite","@id":"https:\/\/glareone.eu\/pl\/en\/#website","url":"https:\/\/glareone.eu\/pl\/en\/","name":"GlareOne","description":"Wyposa\u017cenie Studia","publisher":{"@id":"https:\/\/glareone.eu\/pl\/en\/#organization"},"potentialAction":[{"@type":"SearchAction","target":{"@type":"EntryPoint","urlTemplate":"https:\/\/glareone.eu\/pl\/en\/?s={search_term_string}"},"query-input":{"@type":"PropertyValueSpecification","valueRequired":true,"valueName":"search_term_string"}}],"inLanguage":"pl-PL"},{"@type":"Organization","@id":"https:\/\/glareone.eu\/pl\/en\/#organization","name":"GlareOne","url":"https:\/\/glareone.eu\/pl\/en\/","logo":{"@type":"ImageObject","inLanguage":"pl-PL","@id":"https:\/\/glareone.eu\/pl\/en\/#\/schema\/logo\/image\/","url":"http:\/\/glareone.eu\/wp-content\/uploads\/2024\/05\/glareone_logo2020_RGB-01-e1715773127189.png","contentUrl":"http:\/\/glareone.eu\/wp-content\/uploads\/2024\/05\/glareone_logo2020_RGB-01-e1715773127189.png","width":1270,"height":321,"caption":"GlareOne"},"image":{"@id":"https:\/\/glareone.eu\/pl\/en\/#\/schema\/logo\/image\/"},"sameAs":["https:\/\/www.facebook.com\/GlareOneLighting","https:\/\/www.instagram.com\/glareonelighting\/","https:\/\/www.youtube.com\/@GlareOneTV"]}]}},"_links":{"self":[{"href":"https:\/\/glareone.eu\/pl\/wp-json\/wp\/v2\/pages\/1171","targetHints":{"allow":["GET"]}}],"collection":[{"href":"https:\/\/glareone.eu\/pl\/wp-json\/wp\/v2\/pages"}],"about":[{"href":"https:\/\/glareone.eu\/pl\/wp-json\/wp\/v2\/types\/page"}],"author":[{"embeddable":true,"href":"https:\/\/glareone.eu\/pl\/wp-json\/wp\/v2\/users\/4"}],"replies":[{"embeddable":true,"href":"https:\/\/glareone.eu\/pl\/wp-json\/wp\/v2\/comments?post=1171"}],"version-history":[{"count":12,"href":"https:\/\/glareone.eu\/pl\/wp-json\/wp\/v2\/pages\/1171\/revisions"}],"predecessor-version":[{"id":20987,"href":"https:\/\/glareone.eu\/pl\/wp-json\/wp\/v2\/pages\/1171\/revisions\/20987"}],"wp:attachment":[{"href":"https:\/\/glareone.eu\/pl\/wp-json\/wp\/v2\/media?parent=1171"}],"curies":[{"name":"wp","href":"https:\/\/api.w.org\/{rel}","templated":true}]}}